{"id":5292,"date":"2024-05-03T06:43:20","date_gmt":"2024-05-03T06:43:20","guid":{"rendered":"https:\/\/elfsight.com\/it\/?page_id=5292"},"modified":"2024-11-11T11:23:19","modified_gmt":"2024-11-11T11:23:19","slug":"prestashop","status":"publish","type":"page","link":"https:\/\/elfsight.com\/it\/podcast-player-widget\/prestashop\/","title":{"rendered":"Podcast Player &#8211; PrestaShop"},"content":{"rendered":"<div class=\"application-platform-content-item-description application-platform-content-item\" id=\"description\" data-nav-section=\"description\"> <h2>Descrizione<\/h2> <p>Elfsight Podcast Player \u00e8 un semplice widget che ti d\u00e0 l&#8217;opportunit\u00e0 di eseguire lo streaming di tracce audio direttamente sul tuo sito. Il plugin \u00e8 estremamente personalizzabile: sei libero di cambiarne la posizione, sistemandolo in qualsiasi punto della pagina, modificarne le dimensioni, ricolorare lo sfondo e altri elementi per fonderlo con il layout del tuo sito, applicare un tema scuro, visualizzare copertine e mostrare o nascondi altri tre componenti del giocatore, ad esempio la barra di avanzamento e molti altri. Includi tutte le tracce di cui hai bisogno per intrattenere i tuoi visitatori, attiva la riproduzione automatica e non esitare: i tuoi utenti non lasceranno immediatamente il tuo sito web! <\/p><p><b>Con Podcast Player, sviluppa attivamente il tuo business e aumenta le vendite <\/b><\/p> <\/div> <div class=\"application-platform-content-item-features application-platform-content-item\" id=\"features\" data-nav-section=\"features\"> <h2>Ecco le caratteristiche di base di widget: <\/h2> <ul><li>Due layout disponibili<\/li><li>Possibilit\u00e0 di aggiungere un&#8217;immagine di sfondo<\/li><li>Aggiungi un numero illimitato di file<\/li><li>Un&#8217;opzione per creare la tua combinazione di colori personalizzata<\/li><li>Aggiungi un numero illimitato di stazioni<\/li><\/ul><p><a href=\"#demo\">Esplora tutte le funzionalit\u00e0 di personalizzazione nella demo completa<\/a><\/p> <\/div> <div class=\"application-platform-content-item-installation application-platform-content-item\" id=\"installation\" data-nav-section=\"installation\"> <h2>Come incorporo Podcast Player nella mia pagina web PrestaShop? <\/h2> <p>Segui semplicemente i passaggi presentati di seguito per iniziare a lavorare con lo strumento. <\/p> <ol><li><b>Utilizza il nostro editor gratuito e inizia a dare forma al tuo strumento personalizzato. <\/b><br> Determina il design e gli aspetti desiderati del widget e salva le modifiche. <\/li> <li><b>Acquisisci il tuo codice univoco mostrato nella finestra sulle App Elfsight. <\/b><br> Non appena la creazione del tuo widget personale sar\u00e0 completata, copia il codice individuale nel popup emerso e conservalo per un ulteriore utilizzo. <\/li> <li><b>Avvia l&#8217;utilizzo del componente aggiuntivo sul sito PrestaShop. <\/b><br> Inserisci il codice che hai salvato in precedenza nella tua pagina e applica i miglioramenti. <\/li> <li><b>Fatto! L&#8217;incorporamento \u00e8 completamente completato. <\/b><br> Vai al tuo sito per vedere come funziona lo strumento. <\/li><\/ol> <p>Se hai domande o incontri ostacoli, non aver paura di scrivere al nostro team di supporto. I nostri specialisti saranno entusiasti di risolvere tutte le domande che potresti avere con il widget. <\/p> <\/div>","protected":false},"excerpt":{"rendered":"","protected":false},"author":9,"featured_media":0,"parent":2250,"menu_order":0,"comment_status":"closed","ping_status":"closed","template":"templates\/template-application-platform.php","meta":{"publish_to_discourse":"","publish_post_category":"","wpdc_auto_publish_overridden":"","wpdc_topic_tags":"","wpdc_pin_topic":"","wpdc_pin_until":"","discourse_post_id":"","discourse_permalink":"","wpdc_publishing_response":"","wpdc_publishing_error":"","footnotes":""},"class_list":["post-5292","page","type-page","status-publish","hentry"],"yoast_head":"<!-- This site is optimized with the Yoast SEO plugin v25.3.1 - https:\/\/yoast.com\/wordpress\/plugins\/seo\/ -->\n<title>Elfsight Podcast Player per il sito web PrestaShop (gratuito e facile)<\/title>\n<meta name=\"description\" content=\"Inizia a utilizzare la nostra demo accessibile e incorpora un Podcast Player reattivo nel tuo sito web PrestaShop. Utilizza la nostra demo gratuitamente e crea il tuo componente aggiuntivo!\" \/>\n<meta name=\"robots\" content=\"index, follow, max-snippet:-1, max-image-preview:large, max-video-preview:-1\" \/>\n<link rel=\"canonical\" href=\"https:\/\/elfsight.com\/it\/podcast-player-widget\/prestashop\/\" \/>\n<meta property=\"og:locale\" content=\"it_IT\" \/>\n<meta property=\"og:type\" content=\"article\" \/>\n<meta property=\"og:title\" content=\"Elfsight Podcast Player per il sito web PrestaShop (gratuito e facile)\" \/>\n<meta property=\"og:description\" content=\"Inizia a utilizzare la nostra demo accessibile e incorpora un Podcast Player reattivo nel tuo sito web PrestaShop. Utilizza la nostra demo gratuitamente e crea il tuo componente aggiuntivo!\" \/>\n<meta property=\"og:url\" content=\"https:\/\/elfsight.com\/it\/podcast-player-widget\/prestashop\/\" \/>\n<meta property=\"og:site_name\" content=\"Elfsight IT\" \/>\n<meta property=\"article:modified_time\" content=\"2024-11-11T11:23:19+00:00\" \/>\n<meta name=\"twitter:card\" content=\"summary_large_image\" \/>\n<meta name=\"twitter:label1\" content=\"Tempo di lettura stimato\" \/>\n\t<meta name=\"twitter:data1\" content=\"2 minuti\" \/>\n<!-- \/ Yoast SEO plugin. -->","yoast_head_json":{"title":"Elfsight Podcast Player per il sito web PrestaShop (gratuito e facile)","description":"Inizia a utilizzare la nostra demo accessibile e incorpora un Podcast Player reattivo nel tuo sito web PrestaShop. Utilizza la nostra demo gratuitamente e crea il tuo componente aggiuntivo!","robots":{"index":"index","follow":"follow","max-snippet":"max-snippet:-1","max-image-preview":"max-image-preview:large","max-video-preview":"max-video-preview:-1"},"canonical":"https:\/\/elfsight.com\/it\/podcast-player-widget\/prestashop\/","og_locale":"it_IT","og_type":"article","og_title":"Elfsight Podcast Player per il sito web PrestaShop (gratuito e facile)","og_description":"Inizia a utilizzare la nostra demo accessibile e incorpora un Podcast Player reattivo nel tuo sito web PrestaShop. Utilizza la nostra demo gratuitamente e crea il tuo componente aggiuntivo!","og_url":"https:\/\/elfsight.com\/it\/podcast-player-widget\/prestashop\/","og_site_name":"Elfsight IT","article_modified_time":"2024-11-11T11:23:19+00:00","twitter_card":"summary_large_image","twitter_misc":{"Tempo di lettura stimato":"2 minuti"},"schema":{"@context":"https:\/\/schema.org","@graph":[{"@type":"WebPage","@id":"https:\/\/elfsight.com\/it\/podcast-player-widget\/prestashop\/","url":"https:\/\/elfsight.com\/it\/podcast-player-widget\/prestashop\/","name":"Elfsight Podcast Player per il sito web PrestaShop (gratuito e facile)","isPartOf":{"@id":"https:\/\/elfsight.com\/it\/#website"},"datePublished":"2024-05-03T06:43:20+00:00","dateModified":"2024-11-11T11:23:19+00:00","description":"Inizia a utilizzare la nostra demo accessibile e incorpora un Podcast Player reattivo nel tuo sito web PrestaShop. Utilizza la nostra demo gratuitamente e crea il tuo componente aggiuntivo!","breadcrumb":{"@id":"https:\/\/elfsight.com\/it\/podcast-player-widget\/prestashop\/#breadcrumb"},"inLanguage":"it-IT","potentialAction":[{"@type":"ReadAction","target":["https:\/\/elfsight.com\/it\/podcast-player-widget\/prestashop\/"]}]},{"@type":"BreadcrumbList","@id":"https:\/\/elfsight.com\/it\/podcast-player-widget\/prestashop\/#breadcrumb","itemListElement":[{"@type":"ListItem","position":1,"name":"Home","item":"https:\/\/elfsight.com\/it\/"},{"@type":"ListItem","position":2,"name":"Podcast Player","item":"https:\/\/elfsight.com\/it\/podcast-player-widget\/"},{"@type":"ListItem","position":3,"name":"Podcast Player &#8211; PrestaShop"}]},{"@type":"WebSite","@id":"https:\/\/elfsight.com\/it\/#website","url":"https:\/\/elfsight.com\/it\/","name":"Elfsight IT","description":"Just another Elfsight Sites site","potentialAction":[{"@type":"SearchAction","target":{"@type":"EntryPoint","urlTemplate":"https:\/\/elfsight.com\/it\/?s={search_term_string}"},"query-input":{"@type":"PropertyValueSpecification","valueRequired":true,"valueName":"search_term_string"}}],"inLanguage":"it-IT"}]}},"meta_box":{"industry":"","seo_heading":"","heading":"","description":"","cta_heading":"","cta_description":"","application":"2249","h1":"Componente aggiuntivo Podcast Player di PrestaShop","h1_caption":"Incorpora un lettore di podcast direttamente sul tuo sito web, consentendo agli utenti di ascoltare i tuoi episodi senza lasciare la pagina nel tuo sito web Prestashop senza sforzo.","application_category":[],"applications_title":"","applications_request_title":"","applications_request_button_text":"","hero_text":"","hero_video":"","hero_video_schema_markup":"","selling_points_title":"","selling_points_caption":"","selling_points":[],"selling_points_cta_text":"","features_title":"","features":"","ed_cta_examples_text":"","ed_cta_examples_hidden":"","ed_cta_demo_text":"","ed_cta_demo_hidden":"","why_caption":"","why_editor_title":"","why_editor_text":"","why_team_title":"","why_team_text":"","why_service_title":"","why_service_text":"","template_catalog_visible":"","template_catalog_title":"","template_catalog_text":"","template_catalog_categories_visible":"","demo_title":"Crea il tuo componente aggiuntivo Podcast Player","demo_caption":"Configura il tuo Podcast Player e aggiungilo gratuitamente al tuo sito PrestaShop!","default_faq_hidden":"","app_template_category":[],"platform":"1023","template_public_id":"","codecanyon_url":"","codecanyon_item_id":"","codecanyon_price":"","pricing_caption":"","pricing_elfsight_apps_hide_column":"","pricing_elfsight_apps_url":"","pricing_codecanyon_price_caption":"","integration_category":[],"integration_request_title":"","integration_request_cta":"","integration_platform":"","integrations":[],"platform_category":[],"video_schema_markup":"","price":"da $ 0 al mese","trial":"","benefits":[{"text":"Servizio di installazione gratuito"},{"text":"Assistenza clienti con esperienza"},{"text":"Garanzia di rimborso di 14 giorni"},{"text":"Miglioramenti gratuiti a vita"}],"button_url":"#demo","button_target_blank":"","button_nofollow":"","attributes":[{"name":"Installazioni"},{"name":"Reattivo","content":"S\u00cc"},{"name":"Browser compatibili","content":"Firefox, Safari, Opera, Chrome, Edge"}],"tags":[],"tags_disable_links":"","hide_more_platforms":"","video_object":"","demo_hide_cta":"","demo_hide_cloud_options":"","pricing_title":"","pricing":[{"pricing_icon":"platform","pricing_title":"Elfsight Apps","pricing_title_caption":"Software multipiattaforma che funziona su qualsiasi sito","pricing_price":"da $ 0 \/ mese","pricing_price_caption":"inizia con un piano gratuito","pricing_benefits":[{"text":"Domini illimitati"},{"text":"Assistenza puntuale e 24 ore su 24, 7 giorni su 7"},{"text":"Assistenza gratuita per l'installazione"},{"text":"Progettazione flessibile"}],"pricing_button_text":"Aggiungi al sito web","pricing_button_url":"#demo"}],"related_apps_title":"","related_apps_hidden":"","author":"","image":[],"title":"","job":"","social_networks":[]},"_links":{"self":[{"href":"https:\/\/elfsight.com\/it\/wp-json\/wp\/v2\/pages\/5292","targetHints":{"allow":["GET"]}}],"collection":[{"href":"https:\/\/elfsight.com\/it\/wp-json\/wp\/v2\/pages"}],"about":[{"href":"https:\/\/elfsight.com\/it\/wp-json\/wp\/v2\/types\/page"}],"author":[{"embeddable":true,"href":"https:\/\/elfsight.com\/it\/wp-json\/wp\/v2\/users\/9"}],"replies":[{"embeddable":true,"href":"https:\/\/elfsight.com\/it\/wp-json\/wp\/v2\/comments?post=5292"}],"version-history":[{"count":1,"href":"https:\/\/elfsight.com\/it\/wp-json\/wp\/v2\/pages\/5292\/revisions"}],"predecessor-version":[{"id":5296,"href":"https:\/\/elfsight.com\/it\/wp-json\/wp\/v2\/pages\/5292\/revisions\/5296"}],"up":[{"embeddable":true,"href":"https:\/\/elfsight.com\/it\/wp-json\/wp\/v2\/pages\/2250"}],"wp:attachment":[{"href":"https:\/\/elfsight.com\/it\/wp-json\/wp\/v2\/media?parent=5292"}],"curies":[{"name":"wp","href":"https:\/\/api.w.org\/{rel}","templated":true}]}}