{"id":5283,"date":"1970-01-01T00:00:00","date_gmt":"1970-01-01T00:00:00","guid":{"rendered":"https:\/\/elfsight.com\/it\/?page_id=5283"},"modified":"2024-11-12T13:16:47","modified_gmt":"2024-11-12T13:16:47","slug":"webnode","status":"publish","type":"page","link":"https:\/\/elfsight.com\/it\/pinterest-feed-widget\/webnode\/","title":{"rendered":"Pinterest Feed &#8211; Webnode"},"content":{"rendered":"<div class=\"application-platform-content-item-description application-platform-content-item\" id=\"description\" data-nav-section=\"description\"><h2>Descrizione<\/h2><p>Elfsight Pinterest Feed consente di visualizzare il tuo account ed eventuali pin e bacheche di Pinterest sul tuo sito. Con il nostro plugin, non solo puoi integrare il tuo profilo ma anche raccogliere spille e bacheche per dimostrare gruppi di foto per il tuo sito. Mostra la storia della tua attivit\u00e0, ispira i tuoi futuri clienti a esplorare nuove idee o semplicemente visualizza il tuo sito. Un plug-in flessibile ti aiuter\u00e0 ad ampliare la portata dei tuoi contenuti, aumentare il coinvolgimento del sito e far crescere pi\u00f9 follower su Pinterest.<\/p><p><b>Mostra le tue offerte, servizi e progetti sul sito web con spille e bacheche!<\/b><\/p><ul><li><b>Aumenta il coinvolgimento degli utenti sul tuo sito<\/b><br> Immagini selezionate con cura sul tuo sito web attireranno la massima attenzione degli utenti e manterranno il coinvolgimento dei clienti.<\/li> <li><b>Attira follower su Pinterest<\/b><br> Grazie al pulsante Segui disponibile nel feed, pi\u00f9 potenziali clienti avranno la possibilit\u00e0 di unirsi ai tuoi iscritti.<\/li><li><b>Aumenta la visibilit\u00e0 livello di vendite utilizzando immagini irresistibili<\/b><br> Seleziona le immagini pi\u00f9 allettanti dei tuoi articoli; mostra le tendenze pi\u00f9 recenti e le immagini stimolanti per invogliare gli utenti all&#8217;acquisto.<\/li><\/ul><\/div><div class=\"application-platform-content-item-features application-platform-content-item\" id=\"features\" data-nav-section=\"features\"><h2>Caratteristiche<\/h2><p>Perch\u00e9 il plugin Elfsight \u00e8 il il migliore tra gli altri widget Webnode efficaci? Esplora le nostre funzionalit\u00e0 principali:<\/p><ul><li>Aggiungi pin e bacheche tramite URL;<\/li><li>22 lingue popolari disponibili;<\/li><li>Mostra o nascondi intestazione;<\/li> <li>Responsive per dispositivi mobili in qualsiasi dimensione e proporzione.<\/li><\/ul><p><a href=\"#demo\">Controlla tutte le funzionalit\u00e0<\/a><\/p><\/div><div class=\"application-platform-content-item-installazione application-platform-content-item\" id=\"installazione\" data-nav-section=\"installazione\"><h2>Come aggiungere feed Pinterest a un sito Webnode<\/h2><p>Una breve istruzione su come aggiungere feed Pinterest senza competenze di programmazione o senza assumere uno sviluppatore web remoto. L&#8217;implementazione del tutorial richieder\u00e0 circa alcuni minuti.<\/p><ol><li><b>Costruisci il tuo feed Pinterest personalizzato<\/b><br>Tramite il nostro editor gratuito, genera un plugin con layout e impostazioni preferibili.<\/li><li><b>Ottieni un codice per l&#8217;installazione del plug-in<\/b><br> Dopo la personalizzazione del widget, ottieni un codice per il plug-in Pinterest dalla notifica popup sulle app Elfsight. Salva il codice.<\/li><li><b>Visualizza il plugin sul sito Webnode<\/b><br> Incorpora il plugin nel punto desiderato della pagina e pubblica i risultati.<\/li><li><b>Hai finito!<\/b><br> Entra nel tuo sito, per controllare il tuo plugin.<\/li><\/ol><p>Trovi difficile incorporare il widget? Rivolgiti al nostro team di supporto con una spiegazione esauriente delle difficolt\u00e0. Faremo del nostro meglio per consigliarti.<\/p><\/div><div class=\"faq\" data-component=\"FAQ\"><div class=\"faq-item\">\r\n\t\t\t\t\t<div class=\"faq-item-question\">\r\n\t\t\t\t\t\t<h3 class=\"faq-item-question-text\">In che modo \u00e8 possibile incorporare il feed Pinterest nel mio Webnode senza esperienza di programmazione? <\/h3>\r\n\r\n\t\t\t\t\t\t<div class=\"faq-item-question-icon\"><\/div>\r\n\t\t\t\t\t<\/div>\r\n\r\n\t\t\t\t\t<div class=\"faq-item-answer\">\r\n\t\t\t\t\t\t<div class=\"faq-item-answer-text\"><p>L&#8217;azienda Elfsight offre una soluzione cloud che consente agli utenti di creare da soli un widget Pinterest Feed, guarda quanto \u00e8 semplice: <\/p><ul><li>Vai alla demo online per creare un plug-in Pinterest Feed che vorresti desideri integrare sul tuo sito Webnode.<\/li><li>Seleziona uno dei tanti modelli predefiniti e adatta le impostazioni del feed Pinterest, aggiorna i tuoi contenuti, cambia il layout e il colore degli elementi senza alcuna codifica.<\/li><li>Fai clic per salvare il feed Pinterest e copiare il codice del widget per l&#8217;incorporamento, che puoi aggiungere facilmente nel sito Webnode all&#8217;interno di un piano gratuito. <\/li><\/ul><p>Lavorando nel nostro semplice configuratore, ogni utente di Internet pu\u00f2 creare l&#8217;app Pinterest Feed e includerla facilmente nel sito Webnode. Non \u00e8 necessario sottoscrivere un piano a pagamento o divulgare i dati della carta per accedere al servizio. Se riscontri problemi in qualsiasi momento, non esitare a contattare la nostra assistenza clienti.<\/p><\/div>\r\n\t\t\t\t\t<\/div>\r\n\t\t\t\t<\/div><\/div>","protected":false},"excerpt":{"rendered":"","protected":false},"author":9,"featured_media":0,"parent":2221,"menu_order":0,"comment_status":"closed","ping_status":"closed","template":"templates\/template-application-platform.php","meta":{"publish_to_discourse":"","publish_post_category":"","wpdc_auto_publish_overridden":"","wpdc_topic_tags":"","wpdc_pin_topic":"","wpdc_pin_until":"","discourse_post_id":"","discourse_permalink":"","wpdc_publishing_response":"","wpdc_publishing_error":"","footnotes":""},"class_list":["post-5283","page","type-page","status-publish","hentry"],"yoast_head":"<!-- This site is optimized with the Yoast SEO plugin v25.3.1 - https:\/\/yoast.com\/wordpress\/plugins\/seo\/ -->\n<title>Feed Pinterest - Aggiungi il widget Pinterest al sito Webnode<\/title>\n<meta name=\"description\" content=\"Prova gratuitamente il miglior plugin Pinterest Feed per Webnode. Un&#039;integrazione facile e veloce senza competenze di programmazione in soli 3 minuti.\" \/>\n<meta name=\"robots\" content=\"index, follow, max-snippet:-1, max-image-preview:large, max-video-preview:-1\" \/>\n<link rel=\"canonical\" href=\"https:\/\/elfsight.com\/it\/pinterest-feed-widget\/webnode\/\" \/>\n<meta property=\"og:locale\" content=\"it_IT\" \/>\n<meta property=\"og:type\" content=\"article\" \/>\n<meta property=\"og:title\" content=\"Feed Pinterest - Aggiungi il widget Pinterest al sito Webnode\" \/>\n<meta property=\"og:description\" content=\"Prova gratuitamente il miglior plugin Pinterest Feed per Webnode. Un&#039;integrazione facile e veloce senza competenze di programmazione in soli 3 minuti.\" \/>\n<meta property=\"og:url\" content=\"https:\/\/elfsight.com\/it\/pinterest-feed-widget\/webnode\/\" \/>\n<meta property=\"og:site_name\" content=\"Elfsight IT\" \/>\n<meta property=\"article:modified_time\" content=\"2024-11-12T13:16:47+00:00\" \/>\n<meta name=\"twitter:card\" content=\"summary_large_image\" \/>\n<meta name=\"twitter:label1\" content=\"Tempo di lettura stimato\" \/>\n\t<meta name=\"twitter:data1\" content=\"3 minuti\" \/>\n<!-- \/ Yoast SEO plugin. -->","yoast_head_json":{"title":"Feed Pinterest - Aggiungi il widget Pinterest al sito Webnode","description":"Prova gratuitamente il miglior plugin Pinterest Feed per Webnode. Un'integrazione facile e veloce senza competenze di programmazione in soli 3 minuti.","robots":{"index":"index","follow":"follow","max-snippet":"max-snippet:-1","max-image-preview":"max-image-preview:large","max-video-preview":"max-video-preview:-1"},"canonical":"https:\/\/elfsight.com\/it\/pinterest-feed-widget\/webnode\/","og_locale":"it_IT","og_type":"article","og_title":"Feed Pinterest - Aggiungi il widget Pinterest al sito Webnode","og_description":"Prova gratuitamente il miglior plugin Pinterest Feed per Webnode. Un'integrazione facile e veloce senza competenze di programmazione in soli 3 minuti.","og_url":"https:\/\/elfsight.com\/it\/pinterest-feed-widget\/webnode\/","og_site_name":"Elfsight IT","article_modified_time":"2024-11-12T13:16:47+00:00","twitter_card":"summary_large_image","twitter_misc":{"Tempo di lettura stimato":"3 minuti"},"schema":{"@context":"https:\/\/schema.org","@graph":[{"@type":"WebPage","@id":"https:\/\/elfsight.com\/it\/pinterest-feed-widget\/webnode\/","url":"https:\/\/elfsight.com\/it\/pinterest-feed-widget\/webnode\/","name":"Feed Pinterest - Aggiungi il widget Pinterest al sito Webnode","isPartOf":{"@id":"https:\/\/elfsight.com\/it\/#website"},"datePublished":"1970-01-01T00:00:00+00:00","dateModified":"2024-11-12T13:16:47+00:00","description":"Prova gratuitamente il miglior plugin Pinterest Feed per Webnode. Un'integrazione facile e veloce senza competenze di programmazione in soli 3 minuti.","breadcrumb":{"@id":"https:\/\/elfsight.com\/it\/pinterest-feed-widget\/webnode\/#breadcrumb"},"inLanguage":"it-IT","potentialAction":[{"@type":"ReadAction","target":["https:\/\/elfsight.com\/it\/pinterest-feed-widget\/webnode\/"]}]},{"@type":"BreadcrumbList","@id":"https:\/\/elfsight.com\/it\/pinterest-feed-widget\/webnode\/#breadcrumb","itemListElement":[{"@type":"ListItem","position":1,"name":"Home","item":"https:\/\/elfsight.com\/it\/"},{"@type":"ListItem","position":2,"name":"Pinterest Feed","item":"https:\/\/elfsight.com\/it\/pinterest-feed-widget\/"},{"@type":"ListItem","position":3,"name":"Pinterest Feed &#8211; Webnode"}]},{"@type":"WebSite","@id":"https:\/\/elfsight.com\/it\/#website","url":"https:\/\/elfsight.com\/it\/","name":"Elfsight IT","description":"Just another Elfsight Sites site","potentialAction":[{"@type":"SearchAction","target":{"@type":"EntryPoint","urlTemplate":"https:\/\/elfsight.com\/it\/?s={search_term_string}"},"query-input":{"@type":"PropertyValueSpecification","valueRequired":true,"valueName":"search_term_string"}}],"inLanguage":"it-IT"}]}},"meta_box":{"industry":"","seo_heading":"","heading":"","description":"","cta_heading":"","cta_description":"","application":"2219","h1":"Feed Pinterest del nodo web","h1_caption":"Incorpora un feed di pin dal tuo account Pinterest per visualizzare facilmente contenuti dinamici e visivamente accattivanti nel tuo sito Webnode.","application_category":[],"applications_title":"","applications_request_title":"","applications_request_button_text":"","hero_text":"","hero_video":"","hero_video_schema_markup":"","selling_points_title":"","selling_points_caption":"","selling_points":[],"selling_points_cta_text":"","features_title":"","features":"","ed_cta_examples_text":"","ed_cta_examples_hidden":"","ed_cta_demo_text":"","ed_cta_demo_hidden":"","why_caption":"","why_editor_title":"","why_editor_text":"","why_team_title":"","why_team_text":"","why_service_title":"","why_service_text":"","template_catalog_visible":"","template_catalog_title":"","template_catalog_text":"","template_catalog_categories_visible":"","demo_title":"Crea il tuo widget Feed Pinterest","demo_caption":"Configura il tuo feed Pinterest e aggiungilo gratuitamente al tuo sito Webnode!","default_faq_hidden":"","app_template_category":[],"platform":"47","template_public_id":"","codecanyon_url":"","codecanyon_item_id":"","codecanyon_price":"","pricing_caption":"","pricing_elfsight_apps_hide_column":"","pricing_elfsight_apps_url":"","pricing_codecanyon_price_caption":"","integration_category":[],"integration_request_title":"","integration_request_cta":"","integration_platform":"","integrations":[],"platform_category":[],"video_schema_markup":"","price":"da $ 0 al mese","trial":"","benefits":[{"text":"Assistenza gratuita per l'installazione"},{"text":"Servizio clienti professionale"},{"text":"Garanzia di rimborso di 14 giorni"},{"text":"Sviluppo continuo"}],"button_url":"#demo","button_target_blank":"","button_nofollow":"","attributes":[{"name":"Installazioni"},{"name":"Reattivo","content":"S\u00cc"},{"name":"Browser compatibili","content":"Firefox, Safari, Opera, Chrome, Edge"}],"tags":[],"tags_disable_links":"","hide_more_platforms":"","video_object":"","demo_hide_cta":"","demo_hide_cloud_options":"","pricing_title":"","pricing":[{"pricing_icon":"platform","pricing_title":"Elfsight Apps","pricing_title_caption":"Soluzione digitale multipiattaforma che funziona su qualsiasi sito web","pricing_price":"da $ 0 \/ mese","pricing_price_caption":"inizia con il piano gratuito","pricing_benefits":[{"text":"Siti web illimitati"},{"text":"Supporto premium"},{"text":"Assistenza gratuita per l'installazione"},{"text":"Offerta speciale per pi\u00f9 app"}],"pricing_button_text":"Aggiungi al sito web","pricing_button_url":"#demo"}],"related_apps_title":"","related_apps_hidden":"","author":"","image":[],"title":"","job":"","social_networks":[]},"_links":{"self":[{"href":"https:\/\/elfsight.com\/it\/wp-json\/wp\/v2\/pages\/5283","targetHints":{"allow":["GET"]}}],"collection":[{"href":"https:\/\/elfsight.com\/it\/wp-json\/wp\/v2\/pages"}],"about":[{"href":"https:\/\/elfsight.com\/it\/wp-json\/wp\/v2\/types\/page"}],"author":[{"embeddable":true,"href":"https:\/\/elfsight.com\/it\/wp-json\/wp\/v2\/users\/9"}],"replies":[{"embeddable":true,"href":"https:\/\/elfsight.com\/it\/wp-json\/wp\/v2\/comments?post=5283"}],"version-history":[{"count":1,"href":"https:\/\/elfsight.com\/it\/wp-json\/wp\/v2\/pages\/5283\/revisions"}],"predecessor-version":[{"id":5287,"href":"https:\/\/elfsight.com\/it\/wp-json\/wp\/v2\/pages\/5283\/revisions\/5287"}],"up":[{"embeddable":true,"href":"https:\/\/elfsight.com\/it\/wp-json\/wp\/v2\/pages\/2221"}],"wp:attachment":[{"href":"https:\/\/elfsight.com\/it\/wp-json\/wp\/v2\/media?parent=5283"}],"curies":[{"name":"wp","href":"https:\/\/api.w.org\/{rel}","templated":true}]}}