{"id":5275,"date":"1970-01-01T00:00:00","date_gmt":"1970-01-01T00:00:00","guid":{"rendered":"https:\/\/elfsight.com\/it\/?page_id=5275"},"modified":"2025-03-18T06:36:05","modified_gmt":"2025-03-18T06:36:05","slug":"opencart","status":"publish","type":"page","link":"https:\/\/elfsight.com\/it\/pinterest-feed-widget\/opencart\/","title":{"rendered":"Pinterest Feed &#8211; OpenCart"},"content":{"rendered":"\n<div class=\"application-platform-content-item-description application-platform-content-item\" id=\"description\" data-nav-section=\"description\"><h2>Descrizione<\/h2><p>Elfsight Pinterest Feed consente di visualizzare il tuo profilo e tutti i pin e le bacheche di Pinterest sul tuo sito. Con la nostra estensione, non solo puoi incorporare il tuo account ma anche selezionare segnaposti e bacheche per stabilire selezioni di foto per il tuo sito. Esponi i tuoi portfolio, ispira i tuoi futuri clienti a scoprire nuove ispirazioni o semplicemente aggiungi contenuti visivi al tuo sito. Un widget flessibile ti aiuter\u00e0 ad estendere la copertura dei tuoi contenuti, ad aumentare il coinvolgimento dei visitatori del sito web e ad attirare pi\u00f9 iscritti su Pinterest.<\/p><p><b>Visualizza il tuo profilo, mostra le bacheche e scegli i segnaposti per mostrare la grafica pi\u00f9 attraente contenuti sul tuo sito!<\/b><\/p><ul><li><b>Ottieni nuove vendite mostrando i tuoi articoli<\/b><br> Crea le tue gallerie uniche di foto con i tuoi progetti, le ultime tendenze e acquisti imperdibili per convincere le persone all&#8217;acquisto.<\/li><li><b>Attira follower su Pinterest<\/b><br> Con il pulsante Segui disponibile nel feed, pi\u00f9 utenti avranno l&#8217;opportunit\u00e0 di unirsi ai tuoi follower. <\/li><li><b>Maggiore quantit\u00e0 di immagini coinvolgenti per l&#8217;utente sul tuo sito<\/b><br> Con l&#8217;aiuto di pin e bacheche a tua disposizione, \u00e8 facile scegliere i migliori contenuti visivi per il tuo sito coinvolgi i tuoi clienti.<\/li><\/ul><\/div><div class=\"application-platform-content-item-features application-platform-content-item\" id=\"features\" data-nav-section=\"features\"><h2>Funzionalit\u00e0<\/h2><p>Perch\u00e9 la nostra estensione \u00e8 la migliore tra i widget OpenCart efficaci? \u00c8 tutta una questione di funzionalit\u00e0:<\/p><ul><li>Mostrare il titolo dell&#8217;account, i follower e il conteggio dei follower;<\/li><li>Scegli il colore del tema principale;<\/li><li>Mostra o nascondi l&#8217;intestazione; <\/li><li>Responsive per dispositivi mobili in qualsiasi dimensione e proporzione.<\/li><\/ul><p><a href=\"#demo\">Controlla tutte le funzionalit\u00e0 nella demo dal vivo<\/a><\/p> <\/div><div class=\"application-platform-content-item-installation application-platform-content-item\" id=\"installation\" data-nav-section=\"installation\"><h2>Come aggiungere il feed Pinterest al sito Web OpenCart<\/h2><p>Segui semplicemente le istruzioni seguenti per attivare l&#8217;estensione su OpenCart.<\/p> <ol><li><b>Gestisci il nostro configuratore gratuito e inizia a dare forma alla tua estensione. <\/b><br> Trova la forma e i tratti funzionali desiderati del widget e applica le correzioni. <\/li> <li><b>Copia il tuo codice univoco rivelato nell&#8217;apposito modulo su Elfsight Apps. <\/b><br> Una volta completata la creazione della tua estensione personale del feed Pinterest, copia il codice esclusivo dal popup emerso e conservalo per un utilizzo successivo. <\/li> <li><b>Inizia a utilizzare lo strumento sul tuo sito web OpenCart. <\/b><br> Incorpora il codice che hai salvato in precedenza nella tua pagina e applica le modifiche. <\/li> <li><b>Il gioco \u00e8 fatto! L&#8217;incorporamento \u00e8 stato completamente eseguito. <\/b><br> Vai alla tua pagina per esaminare come funziona il widget. <\/li><\/ol> <p>Ti sei imbattuto in qualcosa durante l&#8217;applicazione del manuale? Invia un messaggio al centro di supporto Elfsight.<\/p><\/div><div class=\"faq\" data-component=\"FAQ\"><div class=\"faq-item\">\r\n\t\t\t\t\t<div class=\"faq-item-question\">\r\n\t\t\t\t\t\t<h3 class=\"faq-item-question-text\">Come posso incorporare il feed Pinterest nella mia pagina Web OpenCart senza conoscere la programmazione?<\/h3>\r\n\r\n\t\t\t\t\t\t<div class=\"faq-item-question-icon\"><\/div>\r\n\t\t\t\t\t<\/div>\r\n\r\n\t\t\t\t\t<div class=\"faq-item-answer\">\r\n\t\t\t\t\t\t<div class=\"faq-item-answer-text\"><p>La societ\u00e0 Elfsight fornisce una soluzione cloud che consente agli utenti di creare autonomamente un plug-in per il feed di Pinterest, osserva i semplici passaggi: <\/p><ul><li>Lavora nell&#8217;editor live per creare un plug-in del feed di Pinterest che desideri integra sulla pagina web OpenCart.<\/li><li>Decidi uno dei nostri modelli predefiniti e adatta le impostazioni del feed Pinterest, cambia il layout e i colori, includi i tuoi contenuti senza alcuna esperienza di codifica.<\/li><li> Salva il feed Pinterest e ottieni il codice del widget per l&#8217;incorporamento, che pu\u00f2 essere facilmente incollato in qualsiasi home page OpenCart all&#8217;interno di un piano gratuito. <\/li><\/ul><p>Con l&#8217;aiuto del nostro editor intuitivo, qualsiasi utente di Internet pu\u00f2 creare widget Feed Pinterest e aggiungerli facilmente a qualsiasi pagina Web OpenCart. Non dovresti pagare o rivelare i dati della tua carta per accedere a Elfsight Editor. Se incontri ostacoli di qualsiasi tipo, vai avanti e contatta il nostro team di supporto.<\/p><\/div>\r\n\t\t\t\t\t<\/div>\r\n\t\t\t\t<\/div><\/div>\n","protected":false},"excerpt":{"rendered":"","protected":false},"author":9,"featured_media":0,"parent":2221,"menu_order":0,"comment_status":"closed","ping_status":"closed","template":"templates\/template-application-platform.php","meta":{"publish_to_discourse":"","publish_post_category":"","wpdc_auto_publish_overridden":"","wpdc_topic_tags":"","wpdc_pin_topic":"","wpdc_pin_until":"","discourse_post_id":"","discourse_permalink":"","wpdc_publishing_response":"","wpdc_publishing_error":"","footnotes":""},"class_list":["post-5275","page","type-page","status-publish","hentry"],"yoast_head":"<!-- This site is optimized with the Yoast SEO plugin v25.3.1 - https:\/\/yoast.com\/wordpress\/plugins\/seo\/ -->\n<title>Feed Pinterest: aggiungi l&#039;estensione Pinterest al sito Web OpenCart (2025)<\/title>\n<meta name=\"description\" content=\"Crea un&#039;estensione feed Pinterest personalizzata per il tuo sito Web OpenCart. Dai un&#039;occhiata all&#039;editor pi\u00f9 pratico per la costruzione di estensioni.\" \/>\n<meta name=\"robots\" content=\"index, follow, max-snippet:-1, max-image-preview:large, max-video-preview:-1\" \/>\n<link rel=\"canonical\" href=\"https:\/\/elfsight.com\/it\/pinterest-feed-widget\/opencart\/\" \/>\n<meta property=\"og:locale\" content=\"it_IT\" \/>\n<meta property=\"og:type\" content=\"article\" \/>\n<meta property=\"og:title\" content=\"Feed Pinterest: aggiungi l&#039;estensione Pinterest al sito Web OpenCart (2025)\" \/>\n<meta property=\"og:description\" content=\"Crea un&#039;estensione feed Pinterest personalizzata per il tuo sito Web OpenCart. Dai un&#039;occhiata all&#039;editor pi\u00f9 pratico per la costruzione di estensioni.\" \/>\n<meta property=\"og:url\" content=\"https:\/\/elfsight.com\/it\/pinterest-feed-widget\/opencart\/\" \/>\n<meta property=\"og:site_name\" content=\"Elfsight IT\" \/>\n<meta property=\"article:modified_time\" content=\"2025-03-18T06:36:05+00:00\" \/>\n<meta name=\"twitter:card\" content=\"summary_large_image\" \/>\n<meta name=\"twitter:label1\" content=\"Tempo di lettura stimato\" \/>\n\t<meta name=\"twitter:data1\" content=\"4 minuti\" \/>\n<!-- \/ Yoast SEO plugin. -->","yoast_head_json":{"title":"Feed Pinterest: aggiungi l'estensione Pinterest al sito Web OpenCart (2025)","description":"Crea un'estensione feed Pinterest personalizzata per il tuo sito Web OpenCart. Dai un'occhiata all'editor pi\u00f9 pratico per la costruzione di estensioni.","robots":{"index":"index","follow":"follow","max-snippet":"max-snippet:-1","max-image-preview":"max-image-preview:large","max-video-preview":"max-video-preview:-1"},"canonical":"https:\/\/elfsight.com\/it\/pinterest-feed-widget\/opencart\/","og_locale":"it_IT","og_type":"article","og_title":"Feed Pinterest: aggiungi l'estensione Pinterest al sito Web OpenCart (2025)","og_description":"Crea un'estensione feed Pinterest personalizzata per il tuo sito Web OpenCart. Dai un'occhiata all'editor pi\u00f9 pratico per la costruzione di estensioni.","og_url":"https:\/\/elfsight.com\/it\/pinterest-feed-widget\/opencart\/","og_site_name":"Elfsight IT","article_modified_time":"2025-03-18T06:36:05+00:00","twitter_card":"summary_large_image","twitter_misc":{"Tempo di lettura stimato":"4 minuti"},"schema":{"@context":"https:\/\/schema.org","@graph":[{"@type":"WebPage","@id":"https:\/\/elfsight.com\/it\/pinterest-feed-widget\/opencart\/","url":"https:\/\/elfsight.com\/it\/pinterest-feed-widget\/opencart\/","name":"Feed Pinterest: aggiungi l'estensione Pinterest al sito Web OpenCart (2025)","isPartOf":{"@id":"https:\/\/elfsight.com\/it\/#website"},"datePublished":"1970-01-01T00:00:00+00:00","dateModified":"2025-03-18T06:36:05+00:00","description":"Crea un'estensione feed Pinterest personalizzata per il tuo sito Web OpenCart. Dai un'occhiata all'editor pi\u00f9 pratico per la costruzione di estensioni.","breadcrumb":{"@id":"https:\/\/elfsight.com\/it\/pinterest-feed-widget\/opencart\/#breadcrumb"},"inLanguage":"it-IT","potentialAction":[{"@type":"ReadAction","target":["https:\/\/elfsight.com\/it\/pinterest-feed-widget\/opencart\/"]}]},{"@type":"BreadcrumbList","@id":"https:\/\/elfsight.com\/it\/pinterest-feed-widget\/opencart\/#breadcrumb","itemListElement":[{"@type":"ListItem","position":1,"name":"Home","item":"https:\/\/elfsight.com\/it\/"},{"@type":"ListItem","position":2,"name":"Pinterest Feed","item":"https:\/\/elfsight.com\/it\/pinterest-feed-widget\/"},{"@type":"ListItem","position":3,"name":"Pinterest Feed &#8211; OpenCart"}]},{"@type":"WebSite","@id":"https:\/\/elfsight.com\/it\/#website","url":"https:\/\/elfsight.com\/it\/","name":"Elfsight IT","description":"Just another Elfsight Sites site","potentialAction":[{"@type":"SearchAction","target":{"@type":"EntryPoint","urlTemplate":"https:\/\/elfsight.com\/it\/?s={search_term_string}"},"query-input":{"@type":"PropertyValueSpecification","valueRequired":true,"valueName":"search_term_string"}}],"inLanguage":"it-IT"}]}},"meta_box":{"industry":"","seo_heading":"","heading":"","description":"","cta_heading":"","cta_description":"","application":"2219","h1":"Estensione del feed Pinterest OpenCart","h1_caption":"Incorpora un feed di pin dal tuo account Pinterest per visualizzare facilmente contenuti dinamici e visivamente accattivanti nel tuo sito Web Opencart.","application_category":[],"applications_title":"","applications_request_title":"","applications_request_button_text":"","hero_text":"","hero_video":"","hero_video_schema_markup":"","selling_points_title":"","selling_points_caption":"","selling_points":[],"selling_points_cta_text":"","features_title":"","features":"","ed_cta_examples_text":"","ed_cta_examples_hidden":"","ed_cta_demo_text":"","ed_cta_demo_hidden":"","why_caption":"","why_editor_title":"","why_editor_text":"","why_team_title":"","why_team_text":"","why_service_title":"","why_service_text":"","template_catalog_visible":"0","template_catalog_title":"","template_catalog_text":"","template_catalog_categories_visible":"","demo_title":"Crea la tua estensione del feed Pinterest","demo_caption":"Configura il tuo feed Pinterest e aggiungilo gratuitamente al tuo sito Web OpenCart!","default_faq_hidden":"","app_template_category":[],"platform":"41","template_public_id":"","codecanyon_url":"","codecanyon_item_id":"","codecanyon_price":"","pricing_caption":"","pricing_elfsight_apps_hide_column":"","pricing_elfsight_apps_url":"","pricing_codecanyon_price_caption":"","integration_category":[],"integration_request_title":"","integration_request_cta":"","integration_platform":"","integrations":[],"platform_category":[],"video_schema_markup":"","price":"da $ 0 al mese","trial":"","benefits":[{"text":"Assistenza per l'installazione gratuita"},{"text":"Servizio clienti competente"},{"text":"Garanzia di rimborso di 14 giorni"},{"text":"Miglioramenti gratuiti a vita"}],"button_url":"#demo","button_target_blank":"0","button_nofollow":"0","attributes":[{"name":"Installazioni"},{"name":"Reattivo","content":"S\u00cc"},{"name":"Browser compatibili","content":"Firefox, Safari, Opera, Chrome, Edge"}],"tags":[],"tags_disable_links":"0","hide_more_platforms":"0","video_object":"","demo_hide_cta":"0","demo_hide_cloud_options":"0","pricing_title":"","pricing":[{"pricing_icon":"platform","pricing_title":"Elfsight Apps","pricing_title_caption":"Versione indipendente dalla piattaforma che funziona su qualsiasi sito web","pricing_price":"da $ 0 \/ mese","pricing_price_caption":"inizia con il piano gratuito","pricing_benefits":[{"text":"Domini illimitati"},{"text":"Assistenza clienti veloce"},{"text":"Aiuto per l'installazione gratuito"},{"text":"100% personalizzabile"}],"pricing_button_text":"Aggiungi al sito web","pricing_button_url":"#demo"}],"related_apps_title":"","related_apps_hidden":"0","author":"","image":[],"title":"","job":"","social_networks":[]},"_links":{"self":[{"href":"https:\/\/elfsight.com\/it\/wp-json\/wp\/v2\/pages\/5275","targetHints":{"allow":["GET"]}}],"collection":[{"href":"https:\/\/elfsight.com\/it\/wp-json\/wp\/v2\/pages"}],"about":[{"href":"https:\/\/elfsight.com\/it\/wp-json\/wp\/v2\/types\/page"}],"author":[{"embeddable":true,"href":"https:\/\/elfsight.com\/it\/wp-json\/wp\/v2\/users\/9"}],"replies":[{"embeddable":true,"href":"https:\/\/elfsight.com\/it\/wp-json\/wp\/v2\/comments?post=5275"}],"version-history":[{"count":2,"href":"https:\/\/elfsight.com\/it\/wp-json\/wp\/v2\/pages\/5275\/revisions"}],"predecessor-version":[{"id":9012,"href":"https:\/\/elfsight.com\/it\/wp-json\/wp\/v2\/pages\/5275\/revisions\/9012"}],"up":[{"embeddable":true,"href":"https:\/\/elfsight.com\/it\/wp-json\/wp\/v2\/pages\/2221"}],"wp:attachment":[{"href":"https:\/\/elfsight.com\/it\/wp-json\/wp\/v2\/media?parent=5275"}],"curies":[{"name":"wp","href":"https:\/\/api.w.org\/{rel}","templated":true}]}}