{"id":5229,"date":"1970-01-01T00:00:00","date_gmt":"1970-01-01T00:00:00","guid":{"rendered":"https:\/\/elfsight.com\/it\/?page_id=5229"},"modified":"2025-03-23T19:01:19","modified_gmt":"2025-03-23T19:01:19","slug":"drupal","status":"publish","type":"page","link":"https:\/\/elfsight.com\/it\/photo-gallery-widget\/drupal\/","title":{"rendered":"Photo Gallery &#8211; Drupal"},"content":{"rendered":"\n<div class=\"application-platform-content-item-description application-platform-content-item\" id=\"description\" data-nav-section=\"description\"><h2>Descrizione<\/h2> <p>Elfsight Photo Gallery \u00e8 il modo pi\u00f9 conveniente per dimostrare immagini o creare splendidi album fotografici sul tuo sito web. Inserisci qualsiasi quantit\u00e0 di immagini, commenta ciascuna di esse e scegli il modo migliore per organizzarle sulla pagina. Il modulo Elfsight offre sei tipi di layout e molte funzionalit\u00e0 di interfaccia aggiuntive. Ogni foto pu\u00f2 essere aperta in modalit\u00e0 popup, i visitatori possono scorrerla o guardare una presentazione, ingrandire e rimpicciolire e ammirare le immagini a schermo intero. Sei libero di dipingere l&#8217;interfaccia del modulo e applicare uno sfondo unico, variare le impostazioni del testo e altre funzionalit\u00e0 di stile. <\/p> <p><b>Stupidisci gli utenti con gallerie fotografiche sorprendenti! <\/b><\/p> <\/div> <div class=\"faq\" data-component=\"FAQ\"><div class=\"faq-item\">\r\n\t\t\t\t\t<div class=\"faq-item-question\">\r\n\t\t\t\t\t\t<h3 class=\"faq-item-question-text\">Come posso incorporare una galleria fotografica nel mio sito Drupal? <\/h3>\r\n\r\n\t\t\t\t\t\t<div class=\"faq-item-question-icon\"><\/div>\r\n\t\t\t\t\t<\/div>\r\n\r\n\t\t\t\t\t<div class=\"faq-item-answer\">\r\n\t\t\t\t\t\t<div class=\"faq-item-answer-text\"><p>La realizzazione di il widget si verifica all&#8217;interno del servizio Elfsight e non \u00e8 necessario imparare a programmare. Applica la nostra demo attiva per creare il tuo plugin, ottieni il codice e incollalo sul tuo sito. <\/p><\/div>\r\n\t\t\t\t\t<\/div>\r\n\t\t\t\t<\/div><div class=\"faq-item\">\r\n\t\t\t\t\t<div class=\"faq-item-question\">\r\n\t\t\t\t\t\t<h3 class=\"faq-item-question-text\">I modi migliori per utilizzare l'integrazione dei widget Galleria<\/h3>\r\n\r\n\t\t\t\t\t\t<div class=\"faq-item-question-icon\"><\/div>\r\n\t\t\t\t\t<\/div>\r\n\r\n\t\t\t\t\t<div class=\"faq-item-answer\">\r\n\t\t\t\t\t\t<div class=\"faq-item-answer-text\"><p>Abbiamo molte opportunit\u00e0 di regolazione: widget a lunghezza intera da implementare nell&#8217;area dei contenuti, plugin mobili per la funzionalit\u00e0 di scorrimento, layout per il pi\u00e8 di pagina, la sezione principale e tutti i tipi di opportunit\u00e0 verticali per barre laterali e menu. <\/p><\/div>\r\n\t\t\t\t\t<\/div>\r\n\t\t\t\t<\/div><div class=\"faq-item\">\r\n\t\t\t\t\t<div class=\"faq-item-question\">\r\n\t\t\t\t\t\t<h3 class=\"faq-item-question-text\">Esiste un'opzione per creare uno slider di matrimonio o una galleria fotografica di viaggiatori tramite il tuo editor? <\/h3>\r\n\r\n\t\t\t\t\t\t<div class=\"faq-item-question-icon\"><\/div>\r\n\t\t\t\t\t<\/div>\r\n\r\n\t\t\t\t\t<div class=\"faq-item-answer\">\r\n\t\t\t\t\t\t<div class=\"faq-item-answer-text\"><p>Sei libero di creare qualsiasi variante del widget. Ci sono molti layout disponibili nell&#8217;editor e tutti possono essere facilmente personalizzati in base alle tue esigenze. <\/p><\/div>\r\n\t\t\t\t\t<\/div>\r\n\t\t\t\t<\/div><\/div><div class=\"application-platform-content-item-features application-platform-content-item\" id=\"features\" data-nav-section=\"features\"><h2>Funzionalit\u00e0<\/h2> <p>Controlla tutte le funzionalit\u00e0 del widget Galleria fotografica Drupal. Sono disponibili direttamente nell&#8217;editor e ti aiuteranno a modellare il modulo pi\u00f9 adatto al tuo caso d&#8217;uso. <\/p> <ul> <li>Utilizza i pulsanti CTA per guidare gli utenti verso la conversione.<\/li> <li>Regola la durata del cambio di diapositiva.<\/li> <li>Scegli tra numerose opzioni di impaginazione.<\/li> <li>Inserisci il testo dove preferisci nella pagina con l&#8217;aiuto della posizione avanzata.<\/li> <li>Modifica cinque elementi di contenuto.<\/li> <\/ul> <p><a href=\"#demo\">Controlla tutte le altre funzioni nella demo<\/a><\/p> <\/div><div class=\"application-platform-content-item-installation application-platform-content-item\" id=\"installation\" data-nav-section=\"installation\"><h2>Come aggiungere il modulo Galleria fotografica al sito Web Drupal?<\/h2> <p>Per attivare il widget, basta applicare le istruzioni riportate di seguito. <\/p> <ol><li><b>Utilizza la nostra demo gratuita e inizia a creare il tuo modulo. <\/b><br> Determinare la disposizione e gli aspetti desiderati del modulo e applicare tutte le modifiche. <\/li> <li><b>Copia il tuo codice individuale mostrato nella finestra sulle App Elfsight. <\/b><br> Non appena terminata la configurazione del tuo modulo personale, copia il codice individuale nella casella che appare e salvalo per un ulteriore utilizzo. <\/li> <li><b>Inizia a utilizzare il modulo sul tuo sito Drupal. <\/b><br> Integra il codice che hai copiato in precedenza nel tuo sito web e applica le correzioni. <\/li> <li><b>Il gioco \u00e8 fatto! L&#8217;integrazione \u00e8 terminata con successo. <\/b><br> Visita il tuo sito web per esaminare le prestazioni del modulo. <\/li><\/ol><p>Non esitare a contattare il servizio clienti se hai bisogno di aiuto o hai domande. Saremo felici di assistervi con ogni richiesta. <\/p> <\/div>\n","protected":false},"excerpt":{"rendered":"","protected":false},"author":9,"featured_media":0,"parent":1677,"menu_order":0,"comment_status":"closed","ping_status":"closed","template":"templates\/template-application-platform.php","meta":{"publish_to_discourse":"","publish_post_category":"","wpdc_auto_publish_overridden":"","wpdc_topic_tags":"","wpdc_pin_topic":"","wpdc_pin_until":"","discourse_post_id":"","discourse_permalink":"","wpdc_publishing_response":"","wpdc_publishing_error":"","footnotes":""},"class_list":["post-5229","page","type-page","status-publish","hentry"],"yoast_head":"<!-- This site is optimized with the Yoast SEO plugin v25.3.1 - https:\/\/yoast.com\/wordpress\/plugins\/seo\/ -->\n<title>Galleria fotografica: aggiungi il widget Galleria fotografica a Drupal [2025]<\/title>\n<meta name=\"description\" content=\"Prova gratuitamente il miglior modulo Galleria fotografica per Drupal. Un widget Galleria semplice e veloce che si integra senza competenze di sviluppo.\" \/>\n<meta name=\"robots\" content=\"index, follow, max-snippet:-1, max-image-preview:large, max-video-preview:-1\" \/>\n<link rel=\"canonical\" href=\"https:\/\/elfsight.com\/it\/photo-gallery-widget\/drupal\/\" \/>\n<meta property=\"og:locale\" content=\"it_IT\" \/>\n<meta property=\"og:type\" content=\"article\" \/>\n<meta property=\"og:title\" content=\"Galleria fotografica: aggiungi il widget Galleria fotografica a Drupal [2025]\" \/>\n<meta property=\"og:description\" content=\"Prova gratuitamente il miglior modulo Galleria fotografica per Drupal. Un widget Galleria semplice e veloce che si integra senza competenze di sviluppo.\" \/>\n<meta property=\"og:url\" content=\"https:\/\/elfsight.com\/it\/photo-gallery-widget\/drupal\/\" \/>\n<meta property=\"og:site_name\" content=\"Elfsight IT\" \/>\n<meta property=\"article:modified_time\" content=\"2025-03-23T19:01:19+00:00\" \/>\n<meta name=\"twitter:card\" content=\"summary_large_image\" \/>\n<meta name=\"twitter:label1\" content=\"Tempo di lettura stimato\" \/>\n\t<meta name=\"twitter:data1\" content=\"3 minuti\" \/>\n<!-- \/ Yoast SEO plugin. -->","yoast_head_json":{"title":"Galleria fotografica: aggiungi il widget Galleria fotografica a Drupal [2025]","description":"Prova gratuitamente il miglior modulo Galleria fotografica per Drupal. Un widget Galleria semplice e veloce che si integra senza competenze di sviluppo.","robots":{"index":"index","follow":"follow","max-snippet":"max-snippet:-1","max-image-preview":"max-image-preview:large","max-video-preview":"max-video-preview:-1"},"canonical":"https:\/\/elfsight.com\/it\/photo-gallery-widget\/drupal\/","og_locale":"it_IT","og_type":"article","og_title":"Galleria fotografica: aggiungi il widget Galleria fotografica a Drupal [2025]","og_description":"Prova gratuitamente il miglior modulo Galleria fotografica per Drupal. Un widget Galleria semplice e veloce che si integra senza competenze di sviluppo.","og_url":"https:\/\/elfsight.com\/it\/photo-gallery-widget\/drupal\/","og_site_name":"Elfsight IT","article_modified_time":"2025-03-23T19:01:19+00:00","twitter_card":"summary_large_image","twitter_misc":{"Tempo di lettura stimato":"3 minuti"},"schema":{"@context":"https:\/\/schema.org","@graph":[{"@type":"WebPage","@id":"https:\/\/elfsight.com\/it\/photo-gallery-widget\/drupal\/","url":"https:\/\/elfsight.com\/it\/photo-gallery-widget\/drupal\/","name":"Galleria fotografica: aggiungi il widget Galleria fotografica a Drupal [2025]","isPartOf":{"@id":"https:\/\/elfsight.com\/it\/#website"},"datePublished":"1970-01-01T00:00:00+00:00","dateModified":"2025-03-23T19:01:19+00:00","description":"Prova gratuitamente il miglior modulo Galleria fotografica per Drupal. Un widget Galleria semplice e veloce che si integra senza competenze di sviluppo.","breadcrumb":{"@id":"https:\/\/elfsight.com\/it\/photo-gallery-widget\/drupal\/#breadcrumb"},"inLanguage":"it-IT","potentialAction":[{"@type":"ReadAction","target":["https:\/\/elfsight.com\/it\/photo-gallery-widget\/drupal\/"]}]},{"@type":"BreadcrumbList","@id":"https:\/\/elfsight.com\/it\/photo-gallery-widget\/drupal\/#breadcrumb","itemListElement":[{"@type":"ListItem","position":1,"name":"Home","item":"https:\/\/elfsight.com\/it\/"},{"@type":"ListItem","position":2,"name":"Photo Gallery","item":"https:\/\/elfsight.com\/it\/photo-gallery-widget\/"},{"@type":"ListItem","position":3,"name":"Photo Gallery &#8211; Drupal"}]},{"@type":"WebSite","@id":"https:\/\/elfsight.com\/it\/#website","url":"https:\/\/elfsight.com\/it\/","name":"Elfsight IT","description":"Just another Elfsight Sites site","potentialAction":[{"@type":"SearchAction","target":{"@type":"EntryPoint","urlTemplate":"https:\/\/elfsight.com\/it\/?s={search_term_string}"},"query-input":{"@type":"PropertyValueSpecification","valueRequired":true,"valueName":"search_term_string"}}],"inLanguage":"it-IT"}]}},"meta_box":{"industry":"","seo_heading":"","heading":"","description":"","cta_heading":"","cta_description":"","application":"1676","h1":"Modulo Galleria fotografica Drupal","h1_caption":"Mostra le tue immagini in una galleria interattiva e personalizzabile che migliora l'impatto visivo del tuo sito web nel tuo sito Drupal senza sforzo.","application_category":[],"applications_title":"","applications_request_title":"","applications_request_button_text":"","hero_text":"","hero_video":"","hero_video_schema_markup":"","selling_points_title":"","selling_points_caption":"","selling_points":[],"selling_points_cta_text":"","features_title":"","features":"","ed_cta_examples_text":"","ed_cta_examples_hidden":"","ed_cta_demo_text":"","ed_cta_demo_hidden":"","why_caption":"","why_editor_title":"","why_editor_text":"","why_team_title":"","why_team_text":"","why_service_title":"","why_service_text":"","template_catalog_visible":"0","template_catalog_title":"","template_catalog_text":"","template_catalog_categories_visible":"","demo_title":"Crea il tuo modulo Galleria fotografica","demo_caption":"Configura la tua Galleria fotografica e aggiungila gratuitamente al tuo sito Drupal!","default_faq_hidden":"","app_template_category":[],"platform":"34","template_public_id":"","codecanyon_url":"","codecanyon_item_id":"","codecanyon_price":"","pricing_caption":"","pricing_elfsight_apps_hide_column":"","pricing_elfsight_apps_url":"","pricing_codecanyon_price_caption":"","integration_category":[],"integration_request_title":"","integration_request_cta":"","integration_platform":"","integrations":[],"platform_category":[],"video_schema_markup":"","price":"da $ 0 al mese","trial":"","benefits":[{"text":"Assistenza per l'installazione gratuita"},{"text":"Servizio clienti professionale"},{"text":"Garanzia di rimborso di 14 giorni"},{"text":"Sviluppo continuo"}],"button_url":"#demo","button_target_blank":"0","button_nofollow":"0","attributes":[{"name":"Installazioni"},{"name":"Reattivo","content":"S\u00cc"},{"name":"Browser compatibili","content":"IE11, Firefox, Safari, Opera, Chrome, Edge"}],"tags":[],"tags_disable_links":"0","hide_more_platforms":"0","video_object":"","demo_hide_cta":"0","demo_hide_cloud_options":"0","pricing_title":"","pricing":[{"pricing_icon":"platform","pricing_title":"Elfsight Apps","pricing_title_caption":"Versione multipiattaforma adatta a qualsiasi sito","pricing_price":"da $ 0 \/ mese","pricing_price_caption":"inizia con il piano gratuito","pricing_benefits":[{"text":"Siti web illimitati"},{"text":"Assistenza puntuale e 24 ore su 24, 7 giorni su 7"},{"text":"Aiuto per l'installazione gratuito"},{"text":"Offerta speciale per pi\u00f9 app"}],"pricing_button_text":"Aggiungi al sito web","pricing_button_url":"#demo"}],"related_apps_title":"","related_apps_hidden":"0","author":"","image":[],"title":"","job":"","social_networks":[]},"_links":{"self":[{"href":"https:\/\/elfsight.com\/it\/wp-json\/wp\/v2\/pages\/5229","targetHints":{"allow":["GET"]}}],"collection":[{"href":"https:\/\/elfsight.com\/it\/wp-json\/wp\/v2\/pages"}],"about":[{"href":"https:\/\/elfsight.com\/it\/wp-json\/wp\/v2\/types\/page"}],"author":[{"embeddable":true,"href":"https:\/\/elfsight.com\/it\/wp-json\/wp\/v2\/users\/9"}],"replies":[{"embeddable":true,"href":"https:\/\/elfsight.com\/it\/wp-json\/wp\/v2\/comments?post=5229"}],"version-history":[{"count":2,"href":"https:\/\/elfsight.com\/it\/wp-json\/wp\/v2\/pages\/5229\/revisions"}],"predecessor-version":[{"id":9777,"href":"https:\/\/elfsight.com\/it\/wp-json\/wp\/v2\/pages\/5229\/revisions\/9777"}],"up":[{"embeddable":true,"href":"https:\/\/elfsight.com\/it\/wp-json\/wp\/v2\/pages\/1677"}],"wp:attachment":[{"href":"https:\/\/elfsight.com\/it\/wp-json\/wp\/v2\/media?parent=5229"}],"curies":[{"name":"wp","href":"https:\/\/api.w.org\/{rel}","templated":true}]}}