{"id":5221,"date":"1970-01-01T00:00:00","date_gmt":"1970-01-01T00:00:00","guid":{"rendered":"https:\/\/elfsight.com\/it\/?page_id=5221"},"modified":"2024-11-12T08:28:16","modified_gmt":"2024-11-12T08:28:16","slug":"jquery","status":"publish","type":"page","link":"https:\/\/elfsight.com\/it\/photo-gallery-widget\/jquery\/","title":{"rendered":"Photo Gallery &#8211; jQuery"},"content":{"rendered":"<div class=\"application-platform-content-item-description application-platform-content-item\" id=\"description\" data-nav-section=\"description\"><h2>Descrizione<\/h2> <p>Elfsight Gallery \u00e8 il modo pi\u00f9 rapido per organizzare le foto o creare splendidi album sul tuo sito web. Aggiungi qualsiasi quantit\u00e0 di foto, scrivi didascalie e trova il modo ottimale per posizionarle sulla pagina. Il nostro plugin reattivo offre 6 tipi di layout e diverse altre opzioni di progettazione. Ogni immagine viene visualizzata in un popup, le persone possono scorrerla o guardare una presentazione, eseguire lo zoom e vedere le immagini a schermo intero. Hai un&#8217;opzione per colorare l&#8217;interfaccia del widget e aggiungere uno sfondo unico, modificare le impostazioni del testo e altre funzionalit\u00e0 di stile. <\/p> <p><b>Genera gallerie fotografiche imperdibili!<\/b><\/p> <p><b>Accentua ci\u00f2 che conta davvero<\/b><br>Applica la Galleria immagini reattiva plugin per presentare le tue offerte pi\u00f9 interessanti o per vantare le foto dei tuoi prodotti.<\/p><p><b>Presenta i tuoi lavori o prodotti eccezionali<\/b><br>Le tue foto e immagini notevoli attireranno pi\u00f9 visualizzazioni e attireranno le persone periodo di tempo pi\u00f9 lungo, aumentando il coinvolgimento sul sito.<\/b><p><b>Ottieni pi\u00f9 vendite in 1-2-3<\/b><br>Mostrando le tue conoscenze tramite il widget Foto, avrai i tuoi visitatori non hanno la possibilit\u00e0 di rifiutare un acquisto in modo tale da aumentare le tue vendite.<\/b><\/div> <div class=\"application-platform-content-item-features application-platform-content-item\" id=\"features\" data-nav-section=\"features\"><h2>Caratteristiche<\/h2> <p>Guarda tutte le funzionalit\u00e0 tratti di Galleria fotografica per jQuery. Puoi impostarli direttamente nell&#8217;editor e ti aiuteranno a costruire il plugin adatto al tuo caso d&#8217;uso. <\/p> <ul> <li>Utilizza i CTA per guidare i visitatori del sito verso la conversione. <\/li> <li>Personalizza la durata del cambio diapositiva. <\/li> <li>Scegli tra numerose funzionalit\u00e0 di impaginazione. <\/li> <li>Posiziona il tuo testo ovunque desideri sulla pagina con l&#8217;aiuto della posizione avanzata. <\/li> <li>Regola 5 funzioni di contenuto. <\/li> <\/ul> <p><a href=\"#demo\">Prova tutte le altre funzioni nella demo<\/a><\/p> <\/div> <div class=\"faq\" data-component=\"FAQ\"><div class=\"faq-item\">\r\n\t\t\t\t\t<div class=\"faq-item-question\">\r\n\t\t\t\t\t\t<h3 class=\"faq-item-question-text\">Come posso incorporare una galleria fotografica nel mio sito jQuery? <\/h3>\r\n\r\n\t\t\t\t\t\t<div class=\"faq-item-question-icon\"><\/div>\r\n\t\t\t\t\t<\/div>\r\n\r\n\t\t\t\t\t<div class=\"faq-item-answer\">\r\n\t\t\t\t\t\t<div class=\"faq-item-answer-text\"><p>La creazione dello strumento avviene all&#8217;interno del sito Elfsight e non \u00e8 necessario imparare a programmare. Utilizza la nostra demo live per personalizzare il tuo strumento personale, ottieni il codice e inseriscilo nel tuo sito. <\/p><\/div>\r\n\t\t\t\t\t<\/div>\r\n\t\t\t\t<\/div><div class=\"faq-item\">\r\n\t\t\t\t\t<div class=\"faq-item-question\">\r\n\t\t\t\t\t\t<h3 class=\"faq-item-question-text\">I migliori esempi di utilizzo dell'integrazione dei widget Galleria<\/h3>\r\n\r\n\t\t\t\t\t\t<div class=\"faq-item-question-icon\"><\/div>\r\n\t\t\t\t\t<\/div>\r\n\r\n\t\t\t\t\t<div class=\"faq-item-answer\">\r\n\t\t\t\t\t\t<div class=\"faq-item-answer-text\"><p>Ti garantiamo numerose opzioni di personalizzazione: widget a lunghezza intera da incorporare nell&#8217;area dei contenuti, mobili plugin per funzionalit\u00e0 di scorrimento, miniature per il pi\u00e8 di pagina del tuo sito web, sezione principale e tutte le varianti delle opzioni verticali per le barre laterali e i menu del sito web. <\/p><\/div>\r\n\t\t\t\t\t<\/div>\r\n\t\t\t\t<\/div><div class=\"faq-item\">\r\n\t\t\t\t\t<div class=\"faq-item-question\">\r\n\t\t\t\t\t\t<h3 class=\"faq-item-question-text\">Come posso creare una galleria di prodotti o uno slider di foto reattivo con l'aiuto del tuo editor? <\/h3>\r\n\r\n\t\t\t\t\t\t<div class=\"faq-item-question-icon\"><\/div>\r\n\t\t\t\t\t<\/div>\r\n\r\n\t\t\t\t\t<div class=\"faq-item-answer\">\r\n\t\t\t\t\t\t<div class=\"faq-item-answer-text\"><p>Puoi creare qualsiasi modifica del widget. Ci sono molti layout a tua disposizione nell&#8217;editor e tutti possono essere facilmente modificati nel modo desiderato. <\/p><\/div>\r\n\t\t\t\t\t<\/div>\r\n\t\t\t\t<\/div><\/div><div class=\"application-platform-content-item-installation application-platform-content-item\" id=\"installation\" data-nav-section=\"installation\"><h2>Come aggiungere il plugin Photo Gallery al sito web jQuery?<\/h2> <p>Per introdurre il widget, esegui semplicemente diversi rapidi passaggi. <\/p> <ol><li><b>Genera il tuo plug-in Galleria personale<\/b><br> Con l&#8217;aiuto del nostro editor gratuito, imposta un widget con il layout e le caratteristiche funzionali preferite.<\/li> <li><b>Ottieni il codice individuale per incorporare il plugin<\/b><br> Dopo aver configurato il tuo widget, riceverai il codice di installazione dalla finestra popup su Elfsight Apps. Copialo.<\/li> <li><b>Integra il plugin sul tuo sito web jQuery<\/b><br> Scegli l&#8217;area in cui devi rivelare il widget e incolla l\u00ec il codice copiato. Pubblica le modifiche.<\/li> <li><b>Hai completato con successo l&#8217;installazione!<\/b><br> Visita il tuo negozio per visualizzare il tuo plugin. <\/li> <\/ol> <p>Non pensarci due volte per metterti in contatto con il nostro servizio di supporto se hai bisogno di aiuto o hai qualcosa da chiedere. Saremo lieti di assistervi con ogni richiesta. <\/p> <\/div>","protected":false},"excerpt":{"rendered":"","protected":false},"author":9,"featured_media":0,"parent":1677,"menu_order":0,"comment_status":"closed","ping_status":"closed","template":"templates\/template-application-platform.php","meta":{"publish_to_discourse":"","publish_post_category":"","wpdc_auto_publish_overridden":"","wpdc_topic_tags":"","wpdc_pin_topic":"","wpdc_pin_until":"","discourse_post_id":"","discourse_permalink":"","wpdc_publishing_response":"","wpdc_publishing_error":"","footnotes":""},"class_list":["post-5221","page","type-page","status-publish","hentry"],"yoast_head":"<!-- This site is optimized with the Yoast SEO plugin v25.3.1 - https:\/\/yoast.com\/wordpress\/plugins\/seo\/ -->\n<title>Galleria fotografica: aggiungi il widget Galleria fotografica a jQuery [2025]<\/title>\n<meta name=\"description\" content=\"Prova gratuitamente il miglior plug-in reattivo per Galleria fotografica per jQuery. Un widget gallery semplice e veloce che si integra senza competenze di sviluppo.\" \/>\n<meta name=\"robots\" content=\"index, follow, max-snippet:-1, max-image-preview:large, max-video-preview:-1\" \/>\n<link rel=\"canonical\" href=\"https:\/\/elfsight.com\/it\/photo-gallery-widget\/jquery\/\" \/>\n<meta property=\"og:locale\" content=\"it_IT\" \/>\n<meta property=\"og:type\" content=\"article\" \/>\n<meta property=\"og:title\" content=\"Galleria fotografica: aggiungi il widget Galleria fotografica a jQuery [2025]\" \/>\n<meta property=\"og:description\" content=\"Prova gratuitamente il miglior plug-in reattivo per Galleria fotografica per jQuery. Un widget gallery semplice e veloce che si integra senza competenze di sviluppo.\" \/>\n<meta property=\"og:url\" content=\"https:\/\/elfsight.com\/it\/photo-gallery-widget\/jquery\/\" \/>\n<meta property=\"og:site_name\" content=\"Elfsight IT\" \/>\n<meta property=\"article:modified_time\" content=\"2024-11-12T08:28:16+00:00\" \/>\n<meta name=\"twitter:card\" content=\"summary_large_image\" \/>\n<meta name=\"twitter:label1\" content=\"Tempo di lettura stimato\" \/>\n\t<meta name=\"twitter:data1\" content=\"3 minuti\" \/>\n<!-- \/ Yoast SEO plugin. -->","yoast_head_json":{"title":"Galleria fotografica: aggiungi il widget Galleria fotografica a jQuery [2025]","description":"Prova gratuitamente il miglior plug-in reattivo per Galleria fotografica per jQuery. Un widget gallery semplice e veloce che si integra senza competenze di sviluppo.","robots":{"index":"index","follow":"follow","max-snippet":"max-snippet:-1","max-image-preview":"max-image-preview:large","max-video-preview":"max-video-preview:-1"},"canonical":"https:\/\/elfsight.com\/it\/photo-gallery-widget\/jquery\/","og_locale":"it_IT","og_type":"article","og_title":"Galleria fotografica: aggiungi il widget Galleria fotografica a jQuery [2025]","og_description":"Prova gratuitamente il miglior plug-in reattivo per Galleria fotografica per jQuery. Un widget gallery semplice e veloce che si integra senza competenze di sviluppo.","og_url":"https:\/\/elfsight.com\/it\/photo-gallery-widget\/jquery\/","og_site_name":"Elfsight IT","article_modified_time":"2024-11-12T08:28:16+00:00","twitter_card":"summary_large_image","twitter_misc":{"Tempo di lettura stimato":"3 minuti"},"schema":{"@context":"https:\/\/schema.org","@graph":[{"@type":"WebPage","@id":"https:\/\/elfsight.com\/it\/photo-gallery-widget\/jquery\/","url":"https:\/\/elfsight.com\/it\/photo-gallery-widget\/jquery\/","name":"Galleria fotografica: aggiungi il widget Galleria fotografica a jQuery [2025]","isPartOf":{"@id":"https:\/\/elfsight.com\/it\/#website"},"datePublished":"1970-01-01T00:00:00+00:00","dateModified":"2024-11-12T08:28:16+00:00","description":"Prova gratuitamente il miglior plug-in reattivo per Galleria fotografica per jQuery. Un widget gallery semplice e veloce che si integra senza competenze di sviluppo.","breadcrumb":{"@id":"https:\/\/elfsight.com\/it\/photo-gallery-widget\/jquery\/#breadcrumb"},"inLanguage":"it-IT","potentialAction":[{"@type":"ReadAction","target":["https:\/\/elfsight.com\/it\/photo-gallery-widget\/jquery\/"]}]},{"@type":"BreadcrumbList","@id":"https:\/\/elfsight.com\/it\/photo-gallery-widget\/jquery\/#breadcrumb","itemListElement":[{"@type":"ListItem","position":1,"name":"Home","item":"https:\/\/elfsight.com\/it\/"},{"@type":"ListItem","position":2,"name":"Photo Gallery","item":"https:\/\/elfsight.com\/it\/photo-gallery-widget\/"},{"@type":"ListItem","position":3,"name":"Photo Gallery &#8211; jQuery"}]},{"@type":"WebSite","@id":"https:\/\/elfsight.com\/it\/#website","url":"https:\/\/elfsight.com\/it\/","name":"Elfsight IT","description":"Just another Elfsight Sites site","potentialAction":[{"@type":"SearchAction","target":{"@type":"EntryPoint","urlTemplate":"https:\/\/elfsight.com\/it\/?s={search_term_string}"},"query-input":{"@type":"PropertyValueSpecification","valueRequired":true,"valueName":"search_term_string"}}],"inLanguage":"it-IT"}]}},"meta_box":{"industry":"","seo_heading":"","heading":"","description":"","cta_heading":"","cta_description":"","application":"1676","h1":"Widget Galleria fotografica jQuery","h1_caption":"Mostra le tue immagini in una galleria interattiva e personalizzabile che migliora l'attrattiva visiva del tuo sito web nel tuo sito web jQuery senza sforzo.","application_category":[],"applications_title":"","applications_request_title":"","applications_request_button_text":"","hero_text":"","hero_video":"","hero_video_schema_markup":"","selling_points_title":"","selling_points_caption":"","selling_points":[],"selling_points_cta_text":"","features_title":"","features":"","ed_cta_examples_text":"","ed_cta_examples_hidden":"","ed_cta_demo_text":"","ed_cta_demo_hidden":"","why_caption":"","why_editor_title":"","why_editor_text":"","why_team_title":"","why_team_text":"","why_service_title":"","why_service_text":"","template_catalog_visible":"","template_catalog_title":"","template_catalog_text":"","template_catalog_categories_visible":"","demo_title":"Crea il tuo plugin per la Galleria fotografica","demo_caption":"Configura la tua Galleria fotografica e aggiungila gratuitamente al tuo sito jQuery!","default_faq_hidden":"","app_template_category":[],"platform":"37","template_public_id":"","codecanyon_url":"","codecanyon_item_id":"","codecanyon_price":"","pricing_caption":"","pricing_elfsight_apps_hide_column":"","pricing_elfsight_apps_url":"","pricing_codecanyon_price_caption":"","integration_category":[],"integration_request_title":"","integration_request_cta":"","integration_platform":"","integrations":[],"platform_category":[],"video_schema_markup":"","price":"da $ 0 al mese","trial":"","benefits":[{"text":"Servizio di installazione gratuito"},{"text":"Servizio clienti professionale"},{"text":"Garanzia di rimborso di 14 giorni"},{"text":"Miglioramenti gratuiti regolari"}],"button_url":"#demo","button_target_blank":"","button_nofollow":"","attributes":[{"name":"Installazioni"},{"name":"Reattivo","content":"S\u00cc"},{"name":"Browser compatibili","content":"IE11, Firefox, Safari, Opera, Chrome, Edge"}],"tags":[],"tags_disable_links":"","hide_more_platforms":"","video_object":"","demo_hide_cta":"","demo_hide_cloud_options":"","pricing_title":"","pricing":[{"pricing_icon":"platform","pricing_title":"Elfsight Apps","pricing_title_caption":"Versione multipiattaforma che funziona su qualsiasi sito web","pricing_price":"da $ 0 \/ mese","pricing_price_caption":"inizia con un piano gratuito","pricing_benefits":[{"text":"Siti web illimitati"},{"text":"Supporto professionale e ben documentato"},{"text":"Servizio di installazione gratuito"},{"text":"Completamente personalizzabile"}],"pricing_button_text":"Aggiungi al sito web","pricing_button_url":"#demo"}],"related_apps_title":"","related_apps_hidden":"","author":"","image":[],"title":"","job":"","social_networks":[]},"_links":{"self":[{"href":"https:\/\/elfsight.com\/it\/wp-json\/wp\/v2\/pages\/5221","targetHints":{"allow":["GET"]}}],"collection":[{"href":"https:\/\/elfsight.com\/it\/wp-json\/wp\/v2\/pages"}],"about":[{"href":"https:\/\/elfsight.com\/it\/wp-json\/wp\/v2\/types\/page"}],"author":[{"embeddable":true,"href":"https:\/\/elfsight.com\/it\/wp-json\/wp\/v2\/users\/9"}],"replies":[{"embeddable":true,"href":"https:\/\/elfsight.com\/it\/wp-json\/wp\/v2\/comments?post=5221"}],"version-history":[{"count":1,"href":"https:\/\/elfsight.com\/it\/wp-json\/wp\/v2\/pages\/5221\/revisions"}],"predecessor-version":[{"id":5225,"href":"https:\/\/elfsight.com\/it\/wp-json\/wp\/v2\/pages\/5221\/revisions\/5225"}],"up":[{"embeddable":true,"href":"https:\/\/elfsight.com\/it\/wp-json\/wp\/v2\/pages\/1677"}],"wp:attachment":[{"href":"https:\/\/elfsight.com\/it\/wp-json\/wp\/v2\/media?parent=5221"}],"curies":[{"name":"wp","href":"https:\/\/api.w.org\/{rel}","templated":true}]}}