{"id":5219,"date":"1970-01-01T00:00:00","date_gmt":"1970-01-01T00:00:00","guid":{"rendered":"https:\/\/elfsight.com\/it\/?page_id=5219"},"modified":"2024-11-12T08:28:07","modified_gmt":"2024-11-12T08:28:07","slug":"magento","status":"publish","type":"page","link":"https:\/\/elfsight.com\/it\/photo-gallery-widget\/magento\/","title":{"rendered":"Photo Gallery &#8211; Magento"},"content":{"rendered":"<div class=\"application-platform-content-item-description application-platform-content-item\" id=\"description\" data-nav-section=\"description\"><h2>Descrizione<\/h2> <p>Elfsight Gallery \u00e8 il modo migliore per raccogliere le tue immagini o creare splendidi album sul tuo sito web. Carica qualsiasi quantit\u00e0 di foto, inserisci commenti e seleziona il modo ottimale per posizionarli sulla pagina. Questa estensione presenta 6 varianti di layout e diverse opzioni di design aggiuntive. Ogni foto pu\u00f2 essere visualizzata in modalit\u00e0 popup, le persone possono scorrerle o guardare una presentazione, eseguire lo zoom e godersi le foto a schermo intero. Sei libero di trovare colori personalizzati per gli elementi del widget e aggiungere uno sfondo personalizzato, modificare le impostazioni del testo e ulteriori opportunit\u00e0 di stile. <\/p> <p><b>Crea una raccolta fotografica imperdibile! <\/b><\/p> <p><b>Spiega cosa significa qualcosa<\/b><br>Utilizza l&#8217;estensione reattiva Galleria immagini per rivelare le tue offerte pi\u00f9 interessanti o per esporre le tue fantastiche foto dei prodotti. <\/p><p><b>Mostra i tuoi lavori o prodotti migliori<\/b><br>Le tue foto e immagini accattivanti attireranno pi\u00f9 visualizzazioni e occuperanno le persone pi\u00f9 a lungo, aumentando il livello di coinvolgimento complessivo sul tuo sito.<\/b> <p><b>Ottieni pi\u00f9 vendite in pochi clic<\/b><br>Mostrando le tue abilit\u00e0 sul plug-in Photo, i visitatori del tuo sito web non riusciranno a resistere all&#8217;acquisto, aumentando cos\u00ec le tue vendite.<\/b><\/div> <div class=\"faq\" data-component=\"FAQ\"><div class=\"faq-item\">\r\n\t\t\t\t\t<div class=\"faq-item-question\">\r\n\t\t\t\t\t\t<h3 class=\"faq-item-question-text\">In che modo incorporo una galleria fotografica nel sito Magento? <\/h3>\r\n\r\n\t\t\t\t\t\t<div class=\"faq-item-question-icon\"><\/div>\r\n\t\t\t\t\t<\/div>\r\n\r\n\t\t\t\t\t<div class=\"faq-item-answer\">\r\n\t\t\t\t\t\t<div class=\"faq-item-answer-text\"><p>Viene eseguita la creazione del widget all&#8217;interno del sito Elfsight e non \u00e8 necessario imparare a programmare. Apri la demo live per personalizzare il tuo widget, ottieni il codice e incorporalo nel tuo sito. <\/p><\/div>\r\n\t\t\t\t\t<\/div>\r\n\t\t\t\t<\/div><div class=\"faq-item\">\r\n\t\t\t\t\t<div class=\"faq-item-question\">\r\n\t\t\t\t\t\t<h3 class=\"faq-item-question-text\">I migliori esempi di utilizzo dell'integrazione della galleria di immagini reattiva<\/h3>\r\n\r\n\t\t\t\t\t\t<div class=\"faq-item-question-icon\"><\/div>\r\n\t\t\t\t\t<\/div>\r\n\r\n\t\t\t\t\t<div class=\"faq-item-answer\">\r\n\t\t\t\t\t\t<div class=\"faq-item-answer-text\"><p>Abbiamo tantissime opzioni di personalizzazione: widget su vasta scala da inserire nella zona dei contenuti, widget mobili per funzionalit\u00e0 di scorrimento, layout per il pi\u00e8 di pagina del tuo sito web, intestazione e tutte le varianti delle possibilit\u00e0 verticali per le barre laterali e i menu del sito web. <\/p><\/div>\r\n\t\t\t\t\t<\/div>\r\n\t\t\t\t<\/div><div class=\"faq-item\">\r\n\t\t\t\t\t<div class=\"faq-item-question\">\r\n\t\t\t\t\t\t<h3 class=\"faq-item-question-text\">Come posso creare un servizio fotografico o una galleria fotografica di prodotti con l'aiuto dell'editor? <\/h3>\r\n\r\n\t\t\t\t\t\t<div class=\"faq-item-question-icon\"><\/div>\r\n\t\t\t\t\t<\/div>\r\n\r\n\t\t\t\t\t<div class=\"faq-item-answer\">\r\n\t\t\t\t\t\t<div class=\"faq-item-answer-text\"><p>Puoi creare qualsiasi variante del widget. Ci sono una vasta gamma di layout a tua disposizione nell&#8217;editor e tutti possono essere facilmente modificati secondo le tue esigenze. <\/p><\/div>\r\n\t\t\t\t\t<\/div>\r\n\t\t\t\t<\/div><\/div><div class=\"application-platform-content-item-features application-platform-content-item\" id=\"features\" data-nav-section=\"features\"><h2>Caratteristiche<\/h2> <p>Controlla un elenco di tutti i tratti funzionali di Photo Gallery per Magento. Sono disponibili direttamente nell&#8217;editor e ti aiuteranno a modellare il widget esattamente per il tuo caso d&#8217;uso. <\/p> <ul> <li>Aggiungi CTA per guidare il tuo pubblico verso la conversione. <\/li> <li>Regola la durata del cambio diapositiva. <\/li> <li>Scegli tra numerose varianti di impaginazione. <\/li> <li>Inserisci i tuoi contenuti in qualsiasi punto della pagina tramite la posizione avanzata. <\/li> <li>Regola cinque opzioni di contenuto. <\/li> <\/ul> <p><a href=\"#demo\">Scopri come funzionano tutte le funzionalit\u00e0, nella nostra demo<\/a><\/p> <\/div> <div class=\"application-platform-content-item-installation application-platform-content-item\" id=\"installation\" data-nav-section=\"installation\"> <h2>Come aggiungere l&#8217;estensione Galleria fotografica a Magento?<\/h2> <p>Segui semplicemente i passaggi descritti di seguito per incorporare l&#8217;estensione Galleria fotografica su Magento.<\/p> <ol><li><b>Utilizza la nostra estensione gratuita editor e inizia a dare forma al tuo strumento personalizzato. <\/b><br> Scegli l&#8217;interfaccia e le funzionalit\u00e0 desiderate del widget e applica le modifiche. <\/li> <li><b>Acquisisci il tuo codice individuale visualizzato nella finestra delle app Elfsight. <\/b><br> Una volta completata la configurazione del tuo strumento personale, copia il codice esclusivo dalla finestra visualizzata e salvalo per un utilizzo futuro. <\/li> <li><b>Inizia a utilizzare l&#8217;estensione sul tuo sito Magento. <\/b><br> Incorpora il codice copiato in precedenza nella tua home page e salva le correzioni. <\/li> <li><b>Fatto! L&#8217;integrazione \u00e8 completamente compiuta. <\/b><br> Vai alla tua pagina per visualizzare le prestazioni del widget. <\/li><\/ol><p>Non esitate a contattare il servizio clienti Elfsight se avete bisogno di consigli o avete domande. Daremo una mano con ogni richiesta. <\/p> <\/div>","protected":false},"excerpt":{"rendered":"","protected":false},"author":9,"featured_media":0,"parent":1677,"menu_order":0,"comment_status":"closed","ping_status":"closed","template":"templates\/template-application-platform.php","meta":{"publish_to_discourse":"","publish_post_category":"","wpdc_auto_publish_overridden":"","wpdc_topic_tags":"","wpdc_pin_topic":"","wpdc_pin_until":"","discourse_post_id":"","discourse_permalink":"","wpdc_publishing_response":"","wpdc_publishing_error":"","footnotes":""},"class_list":["post-5219","page","type-page","status-publish","hentry"],"yoast_head":"<!-- This site is optimized with the Yoast SEO plugin v25.3.1 - https:\/\/yoast.com\/wordpress\/plugins\/seo\/ -->\n<title>Galleria fotografica: aggiungi il widget Galleria fotografica a Magento [2026]<\/title>\n<meta name=\"description\" content=\"Prova la migliore estensione reattiva per Galleria fotografica per Magento (gratuita). Un plugin per gallerie semplice e veloce che si integra senza competenze di sviluppo.\" \/>\n<meta name=\"robots\" content=\"index, follow, max-snippet:-1, max-image-preview:large, max-video-preview:-1\" \/>\n<link rel=\"canonical\" href=\"https:\/\/elfsight.com\/it\/photo-gallery-widget\/magento\/\" \/>\n<meta property=\"og:locale\" content=\"it_IT\" \/>\n<meta property=\"og:type\" content=\"article\" \/>\n<meta property=\"og:title\" content=\"Galleria fotografica: aggiungi il widget Galleria fotografica a Magento [2026]\" \/>\n<meta property=\"og:description\" content=\"Prova la migliore estensione reattiva per Galleria fotografica per Magento (gratuita). Un plugin per gallerie semplice e veloce che si integra senza competenze di sviluppo.\" \/>\n<meta property=\"og:url\" content=\"https:\/\/elfsight.com\/it\/photo-gallery-widget\/magento\/\" \/>\n<meta property=\"og:site_name\" content=\"Elfsight IT\" \/>\n<meta property=\"article:modified_time\" content=\"2024-11-12T08:28:07+00:00\" \/>\n<meta name=\"twitter:card\" content=\"summary_large_image\" \/>\n<meta name=\"twitter:label1\" content=\"Tempo di lettura stimato\" \/>\n\t<meta name=\"twitter:data1\" content=\"3 minuti\" \/>\n<!-- \/ Yoast SEO plugin. -->","yoast_head_json":{"title":"Galleria fotografica: aggiungi il widget Galleria fotografica a Magento [2026]","description":"Prova la migliore estensione reattiva per Galleria fotografica per Magento (gratuita). Un plugin per gallerie semplice e veloce che si integra senza competenze di sviluppo.","robots":{"index":"index","follow":"follow","max-snippet":"max-snippet:-1","max-image-preview":"max-image-preview:large","max-video-preview":"max-video-preview:-1"},"canonical":"https:\/\/elfsight.com\/it\/photo-gallery-widget\/magento\/","og_locale":"it_IT","og_type":"article","og_title":"Galleria fotografica: aggiungi il widget Galleria fotografica a Magento [2026]","og_description":"Prova la migliore estensione reattiva per Galleria fotografica per Magento (gratuita). Un plugin per gallerie semplice e veloce che si integra senza competenze di sviluppo.","og_url":"https:\/\/elfsight.com\/it\/photo-gallery-widget\/magento\/","og_site_name":"Elfsight IT","article_modified_time":"2024-11-12T08:28:07+00:00","twitter_card":"summary_large_image","twitter_misc":{"Tempo di lettura stimato":"3 minuti"},"schema":{"@context":"https:\/\/schema.org","@graph":[{"@type":"WebPage","@id":"https:\/\/elfsight.com\/it\/photo-gallery-widget\/magento\/","url":"https:\/\/elfsight.com\/it\/photo-gallery-widget\/magento\/","name":"Galleria fotografica: aggiungi il widget Galleria fotografica a Magento [2026]","isPartOf":{"@id":"https:\/\/elfsight.com\/it\/#website"},"datePublished":"1970-01-01T00:00:00+00:00","dateModified":"2024-11-12T08:28:07+00:00","description":"Prova la migliore estensione reattiva per Galleria fotografica per Magento (gratuita). Un plugin per gallerie semplice e veloce che si integra senza competenze di sviluppo.","breadcrumb":{"@id":"https:\/\/elfsight.com\/it\/photo-gallery-widget\/magento\/#breadcrumb"},"inLanguage":"it-IT","potentialAction":[{"@type":"ReadAction","target":["https:\/\/elfsight.com\/it\/photo-gallery-widget\/magento\/"]}]},{"@type":"BreadcrumbList","@id":"https:\/\/elfsight.com\/it\/photo-gallery-widget\/magento\/#breadcrumb","itemListElement":[{"@type":"ListItem","position":1,"name":"Home","item":"https:\/\/elfsight.com\/it\/"},{"@type":"ListItem","position":2,"name":"Photo Gallery","item":"https:\/\/elfsight.com\/it\/photo-gallery-widget\/"},{"@type":"ListItem","position":3,"name":"Photo Gallery &#8211; Magento"}]},{"@type":"WebSite","@id":"https:\/\/elfsight.com\/it\/#website","url":"https:\/\/elfsight.com\/it\/","name":"Elfsight IT","description":"Just another Elfsight Sites site","potentialAction":[{"@type":"SearchAction","target":{"@type":"EntryPoint","urlTemplate":"https:\/\/elfsight.com\/it\/?s={search_term_string}"},"query-input":{"@type":"PropertyValueSpecification","valueRequired":true,"valueName":"search_term_string"}}],"inLanguage":"it-IT"}]}},"meta_box":{"industry":"","seo_heading":"","heading":"","description":"","cta_heading":"","cta_description":"","application":"1676","h1":"Widget Galleria fotografica Magento","h1_caption":"Mostra le tue immagini in una galleria interattiva e personalizzabile che migliora l'attrattiva visiva del tuo sito web nel tuo sito Magento senza sforzo.","application_category":[],"applications_title":"","applications_request_title":"","applications_request_button_text":"","hero_text":"","hero_video":"","hero_video_schema_markup":"","selling_points_title":"","selling_points_caption":"","selling_points":[],"selling_points_cta_text":"","features_title":"","features":"","ed_cta_examples_text":"","ed_cta_examples_hidden":"","ed_cta_demo_text":"","ed_cta_demo_hidden":"","why_caption":"","why_editor_title":"","why_editor_text":"","why_team_title":"","why_team_text":"","why_service_title":"","why_service_text":"","template_catalog_visible":"","template_catalog_title":"","template_catalog_text":"","template_catalog_categories_visible":"","demo_title":"Crea la tua estensione Galleria fotografica","demo_caption":"Configura la tua Galleria fotografica e aggiungila gratuitamente al tuo sito Magento!","default_faq_hidden":"","app_template_category":[],"platform":"39","template_public_id":"","codecanyon_url":"","codecanyon_item_id":"","codecanyon_price":"","pricing_caption":"","pricing_elfsight_apps_hide_column":"","pricing_elfsight_apps_url":"","pricing_codecanyon_price_caption":"","integration_category":[],"integration_request_title":"","integration_request_cta":"","integration_platform":"","integrations":[],"platform_category":[],"video_schema_markup":"","price":"da $ 0 al mese","trial":"","benefits":[{"text":"Aiuto per l'installazione gratuito"},{"text":"Servizio clienti professionale"},{"text":"Garanzia di rimborso di 14 giorni"},{"text":"Miglioramenti gratuiti continui"}],"button_url":"#demo","button_target_blank":"","button_nofollow":"","attributes":[{"name":"Installazioni"},{"name":"Reattivo","content":"S\u00cc"},{"name":"Browser compatibili","content":"Firefox, Safari, Opera, Chrome, Edge"}],"tags":[],"tags_disable_links":"","hide_more_platforms":"","video_object":"","demo_hide_cta":"","demo_hide_cloud_options":"","pricing_title":"","pricing":[{"pricing_icon":"platform","pricing_title":"Elfsight Apps","pricing_title_caption":"Soluzione multipiattaforma adatta a qualsiasi sito","pricing_price":"da $ 0 \/ mese","pricing_price_caption":"inizia con un piano gratuito","pricing_benefits":[{"text":"Domini illimitati"},{"text":"Supporto 24 ore su 24, 7 giorni su 7"},{"text":"Servizio di installazione gratuito"},{"text":"Progettazione flessibile"}],"pricing_button_text":"Aggiungi al sito web","pricing_button_url":"#demo"}],"related_apps_title":"","related_apps_hidden":"","author":"","image":[],"title":"","job":"","social_networks":[]},"_links":{"self":[{"href":"https:\/\/elfsight.com\/it\/wp-json\/wp\/v2\/pages\/5219","targetHints":{"allow":["GET"]}}],"collection":[{"href":"https:\/\/elfsight.com\/it\/wp-json\/wp\/v2\/pages"}],"about":[{"href":"https:\/\/elfsight.com\/it\/wp-json\/wp\/v2\/types\/page"}],"author":[{"embeddable":true,"href":"https:\/\/elfsight.com\/it\/wp-json\/wp\/v2\/users\/9"}],"replies":[{"embeddable":true,"href":"https:\/\/elfsight.com\/it\/wp-json\/wp\/v2\/comments?post=5219"}],"version-history":[{"count":1,"href":"https:\/\/elfsight.com\/it\/wp-json\/wp\/v2\/pages\/5219\/revisions"}],"predecessor-version":[{"id":5223,"href":"https:\/\/elfsight.com\/it\/wp-json\/wp\/v2\/pages\/5219\/revisions\/5223"}],"up":[{"embeddable":true,"href":"https:\/\/elfsight.com\/it\/wp-json\/wp\/v2\/pages\/1677"}],"wp:attachment":[{"href":"https:\/\/elfsight.com\/it\/wp-json\/wp\/v2\/media?parent=5219"}],"curies":[{"name":"wp","href":"https:\/\/api.w.org\/{rel}","templated":true}]}}