{"id":5210,"date":"1970-01-01T00:00:00","date_gmt":"1970-01-01T00:00:00","guid":{"rendered":"https:\/\/elfsight.com\/it\/?page_id=5210"},"modified":"2025-03-23T19:22:07","modified_gmt":"2025-03-23T19:22:07","slug":"squarespace","status":"publish","type":"page","link":"https:\/\/elfsight.com\/it\/photo-gallery-widget\/squarespace\/","title":{"rendered":"Photo Gallery &#8211; Squarespace"},"content":{"rendered":"\n<div class=\"application-platform-content-item-description application-platform-content-item\" id=\"description\" data-nav-section=\"description\"><h2>Incorpora la Galleria fotografica su Squarespace con il widget Elfsight<\/h2> <p>La Galleria Elfsight \u00e8 il modo migliore per organizzare le tue immagini o progettare un album eleganti sul tuo sito web. Carica qualsiasi quantit\u00e0 di foto, inserisci didascalie e seleziona il modo ottimale per posizionarle sulla pagina. Il nostro plugin include sei layout e diverse altre opzioni di progettazione. Ogni foto si apre in modalit\u00e0 popup, i visitatori possono sfogliarla o utilizzare una presentazione, ingrandire e rimpicciolire e ammirare le immagini a schermo intero. Puoi selezionare i colori pi\u00f9 corrispondenti per l&#8217;interfaccia del widget e aggiungere uno sfondo personalizzato, modificare le impostazioni del testo e ulteriori opportunit\u00e0 di stile. <\/p> <p><b>Ispira i clienti con bellissime gallerie fotografiche!<\/b><br><\/p><p>Applica il nostro plug-in reattivo Galleria immagini per mostrare le tue offerte pi\u00f9 impressionanti o per vantare le foto dei tuoi prodotti. <\/p><p><b>Esponi i tuoi lavori o prodotti eccezionali<\/b><br><\/p><p>Le tue foto e immagini notevoli otterranno pi\u00f9 visualizzazioni e cattureranno le persone pi\u00f9 a lungo, aumentando il coinvolgimento complessivo sul tuo sito web.<\/p><p><b>Aumenta le vendite in pochi clic<\/b><br>Mostrando le tue abilit\u00e0 sul widget Foto, lascerai il pubblico del tuo sito web incapace di resistere all&#8217;acquisto in un momento cos\u00ec aumentando cos\u00ec le tue vendite.<div class=\"faq\" data-component=\"FAQ\"> <div class=\"faq-item\">\r\n\t\t\t\t\t<div class=\"faq-item-question\">\r\n\t\t\t\t\t\t<h3 class=\"faq-item-question-text\">Quali altri strumenti per Squarespace hai? <\/h3>\r\n\r\n\t\t\t\t\t\t<div class=\"faq-item-question-icon\"><\/div>\r\n\t\t\t\t\t<\/div>\r\n\r\n\t\t\t\t\t<div class=\"faq-item-answer\">\r\n\t\t\t\t\t\t<div class=\"faq-item-answer-text\"> <\/p><p>Non c&#8217;\u00e8 fine ai diversi strumenti per svolgere qualsiasi tipo di attivit\u00e0 sul tuo sito web. Guardane alcuni: <a href=\"https:\/\/elfsight.com\/qr-code-widget\/squarespace\/\">QR Code<\/a>, <a href=\"https:\/\/elfsight.com\/google-reviews-widget\/squarespace\/\">Google Recensioni<\/a>, <a href=\"https:\/\/elfsight.com\/whatsapp-chat-widget\/squarespace\/\">Chat di WhatsApp<\/a>, <a href=\"https:\/\/elfsight.com\/event-calendar-widget\/squarespace\/\">Calendario eventi<\/a>, <a href=\"https:\/\/elfsight.com\/countdown-timer-widget\/squarespace\/\">Conto alla rovescia Timer<\/a>.<\/p> <\/div>\r\n\t\t\t\t\t<\/div>\r\n\t\t\t\t<\/div> <div class=\"faq-item\">\r\n\t\t\t\t\t<div class=\"faq-item-question\">\r\n\t\t\t\t\t\t<h3 class=\"faq-item-question-text\">In che modo incorporo il plug-in Galleria fotografica nel mio sito web Squarespace? <\/h3>\r\n\r\n\t\t\t\t\t\t<div class=\"faq-item-question-icon\"><\/div>\r\n\t\t\t\t\t<\/div>\r\n\r\n\t\t\t\t\t<div class=\"faq-item-answer\">\r\n\t\t\t\t\t\t<div class=\"faq-item-answer-text\"> <p>Puoi aggiungere facilmente il plug-in Galleria fotografica al tuo sito Squarespace e non devi preoccuparti della visualizzazione delle immagini e delle immagini della tua galleria: il plug-in \u00e8 altamente reattivo. Per incorporare il plugin nel tuo sito Squarespace, apri semplicemente il nostro configuratore gratuito ed esegui le seguenti azioni: <\/p><ol><li>Seleziona le impostazioni del tema. <\/li><li>seleziona la parte in cui vuoi integrare la Galleria Fotografica. <\/li><li>Incorpora il codice dal servizio Elfsight Apps e utilizza le tue modifiche. <\/li><li>Fatto. <\/li><\/ol><p>Sei inoltre invitato a consultare la nostra guida informativa sulle funzionalit\u00e0 e sull&#8217;installazione del widget <a href=\"https:\/\/elfsight.com\/tutorials\/how-to-add-photo-gallery-to-website\/#how-to-add-gallery-to-squarespace\">qui<\/a>.<\/p><\/div>\r\n\t\t\t\t\t<\/div>\r\n\t\t\t\t<\/div> <div class=\"faq-item\">\r\n\t\t\t\t\t<div class=\"faq-item-question\">\r\n\t\t\t\t\t\t<h3 class=\"faq-item-question-text\">Esiste un modo per testare il widget Galleria fotografica Squarespace in corso? <\/h3>\r\n\r\n\t\t\t\t\t\t<div class=\"faq-item-question-icon\"><\/div>\r\n\t\t\t\t\t<\/div>\r\n\r\n\t\t\t\t\t<div class=\"faq-item-answer\">\r\n\t\t\t\t\t\t<div class=\"faq-item-answer-text\"> Sei libero di vedere il nostro plug-in Galleria fotografica per Squarespace nel nostro <a href=\"https:\/\/elfsight.com\/photo-gallery-widget\/#demo\">attivo<\/a>. E come bonus, puoi anche utilizzare la demo per aggiungere il plug-in al tuo sito web.<\/div>\r\n\t\t\t\t\t<\/div>\r\n\t\t\t\t<\/div> <\/div><\/div> <div class=\"application-platform-content-item-features application-platform-content-item\" id=\"features\" data-nav-section=\"features\"><p><\/p><h2>Caratteristiche principali del widget Galleria fotografica<\/h2> <p>Vedi tutte le funzionalit\u00e0 e gli esempi di Galleria fotografica per Squarespace. Puoi gestirli direttamente nell&#8217;editor e ti aiuteranno a configurare il widget esattamente per il tuo caso. <\/p> <ul> <li>Utilizza i CTA per guidare il tuo pubblico verso il tuo obiettivo. <\/li> <li>Durata personalizzata del cambio di diapositiva. <\/li> <li>Scegli tra numerose varianti di impaginazione. <\/li> <li>Posiziona il testo in qualsiasi punto della pagina tramite la posizione avanzata. <\/li> <li>Regola 5 opzioni di contenuto. <\/li> <\/ul> <p><a href=\"#demo\">Controlla come funzionano tutte le funzionalit\u00e0, nella nostra demo<\/a><\/p> <\/div> <div class=\"application-platform-content-item-installation application-platform-content-item\" id=\"installation\" data-nav-section=\"installation\"> <h2>Come incorporare la Galleria fotografica nel mio sito Squarespace? <\/h2> <div class=\"video-container\"><iframe width=\"560\" height=\"315\" src=\"https:\/\/www.youtube.com\/embed\/NInaeiXPyv0?si=qoULNuPCNFgaUlda\" frameborder=\"0\" allow=\"accelerometer; autoplay; clipboard-write; encrypted-media; gyroscope; picture-in-picture; web-share\" allowfullscreen><\/iframe><\/div><p>Per aggiungere il plugin, segui le linee guida di seguito.<\/p> <ol><li><b>Costruisci il tuo plugin personale per la Galleria<\/b><br> Tramite del nostro editor gratuito, crea un widget con layout e funzioni personalizzate. <\/li> <li><b>Copia il codice personale per incorporare il plugin<\/b><br> Dopo aver personalizzato il tuo widget, acquisirai il codice individuale dalla finestra popup sulle app Elfsight. Copia questo codice. <\/li> <li><b>Integra il plug-in sul tuo sito Squarespace<\/b><br> Trova la posizione in cui intendi aggiungere il widget e incolla l\u00ec il codice salvato. Applicare le modifiche. <\/li> <li><b>L&#8217;installazione \u00e8 riuscita! <\/b><br> Vai allo store per vedere il tuo plugin. <\/li> <\/ol> <p>Sentiti libero di comunicare con il servizio di supporto Elfsight se hai bisogno di assistenza o hai qualcosa da chiedere. Saremo felici di aiutarvi con ogni richiesta. <\/p> <\/div>\n","protected":false},"excerpt":{"rendered":"","protected":false},"author":9,"featured_media":0,"parent":1677,"menu_order":0,"comment_status":"closed","ping_status":"closed","template":"templates\/template-application-platform.php","meta":{"publish_to_discourse":"","publish_post_category":"","wpdc_auto_publish_overridden":"","wpdc_topic_tags":"","wpdc_pin_topic":"","wpdc_pin_until":"","discourse_post_id":"","discourse_permalink":"","wpdc_publishing_response":"","wpdc_publishing_error":"","footnotes":""},"class_list":["post-5210","page","type-page","status-publish","hentry"],"yoast_head":"<!-- This site is optimized with the Yoast SEO plugin v25.3.1 - https:\/\/yoast.com\/wordpress\/plugins\/seo\/ -->\n<title>Miglior widget Galleria fotografica per il sito Web Squarespace (gratuito e senza codifica)<\/title>\n<meta name=\"description\" content=\"Aggiungi un plug-in reattivo per la Galleria fotografica sul tuo sito Squarespace e ottieni la massima fiducia. Utilizza la demo facile da usare di Elfsight per creare il tuo prodotto unico.\" \/>\n<meta name=\"robots\" content=\"index, follow, max-snippet:-1, max-image-preview:large, max-video-preview:-1\" \/>\n<link rel=\"canonical\" href=\"https:\/\/elfsight.com\/it\/photo-gallery-widget\/squarespace\/\" \/>\n<meta property=\"og:locale\" content=\"it_IT\" \/>\n<meta property=\"og:type\" content=\"article\" \/>\n<meta property=\"og:title\" content=\"Miglior widget Galleria fotografica per il sito Web Squarespace (gratuito e senza codifica)\" \/>\n<meta property=\"og:description\" content=\"Aggiungi un plug-in reattivo per la Galleria fotografica sul tuo sito Squarespace e ottieni la massima fiducia. Utilizza la demo facile da usare di Elfsight per creare il tuo prodotto unico.\" \/>\n<meta property=\"og:url\" content=\"https:\/\/elfsight.com\/it\/photo-gallery-widget\/squarespace\/\" \/>\n<meta property=\"og:site_name\" content=\"Elfsight IT\" \/>\n<meta property=\"article:modified_time\" content=\"2025-03-23T19:22:07+00:00\" \/>\n<meta name=\"twitter:card\" content=\"summary_large_image\" \/>\n<meta name=\"twitter:label1\" content=\"Tempo di lettura stimato\" \/>\n\t<meta name=\"twitter:data1\" content=\"4 minuti\" \/>\n<!-- \/ Yoast SEO plugin. -->","yoast_head_json":{"title":"Miglior widget Galleria fotografica per il sito Web Squarespace (gratuito e senza codifica)","description":"Aggiungi un plug-in reattivo per la Galleria fotografica sul tuo sito Squarespace e ottieni la massima fiducia. Utilizza la demo facile da usare di Elfsight per creare il tuo prodotto unico.","robots":{"index":"index","follow":"follow","max-snippet":"max-snippet:-1","max-image-preview":"max-image-preview:large","max-video-preview":"max-video-preview:-1"},"canonical":"https:\/\/elfsight.com\/it\/photo-gallery-widget\/squarespace\/","og_locale":"it_IT","og_type":"article","og_title":"Miglior widget Galleria fotografica per il sito Web Squarespace (gratuito e senza codifica)","og_description":"Aggiungi un plug-in reattivo per la Galleria fotografica sul tuo sito Squarespace e ottieni la massima fiducia. Utilizza la demo facile da usare di Elfsight per creare il tuo prodotto unico.","og_url":"https:\/\/elfsight.com\/it\/photo-gallery-widget\/squarespace\/","og_site_name":"Elfsight IT","article_modified_time":"2025-03-23T19:22:07+00:00","twitter_card":"summary_large_image","twitter_misc":{"Tempo di lettura stimato":"4 minuti"},"schema":{"@context":"https:\/\/schema.org","@graph":[{"@type":"WebPage","@id":"https:\/\/elfsight.com\/it\/photo-gallery-widget\/squarespace\/","url":"https:\/\/elfsight.com\/it\/photo-gallery-widget\/squarespace\/","name":"Miglior widget Galleria fotografica per il sito Web Squarespace (gratuito e senza codifica)","isPartOf":{"@id":"https:\/\/elfsight.com\/it\/#website"},"datePublished":"1970-01-01T00:00:00+00:00","dateModified":"2025-03-23T19:22:07+00:00","description":"Aggiungi un plug-in reattivo per la Galleria fotografica sul tuo sito Squarespace e ottieni la massima fiducia. Utilizza la demo facile da usare di Elfsight per creare il tuo prodotto unico.","breadcrumb":{"@id":"https:\/\/elfsight.com\/it\/photo-gallery-widget\/squarespace\/#breadcrumb"},"inLanguage":"it-IT","potentialAction":[{"@type":"ReadAction","target":["https:\/\/elfsight.com\/it\/photo-gallery-widget\/squarespace\/"]}]},{"@type":"BreadcrumbList","@id":"https:\/\/elfsight.com\/it\/photo-gallery-widget\/squarespace\/#breadcrumb","itemListElement":[{"@type":"ListItem","position":1,"name":"Home","item":"https:\/\/elfsight.com\/it\/"},{"@type":"ListItem","position":2,"name":"Photo Gallery","item":"https:\/\/elfsight.com\/it\/photo-gallery-widget\/"},{"@type":"ListItem","position":3,"name":"Photo Gallery &#8211; Squarespace"}]},{"@type":"WebSite","@id":"https:\/\/elfsight.com\/it\/#website","url":"https:\/\/elfsight.com\/it\/","name":"Elfsight IT","description":"Just another Elfsight Sites site","potentialAction":[{"@type":"SearchAction","target":{"@type":"EntryPoint","urlTemplate":"https:\/\/elfsight.com\/it\/?s={search_term_string}"},"query-input":{"@type":"PropertyValueSpecification","valueRequired":true,"valueName":"search_term_string"}}],"inLanguage":"it-IT"}]}},"meta_box":{"industry":"","seo_heading":"","heading":"","description":"","cta_heading":"","cta_description":"","application":"1676","h1":"Plug-in Galleria fotografica di Squarespace","h1_caption":"Mostra le tue immagini in una galleria interattiva e personalizzabile che migliora l'impatto visivo del tuo sito web nel tuo sito web Squarespace senza sforzo.","application_category":[],"applications_title":"","applications_request_title":"","applications_request_button_text":"","hero_text":"","hero_video":"","hero_video_schema_markup":"","selling_points_title":"","selling_points_caption":"","selling_points":[],"selling_points_cta_text":"","features_title":"","features":"","ed_cta_examples_text":"","ed_cta_examples_hidden":"","ed_cta_demo_text":"","ed_cta_demo_hidden":"","why_caption":"","why_editor_title":"","why_editor_text":"","why_team_title":"","why_team_text":"","why_service_title":"","why_service_text":"","template_catalog_visible":"0","template_catalog_title":"","template_catalog_text":"","template_catalog_categories_visible":"","demo_title":"Crea il tuo plugin per la Galleria fotografica","demo_caption":"Configura la tua Galleria fotografica e aggiungila gratuitamente al tuo sito web Squarespace!","default_faq_hidden":"","app_template_category":[],"platform":"43","template_public_id":"","codecanyon_url":"","codecanyon_item_id":"","codecanyon_price":"","pricing_caption":"","pricing_elfsight_apps_hide_column":"","pricing_elfsight_apps_url":"","pricing_codecanyon_price_caption":"","integration_category":[],"integration_request_title":"","integration_request_cta":"","integration_platform":"","integrations":[],"platform_category":[],"video_schema_markup":"","price":"da $ 0 al mese","trial":"","benefits":[{"text":"Assistenza gratuita per l'installazione"},{"text":"Servizio clienti competente"},{"text":"Garanzia di rimborso di 14 giorni"},{"text":"Miglioramenti continui"}],"button_url":"#demo","button_target_blank":"0","button_nofollow":"0","attributes":[{"name":"Installazioni"},{"name":"Reattivo","content":"S\u00cc"},{"name":"Browser compatibili","content":"Firefox, Safari, Opera, Chrome, Edge"}],"tags":[],"tags_disable_links":"0","hide_more_platforms":"0","video_object":"","demo_hide_cta":"0","demo_hide_cloud_options":"0","pricing_title":"","pricing":[{"pricing_icon":"platform","pricing_title":"Elfsight Apps","pricing_title_caption":"Soluzione multipiattaforma che funziona su qualsiasi sito","pricing_price":"da $ 0 \/ mese","pricing_price_caption":"inizia con un piano gratuito","pricing_benefits":[{"text":"Siti web illimitati"},{"text":"Supporto aziendale professionale e ben documentato"},{"text":"Aiuto per l'installazione gratuito"},{"text":"Progettazione flessibile"}],"pricing_button_text":"Aggiungi al sito web","pricing_button_url":"#demo"}],"related_apps_title":"","related_apps_hidden":"0","author":"","image":[],"title":"","job":"","social_networks":[]},"_links":{"self":[{"href":"https:\/\/elfsight.com\/it\/wp-json\/wp\/v2\/pages\/5210","targetHints":{"allow":["GET"]}}],"collection":[{"href":"https:\/\/elfsight.com\/it\/wp-json\/wp\/v2\/pages"}],"about":[{"href":"https:\/\/elfsight.com\/it\/wp-json\/wp\/v2\/types\/page"}],"author":[{"embeddable":true,"href":"https:\/\/elfsight.com\/it\/wp-json\/wp\/v2\/users\/9"}],"replies":[{"embeddable":true,"href":"https:\/\/elfsight.com\/it\/wp-json\/wp\/v2\/comments?post=5210"}],"version-history":[{"count":5,"href":"https:\/\/elfsight.com\/it\/wp-json\/wp\/v2\/pages\/5210\/revisions"}],"predecessor-version":[{"id":9788,"href":"https:\/\/elfsight.com\/it\/wp-json\/wp\/v2\/pages\/5210\/revisions\/9788"}],"up":[{"embeddable":true,"href":"https:\/\/elfsight.com\/it\/wp-json\/wp\/v2\/pages\/1677"}],"wp:attachment":[{"href":"https:\/\/elfsight.com\/it\/wp-json\/wp\/v2\/media?parent=5210"}],"curies":[{"name":"wp","href":"https:\/\/api.w.org\/{rel}","templated":true}]}}