{"id":5205,"date":"1970-01-01T00:00:00","date_gmt":"1970-01-01T00:00:00","guid":{"rendered":"https:\/\/elfsight.com\/it\/?page_id=5205"},"modified":"2025-03-23T19:24:10","modified_gmt":"2025-03-23T19:24:10","slug":"webflow","status":"publish","type":"page","link":"https:\/\/elfsight.com\/it\/photo-gallery-widget\/webflow\/","title":{"rendered":"Photo Gallery &#8211; Webflow"},"content":{"rendered":"\n<div class=\"application-platform-content-item-description application-platform-content-item\" id=\"description\" data-nav-section=\"description\"><h2>Incorpora la Galleria fotografica su Webflow con il widget Elfsight<\/h2> <p>La Galleria Elfsight \u00e8 il modo pi\u00f9 veloce per mostrare immagini o progettare un elegante galleria sul tuo sito web. Carica qualsiasi quantit\u00e0 di immagini, mostra le descrizioni e trova il modo ottimale per posizionarle sulla pagina. Il widget Elfsight include sei layout e molte opzioni di interfaccia aggiuntive. Ogni immagine viene visualizzata in un popup, gli utenti possono scorrerla o attivare una presentazione, ingrandire e ammirare le foto a schermo intero. Hai la possibilit\u00e0 di colorare l&#8217;interfaccia del widget e applicare uno sfondo unico, utilizzare opzioni di testo e pi\u00f9 variazioni di stile. <\/p> <p><b>Aumenta il coinvolgimento degli utenti con raccolte di foto imperdibili! <\/b><\/p> <div class=\"faq\" data-component=\"FAQ\"> <div class=\"faq-item\">\r\n\t\t\t\t\t<div class=\"faq-item-question\">\r\n\t\t\t\t\t\t<h3 class=\"faq-item-question-text\">Quali altri plugin per Webflow posso usare? <\/h3>\r\n\r\n\t\t\t\t\t\t<div class=\"faq-item-question-icon\"><\/div>\r\n\t\t\t\t\t<\/div>\r\n\r\n\t\t\t\t\t<div class=\"faq-item-answer\">\r\n\t\t\t\t\t\t<div class=\"faq-item-answer-text\"> <p>Sei libero di testare una miriade di plugin per qualsiasi scopo sul tuo sito web, indipendentemente dal tuo ambito di business . Ad esempio, puoi iniziare con questi: <a href=\"https:\/\/elfsight.com\/online-form-builder\/webflow\/\">Form Builder<\/a>, <a href=\"https:\/\/elfsight.com\/cookie-consent-widget\/webflow\/\">Consenso sui cookie<\/a>, <a href=\"https:\/\/elfsight.com\/popup-widget\/webflow\/\">Popup<\/a>, <a href=\"https:\/\/elfsight.com\/instagram-feed-instashow\/webflow\/\">Feed di Instagram<\/a>, <a href=\"https:\/\/elfsight.com\/slider-widget\/webflow\/\">Slider<\/a>.<\/p> <\/div>\r\n\t\t\t\t\t<\/div>\r\n\t\t\t\t<\/div> <div class=\"faq-item\">\r\n\t\t\t\t\t<div class=\"faq-item-question\">\r\n\t\t\t\t\t\t<h3 class=\"faq-item-question-text\">In che modo posso incorporare il widget Galleria fotografica nel mio sito Web Webflow? <\/h3>\r\n\r\n\t\t\t\t\t\t<div class=\"faq-item-question-icon\"><\/div>\r\n\t\t\t\t\t<\/div>\r\n\r\n\t\t\t\t\t<div class=\"faq-item-answer\">\r\n\t\t\t\t\t\t<div class=\"faq-item-answer-text\"> <p>Sei libero di aggiungere il widget Galleria fotografica al tuo sito Web Webflow per presenta una galleria altamente reattiva con le tue immagini e foto. Apri semplicemente il nostro configuratore gratuito per aggiungere il widget al tuo sito Webflow e segui questi passaggi: <\/p><ol><li>Seleziona le impostazioni del tema. <\/li><li>scegli l&#8217;elemento su cui desideri integrare la Galleria fotografica Webflow. <\/li><li>Aggiungi il codice dal servizio Elfsight Apps e salva le modifiche. <\/li><li>Tutto \u00e8 fatto. <\/li><\/ol><p>Inoltre, ti consigliamo di prestare attenzione alla nostra guida completa sull&#8217;installazione del widget sulle piattaforme pi\u00f9 popolari. Puoi trovare la guida <a href=\"https:\/\/elfsight.com\/tutorials\/how-to-add-photo-gallery-to-website\/#how-to-add-gallery-to-webflow\">qui<\/a>.<\/p><\/div>\r\n\t\t\t\t\t<\/div>\r\n\t\t\t\t<\/div> <div class=\"faq-item\">\r\n\t\t\t\t\t<div class=\"faq-item-question\">\r\n\t\t\t\t\t\t<h3 class=\"faq-item-question-text\">Esiste un modo per testare il widget Webflow Photo Gallery? <\/h3>\r\n\r\n\t\t\t\t\t\t<div class=\"faq-item-question-icon\"><\/div>\r\n\t\t\t\t\t<\/div>\r\n\r\n\t\t\t\t\t<div class=\"faq-item-answer\">\r\n\t\t\t\t\t\t<div class=\"faq-item-answer-text\"><p>Certamente! Puoi utilizzare la nostra <a href=\"https:\/\/elfsight.com\/photo-gallery-widget\/#demo\">demo<\/a> d&#8217;amore per farti un&#8217;idea delle funzionalit\u00e0 del widget. Inoltre, puoi utilizzare la demo per aggiungere il widget Galleria fotografica al tuo sito web Webflow!<\/p> <\/div>\r\n\t\t\t\t\t<\/div>\r\n\t\t\t\t<\/div> <\/div><\/div> <div class=\"application-platform-content-item-features application-platform-content-item\" id=\"features\" data-nav-section=\"features\"><h2>Caratteristiche principali della foto Widget Galleria<\/h2> <p>Controlla un elenco di tutti i tratti funzionali di Galleria fotografica per Webflow. Puoi impostarli direttamente nell&#8217;editor e ti aiuteranno a costruire il widget pi\u00f9 adatto alle tue esigenze. <\/p> <ul> <li>Utilizza i pulsanti CTA per guidare gli utenti verso il tuo obiettivo. <\/li> <li>Modifica la durata del cambio diapositiva. <\/li> <li>Scegli tra numerose opzioni di impaginazione. <\/li> <li>Posiziona il testo in qualsiasi punto della pagina tramite la posizione avanzata. <\/li> <li>Adatta cinque funzioni di contenuto. <\/li> <\/ul> <p><a href=\"#demo\">Puoi provare tutte le funzionalit\u00e0 del widget direttamente nella demo<\/a><\/p> <\/div> <div class=\"application-platform-content-item-installation application-platform-content-item\" id=\"installation\" data-nav-section=\"installation\"> <h2>Come integrare Galleria fotografica con Webflow? <\/h2> <div class=\"video-container\"><iframe width=\"560\" height=\"315\" src=\"https:\/\/www.youtube.com\/embed\/ewXlqsKW7zU?si=keSyzia2QEgx8sjO\" frameborder=\"0\" allow=\"accelerometer; autoplay; clipboard-write; encrypted-media; gyroscope; picture-in-picture; web-share\" allowfullscreen><\/iframe><\/div><p>Per introdurre il widget, basta seguire le istruzioni riportate di seguito. <\/p> <ol><li><b>Genera il tuo plug-in Galleria personalizzato<\/b><br> Con l&#8217;aiuto della nostra demo gratuita, configura un plug-in con un&#8217;interfaccia e funzioni personalizzate. <\/li> <li><b>Copia il codice individuale per visualizzare il plugin<\/b><br> Dopo aver configurato il tuo widget, otterrai il codice univoco dalla finestra visualizzata su Elfsight Apps. Copialo. <\/li> <li><b>Incorpora il plug-in nel tuo sito Webflow<\/b><br> Scegli la posizione in cui desideri posizionare il plug-in e inserisci l\u00ec il codice salvato. Salva i risultati. <\/li> <li><b>La configurazione \u00e8 terminata<\/b><br> Vai al sito, per dare un&#8217;occhiata al tuo lavoro. <\/li> <\/ol> <p>Sei invitato a contattare l&#8217;assistenza clienti nel caso in cui hai bisogno di consigli o hai qualcosa da chiedere. I nostri specialisti saranno lieti di assistervi per ogni richiesta. <\/p> <\/div>\n","protected":false},"excerpt":{"rendered":"","protected":false},"author":9,"featured_media":0,"parent":1677,"menu_order":0,"comment_status":"closed","ping_status":"closed","template":"templates\/template-application-platform.php","meta":{"publish_to_discourse":"","publish_post_category":"","wpdc_auto_publish_overridden":"","wpdc_topic_tags":"","wpdc_pin_topic":"","wpdc_pin_until":"","discourse_post_id":"","discourse_permalink":"","wpdc_publishing_response":"","wpdc_publishing_error":"","footnotes":""},"class_list":["post-5205","page","type-page","status-publish","hentry"],"yoast_head":"<!-- This site is optimized with the Yoast SEO plugin v25.3.1 - https:\/\/yoast.com\/wordpress\/plugins\/seo\/ -->\n<title>Galleria fotografica: aggiungi il widget Galleria fotografica al sito Web Webflow [2025]<\/title>\n<meta name=\"description\" content=\"Prova gratuitamente il miglior plug-in Galleria fotografica per Webflow. Un widget gallery semplice e veloce che si integra senza competenze di sviluppo.\" \/>\n<meta name=\"robots\" content=\"index, follow, max-snippet:-1, max-image-preview:large, max-video-preview:-1\" \/>\n<link rel=\"canonical\" href=\"https:\/\/elfsight.com\/it\/photo-gallery-widget\/webflow\/\" \/>\n<meta property=\"og:locale\" content=\"it_IT\" \/>\n<meta property=\"og:type\" content=\"article\" \/>\n<meta property=\"og:title\" content=\"Galleria fotografica: aggiungi il widget Galleria fotografica al sito Web Webflow [2025]\" \/>\n<meta property=\"og:description\" content=\"Prova gratuitamente il miglior plug-in Galleria fotografica per Webflow. Un widget gallery semplice e veloce che si integra senza competenze di sviluppo.\" \/>\n<meta property=\"og:url\" content=\"https:\/\/elfsight.com\/it\/photo-gallery-widget\/webflow\/\" \/>\n<meta property=\"og:site_name\" content=\"Elfsight IT\" \/>\n<meta property=\"article:modified_time\" content=\"2025-03-23T19:24:10+00:00\" \/>\n<meta name=\"twitter:card\" content=\"summary_large_image\" \/>\n<meta name=\"twitter:label1\" content=\"Tempo di lettura stimato\" \/>\n\t<meta name=\"twitter:data1\" content=\"3 minuti\" \/>\n<!-- \/ Yoast SEO plugin. -->","yoast_head_json":{"title":"Galleria fotografica: aggiungi il widget Galleria fotografica al sito Web Webflow [2025]","description":"Prova gratuitamente il miglior plug-in Galleria fotografica per Webflow. Un widget gallery semplice e veloce che si integra senza competenze di sviluppo.","robots":{"index":"index","follow":"follow","max-snippet":"max-snippet:-1","max-image-preview":"max-image-preview:large","max-video-preview":"max-video-preview:-1"},"canonical":"https:\/\/elfsight.com\/it\/photo-gallery-widget\/webflow\/","og_locale":"it_IT","og_type":"article","og_title":"Galleria fotografica: aggiungi il widget Galleria fotografica al sito Web Webflow [2025]","og_description":"Prova gratuitamente il miglior plug-in Galleria fotografica per Webflow. Un widget gallery semplice e veloce che si integra senza competenze di sviluppo.","og_url":"https:\/\/elfsight.com\/it\/photo-gallery-widget\/webflow\/","og_site_name":"Elfsight IT","article_modified_time":"2025-03-23T19:24:10+00:00","twitter_card":"summary_large_image","twitter_misc":{"Tempo di lettura stimato":"3 minuti"},"schema":{"@context":"https:\/\/schema.org","@graph":[{"@type":"WebPage","@id":"https:\/\/elfsight.com\/it\/photo-gallery-widget\/webflow\/","url":"https:\/\/elfsight.com\/it\/photo-gallery-widget\/webflow\/","name":"Galleria fotografica: aggiungi il widget Galleria fotografica al sito Web Webflow [2025]","isPartOf":{"@id":"https:\/\/elfsight.com\/it\/#website"},"datePublished":"1970-01-01T00:00:00+00:00","dateModified":"2025-03-23T19:24:10+00:00","description":"Prova gratuitamente il miglior plug-in Galleria fotografica per Webflow. Un widget gallery semplice e veloce che si integra senza competenze di sviluppo.","breadcrumb":{"@id":"https:\/\/elfsight.com\/it\/photo-gallery-widget\/webflow\/#breadcrumb"},"inLanguage":"it-IT","potentialAction":[{"@type":"ReadAction","target":["https:\/\/elfsight.com\/it\/photo-gallery-widget\/webflow\/"]}]},{"@type":"BreadcrumbList","@id":"https:\/\/elfsight.com\/it\/photo-gallery-widget\/webflow\/#breadcrumb","itemListElement":[{"@type":"ListItem","position":1,"name":"Home","item":"https:\/\/elfsight.com\/it\/"},{"@type":"ListItem","position":2,"name":"Photo Gallery","item":"https:\/\/elfsight.com\/it\/photo-gallery-widget\/"},{"@type":"ListItem","position":3,"name":"Photo Gallery &#8211; Webflow"}]},{"@type":"WebSite","@id":"https:\/\/elfsight.com\/it\/#website","url":"https:\/\/elfsight.com\/it\/","name":"Elfsight IT","description":"Just another Elfsight Sites site","potentialAction":[{"@type":"SearchAction","target":{"@type":"EntryPoint","urlTemplate":"https:\/\/elfsight.com\/it\/?s={search_term_string}"},"query-input":{"@type":"PropertyValueSpecification","valueRequired":true,"valueName":"search_term_string"}}],"inLanguage":"it-IT"}]}},"meta_box":{"industry":"","seo_heading":"","heading":"","description":"","cta_heading":"","cta_description":"","application":"1676","h1":"Widget Galleria fotografica del flusso Web","h1_caption":"Mostra le tue immagini in una galleria interattiva e personalizzabile che migliora l'attrattiva visiva del tuo sito web nel tuo sito Webflow senza sforzo.","application_category":[],"applications_title":"","applications_request_title":"","applications_request_button_text":"","hero_text":"","hero_video":"","hero_video_schema_markup":"","selling_points_title":"","selling_points_caption":"","selling_points":[],"selling_points_cta_text":"","features_title":"","features":"","ed_cta_examples_text":"","ed_cta_examples_hidden":"","ed_cta_demo_text":"","ed_cta_demo_hidden":"","why_caption":"","why_editor_title":"","why_editor_text":"","why_team_title":"","why_team_text":"","why_service_title":"","why_service_text":"","template_catalog_visible":"0","template_catalog_title":"","template_catalog_text":"","template_catalog_categories_visible":"","demo_title":"Crea il tuo widget Galleria fotografica","demo_caption":"Configura la tua Galleria fotografica e aggiungila gratuitamente al tuo sito Webflow!","default_faq_hidden":"","app_template_category":[],"platform":"44","template_public_id":"","codecanyon_url":"","codecanyon_item_id":"","codecanyon_price":"","pricing_caption":"","pricing_elfsight_apps_hide_column":"","pricing_elfsight_apps_url":"","pricing_codecanyon_price_caption":"","integration_category":[],"integration_request_title":"","integration_request_cta":"","integration_platform":"","integrations":[],"platform_category":[],"video_schema_markup":"","price":"da $ 0 al mese","trial":"","benefits":[{"text":"Servizio di installazione gratuito"},{"text":"Servizio clienti competente"},{"text":"Garanzia di rimborso di 14 giorni"},{"text":"Sviluppo continuo"}],"button_url":"#demo","button_target_blank":"0","button_nofollow":"0","attributes":[{"name":"Installazioni"},{"name":"Reattivo","content":"S\u00cc"},{"name":"Browser compatibili","content":"Firefox, Safari, Opera, Chrome, Edge"}],"tags":[],"tags_disable_links":"0","hide_more_platforms":"0","video_object":"","demo_hide_cta":"0","demo_hide_cloud_options":"0","pricing_title":"","pricing":[{"pricing_icon":"platform","pricing_title":"Elfsight Apps","pricing_title_caption":"Versione multipiattaforma adatta a qualsiasi sito","pricing_price":"da $ 0 \/ mese","pricing_price_caption":"inizia con il piano gratuito","pricing_benefits":[{"text":"Numero illimitato di domini"},{"text":"Supporto premium"},{"text":"Aiuto per l'installazione gratuito"},{"text":"Offerta speciale per pi\u00f9 app"}],"pricing_button_text":"Aggiungi al sito web","pricing_button_url":"#demo"}],"related_apps_title":"","related_apps_hidden":"0","author":"","image":[],"title":"","job":"","social_networks":[]},"_links":{"self":[{"href":"https:\/\/elfsight.com\/it\/wp-json\/wp\/v2\/pages\/5205","targetHints":{"allow":["GET"]}}],"collection":[{"href":"https:\/\/elfsight.com\/it\/wp-json\/wp\/v2\/pages"}],"about":[{"href":"https:\/\/elfsight.com\/it\/wp-json\/wp\/v2\/types\/page"}],"author":[{"embeddable":true,"href":"https:\/\/elfsight.com\/it\/wp-json\/wp\/v2\/users\/9"}],"replies":[{"embeddable":true,"href":"https:\/\/elfsight.com\/it\/wp-json\/wp\/v2\/comments?post=5205"}],"version-history":[{"count":3,"href":"https:\/\/elfsight.com\/it\/wp-json\/wp\/v2\/pages\/5205\/revisions"}],"predecessor-version":[{"id":9790,"href":"https:\/\/elfsight.com\/it\/wp-json\/wp\/v2\/pages\/5205\/revisions\/9790"}],"up":[{"embeddable":true,"href":"https:\/\/elfsight.com\/it\/wp-json\/wp\/v2\/pages\/1677"}],"wp:attachment":[{"href":"https:\/\/elfsight.com\/it\/wp-json\/wp\/v2\/media?parent=5205"}],"curies":[{"name":"wp","href":"https:\/\/api.w.org\/{rel}","templated":true}]}}