{"id":5203,"date":"1970-01-01T00:00:00","date_gmt":"1970-01-01T00:00:00","guid":{"rendered":"https:\/\/elfsight.com\/it\/?page_id=5203"},"modified":"2025-03-23T19:26:30","modified_gmt":"2025-03-23T19:26:30","slug":"weebly","status":"publish","type":"page","link":"https:\/\/elfsight.com\/it\/photo-gallery-widget\/weebly\/","title":{"rendered":"Photo Gallery &#8211; Weebly"},"content":{"rendered":"\n<iframe width=\"720\" height=\"405\" src=\"https:\/\/www.youtube.com\/embed\/bVfGSyv6xVs\" frameborder=\"0\" allowfullscreen=\"\"><\/iframe><div class=\"application-platform-content-item-description application-platform-content-item\" id=\"description\" data-nav-section=\"description\"><h2>Descrizione<\/h2> <p>Elfsight Gallery \u00e8 il modo migliore per mostrare immagini o creare album eleganti sul tuo sito web. Inserisci un numero qualsiasi di immagini, inserisci didascalie e scegli il modo migliore per organizzarle sulla pagina. Il nostro widget offre sei varianti di layout e diverse altre funzionalit\u00e0 dell&#8217;interfaccia. Ogni immagine pu\u00f2 essere aperta in modalit\u00e0 popup, i visitatori possono sfogliarla o vedere una presentazione, utilizzare l&#8217;opzione di zoom e aprire le immagini a schermo intero. Puoi dipingere per gli elementi del widget e caricare uno sfondo personalizzato, modificare le opzioni di testo e ulteriori opportunit\u00e0 di stile.<\/p> <p><b>Crea una raccolta di foto imperdibile! <\/b><\/p> <div class=\"faq\" data-component=\"FAQ\"> <div class=\"faq-item\">\r\n\t\t\t\t\t<div class=\"faq-item-question\">\r\n\t\t\t\t\t\t<h3 class=\"faq-item-question-text\">Quali altri strumenti puoi offrire esattamente per Weebly? <\/h3>\r\n\r\n\t\t\t\t\t\t<div class=\"faq-item-question-icon\"><\/div>\r\n\t\t\t\t\t<\/div>\r\n\r\n\t\t\t\t\t<div class=\"faq-item-answer\">\r\n\t\t\t\t\t\t<div class=\"faq-item-answer-text\"> <p>Sei libero di provare tantissime app per qualsiasi scopo sul tuo sito, indipendentemente dal tuo ambito di business . Scegli quello pi\u00f9 adatto a te: <a href=\"https:\/\/elfsight.com\/qr-code-widget\/weebly\/\">QR Code<\/a>, <a href=\"https:\/\/elfsight.com\/youtube-channel-plugin-yottie\/weebly\/\">Galleria YouTube<\/a>, <a href=\"https:\/\/elfsight.com\/google-reviews-widget\/weebly\/\">Google Recensioni<\/a>, <a href=\"https:\/\/elfsight.com\/pdf-embed-widget\/weebly\">Feed PDF<\/a>, <a href=\"https:\/\/elfsight.com\/search-widget\/weebly\/\"> Cerca<\/a>.<\/p> <\/div>\r\n\t\t\t\t\t<\/div>\r\n\t\t\t\t<\/div> <div class=\"faq-item\">\r\n\t\t\t\t\t<div class=\"faq-item-question\">\r\n\t\t\t\t\t\t<h3 class=\"faq-item-question-text\">Come posso incorporare l'app Weebly Photo Gallery nel mio sito web? <\/h3>\r\n\r\n\t\t\t\t\t\t<div class=\"faq-item-question-icon\"><\/div>\r\n\t\t\t\t\t<\/div>\r\n\r\n\t\t\t\t\t<div class=\"faq-item-answer\">\r\n\t\t\t\t\t\t<div class=\"faq-item-answer-text\"> <p>Sei libero di aggiungere la nostra app Photo Gallery al tuo sito web Weebly per presentare foto e immagini in una galleria reattiva. Apri semplicemente il nostro configuratore gratuito ed esegui le seguenti azioni per aggiungere il widget al tuo sito web Weebly: <\/p><ol><li>Fai clic su Impostazioni tema. <\/li><li>Seleziona il blocco in cui desideri incorporare l&#8217;app. <\/li><li>Incorpora il codice dal servizio Elfsight Apps e utilizza le modifiche. <\/li><li>Semplice. <\/li><\/ol><p>E se stai cercando una guida completa sull&#8217;installazione del widget su tutte le piattaforme pi\u00f9 diffuse, puoi trovarla <a href=\"https:\/\/elfsight.com\/tutorials\/how-to-add-photo-gallery-to-website\/#how-to-add-gallery-to-weebly\">qui<\/a>.<\/p><\/div>\r\n\t\t\t\t\t<\/div>\r\n\t\t\t\t<\/div> <div class=\"faq-item\">\r\n\t\t\t\t\t<div class=\"faq-item-question\">\r\n\t\t\t\t\t\t<h3 class=\"faq-item-question-text\">Esiste un modo testare l'app Weebly Photo Gallery quando \u00e8 in uso? <\/h3>\r\n\r\n\t\t\t\t\t\t<div class=\"faq-item-question-icon\"><\/div>\r\n\t\t\t\t\t<\/div>\r\n\r\n\t\t\t\t\t<div class=\"faq-item-answer\">\r\n\t\t\t\t\t\t<div class=\"faq-item-answer-text\"> <p>Certo! Puoi applicare la nostra <a href=\"https:\/\/elfsight.com\/photo-gallery-widget\/#demo\">demo<\/a> live e pu\u00f2 anche aiutarti ad aggiungere l&#8217;app Galleria fotografica al tuo sito web Weebly. <\/div>\r\n\t\t\t\t\t<\/div>\r\n\t\t\t\t<\/div> <\/div><\/div> <div class=\"application-platform-content-item-features application-platform-content-item\" id=\"features\" data-nav-section=\"features\"><h2>Caratteristiche<\/h2> <p>Guarda tutte le funzioni di Photo Gallery per Weebly. Sono disponibili direttamente nell&#8217;editor e ti aiuteranno a costruire il widget per le tue esigenze.<\/p> <ul> <li>Aggiungi CTA per guidare i visitatori del sito verso la conversione.<\/li> <li>Personalizza la durata del cambio diapositiva. <\/li> <li>Scegli tra pi\u00f9 funzionalit\u00e0 di impaginazione.<\/li> <li>Inserisci i tuoi contenuti in qualsiasi punto della pagina tramite la posizione avanzata.<\/li> <li>Regola 5 funzioni di contenuto.<\/li> <\/ul> <p><a href=\"#demo\">Prova tutte le altre funzioni nella demo<\/a><\/p> <\/div> <div class=\"application-platform-content-item-installation application-platform-content-item\" id=\"installation\" data-nav-section=\"installation\"><h2>Come aggiungere un Galleria fotografica su Weebly?<\/h2><div class=\"video-container\"><iframe width=\"560\" height=\"315\" src=\"https:\/\/www.youtube.com\/embed\/bVfGSyv6xVs?si=k8P2CUjhH0rTLMTR\" frameborder=\"0\" allow=\"accelerometer; autoplay; clipboard-write; encrypted-media; gyroscope; picture-in-picture; web-share\" allowfullscreen><\/iframe><\/div><p>Per incorporare il widget, attenersi alle linee guida riportate di seguito. <\/p> <ol><li><b>Gestisci il nostro configuratore gratuito e inizia a creare la tua app. <\/b><br> Trova la forma e la funzionalit\u00e0 adatte dell&#8217;app e salva tutte le modifiche. <\/li> <li><b>Ricevi il tuo codice personale che appare nell&#8217;apposito modulo su Elfsight Apps. <\/b><br> Una volta completata la configurazione della tua app, copia il codice personale nel popup visualizzato e salvalo per un&#8217;occasione successiva. <\/li> <li><b>Inizia a utilizzare l&#8217;app sul tuo sito Weebly. <\/b><br> Aggiungi il codice che hai salvato di recente nel tuo sito web e salva le correzioni. <\/li> <li><b>La configurazione \u00e8 completamente completata. <\/b><br> Apri la tua pagina web per esaminare come funziona l&#8217;app. <\/li><\/ol><p>Non esitare a contattare il servizio clienti Elfsight se hai bisogno di aiuto o hai domande. Saremo lieti di assistervi con ogni richiesta. <\/p> <\/div>\n","protected":false},"excerpt":{"rendered":"","protected":false},"author":9,"featured_media":0,"parent":1677,"menu_order":0,"comment_status":"closed","ping_status":"closed","template":"templates\/template-application-platform.php","meta":{"publish_to_discourse":"","publish_post_category":"","wpdc_auto_publish_overridden":"","wpdc_topic_tags":"","wpdc_pin_topic":"","wpdc_pin_until":"","discourse_post_id":"","discourse_permalink":"","wpdc_publishing_response":"","wpdc_publishing_error":"","footnotes":""},"class_list":["post-5203","page","type-page","status-publish","hentry"],"yoast_head":"<!-- This site is optimized with the Yoast SEO plugin v25.3.1 - https:\/\/yoast.com\/wordpress\/plugins\/seo\/ -->\n<title>Galleria fotografica: aggiungi il widget Galleria fotografica a Weebly [2025]<\/title>\n<meta name=\"description\" content=\"Prova gratuitamente il miglior plug-in Galleria fotografica per Weebly. Un widget gallery semplice e veloce che si integra senza competenze di sviluppo.\" \/>\n<meta name=\"robots\" content=\"index, follow, max-snippet:-1, max-image-preview:large, max-video-preview:-1\" \/>\n<link rel=\"canonical\" href=\"https:\/\/elfsight.com\/it\/photo-gallery-widget\/weebly\/\" \/>\n<meta property=\"og:locale\" content=\"it_IT\" \/>\n<meta property=\"og:type\" content=\"article\" \/>\n<meta property=\"og:title\" content=\"Galleria fotografica: aggiungi il widget Galleria fotografica a Weebly [2025]\" \/>\n<meta property=\"og:description\" content=\"Prova gratuitamente il miglior plug-in Galleria fotografica per Weebly. Un widget gallery semplice e veloce che si integra senza competenze di sviluppo.\" \/>\n<meta property=\"og:url\" content=\"https:\/\/elfsight.com\/it\/photo-gallery-widget\/weebly\/\" \/>\n<meta property=\"og:site_name\" content=\"Elfsight IT\" \/>\n<meta property=\"article:modified_time\" content=\"2025-03-23T19:26:30+00:00\" \/>\n<meta name=\"twitter:card\" content=\"summary_large_image\" \/>\n<meta name=\"twitter:label1\" content=\"Tempo di lettura stimato\" \/>\n\t<meta name=\"twitter:data1\" content=\"3 minuti\" \/>\n<!-- \/ Yoast SEO plugin. -->","yoast_head_json":{"title":"Galleria fotografica: aggiungi il widget Galleria fotografica a Weebly [2025]","description":"Prova gratuitamente il miglior plug-in Galleria fotografica per Weebly. Un widget gallery semplice e veloce che si integra senza competenze di sviluppo.","robots":{"index":"index","follow":"follow","max-snippet":"max-snippet:-1","max-image-preview":"max-image-preview:large","max-video-preview":"max-video-preview:-1"},"canonical":"https:\/\/elfsight.com\/it\/photo-gallery-widget\/weebly\/","og_locale":"it_IT","og_type":"article","og_title":"Galleria fotografica: aggiungi il widget Galleria fotografica a Weebly [2025]","og_description":"Prova gratuitamente il miglior plug-in Galleria fotografica per Weebly. Un widget gallery semplice e veloce che si integra senza competenze di sviluppo.","og_url":"https:\/\/elfsight.com\/it\/photo-gallery-widget\/weebly\/","og_site_name":"Elfsight IT","article_modified_time":"2025-03-23T19:26:30+00:00","twitter_card":"summary_large_image","twitter_misc":{"Tempo di lettura stimato":"3 minuti"},"schema":{"@context":"https:\/\/schema.org","@graph":[{"@type":"WebPage","@id":"https:\/\/elfsight.com\/it\/photo-gallery-widget\/weebly\/","url":"https:\/\/elfsight.com\/it\/photo-gallery-widget\/weebly\/","name":"Galleria fotografica: aggiungi il widget Galleria fotografica a Weebly [2025]","isPartOf":{"@id":"https:\/\/elfsight.com\/it\/#website"},"datePublished":"1970-01-01T00:00:00+00:00","dateModified":"2025-03-23T19:26:30+00:00","description":"Prova gratuitamente il miglior plug-in Galleria fotografica per Weebly. Un widget gallery semplice e veloce che si integra senza competenze di sviluppo.","breadcrumb":{"@id":"https:\/\/elfsight.com\/it\/photo-gallery-widget\/weebly\/#breadcrumb"},"inLanguage":"it-IT","potentialAction":[{"@type":"ReadAction","target":["https:\/\/elfsight.com\/it\/photo-gallery-widget\/weebly\/"]}]},{"@type":"BreadcrumbList","@id":"https:\/\/elfsight.com\/it\/photo-gallery-widget\/weebly\/#breadcrumb","itemListElement":[{"@type":"ListItem","position":1,"name":"Home","item":"https:\/\/elfsight.com\/it\/"},{"@type":"ListItem","position":2,"name":"Photo Gallery","item":"https:\/\/elfsight.com\/it\/photo-gallery-widget\/"},{"@type":"ListItem","position":3,"name":"Photo Gallery &#8211; Weebly"}]},{"@type":"WebSite","@id":"https:\/\/elfsight.com\/it\/#website","url":"https:\/\/elfsight.com\/it\/","name":"Elfsight IT","description":"Just another Elfsight Sites site","potentialAction":[{"@type":"SearchAction","target":{"@type":"EntryPoint","urlTemplate":"https:\/\/elfsight.com\/it\/?s={search_term_string}"},"query-input":{"@type":"PropertyValueSpecification","valueRequired":true,"valueName":"search_term_string"}}],"inLanguage":"it-IT"}]}},"meta_box":{"industry":"","seo_heading":"","heading":"","description":"","cta_heading":"","cta_description":"","application":"1676","h1":"Widget Galleria fotografica di Weebly","h1_caption":"Mostra le tue immagini in una galleria interattiva e personalizzabile che migliora l'attrattiva visiva del tuo sito web nel tuo sito Weebly senza sforzo.","application_category":[],"applications_title":"","applications_request_title":"","applications_request_button_text":"","hero_text":"","hero_video":"","hero_video_schema_markup":"","selling_points_title":"","selling_points_caption":"","selling_points":[],"selling_points_cta_text":"","features_title":"","features":"","ed_cta_examples_text":"","ed_cta_examples_hidden":"","ed_cta_demo_text":"","ed_cta_demo_hidden":"","why_caption":"","why_editor_title":"","why_editor_text":"","why_team_title":"","why_team_text":"","why_service_title":"","why_service_text":"","template_catalog_visible":"0","template_catalog_title":"","template_catalog_text":"","template_catalog_categories_visible":"","demo_title":"Crea la tua app Galleria fotografica","demo_caption":"Configura la tua Galleria fotografica e aggiungila gratuitamente al tuo sito Web Weebly!","default_faq_hidden":"","app_template_category":[],"platform":"45","template_public_id":"","codecanyon_url":"","codecanyon_item_id":"","codecanyon_price":"","pricing_caption":"","pricing_elfsight_apps_hide_column":"","pricing_elfsight_apps_url":"","pricing_codecanyon_price_caption":"","integration_category":[],"integration_request_title":"","integration_request_cta":"","integration_platform":"","integrations":[],"platform_category":[],"video_schema_markup":"","price":"da $ 0 al mese","trial":"","benefits":[{"text":"Aiuto per l'installazione gratuito"},{"text":"Assistenza clienti con esperienza"},{"text":"Garanzia di rimborso di 14 giorni"},{"text":"Aggiornamenti gratuiti continui"}],"button_url":"#demo","button_target_blank":"0","button_nofollow":"0","attributes":[{"name":"Installazioni"},{"name":"Reattivo","content":"S\u00cc"},{"name":"Browser compatibili","content":"IE11, Firefox, Safari, Opera, Chrome, Edge"}],"tags":[],"tags_disable_links":"0","hide_more_platforms":"0","video_object":"","demo_hide_cta":"0","demo_hide_cloud_options":"0","pricing_title":"","pricing":[{"pricing_icon":"platform","pricing_title":"Elfsight Apps","pricing_title_caption":"Software multipiattaforma adatto a qualsiasi sito web","pricing_price":"da $ 0 \/ mese","pricing_price_caption":"inizia con un piano gratuito","pricing_benefits":[{"text":"Domini illimitati"},{"text":"Supporto 24 ore su 24, 7 giorni su 7 e ben documentato"},{"text":"Servizio di installazione gratuito"},{"text":"Progettazione flessibile"}],"pricing_button_text":"Aggiungi al sito web","pricing_button_url":"#demo"}],"related_apps_title":"","related_apps_hidden":"0","author":"","image":[],"title":"","job":"","social_networks":[]},"_links":{"self":[{"href":"https:\/\/elfsight.com\/it\/wp-json\/wp\/v2\/pages\/5203","targetHints":{"allow":["GET"]}}],"collection":[{"href":"https:\/\/elfsight.com\/it\/wp-json\/wp\/v2\/pages"}],"about":[{"href":"https:\/\/elfsight.com\/it\/wp-json\/wp\/v2\/types\/page"}],"author":[{"embeddable":true,"href":"https:\/\/elfsight.com\/it\/wp-json\/wp\/v2\/users\/9"}],"replies":[{"embeddable":true,"href":"https:\/\/elfsight.com\/it\/wp-json\/wp\/v2\/comments?post=5203"}],"version-history":[{"count":4,"href":"https:\/\/elfsight.com\/it\/wp-json\/wp\/v2\/pages\/5203\/revisions"}],"predecessor-version":[{"id":9792,"href":"https:\/\/elfsight.com\/it\/wp-json\/wp\/v2\/pages\/5203\/revisions\/9792"}],"up":[{"embeddable":true,"href":"https:\/\/elfsight.com\/it\/wp-json\/wp\/v2\/pages\/1677"}],"wp:attachment":[{"href":"https:\/\/elfsight.com\/it\/wp-json\/wp\/v2\/media?parent=5203"}],"curies":[{"name":"wp","href":"https:\/\/api.w.org\/{rel}","templated":true}]}}