{"id":5173,"date":"1970-01-01T00:00:00","date_gmt":"1970-01-01T00:00:00","guid":{"rendered":"https:\/\/elfsight.com\/it\/?page_id=5173"},"modified":"2025-03-23T17:57:53","modified_gmt":"2025-03-23T17:57:53","slug":"shopify","status":"publish","type":"page","link":"https:\/\/elfsight.com\/it\/pdf-embed-widget\/shopify\/","title":{"rendered":"PDF Embed &#8211; Shopify"},"content":{"rendered":"\n<div class=\"application-platform-content-item-description application-platform-content-item\" id=\"description\" data-nav-section=\"description\"> <h2>Incorpora PDF Embed su Shopify con il widget Elfsight<\/h2> <p>Tramite l&#8217;app Elfsight PDF, ottieni l&#8217;aggiunta pi\u00f9 semplice e veloce dei tuoi documenti PDF sul tuo sito. Per comodit\u00e0 dell&#8217;utente, i documenti possono essere aggiunti caricandoli, aggiungendo gli URL o scegliendo dall&#8217;ultimo caricato. Sei libero di dare a ogni documento il tuo titolo, caricare la tua icona o immagine, scegliere la variante di layout e molto altro. Il tuo pubblico pu\u00f2 controllare i file direttamente sul sito, visualizzarli in una nuova scheda e scaricarli. <\/p> <div class=\"faq\" data-component=\"FAQ\"> <div class=\"faq-item\">\r\n\t\t\t\t\t<div class=\"faq-item-question\">\r\n\t\t\t\t\t\t<h3 class=\"faq-item-question-text\">Dove posso incorporare questo plugin<\/h3>\r\n\r\n\t\t\t\t\t\t<div class=\"faq-item-question-icon\"><\/div>\r\n\t\t\t\t\t<\/div>\r\n\r\n\t\t\t\t\t<div class=\"faq-item-answer\">\r\n\t\t\t\t\t\t<div class=\"faq-item-answer-text\"> <p>\u00c8 facile utilizzare File Embed su una o tutte le pagine del sito web. Ad esempio, ti aiuter\u00e0 ad aggiungere i tuoi documenti o specifiche tecnologiche sulle pagine dei prodotti corrispondenti e ad aggiungere i tuoi diplomi e certificati nella pagina Chi siamo. <\/p> <\/div>\r\n\t\t\t\t\t<\/div>\r\n\t\t\t\t<\/div> <div class=\"faq-item\">\r\n\t\t\t\t\t<div class=\"faq-item-question\">\r\n\t\t\t\t\t\t<h3 class=\"faq-item-question-text\">Come potrei trarne vantaggio?<\/h3>\r\n\r\n\t\t\t\t\t\t<div class=\"faq-item-question-icon\"><\/div>\r\n\t\t\t\t\t<\/div>\r\n\r\n\t\t\t\t\t<div class=\"faq-item-answer\">\r\n\t\t\t\t\t\t<div class=\"faq-item-answer-text\"> <p>Il nostro widget ti far\u00e0 risparmiare molto tempo, poich\u00e9 con esso l&#8217;aggiunta di documenti al tuo sito richieder\u00e0 solo pochi secondi. Inoltre, sarai in grado di pubblicare molte informazioni preziose sui tuoi prodotti o servizi e ottenere una migliore comprensione delle tue offerte da parte dei clienti. <\/p> <\/div>\r\n\t\t\t\t\t<\/div>\r\n\t\t\t\t<\/div> <div class=\"faq-item\">\r\n\t\t\t\t\t<div class=\"faq-item-question\">\r\n\t\t\t\t\t\t<h3 class=\"faq-item-question-text\">Come posso incorporare PDF nel mio sito Web Shopify?<\/h3>\r\n\r\n\t\t\t\t\t\t<div class=\"faq-item-question-icon\"><\/div>\r\n\t\t\t\t\t<\/div>\r\n\r\n\t\t\t\t\t<div class=\"faq-item-answer\">\r\n\t\t\t\t\t\t<div class=\"faq-item-answer-text\"> <p>Ci vorranno tre minuti del tuo tempo per incorporare il widget. L&#8217;integrazione \u00e8 estremamente rapida, gratuita e senza codifica.<\/p> <p>Elfsight PDF Embed pu\u00f2 essere installato tramite il nostro servizio o tramite il marketplace. Qui puoi vedere i vantaggi di queste opzioni e selezionare la tua. <\/p> <\/div>\r\n\t\t\t\t\t<\/div>\r\n\t\t\t\t<\/div> <\/div> <\/div><div class=\"application-platform-content-item-features application-platform-content-item\" id=\"features\" data-nav-section=\"features\"> <h2>Caratteristiche principali del widget PDF Embed<\/h2> <p>Per avere una percezione pi\u00f9 chiara di PDF Embed, esaminare l&#8217;elenco dei tratti essenziali. Rendono il widget estremamente vantaggioso per la tua attivit\u00e0: <\/p> <ul><li>Incolla un numero illimitato di documenti;<\/li> <li>Variante di layout del Visualizzatore file per la lettura di documenti sulla pagina;<\/li> <li>Caricamento immagini per icone e anteprime dei file;<\/li> <li>Visualizza o nascondi l&#8217;etichetta del file scaricato;<\/li> <li>Sei dettagli verniciabili dell&#8217;interfaccia;<\/li> <\/ul><p><a href=\"#demo\">Scopri pi\u00f9 funzionalit\u00e0 nella demo<\/a><\/p> <\/div> <div class=\"application-platform-content-item-installation application-platform-content-item\" id=\"installation\" data-nav-section=\"installation\"> <h2>Vediamo come incorporare il visualizzatore PDF nel tuo negozio Shopify<\/h2><div class=\"video-container\"><iframe width=\"560\" height=\"315\" src=\"https:\/\/www.youtube.com\/embed\/imqpdyPW2MY?si=8U2v1gxMwyWG4T_J\" frameborder=\"0\" allow=\"accelerometer; autoplay; clipboard-write; encrypted-media; gyroscope; picture-in-picture; web-share\" allowfullscreen><\/iframe><\/div><p>Queste diverse azioni sono l&#8217;unica cosa che devi fare per integrare il widget. <\/p> <ol><li><b>Utilizza il nostro configuratore gratuito e inizia a creare la tua app personalizzata. <\/b><br> Specifica l&#8217;interfaccia e le opzioni preferibili dell&#8217;app e salva tutte le modifiche. <\/li> <li><b>Ricevi il codice individuale spuntando nell&#8217;apposito modulo su Elfsight Apps. <\/b><br> Una volta terminata la configurazione della tua app, copia il codice nel popup emerso e conservalo per ulteriori necessit\u00e0. <\/li> <li><b>Inizia a utilizzare l&#8217;app sul sito Shopify. <\/b><br> Incolla il codice che hai salvato di recente nella tua pagina e salva le modifiche. <\/li> <li><b>Fatto! L&#8217;integrazione \u00e8 completamente conclusa. <\/b><br> Apri il tuo sito per vedere come funziona l&#8217;app. <\/li><\/ol><p>Non hai ancora deciso? O hai domande? Basta inviare la richiesta via e-mail al nostro team di supporto per risolvere qualsiasi problema. <\/p> <\/div>\n","protected":false},"excerpt":{"rendered":"","protected":false},"author":9,"featured_media":0,"parent":1936,"menu_order":0,"comment_status":"closed","ping_status":"closed","template":"templates\/template-application-platform.php","meta":{"publish_to_discourse":"","publish_post_category":"","wpdc_auto_publish_overridden":"","wpdc_topic_tags":"","wpdc_pin_topic":"","wpdc_pin_until":"","discourse_post_id":"","discourse_permalink":"","wpdc_publishing_response":"","wpdc_publishing_error":"","footnotes":""},"class_list":["post-5173","page","type-page","status-publish","hentry"],"yoast_head":"<!-- This site is optimized with the Yoast SEO plugin v25.3.1 - https:\/\/yoast.com\/wordpress\/plugins\/seo\/ -->\n<title>Visualizzatore PDF: incorpora l&#039;app PDF nel sito Web Shopify (2026)<\/title>\n<meta name=\"description\" content=\"\u00c8 semplicissimo modellare la tua app Visualizzatore PDF e incorporarla nel tuo negozio Shopify. L&#039;assistenza clienti Elfsight \u00e8 gratuita e veloce.\" \/>\n<meta name=\"robots\" content=\"index, follow, max-snippet:-1, max-image-preview:large, max-video-preview:-1\" \/>\n<link rel=\"canonical\" href=\"https:\/\/elfsight.com\/it\/pdf-embed-widget\/shopify\/\" \/>\n<meta property=\"og:locale\" content=\"it_IT\" \/>\n<meta property=\"og:type\" content=\"article\" \/>\n<meta property=\"og:title\" content=\"Visualizzatore PDF: incorpora l&#039;app PDF nel sito Web Shopify (2026)\" \/>\n<meta property=\"og:description\" content=\"\u00c8 semplicissimo modellare la tua app Visualizzatore PDF e incorporarla nel tuo negozio Shopify. L&#039;assistenza clienti Elfsight \u00e8 gratuita e veloce.\" \/>\n<meta property=\"og:url\" content=\"https:\/\/elfsight.com\/it\/pdf-embed-widget\/shopify\/\" \/>\n<meta property=\"og:site_name\" content=\"Elfsight IT\" \/>\n<meta property=\"article:modified_time\" content=\"2025-03-23T17:57:53+00:00\" \/>\n<meta name=\"twitter:card\" content=\"summary_large_image\" \/>\n<meta name=\"twitter:label1\" content=\"Tempo di lettura stimato\" \/>\n\t<meta name=\"twitter:data1\" content=\"3 minuti\" \/>\n<!-- \/ Yoast SEO plugin. -->","yoast_head_json":{"title":"Visualizzatore PDF: incorpora l'app PDF nel sito Web Shopify (2026)","description":"\u00c8 semplicissimo modellare la tua app Visualizzatore PDF e incorporarla nel tuo negozio Shopify. L'assistenza clienti Elfsight \u00e8 gratuita e veloce.","robots":{"index":"index","follow":"follow","max-snippet":"max-snippet:-1","max-image-preview":"max-image-preview:large","max-video-preview":"max-video-preview:-1"},"canonical":"https:\/\/elfsight.com\/it\/pdf-embed-widget\/shopify\/","og_locale":"it_IT","og_type":"article","og_title":"Visualizzatore PDF: incorpora l'app PDF nel sito Web Shopify (2026)","og_description":"\u00c8 semplicissimo modellare la tua app Visualizzatore PDF e incorporarla nel tuo negozio Shopify. L'assistenza clienti Elfsight \u00e8 gratuita e veloce.","og_url":"https:\/\/elfsight.com\/it\/pdf-embed-widget\/shopify\/","og_site_name":"Elfsight IT","article_modified_time":"2025-03-23T17:57:53+00:00","twitter_card":"summary_large_image","twitter_misc":{"Tempo di lettura stimato":"3 minuti"},"schema":{"@context":"https:\/\/schema.org","@graph":[{"@type":"WebPage","@id":"https:\/\/elfsight.com\/it\/pdf-embed-widget\/shopify\/","url":"https:\/\/elfsight.com\/it\/pdf-embed-widget\/shopify\/","name":"Visualizzatore PDF: incorpora l'app PDF nel sito Web Shopify (2026)","isPartOf":{"@id":"https:\/\/elfsight.com\/it\/#website"},"datePublished":"1970-01-01T00:00:00+00:00","dateModified":"2025-03-23T17:57:53+00:00","description":"\u00c8 semplicissimo modellare la tua app Visualizzatore PDF e incorporarla nel tuo negozio Shopify. L'assistenza clienti Elfsight \u00e8 gratuita e veloce.","breadcrumb":{"@id":"https:\/\/elfsight.com\/it\/pdf-embed-widget\/shopify\/#breadcrumb"},"inLanguage":"it-IT","potentialAction":[{"@type":"ReadAction","target":["https:\/\/elfsight.com\/it\/pdf-embed-widget\/shopify\/"]}]},{"@type":"BreadcrumbList","@id":"https:\/\/elfsight.com\/it\/pdf-embed-widget\/shopify\/#breadcrumb","itemListElement":[{"@type":"ListItem","position":1,"name":"Home","item":"https:\/\/elfsight.com\/it\/"},{"@type":"ListItem","position":2,"name":"PDF Embed","item":"https:\/\/elfsight.com\/it\/pdf-embed-widget\/"},{"@type":"ListItem","position":3,"name":"PDF Embed &#8211; Shopify"}]},{"@type":"WebSite","@id":"https:\/\/elfsight.com\/it\/#website","url":"https:\/\/elfsight.com\/it\/","name":"Elfsight IT","description":"Just another Elfsight Sites site","potentialAction":[{"@type":"SearchAction","target":{"@type":"EntryPoint","urlTemplate":"https:\/\/elfsight.com\/it\/?s={search_term_string}"},"query-input":{"@type":"PropertyValueSpecification","valueRequired":true,"valueName":"search_term_string"}}],"inLanguage":"it-IT"}]}},"meta_box":{"industry":"","seo_heading":"","heading":"","description":"","cta_heading":"","cta_description":"","application":"1935","h1":"Applicazione Shopify PDF Incorpora","h1_caption":"Incorpora documenti PDF nel tuo sito web per visualizzarli e scaricarli facilmente senza reindirizzare facilmente i visitatori al tuo sito web Shopify.","application_category":[],"applications_title":"","applications_request_title":"","applications_request_button_text":"","hero_text":"","hero_video":"","hero_video_schema_markup":"","selling_points_title":"","selling_points_caption":"","selling_points":[],"selling_points_cta_text":"","features_title":"","features":"","ed_cta_examples_text":"","ed_cta_examples_hidden":"","ed_cta_demo_text":"","ed_cta_demo_hidden":"","why_caption":"","why_editor_title":"","why_editor_text":"","why_team_title":"","why_team_text":"","why_service_title":"","why_service_text":"","template_catalog_visible":"0","template_catalog_title":"","template_catalog_text":"","template_catalog_categories_visible":"","demo_title":"Crea la tua app per incorporare PDF","demo_caption":"Configura il tuo PDF incorporato e aggiungilo gratuitamente al tuo sito web Shopify!","default_faq_hidden":"","app_template_category":[],"platform":"42","template_public_id":"","codecanyon_url":"","codecanyon_item_id":"","codecanyon_price":"","pricing_caption":"","pricing_elfsight_apps_hide_column":"","pricing_elfsight_apps_url":"","pricing_codecanyon_price_caption":"","integration_category":[],"integration_request_title":"","integration_request_cta":"","integration_platform":"","integrations":[],"platform_category":[],"video_schema_markup":"","price":"da $ 0 al mese","trial":"","benefits":[{"text":"Servizio di installazione gratuito"},{"text":"Supporto premium"},{"text":"Garanzia di rimborso di 14 giorni"},{"text":"Aggiornamenti gratuiti continui"}],"button_url":"#demo","button_target_blank":"0","button_nofollow":"0","attributes":[{"name":"Installazioni"},{"name":"Reattivo","content":"S\u00cc"},{"name":"Browser compatibili","content":"Firefox, Safari, Opera, Chrome, Edge"}],"tags":[],"tags_disable_links":"0","hide_more_platforms":"0","video_object":"","demo_hide_cta":"0","demo_hide_cloud_options":"0","pricing_title":"","pricing":[{"pricing_icon":"cloud","pricing_title":"Elfsight Apps","pricing_title_caption":"Versione multipiattaforma che funziona su qualsiasi sito web","pricing_price":"da $ 0 \/ mese","pricing_price_caption":"inizia con il piano gratuito","pricing_benefits":[{"text":"Siti web illimitati"},{"text":"Supporto premium"},{"text":"Servizio di installazione gratuito"},{"text":"Offerta speciale per pi\u00f9 app"}],"pricing_button_text":"Aggiungi al sito web","pricing_button_url":"#demo"}],"related_apps_title":"","related_apps_hidden":"0","author":"","image":[],"title":"","job":"","social_networks":[]},"_links":{"self":[{"href":"https:\/\/elfsight.com\/it\/wp-json\/wp\/v2\/pages\/5173","targetHints":{"allow":["GET"]}}],"collection":[{"href":"https:\/\/elfsight.com\/it\/wp-json\/wp\/v2\/pages"}],"about":[{"href":"https:\/\/elfsight.com\/it\/wp-json\/wp\/v2\/types\/page"}],"author":[{"embeddable":true,"href":"https:\/\/elfsight.com\/it\/wp-json\/wp\/v2\/users\/9"}],"replies":[{"embeddable":true,"href":"https:\/\/elfsight.com\/it\/wp-json\/wp\/v2\/comments?post=5173"}],"version-history":[{"count":3,"href":"https:\/\/elfsight.com\/it\/wp-json\/wp\/v2\/pages\/5173\/revisions"}],"predecessor-version":[{"id":9754,"href":"https:\/\/elfsight.com\/it\/wp-json\/wp\/v2\/pages\/5173\/revisions\/9754"}],"up":[{"embeddable":true,"href":"https:\/\/elfsight.com\/it\/wp-json\/wp\/v2\/pages\/1936"}],"wp:attachment":[{"href":"https:\/\/elfsight.com\/it\/wp-json\/wp\/v2\/media?parent=5173"}],"curies":[{"name":"wp","href":"https:\/\/api.w.org\/{rel}","templated":true}]}}