{"id":5172,"date":"2024-05-03T06:42:20","date_gmt":"2024-05-03T06:42:20","guid":{"rendered":"https:\/\/elfsight.com\/it\/?page_id=5172"},"modified":"2024-11-12T13:10:16","modified_gmt":"2024-11-12T13:10:16","slug":"opencart","status":"publish","type":"page","link":"https:\/\/elfsight.com\/it\/pdf-embed-widget\/opencart\/","title":{"rendered":"PDF Embed &#8211; OpenCart"},"content":{"rendered":"<div class=\"application-platform-content-item-description application-platform-content-item\" id=\"description\" data-nav-section=\"description\"> <h2>Descrizione<\/h2> <p>Utilizzando il widget Elfsight PDF Embed, goditi l&#8217;incorporamento pi\u00f9 pratico e veloce di pi\u00f9 documenti PDF nel tuo sito. Per una maggiore facilit\u00e0 d&#8217;uso, i file possono essere inseriti semplicemente caricandoli, aggiungendo i relativi URL o selezionando dall&#8217;elenco gli ultimi caricati. Puoi dare un nome a ogni file, caricare un&#8217;icona e un&#8217;immagine di anteprima, scegliere la variante del layout dei file e molto altro. I tuoi utenti possono visualizzare i file direttamente sul sito Web, aprirli in una nuova scheda del browser e scaricarli. <\/p> <div class=\"faq\" data-component=\"FAQ\"> <div class=\"faq-item\">\r\n\t\t\t\t\t<div class=\"faq-item-question\">\r\n\t\t\t\t\t\t<h3 class=\"faq-item-question-text\">Dove posso pubblicare il widget sul mio sito<\/h3>\r\n\r\n\t\t\t\t\t\t<div class=\"faq-item-question-icon\"><\/div>\r\n\t\t\t\t\t<\/div>\r\n\r\n\t\t\t\t\t<div class=\"faq-item-answer\">\r\n\t\t\t\t\t\t<div class=\"faq-item-answer-text\"> <p>\u00c8 facile applicare File Embed su qualsiasi pagina del tuo sito web. Ad esempio, ti aiuter\u00e0 a pubblicare la tua documentazione tecnologica o le linee guida sulle pagine dei prodotti o ad aggiungere i tuoi diplomi e qualifiche nella pagina Chi siamo.<\/p> <\/div>\r\n\t\t\t\t\t<\/div>\r\n\t\t\t\t<\/div> <div class=\"faq-item\">\r\n\t\t\t\t\t<div class=\"faq-item-question\">\r\n\t\t\t\t\t\t<h3 class=\"faq-item-question-text\">Come posso trarre vantaggio dal widget?<\/h3>\r\n\r\n\t\t\t\t\t\t<div class=\"faq-item-question-icon\"><\/div>\r\n\t\t\t\t\t<\/div>\r\n\r\n\t\t\t\t\t<div class=\"faq-item-answer\">\r\n\t\t\t\t\t\t<div class=\"faq-item-answer-text\"> <p>Il widget Elfsight ti far\u00e0 risparmiare molto tempo, poich\u00e9 con il suo aiuto, l&#8217;integrazione dei documenti nel tuo sito web richieder\u00e0 solo pochi secondi. Inoltre, sarai in grado di pubblicare molte informazioni significative sulle tue offerte o servizi per farli comprendere meglio ai clienti. <\/p> <\/div>\r\n\t\t\t\t\t<\/div>\r\n\t\t\t\t<\/div> <div class=\"faq-item\">\r\n\t\t\t\t\t<div class=\"faq-item-question\">\r\n\t\t\t\t\t\t<h3 class=\"faq-item-question-text\">Come posso installare PDF Embed sul mio sito Web OpenCart?<\/h3>\r\n\r\n\t\t\t\t\t\t<div class=\"faq-item-question-icon\"><\/div>\r\n\t\t\t\t\t<\/div>\r\n\r\n\t\t\t\t\t<div class=\"faq-item-answer\">\r\n\t\t\t\t\t\t<div class=\"faq-item-answer-text\"> <p>Hai solo bisogno di un minuto di tempo per attivare il widget. Aggiungerlo al tuo sito \u00e8 davvero rapido, gratuito e privo di codifica.<\/p> <p>Elfsight PDF Embed pu\u00f2 essere integrato tramite il servizio Elfsight o tramite il marketplace. Qui puoi visualizzare maggiori dettagli sulle due varianti e scegliere la tua.<\/p> <\/div>\r\n\t\t\t\t\t<\/div>\r\n\t\t\t\t<\/div> <\/div> <\/div> <div class=\"application-platform-content-item-features application-platform-content-item\" id=\"features\" data-nav-section=\"features\"> <h2>Caratteristiche<\/h2> <p>A comprendi meglio il widget, visualizza l&#8217;elenco delle sue funzioni principali. Lo rendono incredibilmente efficiente per te: <\/p> <ul><li>Aggiungi una quantit\u00e0 illimitata di documenti;<\/li> <li>Opzione di layout Visualizzatore file per esaminare i file sul sito;<\/li> <li>Caricamento di immagini per le icone e le anteprime dei documenti;<\/li> <li>Visualizzare o nascondere l&#8217;etichetta del documento scaricato;<\/li> <li> L&#8217;opzione per dipingere 6 dettagli dell&#8217;interfaccia;<\/li> <\/ul><p> <a href=\"#demo\">La nostra demo ti mostrer\u00e0 pi\u00f9 funzionalit\u00e0<\/a><\/p> <\/div> <div class=\"application-platform-content-item-installation application-platform-content-item\" id=\"installation\" data-nav-section=\"installation\"> <h2>Come incorporare il visualizzatore PDF nel tuo sito web OpenCart <\/h2> <p>Segui semplicemente i seguenti passaggi indicati di seguito per aggiungere l&#8217;estensione su OpenCart.<\/p> <ol><li><b>Esegui la nostra demo gratuita e inizia a creare il tuo widget personalizzato. <\/b><br> Trova il design e la funzionalit\u00e0 preferibili dell&#8217;estensione e salva le correzioni. <\/li> <li><b>Ricevi il tuo codice univoco mostrato nella finestra sulle App Elfsight. <\/b><br> Una volta terminata la generazione del tuo PDF incorporato personale, copia il codice esclusivo dalla casella visualizzata e salvalo per ulteriori occasioni. <\/li> <li><b>Accedi utilizzando lo strumento sul tuo sito web OpenCart. <\/b><br> Implementa il codice copiato di recente nel tuo sito web e applica le modifiche. <\/li> <li><b>Il gioco \u00e8 fatto! L&#8217;installazione \u00e8 terminata con successo. <\/b><br> Vai al tuo sito per osservare come funziona il widget. <\/li><\/ol> <p>Non riesci ancora a decidere? Oppure hai problemi? Indirizza semplicemente una richiesta al nostro supporto clienti. Ti aiuteremo per qualsiasi problema o domanda.<\/p> <\/div>","protected":false},"excerpt":{"rendered":"","protected":false},"author":9,"featured_media":0,"parent":1936,"menu_order":0,"comment_status":"closed","ping_status":"closed","template":"templates\/template-application-platform.php","meta":{"publish_to_discourse":"","publish_post_category":"","wpdc_auto_publish_overridden":"","wpdc_topic_tags":"","wpdc_pin_topic":"","wpdc_pin_until":"","discourse_post_id":"","discourse_permalink":"","wpdc_publishing_response":"","wpdc_publishing_error":"","footnotes":""},"class_list":["post-5172","page","type-page","status-publish","hentry"],"yoast_head":"<!-- This site is optimized with the Yoast SEO plugin v25.3.1 - https:\/\/yoast.com\/wordpress\/plugins\/seo\/ -->\n<title>Visualizzatore PDF: incorpora l&#039;estensione PDF nel sito Web OpenCart (gratuito e veloce)<\/title>\n<meta name=\"description\" content=\"Con Elfsight, modella la tua estensione PDF Viewer e incorporala facilmente nel tuo sito OpenCart. Offriamo servizio clienti gratuito e altri bonus.\" \/>\n<meta name=\"robots\" content=\"index, follow, max-snippet:-1, max-image-preview:large, max-video-preview:-1\" \/>\n<link rel=\"canonical\" href=\"https:\/\/elfsight.com\/it\/pdf-embed-widget\/opencart\/\" \/>\n<meta property=\"og:locale\" content=\"it_IT\" \/>\n<meta property=\"og:type\" content=\"article\" \/>\n<meta property=\"og:title\" content=\"Visualizzatore PDF: incorpora l&#039;estensione PDF nel sito Web OpenCart (gratuito e veloce)\" \/>\n<meta property=\"og:description\" content=\"Con Elfsight, modella la tua estensione PDF Viewer e incorporala facilmente nel tuo sito OpenCart. Offriamo servizio clienti gratuito e altri bonus.\" \/>\n<meta property=\"og:url\" content=\"https:\/\/elfsight.com\/it\/pdf-embed-widget\/opencart\/\" \/>\n<meta property=\"og:site_name\" content=\"Elfsight IT\" \/>\n<meta property=\"article:modified_time\" content=\"2024-11-12T13:10:16+00:00\" \/>\n<meta name=\"twitter:card\" content=\"summary_large_image\" \/>\n<meta name=\"twitter:label1\" content=\"Tempo di lettura stimato\" \/>\n\t<meta name=\"twitter:data1\" content=\"2 minuti\" \/>\n<!-- \/ Yoast SEO plugin. -->","yoast_head_json":{"title":"Visualizzatore PDF: incorpora l'estensione PDF nel sito Web OpenCart (gratuito e veloce)","description":"Con Elfsight, modella la tua estensione PDF Viewer e incorporala facilmente nel tuo sito OpenCart. Offriamo servizio clienti gratuito e altri bonus.","robots":{"index":"index","follow":"follow","max-snippet":"max-snippet:-1","max-image-preview":"max-image-preview:large","max-video-preview":"max-video-preview:-1"},"canonical":"https:\/\/elfsight.com\/it\/pdf-embed-widget\/opencart\/","og_locale":"it_IT","og_type":"article","og_title":"Visualizzatore PDF: incorpora l'estensione PDF nel sito Web OpenCart (gratuito e veloce)","og_description":"Con Elfsight, modella la tua estensione PDF Viewer e incorporala facilmente nel tuo sito OpenCart. Offriamo servizio clienti gratuito e altri bonus.","og_url":"https:\/\/elfsight.com\/it\/pdf-embed-widget\/opencart\/","og_site_name":"Elfsight IT","article_modified_time":"2024-11-12T13:10:16+00:00","twitter_card":"summary_large_image","twitter_misc":{"Tempo di lettura stimato":"2 minuti"},"schema":{"@context":"https:\/\/schema.org","@graph":[{"@type":"WebPage","@id":"https:\/\/elfsight.com\/it\/pdf-embed-widget\/opencart\/","url":"https:\/\/elfsight.com\/it\/pdf-embed-widget\/opencart\/","name":"Visualizzatore PDF: incorpora l'estensione PDF nel sito Web OpenCart (gratuito e veloce)","isPartOf":{"@id":"https:\/\/elfsight.com\/it\/#website"},"datePublished":"2024-05-03T06:42:20+00:00","dateModified":"2024-11-12T13:10:16+00:00","description":"Con Elfsight, modella la tua estensione PDF Viewer e incorporala facilmente nel tuo sito OpenCart. Offriamo servizio clienti gratuito e altri bonus.","breadcrumb":{"@id":"https:\/\/elfsight.com\/it\/pdf-embed-widget\/opencart\/#breadcrumb"},"inLanguage":"it-IT","potentialAction":[{"@type":"ReadAction","target":["https:\/\/elfsight.com\/it\/pdf-embed-widget\/opencart\/"]}]},{"@type":"BreadcrumbList","@id":"https:\/\/elfsight.com\/it\/pdf-embed-widget\/opencart\/#breadcrumb","itemListElement":[{"@type":"ListItem","position":1,"name":"Home","item":"https:\/\/elfsight.com\/it\/"},{"@type":"ListItem","position":2,"name":"PDF Embed","item":"https:\/\/elfsight.com\/it\/pdf-embed-widget\/"},{"@type":"ListItem","position":3,"name":"PDF Embed &#8211; OpenCart"}]},{"@type":"WebSite","@id":"https:\/\/elfsight.com\/it\/#website","url":"https:\/\/elfsight.com\/it\/","name":"Elfsight IT","description":"Just another Elfsight Sites site","potentialAction":[{"@type":"SearchAction","target":{"@type":"EntryPoint","urlTemplate":"https:\/\/elfsight.com\/it\/?s={search_term_string}"},"query-input":{"@type":"PropertyValueSpecification","valueRequired":true,"valueName":"search_term_string"}}],"inLanguage":"it-IT"}]}},"meta_box":{"industry":"","seo_heading":"","heading":"","description":"","cta_heading":"","cta_description":"","application":"1935","h1":"Estensione del visualizzatore PDF OpenCart","h1_caption":"Incorpora documenti PDF nel tuo sito web per visualizzarli e scaricarli facilmente senza reindirizzare facilmente i visitatori al tuo sito web Opencart.","application_category":[],"applications_title":"","applications_request_title":"","applications_request_button_text":"","hero_text":"","hero_video":"","hero_video_schema_markup":"","selling_points_title":"","selling_points_caption":"","selling_points":[],"selling_points_cta_text":"","features_title":"","features":"","ed_cta_examples_text":"","ed_cta_examples_hidden":"","ed_cta_demo_text":"","ed_cta_demo_hidden":"","why_caption":"","why_editor_title":"","why_editor_text":"","why_team_title":"","why_team_text":"","why_service_title":"","why_service_text":"","template_catalog_visible":"","template_catalog_title":"","template_catalog_text":"","template_catalog_categories_visible":"","demo_title":"Crea la tua estensione PDF incorporata","demo_caption":"Configura il tuo PDF incorporato e aggiungilo gratuitamente al tuo sito Web OpenCart!","default_faq_hidden":"","app_template_category":[],"platform":"41","template_public_id":"","codecanyon_url":"","codecanyon_item_id":"","codecanyon_price":"","pricing_caption":"","pricing_elfsight_apps_hide_column":"","pricing_elfsight_apps_url":"","pricing_codecanyon_price_caption":"","integration_category":[],"integration_request_title":"","integration_request_cta":"","integration_platform":"","integrations":[],"platform_category":[],"video_schema_markup":"","price":"da $ 0 al mese","trial":"","benefits":[{"text":"Assistenza per l'installazione gratuita"},{"text":"Servizio clienti efficace"},{"text":"Garanzia di rimborso di 14 giorni"},{"text":"Futuri miglioramenti gratuiti"}],"button_url":"#demo","button_target_blank":"","button_nofollow":"","attributes":[{"name":"Installazioni"},{"name":"Reattivo","content":"S\u00cc"},{"name":"Browser compatibili","content":"Firefox, Safari, Opera, Chrome, Edge"}],"tags":[],"tags_disable_links":"","hide_more_platforms":"","video_object":"","demo_hide_cta":"","demo_hide_cloud_options":"","pricing_title":"","pricing":[{"pricing_icon":"platform","pricing_title":"Elfsight Apps","pricing_title_caption":"Software multipiattaforma che funziona su qualsiasi sito web","pricing_price":"da $ 0 \/ mese","pricing_price_caption":"inizia con il piano gratuito","pricing_benefits":[{"text":"Siti web illimitati"},{"text":"Supporto aziendale professionale"},{"text":"Aiuto per l'installazione gratuito"},{"text":"Progettazione flessibile"}],"pricing_button_text":"Aggiungi al sito web","pricing_button_url":"#demo"}],"related_apps_title":"","related_apps_hidden":"","author":"","image":[],"title":"","job":"","social_networks":[]},"_links":{"self":[{"href":"https:\/\/elfsight.com\/it\/wp-json\/wp\/v2\/pages\/5172","targetHints":{"allow":["GET"]}}],"collection":[{"href":"https:\/\/elfsight.com\/it\/wp-json\/wp\/v2\/pages"}],"about":[{"href":"https:\/\/elfsight.com\/it\/wp-json\/wp\/v2\/types\/page"}],"author":[{"embeddable":true,"href":"https:\/\/elfsight.com\/it\/wp-json\/wp\/v2\/users\/9"}],"replies":[{"embeddable":true,"href":"https:\/\/elfsight.com\/it\/wp-json\/wp\/v2\/comments?post=5172"}],"version-history":[{"count":1,"href":"https:\/\/elfsight.com\/it\/wp-json\/wp\/v2\/pages\/5172\/revisions"}],"predecessor-version":[{"id":5176,"href":"https:\/\/elfsight.com\/it\/wp-json\/wp\/v2\/pages\/5172\/revisions\/5176"}],"up":[{"embeddable":true,"href":"https:\/\/elfsight.com\/it\/wp-json\/wp\/v2\/pages\/1936"}],"wp:attachment":[{"href":"https:\/\/elfsight.com\/it\/wp-json\/wp\/v2\/media?parent=5172"}],"curies":[{"name":"wp","href":"https:\/\/api.w.org\/{rel}","templated":true}]}}