{"id":5170,"date":"1970-01-01T00:00:00","date_gmt":"1970-01-01T00:00:00","guid":{"rendered":"https:\/\/elfsight.com\/it\/?page_id=5170"},"modified":"2025-03-23T17:55:32","modified_gmt":"2025-03-23T17:55:32","slug":"html","status":"publish","type":"page","link":"https:\/\/elfsight.com\/it\/pdf-embed-widget\/html\/","title":{"rendered":"PDF Embed &#8211; HTML"},"content":{"rendered":"\n<div class=\"application-platform-content-item-description application-platform-content-item\" id=\"description\" data-nav-section=\"description\"> <h2>Descrizione<\/h2> <p>Per mezzo del plugin Elfsight PDF, prova l&#8217;incorporamento pi\u00f9 semplice e veloce di numerosi documenti PDF nel sito. Per una maggiore comodit\u00e0 d&#8217;uso, i documenti possono essere inseriti tramite upload, inserendo gli URL, oppure scegliendo dalla lista degli ultimi caricati. Le funzionalit\u00e0 ti consentono di assegnare un titolo a ciascun documento, caricare un&#8217;icona o un&#8217;immagine, scegliere il layout dei file e molto altro. Il tuo pubblico pu\u00f2 leggere i file direttamente sul tuo sito, aprirli in una nuova scheda del browser e scaricarli.<\/p><div class=\"faq\" data-component=\"FAQ\"> <div class=\"faq-item\">\r\n\t\t\t\t\t<div class=\"faq-item-question\">\r\n\t\t\t\t\t\t<h3 class=\"faq-item-question-text\">Dove posso pubblicare questo plugin sul mio sito<\/h3>\r\n\r\n\t\t\t\t\t\t<div class=\"faq-item-question-icon\"><\/div>\r\n\t\t\t\t\t<\/div>\r\n\r\n\t\t\t\t\t<div class=\"faq-item-answer\">\r\n\t\t\t\t\t\t<div class=\"faq-item-answer-text\"> <p>Puoi aggiungere File PDF in una o tutte le pagine HTML del sito. Ad esempio, puoi caricare la documentazione o le specifiche del prodotto sulle pagine del prodotto corrispondenti oppure pubblicare i tuoi diplomi e qualifiche sulla pagina Chi siamo.<\/p> <\/div>\r\n\t\t\t\t\t<\/div>\r\n\t\t\t\t<\/div> <div class=\"faq-item\">\r\n\t\t\t\t\t<div class=\"faq-item-question\">\r\n\t\t\t\t\t\t<h3 class=\"faq-item-question-text\">Come posso trarre vantaggio dal lettore PDF?<\/h3>\r\n\r\n\t\t\t\t\t\t<div class=\"faq-item-question-icon\"><\/div>\r\n\t\t\t\t\t<\/div>\r\n\r\n\t\t\t\t\t<div class=\"faq-item-answer\">\r\n\t\t\t\t\t\t<div class=\"faq-item-answer-text\"> <p>Questo widget pu\u00f2 farti risparmiare un sacco di tempo, poich\u00e9 con il suo aiuto, incollare materiali nel tuo sito web richieder\u00e0 solo pochi secondi. Inoltre, puoi fornire molte informazioni preziose sui tuoi articoli e servizi e aumentare la conoscenza dei tuoi articoli da parte dei clienti.<\/p><\/div>\r\n\t\t\t\t\t<\/div>\r\n\t\t\t\t<\/div> <div class=\"faq-item\">\r\n\t\t\t\t\t<div class=\"faq-item-question\">\r\n\t\t\t\t\t\t<h3 class=\"faq-item-question-text\">Come incorporo il codice del visualizzatore PDF nel mio sito Web HTML?<\/h3>\r\n\r\n\t\t\t\t\t\t<div class=\"faq-item-question-icon\"><\/div>\r\n\t\t\t\t\t<\/div>\r\n\r\n\t\t\t\t\t<div class=\"faq-item-answer\">\r\n\t\t\t\t\t\t<div class=\"faq-item-answer-text\"> <p>Sono necessari solo due minuti di tempo per configurare il widget. \u00c8 super veloce, gratuito e senza codifica.<\/p> <p>Puoi introdurre PDF Embed nel tuo sito web nel nostro servizio. Per questo, consulta la guida pi\u00f9 avanti in questa pagina.<\/p> <\/div>\r\n\t\t\t\t\t<\/div>\r\n\t\t\t\t<\/div> <\/div> <\/div><div class=\"application-platform-content-item-features application-platform-content-item\" id=\"features\" data-nav-section=\"features\"> <h2>Caratteristiche<\/h2> <p>Per modellare una conoscenza pi\u00f9 chiara del widget, consultare l&#8217;elenco delle sue caratteristiche essenziali. Rendono il widget estremamente efficace per la tua attivit\u00e0:<\/p> <ul><li>Incolla qualsiasi quantit\u00e0 di documenti;<\/li> <li>Opzione di layout Visualizzatore file per visualizzare i file sulla pagina;<\/li> <li>Caricamento di immagini per icone e anteprime dei file;<\/li> <li>Mostrare o nascondere l&#8217;etichetta del file di download;<\/li> <li> Elementi dell&#8217;interfaccia di Paint 6;<\/li> <\/ul><p><a href=\"#demo\">Guarda tutte le funzionalit\u00e0 nella demo dal vivo<\/a><\/p> <\/div><div class=\"application-platform-content-item-installation application-platform-content-item\" id=\"installation\" data-nav-section=\"installation\"> <h2>Come incorporare il plug-in PDF Viewer nel tuo sito Web HTML<\/h2> <div class=\"video-container\"><iframe width=\"560\" height=\"315\" src=\"https:\/\/www.youtube.com\/embed\/LBZSDc5t8LA?si=g9iaqG3EvWLm5_Y7\" frameborder=\"0\" allow=\"accelerometer; autoplay; clipboard-write; encrypted-media; gyroscope; picture-in-picture; web-share\" allowfullscreen><\/iframe><\/div><p>Un paio di rapidi passaggi descritti di seguito e l&#8217;ID del widget sul tuo sito.<\/p> <ol><li><b>Costruisci il tuo plug-in PDF personalizzato<\/b><br> Attraverso la nostra <a href=\"#demo\">demo gratuita<\/a>, crea un widget con un&#8217;interfaccia personalizzata e imposta le funzionalit\u00e0.<\/li><li><b>Ricevi il codice personale per visualizzare il plugin <\/b><br> Dopo aver creato il tuo widget, acquisirai il tuo codice personale dalla finestra popup su Elfsight Apps. Copialo per un ulteriore utilizzo.<\/li> <li><b>Aggiungi il plug-in File PDF sul tuo sito Web HTML<\/b><br> Scegli l&#8217;area in cui desideri aggiungere il widget e inserisci l\u00ec il codice copiato. Pubblica i risultati.<\/li> <li><b>L&#8217;incorporamento \u00e8 riuscito!<\/b><br> Entra nel sito, per vedere il tuo lavoro.<\/li> <\/ol><p>Non sei ancora sicuro? Oppure hai problemi? Basta una singola richiesta al nostro servizio clienti per risolvere ogni problema.<\/p> <\/div>\n","protected":false},"excerpt":{"rendered":"","protected":false},"author":9,"featured_media":0,"parent":1936,"menu_order":0,"comment_status":"closed","ping_status":"closed","template":"templates\/template-application-platform.php","meta":{"publish_to_discourse":"","publish_post_category":"","wpdc_auto_publish_overridden":"","wpdc_topic_tags":"","wpdc_pin_topic":"","wpdc_pin_until":"","discourse_post_id":"","discourse_permalink":"","wpdc_publishing_response":"","wpdc_publishing_error":"","footnotes":""},"class_list":["post-5170","page","type-page","status-publish","hentry"],"yoast_head":"<!-- This site is optimized with the Yoast SEO plugin v25.3.1 - https:\/\/yoast.com\/wordpress\/plugins\/seo\/ -->\n<title>Visualizzatore PDF: incorpora il codice del plug-in PDF nel sito Web HTML (2025)<\/title>\n<meta name=\"description\" content=\"\u00c8 facile progettare il tuo plug-in visualizzatore PDF reattivo e incorporarlo nel codice nel tuo sito Web HTML. Il supporto client Elfsight \u00e8 gratuito e veloce.\" \/>\n<meta name=\"robots\" content=\"index, follow, max-snippet:-1, max-image-preview:large, max-video-preview:-1\" \/>\n<link rel=\"canonical\" href=\"https:\/\/elfsight.com\/it\/pdf-embed-widget\/html\/\" \/>\n<meta property=\"og:locale\" content=\"it_IT\" \/>\n<meta property=\"og:type\" content=\"article\" \/>\n<meta property=\"og:title\" content=\"Visualizzatore PDF: incorpora il codice del plug-in PDF nel sito Web HTML (2025)\" \/>\n<meta property=\"og:description\" content=\"\u00c8 facile progettare il tuo plug-in visualizzatore PDF reattivo e incorporarlo nel codice nel tuo sito Web HTML. Il supporto client Elfsight \u00e8 gratuito e veloce.\" \/>\n<meta property=\"og:url\" content=\"https:\/\/elfsight.com\/it\/pdf-embed-widget\/html\/\" \/>\n<meta property=\"og:site_name\" content=\"Elfsight IT\" \/>\n<meta property=\"article:modified_time\" content=\"2025-03-23T17:55:32+00:00\" \/>\n<meta name=\"twitter:card\" content=\"summary_large_image\" \/>\n<meta name=\"twitter:label1\" content=\"Tempo di lettura stimato\" \/>\n\t<meta name=\"twitter:data1\" content=\"3 minuti\" \/>\n<!-- \/ Yoast SEO plugin. -->","yoast_head_json":{"title":"Visualizzatore PDF: incorpora il codice del plug-in PDF nel sito Web HTML (2025)","description":"\u00c8 facile progettare il tuo plug-in visualizzatore PDF reattivo e incorporarlo nel codice nel tuo sito Web HTML. Il supporto client Elfsight \u00e8 gratuito e veloce.","robots":{"index":"index","follow":"follow","max-snippet":"max-snippet:-1","max-image-preview":"max-image-preview:large","max-video-preview":"max-video-preview:-1"},"canonical":"https:\/\/elfsight.com\/it\/pdf-embed-widget\/html\/","og_locale":"it_IT","og_type":"article","og_title":"Visualizzatore PDF: incorpora il codice del plug-in PDF nel sito Web HTML (2025)","og_description":"\u00c8 facile progettare il tuo plug-in visualizzatore PDF reattivo e incorporarlo nel codice nel tuo sito Web HTML. Il supporto client Elfsight \u00e8 gratuito e veloce.","og_url":"https:\/\/elfsight.com\/it\/pdf-embed-widget\/html\/","og_site_name":"Elfsight IT","article_modified_time":"2025-03-23T17:55:32+00:00","twitter_card":"summary_large_image","twitter_misc":{"Tempo di lettura stimato":"3 minuti"},"schema":{"@context":"https:\/\/schema.org","@graph":[{"@type":"WebPage","@id":"https:\/\/elfsight.com\/it\/pdf-embed-widget\/html\/","url":"https:\/\/elfsight.com\/it\/pdf-embed-widget\/html\/","name":"Visualizzatore PDF: incorpora il codice del plug-in PDF nel sito Web HTML (2025)","isPartOf":{"@id":"https:\/\/elfsight.com\/it\/#website"},"datePublished":"1970-01-01T00:00:00+00:00","dateModified":"2025-03-23T17:55:32+00:00","description":"\u00c8 facile progettare il tuo plug-in visualizzatore PDF reattivo e incorporarlo nel codice nel tuo sito Web HTML. Il supporto client Elfsight \u00e8 gratuito e veloce.","breadcrumb":{"@id":"https:\/\/elfsight.com\/it\/pdf-embed-widget\/html\/#breadcrumb"},"inLanguage":"it-IT","potentialAction":[{"@type":"ReadAction","target":["https:\/\/elfsight.com\/it\/pdf-embed-widget\/html\/"]}]},{"@type":"BreadcrumbList","@id":"https:\/\/elfsight.com\/it\/pdf-embed-widget\/html\/#breadcrumb","itemListElement":[{"@type":"ListItem","position":1,"name":"Home","item":"https:\/\/elfsight.com\/it\/"},{"@type":"ListItem","position":2,"name":"PDF Embed","item":"https:\/\/elfsight.com\/it\/pdf-embed-widget\/"},{"@type":"ListItem","position":3,"name":"PDF Embed &#8211; HTML"}]},{"@type":"WebSite","@id":"https:\/\/elfsight.com\/it\/#website","url":"https:\/\/elfsight.com\/it\/","name":"Elfsight IT","description":"Just another Elfsight Sites site","potentialAction":[{"@type":"SearchAction","target":{"@type":"EntryPoint","urlTemplate":"https:\/\/elfsight.com\/it\/?s={search_term_string}"},"query-input":{"@type":"PropertyValueSpecification","valueRequired":true,"valueName":"search_term_string"}}],"inLanguage":"it-IT"}]}},"meta_box":{"industry":"","seo_heading":"","heading":"","description":"","cta_heading":"","cta_description":"","application":"1935","h1":"Plug-in visualizzatore HTML PDF","h1_caption":"Incorpora documenti PDF nel tuo sito web per visualizzarli e scaricarli facilmente senza reindirizzare facilmente i visitatori al tuo sito web HTML.","application_category":[],"applications_title":"","applications_request_title":"","applications_request_button_text":"","hero_text":"","hero_video":"","hero_video_schema_markup":"","selling_points_title":"","selling_points_caption":"","selling_points":[],"selling_points_cta_text":"","features_title":"","features":"","ed_cta_examples_text":"","ed_cta_examples_hidden":"","ed_cta_demo_text":"","ed_cta_demo_hidden":"","why_caption":"","why_editor_title":"","why_editor_text":"","why_team_title":"","why_team_text":"","why_service_title":"","why_service_text":"","template_catalog_visible":"0","template_catalog_title":"","template_catalog_text":"","template_catalog_categories_visible":"","demo_title":"Crea il tuo widget di incorporamento PDF","demo_caption":"Configura il tuo PDF incorporato e aggiungilo gratuitamente al tuo sito Web HTML!","default_faq_hidden":"","app_template_category":[],"platform":"35","template_public_id":"","codecanyon_url":"","codecanyon_item_id":"","codecanyon_price":"","pricing_caption":"","pricing_elfsight_apps_hide_column":"","pricing_elfsight_apps_url":"","pricing_codecanyon_price_caption":"","integration_category":[],"integration_request_title":"","integration_request_cta":"","integration_platform":"","integrations":[],"platform_category":[],"video_schema_markup":"","price":"da $ 0 al mese","trial":"","benefits":[{"text":"Assistenza gratuita per l'installazione"},{"text":"Assistenza clienti con esperienza"},{"text":"Garanzia di rimborso di 14 giorni"},{"text":"Miglioramenti continui"}],"button_url":"#demo","button_target_blank":"0","button_nofollow":"0","attributes":[{"name":"Installazioni"},{"name":"Reattivo","content":"S\u00cc"},{"name":"Browser compatibili","content":"Firefox, Safari, Opera, Chrome, Edge"}],"tags":[],"tags_disable_links":"0","hide_more_platforms":"0","video_object":"","demo_hide_cta":"0","demo_hide_cloud_options":"0","pricing_title":"","pricing":[{"pricing_icon":"platform","pricing_title":"Elfsight Apps","pricing_title_caption":"Versione indipendente dalla piattaforma che funziona su qualsiasi sito web","pricing_price":"da $ 0 \/ mese","pricing_price_caption":"inizia con il piano gratuito","pricing_benefits":[{"text":"Siti web illimitati"},{"text":"Supporto professionale"},{"text":"Servizio di installazione gratuito"},{"text":"Prezzo speciale per pi\u00f9 app"}],"pricing_button_text":"Aggiungi al sito web","pricing_button_url":"#demo"}],"related_apps_title":"","related_apps_hidden":"0","author":"","image":[],"title":"","job":"","social_networks":[]},"_links":{"self":[{"href":"https:\/\/elfsight.com\/it\/wp-json\/wp\/v2\/pages\/5170","targetHints":{"allow":["GET"]}}],"collection":[{"href":"https:\/\/elfsight.com\/it\/wp-json\/wp\/v2\/pages"}],"about":[{"href":"https:\/\/elfsight.com\/it\/wp-json\/wp\/v2\/types\/page"}],"author":[{"embeddable":true,"href":"https:\/\/elfsight.com\/it\/wp-json\/wp\/v2\/users\/9"}],"replies":[{"embeddable":true,"href":"https:\/\/elfsight.com\/it\/wp-json\/wp\/v2\/comments?post=5170"}],"version-history":[{"count":3,"href":"https:\/\/elfsight.com\/it\/wp-json\/wp\/v2\/pages\/5170\/revisions"}],"predecessor-version":[{"id":9753,"href":"https:\/\/elfsight.com\/it\/wp-json\/wp\/v2\/pages\/5170\/revisions\/9753"}],"up":[{"embeddable":true,"href":"https:\/\/elfsight.com\/it\/wp-json\/wp\/v2\/pages\/1936"}],"wp:attachment":[{"href":"https:\/\/elfsight.com\/it\/wp-json\/wp\/v2\/media?parent=5170"}],"curies":[{"name":"wp","href":"https:\/\/api.w.org\/{rel}","templated":true}]}}