{"id":5165,"date":"1970-01-01T00:00:00","date_gmt":"1970-01-01T00:00:00","guid":{"rendered":"https:\/\/elfsight.com\/it\/?page_id=5165"},"modified":"2024-11-12T13:10:16","modified_gmt":"2024-11-12T13:10:16","slug":"magento","status":"publish","type":"page","link":"https:\/\/elfsight.com\/it\/pdf-embed-widget\/magento\/","title":{"rendered":"PDF Embed &#8211; Magento"},"content":{"rendered":"<div class=\"application-platform-content-item-description application-platform-content-item\" id=\"description\" data-nav-section=\"description\"> <h2>Descrizione<\/h2> <p>Con l&#8217;aiuto dell&#8217;estensione Elfsight PDF, ottieni il modo pi\u00f9 pratico e immediato per incollare i tuoi documenti PDF nelle pagine del tuo sito. Per tua comodit\u00e0, i documenti possono essere integrati caricandoli, inserendo i loro URL o selezionandoli dall&#8217;elenco degli ultimi caricati. Puoi assegnare a ciascun documento il tuo nome, caricare un&#8217;icona e visualizzare l&#8217;anteprima dell&#8217;immagine, scegliere il layout e altre opzioni. I visitatori del sito possono leggere i documenti direttamente sulla tua pagina, visualizzarli in una nuova scheda e scaricarli. <\/p> <div class=\"faq\" data-component=\"FAQ\"> <div class=\"faq-item\">\r\n\t\t\t\t\t<div class=\"faq-item-question\">\r\n\t\t\t\t\t\t<h3 class=\"faq-item-question-text\">Dove posso aggiungerlo sul mio sito web<\/h3>\r\n\r\n\t\t\t\t\t\t<div class=\"faq-item-question-icon\"><\/div>\r\n\t\t\t\t\t<\/div>\r\n\r\n\t\t\t\t\t<div class=\"faq-item-answer\">\r\n\t\t\t\t\t\t<div class=\"faq-item-answer-text\"> <p>Sentiti libero di aggiungere File Embed a qualsiasi pagina del sito web. Quindi, con esso puoi pubblicare i tuoi documenti tecnici o linee guida sulle pagine dei prodotti corrispondenti o dimostrare i tuoi diplomi e certificati sulla pagina di destinazione.<\/p> <\/div>\r\n\t\t\t\t\t<\/div>\r\n\t\t\t\t<\/div> <div class=\"faq-item\">\r\n\t\t\t\t\t<div class=\"faq-item-question\">\r\n\t\t\t\t\t\t<h3 class=\"faq-item-question-text\">Quali sono i vantaggi di avere l'estensione per me ?<\/h3>\r\n\r\n\t\t\t\t\t\t<div class=\"faq-item-question-icon\"><\/div>\r\n\t\t\t\t\t<\/div>\r\n\r\n\t\t\t\t\t<div class=\"faq-item-answer\">\r\n\t\t\t\t\t\t<div class=\"faq-item-answer-text\"> <p>Il nostro widget ti far\u00e0 risparmiare molto tempo, perch\u00e9 con il suo aiuto, l&#8217;integrazione dei documenti nel tuo sito richiede solo pochi secondi. Inoltre, puoi fornire ai tuoi clienti molti dettagli preziosi sui tuoi prodotti e servizi. <\/p> <\/div>\r\n\t\t\t\t\t<\/div>\r\n\t\t\t\t<\/div> <div class=\"faq-item\">\r\n\t\t\t\t\t<div class=\"faq-item-question\">\r\n\t\t\t\t\t\t<h3 class=\"faq-item-question-text\">Come posso aggiungere l'estensione PDF al mio sito web Magento?<\/h3>\r\n\r\n\t\t\t\t\t\t<div class=\"faq-item-question-icon\"><\/div>\r\n\t\t\t\t\t<\/div>\r\n\r\n\t\t\t\t\t<div class=\"faq-item-answer\">\r\n\t\t\t\t\t\t<div class=\"faq-item-answer-text\"> <p>Ci vuole un minuto del tuo tempo per impostare il widget. Il processo di integrazione \u00e8 molto veloce, gratuito e non include codifica.<\/p> <p>Il widget pu\u00f2 essere aggiunto direttamente tramite il servizio Elfsight o sul marketplace. Qui puoi saperne di pi\u00f9 su entrambe le opzioni e scegliere quella pi\u00f9 adatta.<\/p> <\/div>\r\n\t\t\t\t\t<\/div>\r\n\t\t\t\t<\/div> <\/div> <\/div> <div class=\"application-platform-content-item-features application-platform-content-item\" id=\"features\" data-nav-section=\"features\"> <h2>Funzionalit\u00e0<\/h2> <p>Per migliorare per capire come funziona PDF Viewer, controlla l&#8217;elenco delle sue funzionalit\u00e0 essenziali. Rendono la nostra estensione davvero efficace per la tua attivit\u00e0:<\/p> <ul><li>Integra qualsiasi quantit\u00e0 di documenti;<\/li> <li>Opzione di layout Visualizzatore file per visualizzare i documenti sulla pagina;<\/li> <li>Caricamento di immagini per icone e anteprime;<\/li> <li>Visualizzare o nascondere l&#8217;etichetta del documento di download;<\/li> <li> Elementi dell&#8217;interfaccia a colori 6;<\/li> <\/ul><p><a href=\"#demo\">Per conoscere pi\u00f9 funzionalit\u00e0, guarda la demo<\/a><\/p> <\/div> <div class=\"application-platform-content-item-installation application-platform-content-item\" id=\"installation\" data-nav-section=\"installation\"> <h2>Scopri come aggiungere l&#8217;estensione PDF Viewer alla tua pagina Magento<\/h2> <p>Basta seguire i passaggi descritti di seguito per attivare l&#8217;estensione su Magento.<\/p> <ol><li><b>Utilizza il nostro configuratore gratuito e inizia a creare il tuo widget personalizzato. <\/b><br> Scegli il design personalizzato e le opzioni dello strumento e salva le modifiche. <\/li> <li><b>Ottieni il tuo codice individuale esposto nella casella sulle app Elfsight. <\/b><br> Al termine della generazione dell&#8217;estensione PDF, copia il codice esclusivo nel popup visualizzato e conservalo per un utilizzo futuro. <\/li> <li><b>Inizia a utilizzare il widget sul tuo sito Magento. <\/b><br> Inserisci il codice salvato in precedenza nella tua pagina web e salva i miglioramenti. <\/li> <li><b>L&#8217;installazione \u00e8 terminata con successo. <\/b><br> Vai al tuo sito web per vedere in azione come funziona il widget. <\/li><\/ol><p>Dubbi ancora qualcosa? O stai riscontrando problemi? Scrivi semplicemente una richiesta al nostro team di supporto e risolveranno qualsiasi tipo di problema tu abbia.<\/p> <\/div>","protected":false},"excerpt":{"rendered":"","protected":false},"author":9,"featured_media":0,"parent":1936,"menu_order":0,"comment_status":"closed","ping_status":"closed","template":"templates\/template-application-platform.php","meta":{"publish_to_discourse":"","publish_post_category":"","wpdc_auto_publish_overridden":"","wpdc_topic_tags":"","wpdc_pin_topic":"","wpdc_pin_until":"","discourse_post_id":"","discourse_permalink":"","wpdc_publishing_response":"","wpdc_publishing_error":"","footnotes":""},"class_list":["post-5165","page","type-page","status-publish","hentry"],"yoast_head":"<!-- This site is optimized with the Yoast SEO plugin v25.3.1 - https:\/\/yoast.com\/wordpress\/plugins\/seo\/ -->\n<title>Visualizzatore PDF: incorpora l&#039;estensione PDF nel sito Web Magento (gratuito e veloce)<\/title>\n<meta name=\"description\" content=\"\u00c8 facile creare la tua estensione PDF Viewer e incorporarla nel sito web Magento. L&#039;assistenza clienti Elfsight \u00e8 gratuita e veloce.\" \/>\n<meta name=\"robots\" content=\"index, follow, max-snippet:-1, max-image-preview:large, max-video-preview:-1\" \/>\n<link rel=\"canonical\" href=\"https:\/\/elfsight.com\/it\/pdf-embed-widget\/magento\/\" \/>\n<meta property=\"og:locale\" content=\"it_IT\" \/>\n<meta property=\"og:type\" content=\"article\" \/>\n<meta property=\"og:title\" content=\"Visualizzatore PDF: incorpora l&#039;estensione PDF nel sito Web Magento (gratuito e veloce)\" \/>\n<meta property=\"og:description\" content=\"\u00c8 facile creare la tua estensione PDF Viewer e incorporarla nel sito web Magento. L&#039;assistenza clienti Elfsight \u00e8 gratuita e veloce.\" \/>\n<meta property=\"og:url\" content=\"https:\/\/elfsight.com\/it\/pdf-embed-widget\/magento\/\" \/>\n<meta property=\"og:site_name\" content=\"Elfsight IT\" \/>\n<meta property=\"article:modified_time\" content=\"2024-11-12T13:10:16+00:00\" \/>\n<meta name=\"twitter:card\" content=\"summary_large_image\" \/>\n<meta name=\"twitter:label1\" content=\"Tempo di lettura stimato\" \/>\n\t<meta name=\"twitter:data1\" content=\"2 minuti\" \/>\n<!-- \/ Yoast SEO plugin. -->","yoast_head_json":{"title":"Visualizzatore PDF: incorpora l'estensione PDF nel sito Web Magento (gratuito e veloce)","description":"\u00c8 facile creare la tua estensione PDF Viewer e incorporarla nel sito web Magento. L'assistenza clienti Elfsight \u00e8 gratuita e veloce.","robots":{"index":"index","follow":"follow","max-snippet":"max-snippet:-1","max-image-preview":"max-image-preview:large","max-video-preview":"max-video-preview:-1"},"canonical":"https:\/\/elfsight.com\/it\/pdf-embed-widget\/magento\/","og_locale":"it_IT","og_type":"article","og_title":"Visualizzatore PDF: incorpora l'estensione PDF nel sito Web Magento (gratuito e veloce)","og_description":"\u00c8 facile creare la tua estensione PDF Viewer e incorporarla nel sito web Magento. L'assistenza clienti Elfsight \u00e8 gratuita e veloce.","og_url":"https:\/\/elfsight.com\/it\/pdf-embed-widget\/magento\/","og_site_name":"Elfsight IT","article_modified_time":"2024-11-12T13:10:16+00:00","twitter_card":"summary_large_image","twitter_misc":{"Tempo di lettura stimato":"2 minuti"},"schema":{"@context":"https:\/\/schema.org","@graph":[{"@type":"WebPage","@id":"https:\/\/elfsight.com\/it\/pdf-embed-widget\/magento\/","url":"https:\/\/elfsight.com\/it\/pdf-embed-widget\/magento\/","name":"Visualizzatore PDF: incorpora l'estensione PDF nel sito Web Magento (gratuito e veloce)","isPartOf":{"@id":"https:\/\/elfsight.com\/it\/#website"},"datePublished":"1970-01-01T00:00:00+00:00","dateModified":"2024-11-12T13:10:16+00:00","description":"\u00c8 facile creare la tua estensione PDF Viewer e incorporarla nel sito web Magento. L'assistenza clienti Elfsight \u00e8 gratuita e veloce.","breadcrumb":{"@id":"https:\/\/elfsight.com\/it\/pdf-embed-widget\/magento\/#breadcrumb"},"inLanguage":"it-IT","potentialAction":[{"@type":"ReadAction","target":["https:\/\/elfsight.com\/it\/pdf-embed-widget\/magento\/"]}]},{"@type":"BreadcrumbList","@id":"https:\/\/elfsight.com\/it\/pdf-embed-widget\/magento\/#breadcrumb","itemListElement":[{"@type":"ListItem","position":1,"name":"Home","item":"https:\/\/elfsight.com\/it\/"},{"@type":"ListItem","position":2,"name":"PDF Embed","item":"https:\/\/elfsight.com\/it\/pdf-embed-widget\/"},{"@type":"ListItem","position":3,"name":"PDF Embed &#8211; Magento"}]},{"@type":"WebSite","@id":"https:\/\/elfsight.com\/it\/#website","url":"https:\/\/elfsight.com\/it\/","name":"Elfsight IT","description":"Just another Elfsight Sites site","potentialAction":[{"@type":"SearchAction","target":{"@type":"EntryPoint","urlTemplate":"https:\/\/elfsight.com\/it\/?s={search_term_string}"},"query-input":{"@type":"PropertyValueSpecification","valueRequired":true,"valueName":"search_term_string"}}],"inLanguage":"it-IT"}]}},"meta_box":{"industry":"","seo_heading":"","heading":"","description":"","cta_heading":"","cta_description":"","application":"1935","h1":"Estensione del visualizzatore PDF Magento","h1_caption":"Incorpora documenti PDF nel tuo sito web per visualizzarli e scaricarli facilmente senza reindirizzare facilmente i visitatori al tuo sito web Magento.","application_category":[],"applications_title":"","applications_request_title":"","applications_request_button_text":"","hero_text":"","hero_video":"","hero_video_schema_markup":"","selling_points_title":"","selling_points_caption":"","selling_points":[],"selling_points_cta_text":"","features_title":"","features":"","ed_cta_examples_text":"","ed_cta_examples_hidden":"","ed_cta_demo_text":"","ed_cta_demo_hidden":"","why_caption":"","why_editor_title":"","why_editor_text":"","why_team_title":"","why_team_text":"","why_service_title":"","why_service_text":"","template_catalog_visible":"","template_catalog_title":"","template_catalog_text":"","template_catalog_categories_visible":"","demo_title":"Crea la tua estensione PDF incorporata","demo_caption":"Configura il tuo PDF incorporato e aggiungilo gratuitamente al tuo sito Magento!","default_faq_hidden":"","app_template_category":[],"platform":"39","template_public_id":"","codecanyon_url":"","codecanyon_item_id":"","codecanyon_price":"","pricing_caption":"","pricing_elfsight_apps_hide_column":"","pricing_elfsight_apps_url":"","pricing_codecanyon_price_caption":"","integration_category":[],"integration_request_title":"","integration_request_cta":"","integration_platform":"","integrations":[],"platform_category":[],"video_schema_markup":"","price":"da $ 0 al mese","trial":"","benefits":[{"text":"Assistenza per l'installazione gratuita"},{"text":"Servizio clienti professionale"},{"text":"Garanzia di rimborso di 14 giorni"},{"text":"Miglioramenti continui"}],"button_url":"#demo","button_target_blank":"","button_nofollow":"","attributes":[{"name":"Installazioni"},{"name":"Reattivo","content":"S\u00cc"},{"name":"Browser compatibili","content":"Firefox, Safari, Opera, Chrome, Edge"}],"tags":[],"tags_disable_links":"","hide_more_platforms":"","video_object":"","demo_hide_cta":"","demo_hide_cloud_options":"","pricing_title":"","pricing":[{"pricing_icon":"platform","pricing_title":"Elfsight Apps","pricing_title_caption":"Versione indipendente dalla piattaforma adatta a qualsiasi sito","pricing_price":"da $ 0 \/ mese","pricing_price_caption":"inizia con un piano gratuito","pricing_benefits":[{"text":"Domini illimitati"},{"text":"Supporto aziendale premium"},{"text":"Supporto per l'installazione senza costi"},{"text":"100% personalizzabile"}],"pricing_button_text":"Aggiungi al sito web","pricing_button_url":"#demo"}],"related_apps_title":"","related_apps_hidden":"","author":"","image":[],"title":"","job":"","social_networks":[]},"_links":{"self":[{"href":"https:\/\/elfsight.com\/it\/wp-json\/wp\/v2\/pages\/5165","targetHints":{"allow":["GET"]}}],"collection":[{"href":"https:\/\/elfsight.com\/it\/wp-json\/wp\/v2\/pages"}],"about":[{"href":"https:\/\/elfsight.com\/it\/wp-json\/wp\/v2\/types\/page"}],"author":[{"embeddable":true,"href":"https:\/\/elfsight.com\/it\/wp-json\/wp\/v2\/users\/9"}],"replies":[{"embeddable":true,"href":"https:\/\/elfsight.com\/it\/wp-json\/wp\/v2\/comments?post=5165"}],"version-history":[{"count":1,"href":"https:\/\/elfsight.com\/it\/wp-json\/wp\/v2\/pages\/5165\/revisions"}],"predecessor-version":[{"id":5169,"href":"https:\/\/elfsight.com\/it\/wp-json\/wp\/v2\/pages\/5165\/revisions\/5169"}],"up":[{"embeddable":true,"href":"https:\/\/elfsight.com\/it\/wp-json\/wp\/v2\/pages\/1936"}],"wp:attachment":[{"href":"https:\/\/elfsight.com\/it\/wp-json\/wp\/v2\/media?parent=5165"}],"curies":[{"name":"wp","href":"https:\/\/api.w.org\/{rel}","templated":true}]}}