{"id":5163,"date":"1970-01-01T00:00:00","date_gmt":"1970-01-01T00:00:00","guid":{"rendered":"https:\/\/elfsight.com\/it\/?page_id=5163"},"modified":"2024-11-12T13:10:08","modified_gmt":"2024-11-12T13:10:08","slug":"joomla","status":"publish","type":"page","link":"https:\/\/elfsight.com\/it\/pdf-embed-widget\/joomla\/","title":{"rendered":"PDF Embed &#8211; Joomla"},"content":{"rendered":"<div class=\"application-platform-content-item-description application-platform-content-item\" id=\"description\" data-nav-section=\"description\"> <h2>Descrizione<\/h2> <p>Con l&#8217;aiuto dell&#8217;estensione Elfsight PDF, prova il modo pi\u00f9 pratico e veloce di inserire pi\u00f9 documenti PDF nelle pagine di un sito. Per maggiore praticit\u00e0, i file possono essere incorporati semplicemente caricandoli, aggiungendo i relativi URL o selezionandoli dagli ultimi caricati. Puoi assegnare un titolo a ciascun file, caricare un&#8217;icona o un&#8217;immagine di anteprima, scegliere l&#8217;opzione di layout dei file e altro. I tuoi utenti possono visualizzare i file direttamente sulla pagina, aprirli in una nuova scheda e scaricarli.<\/p> <div class=\"faq\" data-component=\"FAQ\"> <div class=\"faq-item\">\r\n\t\t\t\t\t<div class=\"faq-item-question\">\r\n\t\t\t\t\t\t<h3 class=\"faq-item-question-text\">Dove posso integrare il widget sul mio sito web<\/h3>\r\n\r\n\t\t\t\t\t\t<div class=\"faq-item-question-icon\"><\/div>\r\n\t\t\t\t\t<\/div>\r\n\r\n\t\t\t\t\t<div class=\"faq-item-answer\">\r\n\t\t\t\t\t\t<div class=\"faq-item-answer-text\"> <p>Sei libero di visualizzare il plugin File Embed su tutte le pagine del sito. Pu\u00f2 essere utilizzato per aggiungere documenti o specifiche del prodotto sulle pagine del prodotto o pubblicare diplomi e certificati sulla pagina Chi siamo.<\/p><\/div>\r\n\t\t\t\t\t<\/div>\r\n\t\t\t\t<\/div> <div class=\"faq-item\">\r\n\t\t\t\t\t<div class=\"faq-item-question\">\r\n\t\t\t\t\t\t<h3 class=\"faq-item-question-text\">Come trarr\u00f2 vantaggio dall'estensione?<\/h3>\r\n\r\n\t\t\t\t\t\t<div class=\"faq-item-question-icon\"><\/div>\r\n\t\t\t\t\t<\/div>\r\n\r\n\t\t\t\t\t<div class=\"faq-item-answer\">\r\n\t\t\t\t\t\t<div class=\"faq-item-answer-text\"> <p>Il plugin di Elfsight pu\u00f2 farti risparmiare molto tempo, poich\u00e9 con il suo aiuto, la pubblicazione di documenti sul tuo sito richiede solo pochi secondi. Inoltre, ti aiuta a fornire molti dati preziosi sulle tue offerte o servizi per aumentare la conoscenza degli utenti al riguardo.<\/p><\/div>\r\n\t\t\t\t\t<\/div>\r\n\t\t\t\t<\/div> <div class=\"faq-item\">\r\n\t\t\t\t\t<div class=\"faq-item-question\">\r\n\t\t\t\t\t\t<h3 class=\"faq-item-question-text\">Come posso installare PDF Embed sul mio sito Web Joomla?<\/h3>\r\n\r\n\t\t\t\t\t\t<div class=\"faq-item-question-icon\"><\/div>\r\n\t\t\t\t\t<\/div>\r\n\r\n\t\t\t\t\t<div class=\"faq-item-answer\">\r\n\t\t\t\t\t\t<div class=\"faq-item-answer-text\"> <p>Ci vorr\u00e0 solo un minuto per incorporare il widget. L&#8217;installazione \u00e8 davvero rapida, gratuita e senza codifica. <\/p> <p>L&#8217;estensione Elfsight PDF pu\u00f2 essere integrata tramite il nostro servizio o sul marketplace. Puoi visualizzare informazioni aggiuntive su entrambe le varianti e scegliere la tua.<\/p><\/div>\r\n\t\t\t\t\t<\/div>\r\n\t\t\t\t<\/div> <\/div> <\/div><div class=\"application-platform-content-item-features application-platform-content-item\" id=\"features\" data-nav-section=\"features\"> <h2>Funzionalit\u00e0<\/h2> <p>In aiuto ottenere una comprensione di PDF Viewer, ecco l&#8217;elenco delle caratteristiche pi\u00f9 importanti. Lo rendono estremamente vantaggioso per te: <\/p> <ul><li>Incorpora qualsiasi quantit\u00e0 di documenti; <\/li> <li>Variante di layout del Visualizzatore di file per leggere i file sulla pagina; <\/li> <li>Caricamento di immagini per icone di file e anteprime; <\/li> <li>Mostrare o rimuovere l&#8217;etichetta del file di download; <\/li> <li>Dipingi sei elementi dell&#8217;interfaccia; <\/li> <\/ul><p><a href=\"#demo\">La demo ti mostrer\u00e0 pi\u00f9 funzionalit\u00e0<\/a><\/p> <\/div><div class=\"application-platform-content-item-installation application-platform-content-item\" id=\"installation\" data-nav-section=\"installation\"> <h2> Come incorporare l&#8217;estensione PDF Viewer nel tuo sito web Joomla<\/h2> <p>Applica semplicemente le istruzioni seguenti per iniziare a lavorare con l&#8217;estensione PDF Embed su Joomla.<\/p> <ol><li><b>Lancia il nostro servizio gratuito demo e inizia a creare la tua estensione personalizzata. <\/b><br> Trova l&#8217;aspetto e i parametri preferiti dell&#8217;estensione e salva le modifiche. <\/li> <li><b>Ottieni il codice univoco che appare nella casella su Elfsight Apps. <\/b><br> Non appena terminata la generazione del tuo strumento, copia il codice personale nella casella visualizzata e salvalo per un ulteriore utilizzo. <\/li> <li><b>Avvia l&#8217;utilizzo dell&#8217;estensione sul sito Joomla. <\/b><br> Inserisci il codice copiato in precedenza nel tuo sito web e salva le correzioni. <\/li> <li><b>Fatto! L&#8217;installazione \u00e8 terminata con successo. <\/b><br> Vai alla tua pagina per dare un&#8217;occhiata al funzionamento dell&#8217;estensione. <\/li><\/ol><p>Non riesci ancora a prendere una decisione? Oppure hai domande da porre? Invia semplicemente la tua richiesta via email al nostro supporto clienti, ti aiuteranno con ogni problema.<\/p> <\/div>","protected":false},"excerpt":{"rendered":"","protected":false},"author":9,"featured_media":0,"parent":1936,"menu_order":0,"comment_status":"closed","ping_status":"closed","template":"templates\/template-application-platform.php","meta":{"publish_to_discourse":"","publish_post_category":"","wpdc_auto_publish_overridden":"","wpdc_topic_tags":"","wpdc_pin_topic":"","wpdc_pin_until":"","discourse_post_id":"","discourse_permalink":"","wpdc_publishing_response":"","wpdc_publishing_error":"","footnotes":""},"class_list":["post-5163","page","type-page","status-publish","hentry"],"yoast_head":"<!-- This site is optimized with the Yoast SEO plugin v25.3.1 - https:\/\/yoast.com\/wordpress\/plugins\/seo\/ -->\n<title>Visualizzatore PDF: incorpora l&#039;estensione PDF nel sito Web Joomla (2025)<\/title>\n<meta name=\"description\" content=\"\u00c8 facile creare la tua estensione reattiva per il visualizzatore PDF e incorporarla nel tuo sito web Joomla. Il servizio clienti Elfsight \u00e8 gratuito e gratuito.\" \/>\n<meta name=\"robots\" content=\"index, follow, max-snippet:-1, max-image-preview:large, max-video-preview:-1\" \/>\n<link rel=\"canonical\" href=\"https:\/\/elfsight.com\/it\/pdf-embed-widget\/joomla\/\" \/>\n<meta property=\"og:locale\" content=\"it_IT\" \/>\n<meta property=\"og:type\" content=\"article\" \/>\n<meta property=\"og:title\" content=\"Visualizzatore PDF: incorpora l&#039;estensione PDF nel sito Web Joomla (2025)\" \/>\n<meta property=\"og:description\" content=\"\u00c8 facile creare la tua estensione reattiva per il visualizzatore PDF e incorporarla nel tuo sito web Joomla. Il servizio clienti Elfsight \u00e8 gratuito e gratuito.\" \/>\n<meta property=\"og:url\" content=\"https:\/\/elfsight.com\/it\/pdf-embed-widget\/joomla\/\" \/>\n<meta property=\"og:site_name\" content=\"Elfsight IT\" \/>\n<meta property=\"article:modified_time\" content=\"2024-11-12T13:10:08+00:00\" \/>\n<meta name=\"twitter:card\" content=\"summary_large_image\" \/>\n<meta name=\"twitter:label1\" content=\"Tempo di lettura stimato\" \/>\n\t<meta name=\"twitter:data1\" content=\"2 minuti\" \/>\n<!-- \/ Yoast SEO plugin. -->","yoast_head_json":{"title":"Visualizzatore PDF: incorpora l'estensione PDF nel sito Web Joomla (2025)","description":"\u00c8 facile creare la tua estensione reattiva per il visualizzatore PDF e incorporarla nel tuo sito web Joomla. Il servizio clienti Elfsight \u00e8 gratuito e gratuito.","robots":{"index":"index","follow":"follow","max-snippet":"max-snippet:-1","max-image-preview":"max-image-preview:large","max-video-preview":"max-video-preview:-1"},"canonical":"https:\/\/elfsight.com\/it\/pdf-embed-widget\/joomla\/","og_locale":"it_IT","og_type":"article","og_title":"Visualizzatore PDF: incorpora l'estensione PDF nel sito Web Joomla (2025)","og_description":"\u00c8 facile creare la tua estensione reattiva per il visualizzatore PDF e incorporarla nel tuo sito web Joomla. Il servizio clienti Elfsight \u00e8 gratuito e gratuito.","og_url":"https:\/\/elfsight.com\/it\/pdf-embed-widget\/joomla\/","og_site_name":"Elfsight IT","article_modified_time":"2024-11-12T13:10:08+00:00","twitter_card":"summary_large_image","twitter_misc":{"Tempo di lettura stimato":"2 minuti"},"schema":{"@context":"https:\/\/schema.org","@graph":[{"@type":"WebPage","@id":"https:\/\/elfsight.com\/it\/pdf-embed-widget\/joomla\/","url":"https:\/\/elfsight.com\/it\/pdf-embed-widget\/joomla\/","name":"Visualizzatore PDF: incorpora l'estensione PDF nel sito Web Joomla (2025)","isPartOf":{"@id":"https:\/\/elfsight.com\/it\/#website"},"datePublished":"1970-01-01T00:00:00+00:00","dateModified":"2024-11-12T13:10:08+00:00","description":"\u00c8 facile creare la tua estensione reattiva per il visualizzatore PDF e incorporarla nel tuo sito web Joomla. Il servizio clienti Elfsight \u00e8 gratuito e gratuito.","breadcrumb":{"@id":"https:\/\/elfsight.com\/it\/pdf-embed-widget\/joomla\/#breadcrumb"},"inLanguage":"it-IT","potentialAction":[{"@type":"ReadAction","target":["https:\/\/elfsight.com\/it\/pdf-embed-widget\/joomla\/"]}]},{"@type":"BreadcrumbList","@id":"https:\/\/elfsight.com\/it\/pdf-embed-widget\/joomla\/#breadcrumb","itemListElement":[{"@type":"ListItem","position":1,"name":"Home","item":"https:\/\/elfsight.com\/it\/"},{"@type":"ListItem","position":2,"name":"PDF Embed","item":"https:\/\/elfsight.com\/it\/pdf-embed-widget\/"},{"@type":"ListItem","position":3,"name":"PDF Embed &#8211; Joomla"}]},{"@type":"WebSite","@id":"https:\/\/elfsight.com\/it\/#website","url":"https:\/\/elfsight.com\/it\/","name":"Elfsight IT","description":"Just another Elfsight Sites site","potentialAction":[{"@type":"SearchAction","target":{"@type":"EntryPoint","urlTemplate":"https:\/\/elfsight.com\/it\/?s={search_term_string}"},"query-input":{"@type":"PropertyValueSpecification","valueRequired":true,"valueName":"search_term_string"}}],"inLanguage":"it-IT"}]}},"meta_box":{"industry":"","seo_heading":"","heading":"","description":"","cta_heading":"","cta_description":"","application":"1935","h1":"Estensione incorporamento PDF di Joomla","h1_caption":"Incorpora documenti PDF nel tuo sito web per visualizzarli e scaricarli facilmente senza reindirizzare facilmente i visitatori al tuo sito web Joomla.","application_category":[],"applications_title":"","applications_request_title":"","applications_request_button_text":"","hero_text":"","hero_video":"","hero_video_schema_markup":"","selling_points_title":"","selling_points_caption":"","selling_points":[],"selling_points_cta_text":"","features_title":"","features":"","ed_cta_examples_text":"","ed_cta_examples_hidden":"","ed_cta_demo_text":"","ed_cta_demo_hidden":"","why_caption":"","why_editor_title":"","why_editor_text":"","why_team_title":"","why_team_text":"","why_service_title":"","why_service_text":"","template_catalog_visible":"","template_catalog_title":"","template_catalog_text":"","template_catalog_categories_visible":"","demo_title":"Crea il tuo plugin per incorporare PDF","demo_caption":"Configura il tuo PDF incorporato e aggiungilo gratuitamente al tuo sito web Joomla!","default_faq_hidden":"","app_template_category":[],"platform":"36","template_public_id":"","codecanyon_url":"","codecanyon_item_id":"","codecanyon_price":"","pricing_caption":"","pricing_elfsight_apps_hide_column":"","pricing_elfsight_apps_url":"","pricing_codecanyon_price_caption":"","integration_category":[],"integration_request_title":"","integration_request_cta":"","integration_platform":"","integrations":[],"platform_category":[],"video_schema_markup":"","price":"da $ 0 al mese","trial":"","benefits":[{"text":"Aiuto per l'installazione gratuito"},{"text":"Servizio clienti efficace"},{"text":"Garanzia di rimborso di 14 giorni"},{"text":"Aggiornamento costante"}],"button_url":"#demo","button_target_blank":"","button_nofollow":"","attributes":[{"name":"Installazioni"},{"name":"Reattivo","content":"S\u00cc"},{"name":"Browser compatibili","content":"Safari, Edge, Chrome, Firefox, Opera"}],"tags":[],"tags_disable_links":"","hide_more_platforms":"","video_object":"","demo_hide_cta":"","demo_hide_cloud_options":"","pricing_title":"","pricing":[{"pricing_icon":"platform","pricing_title":"Elfsight Apps","pricing_title_caption":"Soluzione digitale multipiattaforma che funziona su qualsiasi sito web","pricing_price":"da $ 0 \/ mese","pricing_price_caption":"inizia con il piano gratuito","pricing_benefits":[{"text":"Domini illimitati"},{"text":"Supporto puntuale 24 ore su 24, 7 giorni su 7 e ben documentato"},{"text":"Servizio di installazione gratuito"},{"text":"Offerta a tempo limitato per pi\u00f9 app"}],"pricing_button_text":"Aggiungi al sito web","pricing_button_url":"#demo"}],"related_apps_title":"","related_apps_hidden":"","author":"","image":[],"title":"","job":"","social_networks":[]},"_links":{"self":[{"href":"https:\/\/elfsight.com\/it\/wp-json\/wp\/v2\/pages\/5163","targetHints":{"allow":["GET"]}}],"collection":[{"href":"https:\/\/elfsight.com\/it\/wp-json\/wp\/v2\/pages"}],"about":[{"href":"https:\/\/elfsight.com\/it\/wp-json\/wp\/v2\/types\/page"}],"author":[{"embeddable":true,"href":"https:\/\/elfsight.com\/it\/wp-json\/wp\/v2\/users\/9"}],"replies":[{"embeddable":true,"href":"https:\/\/elfsight.com\/it\/wp-json\/wp\/v2\/comments?post=5163"}],"version-history":[{"count":1,"href":"https:\/\/elfsight.com\/it\/wp-json\/wp\/v2\/pages\/5163\/revisions"}],"predecessor-version":[{"id":5167,"href":"https:\/\/elfsight.com\/it\/wp-json\/wp\/v2\/pages\/5163\/revisions\/5167"}],"up":[{"embeddable":true,"href":"https:\/\/elfsight.com\/it\/wp-json\/wp\/v2\/pages\/1936"}],"wp:attachment":[{"href":"https:\/\/elfsight.com\/it\/wp-json\/wp\/v2\/media?parent=5163"}],"curies":[{"name":"wp","href":"https:\/\/api.w.org\/{rel}","templated":true}]}}