{"id":5156,"date":"1970-01-01T00:00:00","date_gmt":"1970-01-01T00:00:00","guid":{"rendered":"https:\/\/elfsight.com\/it\/?page_id=5156"},"modified":"2025-03-23T17:41:19","modified_gmt":"2025-03-23T17:41:19","slug":"bigcommerce","status":"publish","type":"page","link":"https:\/\/elfsight.com\/it\/pdf-embed-widget\/bigcommerce\/","title":{"rendered":"PDF Embed &#8211; BigCommerce"},"content":{"rendered":"\n<div class=\"application-platform-content-item-description application-platform-content-item\" id=\"description\" data-nav-section=\"description\"> <h2>Descrizione<\/h2> <p>Con l&#8217;aiuto dell&#8217;app Elfsight PDF, sperimenta l&#8217;integrazione pi\u00f9 pratica e veloce di pi\u00f9 file PDF nel luogo. Per facilit\u00e0 d&#8217;uso, i documenti possono essere integrati caricandoli, aggiungendo gli URL o selezionando dall&#8217;elenco gli ultimi caricati. Le funzionalit\u00e0 ti consentono di assegnare a ciascun documento il tuo nome, caricare la tua icona o immagine di anteprima, scegliere il layout e altro ancora. Il pubblico del sito pu\u00f2 leggere i file direttamente sul tuo sito web, aprirli in una nuova scheda del browser e scaricarli. <\/p> <div class=\"faq\" data-component=\"FAQ\"> <div class=\"faq-item\">\r\n\t\t\t\t\t<div class=\"faq-item-question\">\r\n\t\t\t\t\t\t<h3 class=\"faq-item-question-text\">Dove posso incorporare PDF Embed nel mio sito web<\/h3>\r\n\r\n\t\t\t\t\t\t<div class=\"faq-item-question-icon\"><\/div>\r\n\t\t\t\t\t<\/div>\r\n\r\n\t\t\t\t\t<div class=\"faq-item-answer\">\r\n\t\t\t\t\t\t<div class=\"faq-item-answer-text\"> <p>\u00c8 facile aggiungere il widget File Embed su una o tutte le pagine del sito. Pertanto, puoi mostrare i tuoi documenti o specifiche tecnologiche sulle pagine dei prodotti o aggiungere i tuoi diplomi e certificati sulla pagina di destinazione. <\/p> <\/div>\r\n\t\t\t\t\t<\/div>\r\n\t\t\t\t<\/div> <div class=\"faq-item\">\r\n\t\t\t\t\t<div class=\"faq-item-question\">\r\n\t\t\t\t\t\t<h3 class=\"faq-item-question-text\">Quali vantaggi pu\u00f2 darmi?<\/h3>\r\n\r\n\t\t\t\t\t\t<div class=\"faq-item-question-icon\"><\/div>\r\n\t\t\t\t\t<\/div>\r\n\r\n\t\t\t\t\t<div class=\"faq-item-answer\">\r\n\t\t\t\t\t\t<div class=\"faq-item-answer-text\"> <p>Il widget di Elfsight ti far\u00e0 risparmiare un sacco di tempo, poich\u00e9 con esso l&#8217;aggiunta di documenti al tuo sito web richiede solo pochi secondi. Oltre a ci\u00f2, ti aiuta a fornire molti dettagli significativi sui tuoi articoli o servizi per aumentare la conoscenza dei tuoi articoli da parte dei clienti. <\/p> <\/div>\r\n\t\t\t\t\t<\/div>\r\n\t\t\t\t<\/div> <div class=\"faq-item\">\r\n\t\t\t\t\t<div class=\"faq-item-question\">\r\n\t\t\t\t\t\t<h3 class=\"faq-item-question-text\">Come posso aggiungere PDF Embed sul mio sito web BigCommerce?<\/h3>\r\n\r\n\t\t\t\t\t\t<div class=\"faq-item-question-icon\"><\/div>\r\n\t\t\t\t\t<\/div>\r\n\r\n\t\t\t\t\t<div class=\"faq-item-answer\">\r\n\t\t\t\t\t\t<div class=\"faq-item-answer-text\"> <p>Ci vogliono solo tre minuti per impostare il widget. \u00c8 davvero veloce, gratuito e senza codifica. <\/p> <p>Il widget pu\u00f2 essere integrato tramite il nostro servizio o sul marketplace. Qui puoi confrontare tutti i dettagli su queste varianti e scegliere la tua. <\/p> <\/div>\r\n\t\t\t\t\t<\/div>\r\n\t\t\t\t<\/div> <\/div> <\/div> <div class=\"application-platform-content-item-features application-platform-content-item\" id=\"features\" data-nav-section=\"features\"> <h2>Funzionalit\u00e0<\/h2> <p>Per avere una chiara percezione dell&#8217;app PDF, ecco l&#8217;elenco delle funzionalit\u00e0 essenziali caratteristiche. Rendono questo widget davvero efficiente per il tuo negozio: <\/p> <ul><li>Aggiungi file illimitati; <\/li> <li>Opzione di layout Visualizzatore file per leggere i documenti sul sito web; <\/li> <li>Caricamento di immagini per icone e anteprime dei documenti; <\/li> <li>L&#8217;opzione per mostrare o disattivare il testo del file di download; <\/li> <li>6 elementi colorabili dell&#8217;interfaccia del widget; <\/li> <\/ul><p><a href=\"#demo\">Scopri tutte le funzionalit\u00e0 nella nostra demo live<\/a> <\/p> <\/div> <div class=\"application-platform-content-item-installation application-platform-content-item\" id=\"installation\" data-nav-section=\"installation\"> <h2>Scopri come incorporare l&#8217;app PDF Viewer nel tuo sito web <\/h2> <div class=\"video-container\"><iframe width=\"560\" height=\"315\" src=\"https:\/\/www.youtube.com\/embed\/f2M0rR1GcgQ?si=-8845k4pNMInySZu\" frameborder=\"0\" allow=\"accelerometer; autoplay; clipboard-write; encrypted-media; gyroscope; picture-in-picture; web-share\" allowfullscreen><\/iframe><\/div><p>Segui semplicemente le linee guida seguenti per iniziare a utilizzare lo strumento su BigCommerce.<\/p> <ol><li><b>Utilizza il nostro editor gratuito e inizia a creare il tuo widget personalizzato . <\/b><br> Specifica il layout e le specifiche desiderati dello strumento e salva le modifiche. <\/li> <li><b>Ottieni il tuo codice individuale che appare nella casella sulle app Elfsight. <\/b><br> Una volta completata la creazione del tuo widget PDF, copia il codice esclusivo dal popup visualizzato e conservalo per ulteriori necessit\u00e0. <\/li> <li><b>Inizia a utilizzare il widget sul tuo sito web BigCommerce. <\/b><br> Incorpora il codice salvato di recente nella tua pagina e salva le modifiche. <\/li> <li><b>Il gioco \u00e8 fatto! L&#8217;incorporamento \u00e8 completamente completato. <\/b><br> Visita il tuo sito per visualizzare il funzionamento dell&#8217;app. <\/li><\/ol><p>Non riesci ancora a decidere? O riscontri problemi? Basta scrivere una richiesta al nostro team di supporto. Risolveremo qualsiasi tipo di problema. <\/p> <\/div>\n","protected":false},"excerpt":{"rendered":"","protected":false},"author":9,"featured_media":0,"parent":1936,"menu_order":0,"comment_status":"closed","ping_status":"closed","template":"templates\/template-application-platform.php","meta":{"publish_to_discourse":"","publish_post_category":"","wpdc_auto_publish_overridden":"","wpdc_topic_tags":"","wpdc_pin_topic":"","wpdc_pin_until":"","discourse_post_id":"","discourse_permalink":"","wpdc_publishing_response":"","wpdc_publishing_error":"","footnotes":""},"class_list":["post-5156","page","type-page","status-publish","hentry"],"yoast_head":"<!-- This site is optimized with the Yoast SEO plugin v25.3.1 - https:\/\/yoast.com\/wordpress\/plugins\/seo\/ -->\n<title>Visualizzatore PDF: incorpora l&#039;app PDF nel sito Web BigCommerce (2025)<\/title>\n<meta name=\"description\" content=\"\u00c8 facile modellare la tua app visualizzatore PDF reattiva e incorporarla nel sito Web BigCommerce. Il supporto client Elfsight \u00e8 gratuito e veloce.\" \/>\n<meta name=\"robots\" content=\"index, follow, max-snippet:-1, max-image-preview:large, max-video-preview:-1\" \/>\n<link rel=\"canonical\" href=\"https:\/\/elfsight.com\/it\/pdf-embed-widget\/bigcommerce\/\" \/>\n<meta property=\"og:locale\" content=\"it_IT\" \/>\n<meta property=\"og:type\" content=\"article\" \/>\n<meta property=\"og:title\" content=\"Visualizzatore PDF: incorpora l&#039;app PDF nel sito Web BigCommerce (2025)\" \/>\n<meta property=\"og:description\" content=\"\u00c8 facile modellare la tua app visualizzatore PDF reattiva e incorporarla nel sito Web BigCommerce. Il supporto client Elfsight \u00e8 gratuito e veloce.\" \/>\n<meta property=\"og:url\" content=\"https:\/\/elfsight.com\/it\/pdf-embed-widget\/bigcommerce\/\" \/>\n<meta property=\"og:site_name\" content=\"Elfsight IT\" \/>\n<meta property=\"article:modified_time\" content=\"2025-03-23T17:41:19+00:00\" \/>\n<meta name=\"twitter:card\" content=\"summary_large_image\" \/>\n<meta name=\"twitter:label1\" content=\"Tempo di lettura stimato\" \/>\n\t<meta name=\"twitter:data1\" content=\"3 minuti\" \/>\n<!-- \/ Yoast SEO plugin. -->","yoast_head_json":{"title":"Visualizzatore PDF: incorpora l'app PDF nel sito Web BigCommerce (2025)","description":"\u00c8 facile modellare la tua app visualizzatore PDF reattiva e incorporarla nel sito Web BigCommerce. Il supporto client Elfsight \u00e8 gratuito e veloce.","robots":{"index":"index","follow":"follow","max-snippet":"max-snippet:-1","max-image-preview":"max-image-preview:large","max-video-preview":"max-video-preview:-1"},"canonical":"https:\/\/elfsight.com\/it\/pdf-embed-widget\/bigcommerce\/","og_locale":"it_IT","og_type":"article","og_title":"Visualizzatore PDF: incorpora l'app PDF nel sito Web BigCommerce (2025)","og_description":"\u00c8 facile modellare la tua app visualizzatore PDF reattiva e incorporarla nel sito Web BigCommerce. Il supporto client Elfsight \u00e8 gratuito e veloce.","og_url":"https:\/\/elfsight.com\/it\/pdf-embed-widget\/bigcommerce\/","og_site_name":"Elfsight IT","article_modified_time":"2025-03-23T17:41:19+00:00","twitter_card":"summary_large_image","twitter_misc":{"Tempo di lettura stimato":"3 minuti"},"schema":{"@context":"https:\/\/schema.org","@graph":[{"@type":"WebPage","@id":"https:\/\/elfsight.com\/it\/pdf-embed-widget\/bigcommerce\/","url":"https:\/\/elfsight.com\/it\/pdf-embed-widget\/bigcommerce\/","name":"Visualizzatore PDF: incorpora l'app PDF nel sito Web BigCommerce (2025)","isPartOf":{"@id":"https:\/\/elfsight.com\/it\/#website"},"datePublished":"1970-01-01T00:00:00+00:00","dateModified":"2025-03-23T17:41:19+00:00","description":"\u00c8 facile modellare la tua app visualizzatore PDF reattiva e incorporarla nel sito Web BigCommerce. Il supporto client Elfsight \u00e8 gratuito e veloce.","breadcrumb":{"@id":"https:\/\/elfsight.com\/it\/pdf-embed-widget\/bigcommerce\/#breadcrumb"},"inLanguage":"it-IT","potentialAction":[{"@type":"ReadAction","target":["https:\/\/elfsight.com\/it\/pdf-embed-widget\/bigcommerce\/"]}]},{"@type":"BreadcrumbList","@id":"https:\/\/elfsight.com\/it\/pdf-embed-widget\/bigcommerce\/#breadcrumb","itemListElement":[{"@type":"ListItem","position":1,"name":"Home","item":"https:\/\/elfsight.com\/it\/"},{"@type":"ListItem","position":2,"name":"PDF Embed","item":"https:\/\/elfsight.com\/it\/pdf-embed-widget\/"},{"@type":"ListItem","position":3,"name":"PDF Embed &#8211; BigCommerce"}]},{"@type":"WebSite","@id":"https:\/\/elfsight.com\/it\/#website","url":"https:\/\/elfsight.com\/it\/","name":"Elfsight IT","description":"Just another Elfsight Sites site","potentialAction":[{"@type":"SearchAction","target":{"@type":"EntryPoint","urlTemplate":"https:\/\/elfsight.com\/it\/?s={search_term_string}"},"query-input":{"@type":"PropertyValueSpecification","valueRequired":true,"valueName":"search_term_string"}}],"inLanguage":"it-IT"}]}},"meta_box":{"industry":"","seo_heading":"","heading":"","description":"","cta_heading":"","cta_description":"","application":"1935","h1":"Applicazione visualizzatore PDF di BigCommerce","h1_caption":"Incorpora documenti PDF nel tuo sito web per visualizzarli e scaricarli facilmente senza reindirizzare facilmente i visitatori al tuo sito web BigCommerce.","application_category":[],"applications_title":"","applications_request_title":"","applications_request_button_text":"","hero_text":"","hero_video":"","hero_video_schema_markup":"","selling_points_title":"","selling_points_caption":"","selling_points":[],"selling_points_cta_text":"","features_title":"","features":"","ed_cta_examples_text":"","ed_cta_examples_hidden":"","ed_cta_demo_text":"","ed_cta_demo_hidden":"","why_caption":"","why_editor_title":"","why_editor_text":"","why_team_title":"","why_team_text":"","why_service_title":"","why_service_text":"","template_catalog_visible":"0","template_catalog_title":"","template_catalog_text":"","template_catalog_categories_visible":"","demo_title":"Crea la tua app per incorporare PDF","demo_caption":"Configura il tuo PDF incorporato e aggiungilo gratuitamente al tuo sito web BigCommerce!","default_faq_hidden":"","app_template_category":[],"platform":"32","template_public_id":"","codecanyon_url":"","codecanyon_item_id":"","codecanyon_price":"","pricing_caption":"","pricing_elfsight_apps_hide_column":"","pricing_elfsight_apps_url":"","pricing_codecanyon_price_caption":"","integration_category":[],"integration_request_title":"","integration_request_cta":"","integration_platform":"","integrations":[],"platform_category":[],"video_schema_markup":"","price":"da $ 0 al mese","trial":"","benefits":[{"text":"Aiuto per l'installazione gratuito"},{"text":"Supporto eccezionale"},{"text":"Garanzia di rimborso di 14 giorni"},{"text":"Aggiornamenti gratuiti a vita"}],"button_url":"#demo","button_target_blank":"0","button_nofollow":"0","attributes":[{"name":"Installazioni"},{"name":"Reattivo","content":"S\u00cc"},{"name":"Browser compatibili","content":"Firefox, Safari, Opera, Chrome, Edge"}],"tags":[],"tags_disable_links":"0","hide_more_platforms":"0","video_object":"","demo_hide_cta":"0","demo_hide_cloud_options":"0","pricing_title":"","pricing":[{"pricing_icon":"platform","pricing_title":"Elfsight Apps","pricing_title_caption":"Soluzione digitale indipendente dalla piattaforma che funziona su qualsiasi sito","pricing_price":"da $ 0 \/ mese","pricing_price_caption":"inizia con un piano gratuito","pricing_benefits":[{"text":"Siti web illimitati"},{"text":"Supporto gratuito, puntuale e ben documentato"},{"text":"Servizio di installazione gratuito"},{"text":"Completamente personalizzabile"}],"pricing_button_text":"Aggiungi al sito web","pricing_button_url":"#demo"}],"related_apps_title":"","related_apps_hidden":"0","author":"","image":[],"title":"","job":"","social_networks":[]},"_links":{"self":[{"href":"https:\/\/elfsight.com\/it\/wp-json\/wp\/v2\/pages\/5156","targetHints":{"allow":["GET"]}}],"collection":[{"href":"https:\/\/elfsight.com\/it\/wp-json\/wp\/v2\/pages"}],"about":[{"href":"https:\/\/elfsight.com\/it\/wp-json\/wp\/v2\/types\/page"}],"author":[{"embeddable":true,"href":"https:\/\/elfsight.com\/it\/wp-json\/wp\/v2\/users\/9"}],"replies":[{"embeddable":true,"href":"https:\/\/elfsight.com\/it\/wp-json\/wp\/v2\/comments?post=5156"}],"version-history":[{"count":3,"href":"https:\/\/elfsight.com\/it\/wp-json\/wp\/v2\/pages\/5156\/revisions"}],"predecessor-version":[{"id":9746,"href":"https:\/\/elfsight.com\/it\/wp-json\/wp\/v2\/pages\/5156\/revisions\/9746"}],"up":[{"embeddable":true,"href":"https:\/\/elfsight.com\/it\/wp-json\/wp\/v2\/pages\/1936"}],"wp:attachment":[{"href":"https:\/\/elfsight.com\/it\/wp-json\/wp\/v2\/media?parent=5156"}],"curies":[{"name":"wp","href":"https:\/\/api.w.org\/{rel}","templated":true}]}}