{"id":5148,"date":"1970-01-01T00:00:00","date_gmt":"1970-01-01T00:00:00","guid":{"rendered":"https:\/\/elfsight.com\/it\/?page_id=5148"},"modified":"2025-03-23T17:53:26","modified_gmt":"2025-03-23T17:53:26","slug":"iframe","status":"publish","type":"page","link":"https:\/\/elfsight.com\/it\/pdf-embed-widget\/iframe\/","title":{"rendered":"PDF Embed &#8211; iFrame"},"content":{"rendered":"\n<div class=\"application-platform-content-item-description application-platform-content-item\" id=\"description\" data-nav-section=\"description\"><h2>Incorpora PDF Embed su iFrame con il widget Elfsight<\/h2><p>Tramite il widget Elfsight PDF Embed, ottieni la soluzione pi\u00f9 semplice e veloce inserimento di eventuali documenti PDF nel sito. Per facilit\u00e0 d&#8217;uso, i file possono essere incollati semplicemente caricandoli, inserendo i relativi URL o scegliendo tra gli ultimi caricati. Le funzionalit\u00e0 ti consentono di assegnare a ciascun file il tuo titolo, caricare un&#8217;icona e un&#8217;immagine, scegliere l&#8217;opzione di layout dei file e altro. Il tuo pubblico pu\u00f2 controllare i documenti direttamente sulla pagina, aprirli in una nuova scheda e scaricarli.<\/p><p><b>Aumenta il tempo medio trascorso dai tuoi visitatori sul sito!<\/b><\/p> <\/div><div class=\"faq\" data-component=\"FAQ\"><div class=\"faq-item\">\r\n\t\t\t\t\t<div class=\"faq-item-question\">\r\n\t\t\t\t\t\t<h3 class=\"faq-item-question-text\">Come posso aggiungere un widget PDF al sito iFrame? <\/h3>\r\n\r\n\t\t\t\t\t\t<div class=\"faq-item-question-icon\"><\/div>\r\n\t\t\t\t\t<\/div>\r\n\r\n\t\t\t\t\t<div class=\"faq-item-answer\">\r\n\t\t\t\t\t\t<div class=\"faq-item-answer-text\"><p>La creazione dello strumento viene eseguita all&#8217;interno del sito Elfsight ed \u00e8 disponibile non c&#8217;\u00e8 bisogno di imparare a programmare. Applica la nostra demo attiva per progettare il tuo strumento, ottenere il codice e incorporarlo nel tuo sito. <\/p><\/div>\r\n\t\t\t\t\t<\/div>\r\n\t\t\t\t<\/div><div class=\"faq-item\">\r\n\t\t\t\t\t<div class=\"faq-item-question\">\r\n\t\t\t\t\t\t<h3 class=\"faq-item-question-text\">I modi migliori per utilizzare l'integrazione del visualizzatore PDF<\/h3>\r\n\r\n\t\t\t\t\t\t<div class=\"faq-item-question-icon\"><\/div>\r\n\t\t\t\t\t<\/div>\r\n\r\n\t\t\t\t\t<div class=\"faq-item-answer\">\r\n\t\t\t\t\t\t<div class=\"faq-item-answer-text\"><p>Offriamo numerose possibilit\u00e0 di personalizzazione: widget a grandezza naturale da incorporare nella sezione dei contenuti, widget mobili plugin per funzionalit\u00e0 di scorrimento, layout per pi\u00e8 di pagina, sezione principale e tutte le varianti delle opportunit\u00e0 verticali per barre laterali e menu. <\/p><\/div>\r\n\t\t\t\t\t<\/div>\r\n\t\t\t\t<\/div><div class=\"faq-item\">\r\n\t\t\t\t\t<div class=\"faq-item-question\">\r\n\t\t\t\t\t\t<h3 class=\"faq-item-question-text\">Come posso creare un visualizzatore PDF per libreria o resoconti annuali tramite l'agenzia del tuo editore? <\/h3>\r\n\r\n\t\t\t\t\t\t<div class=\"faq-item-question-icon\"><\/div>\r\n\t\t\t\t\t<\/div>\r\n\r\n\t\t\t\t\t<div class=\"faq-item-answer\">\r\n\t\t\t\t\t\t<div class=\"faq-item-answer-text\"><p>Sei libero di creare qualsiasi modifica del widget. Ci sono molti layout applicabili nell&#8217;editor e tutti possono essere rapidamente personalizzati proprio come desideri. <\/p><\/div>\r\n\t\t\t\t\t<\/div>\r\n\t\t\t\t<\/div><\/div><div class=\"application-platform-content-item-features application-platform-content-item\" id=\"features\" data-nav-section=\"features\"><h2>Caratteristiche principali del widget PDF Embed<\/h2><p>Controlla l&#8217;elenco di tutte le funzioni disponibili all&#8217;interno del PDF Embed. Rendono il nostro widget incredibilmente efficace per la tua promozione: <\/p> <ul><li>Integra file illimitati; <\/li> <li>Variante di layout File Viewer per visualizzare i file sul sito web; <\/li> <li>L&#8217;opzione per caricare immagini per icone e anteprime; <\/li> <li>L&#8217;opzione per mostrare o nascondere il testo del documento scaricato; <\/li> <li> L&#8217;opzione per dipingere sei dettagli dell&#8217;interfaccia; <\/li> <\/ul><p><a href=\"#demo\">Puoi vedere tutte le funzionalit\u00e0 nella demo dal vivo<\/a><\/p><\/div><div class=\"application-platform-content-item-installation application-platform-content-item\" id=\"installation\" data-nav-section=\"installation\"><h2>Come incorporare il visualizzatore PDF nel sito web iFrame<\/h2><p>Questi semplici passaggi ti aiuteranno ad attivare il widget. <\/p> <ol><li><b>Progetta il tuo plugin PDF personalizzato<\/b><br> Utilizzando il nostro editor gratuito, crea un plugin con il layout e le funzioni che preferisci.<\/li><li><b> Copia il codice individuale per aggiungere il plugin<\/b><br> Dopo aver impostato il tuo widget, acquisirai il codice di installazione dalla finestra che appare su Elfsight Apps. Copia il codice.<\/li> <li><b> Il plug-in sul tuo sito iFrame<\/b><br> Vai nel punto in cui prevedi di incorporare il plug-in e inserisci l\u00ec il codice copiato. Salva le modifiche.<\/li> <li><b>Fatto! <\/b><br> Visita la tua pagina per vedere il tuo lavoro.<\/li> <\/ol><p>Non esitare a farci sapere se hai riscontrato problemi o se hai riscontrato problemi.<\/p><\/div>\n","protected":false},"excerpt":{"rendered":"","protected":false},"author":9,"featured_media":0,"parent":1936,"menu_order":0,"comment_status":"closed","ping_status":"closed","template":"templates\/template-application-platform.php","meta":{"publish_to_discourse":"","publish_post_category":"","wpdc_auto_publish_overridden":"","wpdc_topic_tags":"","wpdc_pin_topic":"","wpdc_pin_until":"","discourse_post_id":"","discourse_permalink":"","wpdc_publishing_response":"","wpdc_publishing_error":"","footnotes":""},"class_list":["post-5148","page","type-page","status-publish","hentry"],"yoast_head":"<!-- This site is optimized with the Yoast SEO plugin v25.3.1 - https:\/\/yoast.com\/wordpress\/plugins\/seo\/ -->\n<title>Plug-in iFrame PDF Viewer per il tuo sito web (gratuito e veloce)<\/title>\n<meta name=\"description\" content=\"Con Elfsight, costruisci il tuo visualizzatore PDF e incorporalo facilmente nel sito Web iFrame. Abbiamo un servizio clienti gratuito e pi\u00f9 bonus.\" \/>\n<meta name=\"robots\" content=\"index, follow, max-snippet:-1, max-image-preview:large, max-video-preview:-1\" \/>\n<link rel=\"canonical\" href=\"https:\/\/elfsight.com\/it\/pdf-embed-widget\/iframe\/\" \/>\n<meta property=\"og:locale\" content=\"it_IT\" \/>\n<meta property=\"og:type\" content=\"article\" \/>\n<meta property=\"og:title\" content=\"Plug-in iFrame PDF Viewer per il tuo sito web (gratuito e veloce)\" \/>\n<meta property=\"og:description\" content=\"Con Elfsight, costruisci il tuo visualizzatore PDF e incorporalo facilmente nel sito Web iFrame. Abbiamo un servizio clienti gratuito e pi\u00f9 bonus.\" \/>\n<meta property=\"og:url\" content=\"https:\/\/elfsight.com\/it\/pdf-embed-widget\/iframe\/\" \/>\n<meta property=\"og:site_name\" content=\"Elfsight IT\" \/>\n<meta property=\"article:modified_time\" content=\"2025-03-23T17:53:26+00:00\" \/>\n<meta name=\"twitter:card\" content=\"summary_large_image\" \/>\n<meta name=\"twitter:label1\" content=\"Tempo di lettura stimato\" \/>\n\t<meta name=\"twitter:data1\" content=\"3 minuti\" \/>\n<!-- \/ Yoast SEO plugin. -->","yoast_head_json":{"title":"Plug-in iFrame PDF Viewer per il tuo sito web (gratuito e veloce)","description":"Con Elfsight, costruisci il tuo visualizzatore PDF e incorporalo facilmente nel sito Web iFrame. Abbiamo un servizio clienti gratuito e pi\u00f9 bonus.","robots":{"index":"index","follow":"follow","max-snippet":"max-snippet:-1","max-image-preview":"max-image-preview:large","max-video-preview":"max-video-preview:-1"},"canonical":"https:\/\/elfsight.com\/it\/pdf-embed-widget\/iframe\/","og_locale":"it_IT","og_type":"article","og_title":"Plug-in iFrame PDF Viewer per il tuo sito web (gratuito e veloce)","og_description":"Con Elfsight, costruisci il tuo visualizzatore PDF e incorporalo facilmente nel sito Web iFrame. Abbiamo un servizio clienti gratuito e pi\u00f9 bonus.","og_url":"https:\/\/elfsight.com\/it\/pdf-embed-widget\/iframe\/","og_site_name":"Elfsight IT","article_modified_time":"2025-03-23T17:53:26+00:00","twitter_card":"summary_large_image","twitter_misc":{"Tempo di lettura stimato":"3 minuti"},"schema":{"@context":"https:\/\/schema.org","@graph":[{"@type":"WebPage","@id":"https:\/\/elfsight.com\/it\/pdf-embed-widget\/iframe\/","url":"https:\/\/elfsight.com\/it\/pdf-embed-widget\/iframe\/","name":"Plug-in iFrame PDF Viewer per il tuo sito web (gratuito e veloce)","isPartOf":{"@id":"https:\/\/elfsight.com\/it\/#website"},"datePublished":"1970-01-01T00:00:00+00:00","dateModified":"2025-03-23T17:53:26+00:00","description":"Con Elfsight, costruisci il tuo visualizzatore PDF e incorporalo facilmente nel sito Web iFrame. Abbiamo un servizio clienti gratuito e pi\u00f9 bonus.","breadcrumb":{"@id":"https:\/\/elfsight.com\/it\/pdf-embed-widget\/iframe\/#breadcrumb"},"inLanguage":"it-IT","potentialAction":[{"@type":"ReadAction","target":["https:\/\/elfsight.com\/it\/pdf-embed-widget\/iframe\/"]}]},{"@type":"BreadcrumbList","@id":"https:\/\/elfsight.com\/it\/pdf-embed-widget\/iframe\/#breadcrumb","itemListElement":[{"@type":"ListItem","position":1,"name":"Home","item":"https:\/\/elfsight.com\/it\/"},{"@type":"ListItem","position":2,"name":"PDF Embed","item":"https:\/\/elfsight.com\/it\/pdf-embed-widget\/"},{"@type":"ListItem","position":3,"name":"PDF Embed &#8211; iFrame"}]},{"@type":"WebSite","@id":"https:\/\/elfsight.com\/it\/#website","url":"https:\/\/elfsight.com\/it\/","name":"Elfsight IT","description":"Just another Elfsight Sites site","potentialAction":[{"@type":"SearchAction","target":{"@type":"EntryPoint","urlTemplate":"https:\/\/elfsight.com\/it\/?s={search_term_string}"},"query-input":{"@type":"PropertyValueSpecification","valueRequired":true,"valueName":"search_term_string"}}],"inLanguage":"it-IT"}]}},"meta_box":{"industry":"","seo_heading":"","heading":"","description":"","cta_heading":"","cta_description":"","application":"1935","h1":"Plug-in Visualizzatore PDF iFrame","h1_caption":"Incorpora documenti PDF nel tuo sito web per visualizzarli e scaricarli facilmente senza reindirizzare facilmente i visitatori al tuo sito web iFrame.","application_category":[],"applications_title":"","applications_request_title":"","applications_request_button_text":"","hero_text":"","hero_video":"","hero_video_schema_markup":"","selling_points_title":"","selling_points_caption":"","selling_points":[],"selling_points_cta_text":"","features_title":"","features":"","ed_cta_examples_text":"","ed_cta_examples_hidden":"","ed_cta_demo_text":"","ed_cta_demo_hidden":"","why_caption":"","why_editor_title":"","why_editor_text":"","why_team_title":"","why_team_text":"","why_service_title":"","why_service_text":"","template_catalog_visible":"0","template_catalog_title":"","template_catalog_text":"","template_catalog_categories_visible":"","demo_title":"Crea il tuo widget di incorporamento PDF","demo_caption":"Configura il tuo PDF incorporato e aggiungilo gratuitamente al tuo sito web iFrame!","default_faq_hidden":"","app_template_category":[],"platform":"54","template_public_id":"","codecanyon_url":"","codecanyon_item_id":"","codecanyon_price":"","pricing_caption":"","pricing_elfsight_apps_hide_column":"","pricing_elfsight_apps_url":"","pricing_codecanyon_price_caption":"","integration_category":[],"integration_request_title":"","integration_request_cta":"","integration_platform":"","integrations":[],"platform_category":[],"video_schema_markup":"","price":"da $ 0 al mese","trial":"","benefits":[{"text":"Servizio di installazione gratuito"},{"text":"Servizio clienti competente"},{"text":"Garanzia di rimborso di 14 giorni"},{"text":"Miglioramenti regolari"}],"button_url":"#demo","button_target_blank":"0","button_nofollow":"0","attributes":[{"name":"Installazioni"},{"name":"Reattivo","content":"S\u00cc"},{"name":"Browser compatibili","content":"Firefox, Safari, Opera, Chrome, Edge"}],"tags":[],"tags_disable_links":"0","hide_more_platforms":"0","video_object":"","demo_hide_cta":"0","demo_hide_cloud_options":"0","pricing_title":"","pricing":[{"pricing_icon":"platform","pricing_title":"Elfsight Apps","pricing_title_caption":"Versione indipendente dalla piattaforma","pricing_price":"da $ 0 \/ mese","pricing_price_caption":"inizia con il piano gratuito","pricing_benefits":[{"text":"Domini illimitati"},{"text":"Assistenza clienti professionale"},{"text":"Supporto gratuito per l'installazione"},{"text":"Ottimo affare per pi\u00f9 app"}],"pricing_button_text":"Aggiungi al sito web","pricing_button_url":"#demo"}],"related_apps_title":"","related_apps_hidden":"0","author":"","image":[],"title":"","job":"","social_networks":[]},"_links":{"self":[{"href":"https:\/\/elfsight.com\/it\/wp-json\/wp\/v2\/pages\/5148","targetHints":{"allow":["GET"]}}],"collection":[{"href":"https:\/\/elfsight.com\/it\/wp-json\/wp\/v2\/pages"}],"about":[{"href":"https:\/\/elfsight.com\/it\/wp-json\/wp\/v2\/types\/page"}],"author":[{"embeddable":true,"href":"https:\/\/elfsight.com\/it\/wp-json\/wp\/v2\/users\/9"}],"replies":[{"embeddable":true,"href":"https:\/\/elfsight.com\/it\/wp-json\/wp\/v2\/comments?post=5148"}],"version-history":[{"count":2,"href":"https:\/\/elfsight.com\/it\/wp-json\/wp\/v2\/pages\/5148\/revisions"}],"predecessor-version":[{"id":9752,"href":"https:\/\/elfsight.com\/it\/wp-json\/wp\/v2\/pages\/5148\/revisions\/9752"}],"up":[{"embeddable":true,"href":"https:\/\/elfsight.com\/it\/wp-json\/wp\/v2\/pages\/1936"}],"wp:attachment":[{"href":"https:\/\/elfsight.com\/it\/wp-json\/wp\/v2\/media?parent=5148"}],"curies":[{"name":"wp","href":"https:\/\/api.w.org\/{rel}","templated":true}]}}