{"id":5146,"date":"1970-01-01T00:00:00","date_gmt":"1970-01-01T00:00:00","guid":{"rendered":"https:\/\/elfsight.com\/it\/?page_id=5146"},"modified":"2024-11-12T08:24:11","modified_gmt":"2024-11-12T08:24:11","slug":"woocommerce","status":"publish","type":"page","link":"https:\/\/elfsight.com\/it\/pdf-embed-widget\/woocommerce\/","title":{"rendered":"PDF Embed &#8211; WooCommerce"},"content":{"rendered":"<div class=\"application-platform-content-item- application-platform-content-item\" id=\"\" data-nav-section=\"\"><h2>Descrizione<\/h2><p>Per mezzo dello strumento Elfsight PDF Embed, ottieni il modo pi\u00f9 comodo e veloce per incollare numerosi documenti PDF nelle pagine del tuo sito. Per comodit\u00e0 dell&#8217;utente, i documenti possono essere incorporati caricandoli, inserendo i relativi URL o selezionandoli dall&#8217;ultimo caricato. Puoi dare un nome a ciascun documento, caricare la tua icona e immagine, scegliere il layout dei file e altro ancora. I visitatori del sito web possono studiare i file direttamente sulla pagina, visualizzarli in una nuova scheda del browser e scaricarli. <\/p><p><b>Utilizza PDF Embed per affrontare le tue sfide e-commerce!<\/b><\/p><div class=\"faq\" data-component=\"FAQ\"><div class=\"faq-item\">\r\n\t\t\t\t\t<div class=\"faq-item-question\">\r\n\t\t\t\t\t\t<h3 class=\"faq-item-question-text\">Come posso aggiungere un widget PDF al sito WooCommerce? <\/h3>\r\n\r\n\t\t\t\t\t\t<div class=\"faq-item-question-icon\"><\/div>\r\n\t\t\t\t\t<\/div>\r\n\r\n\t\t\t\t\t<div class=\"faq-item-answer\">\r\n\t\t\t\t\t\t<div class=\"faq-item-answer-text\"><p>La creazione dello strumento viene eseguita sulle pagine Elfsight e non \u00e8 necessaria la codifica. Applica la demo attiva per modificare la tua app, ottieni il codice e incollalo nel tuo sito. <\/p><\/div>\r\n\t\t\t\t\t<\/div>\r\n\t\t\t\t<\/div><div class=\"faq-item\">\r\n\t\t\t\t\t<div class=\"faq-item-question\">\r\n\t\t\t\t\t\t<h3 class=\"faq-item-question-text\">I migliori esempi di utilizzo dell'integrazione del visualizzatore PDF<\/h3>\r\n\r\n\t\t\t\t\t\t<div class=\"faq-item-question-icon\"><\/div>\r\n\t\t\t\t\t<\/div>\r\n\r\n\t\t\t\t\t<div class=\"faq-item-answer\">\r\n\t\t\t\t\t\t<div class=\"faq-item-answer-text\"><p>Offriamo tantissime opportunit\u00e0 di personalizzazione: widget a grandezza naturale da aggiungere alla sezione dei contenuti, plugin con opportunit\u00e0 di scorrimento, layout per il pi\u00e8 di pagina del tuo sito web, sezione principale e tutti i tipi di opportunit\u00e0 verticali per barre laterali e menu. <\/p><\/div>\r\n\t\t\t\t\t<\/div>\r\n\t\t\t\t<\/div><div class=\"faq-item\">\r\n\t\t\t\t\t<div class=\"faq-item-question\">\r\n\t\t\t\t\t\t<h3 class=\"faq-item-question-text\">Esiste un'opzione per creare un manuale del prodotto o un visualizzatore PDF di ricerca con l'aiuto del tuo editor? <\/h3>\r\n\r\n\t\t\t\t\t\t<div class=\"faq-item-question-icon\"><\/div>\r\n\t\t\t\t\t<\/div>\r\n\r\n\t\t\t\t\t<div class=\"faq-item-answer\">\r\n\t\t\t\t\t\t<div class=\"faq-item-answer-text\"><p>Sei libero di creare qualsiasi widget modifiche. Nell&#8217;editor \u00e8 disponibile un&#8217;ampia gamma di layout e tutti possono essere facilmente modificati nel modo desiderato. <\/p><\/div>\r\n\t\t\t\t\t<\/div>\r\n\t\t\t\t<\/div><\/div><\/div> <div class=\"application-platform-content-item-features application-platform-content-item\" id=\"features\" data-nav-section=\"features\"><h2>Offriamo funzionalit\u00e0 pratiche e facili, eccone alcune:<\/h2><ul><li> Incorpora un numero qualsiasi di documenti; <\/li><li>Opzione di layout del Visualizzatore file per leggere i documenti sulla pagina; <\/li><li>Carica immagini per icone e anteprime; <\/li><li>Una possibilit\u00e0 di mostrare o disattivare il testo del documento scaricato; <\/li><li> Elementi dell&#8217;interfaccia a colori 6; <\/li><\/ul><p><a href=\"#demo\">Esamina tutte le funzionalit\u00e0 di personalizzazione nella demo completamente funzionante<\/a><\/p><\/div><div class=\"application-platform-content-item-installation application-platform-content-item\" id=\"installation\" data-nav-section=\"installation\"><h2>Come incorporo il visualizzatore PDF nel mio sito web WooCommerce?<\/h2><p>Segui semplicemente le linee guida riportate di seguito per attivare lo strumento.<\/p><ol><li><b>Gestione del nostro configuratore gratuito inizia a creare il tuo plugin personalizzato.<\/b><br>Specifica l&#8217;interfaccia e gli aspetti preferibili del plugin e applica le modifiche.<\/li><li><b>Copia il codice univoco che appare nella vedova su Elfsight Apps.<\/b><br>Subito dopo aver completato la creazione del tuo widget personale, copia il codice personale nella finestra visualizzata e conservalo per un uso successivo.<\/li><li><b>Inizia a utilizzare il widget sul sito web WooCommerce.<\/b><br>Inserisci il codice copiato di recente nel tuo sito web e salva le modifiche.<\/li><li><b>Fatto! L&#8217;incorporamento \u00e8 stato completato con successo.<\/b><br>Vai al tuo sito per vedere il funzionamento del plugin.<\/li><\/ol><p>Se incontri qualche problema, non esitare a rivolgerti al nostro team di assistenza clienti. Il nostro personale sar\u00e0 lieto di aiutarti con tutte le difficolt\u00e0 che potresti incontrare con il prodotto.<\/p><\/div>","protected":false},"excerpt":{"rendered":"","protected":false},"author":9,"featured_media":0,"parent":1936,"menu_order":0,"comment_status":"closed","ping_status":"closed","template":"templates\/template-application-platform.php","meta":{"publish_to_discourse":"","publish_post_category":"","wpdc_auto_publish_overridden":"","wpdc_topic_tags":"","wpdc_pin_topic":"","wpdc_pin_until":"","discourse_post_id":"","discourse_permalink":"","wpdc_publishing_response":"","wpdc_publishing_error":"","footnotes":""},"class_list":["post-5146","page","type-page","status-publish","hentry"],"yoast_head":"<!-- This site is optimized with the Yoast SEO plugin v25.3.1 - https:\/\/yoast.com\/wordpress\/plugins\/seo\/ -->\n<title>Plug-in WooCommerce PDF Viewer &amp; Embedder per il tuo sito web (2025)<\/title>\n<meta name=\"description\" content=\"Puoi personalizzare subito il plug-in PDF Viewer &amp; Embedder personalizzato e aggiungerlo al tuo sito Web WooCommerce direttamente tramite la demo live.\" \/>\n<meta name=\"robots\" content=\"index, follow, max-snippet:-1, max-image-preview:large, max-video-preview:-1\" \/>\n<link rel=\"canonical\" href=\"https:\/\/elfsight.com\/it\/pdf-embed-widget\/woocommerce\/\" \/>\n<meta property=\"og:locale\" content=\"it_IT\" \/>\n<meta property=\"og:type\" content=\"article\" \/>\n<meta property=\"og:title\" content=\"Plug-in WooCommerce PDF Viewer &amp; Embedder per il tuo sito web (2025)\" \/>\n<meta property=\"og:description\" content=\"Puoi personalizzare subito il plug-in PDF Viewer &amp; Embedder personalizzato e aggiungerlo al tuo sito Web WooCommerce direttamente tramite la demo live.\" \/>\n<meta property=\"og:url\" content=\"https:\/\/elfsight.com\/it\/pdf-embed-widget\/woocommerce\/\" \/>\n<meta property=\"og:site_name\" content=\"Elfsight IT\" \/>\n<meta property=\"article:modified_time\" content=\"2024-11-12T08:24:11+00:00\" \/>\n<meta name=\"twitter:card\" content=\"summary_large_image\" \/>\n<meta name=\"twitter:label1\" content=\"Tempo di lettura stimato\" \/>\n\t<meta name=\"twitter:data1\" content=\"2 minuti\" \/>\n<!-- \/ Yoast SEO plugin. -->","yoast_head_json":{"title":"Plug-in WooCommerce PDF Viewer & Embedder per il tuo sito web (2025)","description":"Puoi personalizzare subito il plug-in PDF Viewer & Embedder personalizzato e aggiungerlo al tuo sito Web WooCommerce direttamente tramite la demo live.","robots":{"index":"index","follow":"follow","max-snippet":"max-snippet:-1","max-image-preview":"max-image-preview:large","max-video-preview":"max-video-preview:-1"},"canonical":"https:\/\/elfsight.com\/it\/pdf-embed-widget\/woocommerce\/","og_locale":"it_IT","og_type":"article","og_title":"Plug-in WooCommerce PDF Viewer & Embedder per il tuo sito web (2025)","og_description":"Puoi personalizzare subito il plug-in PDF Viewer & Embedder personalizzato e aggiungerlo al tuo sito Web WooCommerce direttamente tramite la demo live.","og_url":"https:\/\/elfsight.com\/it\/pdf-embed-widget\/woocommerce\/","og_site_name":"Elfsight IT","article_modified_time":"2024-11-12T08:24:11+00:00","twitter_card":"summary_large_image","twitter_misc":{"Tempo di lettura stimato":"2 minuti"},"schema":{"@context":"https:\/\/schema.org","@graph":[{"@type":"WebPage","@id":"https:\/\/elfsight.com\/it\/pdf-embed-widget\/woocommerce\/","url":"https:\/\/elfsight.com\/it\/pdf-embed-widget\/woocommerce\/","name":"Plug-in WooCommerce PDF Viewer & Embedder per il tuo sito web (2025)","isPartOf":{"@id":"https:\/\/elfsight.com\/it\/#website"},"datePublished":"1970-01-01T00:00:00+00:00","dateModified":"2024-11-12T08:24:11+00:00","description":"Puoi personalizzare subito il plug-in PDF Viewer & Embedder personalizzato e aggiungerlo al tuo sito Web WooCommerce direttamente tramite la demo live.","breadcrumb":{"@id":"https:\/\/elfsight.com\/it\/pdf-embed-widget\/woocommerce\/#breadcrumb"},"inLanguage":"it-IT","potentialAction":[{"@type":"ReadAction","target":["https:\/\/elfsight.com\/it\/pdf-embed-widget\/woocommerce\/"]}]},{"@type":"BreadcrumbList","@id":"https:\/\/elfsight.com\/it\/pdf-embed-widget\/woocommerce\/#breadcrumb","itemListElement":[{"@type":"ListItem","position":1,"name":"Home","item":"https:\/\/elfsight.com\/it\/"},{"@type":"ListItem","position":2,"name":"PDF Embed","item":"https:\/\/elfsight.com\/it\/pdf-embed-widget\/"},{"@type":"ListItem","position":3,"name":"PDF Embed &#8211; WooCommerce"}]},{"@type":"WebSite","@id":"https:\/\/elfsight.com\/it\/#website","url":"https:\/\/elfsight.com\/it\/","name":"Elfsight IT","description":"Just another Elfsight Sites site","potentialAction":[{"@type":"SearchAction","target":{"@type":"EntryPoint","urlTemplate":"https:\/\/elfsight.com\/it\/?s={search_term_string}"},"query-input":{"@type":"PropertyValueSpecification","valueRequired":true,"valueName":"search_term_string"}}],"inLanguage":"it-IT"}]}},"meta_box":{"industry":"","seo_heading":"","heading":"","description":"","cta_heading":"","cta_description":"","application":"1935","h1":"Plug-in visualizzatore PDF WooCommerce","h1_caption":"Incorpora documenti PDF nel tuo sito web per visualizzarli e scaricarli facilmente senza reindirizzare facilmente i visitatori al tuo sito web WooCommerce.","application_category":[],"applications_title":"","applications_request_title":"","applications_request_button_text":"","hero_text":"","hero_video":"","hero_video_schema_markup":"","selling_points_title":"","selling_points_caption":"","selling_points":[],"selling_points_cta_text":"","features_title":"","features":"","ed_cta_examples_text":"","ed_cta_examples_hidden":"","ed_cta_demo_text":"","ed_cta_demo_hidden":"","why_caption":"","why_editor_title":"","why_editor_text":"","why_team_title":"","why_team_text":"","why_service_title":"","why_service_text":"","template_catalog_visible":"","template_catalog_title":"","template_catalog_text":"","template_catalog_categories_visible":"","demo_title":"Crea la tua app per incorporare PDF","demo_caption":"Configura il tuo PDF incorporato e aggiungilo gratuitamente al tuo sito WooCommerce!","default_faq_hidden":"","app_template_category":[],"platform":"80","template_public_id":"","codecanyon_url":"","codecanyon_item_id":"","codecanyon_price":"","pricing_caption":"","pricing_elfsight_apps_hide_column":"","pricing_elfsight_apps_url":"","pricing_codecanyon_price_caption":"","integration_category":[],"integration_request_title":"","integration_request_cta":"","integration_platform":"","integrations":[],"platform_category":[],"video_schema_markup":"","price":"da $ 0 al mese","trial":"","benefits":[{"text":"Servizio clienti professionale"},{"text":"Aiuto gratuito per l'installazione"},{"text":"Garanzia di rimborso di 14 giorni"},{"text":"Sviluppo continuo"}],"button_url":"#demo","button_target_blank":"","button_nofollow":"","attributes":[{"name":"Installazioni"},{"name":"Reattivo","content":"S\u00cc"},{"name":"Browser compatibili","content":"IE11, Firefox, Safari, Opera, Chrome, Edge"}],"tags":[],"tags_disable_links":"","hide_more_platforms":"","video_object":"","demo_hide_cta":"","demo_hide_cloud_options":"","pricing_title":"","pricing":[{"pricing_icon":"platform","pricing_title":"Elfsight Apps","pricing_title_caption":"Software indipendente dalla piattaforma che funziona su qualsiasi sito web","pricing_price":"da $ 0 \/ mese","pricing_price_caption":"inizia con un piano gratuito","pricing_benefits":[{"text":"Siti web illimitati"},{"text":"Assistenza clienti 24 ore su 24, 7 giorni su 7"},{"text":"Aiuto gratuito per l'installazione"},{"text":"Progettazione flessibile"}],"pricing_button_text":"Aggiungi al sito web","pricing_button_url":"#demo"}],"related_apps_title":"","related_apps_hidden":"","author":"","image":[],"title":"","job":"","social_networks":[]},"_links":{"self":[{"href":"https:\/\/elfsight.com\/it\/wp-json\/wp\/v2\/pages\/5146","targetHints":{"allow":["GET"]}}],"collection":[{"href":"https:\/\/elfsight.com\/it\/wp-json\/wp\/v2\/pages"}],"about":[{"href":"https:\/\/elfsight.com\/it\/wp-json\/wp\/v2\/types\/page"}],"author":[{"embeddable":true,"href":"https:\/\/elfsight.com\/it\/wp-json\/wp\/v2\/users\/9"}],"replies":[{"embeddable":true,"href":"https:\/\/elfsight.com\/it\/wp-json\/wp\/v2\/comments?post=5146"}],"version-history":[{"count":1,"href":"https:\/\/elfsight.com\/it\/wp-json\/wp\/v2\/pages\/5146\/revisions"}],"predecessor-version":[{"id":5150,"href":"https:\/\/elfsight.com\/it\/wp-json\/wp\/v2\/pages\/5146\/revisions\/5150"}],"up":[{"embeddable":true,"href":"https:\/\/elfsight.com\/it\/wp-json\/wp\/v2\/pages\/1936"}],"wp:attachment":[{"href":"https:\/\/elfsight.com\/it\/wp-json\/wp\/v2\/media?parent=5146"}],"curies":[{"name":"wp","href":"https:\/\/api.w.org\/{rel}","templated":true}]}}