{"id":5139,"date":"1970-01-01T00:00:00","date_gmt":"1970-01-01T00:00:00","guid":{"rendered":"https:\/\/elfsight.com\/it\/?page_id=5139"},"modified":"2025-03-23T18:17:05","modified_gmt":"2025-03-23T18:17:05","slug":"godaddy","status":"publish","type":"page","link":"https:\/\/elfsight.com\/it\/pdf-embed-widget\/godaddy\/","title":{"rendered":"PDF Embed &#8211; GoDaddy"},"content":{"rendered":"\n<div class=\"application-platform-content-item-description application-platform-content-item\" id=\"description\" data-nav-section=\"description\"> <h2>Descrizione<\/h2> <p>Grazie al plugin Elfsight PDF Embed per GoDaddy, ottieni il metodo pi\u00f9 comodo e veloce per incollare numerosi documenti PDF nelle pagine del tuo sito. Per comodit\u00e0 dell&#8217;utente, i documenti possono essere incorporati caricandoli, inserendo i relativi URL o selezionandoli dall&#8217;ultimo caricato. Puoi dare un nome a ciascun documento, caricare la tua icona e immagine, scegliere il layout dei file e altro ancora. I visitatori del sito web possono studiare i file direttamente sulla pagina, visualizzarli in una nuova scheda del browser e scaricarli.<\/p> <p><b>Integrazione dei file pi\u00f9 semplice e veloce senza codifica!<\/b><\/p> <\/div> <div class=\"application-platform-content-item-features application-platform-content-item\" id=\"features\" data-nav-section=\"features\"> <h2>Di seguito trovi le caratteristiche fondamentali del plugin: <\/h2> <ul><li>Incorpora un numero qualsiasi di documenti; <\/li> <li>Opzione di layout del Visualizzatore file per leggere i documenti sulla pagina; <\/li> <li>Carica immagini per icone e anteprime; <\/li> <li>L&#8217;opzione per mostrare o disattivare il testo del documento Scarica; <\/li> <li> Elementi dell&#8217;interfaccia a colori 6; <\/li> <\/ul><p><a href=\"#demo\">Prova tutte le opzioni di personalizzazione nella demo completamente funzionante<\/a><\/p> <\/div> <div class=\"application-platform-content-item-installation application-platform-content-item\" id=\"installation\" data-nav-section=\"installation\"> <h2>Come faccio a incorporare PDF Embed nella mia pagina web GoDaddy? <\/h2> <p>Segui semplicemente le linee guida riportate di seguito per incorporare lo strumento. <\/p> <ol><li><b>Gestisci il nostro configuratore gratuito e inizia a creare il tuo strumento personalizzato. <\/b><br> Determina la forma desiderabile e le caratteristiche funzionali del plugin e salva le correzioni. <\/li> <li><b>Ricevi il tuo codice personale rivelato nella casella su Elfsight Apps. <\/b><br> Una volta completata la creazione del tuo plugin personale, copia il codice esclusivo nella finestra visualizzata e salvalo per necessit\u00e0 successive. <\/li> <li><b>Inizia ad applicare lo strumento sul tuo sito GoDaddy. <\/b><br> Inserisci il codice che hai salvato in precedenza nella tua pagina e applica le modifiche. <\/li> <li><b>L&#8217;installazione \u00e8 completamente eseguita. <\/b><br> Visita la tua pagina web per vedere come funziona lo strumento. <\/li><\/ol> <p>Se hai domande o incontri qualche difficolt\u00e0, non esitare a scrivere al nostro servizio clienti. I nostri specialisti sono ansiosi di risolvere tutti i problemi che potresti riscontrare con lo strumento. <\/p> <div class=\"faq\" data-component=\"FAQ\"><div class=\"faq-item\">\r\n\t\t\t\t\t<div class=\"faq-item-question\">\r\n\t\t\t\t\t\t<h3 class=\"faq-item-question-text\">In che modo posso incorporare PDF Embed nel mio GoDaddy senza conoscenze di programmazione?<\/h3>\r\n\r\n\t\t\t\t\t\t<div class=\"faq-item-question-icon\"><\/div>\r\n\t\t\t\t\t<\/div>\r\n\r\n\t\t\t\t\t<div class=\"faq-item-answer\">\r\n\t\t\t\t\t\t<div class=\"faq-item-answer-text\"> <p>La societ\u00e0 Elfsight fornisce una soluzione SaaS che ti consente di creare tu stesso un widget PDF Viewer, scopri i semplici passaggi: vai alla demo online per generare un widget Contatore numeri che vorresti vedere sul sito web di GoDaddy. Scegli uno dei modelli gi\u00e0 pronti e adatta le impostazioni del contatore di numeri, aggiungi i tuoi contenuti, trasforma il layout e la combinazione di colori senza conoscere la codifica. Salva le impostazioni effettuate su PDF Embed e copia il codice per l&#8217;installazione, che pu\u00f2 essere incorporato nel sito GoDaddy senza la necessit\u00e0 di acquistare un abbonamento a pagamento. Con il nostro configuratore intuitivo ogni utente web pu\u00f2 creare un plug-in Contatore numeri online e aggiungerlo facilmente a qualsiasi home page di GoDaddy. Non \u00e8 necessario sottoscrivere un abbonamento a pagamento o divulgare i dati della carta per accedere al nostro servizio. Se riscontri problemi in qualsiasi momento, non esitare a contattare il nostro personale di supporto.<\/p> <\/div>\r\n\t\t\t\t\t<\/div>\r\n\t\t\t\t<\/div> <\/div><\/div>\n","protected":false},"excerpt":{"rendered":"","protected":false},"author":9,"featured_media":0,"parent":1936,"menu_order":0,"comment_status":"closed","ping_status":"closed","template":"templates\/template-application-platform.php","meta":{"publish_to_discourse":"","publish_post_category":"","wpdc_auto_publish_overridden":"","wpdc_topic_tags":"","wpdc_pin_topic":"","wpdc_pin_until":"","discourse_post_id":"","discourse_permalink":"","wpdc_publishing_response":"","wpdc_publishing_error":"","footnotes":""},"class_list":["post-5139","page","type-page","status-publish","hentry"],"yoast_head":"<!-- This site is optimized with the Yoast SEO plugin v25.3.1 - https:\/\/yoast.com\/wordpress\/plugins\/seo\/ -->\n<title>Plug-in PDF Embed - Aggiungi il plug-in PDF Embed al sito Web di GoDaddy!<\/title>\n<meta name=\"description\" content=\"Migliora la funzionalit\u00e0 del tuo sito web applicando il plug-in PDF Embed per il tuo sito web GoDaddy! Potenzia il tuo business in 1-2-3!\" \/>\n<meta name=\"robots\" content=\"index, follow, max-snippet:-1, max-image-preview:large, max-video-preview:-1\" \/>\n<link rel=\"canonical\" href=\"https:\/\/elfsight.com\/it\/pdf-embed-widget\/godaddy\/\" \/>\n<meta property=\"og:locale\" content=\"it_IT\" \/>\n<meta property=\"og:type\" content=\"article\" \/>\n<meta property=\"og:title\" content=\"Plug-in PDF Embed - Aggiungi il plug-in PDF Embed al sito Web di GoDaddy!\" \/>\n<meta property=\"og:description\" content=\"Migliora la funzionalit\u00e0 del tuo sito web applicando il plug-in PDF Embed per il tuo sito web GoDaddy! Potenzia il tuo business in 1-2-3!\" \/>\n<meta property=\"og:url\" content=\"https:\/\/elfsight.com\/it\/pdf-embed-widget\/godaddy\/\" \/>\n<meta property=\"og:site_name\" content=\"Elfsight IT\" \/>\n<meta property=\"article:modified_time\" content=\"2025-03-23T18:17:05+00:00\" \/>\n<meta name=\"twitter:card\" content=\"summary_large_image\" \/>\n<meta name=\"twitter:label1\" content=\"Tempo di lettura stimato\" \/>\n\t<meta name=\"twitter:data1\" content=\"3 minuti\" \/>\n<!-- \/ Yoast SEO plugin. -->","yoast_head_json":{"title":"Plug-in PDF Embed - Aggiungi il plug-in PDF Embed al sito Web di GoDaddy!","description":"Migliora la funzionalit\u00e0 del tuo sito web applicando il plug-in PDF Embed per il tuo sito web GoDaddy! Potenzia il tuo business in 1-2-3!","robots":{"index":"index","follow":"follow","max-snippet":"max-snippet:-1","max-image-preview":"max-image-preview:large","max-video-preview":"max-video-preview:-1"},"canonical":"https:\/\/elfsight.com\/it\/pdf-embed-widget\/godaddy\/","og_locale":"it_IT","og_type":"article","og_title":"Plug-in PDF Embed - Aggiungi il plug-in PDF Embed al sito Web di GoDaddy!","og_description":"Migliora la funzionalit\u00e0 del tuo sito web applicando il plug-in PDF Embed per il tuo sito web GoDaddy! Potenzia il tuo business in 1-2-3!","og_url":"https:\/\/elfsight.com\/it\/pdf-embed-widget\/godaddy\/","og_site_name":"Elfsight IT","article_modified_time":"2025-03-23T18:17:05+00:00","twitter_card":"summary_large_image","twitter_misc":{"Tempo di lettura stimato":"3 minuti"},"schema":{"@context":"https:\/\/schema.org","@graph":[{"@type":"WebPage","@id":"https:\/\/elfsight.com\/it\/pdf-embed-widget\/godaddy\/","url":"https:\/\/elfsight.com\/it\/pdf-embed-widget\/godaddy\/","name":"Plug-in PDF Embed - Aggiungi il plug-in PDF Embed al sito Web di GoDaddy!","isPartOf":{"@id":"https:\/\/elfsight.com\/it\/#website"},"datePublished":"1970-01-01T00:00:00+00:00","dateModified":"2025-03-23T18:17:05+00:00","description":"Migliora la funzionalit\u00e0 del tuo sito web applicando il plug-in PDF Embed per il tuo sito web GoDaddy! Potenzia il tuo business in 1-2-3!","breadcrumb":{"@id":"https:\/\/elfsight.com\/it\/pdf-embed-widget\/godaddy\/#breadcrumb"},"inLanguage":"it-IT","potentialAction":[{"@type":"ReadAction","target":["https:\/\/elfsight.com\/it\/pdf-embed-widget\/godaddy\/"]}]},{"@type":"BreadcrumbList","@id":"https:\/\/elfsight.com\/it\/pdf-embed-widget\/godaddy\/#breadcrumb","itemListElement":[{"@type":"ListItem","position":1,"name":"Home","item":"https:\/\/elfsight.com\/it\/"},{"@type":"ListItem","position":2,"name":"PDF Embed","item":"https:\/\/elfsight.com\/it\/pdf-embed-widget\/"},{"@type":"ListItem","position":3,"name":"PDF Embed &#8211; GoDaddy"}]},{"@type":"WebSite","@id":"https:\/\/elfsight.com\/it\/#website","url":"https:\/\/elfsight.com\/it\/","name":"Elfsight IT","description":"Just another Elfsight Sites site","potentialAction":[{"@type":"SearchAction","target":{"@type":"EntryPoint","urlTemplate":"https:\/\/elfsight.com\/it\/?s={search_term_string}"},"query-input":{"@type":"PropertyValueSpecification","valueRequired":true,"valueName":"search_term_string"}}],"inLanguage":"it-IT"}]}},"meta_box":{"industry":"","seo_heading":"","heading":"","description":"","cta_heading":"","cta_description":"","application":"1935","h1":"Plug-in di incorporamento PDF di GoDaddy","h1_caption":"Incorpora documenti PDF nel tuo sito web per visualizzarli e scaricarli facilmente senza reindirizzare facilmente i visitatori al tuo sito web GoDaddy.","application_category":[],"applications_title":"","applications_request_title":"","applications_request_button_text":"","hero_text":"","hero_video":"","hero_video_schema_markup":"","selling_points_title":"","selling_points_caption":"","selling_points":[],"selling_points_cta_text":"","features_title":"","features":"","ed_cta_examples_text":"","ed_cta_examples_hidden":"","ed_cta_demo_text":"","ed_cta_demo_hidden":"","why_caption":"","why_editor_title":"","why_editor_text":"","why_team_title":"","why_team_text":"","why_service_title":"","why_service_text":"","template_catalog_visible":"0","template_catalog_title":"","template_catalog_text":"","template_catalog_categories_visible":"","demo_title":"Crea il tuo plugin per incorporare PDF","demo_caption":"Configura il tuo PDF incorporato e aggiungilo gratuitamente al tuo sito web GoDaddy!","default_faq_hidden":"","app_template_category":[],"platform":"53","template_public_id":"","codecanyon_url":"","codecanyon_item_id":"","codecanyon_price":"","pricing_caption":"","pricing_elfsight_apps_hide_column":"","pricing_elfsight_apps_url":"","pricing_codecanyon_price_caption":"","integration_category":[],"integration_request_title":"","integration_request_cta":"","integration_platform":"","integrations":[],"platform_category":[],"video_schema_markup":"","price":"da $ 0 al mese","trial":"","benefits":[{"text":"Assistenza gratuita per l'installazione"},{"text":"Supporto eccezionale"},{"text":"Garanzia di rimborso di 14 giorni"},{"text":"Sviluppo continuo"}],"button_url":"#demo","button_target_blank":"0","button_nofollow":"0","attributes":[{"name":"Installazioni"},{"name":"Reattivo","content":"S\u00cc"},{"name":"Browser compatibili","content":"Firefox, Safari, Opera, Chrome, Edge"}],"tags":[],"tags_disable_links":"0","hide_more_platforms":"0","video_object":"","demo_hide_cta":"0","demo_hide_cloud_options":"0","pricing_title":"","pricing":[{"pricing_icon":"platform","pricing_title":"Elfsight Apps","pricing_title_caption":"Soluzione digitale multipiattaforma","pricing_price":"da $ 0 \/ mese","pricing_price_caption":"inizia con il piano gratuito","pricing_benefits":[{"text":"Siti web illimitati"},{"text":"Assistenza clienti veloce e ben documentata"},{"text":"Aiuto gratuito per l'installazione"},{"text":"Completamente personalizzabile"}],"pricing_button_text":"Aggiungi al sito web","pricing_button_url":"#demo"}],"related_apps_title":"","related_apps_hidden":"0","author":"","image":[],"title":"","job":"","social_networks":[]},"_links":{"self":[{"href":"https:\/\/elfsight.com\/it\/wp-json\/wp\/v2\/pages\/5139","targetHints":{"allow":["GET"]}}],"collection":[{"href":"https:\/\/elfsight.com\/it\/wp-json\/wp\/v2\/pages"}],"about":[{"href":"https:\/\/elfsight.com\/it\/wp-json\/wp\/v2\/types\/page"}],"author":[{"embeddable":true,"href":"https:\/\/elfsight.com\/it\/wp-json\/wp\/v2\/users\/9"}],"replies":[{"embeddable":true,"href":"https:\/\/elfsight.com\/it\/wp-json\/wp\/v2\/comments?post=5139"}],"version-history":[{"count":3,"href":"https:\/\/elfsight.com\/it\/wp-json\/wp\/v2\/pages\/5139\/revisions"}],"predecessor-version":[{"id":9769,"href":"https:\/\/elfsight.com\/it\/wp-json\/wp\/v2\/pages\/5139\/revisions\/9769"}],"up":[{"embeddable":true,"href":"https:\/\/elfsight.com\/it\/wp-json\/wp\/v2\/pages\/1936"}],"wp:attachment":[{"href":"https:\/\/elfsight.com\/it\/wp-json\/wp\/v2\/media?parent=5139"}],"curies":[{"name":"wp","href":"https:\/\/api.w.org\/{rel}","templated":true}]}}