{"id":5132,"date":"2024-05-03T06:42:00","date_gmt":"2024-05-03T06:42:00","guid":{"rendered":"https:\/\/elfsight.com\/it\/?page_id=5132"},"modified":"2025-03-21T07:51:18","modified_gmt":"2025-03-21T07:51:18","slug":"bigcommerce","status":"publish","type":"page","link":"https:\/\/elfsight.com\/it\/paypal-button-widget-generator\/bigcommerce\/","title":{"rendered":"PayPal Button &#8211; BigCommerce"},"content":{"rendered":"\n<div class=\"application-platform-content-item-description application-platform-content-item\" id=\"description\" data-nav-section=\"description\"><h2>Descrizione<\/h2><p>Incorpora nel tuo sito web una variante affidabile e a pagamento senza troppi sforzi. Con il pulsante PayPal di Elfsight, \u00e8 facile accettare pagamenti, iscrizioni automatiche e donazioni dai tuoi utenti. Costruisci il tuo pulsante personalizzato, scegliendo il tipo di pagamento, la valuta, la localizzazione e aggiungendo opzioni di aspetto per renderlo davvero unico. I tuoi clienti potranno pagare in modo rapido e semplice sul tuo sito web con il pulsante PayPal.<\/p><p><b>Utilizza tutti i vantaggi di PayPal per i tuoi clienti e per te stesso!<\/b><\/p><p><b> Un&#8217;utile variante di pagamento sul tuo sito senza codifica in un attimo<\/b>.<br>La tua clientela potr\u00e0 usufruire di pagamenti sicuri sul tuo sito. Integra il tuo pulsante PayPal con l&#8217;aiuto di Elfsight e offrirai una procedura di pagamento abituale e tempestiva per i tuoi acquirenti. Nessuna codifica, nessuna fatica.<\/p><p><b>Una soluzione universale per lavorare con pagamenti, abbonamenti e donazioni<\/b>.<br>Con un solo widget di Elfsight, hai la libert\u00e0 di creare pulsanti per pubblico a pagare, iscriversi e donare sul tuo sito. Risparmia tempo e fatica e utilizza una soluzione universale, che ti offre una serie di varianti.<\/p><p><b>Una delle tecniche di pagamento pi\u00f9 affidabili e popolari sul tuo sito<\/b>.<br>Crea il tuo sito davvero comodo per la tua clientela per aumentare le vendite. Consenti agli utenti di pagare tramite uno strumento diffuso e affidabile sul tuo sito web e aumenta la fiducia nella tua attivit\u00e0.<\/p><\/div><div class=\"application-platform-content-item-features application-platform-content-item\" id=\"features\" data-nav-section=\"features\"><h2>Funzionalit\u00e0<\/h2><p>Cosa rende il nostro strumento il migliore? Controlla quali funzionalit\u00e0 ti offrir\u00e0:<\/p><ul><li>Impostazione del prezzo del prodotto;<\/li><li>Scegli uno degli intervalli di fatturazione: giornaliero, settimanale, mensile, annuale;<\/li><li> Larghezza pulsante regolabile;<\/li><li>Opzioni bordo pulsante: dimensione, colore, raggio;<\/li><li>Mostra o nascondi l&#8217;icona PayPal.<\/li><\/ul><p><a href=\"#demo\">Controlla tutte le funzionalit\u00e0 in demo live<\/a><\/p><p><\/div><\/p><div class=\"application-platform-content-item-installation application-platform-content-item\" id=\"installation\" data-nav-section=\"installation\"><h2>Come aggiungere l&#8217;app PayPal Button al sito web BigCommerce<\/h2><div class=\"video-container\"><iframe width=\"560\" height=\"315\" src=\"https:\/\/www.youtube.com\/embed\/Z0hvb7AMfH4?si=619yywI2nS0tgn9l\" frameborder=\"0\" allow=\"accelerometer; autoplay; clipboard-write; encrypted-media; gyroscope; picture-in-picture; web-share\" allowfullscreen><\/iframe><\/div><p>Segui semplicemente questi passaggi indicati di seguito per incorporare il widget su BigCommerce.<\/p> <ol><li><b>Utilizza il nostro configuratore gratuito e inizia a creare la tua app. <\/b><br> Specifica il layout preferito e le caratteristiche funzionali del widget e salva le modifiche. <\/li> <li><b>Acquisisci il codice personale rivelato nell&#8217;apposito modulo su Elfsight Apps. <\/b><br> Una volta completata la configurazione del tuo pulsante PayPal, copia il codice personale nella finestra visualizzata e conservalo per un utilizzo successivo. <\/li> <li><b>Avviare l&#8217;utilizzo dello strumento sul sito BigCommerce. <\/b><br> Aggiungi il codice che hai salvato di recente nella tua pagina e salva i miglioramenti. <\/li> <li><b>Fatto! L&#8217;installazione \u00e8 terminata con successo. <\/b><br> Vai al tuo sito per verificare le prestazioni dello strumento. <\/li><\/ol><p>Hai problemi con la visualizzazione del plugin o con la personalizzazione? Contatta il nostro supporto clienti.<\/p><\/div><div class=\"faq\" data-component=\"FAQ\"><div class=\"faq-item\">\r\n\t\t\t\t\t<div class=\"faq-item-question\">\r\n\t\t\t\t\t\t<h3 class=\"faq-item-question-text\">In che modo posso incorporare un pulsante PayPal nel mio sito BigCommerce? <\/h3>\r\n\r\n\t\t\t\t\t\t<div class=\"faq-item-question-icon\"><\/div>\r\n\t\t\t\t\t<\/div>\r\n\r\n\t\t\t\t\t<div class=\"faq-item-answer\">\r\n\t\t\t\t\t\t<div class=\"faq-item-answer-text\"><p>Il la creazione del widget avviene all&#8217;interno del servizio Elfsight e non \u00e8 necessario imparare a programmare. Applica la nostra demo attiva per modificare il tuo plugin, ottieni il codice e incollalo nel tuo sito web. <\/p><\/div>\r\n\t\t\t\t\t<\/div>\r\n\t\t\t\t<\/div><div class=\"faq-item\">\r\n\t\t\t\t\t<div class=\"faq-item-question\">\r\n\t\t\t\t\t\t<h3 class=\"faq-item-question-text\">I migliori esempi di utilizzo dell'integrazione PayPal<\/h3>\r\n\r\n\t\t\t\t\t\t<div class=\"faq-item-question-icon\"><\/div>\r\n\t\t\t\t\t<\/div>\r\n\r\n\t\t\t\t\t<div class=\"faq-item-answer\">\r\n\t\t\t\t\t\t<div class=\"faq-item-answer-text\"><p>Abbiamo molte possibilit\u00e0 di regolazione: widget su vasta scala da incorporare nella zona dei contenuti, plugin mobili con opportunit\u00e0 di scorrimento, layout per il pi\u00e8 di pagina, la sezione principale e tutte le varianti delle opzioni verticali per barre laterali e menu. <\/p><\/div>\r\n\t\t\t\t\t<\/div>\r\n\t\t\t\t<\/div><div class=\"faq-item\">\r\n\t\t\t\t\t<div class=\"faq-item-question\">\r\n\t\t\t\t\t\t<h3 class=\"faq-item-question-text\">Posso creare un pulsante PayPal per donazioni o iscrizioni tramite l'editor? <\/h3>\r\n\r\n\t\t\t\t\t\t<div class=\"faq-item-question-icon\"><\/div>\r\n\t\t\t\t\t<\/div>\r\n\r\n\t\t\t\t\t<div class=\"faq-item-answer\">\r\n\t\t\t\t\t\t<div class=\"faq-item-answer-text\"><p>Puoi apportare modifiche a qualsiasi widget. Ci sono una vasta gamma di layout a tua disposizione nell&#8217;editor e tutti possono essere rapidamente personalizzati nel modo che preferisci. <\/p><\/div>\r\n\t\t\t\t\t<\/div>\r\n\t\t\t\t<\/div><\/div>\n","protected":false},"excerpt":{"rendered":"","protected":false},"author":9,"featured_media":0,"parent":1773,"menu_order":0,"comment_status":"closed","ping_status":"closed","template":"templates\/template-application-platform.php","meta":{"publish_to_discourse":"","publish_post_category":"","wpdc_auto_publish_overridden":"","wpdc_topic_tags":"","wpdc_pin_topic":"","wpdc_pin_until":"","discourse_post_id":"","discourse_permalink":"","wpdc_publishing_response":"","wpdc_publishing_error":"","footnotes":""},"class_list":["post-5132","page","type-page","status-publish","hentry"],"yoast_head":"<!-- This site is optimized with the Yoast SEO plugin v25.3.1 - https:\/\/yoast.com\/wordpress\/plugins\/seo\/ -->\n<title>Pulsante PayPal: aggiungi l&#039;app PayPal a BigCommerce (integrazione in 2 minuti!)<\/title>\n<meta name=\"description\" content=\"Ottieni la tua app personale PayPal Button per BigCommerce e visualizzala sul tuo sito in soli 2 minuti. Editor gratuito, aiuto con l&#039;integrazione e altri vantaggi da Elfsight!\" \/>\n<meta name=\"robots\" content=\"index, follow, max-snippet:-1, max-image-preview:large, max-video-preview:-1\" \/>\n<link rel=\"canonical\" href=\"https:\/\/elfsight.com\/it\/paypal-button-widget-generator\/bigcommerce\/\" \/>\n<meta property=\"og:locale\" content=\"it_IT\" \/>\n<meta property=\"og:type\" content=\"article\" \/>\n<meta property=\"og:title\" content=\"Pulsante PayPal: aggiungi l&#039;app PayPal a BigCommerce (integrazione in 2 minuti!)\" \/>\n<meta property=\"og:description\" content=\"Ottieni la tua app personale PayPal Button per BigCommerce e visualizzala sul tuo sito in soli 2 minuti. Editor gratuito, aiuto con l&#039;integrazione e altri vantaggi da Elfsight!\" \/>\n<meta property=\"og:url\" content=\"https:\/\/elfsight.com\/it\/paypal-button-widget-generator\/bigcommerce\/\" \/>\n<meta property=\"og:site_name\" content=\"Elfsight IT\" \/>\n<meta property=\"article:modified_time\" content=\"2025-03-21T07:51:18+00:00\" \/>\n<meta name=\"twitter:card\" content=\"summary_large_image\" \/>\n<meta name=\"twitter:label1\" content=\"Tempo di lettura stimato\" \/>\n\t<meta name=\"twitter:data1\" content=\"4 minuti\" \/>\n<!-- \/ Yoast SEO plugin. -->","yoast_head_json":{"title":"Pulsante PayPal: aggiungi l'app PayPal a BigCommerce (integrazione in 2 minuti!)","description":"Ottieni la tua app personale PayPal Button per BigCommerce e visualizzala sul tuo sito in soli 2 minuti. Editor gratuito, aiuto con l'integrazione e altri vantaggi da Elfsight!","robots":{"index":"index","follow":"follow","max-snippet":"max-snippet:-1","max-image-preview":"max-image-preview:large","max-video-preview":"max-video-preview:-1"},"canonical":"https:\/\/elfsight.com\/it\/paypal-button-widget-generator\/bigcommerce\/","og_locale":"it_IT","og_type":"article","og_title":"Pulsante PayPal: aggiungi l'app PayPal a BigCommerce (integrazione in 2 minuti!)","og_description":"Ottieni la tua app personale PayPal Button per BigCommerce e visualizzala sul tuo sito in soli 2 minuti. Editor gratuito, aiuto con l'integrazione e altri vantaggi da Elfsight!","og_url":"https:\/\/elfsight.com\/it\/paypal-button-widget-generator\/bigcommerce\/","og_site_name":"Elfsight IT","article_modified_time":"2025-03-21T07:51:18+00:00","twitter_card":"summary_large_image","twitter_misc":{"Tempo di lettura stimato":"4 minuti"},"schema":{"@context":"https:\/\/schema.org","@graph":[{"@type":"WebPage","@id":"https:\/\/elfsight.com\/it\/paypal-button-widget-generator\/bigcommerce\/","url":"https:\/\/elfsight.com\/it\/paypal-button-widget-generator\/bigcommerce\/","name":"Pulsante PayPal: aggiungi l'app PayPal a BigCommerce (integrazione in 2 minuti!)","isPartOf":{"@id":"https:\/\/elfsight.com\/it\/#website"},"datePublished":"2024-05-03T06:42:00+00:00","dateModified":"2025-03-21T07:51:18+00:00","description":"Ottieni la tua app personale PayPal Button per BigCommerce e visualizzala sul tuo sito in soli 2 minuti. Editor gratuito, aiuto con l'integrazione e altri vantaggi da Elfsight!","breadcrumb":{"@id":"https:\/\/elfsight.com\/it\/paypal-button-widget-generator\/bigcommerce\/#breadcrumb"},"inLanguage":"it-IT","potentialAction":[{"@type":"ReadAction","target":["https:\/\/elfsight.com\/it\/paypal-button-widget-generator\/bigcommerce\/"]}]},{"@type":"BreadcrumbList","@id":"https:\/\/elfsight.com\/it\/paypal-button-widget-generator\/bigcommerce\/#breadcrumb","itemListElement":[{"@type":"ListItem","position":1,"name":"Home","item":"https:\/\/elfsight.com\/it\/"},{"@type":"ListItem","position":2,"name":"PayPal Button","item":"https:\/\/elfsight.com\/it\/paypal-button-widget-generator\/"},{"@type":"ListItem","position":3,"name":"PayPal Button &#8211; BigCommerce"}]},{"@type":"WebSite","@id":"https:\/\/elfsight.com\/it\/#website","url":"https:\/\/elfsight.com\/it\/","name":"Elfsight IT","description":"Just another Elfsight Sites site","potentialAction":[{"@type":"SearchAction","target":{"@type":"EntryPoint","urlTemplate":"https:\/\/elfsight.com\/it\/?s={search_term_string}"},"query-input":{"@type":"PropertyValueSpecification","valueRequired":true,"valueName":"search_term_string"}}],"inLanguage":"it-IT"}]}},"meta_box":{"industry":"","seo_heading":"","heading":"","description":"","cta_heading":"","cta_description":"","application":"2488","h1":"Applicazione pulsante PayPal di BigCommerce","h1_caption":"Aggiungi un pulsante PayPal al tuo sito Web per pagamenti semplici e rapidi direttamente tramite PayPal nel tuo sito Web Adobe Muse.","application_category":[],"applications_title":"","applications_request_title":"","applications_request_button_text":"","hero_text":"","hero_video":"","hero_video_schema_markup":"","selling_points_title":"","selling_points_caption":"","selling_points":[],"selling_points_cta_text":"","features_title":"","features":"","ed_cta_examples_text":"","ed_cta_examples_hidden":"","ed_cta_demo_text":"","ed_cta_demo_hidden":"","why_caption":"","why_editor_title":"","why_editor_text":"","why_team_title":"","why_team_text":"","why_service_title":"","why_service_text":"","template_catalog_visible":"0","template_catalog_title":"","template_catalog_text":"","template_catalog_categories_visible":"","demo_title":"Crea la tua app per i pulsanti PayPal","demo_caption":"Configura il tuo pulsante PayPal e aggiungilo gratuitamente al tuo sito BigCommerce!","default_faq_hidden":"","app_template_category":[],"platform":"32","template_public_id":"","codecanyon_url":"","codecanyon_item_id":"","codecanyon_price":"","pricing_caption":"","pricing_elfsight_apps_hide_column":"","pricing_elfsight_apps_url":"","pricing_codecanyon_price_caption":"","integration_category":[],"integration_request_title":"","integration_request_cta":"","integration_platform":"","integrations":[],"platform_category":[],"video_schema_markup":"","price":"da $ 0 al mese","trial":"","benefits":[{"text":"Servizio di installazione gratuito"},{"text":"Servizio clienti competente"},{"text":"Garanzia di rimborso di 14 giorni"},{"text":"Aggiornamenti gratuiti a vita"}],"button_url":"#demo","button_target_blank":"0","button_nofollow":"0","attributes":[{"name":"Installazioni"},{"name":"Reattivo","content":"S\u00cc"},{"name":"Browser compatibili","content":"Opera, Firefox, Chrome, Safari, Edge"}],"tags":[],"tags_disable_links":"0","hide_more_platforms":"0","video_object":"","demo_hide_cta":"0","demo_hide_cloud_options":"0","pricing_title":"","pricing":[{"pricing_icon":"cloud","pricing_title":"Elfsight Apps","pricing_title_caption":"Software multipiattaforma che funziona su qualsiasi sito web","pricing_price":"da $ 0 \/ mese","pricing_price_caption":"inizia con un piano gratuito","pricing_benefits":[{"text":"Siti web illimitati"},{"text":"Supporto professionale e puntuale"},{"text":"Aiuto gratuito per l'installazione"},{"text":"Progettazione flessibile"}],"pricing_button_text":"Aggiungi al sito web","pricing_button_url":"#demo"}],"related_apps_title":"","related_apps_hidden":"0","author":"","image":[],"title":"","job":"","social_networks":[]},"_links":{"self":[{"href":"https:\/\/elfsight.com\/it\/wp-json\/wp\/v2\/pages\/5132","targetHints":{"allow":["GET"]}}],"collection":[{"href":"https:\/\/elfsight.com\/it\/wp-json\/wp\/v2\/pages"}],"about":[{"href":"https:\/\/elfsight.com\/it\/wp-json\/wp\/v2\/types\/page"}],"author":[{"embeddable":true,"href":"https:\/\/elfsight.com\/it\/wp-json\/wp\/v2\/users\/9"}],"replies":[{"embeddable":true,"href":"https:\/\/elfsight.com\/it\/wp-json\/wp\/v2\/comments?post=5132"}],"version-history":[{"count":3,"href":"https:\/\/elfsight.com\/it\/wp-json\/wp\/v2\/pages\/5132\/revisions"}],"predecessor-version":[{"id":9501,"href":"https:\/\/elfsight.com\/it\/wp-json\/wp\/v2\/pages\/5132\/revisions\/9501"}],"up":[{"embeddable":true,"href":"https:\/\/elfsight.com\/it\/wp-json\/wp\/v2\/pages\/1773"}],"wp:attachment":[{"href":"https:\/\/elfsight.com\/it\/wp-json\/wp\/v2\/media?parent=5132"}],"curies":[{"name":"wp","href":"https:\/\/api.w.org\/{rel}","templated":true}]}}