{"id":5131,"date":"1970-01-01T00:00:00","date_gmt":"1970-01-01T00:00:00","guid":{"rendered":"https:\/\/elfsight.com\/it\/?page_id=5131"},"modified":"2025-03-21T07:53:28","modified_gmt":"2025-03-21T07:53:28","slug":"blogger","status":"publish","type":"page","link":"https:\/\/elfsight.com\/it\/paypal-button-widget-generator\/blogger\/","title":{"rendered":"PayPal Button &#8211; Blogger"},"content":{"rendered":"\n<div class=\"application-platform-content-item-description application-platform-content-item\" id=\"description\" data-nav-section=\"description\"><h2>Descrizione<\/h2><p>Il pulsante PayPal Elfsight fornisce un modo semplice per consentire ai tuoi utenti di pagare tramite PayPal sul tuo sito. Consente di aggiungere pulsanti per checkout, abbonamenti ricorrenti e donazioni. Puoi introdurre tasse e prezzi di spedizione, scegliere la localizzazione e la valuta, mostrare inviti all&#8217;azione e altro ancora. Avvia un sistema di pagamento fluido per i tuoi clienti in movimento utilizzando uno degli strumenti di pagamento pi\u00f9 affidabili.<\/p><p><b>Sfrutta tutti i vantaggi di PayPal per i tuoi utenti e per te stesso!<\/b> <\/p><p><b>Uno strumento di pagamento efficace sul tuo sito senza codifica e in pochissimo tempo<\/b>.<br>I clienti apprezzano la facilit\u00e0 di pagamento su un sito web. Costruisci il tuo pulsante di donazione o pagamento PayPal utilizzando Elfsight e garantirai uno strumento di pagamento affidabile e veloce per la tua clientela. Nessuna codifica, nessuna fatica.<\/p><p><b>Uno strumento universale per ricevere pagamenti, abbonamenti e donazioni<\/b>.<br>Avendo un solo strumento di Elfsight, godrai della libert\u00e0 di progettare pulsanti per consentire agli utenti di pagare, iscriversi e donare sul tuo sito web. Risparmia tempo e fatica e ottieni una soluzione universale, che ti offre una serie di opzioni.<\/p><p><b>Una delle soluzioni di pagamento pi\u00f9 affidabili e conosciute sul tuo sito web<\/b>.<br> \u00c8 un must integrare una delle soluzioni di pagamento pi\u00f9 affidabili e popolari nel tuo sito. E grazie al pulsante PayPal di Elfsight, tutto \u00e8 fatto in pochi secondi.<\/p><\/div><div class=\"application-platform-content-item-features application-platform-content-item\" id=\"features\" data-nav-section=\"features\"><h2>Funzionalit\u00e0<\/h2><p>Scopri perch\u00e9 il widget PayPal di Elfsight \u00e8 il migliore, ecco le sue funzioni utili:<\/p><ul><li>Impostazione della localizzazione dei pulsanti dall&#8217;elenco predefinito di paesi;<\/li><li>Due varianti di indicazione fiscale: fissa o percentuale;<\/li><li>Responsive dimensione per un aspetto ottimale su qualsiasi dispositivo;<\/li><li>Testo del pulsante regolabile e colore del testo;<\/li><li>Mostra o nascondi l&#8217;icona PayPal.<\/li><\/ul><p><a href=\"#demo\">Scopri tutti i vantaggi nella demo dal vivo<\/a><\/p><\/div><div class=\"application-platform-content-item-installation application-platform-content-item\" id=\"installation\" data-nav-section=\"installation\"><h2>Come aggiungere il pulsante PayPal al sito web di Blogger<\/h2><div class=\"video-container\"><iframe width=\"560\" height=\"315\" src=\"https:\/\/www.youtube.com\/embed\/mS4si8cp9SE?si=3fme9KpkguC_FLDH\" frameborder=\"0\" allow=\"accelerometer; autoplay; clipboard-write; encrypted-media; gyroscope; picture-in-picture; web-share\" allowfullscreen><\/iframe><\/div><p>Istruzioni rapide su incorporamento e creazione il widget di donazione, abbonamento o pagamento senza competenza nello sviluppo web. Non avrai bisogno di pi\u00f9 di 3 minuti per realizzarlo.<\/p><ol><li><b>Crea il tuo pulsante unico.<\/b><br>Tramite il nostro editor gratuito, crea un plugin con il layout desiderato e tipo di pagamento.<\/li><li><b>Copia il codice per impostare il plugin.<\/b><br>Dopo aver impostato il widget, acquisisci il codice per esso dalla finestra apparsa su Elfsight App.<\/li><li><b>Mostra il plugin sul tuo sito.<\/b><br>Mostra PayPal nel punto richiesto del sito web e salva le modifiche.<\/li><li><b> Fatto!<\/b><br>Visita il tuo sito Blogger per controllare il plug-in.<\/li><\/ol><p>Hai problemi con la progettazione o l&#8217;aggiunta del plug-in sul tuo sito? Mettiti in contatto con il nostro centro assistenza.<\/p><div class=\"faq\" data-component=\"FAQ\"> <div class=\"faq-item\">\r\n\t\t\t\t\t<div class=\"faq-item-question\">\r\n\t\t\t\t\t\t<h3 class=\"faq-item-question-text\">Come posso aggiungere un pulsante PayPal al mio sito Web Blogger senza competenze di codifica?<\/h3>\r\n\r\n\t\t\t\t\t\t<div class=\"faq-item-question-icon\"><\/div>\r\n\t\t\t\t\t<\/div>\r\n\r\n\t\t\t\t\t<div class=\"faq-item-answer\">\r\n\t\t\t\t\t\t<div class=\"faq-item-answer-text\"> <p>Elfsight fornisce una soluzione SaaS che ti consente di creare un Widget pulsante PayPal, scopri quanto \u00e8 semplice il processo: lavora direttamente nell&#8217;editor online per creare un widget pulsante PayPal che vorresti vedere sul tuo sito Blogger. Scegli uno dei modelli predefiniti e regola le impostazioni del pulsante PayPal, aggiungi i tuoi contenuti, modifica il layout e la combinazione di colori senza alcuna competenza di codifica. Salva il pulsante PayPal e copia il suo codice di installazione, che potrai includere facilmente nel tuo sito Blogger senza acquistare un abbonamento a pagamento. Con il nostro editor intuitivo qualsiasi utente di Internet pu\u00f2 creare un widget pulsante PayPal online e incorporarlo facilmente nel proprio sito Blogger. Non \u00e8 necessario pagare o inserire le credenziali della carta per accedere al servizio. In caso di problemi in qualsiasi momento, non esitate a contattare il nostro team di supporto tecnico.<\/p> <\/div>\r\n\t\t\t\t\t<\/div>\r\n\t\t\t\t<\/div> <\/div> <\/div>\n\n\n\n<p><\/p>\n","protected":false},"excerpt":{"rendered":"","protected":false},"author":9,"featured_media":0,"parent":1773,"menu_order":0,"comment_status":"closed","ping_status":"closed","template":"templates\/template-application-platform.php","meta":{"publish_to_discourse":"","publish_post_category":"","wpdc_auto_publish_overridden":"","wpdc_topic_tags":"","wpdc_pin_topic":"","wpdc_pin_until":"","discourse_post_id":"","discourse_permalink":"","wpdc_publishing_response":"","wpdc_publishing_error":"","footnotes":""},"class_list":["post-5131","page","type-page","status-publish","hentry"],"yoast_head":"<!-- This site is optimized with the Yoast SEO plugin v25.3.1 - https:\/\/yoast.com\/wordpress\/plugins\/seo\/ -->\n<title>Pulsante PayPal: aggiungi il widget PayPal al sito Web di Blogger (in 2 minuti)<\/title>\n<meta name=\"description\" content=\"Imposta il pulsante PayPal (donazione, iscrizione o pagamento) sul tuo sito Blogger. Creazione semplice e veloce di vari plugin per siti web da parte di Elfsight.\" \/>\n<meta name=\"robots\" content=\"index, follow, max-snippet:-1, max-image-preview:large, max-video-preview:-1\" \/>\n<link rel=\"canonical\" href=\"https:\/\/elfsight.com\/it\/paypal-button-widget-generator\/blogger\/\" \/>\n<meta property=\"og:locale\" content=\"it_IT\" \/>\n<meta property=\"og:type\" content=\"article\" \/>\n<meta property=\"og:title\" content=\"Pulsante PayPal: aggiungi il widget PayPal al sito Web di Blogger (in 2 minuti)\" \/>\n<meta property=\"og:description\" content=\"Imposta il pulsante PayPal (donazione, iscrizione o pagamento) sul tuo sito Blogger. Creazione semplice e veloce di vari plugin per siti web da parte di Elfsight.\" \/>\n<meta property=\"og:url\" content=\"https:\/\/elfsight.com\/it\/paypal-button-widget-generator\/blogger\/\" \/>\n<meta property=\"og:site_name\" content=\"Elfsight IT\" \/>\n<meta property=\"article:modified_time\" content=\"2025-03-21T07:53:28+00:00\" \/>\n<meta name=\"twitter:card\" content=\"summary_large_image\" \/>\n<meta name=\"twitter:label1\" content=\"Tempo di lettura stimato\" \/>\n\t<meta name=\"twitter:data1\" content=\"4 minuti\" \/>\n<!-- \/ Yoast SEO plugin. -->","yoast_head_json":{"title":"Pulsante PayPal: aggiungi il widget PayPal al sito Web di Blogger (in 2 minuti)","description":"Imposta il pulsante PayPal (donazione, iscrizione o pagamento) sul tuo sito Blogger. Creazione semplice e veloce di vari plugin per siti web da parte di Elfsight.","robots":{"index":"index","follow":"follow","max-snippet":"max-snippet:-1","max-image-preview":"max-image-preview:large","max-video-preview":"max-video-preview:-1"},"canonical":"https:\/\/elfsight.com\/it\/paypal-button-widget-generator\/blogger\/","og_locale":"it_IT","og_type":"article","og_title":"Pulsante PayPal: aggiungi il widget PayPal al sito Web di Blogger (in 2 minuti)","og_description":"Imposta il pulsante PayPal (donazione, iscrizione o pagamento) sul tuo sito Blogger. Creazione semplice e veloce di vari plugin per siti web da parte di Elfsight.","og_url":"https:\/\/elfsight.com\/it\/paypal-button-widget-generator\/blogger\/","og_site_name":"Elfsight IT","article_modified_time":"2025-03-21T07:53:28+00:00","twitter_card":"summary_large_image","twitter_misc":{"Tempo di lettura stimato":"4 minuti"},"schema":{"@context":"https:\/\/schema.org","@graph":[{"@type":"WebPage","@id":"https:\/\/elfsight.com\/it\/paypal-button-widget-generator\/blogger\/","url":"https:\/\/elfsight.com\/it\/paypal-button-widget-generator\/blogger\/","name":"Pulsante PayPal: aggiungi il widget PayPal al sito Web di Blogger (in 2 minuti)","isPartOf":{"@id":"https:\/\/elfsight.com\/it\/#website"},"datePublished":"1970-01-01T00:00:00+00:00","dateModified":"2025-03-21T07:53:28+00:00","description":"Imposta il pulsante PayPal (donazione, iscrizione o pagamento) sul tuo sito Blogger. Creazione semplice e veloce di vari plugin per siti web da parte di Elfsight.","breadcrumb":{"@id":"https:\/\/elfsight.com\/it\/paypal-button-widget-generator\/blogger\/#breadcrumb"},"inLanguage":"it-IT","potentialAction":[{"@type":"ReadAction","target":["https:\/\/elfsight.com\/it\/paypal-button-widget-generator\/blogger\/"]}]},{"@type":"BreadcrumbList","@id":"https:\/\/elfsight.com\/it\/paypal-button-widget-generator\/blogger\/#breadcrumb","itemListElement":[{"@type":"ListItem","position":1,"name":"Home","item":"https:\/\/elfsight.com\/it\/"},{"@type":"ListItem","position":2,"name":"PayPal Button","item":"https:\/\/elfsight.com\/it\/paypal-button-widget-generator\/"},{"@type":"ListItem","position":3,"name":"PayPal Button &#8211; Blogger"}]},{"@type":"WebSite","@id":"https:\/\/elfsight.com\/it\/#website","url":"https:\/\/elfsight.com\/it\/","name":"Elfsight IT","description":"Just another Elfsight Sites site","potentialAction":[{"@type":"SearchAction","target":{"@type":"EntryPoint","urlTemplate":"https:\/\/elfsight.com\/it\/?s={search_term_string}"},"query-input":{"@type":"PropertyValueSpecification","valueRequired":true,"valueName":"search_term_string"}}],"inLanguage":"it-IT"}]}},"meta_box":{"industry":"","seo_heading":"","heading":"","description":"","cta_heading":"","cta_description":"","application":"2488","h1":"Widget del pulsante PayPal del blogger","h1_caption":"Aggiungi un pulsante PayPal al tuo sito web per pagamenti facili e veloci direttamente tramite PayPal nel tuo sito web BigCommerce senza sforzo.","application_category":[],"applications_title":"","applications_request_title":"","applications_request_button_text":"","hero_text":"","hero_video":"","hero_video_schema_markup":"","selling_points_title":"","selling_points_caption":"","selling_points":[],"selling_points_cta_text":"","features_title":"","features":"","ed_cta_examples_text":"","ed_cta_examples_hidden":"","ed_cta_demo_text":"","ed_cta_demo_hidden":"","why_caption":"","why_editor_title":"","why_editor_text":"","why_team_title":"","why_team_text":"","why_service_title":"","why_service_text":"","template_catalog_visible":"0","template_catalog_title":"","template_catalog_text":"","template_catalog_categories_visible":"","demo_title":"Crea il tuo widget Pulsante PayPal","demo_caption":"Configura il tuo pulsante PayPal e aggiungilo gratuitamente al tuo sito Blogger!","default_faq_hidden":"","app_template_category":[],"platform":"33","template_public_id":"","codecanyon_url":"","codecanyon_item_id":"","codecanyon_price":"","pricing_caption":"","pricing_elfsight_apps_hide_column":"","pricing_elfsight_apps_url":"","pricing_codecanyon_price_caption":"","integration_category":[],"integration_request_title":"","integration_request_cta":"","integration_platform":"","integrations":[],"platform_category":[],"video_schema_markup":"","price":"da $ 0 al mese","trial":"","benefits":[{"text":"Aiuto per l'installazione gratuito"},{"text":"Supporto premium"},{"text":"Servizio clienti professionale"},{"text":"Miglioramenti futuri"}],"button_url":"#demo","button_target_blank":"0","button_nofollow":"0","attributes":[{"name":"Installazioni"},{"name":"Reattivo","content":"S\u00cc"},{"name":"Browser compatibili","content":"Firefox, Safari, Opera, Chrome, Edge"}],"tags":[],"tags_disable_links":"0","hide_more_platforms":"0","video_object":"","demo_hide_cta":"0","demo_hide_cloud_options":"0","pricing_title":"","pricing":[{"pricing_icon":"platform","pricing_title":"Elfsight Apps","pricing_title_caption":"Soluzione digitale indipendente dalla piattaforma adatta a qualsiasi sito web","pricing_price":"da $ 0 \/ mese","pricing_price_caption":"inizia con un piano gratuito","pricing_benefits":[{"text":"Siti web illimitati"},{"text":"Supporto gratuito, puntuale e ben documentato"},{"text":"Assistenza gratuita per l'installazione"},{"text":"100% personalizzabile"}],"pricing_button_text":"Aggiungi al sito web","pricing_button_url":"#demo"}],"related_apps_title":"","related_apps_hidden":"0","author":"","image":[],"title":"","job":"","social_networks":[]},"_links":{"self":[{"href":"https:\/\/elfsight.com\/it\/wp-json\/wp\/v2\/pages\/5131","targetHints":{"allow":["GET"]}}],"collection":[{"href":"https:\/\/elfsight.com\/it\/wp-json\/wp\/v2\/pages"}],"about":[{"href":"https:\/\/elfsight.com\/it\/wp-json\/wp\/v2\/types\/page"}],"author":[{"embeddable":true,"href":"https:\/\/elfsight.com\/it\/wp-json\/wp\/v2\/users\/9"}],"replies":[{"embeddable":true,"href":"https:\/\/elfsight.com\/it\/wp-json\/wp\/v2\/comments?post=5131"}],"version-history":[{"count":3,"href":"https:\/\/elfsight.com\/it\/wp-json\/wp\/v2\/pages\/5131\/revisions"}],"predecessor-version":[{"id":9502,"href":"https:\/\/elfsight.com\/it\/wp-json\/wp\/v2\/pages\/5131\/revisions\/9502"}],"up":[{"embeddable":true,"href":"https:\/\/elfsight.com\/it\/wp-json\/wp\/v2\/pages\/1773"}],"wp:attachment":[{"href":"https:\/\/elfsight.com\/it\/wp-json\/wp\/v2\/media?parent=5131"}],"curies":[{"name":"wp","href":"https:\/\/api.w.org\/{rel}","templated":true}]}}