{"id":5130,"date":"1970-01-01T00:00:00","date_gmt":"1970-01-01T00:00:00","guid":{"rendered":"https:\/\/elfsight.com\/it\/?page_id=5130"},"modified":"2025-03-21T07:55:07","modified_gmt":"2025-03-21T07:55:07","slug":"drupal","status":"publish","type":"page","link":"https:\/\/elfsight.com\/it\/paypal-button-widget-generator\/drupal\/","title":{"rendered":"PayPal Button &#8211; Drupal"},"content":{"rendered":"\n<div class=\"application-platform-content-item-description application-platform-content-item\" id=\"description\" data-nav-section=\"description\"><h2>Descrizione<\/h2><p>Il pulsante PayPal Elfsight offre un modo semplice per consentire ai tuoi clienti di pagare con PayPal su un sito web. Abilita la visualizzazione di pulsanti per checkout, iscrizioni automatiche e donazioni. \u00c8 facile includere le tasse e il prezzo di spedizione, scegliere la localizzazione e la valuta, mostrare il messaggio e molte altre opzioni. Organizza in un batter d&#8217;occhio un processo di pagamento semplice e sicuro per i tuoi utenti utilizzando uno dei metodi di pagamento pi\u00f9 collaudati.<\/p><p><b>Consenti ai tuoi acquirenti di effettuare pagamenti tramite PayPal sul tuo sito e aumentare le vendite!<\/b><\/p><p><b>Un processo di pagamento popolare sul tuo sito web senza codifica in pochissimo tempo<\/b>.<br>\u00c8 uno dei punti chiave per un&#8217;azienda prospera per offrire alla propria clientela pagamenti online facili. Inserisci il pulsante PayPal di Elfsight sul tuo sito e lo farai facilmente e in pochissimo tempo.<\/p><p><b>Un unico strumento per elaborare pagamenti, abbonamenti e donazioni<\/b>.<br>Abilita il tuo acquirenti per effettuare il check-out, iscriversi alle tue offerte e donare. \u00c8 tutto disponibile in uno strumento universale di Elfsight per aiutarti a risparmiare tempo e denaro.<\/p><p><b>Una delle soluzioni di pagamento pi\u00f9 sicure e conosciute sul tuo sito web<\/b>.<br> \u00c8 un must integrare una delle varianti a pagamento pi\u00f9 affidabili e diffuse sul tuo sito. Con il pulsante PayPal di Elfsight, \u00e8 questione di secondi.<\/p><\/div><div class=\"application-platform-content-item-features application-platform-content-item\" id=\"features\" data-nav-section=\"features\"><h2>Funzionalit\u00e0<\/h2><p>Scopri perch\u00e9 il widget PayPal di Elfsight \u00e8 uno dei migliori, qui sono le sue potenti funzionalit\u00e0:<\/p><ul><li>Opzione per aggiungere il nome del prodotto;<\/li><li>Imposta il tuo intervallo di fatturazione personalizzato, scegliendo il ciclo di fatturazione e il periodo di fatturazione, ad esempio ogni tre mesi;<\/li><li>Puoi modificare le dimensioni del pulsante utilizzando una comoda barra di scorrimento;<\/li><li>Colore logo PayPal: originale o bianco;<\/li><li>Opzione per indirizzare un cliente a una pagina di ringraziamento personalizzata dopo un transazione andata a buon fine.<\/li><\/ul><p><a href=\"#demo\">Prova le funzionalit\u00e0 principali del widget nella nostra demo<\/a><\/p><\/div><div class=\"application-platform-content-item-installation application-platform-content-item\" id=\"installation\" data-nav-section=\"installation\"><h2>Come aggiungere il modulo del pulsante PayPal al sito Web Drupal<\/h2><div class=\"video-container\"><iframe width=\"560\" height=\"315\" src=\"https:\/\/www.youtube.com\/embed\/JM24ZxgrO-A?si=BgSSAxPDzqIfHV1F\" frameborder=\"0\" allow=\"accelerometer; autoplay; clipboard-write; encrypted-media; gyroscope; picture-in-picture; web-share\" allowfullscreen><\/iframe><\/div><p>Segui semplicemente le linee guida riportate di seguito per attivare il modulo su Drupal.<\/p> <ol><li><b>Lancia il nostro editor gratuito e inizia a creare il tuo PayPal personalizzato Modulo pulsanti. <\/b><br> Specifica la forma e la funzionalit\u00e0 desiderabili del plugin e applica le correzioni. <\/li> <li><b>Acquisisci il tuo codice personale rivelato nell&#8217;apposito modulo su Elfsight Apps. <\/b><br> Una volta terminata la generazione del tuo widget personale, copia il codice personale nella finestra visualizzata e conservalo per un utilizzo futuro. <\/li> <li><b>Accedi all&#8217;utilizzo del plugin sul tuo sito Drupal. <\/b><br> Integra il codice copiato di recente nella tua pagina e applica le modifiche. <\/li> <li><b>Fatto! L&#8217;incorporamento \u00e8 stato eseguito con successo. <\/b><br> Visita la tua pagina per esaminare le prestazioni del modulo. <\/li><\/ol><p>Hai riscontrato problemi con l&#8217;installazione o la personalizzazione del plugin? Contatta il nostro centro assistenza.<\/p><div class=\"faq\" data-component=\"FAQ\"> <div class=\"faq-item\">\r\n\t\t\t\t\t<div class=\"faq-item-question\">\r\n\t\t\t\t\t\t<h3 class=\"faq-item-question-text\">Come aggiungere un pulsante PayPal al mio sito Web Drupal senza competenze di codifica?<\/h3>\r\n\r\n\t\t\t\t\t\t<div class=\"faq-item-question-icon\"><\/div>\r\n\t\t\t\t\t<\/div>\r\n\r\n\t\t\t\t\t<div class=\"faq-item-answer\">\r\n\t\t\t\t\t\t<div class=\"faq-item-answer-text\"> <p>Elfsight fornisce una soluzione SaaS che ti consente di creare tu stesso un widget del pulsante PayPal , scopri quanto \u00e8 semplice il processo: lavora direttamente nell&#8217;editor online per creare un widget pulsante PayPal che vorresti vedere sul tuo sito Drupal. Scegli uno dei modelli predefiniti e regola le impostazioni del pulsante PayPal, aggiungi i tuoi contenuti, modifica il layout e la combinazione di colori senza competenze di codifica. Salva il pulsante PayPal e copia il suo codice di installazione, che potrai inserire facilmente nel tuo sito Drupal senza dover acquistare un piano a pagamento. Con il nostro editor intuitivo qualsiasi utente di Internet pu\u00f2 creare un widget pulsante PayPal online e incorporarlo facilmente nel proprio sito Web Drupal. Non \u00e8 necessario pagare o inserire le credenziali della carta per accedere al servizio. In caso di problemi in qualsiasi momento, non esitate a contattare il nostro team di supporto tecnico.<\/p> <\/div>\r\n\t\t\t\t\t<\/div>\r\n\t\t\t\t<\/div> <\/div> <\/div>\n","protected":false},"excerpt":{"rendered":"","protected":false},"author":9,"featured_media":0,"parent":1773,"menu_order":0,"comment_status":"closed","ping_status":"closed","template":"templates\/template-application-platform.php","meta":{"publish_to_discourse":"","publish_post_category":"","wpdc_auto_publish_overridden":"","wpdc_topic_tags":"","wpdc_pin_topic":"","wpdc_pin_until":"","discourse_post_id":"","discourse_permalink":"","wpdc_publishing_response":"","wpdc_publishing_error":"","footnotes":""},"class_list":["post-5130","page","type-page","status-publish","hentry"],"yoast_head":"<!-- This site is optimized with the Yoast SEO plugin v25.3.1 - https:\/\/yoast.com\/wordpress\/plugins\/seo\/ -->\n<title>Pulsante PayPal - Aggiungi il modulo PayPal al sito Drupal (in 2 minuti)<\/title>\n<meta name=\"description\" content=\"Prova gratuitamente il nostro pulsante di pagamento PayPal per Drupal. Crea un modulo di pagamento personalizzato per il tuo sito web in pochi minuti!\" \/>\n<meta name=\"robots\" content=\"index, follow, max-snippet:-1, max-image-preview:large, max-video-preview:-1\" \/>\n<link rel=\"canonical\" href=\"https:\/\/elfsight.com\/it\/paypal-button-widget-generator\/drupal\/\" \/>\n<meta property=\"og:locale\" content=\"it_IT\" \/>\n<meta property=\"og:type\" content=\"article\" \/>\n<meta property=\"og:title\" content=\"Pulsante PayPal - Aggiungi il modulo PayPal al sito Drupal (in 2 minuti)\" \/>\n<meta property=\"og:description\" content=\"Prova gratuitamente il nostro pulsante di pagamento PayPal per Drupal. Crea un modulo di pagamento personalizzato per il tuo sito web in pochi minuti!\" \/>\n<meta property=\"og:url\" content=\"https:\/\/elfsight.com\/it\/paypal-button-widget-generator\/drupal\/\" \/>\n<meta property=\"og:site_name\" content=\"Elfsight IT\" \/>\n<meta property=\"article:modified_time\" content=\"2025-03-21T07:55:07+00:00\" \/>\n<meta name=\"twitter:card\" content=\"summary_large_image\" \/>\n<meta name=\"twitter:label1\" content=\"Tempo di lettura stimato\" \/>\n\t<meta name=\"twitter:data1\" content=\"4 minuti\" \/>\n<!-- \/ Yoast SEO plugin. -->","yoast_head_json":{"title":"Pulsante PayPal - Aggiungi il modulo PayPal al sito Drupal (in 2 minuti)","description":"Prova gratuitamente il nostro pulsante di pagamento PayPal per Drupal. Crea un modulo di pagamento personalizzato per il tuo sito web in pochi minuti!","robots":{"index":"index","follow":"follow","max-snippet":"max-snippet:-1","max-image-preview":"max-image-preview:large","max-video-preview":"max-video-preview:-1"},"canonical":"https:\/\/elfsight.com\/it\/paypal-button-widget-generator\/drupal\/","og_locale":"it_IT","og_type":"article","og_title":"Pulsante PayPal - Aggiungi il modulo PayPal al sito Drupal (in 2 minuti)","og_description":"Prova gratuitamente il nostro pulsante di pagamento PayPal per Drupal. Crea un modulo di pagamento personalizzato per il tuo sito web in pochi minuti!","og_url":"https:\/\/elfsight.com\/it\/paypal-button-widget-generator\/drupal\/","og_site_name":"Elfsight IT","article_modified_time":"2025-03-21T07:55:07+00:00","twitter_card":"summary_large_image","twitter_misc":{"Tempo di lettura stimato":"4 minuti"},"schema":{"@context":"https:\/\/schema.org","@graph":[{"@type":"WebPage","@id":"https:\/\/elfsight.com\/it\/paypal-button-widget-generator\/drupal\/","url":"https:\/\/elfsight.com\/it\/paypal-button-widget-generator\/drupal\/","name":"Pulsante PayPal - Aggiungi il modulo PayPal al sito Drupal (in 2 minuti)","isPartOf":{"@id":"https:\/\/elfsight.com\/it\/#website"},"datePublished":"1970-01-01T00:00:00+00:00","dateModified":"2025-03-21T07:55:07+00:00","description":"Prova gratuitamente il nostro pulsante di pagamento PayPal per Drupal. Crea un modulo di pagamento personalizzato per il tuo sito web in pochi minuti!","breadcrumb":{"@id":"https:\/\/elfsight.com\/it\/paypal-button-widget-generator\/drupal\/#breadcrumb"},"inLanguage":"it-IT","potentialAction":[{"@type":"ReadAction","target":["https:\/\/elfsight.com\/it\/paypal-button-widget-generator\/drupal\/"]}]},{"@type":"BreadcrumbList","@id":"https:\/\/elfsight.com\/it\/paypal-button-widget-generator\/drupal\/#breadcrumb","itemListElement":[{"@type":"ListItem","position":1,"name":"Home","item":"https:\/\/elfsight.com\/it\/"},{"@type":"ListItem","position":2,"name":"PayPal Button","item":"https:\/\/elfsight.com\/it\/paypal-button-widget-generator\/"},{"@type":"ListItem","position":3,"name":"PayPal Button &#8211; Drupal"}]},{"@type":"WebSite","@id":"https:\/\/elfsight.com\/it\/#website","url":"https:\/\/elfsight.com\/it\/","name":"Elfsight IT","description":"Just another Elfsight Sites site","potentialAction":[{"@type":"SearchAction","target":{"@type":"EntryPoint","urlTemplate":"https:\/\/elfsight.com\/it\/?s={search_term_string}"},"query-input":{"@type":"PropertyValueSpecification","valueRequired":true,"valueName":"search_term_string"}}],"inLanguage":"it-IT"}]}},"meta_box":{"industry":"","seo_heading":"","heading":"","description":"","cta_heading":"","cta_description":"","application":"2488","h1":"Modulo pulsante Drupal PayPal","h1_caption":"Aggiungi un pulsante PayPal al tuo sito web per pagamenti facili e veloci direttamente tramite PayPal nel tuo sito web Blogger senza sforzo.","application_category":[],"applications_title":"","applications_request_title":"","applications_request_button_text":"","hero_text":"","hero_video":"","hero_video_schema_markup":"","selling_points_title":"","selling_points_caption":"","selling_points":[],"selling_points_cta_text":"","features_title":"","features":"","ed_cta_examples_text":"","ed_cta_examples_hidden":"","ed_cta_demo_text":"","ed_cta_demo_hidden":"","why_caption":"","why_editor_title":"","why_editor_text":"","why_team_title":"","why_team_text":"","why_service_title":"","why_service_text":"","template_catalog_visible":"0","template_catalog_title":"","template_catalog_text":"","template_catalog_categories_visible":"","demo_title":"Crea il tuo modulo Pulsante PayPal","demo_caption":"Configura il tuo pulsante PayPal e aggiungilo gratuitamente al tuo sito Drupal!","default_faq_hidden":"","app_template_category":[],"platform":"34","template_public_id":"","codecanyon_url":"","codecanyon_item_id":"","codecanyon_price":"","pricing_caption":"","pricing_elfsight_apps_hide_column":"","pricing_elfsight_apps_url":"","pricing_codecanyon_price_caption":"","integration_category":[],"integration_request_title":"","integration_request_cta":"","integration_platform":"","integrations":[],"platform_category":[],"video_schema_markup":"","price":"da $ 0 al mese","trial":"","benefits":[{"text":"Aiuto per l'installazione gratuito"},{"text":"Supporto premium"},{"text":"Garanzia di rimborso di 14 giorni"},{"text":"Aggiornamenti gratuiti regolari"}],"button_url":"#demo","button_target_blank":"0","button_nofollow":"0","attributes":[{"name":"Installazioni"},{"name":"Reattivo","content":"S\u00cc"},{"name":"Browser compatibili","content":"Firefox, Edge, Safari, Opera, Chrome"}],"tags":[],"tags_disable_links":"0","hide_more_platforms":"0","video_object":"","demo_hide_cta":"0","demo_hide_cloud_options":"0","pricing_title":"","pricing":[{"pricing_icon":"platform","pricing_title":"Elfsight Apps","pricing_title_caption":"Versione multipiattaforma adatta a qualsiasi sito web","pricing_price":"da $ 0 \/ mese","pricing_price_caption":"inizia con il piano gratuito","pricing_benefits":[{"text":"Domini illimitati"},{"text":"Supporto aziendale premium e ben documentato"},{"text":"Servizio di installazione gratuito"},{"text":"Prezzo speciale per pi\u00f9 app"}],"pricing_button_text":"Aggiungi al sito web","pricing_button_url":"#demo"}],"related_apps_title":"","related_apps_hidden":"0","author":"","image":[],"title":"","job":"","social_networks":[]},"_links":{"self":[{"href":"https:\/\/elfsight.com\/it\/wp-json\/wp\/v2\/pages\/5130","targetHints":{"allow":["GET"]}}],"collection":[{"href":"https:\/\/elfsight.com\/it\/wp-json\/wp\/v2\/pages"}],"about":[{"href":"https:\/\/elfsight.com\/it\/wp-json\/wp\/v2\/types\/page"}],"author":[{"embeddable":true,"href":"https:\/\/elfsight.com\/it\/wp-json\/wp\/v2\/users\/9"}],"replies":[{"embeddable":true,"href":"https:\/\/elfsight.com\/it\/wp-json\/wp\/v2\/comments?post=5130"}],"version-history":[{"count":3,"href":"https:\/\/elfsight.com\/it\/wp-json\/wp\/v2\/pages\/5130\/revisions"}],"predecessor-version":[{"id":9504,"href":"https:\/\/elfsight.com\/it\/wp-json\/wp\/v2\/pages\/5130\/revisions\/9504"}],"up":[{"embeddable":true,"href":"https:\/\/elfsight.com\/it\/wp-json\/wp\/v2\/pages\/1773"}],"wp:attachment":[{"href":"https:\/\/elfsight.com\/it\/wp-json\/wp\/v2\/media?parent=5130"}],"curies":[{"name":"wp","href":"https:\/\/api.w.org\/{rel}","templated":true}]}}