{"id":5124,"date":"1970-01-01T00:00:00","date_gmt":"1970-01-01T00:00:00","guid":{"rendered":"https:\/\/elfsight.com\/it\/?page_id=5124"},"modified":"2025-03-21T07:58:23","modified_gmt":"2025-03-21T07:58:23","slug":"jquery","status":"publish","type":"page","link":"https:\/\/elfsight.com\/it\/paypal-button-widget-generator\/jquery\/","title":{"rendered":"PayPal Button &#8211; jQuery"},"content":{"rendered":"\n<div class=\"application-platform-content-item-description application-platform-content-item\" id=\"description\" data-nav-section=\"description\"><h2>Descrizione<\/h2><p>Il pulsante PayPal Elfsight consentir\u00e0 alla tua clientela di effettuare pagamenti tramite PayPal sul tuo sito web. Aiuta a creare pulsanti per pagamenti una tantum, abbonamenti singoli o ripetuti e donazioni. Sono disponibili opzioni per includere tasse e prezzo di consegna, modificare la localizzazione e la valuta, aggiungere inviti all&#8217;azione e molto altro. Imposta un pratico metodo di pagamento per il tuo pubblico con l&#8217;aiuto di una delle soluzioni di pagamento pi\u00f9 affidabili, in pochi secondi.<\/p><p><b>Sfrutta tutti i vantaggi di PayPal per il tuo pubblico e per te stesso!<\/b> <\/p><p><b>Un sistema di pagamento efficace sul tuo sito web senza codifica in pochissimo tempo<\/b>.<br>Per un&#8217;azienda efficiente \u00e8 essenziale offrire ai propri clienti la possibilit\u00e0 di pagare online. Imposta il pulsante PayPal di Elfsight sul tuo sito web e svolger\u00e0 il compito in modo facile e veloce.<\/p><p><b>Un&#8217;unica soluzione per accettare pagamenti, abbonamenti e donazioni<\/b>.<br>Con un solo pulsante widget di Elfsight, puoi visualizzare i pulsanti affinch\u00e9 i clienti possano pagare, iscriversi e donare sul tuo sito. Risparmia tempo e denaro e prova uno strumento multiuso che ti offre una variet\u00e0 di varianti.<\/p><p><b>Uno degli strumenti di pagamento pi\u00f9 affidabili e conosciuti sul tuo sito web<\/b>.<br>Don non perdere l&#8217;occasione di integrare uno dei servizi a pagamento pi\u00f9 sicuri e popolari nel tuo sito web. Con l&#8217;aiuto del pulsante PayPal di Elfsight, impiegherai un paio di secondi per farlo.<\/p><\/div><div class=\"application-platform-content-item-features application-platform-content-item\" id=\"features\" data-nav-section=\"features\"><h2>Funzioni<\/h2><p>Scopri perch\u00e9 Elfsight PayPal il widget \u00e8 il migliore, ecco le sue fantastiche funzionalit\u00e0:<\/p><ul><li>Una libreria di tutte le valute pi\u00f9 popolari;<\/li><li>Opzione per impostare il prezzo di spedizione;<\/li><li> Larghezza del pulsante regolabile;<\/li><li>Scelta del colore del pulsante;<\/li><li>Mostra o nascondi il testo del logo PayPal.<\/li><\/ul><p><a href=\"#demo\">Leggi tutte le propriet\u00e0 nel nostro editor gratuito<\/a><\/p><\/div><div class=\"application-platform-content-item-installation application-platform-content-item\" id=\"installation\" data-nav-section=\"installation\"><h2>Come aggiungere il plug-in del pulsante PayPal al sito Web jQuery<\/h2><p>Il plug-in Elfsight \u00e8 estremamente semplice da configurare e non richiede competenze di programmazione. La realizzazione del manuale richieder\u00e0 meno di qualche minuto.<\/p><ol><li><b>Costruisci il tuo pulsante personalizzato.<\/b><br>Tramite il nostro editor gratuito, crea un plugin. Personalizza l&#8217;interfaccia e aggiungi i dati richiesti.<\/li><li><b>Copia il codice per pubblicare il plugin.<\/b><br>Dopo la generazione del widget, ottieni il codice per il plugin PayPal dalla finestra popup sulle app Elfsight .<\/li><li><b>Inserisci il widget nella pagina.<\/b><br>Apri il codice della pagina nell&#8217;editor HTML e inserisci il widget nella posizione necessaria (contenuto, pi\u00e8 di pagina, barra laterale ecc.) e pubblica le modifiche.<\/li><li><b>La configurazione \u00e8 terminata.<\/b><br>Entra nel sito, per vedere il tuo lavoro.<\/li><\/ol><p>Cerco aiuto per l&#8217;inserimento o generare il plugin? Gli specialisti del supporto Elfsight saranno qui per aiutare e proporre una soluzione!<\/p><div class=\"faq\" data-component=\"FAQ\"> <div class=\"faq-item\">\r\n\t\t\t\t\t<div class=\"faq-item-question\">\r\n\t\t\t\t\t\t<h3 class=\"faq-item-question-text\">Come aggiungere un pulsante PayPal al mio sito Web jQuery senza competenze di codifica?<\/h3>\r\n\r\n\t\t\t\t\t\t<div class=\"faq-item-question-icon\"><\/div>\r\n\t\t\t\t\t<\/div>\r\n\r\n\t\t\t\t\t<div class=\"faq-item-answer\">\r\n\t\t\t\t\t\t<div class=\"faq-item-answer-text\"> <p>Elfsight fornisce una soluzione SaaS che ti consente di creare tu stesso un widget pulsante PayPal, scopri quanto \u00e8 semplice il processo: lavora direttamente nell&#8217;editor online per creare un widget pulsante PayPal che vorresti vedere sul tuo sito web jQuery. Scegli uno dei modelli predefiniti e regola le impostazioni del pulsante PayPal, aggiungi i tuoi contenuti, modifica il layout e i colori senza alcuna competenza di codifica. Salva il pulsante PayPal e copia il suo codice di installazione, cos\u00ec potrai facilmente aggiungerlo al tuo sito jQuery senza dover acquistare una versione a pagamento. Con il nostro editor intuitivo qualsiasi utente di Internet pu\u00f2 creare un widget pulsante PayPal online e incorporarlo facilmente nel proprio sito Web jQuery. Non \u00e8 necessario pagare o inserire le credenziali della carta per accedere al servizio. In caso di problemi in qualsiasi momento, non esitate a contattare il nostro team di supporto tecnico.<\/p> <\/div>\r\n\t\t\t\t\t<\/div>\r\n\t\t\t\t<\/div> <\/div> <\/div>\n","protected":false},"excerpt":{"rendered":"","protected":false},"author":9,"featured_media":0,"parent":1773,"menu_order":0,"comment_status":"closed","ping_status":"closed","template":"templates\/template-application-platform.php","meta":{"publish_to_discourse":"","publish_post_category":"","wpdc_auto_publish_overridden":"","wpdc_topic_tags":"","wpdc_pin_topic":"","wpdc_pin_until":"","discourse_post_id":"","discourse_permalink":"","wpdc_publishing_response":"","wpdc_publishing_error":"","footnotes":""},"class_list":["post-5124","page","type-page","status-publish","hentry"],"yoast_head":"<!-- This site is optimized with the Yoast SEO plugin v25.3.1 - https:\/\/yoast.com\/wordpress\/plugins\/seo\/ -->\n<title>Pulsante PayPal: aggiungi il plug-in PayPal al sito Web jQuery (in 2 minuti)<\/title>\n<meta name=\"description\" content=\"Integra il plugin PayPal Button sul sito JQuery in soli 3 minuti. Testa tutte le caratteristiche in un editor Elfsight gratuito.\" \/>\n<meta name=\"robots\" content=\"index, follow, max-snippet:-1, max-image-preview:large, max-video-preview:-1\" \/>\n<link rel=\"canonical\" href=\"https:\/\/elfsight.com\/it\/paypal-button-widget-generator\/jquery\/\" \/>\n<meta property=\"og:locale\" content=\"it_IT\" \/>\n<meta property=\"og:type\" content=\"article\" \/>\n<meta property=\"og:title\" content=\"Pulsante PayPal: aggiungi il plug-in PayPal al sito Web jQuery (in 2 minuti)\" \/>\n<meta property=\"og:description\" content=\"Integra il plugin PayPal Button sul sito JQuery in soli 3 minuti. Testa tutte le caratteristiche in un editor Elfsight gratuito.\" \/>\n<meta property=\"og:url\" content=\"https:\/\/elfsight.com\/it\/paypal-button-widget-generator\/jquery\/\" \/>\n<meta property=\"og:site_name\" content=\"Elfsight IT\" \/>\n<meta property=\"article:modified_time\" content=\"2025-03-21T07:58:23+00:00\" \/>\n<meta name=\"twitter:card\" content=\"summary_large_image\" \/>\n<meta name=\"twitter:label1\" content=\"Tempo di lettura stimato\" \/>\n\t<meta name=\"twitter:data1\" content=\"4 minuti\" \/>\n<!-- \/ Yoast SEO plugin. -->","yoast_head_json":{"title":"Pulsante PayPal: aggiungi il plug-in PayPal al sito Web jQuery (in 2 minuti)","description":"Integra il plugin PayPal Button sul sito JQuery in soli 3 minuti. Testa tutte le caratteristiche in un editor Elfsight gratuito.","robots":{"index":"index","follow":"follow","max-snippet":"max-snippet:-1","max-image-preview":"max-image-preview:large","max-video-preview":"max-video-preview:-1"},"canonical":"https:\/\/elfsight.com\/it\/paypal-button-widget-generator\/jquery\/","og_locale":"it_IT","og_type":"article","og_title":"Pulsante PayPal: aggiungi il plug-in PayPal al sito Web jQuery (in 2 minuti)","og_description":"Integra il plugin PayPal Button sul sito JQuery in soli 3 minuti. Testa tutte le caratteristiche in un editor Elfsight gratuito.","og_url":"https:\/\/elfsight.com\/it\/paypal-button-widget-generator\/jquery\/","og_site_name":"Elfsight IT","article_modified_time":"2025-03-21T07:58:23+00:00","twitter_card":"summary_large_image","twitter_misc":{"Tempo di lettura stimato":"4 minuti"},"schema":{"@context":"https:\/\/schema.org","@graph":[{"@type":"WebPage","@id":"https:\/\/elfsight.com\/it\/paypal-button-widget-generator\/jquery\/","url":"https:\/\/elfsight.com\/it\/paypal-button-widget-generator\/jquery\/","name":"Pulsante PayPal: aggiungi il plug-in PayPal al sito Web jQuery (in 2 minuti)","isPartOf":{"@id":"https:\/\/elfsight.com\/it\/#website"},"datePublished":"1970-01-01T00:00:00+00:00","dateModified":"2025-03-21T07:58:23+00:00","description":"Integra il plugin PayPal Button sul sito JQuery in soli 3 minuti. Testa tutte le caratteristiche in un editor Elfsight gratuito.","breadcrumb":{"@id":"https:\/\/elfsight.com\/it\/paypal-button-widget-generator\/jquery\/#breadcrumb"},"inLanguage":"it-IT","potentialAction":[{"@type":"ReadAction","target":["https:\/\/elfsight.com\/it\/paypal-button-widget-generator\/jquery\/"]}]},{"@type":"BreadcrumbList","@id":"https:\/\/elfsight.com\/it\/paypal-button-widget-generator\/jquery\/#breadcrumb","itemListElement":[{"@type":"ListItem","position":1,"name":"Home","item":"https:\/\/elfsight.com\/it\/"},{"@type":"ListItem","position":2,"name":"PayPal Button","item":"https:\/\/elfsight.com\/it\/paypal-button-widget-generator\/"},{"@type":"ListItem","position":3,"name":"PayPal Button &#8211; jQuery"}]},{"@type":"WebSite","@id":"https:\/\/elfsight.com\/it\/#website","url":"https:\/\/elfsight.com\/it\/","name":"Elfsight IT","description":"Just another Elfsight Sites site","potentialAction":[{"@type":"SearchAction","target":{"@type":"EntryPoint","urlTemplate":"https:\/\/elfsight.com\/it\/?s={search_term_string}"},"query-input":{"@type":"PropertyValueSpecification","valueRequired":true,"valueName":"search_term_string"}}],"inLanguage":"it-IT"}]}},"meta_box":{"industry":"","seo_heading":"","heading":"","description":"","cta_heading":"","cta_description":"","application":"2488","h1":"Plug-in pulsante PayPal jQuery","h1_caption":"Aggiungi un pulsante PayPal al tuo sito web per pagamenti facili e veloci direttamente tramite PayPal nel tuo sito web Joomla senza sforzo.","application_category":[],"applications_title":"","applications_request_title":"","applications_request_button_text":"","hero_text":"","hero_video":"","hero_video_schema_markup":"","selling_points_title":"","selling_points_caption":"","selling_points":[],"selling_points_cta_text":"","features_title":"","features":"","ed_cta_examples_text":"","ed_cta_examples_hidden":"","ed_cta_demo_text":"","ed_cta_demo_hidden":"","why_caption":"","why_editor_title":"","why_editor_text":"","why_team_title":"","why_team_text":"","why_service_title":"","why_service_text":"","template_catalog_visible":"0","template_catalog_title":"","template_catalog_text":"","template_catalog_categories_visible":"","demo_title":"Crea il tuo plugin per il pulsante PayPal","demo_caption":"Configura il tuo pulsante PayPal e aggiungilo gratuitamente al tuo sito jQuery!","default_faq_hidden":"","app_template_category":[],"platform":"37","template_public_id":"","codecanyon_url":"","codecanyon_item_id":"","codecanyon_price":"","pricing_caption":"","pricing_elfsight_apps_hide_column":"","pricing_elfsight_apps_url":"","pricing_codecanyon_price_caption":"","integration_category":[],"integration_request_title":"","integration_request_cta":"","integration_platform":"","integrations":[],"platform_category":[],"video_schema_markup":"","price":"da $ 0 al mese","trial":"","benefits":[{"text":"Assistenza gratuita per l'installazione"},{"text":"Servizio clienti efficace"},{"text":"Garanzia di rimborso di 14 giorni"},{"text":"Miglioramenti gratuiti continui"}],"button_url":"#demo","button_target_blank":"0","button_nofollow":"0","attributes":[{"name":"Installazioni"},{"name":"Reattivo","content":"S\u00cc"},{"name":"Browser compatibili","content":"Firefox, Safari, Opera, Chrome, Edge"}],"tags":[],"tags_disable_links":"0","hide_more_platforms":"0","video_object":"","demo_hide_cta":"0","demo_hide_cloud_options":"0","pricing_title":"","pricing":[{"pricing_icon":"platform","pricing_title":"Elfsight Apps","pricing_title_caption":"Software multipiattaforma adatto a qualsiasi sito","pricing_price":"da $ 0 \/ mese","pricing_price_caption":"inizia con un piano gratuito","pricing_benefits":[{"text":"Domini illimitati"},{"text":"Supporto aziendale 24 ore su 24, 7 giorni su 7"},{"text":"Aiuto per l'installazione gratuito"},{"text":"Completamente personalizzabile"}],"pricing_button_text":"Aggiungi al sito web","pricing_button_url":"#demo"}],"related_apps_title":"","related_apps_hidden":"0","author":"","image":[],"title":"","job":"","social_networks":[]},"_links":{"self":[{"href":"https:\/\/elfsight.com\/it\/wp-json\/wp\/v2\/pages\/5124","targetHints":{"allow":["GET"]}}],"collection":[{"href":"https:\/\/elfsight.com\/it\/wp-json\/wp\/v2\/pages"}],"about":[{"href":"https:\/\/elfsight.com\/it\/wp-json\/wp\/v2\/types\/page"}],"author":[{"embeddable":true,"href":"https:\/\/elfsight.com\/it\/wp-json\/wp\/v2\/users\/9"}],"replies":[{"embeddable":true,"href":"https:\/\/elfsight.com\/it\/wp-json\/wp\/v2\/comments?post=5124"}],"version-history":[{"count":2,"href":"https:\/\/elfsight.com\/it\/wp-json\/wp\/v2\/pages\/5124\/revisions"}],"predecessor-version":[{"id":9507,"href":"https:\/\/elfsight.com\/it\/wp-json\/wp\/v2\/pages\/5124\/revisions\/9507"}],"up":[{"embeddable":true,"href":"https:\/\/elfsight.com\/it\/wp-json\/wp\/v2\/pages\/1773"}],"wp:attachment":[{"href":"https:\/\/elfsight.com\/it\/wp-json\/wp\/v2\/media?parent=5124"}],"curies":[{"name":"wp","href":"https:\/\/api.w.org\/{rel}","templated":true}]}}