{"id":5122,"date":"1970-01-01T00:00:00","date_gmt":"1970-01-01T00:00:00","guid":{"rendered":"https:\/\/elfsight.com\/it\/?page_id=5122"},"modified":"2025-03-21T08:01:47","modified_gmt":"2025-03-21T08:01:47","slug":"html","status":"publish","type":"page","link":"https:\/\/elfsight.com\/it\/paypal-button-widget-generator\/html\/","title":{"rendered":"PayPal Button &#8211; HTML"},"content":{"rendered":"\n<div class=\"application-platform-content-item-description application-platform-content-item\" id=\"description\" data-nav-section=\"description\"><h2>Descrizione<\/h2><p>Aggiungi uno strumento di pagamento semplice e affidabile al tuo sito. Utilizzando il pulsante PayPal di Elfsight, puoi ricevere pagamenti singoli, abbonamenti e donazioni dai clienti. Crea il tuo pulsante personalizzato, scegliendo una variante di pagamento, valuta, localizzazione e funzionalit\u00e0 dell&#8217;interfaccia utente per renderlo unico. La tua clientela apprezzer\u00e0 la procedura di pagamento veloce e comoda sul tuo sito con l&#8217;aiuto del pulsante PayPal.<\/p><p><b>Aggiungi il pagamento PayPal sul tuo sito senza troppi sforzi!<\/b><\/p><p> <b>Un pratico strumento di pagamento sul tuo sito web senza codifica in pochissimo tempo<\/b>.<br>\u00c8 molto importante per un&#8217;azienda di successo fornire al proprio pubblico una pratica opzione per pagare online. Aggiungi il pulsante PayPal di Elfsight al tuo sito web e svolger\u00e0 il compito per te.<\/p><p><b>Una soluzione universale per accettare pagamenti, abbonamenti e donazioni<\/b>.<br>Avere un solo strumento Elfsight, puoi ottenere pulsanti per consentire alla clientela di pagare, iscriversi e donare sul tuo sito web. Risparmia tempo e denaro e aggiungi uno strumento multifunzionale che ti garantisce una vasta gamma di opzioni.<\/p><p><b>Uno dei metodi di pagamento pi\u00f9 affidabili e diffusi sul tuo sito<\/b>.<br>\u00c8 \u00e8 una buona pratica integrare il tuo sito web con uno dei metodi di pagamento pi\u00f9 affidabili e conosciuti. E grazie al pulsante PayPal Elfsight, ci vorranno solo pochi secondi.<\/p><\/div><div class=\"application-platform-content-item-features application-platform-content-item\" id=\"features\" data-nav-section=\"features\"><h2>Funzionalit\u00e0<\/h2><p>Guarda le funzionalit\u00e0 che rendono il nostro widget uno dei il meglio per pagare sui siti web:<\/p><ul><li>Impostare la localizzazione dei pulsanti dall&#8217;elenco predefinito di paesi;<\/li><li>Due varianti di indicazione dell&#8217;imposta: fissa o percentuale;<\/li><li>Dimensioni reattive per un aspetto ottimale su qualsiasi dispositivo;<\/li><li>Scelta del colore dei pulsanti;<\/li><li>Quattro icone dei sistemi di pagamento scambiabili per maggiore fiducia e sicurezza del cliente.<\/li><\/ul><p><a href=\"#demo\">Altre opzioni nel nostro editor<\/a><\/p><\/div><div class=\"application-platform-content-item-installation application-platform-content-item\" id=\"installation\" data-nav-section=\"installation\"><h2>Come aggiungere il codice di un pulsante PayPal al sito web HTML<\/h2><div class=\"video-container\"><iframe width=\"560\" height=\"315\" src=\"https:\/\/www.youtube.com\/embed\/5yMPWi2f1nQ?si=jdJrC-DnMYgG4-EJ\" frameborder=\"0\" allow=\"accelerometer; autoplay; clipboard-write; encrypted-media; gyroscope; picture-in-picture; web-share\" allowfullscreen><\/iframe><\/div><p> Una piccola guida per integrare in autonomia il widget su HTML. Per eseguire l&#8217;integrazione, non \u00e8 necessario assumere uno sviluppatore o avere personalmente competenza nello sviluppo web. La durata completa dell&#8217;installazione \u00e8 di pochi minuti.<\/p><ol><li><b>Genera il tuo pulsante PayPal unico.<\/b><br>Utilizzando il nostro configuratore gratuito, crea un plugin con il modello e le capacit\u00e0 desiderati .<\/li><li><b>Copia il codice per incorporare il plugin.<\/b><br>Dopo la personalizzazione del widget, acquisisci il codice per il plugin PayPal dalla notifica che appare sulle App Elfsight.<\/li><li><b>Inserisci il widget nel sito Web HTML.<\/b><br>Avvia il codice della pagina nell&#8217;editor HTML, aggiungi il widget nella posizione selezionata (contenuto, pi\u00e8 di pagina, barra laterale, ecc.) e applica i risultati.<\/li><li><b>L&#8217;integrazione \u00e8 riuscita!<\/b><br>Entra nel sito HTML per verificare il tuo lavoro.<\/li><\/ol><p>Si verificano problemi durante la visualizzazione o la regolazione del plugin ? Consulta un articolo completo sulla regolazione del plug-in in HTML o lascia una richiesta al nostro Centro assistenza.<\/p><div class=\"faq\" data-component=\"FAQ\"> <div class=\"faq-item\">\r\n\t\t\t\t\t<div class=\"faq-item-question\">\r\n\t\t\t\t\t\t<h3 class=\"faq-item-question-text\">Come posso aggiungere un pulsante PayPal al mio sito Web HTML senza competenze di codifica?<\/h3>\r\n\r\n\t\t\t\t\t\t<div class=\"faq-item-question-icon\"><\/div>\r\n\t\t\t\t\t<\/div>\r\n\r\n\t\t\t\t\t<div class=\"faq-item-answer\">\r\n\t\t\t\t\t\t<div class=\"faq-item-answer-text\"> <p>Elfsight fornisce una soluzione SaaS che ti consente di creare tu stesso un widget pulsante PayPal, scopri quanto \u00e8 semplice il processo: lavora direttamente nell&#8217;editor online per creare un widget pulsante PayPal che vorresti vedere sul tuo sito web HTML. Scegli uno dei modelli predefiniti e regola le impostazioni del pulsante PayPal, aggiungi i tuoi contenuti, modifica il layout e i colori senza competenze di codifica. Salva il pulsante PayPal e copia il suo codice di installazione, che potrai incollare facilmente nel tuo sito HTML senza dover acquistare un abbonamento a pagamento. Con il nostro editor intuitivo qualsiasi utente di Internet pu\u00f2 creare un widget pulsante PayPal online e incorporarlo facilmente nel proprio sito Web HTML. Non \u00e8 necessario pagare o inserire le credenziali della carta per accedere al servizio. In caso di problemi in qualsiasi momento, non esitate a contattare il nostro team di supporto tecnico.<\/p> <\/div>\r\n\t\t\t\t\t<\/div>\r\n\t\t\t\t<\/div> <\/div> <\/div>\n","protected":false},"excerpt":{"rendered":"","protected":false},"author":9,"featured_media":0,"parent":1773,"menu_order":0,"comment_status":"closed","ping_status":"closed","template":"templates\/template-application-platform.php","meta":{"publish_to_discourse":"","publish_post_category":"","wpdc_auto_publish_overridden":"","wpdc_topic_tags":"","wpdc_pin_topic":"","wpdc_pin_until":"","discourse_post_id":"","discourse_permalink":"","wpdc_publishing_response":"","wpdc_publishing_error":"","footnotes":""},"class_list":["post-5122","page","type-page","status-publish","hentry"],"yoast_head":"<!-- This site is optimized with the Yoast SEO plugin v25.3.1 - https:\/\/yoast.com\/wordpress\/plugins\/seo\/ -->\n<title>Pulsante PayPal: aggiungi il codice di pagamento PayPal al sito Web HTML (2025)<\/title>\n<meta name=\"description\" content=\"Installa il codice del pulsante PayPal solo sul tuo sito web HTML in pochi minuti. Creazione rapida e semplice di qualsiasi widget di pagamento del sito Web da parte di Elfsight.\" \/>\n<meta name=\"robots\" content=\"index, follow, max-snippet:-1, max-image-preview:large, max-video-preview:-1\" \/>\n<link rel=\"canonical\" href=\"https:\/\/elfsight.com\/it\/paypal-button-widget-generator\/html\/\" \/>\n<meta property=\"og:locale\" content=\"it_IT\" \/>\n<meta property=\"og:type\" content=\"article\" \/>\n<meta property=\"og:title\" content=\"Pulsante PayPal: aggiungi il codice di pagamento PayPal al sito Web HTML (2025)\" \/>\n<meta property=\"og:description\" content=\"Installa il codice del pulsante PayPal solo sul tuo sito web HTML in pochi minuti. Creazione rapida e semplice di qualsiasi widget di pagamento del sito Web da parte di Elfsight.\" \/>\n<meta property=\"og:url\" content=\"https:\/\/elfsight.com\/it\/paypal-button-widget-generator\/html\/\" \/>\n<meta property=\"og:site_name\" content=\"Elfsight IT\" \/>\n<meta property=\"article:modified_time\" content=\"2025-03-21T08:01:47+00:00\" \/>\n<meta name=\"twitter:card\" content=\"summary_large_image\" \/>\n<meta name=\"twitter:label1\" content=\"Tempo di lettura stimato\" \/>\n\t<meta name=\"twitter:data1\" content=\"4 minuti\" \/>\n<!-- \/ Yoast SEO plugin. -->","yoast_head_json":{"title":"Pulsante PayPal: aggiungi il codice di pagamento PayPal al sito Web HTML (2025)","description":"Installa il codice del pulsante PayPal solo sul tuo sito web HTML in pochi minuti. Creazione rapida e semplice di qualsiasi widget di pagamento del sito Web da parte di Elfsight.","robots":{"index":"index","follow":"follow","max-snippet":"max-snippet:-1","max-image-preview":"max-image-preview:large","max-video-preview":"max-video-preview:-1"},"canonical":"https:\/\/elfsight.com\/it\/paypal-button-widget-generator\/html\/","og_locale":"it_IT","og_type":"article","og_title":"Pulsante PayPal: aggiungi il codice di pagamento PayPal al sito Web HTML (2025)","og_description":"Installa il codice del pulsante PayPal solo sul tuo sito web HTML in pochi minuti. Creazione rapida e semplice di qualsiasi widget di pagamento del sito Web da parte di Elfsight.","og_url":"https:\/\/elfsight.com\/it\/paypal-button-widget-generator\/html\/","og_site_name":"Elfsight IT","article_modified_time":"2025-03-21T08:01:47+00:00","twitter_card":"summary_large_image","twitter_misc":{"Tempo di lettura stimato":"4 minuti"},"schema":{"@context":"https:\/\/schema.org","@graph":[{"@type":"WebPage","@id":"https:\/\/elfsight.com\/it\/paypal-button-widget-generator\/html\/","url":"https:\/\/elfsight.com\/it\/paypal-button-widget-generator\/html\/","name":"Pulsante PayPal: aggiungi il codice di pagamento PayPal al sito Web HTML (2025)","isPartOf":{"@id":"https:\/\/elfsight.com\/it\/#website"},"datePublished":"1970-01-01T00:00:00+00:00","dateModified":"2025-03-21T08:01:47+00:00","description":"Installa il codice del pulsante PayPal solo sul tuo sito web HTML in pochi minuti. Creazione rapida e semplice di qualsiasi widget di pagamento del sito Web da parte di Elfsight.","breadcrumb":{"@id":"https:\/\/elfsight.com\/it\/paypal-button-widget-generator\/html\/#breadcrumb"},"inLanguage":"it-IT","potentialAction":[{"@type":"ReadAction","target":["https:\/\/elfsight.com\/it\/paypal-button-widget-generator\/html\/"]}]},{"@type":"BreadcrumbList","@id":"https:\/\/elfsight.com\/it\/paypal-button-widget-generator\/html\/#breadcrumb","itemListElement":[{"@type":"ListItem","position":1,"name":"Home","item":"https:\/\/elfsight.com\/it\/"},{"@type":"ListItem","position":2,"name":"PayPal Button","item":"https:\/\/elfsight.com\/it\/paypal-button-widget-generator\/"},{"@type":"ListItem","position":3,"name":"PayPal Button &#8211; HTML"}]},{"@type":"WebSite","@id":"https:\/\/elfsight.com\/it\/#website","url":"https:\/\/elfsight.com\/it\/","name":"Elfsight IT","description":"Just another Elfsight Sites site","potentialAction":[{"@type":"SearchAction","target":{"@type":"EntryPoint","urlTemplate":"https:\/\/elfsight.com\/it\/?s={search_term_string}"},"query-input":{"@type":"PropertyValueSpecification","valueRequired":true,"valueName":"search_term_string"}}],"inLanguage":"it-IT"}]}},"meta_box":{"industry":"","seo_heading":"","heading":"","description":"","cta_heading":"","cta_description":"","application":"2488","h1":"Codice HTML del pulsante PayPal","h1_caption":"Aggiungi un pulsante PayPal al tuo sito web per pagamenti facili e veloci direttamente tramite PayPal nei tuoi siti Google senza sforzo.","application_category":[],"applications_title":"","applications_request_title":"","applications_request_button_text":"","hero_text":"","hero_video":"","hero_video_schema_markup":"","selling_points_title":"","selling_points_caption":"","selling_points":[],"selling_points_cta_text":"","features_title":"","features":"","ed_cta_examples_text":"","ed_cta_examples_hidden":"","ed_cta_demo_text":"","ed_cta_demo_hidden":"","why_caption":"","why_editor_title":"","why_editor_text":"","why_team_title":"","why_team_text":"","why_service_title":"","why_service_text":"","template_catalog_visible":"0","template_catalog_title":"","template_catalog_text":"","template_catalog_categories_visible":"","demo_title":"Crea il tuo widget Pulsante PayPal","demo_caption":"Configura il tuo pulsante PayPal e aggiungilo gratuitamente al tuo sito HTML!","default_faq_hidden":"","app_template_category":[],"platform":"35","template_public_id":"","codecanyon_url":"","codecanyon_item_id":"","codecanyon_price":"","pricing_caption":"","pricing_elfsight_apps_hide_column":"","pricing_elfsight_apps_url":"","pricing_codecanyon_price_caption":"","integration_category":[],"integration_request_title":"","integration_request_cta":"","integration_platform":"","integrations":[],"platform_category":[],"video_schema_markup":"","price":"da $ 0 al mese","trial":"","benefits":[{"text":"Assistenza gratuita per l'installazione"},{"text":"Supporto premium"},{"text":"Garanzia di rimborso di 14 giorni"},{"text":"Futuri aggiornamenti gratuiti"}],"button_url":"#demo","button_target_blank":"0","button_nofollow":"0","attributes":[{"name":"Installazioni"},{"name":"Reattivo","content":"S\u00cc"},{"name":"Browser compatibili","content":"Safari, Chrome, Opera, Edge, Firefox"}],"tags":[],"tags_disable_links":"0","hide_more_platforms":"0","video_object":"","demo_hide_cta":"0","demo_hide_cloud_options":"0","pricing_title":"","pricing":[{"pricing_icon":"platform","pricing_title":"Elfsight Apps","pricing_title_caption":"Versione multipiattaforma adatta a qualsiasi sito web","pricing_price":"da $ 0 \/ mese","pricing_price_caption":"inizia con il piano gratuito","pricing_benefits":[{"text":"Domini illimitati"},{"text":"Supporto aziendale rapido e ben documentato"},{"text":"Aiuto per l'installazione gratuito"},{"text":"Prezzo speciale per pi\u00f9 app"}],"pricing_button_text":"Aggiungi al sito web","pricing_button_url":"#demo"}],"related_apps_title":"","related_apps_hidden":"0","author":"","image":[],"title":"","job":"","social_networks":[]},"_links":{"self":[{"href":"https:\/\/elfsight.com\/it\/wp-json\/wp\/v2\/pages\/5122","targetHints":{"allow":["GET"]}}],"collection":[{"href":"https:\/\/elfsight.com\/it\/wp-json\/wp\/v2\/pages"}],"about":[{"href":"https:\/\/elfsight.com\/it\/wp-json\/wp\/v2\/types\/page"}],"author":[{"embeddable":true,"href":"https:\/\/elfsight.com\/it\/wp-json\/wp\/v2\/users\/9"}],"replies":[{"embeddable":true,"href":"https:\/\/elfsight.com\/it\/wp-json\/wp\/v2\/comments?post=5122"}],"version-history":[{"count":3,"href":"https:\/\/elfsight.com\/it\/wp-json\/wp\/v2\/pages\/5122\/revisions"}],"predecessor-version":[{"id":9510,"href":"https:\/\/elfsight.com\/it\/wp-json\/wp\/v2\/pages\/5122\/revisions\/9510"}],"up":[{"embeddable":true,"href":"https:\/\/elfsight.com\/it\/wp-json\/wp\/v2\/pages\/1773"}],"wp:attachment":[{"href":"https:\/\/elfsight.com\/it\/wp-json\/wp\/v2\/media?parent=5122"}],"curies":[{"name":"wp","href":"https:\/\/api.w.org\/{rel}","templated":true}]}}