{"id":5116,"date":"1970-01-01T00:00:00","date_gmt":"1970-01-01T00:00:00","guid":{"rendered":"https:\/\/elfsight.com\/it\/?page_id=5116"},"modified":"2024-11-12T13:17:46","modified_gmt":"2024-11-12T13:17:46","slug":"opencart","status":"publish","type":"page","link":"https:\/\/elfsight.com\/it\/paypal-button-widget-generator\/opencart\/","title":{"rendered":"PayPal Button &#8211; OpenCart"},"content":{"rendered":"<div class=\"application-platform-content-item-description application-platform-content-item\" id=\"description\" data-nav-section=\"description\"><h2>Descrizione<\/h2><p>L&#8217;integrazione del pulsante PayPal \u00e8 un modo semplice per consentire ai tuoi utenti di effettuare pagamenti tramite PayPal sul tuo sito. Consente di mostrare pulsanti per checkout, iscrizioni ripetute e donazioni. \u00c8 facile aggiungere tasse e prezzo di spedizione, modificare la localizzazione e la valuta, aggiungere testo e molto altro. Organizza una procedura di pagamento pratica e sicura per i tuoi utenti con l&#8217;aiuto di uno degli strumenti di pagamento pi\u00f9 affidabili in movimento.<\/p><p><b>Consenti ai tuoi acquirenti di effettuare pagamenti tramite PayPal sul tuo sito web e aumentare le tue vendite! <\/b><\/p><p><b>Una pratica procedura di pagamento sul tuo sito &#8211; in pochissimo tempo<\/b>.<br> \u00c8 molto importante per un&#8217;azienda di successo fornire alla propria clientela pagamenti online facili. Integra il pulsante PayPal di Elfsight nel tuo sito e lo farai in modo facile e veloce.<\/p><p><b>Una soluzione universale per accettare pagamenti, abbonamenti e donazioni<\/b>.<br> Con un solo widget di Elfsight, puoi progettare pulsanti per pagare, iscriverti e donare sul tuo sito web. Risparmia tempo e fatica e ottieni uno strumento multifunzionale che ti offre una variet\u00e0 di opzioni.<\/p><p><b>Uno dei sistemi di pagamento pi\u00f9 sicuri e popolari sul tuo sito web<\/b>.<br> Crea il tuo sito davvero comodo per i tuoi acquirenti e stimola le vendite. Consenti agli utenti di pagare tramite uno strumento noto e affidabile sul tuo sito web e dimostra loro che la tua attivit\u00e0 \u00e8 affidabile.<\/p><\/div><div class=\"application-platform-content-item-features application-platform-content-item\" id=\"features\" data-nav-section=\"features\"><h2>Funzionalit\u00e0<\/h2><p> Scopri le funzionalit\u00e0 che rendono il nostro integrato uno dei migliori per i pagamenti sui siti Web:<\/p><ul><li>Tre tipi di pulsanti: Pagamento unico, Abbonamento, Donazione;<\/li><li>Opzione per impostare il prezzo di spedizione; <\/li><li>Dimensione reattiva per un aspetto ottimale su qualsiasi dispositivo;<\/li><li>Opzioni bordo pulsante: dimensione, colore, raggio;<\/li><li>Opzione per indirizzare un cliente a una pagina personalizzata Grazie pagina dopo una transazione andata a buon fine.<\/li><\/ul><p><a href=\"#demo\">Prova tutte le caratteristiche nella demo gratuita<\/a><\/p><\/div><div class=\"application-platform-content-item-installation  application-platform-content-item\" id=\"installation \" data-nav-section=\"installation \"><h2>Come aggiungere il pulsante PayPal al sito web OpenCart<\/h2><p>Segui semplicemente un paio di passaggi descritti di seguito per incorporare il widget su OpenCart.<\/p> <ol><li><b>Esegui la nostra demo gratuita e inizia a creare il tuo widget unico. <\/b><br> Determina l&#8217;interfaccia e le caratteristiche desiderabili del widget e applica le modifiche. <\/li> <li><b>Ricevi il tuo codice individuale che appare nel modulo speciale su Elfsight Apps. <\/b><br> Dopo aver completato la configurazione del tuo widget, copia il codice esclusivo dal popup visualizzato e conservalo per un uso futuro. <\/li> <li><b>Inizia a utilizzare il widget del pulsante PayPal sul tuo sito web OpenCart. <\/b><br> Inserisci il codice salvato in precedenza nel tuo sito web e applica le modifiche. <\/li> <li><b>Il gioco \u00e8 fatto! La configurazione \u00e8 completamente eseguita. <\/b><br> Vai al tuo sito web per verificare come funziona lo strumento. <\/li><\/ol> <p>Trovi difficile incorporare l&#8217;estensione nel tuo sito o personalizzarla? Mettiti in contatto con il nostro supporto clienti.<\/p><div class=\"faq\" data-component=\"FAQ\"> <div class=\"faq-item\">\r\n\t\t\t\t\t<div class=\"faq-item-question\">\r\n\t\t\t\t\t\t<h3 class=\"faq-item-question-text\">Come aggiungere un pulsante PayPal al mio sito Web OpenCart senza competenze di codifica?<\/h3>\r\n\r\n\t\t\t\t\t\t<div class=\"faq-item-question-icon\"><\/div>\r\n\t\t\t\t\t<\/div>\r\n\r\n\t\t\t\t\t<div class=\"faq-item-answer\">\r\n\t\t\t\t\t\t<div class=\"faq-item-answer-text\"> <p>Elfsight fornisce una soluzione SaaS che ti consente di creare un pulsante PayPal widget di pulsante PayPal, scopri quanto \u00e8 semplice il processo: lavora direttamente nell&#8217;editor online per creare un widget di pulsante PayPal che vorresti vedere sul tuo sito web OpenCart. Scegli uno dei modelli predefiniti e regola le impostazioni del pulsante PayPal, aggiungi i tuoi contenuti, modifica il layout e i colori senza alcuna competenza di codifica. Salva il pulsante PayPal e copia il suo codice di installazione, che potrai facilmente incollare nel tuo sito OpenCart senza la necessit\u00e0 di acquistare un piano a pagamento. Con il nostro editor intuitivo qualsiasi utente di Internet pu\u00f2 creare un widget pulsante PayPal online e incorporarlo facilmente nel proprio sito Web OpenCart. Non \u00e8 necessario pagare o inserire le credenziali della carta per accedere al servizio. In caso di problemi in qualsiasi momento, non esitate a contattare il nostro team di supporto tecnico.<\/p> <\/div>\r\n\t\t\t\t\t<\/div>\r\n\t\t\t\t<\/div> <\/div> <\/div>","protected":false},"excerpt":{"rendered":"","protected":false},"author":9,"featured_media":0,"parent":1773,"menu_order":0,"comment_status":"closed","ping_status":"closed","template":"templates\/template-application-platform.php","meta":{"publish_to_discourse":"","publish_post_category":"","wpdc_auto_publish_overridden":"","wpdc_topic_tags":"","wpdc_pin_topic":"","wpdc_pin_until":"","discourse_post_id":"","discourse_permalink":"","wpdc_publishing_response":"","wpdc_publishing_error":"","footnotes":""},"class_list":["post-5116","page","type-page","status-publish","hentry"],"yoast_head":"<!-- This site is optimized with the Yoast SEO plugin v25.3.1 - https:\/\/yoast.com\/wordpress\/plugins\/seo\/ -->\n<title>Pulsante PayPal: aggiungi l&#039;estensione PayPal al sito Web OpenCart (2025)<\/title>\n<meta name=\"description\" content=\"Aggiungi l&#039;estensione PayPal al tuo sito Web OpenCart in soli 3 minuti. Goditi gratuitamente molti vantaggi della migliore integrazione PayPal.\" \/>\n<meta name=\"robots\" content=\"index, follow, max-snippet:-1, max-image-preview:large, max-video-preview:-1\" \/>\n<link rel=\"canonical\" href=\"https:\/\/elfsight.com\/it\/paypal-button-widget-generator\/opencart\/\" \/>\n<meta property=\"og:locale\" content=\"it_IT\" \/>\n<meta property=\"og:type\" content=\"article\" \/>\n<meta property=\"og:title\" content=\"Pulsante PayPal: aggiungi l&#039;estensione PayPal al sito Web OpenCart (2025)\" \/>\n<meta property=\"og:description\" content=\"Aggiungi l&#039;estensione PayPal al tuo sito Web OpenCart in soli 3 minuti. Goditi gratuitamente molti vantaggi della migliore integrazione PayPal.\" \/>\n<meta property=\"og:url\" content=\"https:\/\/elfsight.com\/it\/paypal-button-widget-generator\/opencart\/\" \/>\n<meta property=\"og:site_name\" content=\"Elfsight IT\" \/>\n<meta property=\"article:modified_time\" content=\"2024-11-12T13:17:46+00:00\" \/>\n<meta name=\"twitter:card\" content=\"summary_large_image\" \/>\n<meta name=\"twitter:label1\" content=\"Tempo di lettura stimato\" \/>\n\t<meta name=\"twitter:data1\" content=\"3 minuti\" \/>\n<!-- \/ Yoast SEO plugin. -->","yoast_head_json":{"title":"Pulsante PayPal: aggiungi l'estensione PayPal al sito Web OpenCart (2025)","description":"Aggiungi l'estensione PayPal al tuo sito Web OpenCart in soli 3 minuti. Goditi gratuitamente molti vantaggi della migliore integrazione PayPal.","robots":{"index":"index","follow":"follow","max-snippet":"max-snippet:-1","max-image-preview":"max-image-preview:large","max-video-preview":"max-video-preview:-1"},"canonical":"https:\/\/elfsight.com\/it\/paypal-button-widget-generator\/opencart\/","og_locale":"it_IT","og_type":"article","og_title":"Pulsante PayPal: aggiungi l'estensione PayPal al sito Web OpenCart (2025)","og_description":"Aggiungi l'estensione PayPal al tuo sito Web OpenCart in soli 3 minuti. Goditi gratuitamente molti vantaggi della migliore integrazione PayPal.","og_url":"https:\/\/elfsight.com\/it\/paypal-button-widget-generator\/opencart\/","og_site_name":"Elfsight IT","article_modified_time":"2024-11-12T13:17:46+00:00","twitter_card":"summary_large_image","twitter_misc":{"Tempo di lettura stimato":"3 minuti"},"schema":{"@context":"https:\/\/schema.org","@graph":[{"@type":"WebPage","@id":"https:\/\/elfsight.com\/it\/paypal-button-widget-generator\/opencart\/","url":"https:\/\/elfsight.com\/it\/paypal-button-widget-generator\/opencart\/","name":"Pulsante PayPal: aggiungi l'estensione PayPal al sito Web OpenCart (2025)","isPartOf":{"@id":"https:\/\/elfsight.com\/it\/#website"},"datePublished":"1970-01-01T00:00:00+00:00","dateModified":"2024-11-12T13:17:46+00:00","description":"Aggiungi l'estensione PayPal al tuo sito Web OpenCart in soli 3 minuti. Goditi gratuitamente molti vantaggi della migliore integrazione PayPal.","breadcrumb":{"@id":"https:\/\/elfsight.com\/it\/paypal-button-widget-generator\/opencart\/#breadcrumb"},"inLanguage":"it-IT","potentialAction":[{"@type":"ReadAction","target":["https:\/\/elfsight.com\/it\/paypal-button-widget-generator\/opencart\/"]}]},{"@type":"BreadcrumbList","@id":"https:\/\/elfsight.com\/it\/paypal-button-widget-generator\/opencart\/#breadcrumb","itemListElement":[{"@type":"ListItem","position":1,"name":"Home","item":"https:\/\/elfsight.com\/it\/"},{"@type":"ListItem","position":2,"name":"PayPal Button","item":"https:\/\/elfsight.com\/it\/paypal-button-widget-generator\/"},{"@type":"ListItem","position":3,"name":"PayPal Button &#8211; OpenCart"}]},{"@type":"WebSite","@id":"https:\/\/elfsight.com\/it\/#website","url":"https:\/\/elfsight.com\/it\/","name":"Elfsight IT","description":"Just another Elfsight Sites site","potentialAction":[{"@type":"SearchAction","target":{"@type":"EntryPoint","urlTemplate":"https:\/\/elfsight.com\/it\/?s={search_term_string}"},"query-input":{"@type":"PropertyValueSpecification","valueRequired":true,"valueName":"search_term_string"}}],"inLanguage":"it-IT"}]}},"meta_box":{"industry":"","seo_heading":"","heading":"","description":"","cta_heading":"","cta_description":"","application":"2488","h1":"Estensione del pulsante PayPal OpenCart","h1_caption":"Aggiungi un pulsante PayPal al tuo sito web per pagamenti facili e veloci direttamente tramite PayPal nel tuo sito web ModX senza sforzo.","application_category":[],"applications_title":"","applications_request_title":"","applications_request_button_text":"","hero_text":"","hero_video":"","hero_video_schema_markup":"","selling_points_title":"","selling_points_caption":"","selling_points":[],"selling_points_cta_text":"","features_title":"","features":"","ed_cta_examples_text":"","ed_cta_examples_hidden":"","ed_cta_demo_text":"","ed_cta_demo_hidden":"","why_caption":"","why_editor_title":"","why_editor_text":"","why_team_title":"","why_team_text":"","why_service_title":"","why_service_text":"","template_catalog_visible":"","template_catalog_title":"","template_catalog_text":"","template_catalog_categories_visible":"","demo_title":"Crea la tua estensione del pulsante PayPal","demo_caption":"Configura il tuo pulsante PayPal e aggiungilo gratuitamente al tuo sito OpenCart!","default_faq_hidden":"","app_template_category":[],"platform":"41","template_public_id":"","codecanyon_url":"","codecanyon_item_id":"","codecanyon_price":"","pricing_caption":"","pricing_elfsight_apps_hide_column":"","pricing_elfsight_apps_url":"","pricing_codecanyon_price_caption":"","integration_category":[],"integration_request_title":"","integration_request_cta":"","integration_platform":"","integrations":[],"platform_category":[],"video_schema_markup":"","price":"da $ 0 al mese","trial":"","benefits":[{"text":"Assistenza gratuita per l'installazione"},{"text":"Servizio clienti competente"},{"text":"Garanzia di rimborso di 14 giorni"},{"text":"Aggiornamenti continui"}],"button_url":"#demo","button_target_blank":"","button_nofollow":"","attributes":[{"name":"Installazioni"},{"name":"Reattivo","content":"S\u00cc"},{"name":"Browser compatibili","content":"Firefox, Safari, Opera, Chrome, Edge"}],"tags":[],"tags_disable_links":"","hide_more_platforms":"","video_object":"","demo_hide_cta":"","demo_hide_cloud_options":"","pricing_title":"","pricing":[{"pricing_icon":"platform","pricing_title":"Elfsight Apps","pricing_title_caption":"Soluzione digitale multipiattaforma adatta a qualsiasi sito web","pricing_price":"da $ 0 \/ mese","pricing_price_caption":"inizia con il piano gratuito","pricing_benefits":[{"text":"Domini illimitati"},{"text":"Assistenza clienti professionale"},{"text":"Aiuto per l'installazione gratuito"},{"text":"Completamente personalizzabile"}],"pricing_button_text":"Aggiungi al sito web","pricing_button_url":"#demo"}],"related_apps_title":"","related_apps_hidden":"","author":"","image":[],"title":"","job":"","social_networks":[]},"_links":{"self":[{"href":"https:\/\/elfsight.com\/it\/wp-json\/wp\/v2\/pages\/5116","targetHints":{"allow":["GET"]}}],"collection":[{"href":"https:\/\/elfsight.com\/it\/wp-json\/wp\/v2\/pages"}],"about":[{"href":"https:\/\/elfsight.com\/it\/wp-json\/wp\/v2\/types\/page"}],"author":[{"embeddable":true,"href":"https:\/\/elfsight.com\/it\/wp-json\/wp\/v2\/users\/9"}],"replies":[{"embeddable":true,"href":"https:\/\/elfsight.com\/it\/wp-json\/wp\/v2\/comments?post=5116"}],"version-history":[{"count":1,"href":"https:\/\/elfsight.com\/it\/wp-json\/wp\/v2\/pages\/5116\/revisions"}],"predecessor-version":[{"id":5120,"href":"https:\/\/elfsight.com\/it\/wp-json\/wp\/v2\/pages\/5116\/revisions\/5120"}],"up":[{"embeddable":true,"href":"https:\/\/elfsight.com\/it\/wp-json\/wp\/v2\/pages\/1773"}],"wp:attachment":[{"href":"https:\/\/elfsight.com\/it\/wp-json\/wp\/v2\/media?parent=5116"}],"curies":[{"name":"wp","href":"https:\/\/api.w.org\/{rel}","templated":true}]}}