{"id":5107,"date":"1970-01-01T00:00:00","date_gmt":"1970-01-01T00:00:00","guid":{"rendered":"https:\/\/elfsight.com\/it\/?page_id=5107"},"modified":"2025-03-21T08:08:18","modified_gmt":"2025-03-21T08:08:18","slug":"weebly","status":"publish","type":"page","link":"https:\/\/elfsight.com\/it\/paypal-button-widget-generator\/weebly\/","title":{"rendered":"PayPal Button &#8211; Weebly"},"content":{"rendered":"\n<div class=\"application-platform-content-item-description application-platform-content-item\" id=\"description\" data-nav-section=\"description\"><h2>Descrizione<\/h2><p>Aggiungi uno strumento di pagamento affidabile al tuo sito web. Utilizzando il pulsante PayPal di Elfsight, puoi accettare pagamenti, abbonamenti ricorrenti e donazioni dal tuo pubblico. Costruisci il tuo pulsante personalizzato, scegliendo la forma di pagamento, la valuta, la localizzazione e personalizzando le opzioni di aspetto per renderlo unico. I tuoi utenti apprezzeranno una procedura di pagamento rapida e fluida sul tuo sito con il pulsante PayPal.<\/p><p><b>Sfrutta tutti i vantaggi di PayPal per il tuo pubblico e per te stesso! <\/b><\/p><p><b>Un pratico sistema di pagamento sul tuo sito senza codifica<\/b>.<br>\u00c8 essenziale per un&#8217;attivit\u00e0 online disporre di uno strumento di pagamento pratico e sicuro sul sito web. Il modo migliore per raggiungere questo obiettivo \u00e8 incorporare il pulsante PayPal di Elfsight sul tuo sito. Organizza pagamenti facili per i tuoi clienti.<\/p><p><b>Uno strumento universale per accettare pagamenti, abbonamenti e donazioni<\/b>.<br>Consenti al tuo pubblico di effettuare pagamenti, abbonarsi e donare con facilit\u00e0. Tutto \u00e8 disponibile in uno strumento multifunzionale di Elfsight, che ti aiuta a risparmiare tempo e fatica.<\/p><p><b>Una delle soluzioni di pagamento pi\u00f9 affidabili e conosciute sul tuo sito<\/b>.<br>Non perdere l&#8217;occasione di integrare uno degli strumenti di pagamento pi\u00f9 affidabili nel tuo sito web. Elfsight ti aiuter\u00e0 a utilizzare PayPal con il minimo sforzo e la massima comodit\u00e0.<\/p><\/div><br><div class=\"application-platform-content-item-features application-platform-content-item\" id=\"features\" data-nav-section=\"features\"><h2>Funzionalit\u00e0<\/h2><p>Cosa rende il nostro strumento il migliore? Controlla le funzionalit\u00e0 che offre:<\/p><ul><li>Una libreria di tutte le valute pi\u00f9 popolari;<\/li><li>Due varianti di indicazione fiscale: fissa o percentuale;<\/li><li>Regolabile larghezza del pulsante;<\/li><li>Opzioni bordo pulsante: dimensione, colore, raggio;<\/li><li>Mostra o nascondi il testo del logo PayPal.<\/li><\/ul><p><a href=\"#demo\">Pi\u00f9 funzioni in un&#8217;interfaccia gratuita demo<\/a><\/p><\/div><div class=\"application-platform-content-item-installation application-platform-content-item\" id=\"installation\" data-nav-section=\"installation\"><h2>Come aggiungere l&#8217;app PayPal Button a un sito web Weebly<\/h2><div class=\"video-container\"><iframe width=\"560\" height=\"315\" src=\"https:\/\/www.youtube.com\/embed\/NmpZ15fSSko?si=UnWdtZ7Sk7wsYabM\" frameborder=\"0\" allow=\"accelerometer; autoplay; clipboard-write; encrypted-media; gyroscope; picture-in-picture; web-share\" allowfullscreen><\/iframe><\/div><p>La durata approssimativa dell&#8217;installazione \u00e8 meno di 2 minuti. L&#8217;installazione non richiede esperienza nella programmazione web.<\/p><ol><li><b>Esegui la nostra demo gratuita e inizia a lavorare con la tua app personalizzata. <\/b><br> Scegli il layout e la funzionalit\u00e0 selezionati dell&#8217;app e salva tutte le modifiche. <\/li> <li><b>Copia il tuo codice individuale che appare nella finestra delle App Elfsight. <\/b><br> Una volta terminata la creazione della tua app, copia il codice dal popup visualizzato e conservalo per un&#8217;occasione successiva. <\/li> <li><b>Avvia l&#8217;utilizzo dell&#8217;app sul tuo sito Weebly. <\/b><br> Integra il codice che hai copiato in precedenza nel tuo sito e applica i miglioramenti. <\/li> <li><b>Fatto! L&#8217;integrazione \u00e8 completamente compiuta. <\/b><br> Vai alla tua pagina web per dare un&#8217;occhiata a come funziona l&#8217;app. <\/li><\/ol><p>Hai domande relative al processo di installazione? Invia un messaggio al servizio di supporto Elfsight o studia il testo completo delle istruzioni e completa l&#8217;installazione da solo.<\/p><div class=\"faq\" data-component=\"FAQ\"> <div class=\"faq-item\">\r\n\t\t\t\t\t<div class=\"faq-item-question\">\r\n\t\t\t\t\t\t<h3 class=\"faq-item-question-text\">Come posso aggiungere un pulsante PayPal al mio sito Web Weebly senza competenze di programmazione? <\/h3>\r\n\r\n\t\t\t\t\t\t<div class=\"faq-item-question-icon\"><\/div>\r\n\t\t\t\t\t<\/div>\r\n\r\n\t\t\t\t\t<div class=\"faq-item-answer\">\r\n\t\t\t\t\t\t<div class=\"faq-item-answer-text\"> <p>Elfsight fornisce una soluzione SaaS che ti consente di creare tu stesso un widget pulsante PayPal, scopri quanto \u00e8 semplice il processo: lavora direttamente nell&#8217;editor online per creare un widget pulsante PayPal che vorresti vedere sul tuo sito web Weebly. Scegli uno dei modelli predefiniti e regola le impostazioni del pulsante PayPal, aggiungi i tuoi contenuti, modifica il layout e i colori senza alcuna competenza di codifica. Salva il pulsante PayPal e copia il suo codice di installazione, che potrai incorporare nel tuo sito Weebly senza dover acquistare un piano a pagamento. Con il nostro editor intuitivo qualsiasi utente di Internet pu\u00f2 creare un widget pulsante PayPal online e incorporarlo facilmente nel proprio sito Web Weebly. Non \u00e8 necessario pagare n\u00e9 inserire le credenziali della carta per accedere al servizio. In caso di problemi in qualsiasi momento, non esitate a contattare il nostro team di supporto tecnico.<\/p> <\/div>\r\n\t\t\t\t\t<\/div>\r\n\t\t\t\t<\/div> <\/div> <\/div>\n","protected":false},"excerpt":{"rendered":"","protected":false},"author":9,"featured_media":0,"parent":1773,"menu_order":0,"comment_status":"closed","ping_status":"closed","template":"templates\/template-application-platform.php","meta":{"publish_to_discourse":"","publish_post_category":"","wpdc_auto_publish_overridden":"","wpdc_topic_tags":"","wpdc_pin_topic":"","wpdc_pin_until":"","discourse_post_id":"","discourse_permalink":"","wpdc_publishing_response":"","wpdc_publishing_error":"","footnotes":""},"class_list":["post-5107","page","type-page","status-publish","hentry"],"yoast_head":"<!-- This site is optimized with the Yoast SEO plugin v25.3.1 - https:\/\/yoast.com\/wordpress\/plugins\/seo\/ -->\n<title>Pulsante PayPal: aggiungi l&#039;app PayPal al sito Web Weebly (in 2 minuti)<\/title>\n<meta name=\"description\" content=\"Prova il miglior pulsante PayPal (donazione, abbonamento o pagamento) per il sito Web Weebly. Crea widget da visualizzare sul tuo sito web in soli 3 minuti gratuitamente!\" \/>\n<meta name=\"robots\" content=\"index, follow, max-snippet:-1, max-image-preview:large, max-video-preview:-1\" \/>\n<link rel=\"canonical\" href=\"https:\/\/elfsight.com\/it\/paypal-button-widget-generator\/weebly\/\" \/>\n<meta property=\"og:locale\" content=\"it_IT\" \/>\n<meta property=\"og:type\" content=\"article\" \/>\n<meta property=\"og:title\" content=\"Pulsante PayPal: aggiungi l&#039;app PayPal al sito Web Weebly (in 2 minuti)\" \/>\n<meta property=\"og:description\" content=\"Prova il miglior pulsante PayPal (donazione, abbonamento o pagamento) per il sito Web Weebly. Crea widget da visualizzare sul tuo sito web in soli 3 minuti gratuitamente!\" \/>\n<meta property=\"og:url\" content=\"https:\/\/elfsight.com\/it\/paypal-button-widget-generator\/weebly\/\" \/>\n<meta property=\"og:site_name\" content=\"Elfsight IT\" \/>\n<meta property=\"article:modified_time\" content=\"2025-03-21T08:08:18+00:00\" \/>\n<meta name=\"twitter:card\" content=\"summary_large_image\" \/>\n<meta name=\"twitter:label1\" content=\"Tempo di lettura stimato\" \/>\n\t<meta name=\"twitter:data1\" content=\"4 minuti\" \/>\n<!-- \/ Yoast SEO plugin. -->","yoast_head_json":{"title":"Pulsante PayPal: aggiungi l'app PayPal al sito Web Weebly (in 2 minuti)","description":"Prova il miglior pulsante PayPal (donazione, abbonamento o pagamento) per il sito Web Weebly. Crea widget da visualizzare sul tuo sito web in soli 3 minuti gratuitamente!","robots":{"index":"index","follow":"follow","max-snippet":"max-snippet:-1","max-image-preview":"max-image-preview:large","max-video-preview":"max-video-preview:-1"},"canonical":"https:\/\/elfsight.com\/it\/paypal-button-widget-generator\/weebly\/","og_locale":"it_IT","og_type":"article","og_title":"Pulsante PayPal: aggiungi l'app PayPal al sito Web Weebly (in 2 minuti)","og_description":"Prova il miglior pulsante PayPal (donazione, abbonamento o pagamento) per il sito Web Weebly. Crea widget da visualizzare sul tuo sito web in soli 3 minuti gratuitamente!","og_url":"https:\/\/elfsight.com\/it\/paypal-button-widget-generator\/weebly\/","og_site_name":"Elfsight IT","article_modified_time":"2025-03-21T08:08:18+00:00","twitter_card":"summary_large_image","twitter_misc":{"Tempo di lettura stimato":"4 minuti"},"schema":{"@context":"https:\/\/schema.org","@graph":[{"@type":"WebPage","@id":"https:\/\/elfsight.com\/it\/paypal-button-widget-generator\/weebly\/","url":"https:\/\/elfsight.com\/it\/paypal-button-widget-generator\/weebly\/","name":"Pulsante PayPal: aggiungi l'app PayPal al sito Web Weebly (in 2 minuti)","isPartOf":{"@id":"https:\/\/elfsight.com\/it\/#website"},"datePublished":"1970-01-01T00:00:00+00:00","dateModified":"2025-03-21T08:08:18+00:00","description":"Prova il miglior pulsante PayPal (donazione, abbonamento o pagamento) per il sito Web Weebly. Crea widget da visualizzare sul tuo sito web in soli 3 minuti gratuitamente!","breadcrumb":{"@id":"https:\/\/elfsight.com\/it\/paypal-button-widget-generator\/weebly\/#breadcrumb"},"inLanguage":"it-IT","potentialAction":[{"@type":"ReadAction","target":["https:\/\/elfsight.com\/it\/paypal-button-widget-generator\/weebly\/"]}]},{"@type":"BreadcrumbList","@id":"https:\/\/elfsight.com\/it\/paypal-button-widget-generator\/weebly\/#breadcrumb","itemListElement":[{"@type":"ListItem","position":1,"name":"Home","item":"https:\/\/elfsight.com\/it\/"},{"@type":"ListItem","position":2,"name":"PayPal Button","item":"https:\/\/elfsight.com\/it\/paypal-button-widget-generator\/"},{"@type":"ListItem","position":3,"name":"PayPal Button &#8211; Weebly"}]},{"@type":"WebSite","@id":"https:\/\/elfsight.com\/it\/#website","url":"https:\/\/elfsight.com\/it\/","name":"Elfsight IT","description":"Just another Elfsight Sites site","potentialAction":[{"@type":"SearchAction","target":{"@type":"EntryPoint","urlTemplate":"https:\/\/elfsight.com\/it\/?s={search_term_string}"},"query-input":{"@type":"PropertyValueSpecification","valueRequired":true,"valueName":"search_term_string"}}],"inLanguage":"it-IT"}]}},"meta_box":{"industry":"","seo_heading":"","heading":"","description":"","cta_heading":"","cta_description":"","application":"2488","h1":"Applicazione pulsante PayPal Weebly","h1_caption":"Aggiungi un pulsante PayPal al tuo sito web per pagamenti facili e veloci direttamente tramite PayPal nel tuo sito Webnode senza sforzo.","application_category":[],"applications_title":"","applications_request_title":"","applications_request_button_text":"","hero_text":"","hero_video":"","hero_video_schema_markup":"","selling_points_title":"","selling_points_caption":"","selling_points":[],"selling_points_cta_text":"","features_title":"","features":"","ed_cta_examples_text":"","ed_cta_examples_hidden":"","ed_cta_demo_text":"","ed_cta_demo_hidden":"","why_caption":"","why_editor_title":"","why_editor_text":"","why_team_title":"","why_team_text":"","why_service_title":"","why_service_text":"","template_catalog_visible":"0","template_catalog_title":"","template_catalog_text":"","template_catalog_categories_visible":"","demo_title":"Crea la tua app per i pulsanti PayPal","demo_caption":"Configura il tuo pulsante PayPal e aggiungilo gratuitamente al tuo sito Weebly!","default_faq_hidden":"","app_template_category":[],"platform":"45","template_public_id":"","codecanyon_url":"","codecanyon_item_id":"","codecanyon_price":"","pricing_caption":"","pricing_elfsight_apps_hide_column":"","pricing_elfsight_apps_url":"","pricing_codecanyon_price_caption":"","integration_category":[],"integration_request_title":"","integration_request_cta":"","integration_platform":"","integrations":[],"platform_category":[],"video_schema_markup":"","price":"da $ 0 al mese","trial":"","benefits":[{"text":"Aiuto gratuito per l'installazione"},{"text":"Supporto premium"},{"text":"Garanzia di rimborso di 14 giorni"},{"text":"Aggiornamenti gratuiti regolari"}],"button_url":"#demo","button_target_blank":"0","button_nofollow":"0","attributes":[{"name":"Installazioni"},{"name":"Reattivo","content":"S\u00cc"},{"name":"Browser compatibili","content":"Firefox, Safari, Opera, Chrome, Edge"}],"tags":[],"tags_disable_links":"0","hide_more_platforms":"0","video_object":"","demo_hide_cta":"0","demo_hide_cloud_options":"0","pricing_title":"","pricing":[{"pricing_icon":"cloud","pricing_title":"Elfsight Apps","pricing_title_caption":"Versione multipiattaforma che funziona su qualsiasi sito web","pricing_price":"da $ 0 \/ mese","pricing_price_caption":"inizia con un piano gratuito","pricing_benefits":[{"text":"Siti web illimitati"},{"text":"Supporto gratuito e ben documentato"},{"text":"Supporto per l'installazione senza costi"},{"text":"Progettazione flessibile"}],"pricing_button_text":"Aggiungi al sito web","pricing_button_url":"#demo"}],"related_apps_title":"","related_apps_hidden":"0","author":"","image":[],"title":"","job":"","social_networks":[]},"_links":{"self":[{"href":"https:\/\/elfsight.com\/it\/wp-json\/wp\/v2\/pages\/5107","targetHints":{"allow":["GET"]}}],"collection":[{"href":"https:\/\/elfsight.com\/it\/wp-json\/wp\/v2\/pages"}],"about":[{"href":"https:\/\/elfsight.com\/it\/wp-json\/wp\/v2\/types\/page"}],"author":[{"embeddable":true,"href":"https:\/\/elfsight.com\/it\/wp-json\/wp\/v2\/users\/9"}],"replies":[{"embeddable":true,"href":"https:\/\/elfsight.com\/it\/wp-json\/wp\/v2\/comments?post=5107"}],"version-history":[{"count":3,"href":"https:\/\/elfsight.com\/it\/wp-json\/wp\/v2\/pages\/5107\/revisions"}],"predecessor-version":[{"id":9516,"href":"https:\/\/elfsight.com\/it\/wp-json\/wp\/v2\/pages\/5107\/revisions\/9516"}],"up":[{"embeddable":true,"href":"https:\/\/elfsight.com\/it\/wp-json\/wp\/v2\/pages\/1773"}],"wp:attachment":[{"href":"https:\/\/elfsight.com\/it\/wp-json\/wp\/v2\/media?parent=5107"}],"curies":[{"name":"wp","href":"https:\/\/api.w.org\/{rel}","templated":true}]}}