{"id":5101,"date":"1970-01-01T00:00:00","date_gmt":"1970-01-01T00:00:00","guid":{"rendered":"https:\/\/elfsight.com\/it\/?page_id=5101"},"modified":"2025-03-21T08:12:20","modified_gmt":"2025-03-21T08:12:20","slug":"wordpress","status":"publish","type":"page","link":"https:\/\/elfsight.com\/it\/paypal-button-widget-generator\/wordpress\/","title":{"rendered":"PayPal Button &#8211; WordPress"},"content":{"rendered":"\n<iframe width=\"720\" height=\"405\" src=\"https:\/\/www.youtube.com\/embed\/AqVDLoeIajA\" frameborder=\"0\" allowfullscreen=\"\"><\/iframe><div class=\"application-platform-content-item-description application-platform-content-item\" id=\"description\" data-nav-section=\"description\"><h2>Incorpora il pulsante PayPal su WordPress con il widget Elfsight<\/h2><p>Incorpora uno strumento di pagamento semplice e collaudato sul tuo sito web. Con il plug-in PayPal di Elfsight, puoi elaborare pagamenti singoli, abbonamenti ricorrenti e donazioni da parte dei clienti. Progetta il tuo pulsante personalizzato, scegliendo la tipologia di pagamento, la valuta, la localizzazione e trasformando l&#8217;aspetto per renderlo unico. La tua clientela potr\u00e0 usufruire di una procedura di pagamento rapida e pratica sul tuo sito web con l&#8217;aiuto del pulsante PayPal.<\/p><p><b>Sfrutta tutti i vantaggi di PayPal per i tuoi clienti e per te stesso!<\/b><\/p> <p><b>Uno strumento di pagamento efficace sul tuo sito web senza alcuna codifica in un attimo<\/b>.<br>Per gli acquirenti online, un modo pratico e sicuro per pagare significa molto. Costruisci il tuo pulsante per PayPal utilizzando Elfsight e installerai una procedura di pagamento affidabile e tempestiva per i tuoi clienti. Nessuna codifica, nessuna fatica.<\/p><p><b>Uno strumento universale per elaborare pagamenti, abbonamenti e donazioni<\/b>.<br>Consenti ai tuoi utenti di effettuare il pagamento, iscriversi e donare. Tutto questo \u00e8 disponibile in un&#8217;unica soluzione di Elfsight, che ti aiuta a risparmiare tempo e denaro.<\/p><p><b>Una delle varianti di pagamento pi\u00f9 affidabili e diffuse sul tuo sito web<\/b>.<br>Rendi il tuo sito web veramente confortevole per la tua clientela per attirare pi\u00f9 vendite. Consenti agli utenti di effettuare pagamenti tramite uno strumento popolare e affidabile sul tuo sito e mostra loro che ci si pu\u00f2 fidare della tua attivit\u00e0.<\/p><\/div><div class=\"application-platform-content-item-features application-platform-content-item\" id=\"features\" data-nav-section=\"features\"><h2>Caratteristiche principali del widget Pulsante PayPal<\/h2><p>Controlla le funzionalit\u00e0 che rendono il nostro widget uno dei migliori per il pagamento dei siti Web:<\/p><ul><li>Impostazione della localizzazione dei pulsanti dall&#8217;elenco predefinito di paesi;<\/li><li> Opzione per impostare il prezzo di spedizione;<\/li><li>Dimensioni reattive per un aspetto ottimale su qualsiasi dispositivo;<\/li><li>Scelta del colore del pulsante;<\/li><li>Mostra o nascondi il testo del logo PayPal.<\/li><\/ul><\/div><div class=\"application-platform-content-item-installazione application-platform-content-item\" id=\"installazione\" data-nav-section=\"installazione\"><h2>Come aggiungere il plug-in del pulsante PayPal al sito Web WordPress<\/h2><div class=\"video-container\"><iframe width=\"560\" height=\"315\" src=\"https:\/\/www.youtube.com\/embed\/AqVDLoeIajA?si=fDGzJLHVSdKP_iwa\" frameborder=\"0\" allow=\"accelerometer; autoplay; clipboard-write; encrypted-media; gyroscope; picture-in-picture; web-share\" allowfullscreen><\/iframe><\/div><p>Segui semplicemente i passaggi presentati di seguito per iniziare a lavorare con il plug-in su WordPress.<\/p> <ol><li><b>Lancia il nostro editor gratuito e inizia a dare forma al tuo strumento personalizzato. <\/b><br> Determina l&#8217;aspetto personalizzato e le caratteristiche del widget e salva le correzioni. <\/li> <li><b>Acquisisci il codice individuale che appare nella finestra delle App Elfsight. <\/b><br> Dopo aver configurato il plug-in del pulsante PayPal personale, copia il codice individuale nella casella visualizzata e conservalo per un ulteriore utilizzo. <\/li> <li><b>Avvia l&#8217;utilizzo dello strumento sul tuo sito Web WordPress. <\/b><br> Integra il codice copiato in precedenza nel tuo sito web e applica i miglioramenti. <\/li> <li><b>L&#8217;installazione \u00e8 completamente eseguita. <\/b><br> Vai al tuo sito web per dare un&#8217;occhiata a come funziona il widget. <\/li><\/ol><p>Non sei riuscito a creare o aggiungere il widget PayPal sul tuo sito web? Rivolgiti al nostro centro di supporto.<\/p><\/div><div class=\"faq\" data-component=\"FAQ\"><div class=\"faq-item\">\r\n\t\t\t\t\t<div class=\"faq-item-question\">\r\n\t\t\t\t\t\t<h3 class=\"faq-item-question-text\">Come posso incorporare un pulsante PayPal nel mio WordPress? <\/h3>\r\n\r\n\t\t\t\t\t\t<div class=\"faq-item-question-icon\"><\/div>\r\n\t\t\t\t\t<\/div>\r\n\r\n\t\t\t\t\t<div class=\"faq-item-answer\">\r\n\t\t\t\t\t\t<div class=\"faq-item-answer-text\"><p>La creazione di lo strumento si svolge all&#8217;interno del sito Web Elfsight e non \u00e8 necessario codificare. Applica la nostra demo attiva per personalizzare il tuo widget personale, acquisire il codice e implementarlo nel tuo sito. <\/p><\/div>\r\n\t\t\t\t\t<\/div>\r\n\t\t\t\t<\/div><div class=\"faq-item\">\r\n\t\t\t\t\t<div class=\"faq-item-question\">\r\n\t\t\t\t\t\t<h3 class=\"faq-item-question-text\">I migliori esempi di utilizzo dell'integrazione PayPal<\/h3>\r\n\r\n\t\t\t\t\t\t<div class=\"faq-item-question-icon\"><\/div>\r\n\t\t\t\t\t<\/div>\r\n\r\n\t\t\t\t\t<div class=\"faq-item-answer\">\r\n\t\t\t\t\t\t<div class=\"faq-item-answer-text\"><p>Ti garantiamo un&#8217;ampia gamma di opportunit\u00e0 di regolazione: widget su vasta scala da inserire nella zona dei contenuti , widget mobili per opportunit\u00e0 di scorrimento, layout per il pi\u00e8 di pagina del tuo sito web, sezione principale e tutte le varianti delle possibilit\u00e0 verticali per barre laterali e menu. <\/p><\/div>\r\n\t\t\t\t\t<\/div>\r\n\t\t\t\t<\/div><div class=\"faq-item\">\r\n\t\t\t\t\t<div class=\"faq-item-question\">\r\n\t\t\t\t\t\t<h3 class=\"faq-item-question-text\">Posso creare un pulsante PayPal per il pagamento o una donazione tramite l'agenzia del tuo editore? <\/h3>\r\n\r\n\t\t\t\t\t\t<div class=\"faq-item-question-icon\"><\/div>\r\n\t\t\t\t\t<\/div>\r\n\r\n\t\t\t\t\t<div class=\"faq-item-answer\">\r\n\t\t\t\t\t\t<div class=\"faq-item-answer-text\"><p>Sei libero di creare qualsiasi variazione del widget. Nell&#8217;editor \u00e8 disponibile un&#8217;ampia gamma di layout e tutti possono essere regolati rapidamente in base alle tue esigenze. <\/p><\/div>\r\n\t\t\t\t\t<\/div>\r\n\t\t\t\t<\/div><\/div>\n","protected":false},"excerpt":{"rendered":"","protected":false},"author":9,"featured_media":0,"parent":1773,"menu_order":0,"comment_status":"closed","ping_status":"closed","template":"templates\/template-application-platform.php","meta":{"publish_to_discourse":"","publish_post_category":"","wpdc_auto_publish_overridden":"","wpdc_topic_tags":"","wpdc_pin_topic":"","wpdc_pin_until":"","discourse_post_id":"","discourse_permalink":"","wpdc_publishing_response":"","wpdc_publishing_error":"","footnotes":""},"class_list":["post-5101","page","type-page","status-publish","hentry"],"yoast_head":"<!-- This site is optimized with the Yoast SEO plugin v25.3.1 - https:\/\/yoast.com\/wordpress\/plugins\/seo\/ -->\n<title>Pulsante PayPal WordPress: aggiungi il plug-in PayPal al sito Web WordPress<\/title>\n<meta name=\"description\" content=\"Crea il tuo plugin per il pulsante PayPal (donazione, abbonamento o pagamento) per WordPress. Aiuto con l&#039;installazione e altri bonus da Elfsight!\" \/>\n<meta name=\"robots\" content=\"index, follow, max-snippet:-1, max-image-preview:large, max-video-preview:-1\" \/>\n<link rel=\"canonical\" href=\"https:\/\/elfsight.com\/it\/paypal-button-widget-generator\/wordpress\/\" \/>\n<meta property=\"og:locale\" content=\"it_IT\" \/>\n<meta property=\"og:type\" content=\"article\" \/>\n<meta property=\"og:title\" content=\"Pulsante PayPal WordPress: aggiungi il plug-in PayPal al sito Web WordPress\" \/>\n<meta property=\"og:description\" content=\"Crea il tuo plugin per il pulsante PayPal (donazione, abbonamento o pagamento) per WordPress. Aiuto con l&#039;installazione e altri bonus da Elfsight!\" \/>\n<meta property=\"og:url\" content=\"https:\/\/elfsight.com\/it\/paypal-button-widget-generator\/wordpress\/\" \/>\n<meta property=\"og:site_name\" content=\"Elfsight IT\" \/>\n<meta property=\"article:modified_time\" content=\"2025-03-21T08:12:20+00:00\" \/>\n<meta name=\"twitter:card\" content=\"summary_large_image\" \/>\n<meta name=\"twitter:label1\" content=\"Tempo di lettura stimato\" \/>\n\t<meta name=\"twitter:data1\" content=\"4 minuti\" \/>\n<!-- \/ Yoast SEO plugin. -->","yoast_head_json":{"title":"Pulsante PayPal WordPress: aggiungi il plug-in PayPal al sito Web WordPress","description":"Crea il tuo plugin per il pulsante PayPal (donazione, abbonamento o pagamento) per WordPress. Aiuto con l'installazione e altri bonus da Elfsight!","robots":{"index":"index","follow":"follow","max-snippet":"max-snippet:-1","max-image-preview":"max-image-preview:large","max-video-preview":"max-video-preview:-1"},"canonical":"https:\/\/elfsight.com\/it\/paypal-button-widget-generator\/wordpress\/","og_locale":"it_IT","og_type":"article","og_title":"Pulsante PayPal WordPress: aggiungi il plug-in PayPal al sito Web WordPress","og_description":"Crea il tuo plugin per il pulsante PayPal (donazione, abbonamento o pagamento) per WordPress. Aiuto con l'installazione e altri bonus da Elfsight!","og_url":"https:\/\/elfsight.com\/it\/paypal-button-widget-generator\/wordpress\/","og_site_name":"Elfsight IT","article_modified_time":"2025-03-21T08:12:20+00:00","twitter_card":"summary_large_image","twitter_misc":{"Tempo di lettura stimato":"4 minuti"},"schema":{"@context":"https:\/\/schema.org","@graph":[{"@type":"WebPage","@id":"https:\/\/elfsight.com\/it\/paypal-button-widget-generator\/wordpress\/","url":"https:\/\/elfsight.com\/it\/paypal-button-widget-generator\/wordpress\/","name":"Pulsante PayPal WordPress: aggiungi il plug-in PayPal al sito Web WordPress","isPartOf":{"@id":"https:\/\/elfsight.com\/it\/#website"},"datePublished":"1970-01-01T00:00:00+00:00","dateModified":"2025-03-21T08:12:20+00:00","description":"Crea il tuo plugin per il pulsante PayPal (donazione, abbonamento o pagamento) per WordPress. Aiuto con l'installazione e altri bonus da Elfsight!","breadcrumb":{"@id":"https:\/\/elfsight.com\/it\/paypal-button-widget-generator\/wordpress\/#breadcrumb"},"inLanguage":"it-IT","potentialAction":[{"@type":"ReadAction","target":["https:\/\/elfsight.com\/it\/paypal-button-widget-generator\/wordpress\/"]}]},{"@type":"BreadcrumbList","@id":"https:\/\/elfsight.com\/it\/paypal-button-widget-generator\/wordpress\/#breadcrumb","itemListElement":[{"@type":"ListItem","position":1,"name":"Home","item":"https:\/\/elfsight.com\/it\/"},{"@type":"ListItem","position":2,"name":"PayPal Button","item":"https:\/\/elfsight.com\/it\/paypal-button-widget-generator\/"},{"@type":"ListItem","position":3,"name":"PayPal Button &#8211; WordPress"}]},{"@type":"WebSite","@id":"https:\/\/elfsight.com\/it\/#website","url":"https:\/\/elfsight.com\/it\/","name":"Elfsight IT","description":"Just another Elfsight Sites site","potentialAction":[{"@type":"SearchAction","target":{"@type":"EntryPoint","urlTemplate":"https:\/\/elfsight.com\/it\/?s={search_term_string}"},"query-input":{"@type":"PropertyValueSpecification","valueRequired":true,"valueName":"search_term_string"}}],"inLanguage":"it-IT"}]}},"meta_box":{"industry":"","seo_heading":"","heading":"","description":"","cta_heading":"","cta_description":"","application":"2488","h1":"Plug-in pulsante PayPal per WordPress","h1_caption":"Introduci uno dei metodi di pagamento pi\u00f9 affidabili sul tuo sito web","application_category":[],"applications_title":"","applications_request_title":"","applications_request_button_text":"","hero_text":"","hero_video":"","hero_video_schema_markup":"","selling_points_title":"","selling_points_caption":"","selling_points":[],"selling_points_cta_text":"","features_title":"","features":"","ed_cta_examples_text":"","ed_cta_examples_hidden":"","ed_cta_demo_text":"","ed_cta_demo_hidden":"","why_caption":"","why_editor_title":"","why_editor_text":"","why_team_title":"","why_team_text":"","why_service_title":"","why_service_text":"","template_catalog_visible":"0","template_catalog_title":"","template_catalog_text":"","template_catalog_categories_visible":"","demo_title":"Crea il tuo plugin per il pulsante PayPal","demo_caption":"Configura il tuo pulsante PayPal e aggiungilo gratuitamente al tuo sito WordPress!","default_faq_hidden":"","app_template_category":[],"platform":"28","template_public_id":"","codecanyon_url":"","codecanyon_item_id":"","codecanyon_price":"","pricing_caption":"","pricing_elfsight_apps_hide_column":"","pricing_elfsight_apps_url":"","pricing_codecanyon_price_caption":"","integration_category":[],"integration_request_title":"","integration_request_cta":"","integration_platform":"","integrations":[],"platform_category":[],"video_schema_markup":"","price":"da $ 0 al mese","trial":"","benefits":[{"text":"Servizio di installazione gratuito"},{"text":"Assistenza clienti con esperienza"},{"text":"Garanzia di rimborso di 14 giorni"},{"text":"Sviluppo continuo"}],"button_url":"#demo","button_target_blank":"0","button_nofollow":"0","attributes":[{"name":"Installazioni"},{"name":"Reattivo","content":"S\u00cc"},{"name":"Browser compatibili","content":"Safari, Opera, Edge, Firefox, Chrome"}],"tags":[],"tags_disable_links":"0","hide_more_platforms":"0","video_object":"","demo_hide_cta":"0","demo_hide_cloud_options":"0","pricing_title":"","pricing":[{"pricing_icon":"platform","pricing_title":"Elfsight Apps","pricing_title_caption":"Software indipendente dalla piattaforma che funziona su qualsiasi sito web","pricing_price":"da $ 0 \/ mese","pricing_price_caption":"inizia con il piano gratuito","pricing_benefits":[{"text":"Siti web illimitati"},{"text":"Supporto aziendale professionale"},{"text":"Supporto gratuito per l'installazione"},{"text":"Offerta a tempo limitato per pi\u00f9 app"}],"pricing_button_text":"Aggiungi al sito web","pricing_button_url":"#demo"}],"related_apps_title":"","related_apps_hidden":"0","author":"","image":[],"title":"","job":"","social_networks":[]},"_links":{"self":[{"href":"https:\/\/elfsight.com\/it\/wp-json\/wp\/v2\/pages\/5101","targetHints":{"allow":["GET"]}}],"collection":[{"href":"https:\/\/elfsight.com\/it\/wp-json\/wp\/v2\/pages"}],"about":[{"href":"https:\/\/elfsight.com\/it\/wp-json\/wp\/v2\/types\/page"}],"author":[{"embeddable":true,"href":"https:\/\/elfsight.com\/it\/wp-json\/wp\/v2\/users\/9"}],"replies":[{"embeddable":true,"href":"https:\/\/elfsight.com\/it\/wp-json\/wp\/v2\/comments?post=5101"}],"version-history":[{"count":4,"href":"https:\/\/elfsight.com\/it\/wp-json\/wp\/v2\/pages\/5101\/revisions"}],"predecessor-version":[{"id":9520,"href":"https:\/\/elfsight.com\/it\/wp-json\/wp\/v2\/pages\/5101\/revisions\/9520"}],"up":[{"embeddable":true,"href":"https:\/\/elfsight.com\/it\/wp-json\/wp\/v2\/pages\/1773"}],"wp:attachment":[{"href":"https:\/\/elfsight.com\/it\/wp-json\/wp\/v2\/media?parent=5101"}],"curies":[{"name":"wp","href":"https:\/\/api.w.org\/{rel}","templated":true}]}}