{"id":5099,"date":"1970-01-01T00:00:00","date_gmt":"1970-01-01T00:00:00","guid":{"rendered":"https:\/\/elfsight.com\/it\/?page_id=5099"},"modified":"2025-03-21T07:56:28","modified_gmt":"2025-03-21T07:56:28","slug":"elementor","status":"publish","type":"page","link":"https:\/\/elfsight.com\/it\/paypal-button-widget-generator\/elementor\/","title":{"rendered":"PayPal Button &#8211; Elementor"},"content":{"rendered":"\n<div class=\"application-platform-content-item-description application-platform-content-item\" id=\"description\" data-nav-section=\"description\"> <h2>Incorpora il pulsante PayPal su Elementor con il widget Elfsight<\/h2> <p>Organizza un pagamento affidabile e pratico sul tuo sito web senza troppi sforzi. Con il pulsante PayPal di Elfsight puoi accettare pagamenti, abbonamenti ricorrenti e donazioni dai tuoi clienti con facilit\u00e0 e sicurezza. Crea il tuo pulsante personalizzato, scegliendo la variante di pagamento, la valuta, la localizzazione e scegliendo il look per renderlo davvero unico. La tua clientela apprezzer\u00e0 il pagamento rapido e comodo sul tuo sito web tramite il pulsante PayPal.<\/p> <p><b>Introduci i pagamenti PayPal nel tuo sito web senza troppi sforzi!<\/b><\/p> <p><b>A popolare sistema di pagamento ora sul tuo sito web. Veloce, facile, senza codifica.<\/b><br>Gli acquirenti apprezzano la possibilit\u00e0 di pagare in modo sicuro su un sito web. Imposta il tuo pulsante PayPal con Elfsight e avrai uno strumento di pagamento semplice e veloce per i tuoi acquirenti. Nessuna codifica, nessuna fatica.<\/p> <p><b>Un unico strumento per elaborare pagamenti, abbonamenti e donazioni.<\/b><br>Avendo un solo widget di Elfsight, puoi aggiungere pulsanti per consentire ai clienti di pagare , iscriviti e dona sul tuo sito. Risparmia tempo e denaro utilizzando una soluzione multiuso, che ti offre una serie di varianti pratiche.<\/p> <p><b>Uno dei sistemi di pagamento pi\u00f9 sicuri e conosciuti sul tuo sito.<\/b><br>Non perdere l&#8217;occasione di integrare il tuo sito con uno degli strumenti di pagamento pi\u00f9 sicuri e affidabili. Con il pulsante PayPal Elfsight, ci\u00f2 avverr\u00e0 in pochi secondi e offrir\u00e0 il massimo comfort ai tuoi utenti.<\/p> <\/div><div class=\"application-platform-content-item-features application-platform-content-item\" id=\"features\" data-nav-section=\"features\"> <h2>Caratteristiche principali del widget del pulsante PayPal<\/h2> <p>Esplora le funzionalit\u00e0 che rendono il nostro widget il migliore per i pagamenti sul sito web:<\/p> <ul><li>Opzione per aggiungere il nome del prodotto;<\/li><li>Scegli uno degli intervalli di fatturazione: giornaliero, settimanale, mensile , annuale;<\/li><li>Dimensioni responsive per un aspetto ottimale su qualsiasi dispositivo;<\/li><li>Scelta del colore del pulsante;<\/li><li>Opzione per indirizzare un cliente a una pagina di ringraziamento personalizzata dopo una transazione andata a buon fine.<\/li><\/ul> <p><a href=\"#demo\">Leggi tutto<\/a><\/p><\/div><div class=\"application-platform-content-item-installation application-platform-content-item\" id=\"installation\" data-nav-section=\"installation\"><h2> Come aggiungere il pulsante PayPal al sito web di Elementor<\/h2><div class=\"video-container\"><iframe width=\"560\" height=\"315\" src=\"https:\/\/www.youtube.com\/embed\/w-Iao9d-pIM?si=dUUS3m1xeX3gK4Ax\" frameborder=\"0\" allow=\"accelerometer; autoplay; clipboard-write; encrypted-media; gyroscope; picture-in-picture; web-share\" allowfullscreen><\/iframe><\/div><p>Il tempo approssimativo di implementazione \u00e8 di soli 70 secondi e un bel vantaggio \u00e8 che non sono necessarie competenze di programmazione.<\/p><ol><li><b>Genera il tuo pulsante PayPal personalizzato<\/b><br> Utilizzando il nostro editor gratuito, assembla un plugin con l&#8217;aspetto desiderato e il parametro di cui hai bisogno per il tuo negozio.<\/li><li><b>Ottieni il codice univoco per mostrare il plug-in<\/b><br> Dopo l&#8217;impostazione del widget, ottieni un codice per il plug-in PayPal dalla finestra visualizzata su Elfsight Apps.<\/li><li><b>Visualizza il plugin sul sito Elementor<\/b><br> Incorpora il plugin nella pagina o nella parte del modello selezionata e salva le modifiche.<\/li><li><b>La configurazione \u00e8 completata<\/b><br> Vai al tuo sito , per controllare il tuo plugin.<\/li><\/ol><p>Se ci sono domande o problemi con il plugin, non mollare! Contatta il nostro centro assistenza. Invia una spiegazione dettagliata della tua domanda e il nostro team sar\u00e0 felice di aiutarti. <\/p><\/div><div class=\"faq\" data-component=\"FAQ\"><div class=\"faq-item\">\r\n\t\t\t\t\t<div class=\"faq-item-question\">\r\n\t\t\t\t\t\t<h3 class=\"faq-item-question-text\">Come posso incorporare un pulsante PayPal nel sito Web Elementor? <\/h3>\r\n\r\n\t\t\t\t\t\t<div class=\"faq-item-question-icon\"><\/div>\r\n\t\t\t\t\t<\/div>\r\n\r\n\t\t\t\t\t<div class=\"faq-item-answer\">\r\n\t\t\t\t\t\t<div class=\"faq-item-answer-text\"><p>La creazione dello strumento viene eseguita all&#8217;interno del sito Elfsight e non \u00e8 necessario scrivere codice. Utilizza la demo live per modificare la tua app, acquisire il codice e incorporarlo nel tuo sito web. <\/p><\/div>\r\n\t\t\t\t\t<\/div>\r\n\t\t\t\t<\/div><div class=\"faq-item\">\r\n\t\t\t\t\t<div class=\"faq-item-question\">\r\n\t\t\t\t\t\t<h3 class=\"faq-item-question-text\">I migliori esempi di utilizzo dell'integrazione dei widget PayPal<\/h3>\r\n\r\n\t\t\t\t\t\t<div class=\"faq-item-question-icon\"><\/div>\r\n\t\t\t\t\t<\/div>\r\n\r\n\t\t\t\t\t<div class=\"faq-item-answer\">\r\n\t\t\t\t\t\t<div class=\"faq-item-answer-text\"><p>Ti forniremo tantissime opzioni di personalizzazione: widget su vasta scala da implementare nel zona dei contenuti, widget mobili con opportunit\u00e0 di scorrimento, miniature per il pi\u00e8 di pagina del tuo sito web, sezione principale e tutti i tipi di possibilit\u00e0 verticali per le barre laterali e i menu del sito web. <\/p><\/div>\r\n\t\t\t\t\t<\/div>\r\n\t\t\t\t<\/div><div class=\"faq-item\">\r\n\t\t\t\t\t<div class=\"faq-item-question\">\r\n\t\t\t\t\t\t<h3 class=\"faq-item-question-text\">Posso creare un pulsante PayPal per una donazione o un pagamento tramite il tuo editor? <\/h3>\r\n\r\n\t\t\t\t\t\t<div class=\"faq-item-question-icon\"><\/div>\r\n\t\t\t\t\t<\/div>\r\n\r\n\t\t\t\t\t<div class=\"faq-item-answer\">\r\n\t\t\t\t\t\t<div class=\"faq-item-answer-text\"><p>Puoi creare qualsiasi modifica del widget. Ci sono molti layout applicabili nell&#8217;editor e tutti possono essere facilmente personalizzati secondo le tue esigenze. <\/p><\/div>\r\n\t\t\t\t\t<\/div>\r\n\t\t\t\t<\/div><\/div>\n","protected":false},"excerpt":{"rendered":"","protected":false},"author":9,"featured_media":0,"parent":1773,"menu_order":0,"comment_status":"closed","ping_status":"closed","template":"templates\/template-application-platform.php","meta":{"publish_to_discourse":"","publish_post_category":"","wpdc_auto_publish_overridden":"","wpdc_topic_tags":"","wpdc_pin_topic":"","wpdc_pin_until":"","discourse_post_id":"","discourse_permalink":"","wpdc_publishing_response":"","wpdc_publishing_error":"","footnotes":""},"class_list":["post-5099","page","type-page","status-publish","hentry"],"yoast_head":"<!-- This site is optimized with the Yoast SEO plugin v25.3.1 - https:\/\/yoast.com\/wordpress\/plugins\/seo\/ -->\n<title>Widget pulsante PayPal per il sito Web Elementor (2025)<\/title>\n<meta name=\"description\" content=\"Ottieni un widget del pulsante PayPal personalizzato per il sito Web Elementor. Ci vogliono solo 2 minuti per creare un plugin nel nostro pratico pannello dei plugin.\" \/>\n<meta name=\"robots\" content=\"index, follow, max-snippet:-1, max-image-preview:large, max-video-preview:-1\" \/>\n<link rel=\"canonical\" href=\"https:\/\/elfsight.com\/it\/paypal-button-widget-generator\/elementor\/\" \/>\n<meta property=\"og:locale\" content=\"it_IT\" \/>\n<meta property=\"og:type\" content=\"article\" \/>\n<meta property=\"og:title\" content=\"Widget pulsante PayPal per il sito Web Elementor (2025)\" \/>\n<meta property=\"og:description\" content=\"Ottieni un widget del pulsante PayPal personalizzato per il sito Web Elementor. Ci vogliono solo 2 minuti per creare un plugin nel nostro pratico pannello dei plugin.\" \/>\n<meta property=\"og:url\" content=\"https:\/\/elfsight.com\/it\/paypal-button-widget-generator\/elementor\/\" \/>\n<meta property=\"og:site_name\" content=\"Elfsight IT\" \/>\n<meta property=\"article:modified_time\" content=\"2025-03-21T07:56:28+00:00\" \/>\n<meta name=\"twitter:card\" content=\"summary_large_image\" \/>\n<meta name=\"twitter:label1\" content=\"Tempo di lettura stimato\" \/>\n\t<meta name=\"twitter:data1\" content=\"4 minuti\" \/>\n<!-- \/ Yoast SEO plugin. -->","yoast_head_json":{"title":"Widget pulsante PayPal per il sito Web Elementor (2025)","description":"Ottieni un widget del pulsante PayPal personalizzato per il sito Web Elementor. Ci vogliono solo 2 minuti per creare un plugin nel nostro pratico pannello dei plugin.","robots":{"index":"index","follow":"follow","max-snippet":"max-snippet:-1","max-image-preview":"max-image-preview:large","max-video-preview":"max-video-preview:-1"},"canonical":"https:\/\/elfsight.com\/it\/paypal-button-widget-generator\/elementor\/","og_locale":"it_IT","og_type":"article","og_title":"Widget pulsante PayPal per il sito Web Elementor (2025)","og_description":"Ottieni un widget del pulsante PayPal personalizzato per il sito Web Elementor. Ci vogliono solo 2 minuti per creare un plugin nel nostro pratico pannello dei plugin.","og_url":"https:\/\/elfsight.com\/it\/paypal-button-widget-generator\/elementor\/","og_site_name":"Elfsight IT","article_modified_time":"2025-03-21T07:56:28+00:00","twitter_card":"summary_large_image","twitter_misc":{"Tempo di lettura stimato":"4 minuti"},"schema":{"@context":"https:\/\/schema.org","@graph":[{"@type":"WebPage","@id":"https:\/\/elfsight.com\/it\/paypal-button-widget-generator\/elementor\/","url":"https:\/\/elfsight.com\/it\/paypal-button-widget-generator\/elementor\/","name":"Widget pulsante PayPal per il sito Web Elementor (2025)","isPartOf":{"@id":"https:\/\/elfsight.com\/it\/#website"},"datePublished":"1970-01-01T00:00:00+00:00","dateModified":"2025-03-21T07:56:28+00:00","description":"Ottieni un widget del pulsante PayPal personalizzato per il sito Web Elementor. Ci vogliono solo 2 minuti per creare un plugin nel nostro pratico pannello dei plugin.","breadcrumb":{"@id":"https:\/\/elfsight.com\/it\/paypal-button-widget-generator\/elementor\/#breadcrumb"},"inLanguage":"it-IT","potentialAction":[{"@type":"ReadAction","target":["https:\/\/elfsight.com\/it\/paypal-button-widget-generator\/elementor\/"]}]},{"@type":"BreadcrumbList","@id":"https:\/\/elfsight.com\/it\/paypal-button-widget-generator\/elementor\/#breadcrumb","itemListElement":[{"@type":"ListItem","position":1,"name":"Home","item":"https:\/\/elfsight.com\/it\/"},{"@type":"ListItem","position":2,"name":"PayPal Button","item":"https:\/\/elfsight.com\/it\/paypal-button-widget-generator\/"},{"@type":"ListItem","position":3,"name":"PayPal Button &#8211; Elementor"}]},{"@type":"WebSite","@id":"https:\/\/elfsight.com\/it\/#website","url":"https:\/\/elfsight.com\/it\/","name":"Elfsight IT","description":"Just another Elfsight Sites site","potentialAction":[{"@type":"SearchAction","target":{"@type":"EntryPoint","urlTemplate":"https:\/\/elfsight.com\/it\/?s={search_term_string}"},"query-input":{"@type":"PropertyValueSpecification","valueRequired":true,"valueName":"search_term_string"}}],"inLanguage":"it-IT"}]}},"meta_box":{"industry":"","seo_heading":"","heading":"","description":"","cta_heading":"","cta_description":"","application":"2488","h1":"Pulsante PayPal di Elementor","h1_caption":"Aggiungi un pulsante PayPal al tuo sito web per pagamenti facili e veloci direttamente tramite PayPal nel tuo sito Drupal senza sforzo.","application_category":[],"applications_title":"","applications_request_title":"","applications_request_button_text":"","hero_text":"","hero_video":"","hero_video_schema_markup":"","selling_points_title":"","selling_points_caption":"","selling_points":[],"selling_points_cta_text":"","features_title":"","features":"","ed_cta_examples_text":"","ed_cta_examples_hidden":"","ed_cta_demo_text":"","ed_cta_demo_hidden":"","why_caption":"","why_editor_title":"","why_editor_text":"","why_team_title":"","why_team_text":"","why_service_title":"","why_service_text":"","template_catalog_visible":"0","template_catalog_title":"","template_catalog_text":"","template_catalog_categories_visible":"","demo_title":"Crea il tuo widget Pulsante PayPal","demo_caption":"Configura il tuo pulsante PayPal e aggiungilo gratuitamente al tuo sito web Elementor!","default_faq_hidden":"","app_template_category":[],"platform":"68","template_public_id":"","codecanyon_url":"","codecanyon_item_id":"","codecanyon_price":"","pricing_caption":"","pricing_elfsight_apps_hide_column":"","pricing_elfsight_apps_url":"","pricing_codecanyon_price_caption":"","integration_category":[],"integration_request_title":"","integration_request_cta":"","integration_platform":"","integrations":[],"platform_category":[],"video_schema_markup":"","price":"da $ 0 al mese","trial":"","benefits":[{"text":"Servizio di installazione gratuito"},{"text":"Supporto premium"},{"text":"Garanzia di rimborso di 14 giorni"},{"text":"Aggiornamenti gratuiti a vita"}],"button_url":"#demo","button_target_blank":"0","button_nofollow":"0","attributes":[{"name":"Installazioni"},{"name":"Reattivo","content":"S\u00cc"},{"name":"Browser compatibili","content":"Firefox, Safari, Opera, Chrome, Edge"}],"tags":[],"tags_disable_links":"0","hide_more_platforms":"0","video_object":"","demo_hide_cta":"0","demo_hide_cloud_options":"0","pricing_title":"","pricing":[{"pricing_icon":"platform","pricing_title":"Elfsight Apps","pricing_title_caption":"Versione multipiattaforma","pricing_price":"da $ 0 \/ mese","pricing_price_caption":"inizia con il piano gratuito","pricing_benefits":[{"text":"Siti web illimitati"},{"text":"Supporto aziendale dedicato"},{"text":"Assistenza gratuita per l'installazione"},{"text":"Ottimo affare per pi\u00f9 app"}],"pricing_button_text":"Aggiungi al sito web","pricing_button_url":"#demo"}],"related_apps_title":"","related_apps_hidden":"0","author":"","image":[],"title":"","job":"","social_networks":[]},"_links":{"self":[{"href":"https:\/\/elfsight.com\/it\/wp-json\/wp\/v2\/pages\/5099","targetHints":{"allow":["GET"]}}],"collection":[{"href":"https:\/\/elfsight.com\/it\/wp-json\/wp\/v2\/pages"}],"about":[{"href":"https:\/\/elfsight.com\/it\/wp-json\/wp\/v2\/types\/page"}],"author":[{"embeddable":true,"href":"https:\/\/elfsight.com\/it\/wp-json\/wp\/v2\/users\/9"}],"replies":[{"embeddable":true,"href":"https:\/\/elfsight.com\/it\/wp-json\/wp\/v2\/comments?post=5099"}],"version-history":[{"count":3,"href":"https:\/\/elfsight.com\/it\/wp-json\/wp\/v2\/pages\/5099\/revisions"}],"predecessor-version":[{"id":9505,"href":"https:\/\/elfsight.com\/it\/wp-json\/wp\/v2\/pages\/5099\/revisions\/9505"}],"up":[{"embeddable":true,"href":"https:\/\/elfsight.com\/it\/wp-json\/wp\/v2\/pages\/1773"}],"wp:attachment":[{"href":"https:\/\/elfsight.com\/it\/wp-json\/wp\/v2\/media?parent=5099"}],"curies":[{"name":"wp","href":"https:\/\/api.w.org\/{rel}","templated":true}]}}