{"id":5077,"date":"2024-05-03T06:41:33","date_gmt":"2024-05-03T06:41:33","guid":{"rendered":"https:\/\/elfsight.com\/it\/?page_id=5077"},"modified":"2025-03-21T15:28:28","modified_gmt":"2025-03-21T15:28:28","slug":"bigcommerce","status":"publish","type":"page","link":"https:\/\/elfsight.com\/it\/number-counter-widget\/bigcommerce\/","title":{"rendered":"Number Counter &#8211; BigCommerce"},"content":{"rendered":"\n<div class=\"application-platform-content-item-description application-platform-content-item\" id=\"description\" data-nav-section=\"description\"> <h2>Descrizione<\/h2> <p>Elfsight Number Counter \u00e8 una comoda app per BigCommerce con molte funzionalit\u00e0 tra cui scegliere. \u00c8 un ottimo strumento per essere orgoglioso dei tuoi notevoli indici aziendali, della quantit\u00e0 di lavori che hai svolto e non \u00e8 tutto. L&#8217;app \u00e8 eccezionalmente flessibile. Sentiti libero di creare un numero illimitato di contatori, disporli in colonne, scegliere icone dalla nostra collezione o caricare le tue personalizzate, renderli multicolori o in tinta unita, allegare titoli per fornire al tuo pubblico informazioni facilmente comprensibili, ridipingere qualsiasi elemento, scegliere l&#8217;immagine di sfondo, e non \u00e8 tutto. Inizia subito a creare la tua funzionalit\u00e0 e vedrai crescere rapidamente le statistiche principali della tua attivit\u00e0! <\/p> <p><b>Mostra i tuoi straordinari risultati ai tuoi futuri clienti. Aumenta la quantit\u00e0 di vendite e lead di successo! <\/b><\/p> <\/div> <div class=\"application-platform-content-item-features application-platform-content-item\" id=\"features\" data-nav-section=\"features\"> <h2>Le funzionalit\u00e0 di base del widget includono<\/h2> <ul><li>Qualsiasi numero di contatori. <\/li><li>Qualsiasi numero di colonne. <\/li><li>Aggiungi didascalie, titoli, prefissi e postfissi. <\/li><li>Decidi il tipo di icona: prendila dalla nostra libreria o carica la tua. <\/li><li>Allega i link. <\/li><\/ul><p><a href=\"#demo\">Prova questa demo per vedere quanto vale il widget<\/a><\/p> <\/div> <div class=\"application-platform-content-item-installation application-platform-content-item\" id=\"installation\" data-nav-section=\"installation\"> <h2>Come posso aggiungere Number Counter al mio sito BigCommerce? <\/h2><div class=\"video-container\"><iframe width=\"560\" height=\"315\" src=\"https:\/\/www.youtube.com\/embed\/JMH0nrsms1k?si=iUg2YP7R2prSTnZv\" frameborder=\"0\" allow=\"accelerometer; autoplay; clipboard-write; encrypted-media; gyroscope; picture-in-picture; web-share\" allowfullscreen><\/iframe><\/div><p>Basta seguire le linee guida riportate di seguito per attivare l&#8217;app. <\/p> <ol><li><b>Esegui il nostro configuratore gratuito e inizia a creare il tuo bancone personalizzato. <\/b><br> Specifica la forma e gli aspetti preferiti del widget e salva tutte le modifiche. <\/li> <li><b>Ricevi il codice individuale rivelato nella casella sulle app Elfsight. <\/b><br> Una volta completata la configurazione del widget, copia il codice nella finestra visualizzata e salvalo per un uso futuro. <\/li> <li><b>Avvia l&#8217;utilizzo del widget sulla pagina web di BigCommerce. <\/b><br> Aggiungi il codice che hai salvato in precedenza nel tuo sito e applica le modifiche. <\/li> <li><b>Il gioco \u00e8 fatto! La configurazione \u00e8 completamente eseguita. <\/b><br> Vai sul tuo sito per esaminare il funzionamento del widget. <\/li><\/ol><p>Se riscontri domande o incontri qualche difficolt\u00e0, non esitare a metterti in contatto con il nostro personale del servizio clienti. I nostri specialisti non vedono l&#8217;ora di aiutarti con tutti i problemi che potresti riscontrare con lo strumento. <\/p> <div class=\"faq\" data-component=\"FAQ\"><div class=\"faq-item\">\r\n\t\t\t\t\t<div class=\"faq-item-question\">\r\n\t\t\t\t\t\t<h3 class=\"faq-item-question-text\">In che modo posso aggiungere Number Counter alla mia home page di BigCommerce senza conoscenze di programmazione?<\/h3>\r\n\r\n\t\t\t\t\t\t<div class=\"faq-item-question-icon\"><\/div>\r\n\t\t\t\t\t<\/div>\r\n\r\n\t\t\t\t\t<div class=\"faq-item-answer\">\r\n\t\t\t\t\t\t<div class=\"faq-item-answer-text\"> <p>La societ\u00e0 Elfsight presenta una soluzione cloud che consente a un vasto pubblico di creare una sezione Number Counter tu stesso, osserva i semplici passaggi: vai all&#8217;editor live per creare un plug-in Number Counter che desideri incorporare nel sito Web di BigCommerce. Seleziona uno dei nostri modelli predefiniti e adatta le impostazioni del contatore dei numeri, aggiorna i tuoi contenuti, cambia il layout e i colori senza conoscere la codifica. Fai clic per salvare le impostazioni effettuate su Number Counter e ottieni il codice di installazione, che pu\u00f2 essere semplicemente aggiunto gratuitamente nella home page di BigCommerce. Con l&#8217;aiuto dell&#8217;editor facile da usare, qualsiasi utente di Internet pu\u00f2 creare un widget Contatore di numeri e aggiungerlo facilmente al proprio sito BigCommerce. Non \u00e8 necessario sottoscrivere un abbonamento a pagamento o inviare le credenziali della carta per accedere al servizio Elfsight. Se incontri ostacoli di qualsiasi tipo, non esitare a contattare la nostra assistenza clienti.<\/p> <\/div>\r\n\t\t\t\t\t<\/div>\r\n\t\t\t\t<\/div> <\/div><\/div>\n","protected":false},"excerpt":{"rendered":"","protected":false},"author":9,"featured_media":0,"parent":1862,"menu_order":0,"comment_status":"closed","ping_status":"closed","template":"templates\/template-application-platform.php","meta":{"publish_to_discourse":"","publish_post_category":"","wpdc_auto_publish_overridden":"","wpdc_topic_tags":"","wpdc_pin_topic":"","wpdc_pin_until":"","discourse_post_id":"","discourse_permalink":"","wpdc_publishing_response":"","wpdc_publishing_error":"","footnotes":""},"class_list":["post-5077","page","type-page","status-publish","hentry"],"yoast_head":"<!-- This site is optimized with the Yoast SEO plugin v25.3.1 - https:\/\/yoast.com\/wordpress\/plugins\/seo\/ -->\n<title>Crea un contatore di numeri per il tuo sito web BigCommerce con le app Elfsight<\/title>\n<meta name=\"description\" content=\"Integra un contatore di numeri sul tuo sito web BigCommerce, utilizzando la nostra pratica demo. Genera la tua app unica in solo un paio di clic!\" \/>\n<meta name=\"robots\" content=\"index, follow, max-snippet:-1, max-image-preview:large, max-video-preview:-1\" \/>\n<link rel=\"canonical\" href=\"https:\/\/elfsight.com\/it\/number-counter-widget\/bigcommerce\/\" \/>\n<meta property=\"og:locale\" content=\"it_IT\" \/>\n<meta property=\"og:type\" content=\"article\" \/>\n<meta property=\"og:title\" content=\"Crea un contatore di numeri per il tuo sito web BigCommerce con le app Elfsight\" \/>\n<meta property=\"og:description\" content=\"Integra un contatore di numeri sul tuo sito web BigCommerce, utilizzando la nostra pratica demo. Genera la tua app unica in solo un paio di clic!\" \/>\n<meta property=\"og:url\" content=\"https:\/\/elfsight.com\/it\/number-counter-widget\/bigcommerce\/\" \/>\n<meta property=\"og:site_name\" content=\"Elfsight IT\" \/>\n<meta property=\"article:modified_time\" content=\"2025-03-21T15:28:28+00:00\" \/>\n<meta name=\"twitter:card\" content=\"summary_large_image\" \/>\n<meta name=\"twitter:label1\" content=\"Tempo di lettura stimato\" \/>\n\t<meta name=\"twitter:data1\" content=\"3 minuti\" \/>\n<!-- \/ Yoast SEO plugin. -->","yoast_head_json":{"title":"Crea un contatore di numeri per il tuo sito web BigCommerce con le app Elfsight","description":"Integra un contatore di numeri sul tuo sito web BigCommerce, utilizzando la nostra pratica demo. Genera la tua app unica in solo un paio di clic!","robots":{"index":"index","follow":"follow","max-snippet":"max-snippet:-1","max-image-preview":"max-image-preview:large","max-video-preview":"max-video-preview:-1"},"canonical":"https:\/\/elfsight.com\/it\/number-counter-widget\/bigcommerce\/","og_locale":"it_IT","og_type":"article","og_title":"Crea un contatore di numeri per il tuo sito web BigCommerce con le app Elfsight","og_description":"Integra un contatore di numeri sul tuo sito web BigCommerce, utilizzando la nostra pratica demo. Genera la tua app unica in solo un paio di clic!","og_url":"https:\/\/elfsight.com\/it\/number-counter-widget\/bigcommerce\/","og_site_name":"Elfsight IT","article_modified_time":"2025-03-21T15:28:28+00:00","twitter_card":"summary_large_image","twitter_misc":{"Tempo di lettura stimato":"3 minuti"},"schema":{"@context":"https:\/\/schema.org","@graph":[{"@type":"WebPage","@id":"https:\/\/elfsight.com\/it\/number-counter-widget\/bigcommerce\/","url":"https:\/\/elfsight.com\/it\/number-counter-widget\/bigcommerce\/","name":"Crea un contatore di numeri per il tuo sito web BigCommerce con le app Elfsight","isPartOf":{"@id":"https:\/\/elfsight.com\/it\/#website"},"datePublished":"2024-05-03T06:41:33+00:00","dateModified":"2025-03-21T15:28:28+00:00","description":"Integra un contatore di numeri sul tuo sito web BigCommerce, utilizzando la nostra pratica demo. Genera la tua app unica in solo un paio di clic!","breadcrumb":{"@id":"https:\/\/elfsight.com\/it\/number-counter-widget\/bigcommerce\/#breadcrumb"},"inLanguage":"it-IT","potentialAction":[{"@type":"ReadAction","target":["https:\/\/elfsight.com\/it\/number-counter-widget\/bigcommerce\/"]}]},{"@type":"BreadcrumbList","@id":"https:\/\/elfsight.com\/it\/number-counter-widget\/bigcommerce\/#breadcrumb","itemListElement":[{"@type":"ListItem","position":1,"name":"Home","item":"https:\/\/elfsight.com\/it\/"},{"@type":"ListItem","position":2,"name":"Number Counter","item":"https:\/\/elfsight.com\/it\/number-counter-widget\/"},{"@type":"ListItem","position":3,"name":"Number Counter &#8211; BigCommerce"}]},{"@type":"WebSite","@id":"https:\/\/elfsight.com\/it\/#website","url":"https:\/\/elfsight.com\/it\/","name":"Elfsight IT","description":"Just another Elfsight Sites site","potentialAction":[{"@type":"SearchAction","target":{"@type":"EntryPoint","urlTemplate":"https:\/\/elfsight.com\/it\/?s={search_term_string}"},"query-input":{"@type":"PropertyValueSpecification","valueRequired":true,"valueName":"search_term_string"}}],"inLanguage":"it-IT"}]}},"meta_box":{"industry":"","seo_heading":"","heading":"","description":"","cta_heading":"","cta_description":"","application":"1861","h1":"App contatore numeri BigCommerce","h1_caption":"Mostra statistiche chiave e traguardi con contatori animati per evidenziare i tuoi risultati in modo coinvolgente nel tuo sito web BigCommerce senza sforzo.","application_category":[],"applications_title":"","applications_request_title":"","applications_request_button_text":"","hero_text":"","hero_video":"","hero_video_schema_markup":"","selling_points_title":"","selling_points_caption":"","selling_points":[],"selling_points_cta_text":"","features_title":"","features":"","ed_cta_examples_text":"","ed_cta_examples_hidden":"","ed_cta_demo_text":"","ed_cta_demo_hidden":"","why_caption":"","why_editor_title":"","why_editor_text":"","why_team_title":"","why_team_text":"","why_service_title":"","why_service_text":"","template_catalog_visible":"0","template_catalog_title":"","template_catalog_text":"","template_catalog_categories_visible":"","demo_title":"Crea la tua app Contatore di numeri","demo_caption":"Configura il tuo contatore numerico e aggiungilo gratuitamente al tuo sito BigCommerce!","default_faq_hidden":"","app_template_category":[],"platform":"32","template_public_id":"","codecanyon_url":"","codecanyon_item_id":"","codecanyon_price":"","pricing_caption":"","pricing_elfsight_apps_hide_column":"","pricing_elfsight_apps_url":"","pricing_codecanyon_price_caption":"","integration_category":[],"integration_request_title":"","integration_request_cta":"","integration_platform":"","integrations":[],"platform_category":[],"video_schema_markup":"","price":"da $ 0 al mese","trial":"","benefits":[{"text":"Assistenza gratuita per l'installazione"},{"text":"Servizio clienti professionale"},{"text":"Garanzia di rimborso di 14 giorni"},{"text":"Sviluppo continuo"}],"button_url":"#demo","button_target_blank":"0","button_nofollow":"0","attributes":[{"name":"Installazioni"},{"name":"Reattivo","content":"S\u00cc"},{"name":"Browser compatibili","content":"Firefox, Edge, Chrome, Safari, Opera"}],"tags":[],"tags_disable_links":"0","hide_more_platforms":"0","video_object":"","demo_hide_cta":"0","demo_hide_cloud_options":"0","pricing_title":"","pricing":[{"pricing_icon":"platform","pricing_title":"Elfsight Apps","pricing_title_caption":"Soluzione digitale multipiattaforma che funziona su qualsiasi sito web","pricing_price":"da $ 0 \/ mese","pricing_price_caption":"inizia con un piano gratuito","pricing_benefits":[{"text":"Domini illimitati"},{"text":"Supporto dedicato"},{"text":"Supporto gratuito per l'installazione"},{"text":"100% personalizzabile"}],"pricing_button_text":"Aggiungi al sito web","pricing_button_url":"#demo"}],"related_apps_title":"","related_apps_hidden":"0","author":"","image":[],"title":"","job":"","social_networks":[]},"_links":{"self":[{"href":"https:\/\/elfsight.com\/it\/wp-json\/wp\/v2\/pages\/5077","targetHints":{"allow":["GET"]}}],"collection":[{"href":"https:\/\/elfsight.com\/it\/wp-json\/wp\/v2\/pages"}],"about":[{"href":"https:\/\/elfsight.com\/it\/wp-json\/wp\/v2\/types\/page"}],"author":[{"embeddable":true,"href":"https:\/\/elfsight.com\/it\/wp-json\/wp\/v2\/users\/9"}],"replies":[{"embeddable":true,"href":"https:\/\/elfsight.com\/it\/wp-json\/wp\/v2\/comments?post=5077"}],"version-history":[{"count":3,"href":"https:\/\/elfsight.com\/it\/wp-json\/wp\/v2\/pages\/5077\/revisions"}],"predecessor-version":[{"id":9729,"href":"https:\/\/elfsight.com\/it\/wp-json\/wp\/v2\/pages\/5077\/revisions\/9729"}],"up":[{"embeddable":true,"href":"https:\/\/elfsight.com\/it\/wp-json\/wp\/v2\/pages\/1862"}],"wp:attachment":[{"href":"https:\/\/elfsight.com\/it\/wp-json\/wp\/v2\/media?parent=5077"}],"curies":[{"name":"wp","href":"https:\/\/api.w.org\/{rel}","templated":true}]}}