{"id":5076,"date":"2024-05-03T06:41:32","date_gmt":"2024-05-03T06:41:32","guid":{"rendered":"https:\/\/elfsight.com\/it\/?page_id=5076"},"modified":"2025-03-21T15:29:31","modified_gmt":"2025-03-21T15:29:31","slug":"blogger","status":"publish","type":"page","link":"https:\/\/elfsight.com\/it\/number-counter-widget\/blogger\/","title":{"rendered":"Number Counter &#8211; Blogger"},"content":{"rendered":"\n<div class=\"application-platform-content-item-description application-platform-content-item\" id=\"description\" data-nav-section=\"description\"> <h2>Descrizione<\/h2> <p>Il contatore dei numeri \u00e8 un widget facile da usare con un&#8217;ampia gamma di funzionalit\u00e0. \u00c8 ottimo per mostrare le tue splendide statistiche aziendali, la quantit\u00e0 di lavori che hai svolto finora e non \u00e8 tutto. Il widget \u00e8 eccezionalmente regolabile. Sei libero di aggiungere un numero illimitato di contatori, organizzarli in colonne, scegliere icone dalla nostra collezione o caricare le tue personalizzate, renderle colorate o monocromatiche, aggiungere titoli per chiarire i numeri che stai mostrando, ridipingere qualsiasi caratteristica, scegliere lo sfondo foto, e non \u00e8 nemmeno la met\u00e0. Inizia semplicemente a costruire il tuo plugin adesso e guarda le tue statistiche aziendali cruciali crescere rapidamente! <\/p> <p><b>Mostra i tuoi splendidi risultati ai tuoi futuri clienti. Ottieni vendite e lead di maggior successo! <\/b><\/p> <\/div> <div class=\"application-platform-content-item-features application-platform-content-item\" id=\"features\" data-nav-section=\"features\"> <h2>Le funzionalit\u00e0 dei widget pi\u00f9 popolari contengono<\/h2> <ul><li>Qualsiasi quantit\u00e0 di contatori. <\/li><li>Numero illimitato di colonne. <\/li><li>Aggiungi didascalie, titoli, prefissi e postfissi. <\/li><li>Scegli il formato dell&#8217;icona: prendilo dalla nostra raccolta o carica il tuo. <\/li><li>Link aggiuntivi. <\/li><\/ul><p><a href=\"#demo\">Puoi sentire le offerte del widget provando la demo<\/a><\/p> <\/div> <div class=\"application-platform-content-item-installation application-platform-content-item\" id=\"installation\" data-nav-section=\"installation\"> <h2>Come posso incorporare Contatore numeri nel mio sito web Blogger? <\/h2><div class=\"video-container\"><iframe width=\"560\" height=\"315\" src=\"https:\/\/www.youtube.com\/embed\/Tgbua89skcg?si=khyFPlrAMur65-7L\" frameborder=\"0\" allow=\"accelerometer; autoplay; clipboard-write; encrypted-media; gyroscope; picture-in-picture; web-share\" allowfullscreen><\/iframe><\/div><p>Basta seguire i passaggi presentati di seguito per incorporare il widget. <\/p> <ol><li><b>Gestisci il nostro editor gratuito e inizia a dare forma al tuo widget personalizzato. <\/b><br> Scegli il design e le caratteristiche selezionati dello strumento e applica le modifiche. <\/li> <li><b>Ricevi il codice individuale esposto nell&#8217;apposito modulo su Elfsight Apps. <\/b><br> Una volta terminata la configurazione del tuo widget personale, copia il codice personale nel box emerso e salvalo per ulteriori necessit\u00e0. <\/li> <li><b>Inizia a utilizzare lo strumento sul tuo sito web Blogger. <\/b><br> Inserisci il codice salvato in precedenza nella tua home page e applica le modifiche. <\/li> <li><b>L&#8217;installazione \u00e8 completamente terminata. <\/b><br> Vai al tuo sito per dare un&#8217;occhiata al funzionamento dello strumento. <\/li><\/ol> <p>A condizione di affrontare domande o affrontare eventuali difficolt\u00e0, non aver paura di contattare il nostro team di supporto. I nostri specialisti saranno felici di aiutarti con tutte le difficolt\u00e0 che potresti incontrare con il plugin. <\/p> <div class=\"faq\" data-component=\"FAQ\"><div class=\"faq-item\">\r\n\t\t\t\t\t<div class=\"faq-item-question\">\r\n\t\t\t\t\t\t<h3 class=\"faq-item-question-text\">Esiste un metodo per aggiungere Number Counter alla mia pagina web Blogger senza competenze di codifica?<\/h3>\r\n\r\n\t\t\t\t\t\t<div class=\"faq-item-question-icon\"><\/div>\r\n\t\t\t\t\t<\/div>\r\n\r\n\t\t\t\t\t<div class=\"faq-item-answer\">\r\n\t\t\t\t\t\t<div class=\"faq-item-answer-text\"> <p>Elfsight offre una soluzione Cloud che consente a un vasto pubblico di creare autonomamente un plug-in Number Counter , scopri quanto \u00e8 semplice il processo: lavora nell&#8217;editor live per creare un&#8217;app Contatore numeri che desideri venga visualizzata sulla tua pagina web Blogger. Scegli uno dei tanti modelli predefiniti e modifica le impostazioni del contatore dei numeri, modifica il layout e il colore degli elementi inclusi i tuoi contenuti, senza alcuna esperienza di codifica. Fai clic per salvare il contatore dei numeri e ottenere il codice del plug-in per l&#8217;incorporamento, che pu\u00f2 essere facilmente aggiunto al sito Web di Blogger senza acquistare un piano a pagamento. Lavorando nel semplice Configuratore, ogni utente web pu\u00f2 creare un plug-in Contatore numeri e incollarlo facilmente su qualsiasi pagina web di Blogger. Non dovresti ottenere un piano a pagamento o inserire le credenziali della tua carta per accedere al servizio. Se riscontri problemi di qualsiasi tipo, vai avanti e contatta il nostro team di supporto.<\/p> <\/div>\r\n\t\t\t\t\t<\/div>\r\n\t\t\t\t<\/div> <\/div><\/div>\n","protected":false},"excerpt":{"rendered":"","protected":false},"author":9,"featured_media":0,"parent":1862,"menu_order":0,"comment_status":"closed","ping_status":"closed","template":"templates\/template-application-platform.php","meta":{"publish_to_discourse":"","publish_post_category":"","wpdc_auto_publish_overridden":"","wpdc_topic_tags":"","wpdc_pin_topic":"","wpdc_pin_until":"","discourse_post_id":"","discourse_permalink":"","wpdc_publishing_response":"","wpdc_publishing_error":"","footnotes":""},"class_list":["post-5076","page","type-page","status-publish","hentry"],"yoast_head":"<!-- This site is optimized with the Yoast SEO plugin v25.3.1 - https:\/\/yoast.com\/wordpress\/plugins\/seo\/ -->\n<title>Contatore numerico Elfsight per siti Web Blogger (gratuito e semplice)<\/title>\n<meta name=\"description\" content=\"Integra un contatore numerico nel tuo sito Blogger, utilizzando la nostra pratica demo. Genera il tuo widget personalizzato in pochi clic!\" \/>\n<meta name=\"robots\" content=\"index, follow, max-snippet:-1, max-image-preview:large, max-video-preview:-1\" \/>\n<link rel=\"canonical\" href=\"https:\/\/elfsight.com\/it\/number-counter-widget\/blogger\/\" \/>\n<meta property=\"og:locale\" content=\"it_IT\" \/>\n<meta property=\"og:type\" content=\"article\" \/>\n<meta property=\"og:title\" content=\"Contatore numerico Elfsight per siti Web Blogger (gratuito e semplice)\" \/>\n<meta property=\"og:description\" content=\"Integra un contatore numerico nel tuo sito Blogger, utilizzando la nostra pratica demo. Genera il tuo widget personalizzato in pochi clic!\" \/>\n<meta property=\"og:url\" content=\"https:\/\/elfsight.com\/it\/number-counter-widget\/blogger\/\" \/>\n<meta property=\"og:site_name\" content=\"Elfsight IT\" \/>\n<meta property=\"article:modified_time\" content=\"2025-03-21T15:29:31+00:00\" \/>\n<meta name=\"twitter:card\" content=\"summary_large_image\" \/>\n<meta name=\"twitter:label1\" content=\"Tempo di lettura stimato\" \/>\n\t<meta name=\"twitter:data1\" content=\"3 minuti\" \/>\n<!-- \/ Yoast SEO plugin. -->","yoast_head_json":{"title":"Contatore numerico Elfsight per siti Web Blogger (gratuito e semplice)","description":"Integra un contatore numerico nel tuo sito Blogger, utilizzando la nostra pratica demo. Genera il tuo widget personalizzato in pochi clic!","robots":{"index":"index","follow":"follow","max-snippet":"max-snippet:-1","max-image-preview":"max-image-preview:large","max-video-preview":"max-video-preview:-1"},"canonical":"https:\/\/elfsight.com\/it\/number-counter-widget\/blogger\/","og_locale":"it_IT","og_type":"article","og_title":"Contatore numerico Elfsight per siti Web Blogger (gratuito e semplice)","og_description":"Integra un contatore numerico nel tuo sito Blogger, utilizzando la nostra pratica demo. Genera il tuo widget personalizzato in pochi clic!","og_url":"https:\/\/elfsight.com\/it\/number-counter-widget\/blogger\/","og_site_name":"Elfsight IT","article_modified_time":"2025-03-21T15:29:31+00:00","twitter_card":"summary_large_image","twitter_misc":{"Tempo di lettura stimato":"3 minuti"},"schema":{"@context":"https:\/\/schema.org","@graph":[{"@type":"WebPage","@id":"https:\/\/elfsight.com\/it\/number-counter-widget\/blogger\/","url":"https:\/\/elfsight.com\/it\/number-counter-widget\/blogger\/","name":"Contatore numerico Elfsight per siti Web Blogger (gratuito e semplice)","isPartOf":{"@id":"https:\/\/elfsight.com\/it\/#website"},"datePublished":"2024-05-03T06:41:32+00:00","dateModified":"2025-03-21T15:29:31+00:00","description":"Integra un contatore numerico nel tuo sito Blogger, utilizzando la nostra pratica demo. Genera il tuo widget personalizzato in pochi clic!","breadcrumb":{"@id":"https:\/\/elfsight.com\/it\/number-counter-widget\/blogger\/#breadcrumb"},"inLanguage":"it-IT","potentialAction":[{"@type":"ReadAction","target":["https:\/\/elfsight.com\/it\/number-counter-widget\/blogger\/"]}]},{"@type":"BreadcrumbList","@id":"https:\/\/elfsight.com\/it\/number-counter-widget\/blogger\/#breadcrumb","itemListElement":[{"@type":"ListItem","position":1,"name":"Home","item":"https:\/\/elfsight.com\/it\/"},{"@type":"ListItem","position":2,"name":"Number Counter","item":"https:\/\/elfsight.com\/it\/number-counter-widget\/"},{"@type":"ListItem","position":3,"name":"Number Counter &#8211; Blogger"}]},{"@type":"WebSite","@id":"https:\/\/elfsight.com\/it\/#website","url":"https:\/\/elfsight.com\/it\/","name":"Elfsight IT","description":"Just another Elfsight Sites site","potentialAction":[{"@type":"SearchAction","target":{"@type":"EntryPoint","urlTemplate":"https:\/\/elfsight.com\/it\/?s={search_term_string}"},"query-input":{"@type":"PropertyValueSpecification","valueRequired":true,"valueName":"search_term_string"}}],"inLanguage":"it-IT"}]}},"meta_box":{"industry":"","seo_heading":"","heading":"","description":"","cta_heading":"","cta_description":"","application":"1861","h1":"Widget Contatore numeri di Blogger","h1_caption":"Mostra statistiche e traguardi chiave con contatori animati per evidenziare i tuoi risultati in modo coinvolgente nel tuo sito web Blogger senza sforzo.","application_category":[],"applications_title":"","applications_request_title":"","applications_request_button_text":"","hero_text":"","hero_video":"","hero_video_schema_markup":"","selling_points_title":"","selling_points_caption":"","selling_points":[],"selling_points_cta_text":"","features_title":"","features":"","ed_cta_examples_text":"","ed_cta_examples_hidden":"","ed_cta_demo_text":"","ed_cta_demo_hidden":"","why_caption":"","why_editor_title":"","why_editor_text":"","why_team_title":"","why_team_text":"","why_service_title":"","why_service_text":"","template_catalog_visible":"0","template_catalog_title":"","template_catalog_text":"","template_catalog_categories_visible":"","demo_title":"Crea il tuo widget Contatore numeri","demo_caption":"Configura il tuo contatore di numeri e aggiungilo gratuitamente al tuo sito Blogger!","default_faq_hidden":"","app_template_category":[],"platform":"33","template_public_id":"","codecanyon_url":"","codecanyon_item_id":"","codecanyon_price":"","pricing_caption":"","pricing_elfsight_apps_hide_column":"","pricing_elfsight_apps_url":"","pricing_codecanyon_price_caption":"","integration_category":[],"integration_request_title":"","integration_request_cta":"","integration_platform":"","integrations":[],"platform_category":[],"video_schema_markup":"","price":"da $ 0 al mese","trial":"","benefits":[{"text":"Assistenza gratuita per l'installazione"},{"text":"Supporto eccezionale"},{"text":"Garanzia di rimborso di 14 giorni"},{"text":"Aggiornamenti regolari"}],"button_url":"#demo","button_target_blank":"0","button_nofollow":"0","attributes":[{"name":"Installazioni"},{"name":"Reattivo","content":"S\u00cc"},{"name":"Browser compatibili","content":"Opera, Edge, Safari, Chrome, Firefox"}],"tags":[],"tags_disable_links":"0","hide_more_platforms":"0","video_object":"","demo_hide_cta":"0","demo_hide_cloud_options":"0","pricing_title":"","pricing":[{"pricing_icon":"platform","pricing_title":"Elfsight Apps","pricing_title_caption":"Software multipiattaforma adatto a qualsiasi sito","pricing_price":"da $ 0 \/ mese","pricing_price_caption":"inizia con un piano gratuito","pricing_benefits":[{"text":"Siti web illimitati"},{"text":"Assistenza clienti premium e ben documentata"},{"text":"Aiuto gratuito per l'installazione"},{"text":"Completamente personalizzabile"}],"pricing_button_text":"Aggiungi al sito web","pricing_button_url":"#demo"}],"related_apps_title":"","related_apps_hidden":"0","author":"","image":[],"title":"","job":"","social_networks":[]},"_links":{"self":[{"href":"https:\/\/elfsight.com\/it\/wp-json\/wp\/v2\/pages\/5076","targetHints":{"allow":["GET"]}}],"collection":[{"href":"https:\/\/elfsight.com\/it\/wp-json\/wp\/v2\/pages"}],"about":[{"href":"https:\/\/elfsight.com\/it\/wp-json\/wp\/v2\/types\/page"}],"author":[{"embeddable":true,"href":"https:\/\/elfsight.com\/it\/wp-json\/wp\/v2\/users\/9"}],"replies":[{"embeddable":true,"href":"https:\/\/elfsight.com\/it\/wp-json\/wp\/v2\/comments?post=5076"}],"version-history":[{"count":3,"href":"https:\/\/elfsight.com\/it\/wp-json\/wp\/v2\/pages\/5076\/revisions"}],"predecessor-version":[{"id":9730,"href":"https:\/\/elfsight.com\/it\/wp-json\/wp\/v2\/pages\/5076\/revisions\/9730"}],"up":[{"embeddable":true,"href":"https:\/\/elfsight.com\/it\/wp-json\/wp\/v2\/pages\/1862"}],"wp:attachment":[{"href":"https:\/\/elfsight.com\/it\/wp-json\/wp\/v2\/media?parent=5076"}],"curies":[{"name":"wp","href":"https:\/\/api.w.org\/{rel}","templated":true}]}}