{"id":5069,"date":"2024-05-03T06:41:29","date_gmt":"2024-05-03T06:41:29","guid":{"rendered":"https:\/\/elfsight.com\/it\/?page_id=5069"},"modified":"2025-03-21T15:31:27","modified_gmt":"2025-03-21T15:31:27","slug":"elementor","status":"publish","type":"page","link":"https:\/\/elfsight.com\/it\/number-counter-widget\/elementor\/","title":{"rendered":"Number Counter &#8211; Elementor"},"content":{"rendered":"\n<div class=\"application-platform-content-item-description application-platform-content-item\" id=\"description\" data-nav-section=\"description\"> <h2>Incorpora contatore numeri su Elementor con il widget Elfsight<\/h2> <p>Contatore numeri Elfsight \u00e8 un widget facile da usare per Elementor con una vasta gamma di opzioni. \u00c8 utile per mostrare le tue splendide statistiche aziendali, la quantit\u00e0 di lavori eseguiti finora e molto altro ancora. Il plugin \u00e8 estremamente personalizzabile. Sei libero di aggiungere qualsiasi numero di contatori, disporli in colonne, selezionare icone dalla nostra libreria o caricarne di tue, renderli colorati o monocolore, allegare didascalie per fornire ai tuoi utenti dati facilmente comprensibili, ricolorare qualsiasi elemento, scegliere lo sfondo immagine, e questa non \u00e8 nemmeno la met\u00e0. Inizia subito a dare forma alla tua funzionalit\u00e0 e osserva le statistiche principali della tua attivit\u00e0 crescere rapidamente! <\/p> <p><b>Esponi i tuoi straordinari risultati ai tuoi futuri acquirenti. Ottieni vendite e lead di maggior successo! <\/b><\/p> <\/div> <div class=\"application-platform-content-item-features application-platform-content-item\" id=\"features\" data-nav-section=\"features\"> <h2>Studia l&#8217;elenco delle funzionalit\u00e0 pi\u00f9 potenti: <\/h2> <ul><li>Un numero qualsiasi di contatori. <\/li><li>Quantit\u00e0 illimitata di colonne. <\/li><li>Aggiungi titoli, titoli, prefissi e postfissi. <\/li><li>Decidi la categoria dell&#8217;icona: prendila dalla nostra libreria o carica la tua personalizzata. <\/li><li>Incorpora collegamenti. <\/li><\/ul><p><a href=\"#demo\">Puoi provare come funziona il widget utilizzando la demo<\/a><\/p> <\/div> <div class=\"application-platform-content-item-installation application-platform-content-item\" id=\"installation\" data-nav-section=\"installation\"> <h2>Come posso aggiungere Number Counter nel mio sito Elementor? <\/h2><div class=\"video-container\"><iframe width=\"560\" height=\"315\" src=\"https:\/\/www.youtube.com\/embed\/OAl9RFkz3TU?si=hRur9HYGHgPZNm26\" frameborder=\"0\" allow=\"accelerometer; autoplay; clipboard-write; encrypted-media; gyroscope; picture-in-picture; web-share\" allowfullscreen><\/iframe><\/div><p>Segui semplicemente i passaggi descritti di seguito per integrare il widget. <\/p> <ol><li><b>Apri il nostro editor gratuito e inizia a creare il tuo widget personalizzato. <\/b><br> Scegli la forma e la funzionalit\u00e0 selezionate del plugin e salva le modifiche. <\/li> <li><b>Ricevi il tuo codice personale che viene mostrato nel riquadro su Elfsight Apps. <\/b><br> Dopo aver completato la creazione del tuo plugin personale, copia il codice individuale nel popup emerso e conservalo per un utilizzo successivo. <\/li> <li><b>Accedi utilizzando il widget sul sito Web di Elementor. <\/b><br> Integra il codice che hai salvato di recente nella tua pagina web e salva i miglioramenti. <\/li> <li><b>Il gioco \u00e8 fatto! L&#8217;integrazione \u00e8 completamente conclusa. <\/b><br> Visita la tua pagina web per dare un&#8217;occhiata a come funziona il widget. <\/li><\/ol> <p>In caso di problemi, non esitate a contattare il nostro team di supporto. I nostri specialisti non vedono l&#8217;ora di aiutarti con tutte le domande che potresti avere sul widget. <\/p> <div class=\"faq\" data-component=\"FAQ\"><div class=\"faq-item\">\r\n\t\t\t\t\t<div class=\"faq-item-question\">\r\n\t\t\t\t\t\t<h3 class=\"faq-item-question-text\">Esiste un metodo per incorporare Number Counter nel mio sito Web Elementor senza codifica?<\/h3>\r\n\r\n\t\t\t\t\t\t<div class=\"faq-item-question-icon\"><\/div>\r\n\t\t\t\t\t<\/div>\r\n\r\n\t\t\t\t\t<div class=\"faq-item-answer\">\r\n\t\t\t\t\t\t<div class=\"faq-item-answer-text\"> <p>Elfsight offre una soluzione che ti consente di creare tu stesso un plug-in Number Counter, controlla il istruzioni semplici: lavora direttamente nell&#8217;editor online per creare un plugin contatore di numeri che vorresti vedere sul sito web di Elementor. Scegli uno dei tanti modelli predefiniti e modifica le impostazioni del contatore dei numeri, cambia il layout e il colore degli elementi e aggiungi i tuoi contenuti, senza conoscenze di codifica. Fai clic per salvare il contatore dei numeri e ottenere il codice di installazione, che pu\u00f2 essere facilmente incollato gratuitamente nel tuo sito Elementor. Con il nostro editor intuitivo ogni utente web pu\u00f2 creare un contatore di numeri online e incollarlo facilmente sul sito Elementor. Non \u00e8 necessario pagare o inserire i dati della carta per accedere al nostro servizio. Se riscontri problemi in qualsiasi momento, non esitare a parlare con il nostro supporto tecnico clienti.<\/p> <\/div>\r\n\t\t\t\t\t<\/div>\r\n\t\t\t\t<\/div> <\/div><\/div>\n","protected":false},"excerpt":{"rendered":"","protected":false},"author":9,"featured_media":0,"parent":1862,"menu_order":0,"comment_status":"closed","ping_status":"closed","template":"templates\/template-application-platform.php","meta":{"publish_to_discourse":"","publish_post_category":"","wpdc_auto_publish_overridden":"","wpdc_topic_tags":"","wpdc_pin_topic":"","wpdc_pin_until":"","discourse_post_id":"","discourse_permalink":"","wpdc_publishing_response":"","wpdc_publishing_error":"","footnotes":""},"class_list":["post-5069","page","type-page","status-publish","hentry"],"yoast_head":"<!-- This site is optimized with the Yoast SEO plugin v25.3.1 - https:\/\/yoast.com\/wordpress\/plugins\/seo\/ -->\n<title>Contatore numeri: aggiungi il widget Contatore al sito Web Elementor<\/title>\n<meta name=\"description\" content=\"Prova un contatore numerico nella tua pagina web Elementor, utilizzando la nostra demo live. Genera il tuo widget unico in pochi clic e senza sforzo!\" \/>\n<meta name=\"robots\" content=\"index, follow, max-snippet:-1, max-image-preview:large, max-video-preview:-1\" \/>\n<link rel=\"canonical\" href=\"https:\/\/elfsight.com\/it\/number-counter-widget\/elementor\/\" \/>\n<meta property=\"og:locale\" content=\"it_IT\" \/>\n<meta property=\"og:type\" content=\"article\" \/>\n<meta property=\"og:title\" content=\"Contatore numeri: aggiungi il widget Contatore al sito Web Elementor\" \/>\n<meta property=\"og:description\" content=\"Prova un contatore numerico nella tua pagina web Elementor, utilizzando la nostra demo live. Genera il tuo widget unico in pochi clic e senza sforzo!\" \/>\n<meta property=\"og:url\" content=\"https:\/\/elfsight.com\/it\/number-counter-widget\/elementor\/\" \/>\n<meta property=\"og:site_name\" content=\"Elfsight IT\" \/>\n<meta property=\"article:modified_time\" content=\"2025-03-21T15:31:27+00:00\" \/>\n<meta name=\"twitter:card\" content=\"summary_large_image\" \/>\n<meta name=\"twitter:label1\" content=\"Tempo di lettura stimato\" \/>\n\t<meta name=\"twitter:data1\" content=\"3 minuti\" \/>\n<!-- \/ Yoast SEO plugin. -->","yoast_head_json":{"title":"Contatore numeri: aggiungi il widget Contatore al sito Web Elementor","description":"Prova un contatore numerico nella tua pagina web Elementor, utilizzando la nostra demo live. Genera il tuo widget unico in pochi clic e senza sforzo!","robots":{"index":"index","follow":"follow","max-snippet":"max-snippet:-1","max-image-preview":"max-image-preview:large","max-video-preview":"max-video-preview:-1"},"canonical":"https:\/\/elfsight.com\/it\/number-counter-widget\/elementor\/","og_locale":"it_IT","og_type":"article","og_title":"Contatore numeri: aggiungi il widget Contatore al sito Web Elementor","og_description":"Prova un contatore numerico nella tua pagina web Elementor, utilizzando la nostra demo live. Genera il tuo widget unico in pochi clic e senza sforzo!","og_url":"https:\/\/elfsight.com\/it\/number-counter-widget\/elementor\/","og_site_name":"Elfsight IT","article_modified_time":"2025-03-21T15:31:27+00:00","twitter_card":"summary_large_image","twitter_misc":{"Tempo di lettura stimato":"3 minuti"},"schema":{"@context":"https:\/\/schema.org","@graph":[{"@type":"WebPage","@id":"https:\/\/elfsight.com\/it\/number-counter-widget\/elementor\/","url":"https:\/\/elfsight.com\/it\/number-counter-widget\/elementor\/","name":"Contatore numeri: aggiungi il widget Contatore al sito Web Elementor","isPartOf":{"@id":"https:\/\/elfsight.com\/it\/#website"},"datePublished":"2024-05-03T06:41:29+00:00","dateModified":"2025-03-21T15:31:27+00:00","description":"Prova un contatore numerico nella tua pagina web Elementor, utilizzando la nostra demo live. Genera il tuo widget unico in pochi clic e senza sforzo!","breadcrumb":{"@id":"https:\/\/elfsight.com\/it\/number-counter-widget\/elementor\/#breadcrumb"},"inLanguage":"it-IT","potentialAction":[{"@type":"ReadAction","target":["https:\/\/elfsight.com\/it\/number-counter-widget\/elementor\/"]}]},{"@type":"BreadcrumbList","@id":"https:\/\/elfsight.com\/it\/number-counter-widget\/elementor\/#breadcrumb","itemListElement":[{"@type":"ListItem","position":1,"name":"Home","item":"https:\/\/elfsight.com\/it\/"},{"@type":"ListItem","position":2,"name":"Number Counter","item":"https:\/\/elfsight.com\/it\/number-counter-widget\/"},{"@type":"ListItem","position":3,"name":"Number Counter &#8211; Elementor"}]},{"@type":"WebSite","@id":"https:\/\/elfsight.com\/it\/#website","url":"https:\/\/elfsight.com\/it\/","name":"Elfsight IT","description":"Just another Elfsight Sites site","potentialAction":[{"@type":"SearchAction","target":{"@type":"EntryPoint","urlTemplate":"https:\/\/elfsight.com\/it\/?s={search_term_string}"},"query-input":{"@type":"PropertyValueSpecification","valueRequired":true,"valueName":"search_term_string"}}],"inLanguage":"it-IT"}]}},"meta_box":{"industry":"","seo_heading":"","heading":"","description":"","cta_heading":"","cta_description":"","application":"1861","h1":"Widget Contatore numeri Elementor","h1_caption":"Mostra statistiche chiave e traguardi con contatori animati per evidenziare i tuoi risultati in modo coinvolgente nel tuo sito Web Elementor senza sforzo.","application_category":[],"applications_title":"","applications_request_title":"","applications_request_button_text":"","hero_text":"","hero_video":"","hero_video_schema_markup":"","selling_points_title":"","selling_points_caption":"","selling_points":[],"selling_points_cta_text":"","features_title":"","features":"","ed_cta_examples_text":"","ed_cta_examples_hidden":"","ed_cta_demo_text":"","ed_cta_demo_hidden":"","why_caption":"","why_editor_title":"","why_editor_text":"","why_team_title":"","why_team_text":"","why_service_title":"","why_service_text":"","template_catalog_visible":"0","template_catalog_title":"","template_catalog_text":"","template_catalog_categories_visible":"","demo_title":"Crea il tuo widget Contatore numeri","demo_caption":"Configura il tuo contatore numerico e aggiungilo gratuitamente al tuo sito Web Elementor!","default_faq_hidden":"","app_template_category":[],"platform":"68","template_public_id":"","codecanyon_url":"","codecanyon_item_id":"","codecanyon_price":"","pricing_caption":"","pricing_elfsight_apps_hide_column":"","pricing_elfsight_apps_url":"","pricing_codecanyon_price_caption":"","integration_category":[],"integration_request_title":"","integration_request_cta":"","integration_platform":"","integrations":[],"platform_category":[],"video_schema_markup":"","price":"da $ 0 al mese","trial":"","benefits":[{"text":"Servizio di installazione gratuito"},{"text":"Servizio clienti competente"},{"text":"Garanzia di rimborso di 14 giorni"},{"text":"Futuri miglioramenti gratuiti"}],"button_url":"#demo","button_target_blank":"0","button_nofollow":"0","attributes":[{"name":"Installazioni"},{"name":"Reattivo","content":"S\u00cc"},{"name":"Browser compatibili","content":"Edge, Safari, Chrome, Firefox, Opera"}],"tags":[],"tags_disable_links":"0","hide_more_platforms":"0","video_object":"","demo_hide_cta":"0","demo_hide_cloud_options":"0","pricing_title":"","pricing":[{"pricing_icon":"platform","pricing_title":"Elfsight Apps","pricing_title_caption":"Software multipiattaforma adatto a qualsiasi sito","pricing_price":"da $ 0 \/ mese","pricing_price_caption":"inizia con il piano gratuito","pricing_benefits":[{"text":"Siti web illimitati"},{"text":"Supporto aziendale premium e ben documentato"},{"text":"Assistenza per l'installazione gratuita"},{"text":"Offerta speciale per pi\u00f9 app"}],"pricing_button_text":"Aggiungi al sito web","pricing_button_url":"#demo"}],"related_apps_title":"","related_apps_hidden":"0","author":"","image":[],"title":"","job":"","social_networks":[]},"_links":{"self":[{"href":"https:\/\/elfsight.com\/it\/wp-json\/wp\/v2\/pages\/5069","targetHints":{"allow":["GET"]}}],"collection":[{"href":"https:\/\/elfsight.com\/it\/wp-json\/wp\/v2\/pages"}],"about":[{"href":"https:\/\/elfsight.com\/it\/wp-json\/wp\/v2\/types\/page"}],"author":[{"embeddable":true,"href":"https:\/\/elfsight.com\/it\/wp-json\/wp\/v2\/users\/9"}],"replies":[{"embeddable":true,"href":"https:\/\/elfsight.com\/it\/wp-json\/wp\/v2\/comments?post=5069"}],"version-history":[{"count":3,"href":"https:\/\/elfsight.com\/it\/wp-json\/wp\/v2\/pages\/5069\/revisions"}],"predecessor-version":[{"id":9732,"href":"https:\/\/elfsight.com\/it\/wp-json\/wp\/v2\/pages\/5069\/revisions\/9732"}],"up":[{"embeddable":true,"href":"https:\/\/elfsight.com\/it\/wp-json\/wp\/v2\/pages\/1862"}],"wp:attachment":[{"href":"https:\/\/elfsight.com\/it\/wp-json\/wp\/v2\/media?parent=5069"}],"curies":[{"name":"wp","href":"https:\/\/api.w.org\/{rel}","templated":true}]}}