{"id":5068,"date":"2024-05-03T06:41:28","date_gmt":"2024-05-03T06:41:28","guid":{"rendered":"https:\/\/elfsight.com\/it\/?page_id=5068"},"modified":"2025-03-21T15:33:00","modified_gmt":"2025-03-21T15:33:00","slug":"joomla","status":"publish","type":"page","link":"https:\/\/elfsight.com\/it\/number-counter-widget\/joomla\/","title":{"rendered":"Number Counter &#8211; Joomla"},"content":{"rendered":"\n<iframe width=\"720\" height=\"405\" src=\"https:\/\/www.youtube.com\/embed\/fd3NEckzRw4\" frameborder=\"0\" allowfullscreen=\"\"><\/iframe><div class=\"application-platform-content-item-description application-platform-content-item\" id=\"description\" data-nav-section=\"description\"> <h2>Descrizione<\/h2> <p>The Number Counter \u00e8 un&#8217;estensione facile da usare per Joomla con molte funzionalit\u00e0 tra cui scegliere. \u00c8 un ottimo strumento per mostrare le tue eccellenti statistiche aziendali, il numero di lavori eseguiti finora e non \u00e8 tutto. Lo strumento \u00e8 estremamente personalizzabile. Sentiti libero di aggiungere un numero illimitato di contatori, organizzarli in colonne, scegliere icone dalla nostra libreria o caricare i tuoi contatori personalizzati, renderli colorati o in tinta unita, aggiungere titoli per fornire ai tuoi utenti informazioni facilmente comprensibili, ricolorare qualsiasi elemento, scegli l&#8217;immagine di sfondo e non \u00e8 tutto. Inizia subito a dare forma al tuo plugin e guarda crescere le tue statistiche aziendali cruciali! <\/p> <p><b>Dimostra i tuoi brillanti risultati ai tuoi futuri clienti. Aumenta il numero di vendite e lead di successo! <\/b><\/p> <\/div> <div class=\"application-platform-content-item-features application-platform-content-item\" id=\"features\" data-nav-section=\"features\"> <h2>Offriamo funzionalit\u00e0 utili e facili, eccone alcune: <\/h2> <ul><li>Un numero qualsiasi di contatori. <\/li><li>Qualsiasi numero di colonne. <\/li><li>Allega didascalie, intestazioni, prefissi e postfissi. <\/li><li>Scegli il formato dell&#8217;icona: sceglilo dalla nostra libreria o carica il tuo formato personalizzato. <\/li><li>Allega i link. <\/li><\/ul><p><a href=\"#demo\">Puoi vedere quanto vale l&#8217;estensione con l&#8217;aiuto della demo<\/a><\/p> <\/div> <div class=\"application-platform-content-item-installazione application-platform-content-item\" id=\"installazione\" data-nav-section=\"installazione\"> <h2>Come posso incorporare Number Counter nel mio sito Joomla? <\/h2> <div class=\"video-container\"><iframe width=\"560\" height=\"315\" src=\"https:\/\/www.youtube.com\/embed\/fd3NEckzRw4?si=aJXwW-6J0CMg7w_T\" frameborder=\"0\" allow=\"accelerometer; autoplay; clipboard-write; encrypted-media; gyroscope; picture-in-picture; web-share\" allowfullscreen><\/iframe><\/div><p>Segui semplicemente i seguenti passaggi presentati di seguito per iniziare a lavorare con il widget. <\/p> <ol><li><b>Esegui il nostro configuratore gratuito e inizia a creare la tua estensione personalizzata. <\/b><br> Scegli il layout e la funzionalit\u00e0 selezionati dell&#8217;estensione e salva tutte le correzioni. <\/li> <li><b>Ricevi il tuo codice individuale apparendo nell&#8217;apposito modulo su Elfsight Apps. <\/b><br> Una volta terminata la creazione della tua estensione, copia il codice nella finestra visualizzata e conservalo per un utilizzo successivo. <\/li> <li><b>Inizia a utilizzare l&#8217;estensione sulla pagina web Joomla. <\/b><br> Incorpora il codice salvato di recente nella tua pagina web e salva i miglioramenti. <\/li> <li><b>Fatto! La configurazione \u00e8 stata completata con successo. <\/b><br> Vai alla tua pagina web per esaminare le prestazioni dell&#8217;estensione. <\/li><\/ol><p>Se hai domande o riscontri problemi, non esitare a chiedere assistenza al nostro team di assistenza clienti. I nostri specialisti non vedono l&#8217;ora di risolvere tutte le domande che potresti avere con il widget. <\/p> <div class=\"faq\" data-component=\"FAQ\"><div class=\"faq-item\">\r\n\t\t\t\t\t<div class=\"faq-item-question\">\r\n\t\t\t\t\t\t<h3 class=\"faq-item-question-text\">Esiste un'opzione per incorporare Number Counter nel mio sito Web Joomla senza codifica?<\/h3>\r\n\r\n\t\t\t\t\t\t<div class=\"faq-item-question-icon\"><\/div>\r\n\t\t\t\t\t<\/div>\r\n\r\n\t\t\t\t\t<div class=\"faq-item-answer\">\r\n\t\t\t\t\t\t<div class=\"faq-item-answer-text\"> <p>Elfsight offre una soluzione cloud che consente a un vasto pubblico di creare autonomamente un&#8217;app Number Counter, scopri quanto \u00e8 semplice il processo: vai alla demo live per creare un widget Contatore numeri che desideri aggiungere al tuo sito web Joomla. Scegli uno dei modelli predefiniti e modifica le impostazioni del contatore dei numeri, trasforma il layout e il colore degli elementi e aggiungi i tuoi contenuti, senza esperienza di codifica. Salva le impostazioni che hai effettuato su Number Counter e ottieni il codice di installazione del plugin, che potrai aggiungere facilmente e gratuitamente nella tua pagina web Joomla. Utilizzando il nostro editor facile da usare, qualsiasi utente web pu\u00f2 creare un plug-in Contatore numeri e incollarlo facilmente nel sito Web Joomla. Non \u00e8 necessario pagare o inserire i dati della carta per accedere al servizio. Se incontri ostacoli di qualsiasi tipo, non esitare a contattare il nostro personale di supporto.<\/p> <\/div>\r\n\t\t\t\t\t<\/div>\r\n\t\t\t\t<\/div> <\/div><\/div>\n","protected":false},"excerpt":{"rendered":"","protected":false},"author":9,"featured_media":0,"parent":1862,"menu_order":0,"comment_status":"closed","ping_status":"closed","template":"templates\/template-application-platform.php","meta":{"publish_to_discourse":"","publish_post_category":"","wpdc_auto_publish_overridden":"","wpdc_topic_tags":"","wpdc_pin_topic":"","wpdc_pin_until":"","discourse_post_id":"","discourse_permalink":"","wpdc_publishing_response":"","wpdc_publishing_error":"","footnotes":""},"class_list":["post-5068","page","type-page","status-publish","hentry"],"yoast_head":"<!-- This site is optimized with the Yoast SEO plugin v25.3.1 - https:\/\/yoast.com\/wordpress\/plugins\/seo\/ -->\n<title>Contatore numeri: aggiungi il widget Contatore al sito Web Joomla<\/title>\n<meta name=\"description\" content=\"Inserisci un contatore numerico nella tua pagina web Joomla, utilizzando la nostra demo attiva. Costruisci la tua estensione su misura in solo un paio di clic!\" \/>\n<meta name=\"robots\" content=\"index, follow, max-snippet:-1, max-image-preview:large, max-video-preview:-1\" \/>\n<link rel=\"canonical\" href=\"https:\/\/elfsight.com\/it\/number-counter-widget\/joomla\/\" \/>\n<meta property=\"og:locale\" content=\"it_IT\" \/>\n<meta property=\"og:type\" content=\"article\" \/>\n<meta property=\"og:title\" content=\"Contatore numeri: aggiungi il widget Contatore al sito Web Joomla\" \/>\n<meta property=\"og:description\" content=\"Inserisci un contatore numerico nella tua pagina web Joomla, utilizzando la nostra demo attiva. Costruisci la tua estensione su misura in solo un paio di clic!\" \/>\n<meta property=\"og:url\" content=\"https:\/\/elfsight.com\/it\/number-counter-widget\/joomla\/\" \/>\n<meta property=\"og:site_name\" content=\"Elfsight IT\" \/>\n<meta property=\"article:modified_time\" content=\"2025-03-21T15:33:00+00:00\" \/>\n<meta name=\"twitter:card\" content=\"summary_large_image\" \/>\n<meta name=\"twitter:label1\" content=\"Tempo di lettura stimato\" \/>\n\t<meta name=\"twitter:data1\" content=\"3 minuti\" \/>\n<!-- \/ Yoast SEO plugin. -->","yoast_head_json":{"title":"Contatore numeri: aggiungi il widget Contatore al sito Web Joomla","description":"Inserisci un contatore numerico nella tua pagina web Joomla, utilizzando la nostra demo attiva. Costruisci la tua estensione su misura in solo un paio di clic!","robots":{"index":"index","follow":"follow","max-snippet":"max-snippet:-1","max-image-preview":"max-image-preview:large","max-video-preview":"max-video-preview:-1"},"canonical":"https:\/\/elfsight.com\/it\/number-counter-widget\/joomla\/","og_locale":"it_IT","og_type":"article","og_title":"Contatore numeri: aggiungi il widget Contatore al sito Web Joomla","og_description":"Inserisci un contatore numerico nella tua pagina web Joomla, utilizzando la nostra demo attiva. Costruisci la tua estensione su misura in solo un paio di clic!","og_url":"https:\/\/elfsight.com\/it\/number-counter-widget\/joomla\/","og_site_name":"Elfsight IT","article_modified_time":"2025-03-21T15:33:00+00:00","twitter_card":"summary_large_image","twitter_misc":{"Tempo di lettura stimato":"3 minuti"},"schema":{"@context":"https:\/\/schema.org","@graph":[{"@type":"WebPage","@id":"https:\/\/elfsight.com\/it\/number-counter-widget\/joomla\/","url":"https:\/\/elfsight.com\/it\/number-counter-widget\/joomla\/","name":"Contatore numeri: aggiungi il widget Contatore al sito Web Joomla","isPartOf":{"@id":"https:\/\/elfsight.com\/it\/#website"},"datePublished":"2024-05-03T06:41:28+00:00","dateModified":"2025-03-21T15:33:00+00:00","description":"Inserisci un contatore numerico nella tua pagina web Joomla, utilizzando la nostra demo attiva. Costruisci la tua estensione su misura in solo un paio di clic!","breadcrumb":{"@id":"https:\/\/elfsight.com\/it\/number-counter-widget\/joomla\/#breadcrumb"},"inLanguage":"it-IT","potentialAction":[{"@type":"ReadAction","target":["https:\/\/elfsight.com\/it\/number-counter-widget\/joomla\/"]}]},{"@type":"BreadcrumbList","@id":"https:\/\/elfsight.com\/it\/number-counter-widget\/joomla\/#breadcrumb","itemListElement":[{"@type":"ListItem","position":1,"name":"Home","item":"https:\/\/elfsight.com\/it\/"},{"@type":"ListItem","position":2,"name":"Number Counter","item":"https:\/\/elfsight.com\/it\/number-counter-widget\/"},{"@type":"ListItem","position":3,"name":"Number Counter &#8211; Joomla"}]},{"@type":"WebSite","@id":"https:\/\/elfsight.com\/it\/#website","url":"https:\/\/elfsight.com\/it\/","name":"Elfsight IT","description":"Just another Elfsight Sites site","potentialAction":[{"@type":"SearchAction","target":{"@type":"EntryPoint","urlTemplate":"https:\/\/elfsight.com\/it\/?s={search_term_string}"},"query-input":{"@type":"PropertyValueSpecification","valueRequired":true,"valueName":"search_term_string"}}],"inLanguage":"it-IT"}]}},"meta_box":{"industry":"","seo_heading":"","heading":"","description":"","cta_heading":"","cta_description":"","application":"1861","h1":"Estensione contatore numeri Joomla","h1_caption":"Mostra statistiche chiave e traguardi con contatori animati per evidenziare i tuoi risultati in modo coinvolgente nel tuo sito Web Joomla senza sforzo.","application_category":[],"applications_title":"","applications_request_title":"","applications_request_button_text":"","hero_text":"","hero_video":"","hero_video_schema_markup":"","selling_points_title":"","selling_points_caption":"","selling_points":[],"selling_points_cta_text":"","features_title":"","features":"","ed_cta_examples_text":"","ed_cta_examples_hidden":"","ed_cta_demo_text":"","ed_cta_demo_hidden":"","why_caption":"","why_editor_title":"","why_editor_text":"","why_team_title":"","why_team_text":"","why_service_title":"","why_service_text":"","template_catalog_visible":"0","template_catalog_title":"","template_catalog_text":"","template_catalog_categories_visible":"","demo_title":"Crea il tuo plugin Contatore di numeri","demo_caption":"Configura il tuo contatore numerico e aggiungilo gratuitamente al tuo sito Joomla!","default_faq_hidden":"","app_template_category":[],"platform":"36","template_public_id":"","codecanyon_url":"","codecanyon_item_id":"","codecanyon_price":"","pricing_caption":"","pricing_elfsight_apps_hide_column":"","pricing_elfsight_apps_url":"","pricing_codecanyon_price_caption":"","integration_category":[],"integration_request_title":"","integration_request_cta":"","integration_platform":"","integrations":[],"platform_category":[],"video_schema_markup":"","price":"da $ 0 al mese","trial":"","benefits":[{"text":"Aiuto per l'installazione gratuito"},{"text":"Servizio clienti professionale"},{"text":"Garanzia di rimborso di 14 giorni"},{"text":"Sviluppo continuo"}],"button_url":"#demo","button_target_blank":"0","button_nofollow":"0","attributes":[{"name":"Installazioni"},{"name":"Reattivo","content":"S\u00cc"},{"name":"Browser compatibili","content":"Firefox, Safari, Opera, Chrome, Edge"}],"tags":[],"tags_disable_links":"0","hide_more_platforms":"0","video_object":"","demo_hide_cta":"0","demo_hide_cloud_options":"0","pricing_title":"","pricing":[{"pricing_icon":"platform","pricing_title":"Elfsight Apps","pricing_title_caption":"Software multipiattaforma","pricing_price":"da $ 0 \/ mese","pricing_price_caption":"inizia con il piano gratuito","pricing_benefits":[{"text":"Domini illimitati"},{"text":"Supporto aziendale professionale"},{"text":"Assistenza gratuita per l'installazione"},{"text":"Offerta a tempo limitato per pi\u00f9 app"}],"pricing_button_text":"Aggiungi al sito web","pricing_button_url":"#demo"}],"related_apps_title":"","related_apps_hidden":"0","author":"","image":[],"title":"","job":"","social_networks":[]},"_links":{"self":[{"href":"https:\/\/elfsight.com\/it\/wp-json\/wp\/v2\/pages\/5068","targetHints":{"allow":["GET"]}}],"collection":[{"href":"https:\/\/elfsight.com\/it\/wp-json\/wp\/v2\/pages"}],"about":[{"href":"https:\/\/elfsight.com\/it\/wp-json\/wp\/v2\/types\/page"}],"author":[{"embeddable":true,"href":"https:\/\/elfsight.com\/it\/wp-json\/wp\/v2\/users\/9"}],"replies":[{"embeddable":true,"href":"https:\/\/elfsight.com\/it\/wp-json\/wp\/v2\/comments?post=5068"}],"version-history":[{"count":3,"href":"https:\/\/elfsight.com\/it\/wp-json\/wp\/v2\/pages\/5068\/revisions"}],"predecessor-version":[{"id":9733,"href":"https:\/\/elfsight.com\/it\/wp-json\/wp\/v2\/pages\/5068\/revisions\/9733"}],"up":[{"embeddable":true,"href":"https:\/\/elfsight.com\/it\/wp-json\/wp\/v2\/pages\/1862"}],"wp:attachment":[{"href":"https:\/\/elfsight.com\/it\/wp-json\/wp\/v2\/media?parent=5068"}],"curies":[{"name":"wp","href":"https:\/\/api.w.org\/{rel}","templated":true}]}}