{"id":5067,"date":"2024-05-03T06:41:27","date_gmt":"2024-05-03T06:41:27","guid":{"rendered":"https:\/\/elfsight.com\/it\/?page_id=5067"},"modified":"2024-11-12T08:07:02","modified_gmt":"2024-11-12T08:07:02","slug":"jquery","status":"publish","type":"page","link":"https:\/\/elfsight.com\/it\/number-counter-widget\/jquery\/","title":{"rendered":"Number Counter &#8211; jQuery"},"content":{"rendered":"<div class=\"application-platform-content-item-description application-platform-content-item\" id=\"description\" data-nav-section=\"description\"> <h2>Descrizione<\/h2> <p>Elfsight Number Counter \u00e8 un comodo plugin per jQuery con una vasta gamma di funzionalit\u00e0. \u00c8 utile vantare i tuoi impressionanti indici aziendali, il numero di lavori eseguiti finora e non \u00e8 tutto. Il widget \u00e8 eccezionalmente regolabile. Sei libero di creare qualsiasi numero di contatori, comporli in colonne, scegliere icone dalla nostra libreria o caricare i tuoi contatori personalizzati, renderli colorati o in tinta unita, aggiungere titoli per fornire ai tuoi utenti informazioni possibili, ridipingere qualsiasi funzionalit\u00e0, scegliere l&#8217;immagine di sfondo, e non \u00e8 nemmeno la met\u00e0. Inizia subito a formare il tuo contatore e vedrai crescere le tue statistiche aziendali chiave! <\/p> <p><b>Esponi i tuoi meravigliosi risultati ai tuoi potenziali acquirenti. Aumenta la quantit\u00e0 di vendite e lead di successo! <\/b><\/p> <\/div> <div class=\"application-platform-content-item-features application-platform-content-item\" id=\"features\" data-nav-section=\"features\"> <h2>Conosci l&#8217;elenco delle funzionalit\u00e0 pi\u00f9 utili del widget Contatore numeri:<\/h2> <ul><li>Un numero illimitato di contatori. <\/li><li>Qualsiasi numero di colonne. <\/li><li>Aggiungi titoli, intestazioni, prefissi e suffissi. <\/li><li>Scegli il tipo di icona: prendila dalla nostra libreria o carica la tua personalizzata. <\/li><li>Link aggiuntivi. <\/li><\/ul><p><a href=\"#demo\">Prova tutte le impostazioni nella demo funzionale al 100%<\/a><\/p> <\/div> <div class=\"application-platform-content-item-installation application-platform-content-item\" id=\"installation\" data-nav-section=\"installation\"> <h2>Come posso incorporare Number Counter nel mio sito jQuery? <\/h2> <p>Segui semplicemente i seguenti passaggi descritti di seguito per integrare il widget. <\/p> <ol><li><b>Lanciando il nostro editor gratuito, inizia a creare il tuo widget unico. <\/b><br> Scegli il design e gli aspetti desiderati del widget e salva le modifiche. <\/li> <li><b>Ottieni il tuo codice univoco mostrato nella vedova su Elfsight Apps. <\/b><br> Una volta completata la personalizzazione del tuo widget personale, copia il codice esclusivo nel popup visualizzato e salvalo per un utilizzo futuro. <\/li> <li><b>Inizia a utilizzare il plug-in sul sito Web jQuery. <\/b><br> Incorpora il codice copiato di recente nella tua pagina e applica le correzioni. <\/li> <li><b>L&#8217;installazione \u00e8 stata completata con successo. <\/b><br> Visita il tuo sito web per verificare come funziona il plug-in. <\/li><\/ol> <p>Nel caso in cui incontri degli ostacoli, non aver paura di rivolgerti al nostro team di supporto. I nostri consulenti saranno felici di risolvere tutti i problemi che potresti avere con il widget. <\/p> <div class=\"faq\" data-component=\"FAQ\"><div class=\"faq-item\">\r\n\t\t\t\t\t<div class=\"faq-item-question\">\r\n\t\t\t\t\t\t<h3 class=\"faq-item-question-text\">Esiste un modo per incorporare Number Counter nel mio sito Web jQuery senza codifica?<\/h3>\r\n\r\n\t\t\t\t\t\t<div class=\"faq-item-question-icon\"><\/div>\r\n\t\t\t\t\t<\/div>\r\n\r\n\t\t\t\t\t<div class=\"faq-item-answer\">\r\n\t\t\t\t\t\t<div class=\"faq-item-answer-text\"> <p>La societ\u00e0 Elfsight offre una soluzione che consente alle persone di creare autonomamente un widget Number Counter, scoprilo quanto \u00e8 facile: lavora direttamente nell&#8217;editor live per creare una sezione Contatore numeri che desideri venga visualizzata sulla pagina web jQuery. Scegli uno dei nostri modelli gi\u00e0 pronti e modifica le impostazioni del contatore dei numeri, modifica il layout e i colori inclusi i tuoi contenuti, senza alcuna conoscenza di programmazione. Fai clic per salvare le impostazioni che hai effettuato su Number Counter e copia il suo codice di installazione, che pu\u00f2 essere facilmente aggiunto nella home page di jQuery all&#8217;interno di un piano gratuito. Con l&#8217;aiuto dell&#8217;editor intuitivo qualsiasi utente web pu\u00f2 creare la sezione Contatore numeri online e incollarla facilmente nella propria pagina web jQuery. Non \u00e8 necessario pagare o divulgare i dati della tua carta per accedere al nostro servizio. Se riscontri problemi in qualsiasi momento, non esitare a contattare il nostro staff di supporto tecnico.<\/p> <\/div>\r\n\t\t\t\t\t<\/div>\r\n\t\t\t\t<\/div> <\/div><\/div>","protected":false},"excerpt":{"rendered":"","protected":false},"author":9,"featured_media":0,"parent":1862,"menu_order":0,"comment_status":"closed","ping_status":"closed","template":"templates\/template-application-platform.php","meta":{"publish_to_discourse":"","publish_post_category":"","wpdc_auto_publish_overridden":"","wpdc_topic_tags":"","wpdc_pin_topic":"","wpdc_pin_until":"","discourse_post_id":"","discourse_permalink":"","wpdc_publishing_response":"","wpdc_publishing_error":"","footnotes":""},"class_list":["post-5067","page","type-page","status-publish","hentry"],"yoast_head":"<!-- This site is optimized with the Yoast SEO plugin v25.3.1 - https:\/\/yoast.com\/wordpress\/plugins\/seo\/ -->\n<title>Contatore numeri: aggiungi il plug-in Contatore a jQuery (gratuito e veloce)<\/title>\n<meta name=\"description\" content=\"Integra un contatore di numeri nella tua pagina web jQuery, utilizzando la nostra pratica demo. Crea il tuo elemento su misura in un paio di clic e senza sforzo!\" \/>\n<meta name=\"robots\" content=\"index, follow, max-snippet:-1, max-image-preview:large, max-video-preview:-1\" \/>\n<link rel=\"canonical\" href=\"https:\/\/elfsight.com\/it\/number-counter-widget\/jquery\/\" \/>\n<meta property=\"og:locale\" content=\"it_IT\" \/>\n<meta property=\"og:type\" content=\"article\" \/>\n<meta property=\"og:title\" content=\"Contatore numeri: aggiungi il plug-in Contatore a jQuery (gratuito e veloce)\" \/>\n<meta property=\"og:description\" content=\"Integra un contatore di numeri nella tua pagina web jQuery, utilizzando la nostra pratica demo. Crea il tuo elemento su misura in un paio di clic e senza sforzo!\" \/>\n<meta property=\"og:url\" content=\"https:\/\/elfsight.com\/it\/number-counter-widget\/jquery\/\" \/>\n<meta property=\"og:site_name\" content=\"Elfsight IT\" \/>\n<meta property=\"article:modified_time\" content=\"2024-11-12T08:07:02+00:00\" \/>\n<meta name=\"twitter:card\" content=\"summary_large_image\" \/>\n<meta name=\"twitter:label1\" content=\"Tempo di lettura stimato\" \/>\n\t<meta name=\"twitter:data1\" content=\"3 minuti\" \/>\n<!-- \/ Yoast SEO plugin. -->","yoast_head_json":{"title":"Contatore numeri: aggiungi il plug-in Contatore a jQuery (gratuito e veloce)","description":"Integra un contatore di numeri nella tua pagina web jQuery, utilizzando la nostra pratica demo. Crea il tuo elemento su misura in un paio di clic e senza sforzo!","robots":{"index":"index","follow":"follow","max-snippet":"max-snippet:-1","max-image-preview":"max-image-preview:large","max-video-preview":"max-video-preview:-1"},"canonical":"https:\/\/elfsight.com\/it\/number-counter-widget\/jquery\/","og_locale":"it_IT","og_type":"article","og_title":"Contatore numeri: aggiungi il plug-in Contatore a jQuery (gratuito e veloce)","og_description":"Integra un contatore di numeri nella tua pagina web jQuery, utilizzando la nostra pratica demo. Crea il tuo elemento su misura in un paio di clic e senza sforzo!","og_url":"https:\/\/elfsight.com\/it\/number-counter-widget\/jquery\/","og_site_name":"Elfsight IT","article_modified_time":"2024-11-12T08:07:02+00:00","twitter_card":"summary_large_image","twitter_misc":{"Tempo di lettura stimato":"3 minuti"},"schema":{"@context":"https:\/\/schema.org","@graph":[{"@type":"WebPage","@id":"https:\/\/elfsight.com\/it\/number-counter-widget\/jquery\/","url":"https:\/\/elfsight.com\/it\/number-counter-widget\/jquery\/","name":"Contatore numeri: aggiungi il plug-in Contatore a jQuery (gratuito e veloce)","isPartOf":{"@id":"https:\/\/elfsight.com\/it\/#website"},"datePublished":"2024-05-03T06:41:27+00:00","dateModified":"2024-11-12T08:07:02+00:00","description":"Integra un contatore di numeri nella tua pagina web jQuery, utilizzando la nostra pratica demo. Crea il tuo elemento su misura in un paio di clic e senza sforzo!","breadcrumb":{"@id":"https:\/\/elfsight.com\/it\/number-counter-widget\/jquery\/#breadcrumb"},"inLanguage":"it-IT","potentialAction":[{"@type":"ReadAction","target":["https:\/\/elfsight.com\/it\/number-counter-widget\/jquery\/"]}]},{"@type":"BreadcrumbList","@id":"https:\/\/elfsight.com\/it\/number-counter-widget\/jquery\/#breadcrumb","itemListElement":[{"@type":"ListItem","position":1,"name":"Home","item":"https:\/\/elfsight.com\/it\/"},{"@type":"ListItem","position":2,"name":"Number Counter","item":"https:\/\/elfsight.com\/it\/number-counter-widget\/"},{"@type":"ListItem","position":3,"name":"Number Counter &#8211; jQuery"}]},{"@type":"WebSite","@id":"https:\/\/elfsight.com\/it\/#website","url":"https:\/\/elfsight.com\/it\/","name":"Elfsight IT","description":"Just another Elfsight Sites site","potentialAction":[{"@type":"SearchAction","target":{"@type":"EntryPoint","urlTemplate":"https:\/\/elfsight.com\/it\/?s={search_term_string}"},"query-input":{"@type":"PropertyValueSpecification","valueRequired":true,"valueName":"search_term_string"}}],"inLanguage":"it-IT"}]}},"meta_box":{"industry":"","seo_heading":"","heading":"","description":"","cta_heading":"","cta_description":"","application":"1861","h1":"Plug-in contatore numeri jQuery","h1_caption":"Mostra statistiche chiave e traguardi con contatori animati per evidenziare i tuoi risultati in modo coinvolgente nel tuo sito Web jQuery senza sforzo.","application_category":[],"applications_title":"","applications_request_title":"","applications_request_button_text":"","hero_text":"","hero_video":"","hero_video_schema_markup":"","selling_points_title":"","selling_points_caption":"","selling_points":[],"selling_points_cta_text":"","features_title":"","features":"","ed_cta_examples_text":"","ed_cta_examples_hidden":"","ed_cta_demo_text":"","ed_cta_demo_hidden":"","why_caption":"","why_editor_title":"","why_editor_text":"","why_team_title":"","why_team_text":"","why_service_title":"","why_service_text":"","template_catalog_visible":"","template_catalog_title":"","template_catalog_text":"","template_catalog_categories_visible":"","demo_title":"Crea il tuo plugin Contatore di numeri","demo_caption":"Configura il tuo contatore di numeri e aggiungilo gratuitamente al tuo sito jQuery!","default_faq_hidden":"","app_template_category":[],"platform":"37","template_public_id":"","codecanyon_url":"","codecanyon_item_id":"","codecanyon_price":"","pricing_caption":"","pricing_elfsight_apps_hide_column":"","pricing_elfsight_apps_url":"","pricing_codecanyon_price_caption":"","integration_category":[],"integration_request_title":"","integration_request_cta":"","integration_platform":"","integrations":[],"platform_category":[],"video_schema_markup":"","price":"da $ 0 al mese","trial":"","benefits":[{"text":"Servizio di installazione gratuito"},{"text":"Assistenza clienti con esperienza"},{"text":"Garanzia di rimborso di 14 giorni"},{"text":"Aggiornamenti gratuiti continui"}],"button_url":"#demo","button_target_blank":"","button_nofollow":"","attributes":[{"name":"Installazioni"},{"name":"Reattivo","content":"S\u00cc"},{"name":"Browser compatibili","content":"Firefox, Safari, Opera, Chrome, Edge"}],"tags":[],"tags_disable_links":"","hide_more_platforms":"","video_object":"","demo_hide_cta":"","demo_hide_cloud_options":"","pricing_title":"","pricing":[{"pricing_icon":"platform","pricing_title":"Elfsight Apps","pricing_title_caption":"Versione multipiattaforma che funziona su qualsiasi sito web","pricing_price":"da $ 0 \/ mese","pricing_price_caption":"inizia con un piano gratuito","pricing_benefits":[{"text":"Domini illimitati"},{"text":"Supporto 24 ore su 24, 7 giorni su 7 e ben documentato"},{"text":"Aiuto per l'installazione gratuito"},{"text":"Progettazione flessibile"}],"pricing_button_text":"Aggiungi al sito web","pricing_button_url":"#demo"}],"related_apps_title":"","related_apps_hidden":"","author":"","image":[],"title":"","job":"","social_networks":[]},"_links":{"self":[{"href":"https:\/\/elfsight.com\/it\/wp-json\/wp\/v2\/pages\/5067","targetHints":{"allow":["GET"]}}],"collection":[{"href":"https:\/\/elfsight.com\/it\/wp-json\/wp\/v2\/pages"}],"about":[{"href":"https:\/\/elfsight.com\/it\/wp-json\/wp\/v2\/types\/page"}],"author":[{"embeddable":true,"href":"https:\/\/elfsight.com\/it\/wp-json\/wp\/v2\/users\/9"}],"replies":[{"embeddable":true,"href":"https:\/\/elfsight.com\/it\/wp-json\/wp\/v2\/comments?post=5067"}],"version-history":[{"count":1,"href":"https:\/\/elfsight.com\/it\/wp-json\/wp\/v2\/pages\/5067\/revisions"}],"predecessor-version":[{"id":5071,"href":"https:\/\/elfsight.com\/it\/wp-json\/wp\/v2\/pages\/5067\/revisions\/5071"}],"up":[{"embeddable":true,"href":"https:\/\/elfsight.com\/it\/wp-json\/wp\/v2\/pages\/1862"}],"wp:attachment":[{"href":"https:\/\/elfsight.com\/it\/wp-json\/wp\/v2\/media?parent=5067"}],"curies":[{"name":"wp","href":"https:\/\/api.w.org\/{rel}","templated":true}]}}