{"id":5061,"date":"2024-05-03T06:41:25","date_gmt":"2024-05-03T06:41:25","guid":{"rendered":"https:\/\/elfsight.com\/it\/?page_id=5061"},"modified":"2024-11-12T08:07:02","modified_gmt":"2024-11-12T08:07:02","slug":"iframe","status":"publish","type":"page","link":"https:\/\/elfsight.com\/it\/number-counter-widget\/iframe\/","title":{"rendered":"Number Counter &#8211; iFrame"},"content":{"rendered":"<div class=\"application-platform-content-item-description application-platform-content-item\" id=\"description\" data-nav-section=\"description\"> <h2>Incorpora il contatore dei numeri su iFrame con il widget Elfsight<\/h2> <p>Il contatore dei numeri \u00e8 un widget gestibile per iFrame con un ampio array di opzioni. \u00c8 positivo essere orgogliosi dei tuoi eccezionali indici aziendali, della quantit\u00e0 di lavoro svolto finora e non \u00e8 tutto. Lo strumento \u00e8 estremamente flessibile. Sentiti libero di costruire un numero illimitato di contatori, comporli in colonne, scegliere icone dalla nostra collezione o caricare le tue personalizzate, renderle colorate o monocromatiche, aggiungere didascalie per chiarire i numeri che stai visualizzando, ricolorare qualsiasi funzione, scegliere l&#8217;immagine di sfondo , e non \u00e8 nemmeno la met\u00e0. Inizia subito a costruire il tuo widget e guarda crescere le tue statistiche aziendali cruciali! <\/p> <p><b>Mostra i tuoi straordinari risultati ai tuoi futuri acquirenti. Aumenta la quantit\u00e0 di vendite e lead di successo! <\/b><\/p> <\/div> <div class=\"application-platform-content-item-features application-platform-content-item\" id=\"features\" data-nav-section=\"features\"> <h2>Queste sono solo alcune delle molteplici funzionalit\u00e0 del widget: <\/h2> <ul><li>Un numero illimitato di contatori. <\/li><li>Numero illimitato di colonne. <\/li><li>Aggiungi titoli, intestazioni, prefissi e suffissi. <\/li><li>Scegli il formato dell&#8217;icona: scaricalo dalla nostra libreria o carica il tuo formato personalizzato. <\/li><li>Link aggiuntivi. <\/li><\/ul><p><a href=\"#demo\">Puoi esplorare come funziona il widget con l&#8217;aiuto della demo<\/a><\/p> <\/div> <div class=\"application-platform-content-item- installazione application-platform-content-item\" id=\" installazione\" data-nav-section=\" installazione\"> <h2>Come aggiungere il contatore dei numeri al mio sito Web iFrame? <\/h2> <p>Segui semplicemente questi passaggi indicati di seguito per aggiungere il widget. <\/p> <ol><li><b>Gestione del nostro configuratore gratuito, inizia a creare il tuo strumento personalizzato. <\/b><br> Scegli l&#8217;interfaccia e gli aspetti adatti del widget e applica le modifiche. <\/li> <li><b>Acquisisci il codice individuale che appare nell&#8217;apposito modulo su Elfsight Apps. <\/b><br> Una volta completata la personalizzazione del tuo plugin, copia il codice individuale dalla casella emersa e salvalo per un&#8217;occasione successiva. <\/li> <li><b>Inizia a utilizzare il plug-in sulla home page di iFrame. <\/b><br> Incolla il codice che hai salvato in precedenza nella tua pagina web e salva le modifiche. <\/li> <li><b>L&#8217;installazione \u00e8 completamente eseguita. <\/b><br> Visita il tuo sito web per vedere in azione come funziona il widget. <\/li><\/ol> <p>Se dovessi affrontare domande o superare alcuni ostacoli, non esitare a contattare il nostro team di supporto. I nostri consulenti saranno entusiasti di risolvere tutte le difficolt\u00e0 che potresti avere con il prodotto. <\/p> <div class=\"faq\" data-component=\"FAQ\"><div class=\"faq-item\">\r\n\t\t\t\t\t<div class=\"faq-item-question\">\r\n\t\t\t\t\t\t<h3 class=\"faq-item-question-text\">Esiste un metodo per aggiungere Number Counter alla mia pagina Web iFrame senza esperienza di codifica?<\/h3>\r\n\r\n\t\t\t\t\t\t<div class=\"faq-item-question-icon\"><\/div>\r\n\t\t\t\t\t<\/div>\r\n\r\n\t\t\t\t\t<div class=\"faq-item-answer\">\r\n\t\t\t\t\t\t<div class=\"faq-item-answer-text\"> <p>Elfsight fornisce una soluzione SaaS che consente ai proprietari dei siti di creare autonomamente un&#8217;app Number Counter , scopri quanto \u00e8 semplice: vai alla Demo online per creare un plugin Number Counter che desideri integrare nella pagina web iFrame. Seleziona uno dei nostri modelli predefiniti e adatta le impostazioni del contatore dei numeri, modifica il layout e i colori inclusi i tuoi contenuti, senza esperienza di codifica. Fai clic per salvare il contatore dei numeri e ottenere il codice di installazione, che puoi incorporare nella pagina Web iFrame utilizzando un piano gratuito. Con l&#8217;editor intuitivo ogni utente web pu\u00f2 creare la sezione Contatore numeri e incorporarla facilmente nella home page di iFrame. Non \u00e8 necessario sottoscrivere un abbonamento a pagamento o inviare i dati della carta per accedere al nostro Editor. Se incontri ostacoli di qualsiasi tipo, non esitare a parlare con il nostro supporto tecnico clienti.<\/p> <\/div>\r\n\t\t\t\t\t<\/div>\r\n\t\t\t\t<\/div> <\/div><\/div>","protected":false},"excerpt":{"rendered":"","protected":false},"author":9,"featured_media":0,"parent":1862,"menu_order":0,"comment_status":"closed","ping_status":"closed","template":"templates\/template-application-platform.php","meta":{"publish_to_discourse":"","publish_post_category":"","wpdc_auto_publish_overridden":"","wpdc_topic_tags":"","wpdc_pin_topic":"","wpdc_pin_until":"","discourse_post_id":"","discourse_permalink":"","wpdc_publishing_response":"","wpdc_publishing_error":"","footnotes":""},"class_list":["post-5061","page","type-page","status-publish","hentry"],"yoast_head":"<!-- This site is optimized with the Yoast SEO plugin v25.3.1 - https:\/\/yoast.com\/wordpress\/plugins\/seo\/ -->\n<title>Contatore numeri: aggiungi il widget Contatore al sito Web iFrame<\/title>\n<meta name=\"description\" content=\"Utilizza un contatore di numeri sul tuo sito web iFrame, sfruttando la nostra demo live. Costruisci il tuo widget unico in pochi clic!\" \/>\n<meta name=\"robots\" content=\"index, follow, max-snippet:-1, max-image-preview:large, max-video-preview:-1\" \/>\n<link rel=\"canonical\" href=\"https:\/\/elfsight.com\/it\/number-counter-widget\/iframe\/\" \/>\n<meta property=\"og:locale\" content=\"it_IT\" \/>\n<meta property=\"og:type\" content=\"article\" \/>\n<meta property=\"og:title\" content=\"Contatore numeri: aggiungi il widget Contatore al sito Web iFrame\" \/>\n<meta property=\"og:description\" content=\"Utilizza un contatore di numeri sul tuo sito web iFrame, sfruttando la nostra demo live. Costruisci il tuo widget unico in pochi clic!\" \/>\n<meta property=\"og:url\" content=\"https:\/\/elfsight.com\/it\/number-counter-widget\/iframe\/\" \/>\n<meta property=\"og:site_name\" content=\"Elfsight IT\" \/>\n<meta property=\"article:modified_time\" content=\"2024-11-12T08:07:02+00:00\" \/>\n<meta name=\"twitter:card\" content=\"summary_large_image\" \/>\n<meta name=\"twitter:label1\" content=\"Tempo di lettura stimato\" \/>\n\t<meta name=\"twitter:data1\" content=\"3 minuti\" \/>\n<!-- \/ Yoast SEO plugin. -->","yoast_head_json":{"title":"Contatore numeri: aggiungi il widget Contatore al sito Web iFrame","description":"Utilizza un contatore di numeri sul tuo sito web iFrame, sfruttando la nostra demo live. Costruisci il tuo widget unico in pochi clic!","robots":{"index":"index","follow":"follow","max-snippet":"max-snippet:-1","max-image-preview":"max-image-preview:large","max-video-preview":"max-video-preview:-1"},"canonical":"https:\/\/elfsight.com\/it\/number-counter-widget\/iframe\/","og_locale":"it_IT","og_type":"article","og_title":"Contatore numeri: aggiungi il widget Contatore al sito Web iFrame","og_description":"Utilizza un contatore di numeri sul tuo sito web iFrame, sfruttando la nostra demo live. Costruisci il tuo widget unico in pochi clic!","og_url":"https:\/\/elfsight.com\/it\/number-counter-widget\/iframe\/","og_site_name":"Elfsight IT","article_modified_time":"2024-11-12T08:07:02+00:00","twitter_card":"summary_large_image","twitter_misc":{"Tempo di lettura stimato":"3 minuti"},"schema":{"@context":"https:\/\/schema.org","@graph":[{"@type":"WebPage","@id":"https:\/\/elfsight.com\/it\/number-counter-widget\/iframe\/","url":"https:\/\/elfsight.com\/it\/number-counter-widget\/iframe\/","name":"Contatore numeri: aggiungi il widget Contatore al sito Web iFrame","isPartOf":{"@id":"https:\/\/elfsight.com\/it\/#website"},"datePublished":"2024-05-03T06:41:25+00:00","dateModified":"2024-11-12T08:07:02+00:00","description":"Utilizza un contatore di numeri sul tuo sito web iFrame, sfruttando la nostra demo live. Costruisci il tuo widget unico in pochi clic!","breadcrumb":{"@id":"https:\/\/elfsight.com\/it\/number-counter-widget\/iframe\/#breadcrumb"},"inLanguage":"it-IT","potentialAction":[{"@type":"ReadAction","target":["https:\/\/elfsight.com\/it\/number-counter-widget\/iframe\/"]}]},{"@type":"BreadcrumbList","@id":"https:\/\/elfsight.com\/it\/number-counter-widget\/iframe\/#breadcrumb","itemListElement":[{"@type":"ListItem","position":1,"name":"Home","item":"https:\/\/elfsight.com\/it\/"},{"@type":"ListItem","position":2,"name":"Number Counter","item":"https:\/\/elfsight.com\/it\/number-counter-widget\/"},{"@type":"ListItem","position":3,"name":"Number Counter &#8211; iFrame"}]},{"@type":"WebSite","@id":"https:\/\/elfsight.com\/it\/#website","url":"https:\/\/elfsight.com\/it\/","name":"Elfsight IT","description":"Just another Elfsight Sites site","potentialAction":[{"@type":"SearchAction","target":{"@type":"EntryPoint","urlTemplate":"https:\/\/elfsight.com\/it\/?s={search_term_string}"},"query-input":{"@type":"PropertyValueSpecification","valueRequired":true,"valueName":"search_term_string"}}],"inLanguage":"it-IT"}]}},"meta_box":{"industry":"","seo_heading":"","heading":"","description":"","cta_heading":"","cta_description":"","application":"1861","h1":"Widget Contatore numeri iFrame","h1_caption":"Mostra statistiche chiave e traguardi con contatori animati per evidenziare i tuoi risultati in modo coinvolgente nel tuo sito web iFrame senza sforzo.","application_category":[],"applications_title":"","applications_request_title":"","applications_request_button_text":"","hero_text":"","hero_video":"","hero_video_schema_markup":"","selling_points_title":"","selling_points_caption":"","selling_points":[],"selling_points_cta_text":"","features_title":"","features":"","ed_cta_examples_text":"","ed_cta_examples_hidden":"","ed_cta_demo_text":"","ed_cta_demo_hidden":"","why_caption":"","why_editor_title":"","why_editor_text":"","why_team_title":"","why_team_text":"","why_service_title":"","why_service_text":"","template_catalog_visible":"","template_catalog_title":"","template_catalog_text":"","template_catalog_categories_visible":"","demo_title":"Crea il tuo widget Contatore numeri","demo_caption":"Configura il tuo contatore numerico e aggiungilo gratuitamente al tuo sito iFrame!","default_faq_hidden":"","app_template_category":[],"platform":"54","template_public_id":"","codecanyon_url":"","codecanyon_item_id":"","codecanyon_price":"","pricing_caption":"","pricing_elfsight_apps_hide_column":"","pricing_elfsight_apps_url":"","pricing_codecanyon_price_caption":"","integration_category":[],"integration_request_title":"","integration_request_cta":"","integration_platform":"","integrations":[],"platform_category":[],"video_schema_markup":"","price":"da $ 0 al mese","trial":"","benefits":[{"text":"Servizio di installazione gratuito"},{"text":"Supporto eccezionale"},{"text":"Garanzia di rimborso di 14 giorni"},{"text":"Sviluppo continuo"}],"button_url":"#demo","button_target_blank":"","button_nofollow":"","attributes":[{"name":"Installazioni"},{"name":"Reattivo","content":"S\u00cc"},{"name":"Browser compatibili","content":"IE 11, Firefox, Safari, Opera, Chrome, Edge"}],"tags":[],"tags_disable_links":"","hide_more_platforms":"","video_object":"","demo_hide_cta":"","demo_hide_cloud_options":"","pricing_title":"","pricing":[{"pricing_icon":"platform","pricing_title":"Elfsight Apps","pricing_title_caption":"Versione multipiattaforma che funziona su qualsiasi sito","pricing_price":"da $ 0 \/ mese","pricing_price_caption":"inizia con il piano gratuito","pricing_benefits":[{"text":"Domini illimitati"},{"text":"Supporto premium e puntuale"},{"text":"Servizio di installazione gratuito"},{"text":"Ottimo affare per pi\u00f9 app"}],"pricing_button_text":"Aggiungi al sito web","pricing_button_url":"#demo"}],"related_apps_title":"","related_apps_hidden":"","author":"","image":[],"title":"","job":"","social_networks":[]},"_links":{"self":[{"href":"https:\/\/elfsight.com\/it\/wp-json\/wp\/v2\/pages\/5061","targetHints":{"allow":["GET"]}}],"collection":[{"href":"https:\/\/elfsight.com\/it\/wp-json\/wp\/v2\/pages"}],"about":[{"href":"https:\/\/elfsight.com\/it\/wp-json\/wp\/v2\/types\/page"}],"author":[{"embeddable":true,"href":"https:\/\/elfsight.com\/it\/wp-json\/wp\/v2\/users\/9"}],"replies":[{"embeddable":true,"href":"https:\/\/elfsight.com\/it\/wp-json\/wp\/v2\/comments?post=5061"}],"version-history":[{"count":1,"href":"https:\/\/elfsight.com\/it\/wp-json\/wp\/v2\/pages\/5061\/revisions"}],"predecessor-version":[{"id":5065,"href":"https:\/\/elfsight.com\/it\/wp-json\/wp\/v2\/pages\/5061\/revisions\/5065"}],"up":[{"embeddable":true,"href":"https:\/\/elfsight.com\/it\/wp-json\/wp\/v2\/pages\/1862"}],"wp:attachment":[{"href":"https:\/\/elfsight.com\/it\/wp-json\/wp\/v2\/media?parent=5061"}],"curies":[{"name":"wp","href":"https:\/\/api.w.org\/{rel}","templated":true}]}}