{"id":5060,"date":"2024-05-03T06:41:24","date_gmt":"2024-05-03T06:41:24","guid":{"rendered":"https:\/\/elfsight.com\/it\/?page_id=5060"},"modified":"2024-11-12T08:07:02","modified_gmt":"2024-11-12T08:07:02","slug":"magento","status":"publish","type":"page","link":"https:\/\/elfsight.com\/it\/number-counter-widget\/magento\/","title":{"rendered":"Number Counter &#8211; Magento"},"content":{"rendered":"<div class=\"application-platform-content-item-description application-platform-content-item\" id=\"description\" data-nav-section=\"description\"> <h2>Descrizione<\/h2> <p>Elfsight Number Counter \u00e8 un&#8217;estensione per Magento facile da usare con molte opzioni tra cui scegliere. \u00c8 un ottimo strumento per mostrare i tuoi importanti indici aziendali, la quantit\u00e0 di lavori che hai svolto e molto altro ancora. Il plugin \u00e8 estremamente flessibile. Sei libero di aggiungere qualsiasi numero di contatori, impostarli in colonne, selezionare icone dalla nostra collezione o caricare quelle personalizzate, renderli multicolori o monocolori, aggiungere titoli per fornire ai tuoi visitatori informazioni possibili, ridipingere qualsiasi funzionalit\u00e0, scegliere il immagine di sfondo, e non \u00e8 tutto. Inizia semplicemente a creare la tua funzione ora e vedrai crescere le statistiche della tua attivit\u00e0 principale! <\/p> <p><b>Mostra i tuoi brillanti risultati ai tuoi potenziali clienti. Ottieni vendite e lead di maggior successo! <\/b><\/p> <\/div> <div class=\"application-platform-content-item-features application-platform-content-item\" id=\"features\" data-nav-section=\"features\"> <h2>Ecco l&#8217;elenco delle funzionalit\u00e0 pi\u00f9 potenti: <\/h2> <ul><li>Un numero illimitato di contatori. <\/li><li>Numero illimitato di colonne. <\/li><li>Aggiungi titoli, titoli, prefissi e postfissi. <\/li><li>Scegli la categoria di icone: sceglila dalla nostra raccolta o carica la tua. <\/li><li>Incorpora collegamenti. <\/li><\/ul><p><a href=\"#demo\">Prova tutte le funzionalit\u00e0 di personalizzazione nella demo completa<\/a><\/p> <\/div> <div class=\"application-platform-content-item-installation application-platform-content-item\" id=\"installation\" data-nav-section=\"installation\"> <h2>Come aggiungere il contatore di numeri al mio sito web Magento? <\/h2> <p>Segui semplicemente un paio di passaggi indicati di seguito per incorporare il widget. <\/p> <ol><li><b>Lancia il nostro configuratore gratuito e inizia a creare la tua estensione personalizzata. <\/b><br> Scegli l&#8217;aspetto e i parametri adatti dell&#8217;estensione e applica tutte le correzioni. <\/li> <li><b>Copia il tuo codice univoco mostrato nell&#8217;apposito modulo su Elfsight Apps. <\/b><br> Subito dopo aver stabilito la tua estensione, copia il codice personale dal popup visualizzato e conservalo per un ulteriore utilizzo. <\/li> <li><b>Inizia a utilizzare l&#8217;estensione sul sito Magento. <\/b><br> Implementa il codice che hai copiato in precedenza nella tua pagina web e applica le modifiche. <\/li> <li><b>L&#8217;installazione \u00e8 stata completata con successo. <\/b><br> Vai al tuo sito per vedere in azione come funziona l&#8217;estensione. <\/li><\/ol><p>In caso di problemi, non aver paura di scrivere al nostro team di supporto. I nostri specialisti non vedono l&#8217;ora di risolvere tutte le domande che potresti avere sul prodotto. <\/p> <div class=\"faq\" data-component=\"FAQ\"><div class=\"faq-item\">\r\n\t\t\t\t\t<div class=\"faq-item-question\">\r\n\t\t\t\t\t\t<h3 class=\"faq-item-question-text\">In che modo posso incorporare Number Counter nella mia home page Magento senza codifica?<\/h3>\r\n\r\n\t\t\t\t\t\t<div class=\"faq-item-question-icon\"><\/div>\r\n\t\t\t\t\t<\/div>\r\n\r\n\t\t\t\t\t<div class=\"faq-item-answer\">\r\n\t\t\t\t\t\t<div class=\"faq-item-answer-text\"> <p>Elfsight offre una soluzione SaaS che consente agli utenti di generare da soli un plug-in Number Counter, guarda il semplici passaggi: lavora nella demo live per generare un widget contatore di numeri che desideri includere nel tuo sito web Magento. Fai clic su uno dei nostri modelli predefiniti e modifica le impostazioni del contatore dei numeri, cambia il layout e il colore degli elementi e aggiungi i tuoi contenuti, senza esperienza di codifica. Fai clic per salvare le impostazioni effettuate su Number Counter e copia il codice di installazione del plugin, che puoi incorporare nel sito Magento utilizzando un piano gratuito. Con il semplice editor ogni utente web pu\u00f2 creare il plugin Number Counter e incorporarlo facilmente nella pagina web Magento. Non dovresti pagare o rivelare le credenziali della tua carta per accedere al servizio Elfsight. Se riscontri problemi di qualsiasi tipo, vai avanti e parla con il nostro team di supporto.<\/p> <\/div>\r\n\t\t\t\t\t<\/div>\r\n\t\t\t\t<\/div> <\/div><\/div>","protected":false},"excerpt":{"rendered":"","protected":false},"author":9,"featured_media":0,"parent":1862,"menu_order":0,"comment_status":"closed","ping_status":"closed","template":"templates\/template-application-platform.php","meta":{"publish_to_discourse":"","publish_post_category":"","wpdc_auto_publish_overridden":"","wpdc_topic_tags":"","wpdc_pin_topic":"","wpdc_pin_until":"","discourse_post_id":"","discourse_permalink":"","wpdc_publishing_response":"","wpdc_publishing_error":"","footnotes":""},"class_list":["post-5060","page","type-page","status-publish","hentry"],"yoast_head":"<!-- This site is optimized with the Yoast SEO plugin v25.3.1 - https:\/\/yoast.com\/wordpress\/plugins\/seo\/ -->\n<title>Contatore numeri Elfsight per siti web Magento (gratuito e facile)<\/title>\n<meta name=\"description\" content=\"Prova un contatore di numeri nel tuo sito Magento, utilizzando la nostra demo live. Dai forma alla tua estensione personalizzata in pochi click e senza alcuno sforzo!\" \/>\n<meta name=\"robots\" content=\"index, follow, max-snippet:-1, max-image-preview:large, max-video-preview:-1\" \/>\n<link rel=\"canonical\" href=\"https:\/\/elfsight.com\/it\/number-counter-widget\/magento\/\" \/>\n<meta property=\"og:locale\" content=\"it_IT\" \/>\n<meta property=\"og:type\" content=\"article\" \/>\n<meta property=\"og:title\" content=\"Contatore numeri Elfsight per siti web Magento (gratuito e facile)\" \/>\n<meta property=\"og:description\" content=\"Prova un contatore di numeri nel tuo sito Magento, utilizzando la nostra demo live. Dai forma alla tua estensione personalizzata in pochi click e senza alcuno sforzo!\" \/>\n<meta property=\"og:url\" content=\"https:\/\/elfsight.com\/it\/number-counter-widget\/magento\/\" \/>\n<meta property=\"og:site_name\" content=\"Elfsight IT\" \/>\n<meta property=\"article:modified_time\" content=\"2024-11-12T08:07:02+00:00\" \/>\n<meta name=\"twitter:card\" content=\"summary_large_image\" \/>\n<meta name=\"twitter:label1\" content=\"Tempo di lettura stimato\" \/>\n\t<meta name=\"twitter:data1\" content=\"3 minuti\" \/>\n<!-- \/ Yoast SEO plugin. -->","yoast_head_json":{"title":"Contatore numeri Elfsight per siti web Magento (gratuito e facile)","description":"Prova un contatore di numeri nel tuo sito Magento, utilizzando la nostra demo live. Dai forma alla tua estensione personalizzata in pochi click e senza alcuno sforzo!","robots":{"index":"index","follow":"follow","max-snippet":"max-snippet:-1","max-image-preview":"max-image-preview:large","max-video-preview":"max-video-preview:-1"},"canonical":"https:\/\/elfsight.com\/it\/number-counter-widget\/magento\/","og_locale":"it_IT","og_type":"article","og_title":"Contatore numeri Elfsight per siti web Magento (gratuito e facile)","og_description":"Prova un contatore di numeri nel tuo sito Magento, utilizzando la nostra demo live. Dai forma alla tua estensione personalizzata in pochi click e senza alcuno sforzo!","og_url":"https:\/\/elfsight.com\/it\/number-counter-widget\/magento\/","og_site_name":"Elfsight IT","article_modified_time":"2024-11-12T08:07:02+00:00","twitter_card":"summary_large_image","twitter_misc":{"Tempo di lettura stimato":"3 minuti"},"schema":{"@context":"https:\/\/schema.org","@graph":[{"@type":"WebPage","@id":"https:\/\/elfsight.com\/it\/number-counter-widget\/magento\/","url":"https:\/\/elfsight.com\/it\/number-counter-widget\/magento\/","name":"Contatore numeri Elfsight per siti web Magento (gratuito e facile)","isPartOf":{"@id":"https:\/\/elfsight.com\/it\/#website"},"datePublished":"2024-05-03T06:41:24+00:00","dateModified":"2024-11-12T08:07:02+00:00","description":"Prova un contatore di numeri nel tuo sito Magento, utilizzando la nostra demo live. Dai forma alla tua estensione personalizzata in pochi click e senza alcuno sforzo!","breadcrumb":{"@id":"https:\/\/elfsight.com\/it\/number-counter-widget\/magento\/#breadcrumb"},"inLanguage":"it-IT","potentialAction":[{"@type":"ReadAction","target":["https:\/\/elfsight.com\/it\/number-counter-widget\/magento\/"]}]},{"@type":"BreadcrumbList","@id":"https:\/\/elfsight.com\/it\/number-counter-widget\/magento\/#breadcrumb","itemListElement":[{"@type":"ListItem","position":1,"name":"Home","item":"https:\/\/elfsight.com\/it\/"},{"@type":"ListItem","position":2,"name":"Number Counter","item":"https:\/\/elfsight.com\/it\/number-counter-widget\/"},{"@type":"ListItem","position":3,"name":"Number Counter &#8211; Magento"}]},{"@type":"WebSite","@id":"https:\/\/elfsight.com\/it\/#website","url":"https:\/\/elfsight.com\/it\/","name":"Elfsight IT","description":"Just another Elfsight Sites site","potentialAction":[{"@type":"SearchAction","target":{"@type":"EntryPoint","urlTemplate":"https:\/\/elfsight.com\/it\/?s={search_term_string}"},"query-input":{"@type":"PropertyValueSpecification","valueRequired":true,"valueName":"search_term_string"}}],"inLanguage":"it-IT"}]}},"meta_box":{"industry":"","seo_heading":"","heading":"","description":"","cta_heading":"","cta_description":"","application":"1861","h1":"Estensione contatore numeri Magento","h1_caption":"Mostra statistiche chiave e traguardi con contatori animati per evidenziare i tuoi risultati in modo coinvolgente nel tuo sito web Magento senza sforzo.","application_category":[],"applications_title":"","applications_request_title":"","applications_request_button_text":"","hero_text":"","hero_video":"","hero_video_schema_markup":"","selling_points_title":"","selling_points_caption":"","selling_points":[],"selling_points_cta_text":"","features_title":"","features":"","ed_cta_examples_text":"","ed_cta_examples_hidden":"","ed_cta_demo_text":"","ed_cta_demo_hidden":"","why_caption":"","why_editor_title":"","why_editor_text":"","why_team_title":"","why_team_text":"","why_service_title":"","why_service_text":"","template_catalog_visible":"","template_catalog_title":"","template_catalog_text":"","template_catalog_categories_visible":"","demo_title":"Crea la tua estensione Number Counter","demo_caption":"Configura il tuo contatore numerico e aggiungilo gratuitamente al tuo sito Magento!","default_faq_hidden":"","app_template_category":[],"platform":"39","template_public_id":"","codecanyon_url":"","codecanyon_item_id":"","codecanyon_price":"","pricing_caption":"","pricing_elfsight_apps_hide_column":"","pricing_elfsight_apps_url":"","pricing_codecanyon_price_caption":"","integration_category":[],"integration_request_title":"","integration_request_cta":"","integration_platform":"","integrations":[],"platform_category":[],"video_schema_markup":"","price":"da $ 0 al mese","trial":"","benefits":[{"text":"Servizio di installazione gratuito"},{"text":"Servizio clienti competente"},{"text":"Garanzia di rimborso di 14 giorni"},{"text":"Miglioramenti continui"}],"button_url":"#demo","button_target_blank":"","button_nofollow":"","attributes":[{"name":"Installazioni"},{"name":"Reattivo","content":"S\u00cc"},{"name":"Browser compatibili","content":"Chrome, Safari, Opera, Firefox, Edge"}],"tags":[],"tags_disable_links":"","hide_more_platforms":"","video_object":"","demo_hide_cta":"","demo_hide_cloud_options":"","pricing_title":"","pricing":[{"pricing_icon":"platform","pricing_title":"Elfsight Apps","pricing_title_caption":"Versione multipiattaforma","pricing_price":"da $ 0 \/ mese","pricing_price_caption":"inizia con un piano gratuito","pricing_benefits":[{"text":"Siti web illimitati"},{"text":"Supporto aziendale 24 ore su 24, 7 giorni su 7 e ben documentato"},{"text":"Supporto gratuito per l'installazione"},{"text":"Progettazione flessibile"}],"pricing_button_text":"Aggiungi al sito web","pricing_button_url":"#demo"}],"related_apps_title":"","related_apps_hidden":"","author":"","image":[],"title":"","job":"","social_networks":[]},"_links":{"self":[{"href":"https:\/\/elfsight.com\/it\/wp-json\/wp\/v2\/pages\/5060","targetHints":{"allow":["GET"]}}],"collection":[{"href":"https:\/\/elfsight.com\/it\/wp-json\/wp\/v2\/pages"}],"about":[{"href":"https:\/\/elfsight.com\/it\/wp-json\/wp\/v2\/types\/page"}],"author":[{"embeddable":true,"href":"https:\/\/elfsight.com\/it\/wp-json\/wp\/v2\/users\/9"}],"replies":[{"embeddable":true,"href":"https:\/\/elfsight.com\/it\/wp-json\/wp\/v2\/comments?post=5060"}],"version-history":[{"count":1,"href":"https:\/\/elfsight.com\/it\/wp-json\/wp\/v2\/pages\/5060\/revisions"}],"predecessor-version":[{"id":5064,"href":"https:\/\/elfsight.com\/it\/wp-json\/wp\/v2\/pages\/5060\/revisions\/5064"}],"up":[{"embeddable":true,"href":"https:\/\/elfsight.com\/it\/wp-json\/wp\/v2\/pages\/1862"}],"wp:attachment":[{"href":"https:\/\/elfsight.com\/it\/wp-json\/wp\/v2\/media?parent=5060"}],"curies":[{"name":"wp","href":"https:\/\/api.w.org\/{rel}","templated":true}]}}