{"id":5053,"date":"2024-05-03T06:41:21","date_gmt":"2024-05-03T06:41:21","guid":{"rendered":"https:\/\/elfsight.com\/it\/?page_id=5053"},"modified":"2024-11-12T08:06:53","modified_gmt":"2024-11-12T08:06:53","slug":"opencart","status":"publish","type":"page","link":"https:\/\/elfsight.com\/it\/number-counter-widget\/opencart\/","title":{"rendered":"Number Counter &#8211; OpenCart"},"content":{"rendered":"<div class=\"application-platform-content-item-description application-platform-content-item\" id=\"description\" data-nav-section=\"description\"> <h2>Descrizione<\/h2> <p>Elfsight Number Counter \u00e8 un&#8217;estensione facile da usare per OpenCart con un&#8217;ampia gamma di opzioni. \u00c8 un ottimo strumento per vantare i tuoi eccellenti indici aziendali, il numero di lavori che hai svolto finora e molto altro ancora. Il widget \u00e8 straordinariamente flessibile. Sentiti libero di costruire qualsiasi numero di contatori, disporli in colonne, selezionare icone dalla nostra collezione o caricare quelle personalizzate, renderli multicolori o monocromatici, aggiungere didascalie per chiarire i numeri che stai mostrando, ricolorare qualsiasi elemento, scegliere il immagine di sfondo, e questa non \u00e8 nemmeno la met\u00e0. Inizia semplicemente a creare il tuo plugin adesso e vedrai crescere rapidamente le tue statistiche aziendali cruciali! <\/p> <p><b>Rivela i tuoi straordinari risultati ai tuoi futuri acquirenti. Aumenta la quantit\u00e0 di vendite e lead di successo! <\/b><\/p> <\/div> <div class=\"application-platform-content-item-features application-platform-content-item\" id=\"features\" data-nav-section=\"features\"> <h2>Le funzionalit\u00e0 del widget pi\u00f9 richieste includono<\/h2> <ul><li>Un numero illimitato di contatori. <\/li><li>Numero illimitato di colonne. <\/li><li>Aggiungi titoli, titoli, prefissi e postfissi. <\/li><li>Decidi il tipo di icona: prendila dalla nostra raccolta o carica la tua personalizzata. <\/li><li>Link aggiuntivi. <\/li><\/ul><p><a href=\"#demo\">Puoi provare subito tutte le funzionalit\u00e0 dell&#8217;estensione nella demo<\/a><\/p> <\/div> <div class=\"application-platform-content-item-installazione application-platform-content-item\" id=\"installazione\" data-nav-section=\"installazione\"> <h2>Come posso incorporare Number Counter nella mia pagina web OpenCart? <\/h2> <p>Segui semplicemente un paio di passaggi indicati di seguito per iniziare a lavorare con l&#8217;estensione. <\/p> <ol><li><b>Utilizza il nostro configuratore gratuito e inizia a creare la tua estensione personalizzata. <\/b><br> Determina l&#8217;interfaccia e la funzionalit\u00e0 desiderabili dell&#8217;estensione e applica tutte le correzioni. <\/li> <li><b>Copia il codice univoco che viene mostrato nell&#8217;apposito modulo su Elfsight Apps. <\/b><br> Una volta stabilita la tua estensione, copia il codice personale nella casella emersa e salvalo per un&#8217;occasione successiva. <\/li> <li><b>Avvia l&#8217;applicazione dell&#8217;estensione sulla tua pagina web OpenCart. <\/b><br> Incorpora il codice salvato di recente nella tua pagina e salva le correzioni. <\/li> <li><b>L&#8217;installazione \u00e8 stata completata con successo. <\/b><br> Visita il tuo sito per esaminare il rendimento dell&#8217;estensione. <\/li><\/ol><p>Se dovessi affrontare eventuali ostacoli, non esitare a rivolgerti al nostro personale di supporto. I nostri consulenti sono desiderosi di aiutarti con tutte le difficolt\u00e0 che potresti incontrare con il prodotto. <\/p> <div class=\"faq\" data-component=\"FAQ\"><div class=\"faq-item\">\r\n\t\t\t\t\t<div class=\"faq-item-question\">\r\n\t\t\t\t\t\t<h3 class=\"faq-item-question-text\">Esiste un modo per incorporare Contatore di numeri nella mia home page OpenCart senza conoscenze di codifica?<\/h3>\r\n\r\n\t\t\t\t\t\t<div class=\"faq-item-question-icon\"><\/div>\r\n\t\t\t\t\t<\/div>\r\n\r\n\t\t\t\t\t<div class=\"faq-item-answer\">\r\n\t\t\t\t\t\t<div class=\"faq-item-answer-text\"> <p>Elfsight offre una soluzione SaaS che ti consente di creare tu stesso un widget Contatore di numeri, guarda i passaggi semplici: lavora direttamente nella demo online per creare un plug-in Number Counter che desideri integrare nella tua home page OpenCart. Seleziona uno dei modelli predefiniti e modifica le impostazioni del contatore dei numeri, cambia il layout e il colore degli elementi inclusi i tuoi contenuti, senza competenze di codifica. Fai clic per salvare le impostazioni che hai effettuato su Number Counter e copia il codice del widget per l&#8217;installazione, che pu\u00f2 essere semplicemente incluso nella tua home page OpenCart senza acquistare un piano a pagamento. Con l&#8217;aiuto del nostro configuratore facile da usare, ogni utente di Internet pu\u00f2 creare un&#8217;app Contatore numeri online e incorporarla facilmente nel sito Web OpenCart. Non \u00e8 necessario pagare n\u00e9 inserire i dati della carta per accedere al servizio. Se incontri ostacoli in qualsiasi momento, non esitare a parlare con il nostro staff di supporto tecnico.<\/p> <\/div>\r\n\t\t\t\t\t<\/div>\r\n\t\t\t\t<\/div> <\/div><\/div>","protected":false},"excerpt":{"rendered":"","protected":false},"author":9,"featured_media":0,"parent":1862,"menu_order":0,"comment_status":"closed","ping_status":"closed","template":"templates\/template-application-platform.php","meta":{"publish_to_discourse":"","publish_post_category":"","wpdc_auto_publish_overridden":"","wpdc_topic_tags":"","wpdc_pin_topic":"","wpdc_pin_until":"","discourse_post_id":"","discourse_permalink":"","wpdc_publishing_response":"","wpdc_publishing_error":"","footnotes":""},"class_list":["post-5053","page","type-page","status-publish","hentry"],"yoast_head":"<!-- This site is optimized with the Yoast SEO plugin v25.3.1 - https:\/\/yoast.com\/wordpress\/plugins\/seo\/ -->\n<title>Contatore numerico Elfsight per siti Web OpenCart (gratuito e facile)<\/title>\n<meta name=\"description\" content=\"Avvia un contatore di numeri nella tua pagina web OpenCart, utilizzando la nostra demo attiva. Crea la tua estensione su misura in pochi clic,\" \/>\n<meta name=\"robots\" content=\"index, follow, max-snippet:-1, max-image-preview:large, max-video-preview:-1\" \/>\n<link rel=\"canonical\" href=\"https:\/\/elfsight.com\/it\/number-counter-widget\/opencart\/\" \/>\n<meta property=\"og:locale\" content=\"it_IT\" \/>\n<meta property=\"og:type\" content=\"article\" \/>\n<meta property=\"og:title\" content=\"Contatore numerico Elfsight per siti Web OpenCart (gratuito e facile)\" \/>\n<meta property=\"og:description\" content=\"Avvia un contatore di numeri nella tua pagina web OpenCart, utilizzando la nostra demo attiva. Crea la tua estensione su misura in pochi clic,\" \/>\n<meta property=\"og:url\" content=\"https:\/\/elfsight.com\/it\/number-counter-widget\/opencart\/\" \/>\n<meta property=\"og:site_name\" content=\"Elfsight IT\" \/>\n<meta property=\"article:modified_time\" content=\"2024-11-12T08:06:53+00:00\" \/>\n<meta name=\"twitter:card\" content=\"summary_large_image\" \/>\n<meta name=\"twitter:label1\" content=\"Tempo di lettura stimato\" \/>\n\t<meta name=\"twitter:data1\" content=\"3 minuti\" \/>\n<!-- \/ Yoast SEO plugin. -->","yoast_head_json":{"title":"Contatore numerico Elfsight per siti Web OpenCart (gratuito e facile)","description":"Avvia un contatore di numeri nella tua pagina web OpenCart, utilizzando la nostra demo attiva. Crea la tua estensione su misura in pochi clic,","robots":{"index":"index","follow":"follow","max-snippet":"max-snippet:-1","max-image-preview":"max-image-preview:large","max-video-preview":"max-video-preview:-1"},"canonical":"https:\/\/elfsight.com\/it\/number-counter-widget\/opencart\/","og_locale":"it_IT","og_type":"article","og_title":"Contatore numerico Elfsight per siti Web OpenCart (gratuito e facile)","og_description":"Avvia un contatore di numeri nella tua pagina web OpenCart, utilizzando la nostra demo attiva. Crea la tua estensione su misura in pochi clic,","og_url":"https:\/\/elfsight.com\/it\/number-counter-widget\/opencart\/","og_site_name":"Elfsight IT","article_modified_time":"2024-11-12T08:06:53+00:00","twitter_card":"summary_large_image","twitter_misc":{"Tempo di lettura stimato":"3 minuti"},"schema":{"@context":"https:\/\/schema.org","@graph":[{"@type":"WebPage","@id":"https:\/\/elfsight.com\/it\/number-counter-widget\/opencart\/","url":"https:\/\/elfsight.com\/it\/number-counter-widget\/opencart\/","name":"Contatore numerico Elfsight per siti Web OpenCart (gratuito e facile)","isPartOf":{"@id":"https:\/\/elfsight.com\/it\/#website"},"datePublished":"2024-05-03T06:41:21+00:00","dateModified":"2024-11-12T08:06:53+00:00","description":"Avvia un contatore di numeri nella tua pagina web OpenCart, utilizzando la nostra demo attiva. Crea la tua estensione su misura in pochi clic,","breadcrumb":{"@id":"https:\/\/elfsight.com\/it\/number-counter-widget\/opencart\/#breadcrumb"},"inLanguage":"it-IT","potentialAction":[{"@type":"ReadAction","target":["https:\/\/elfsight.com\/it\/number-counter-widget\/opencart\/"]}]},{"@type":"BreadcrumbList","@id":"https:\/\/elfsight.com\/it\/number-counter-widget\/opencart\/#breadcrumb","itemListElement":[{"@type":"ListItem","position":1,"name":"Home","item":"https:\/\/elfsight.com\/it\/"},{"@type":"ListItem","position":2,"name":"Number Counter","item":"https:\/\/elfsight.com\/it\/number-counter-widget\/"},{"@type":"ListItem","position":3,"name":"Number Counter &#8211; OpenCart"}]},{"@type":"WebSite","@id":"https:\/\/elfsight.com\/it\/#website","url":"https:\/\/elfsight.com\/it\/","name":"Elfsight IT","description":"Just another Elfsight Sites site","potentialAction":[{"@type":"SearchAction","target":{"@type":"EntryPoint","urlTemplate":"https:\/\/elfsight.com\/it\/?s={search_term_string}"},"query-input":{"@type":"PropertyValueSpecification","valueRequired":true,"valueName":"search_term_string"}}],"inLanguage":"it-IT"}]}},"meta_box":{"industry":"","seo_heading":"","heading":"","description":"","cta_heading":"","cta_description":"","application":"1861","h1":"Estensione contatore numeri OpenCart","h1_caption":"Mostra statistiche chiave e traguardi con contatori animati per evidenziare i tuoi risultati in modo coinvolgente nel tuo sito Web Opencart senza sforzo.","application_category":[],"applications_title":"","applications_request_title":"","applications_request_button_text":"","hero_text":"","hero_video":"","hero_video_schema_markup":"","selling_points_title":"","selling_points_caption":"","selling_points":[],"selling_points_cta_text":"","features_title":"","features":"","ed_cta_examples_text":"","ed_cta_examples_hidden":"","ed_cta_demo_text":"","ed_cta_demo_hidden":"","why_caption":"","why_editor_title":"","why_editor_text":"","why_team_title":"","why_team_text":"","why_service_title":"","why_service_text":"","template_catalog_visible":"","template_catalog_title":"","template_catalog_text":"","template_catalog_categories_visible":"","demo_title":"Crea la tua estensione Number Counter","demo_caption":"Configura il tuo contatore numerico e aggiungilo gratuitamente al tuo sito Web OpenCart!","default_faq_hidden":"","app_template_category":[],"platform":"41","template_public_id":"","codecanyon_url":"","codecanyon_item_id":"","codecanyon_price":"","pricing_caption":"","pricing_elfsight_apps_hide_column":"","pricing_elfsight_apps_url":"","pricing_codecanyon_price_caption":"","integration_category":[],"integration_request_title":"","integration_request_cta":"","integration_platform":"","integrations":[],"platform_category":[],"video_schema_markup":"","price":"da $ 0 al mese","trial":"","benefits":[{"text":"Servizio di installazione gratuito"},{"text":"Assistenza clienti con esperienza"},{"text":"Garanzia di rimborso di 14 giorni"},{"text":"Miglioramenti gratuiti a vita"}],"button_url":"#demo","button_target_blank":"","button_nofollow":"","attributes":[{"name":"Installazioni"},{"name":"Reattivo","content":"S\u00cc"},{"name":"Browser compatibili","content":"IE 11, Firefox, Safari, Opera, Chrome, Edge"}],"tags":[],"tags_disable_links":"","hide_more_platforms":"","video_object":"","demo_hide_cta":"","demo_hide_cloud_options":"","pricing_title":"","pricing":[{"pricing_icon":"platform","pricing_title":"Elfsight Apps","pricing_title_caption":"Versione multipiattaforma","pricing_price":"da $ 0 \/ mese","pricing_price_caption":"inizia con il piano gratuito","pricing_benefits":[{"text":"Domini illimitati"},{"text":"Assistenza gratuita e puntuale"},{"text":"Assistenza per l'installazione gratuita"},{"text":"100% personalizzabile"}],"pricing_button_text":"Aggiungi al sito web","pricing_button_url":"#demo"}],"related_apps_title":"","related_apps_hidden":"","author":"","image":[],"title":"","job":"","social_networks":[]},"_links":{"self":[{"href":"https:\/\/elfsight.com\/it\/wp-json\/wp\/v2\/pages\/5053","targetHints":{"allow":["GET"]}}],"collection":[{"href":"https:\/\/elfsight.com\/it\/wp-json\/wp\/v2\/pages"}],"about":[{"href":"https:\/\/elfsight.com\/it\/wp-json\/wp\/v2\/types\/page"}],"author":[{"embeddable":true,"href":"https:\/\/elfsight.com\/it\/wp-json\/wp\/v2\/users\/9"}],"replies":[{"embeddable":true,"href":"https:\/\/elfsight.com\/it\/wp-json\/wp\/v2\/comments?post=5053"}],"version-history":[{"count":1,"href":"https:\/\/elfsight.com\/it\/wp-json\/wp\/v2\/pages\/5053\/revisions"}],"predecessor-version":[{"id":5057,"href":"https:\/\/elfsight.com\/it\/wp-json\/wp\/v2\/pages\/5053\/revisions\/5057"}],"up":[{"embeddable":true,"href":"https:\/\/elfsight.com\/it\/wp-json\/wp\/v2\/pages\/1862"}],"wp:attachment":[{"href":"https:\/\/elfsight.com\/it\/wp-json\/wp\/v2\/media?parent=5053"}],"curies":[{"name":"wp","href":"https:\/\/api.w.org\/{rel}","templated":true}]}}