{"id":5052,"date":"2024-05-03T06:41:20","date_gmt":"2024-05-03T06:41:20","guid":{"rendered":"https:\/\/elfsight.com\/it\/?page_id=5052"},"modified":"2025-03-21T15:36:38","modified_gmt":"2025-03-21T15:36:38","slug":"shopify","status":"publish","type":"page","link":"https:\/\/elfsight.com\/it\/number-counter-widget\/shopify\/","title":{"rendered":"Number Counter &#8211; Shopify"},"content":{"rendered":"\n<div class=\"application-platform-content-item-description application-platform-content-item\" id=\"description\" data-nav-section=\"description\"> <h2>Incorpora il contatore dei numeri su Shopify con il widget Elfsight<\/h2> <p>Il contatore dei numeri \u00e8 un&#8217;app gestibile per Shopify con molte opzioni prendere. \u00c8 un ottimo strumento per vantare i tuoi notevoli risultati aziendali, la quantit\u00e0 di lavori che hai svolto e non \u00e8 tutto. Il widget \u00e8 straordinariamente flessibile. Sentiti libero di creare un numero qualsiasi di contatori, comporli in colonne, scegliere icone dalla nostra collezione o caricare le tue, renderli multicolori o monocolori, allegare titoli per fornire al tuo pubblico informazioni facilmente comprensibili, ricolorare qualsiasi elemento, scegliere l&#8217;immagine di sfondo, e non \u00e8 nemmeno la met\u00e0. Inizia subito a creare il tuo plugin e guarda crescere le tue statistiche aziendali cruciali! <\/p> <p><b>Mostra i tuoi brillanti risultati ai tuoi potenziali acquirenti. Aumenta la quantit\u00e0 di vendite e lead di successo! <\/b><\/p> <\/div> <div class=\"application-platform-content-item-features application-platform-content-item\" id=\"features\" data-nav-section=\"features\"> <h2>Queste sono solo alcune delle potenti funzionalit\u00e0 dell&#8217;app: <\/h2> <ul><li>Qualsiasi quantit\u00e0 di contatori. <\/li><li>Numero illimitato di colonne. <\/li><li>Aggiungi titoli, titoli, prefissi e postfissi. <\/li><li>Scegli il formato dell&#8217;icona: prendilo dalla nostra raccolta o carica il tuo formato personalizzato. <\/li><li>Incorpora collegamenti. <\/li><\/ul><p><a href=\"#demo\">Puoi testare tutte le funzionalit\u00e0 del widget nella demo <\/a><\/p> <\/div> <div class=\"application-platform-content-item-installation  application-platform-content-item\" id=\"installation \" data-nav-section=\"installation \"> <h2>Come incorporare il contatore dei numeri nella mia pagina web Shopify? <\/h2><div class=\"video-container\"><iframe width=\"560\" height=\"315\" src=\"https:\/\/www.youtube.com\/embed\/arBAf1b7z7I?si=Ykm-opp37J7qMlMd\" frameborder=\"0\" allow=\"accelerometer; autoplay; clipboard-write; encrypted-media; gyroscope; picture-in-picture; web-share\" allowfullscreen><\/iframe><\/div><p>Basta applicare le istruzioni seguenti per aggiungere il widget. <\/p> <ol><li><b>Lanciando il nostro editor gratuito, inizia a dare forma alla tua app. <\/b><br> Trova il design e i parametri desiderati dell&#8217;app e applica le modifiche. <\/li> <li><b>Ricevi il tuo codice univoco rivelato nella vedova su Elfsight Apps. <\/b><br> Una volta completata la personalizzazione del plug-in, copia il codice individuale nella casella visualizzata e conservalo per un ulteriore utilizzo. <\/li> <li><b>Avvia l&#8217;applicazione del widget sul sito Shopify. <\/b><br> Incorpora il codice che hai salvato in precedenza nella tua pagina e salva le modifiche. <\/li> <li><b>Il gioco \u00e8 fatto! L&#8217;integrazione \u00e8 terminata con successo. <\/b><br> Vai alla tua pagina web per verificare le prestazioni dello strumento. <\/li><\/ol> <p>Se riscontri difficolt\u00e0, non aver paura di contattare il nostro personale del servizio clienti. Il nostro personale sar\u00e0 lieto di risolvere tutte le domande che potresti avere con il widget. <\/p> <div class=\"faq\" data-component=\"FAQ\"><div class=\"faq-item\">\r\n\t\t\t\t\t<div class=\"faq-item-question\">\r\n\t\t\t\t\t\t<h3 class=\"faq-item-question-text\">In che modo posso aggiungere Number Counter al mio sito Shopify senza competenze di codifica?<\/h3>\r\n\r\n\t\t\t\t\t\t<div class=\"faq-item-question-icon\"><\/div>\r\n\t\t\t\t\t<\/div>\r\n\r\n\t\t\t\t\t<div class=\"faq-item-answer\">\r\n\t\t\t\t\t\t<div class=\"faq-item-answer-text\"> <p>La societ\u00e0 Elfsight fornisce una soluzione cloud che consente agli utenti di creare autonomamente un plug-in Number Counter, controlla la semplice guida: inizia a lavorare direttamente nell&#8217;editor online per creare una sezione Contatore numeri che desideri integrare nel tuo sito Shopify. Scegli uno dei nostri modelli gi\u00e0 pronti e modifica le impostazioni del contatore dei numeri, modifica il layout e la combinazione di colori e aggiorna i tuoi contenuti, senza alcuna conoscenza di programmazione. Fai clic per salvare le impostazioni effettuate su Number Counter e ottieni il codice di installazione, che pu\u00f2 essere semplicemente incorporato nel sito Web Shopify utilizzando un piano gratuito. Con il Configuratore di facile utilizzo, qualsiasi utente web pu\u00f2 creare un plug-in Number Counter online e incorporarlo nel sito Shopify. Non dovresti sottoscrivere un abbonamento a pagamento o rivelare le credenziali della tua carta per accedere al nostro Editor. Se riscontri problemi in qualsiasi momento, non esitare a contattare il nostro personale di supporto tecnico.<\/p> <\/div>\r\n\t\t\t\t\t<\/div>\r\n\t\t\t\t<\/div> <\/div><\/div>\n","protected":false},"excerpt":{"rendered":"","protected":false},"author":9,"featured_media":0,"parent":1862,"menu_order":0,"comment_status":"closed","ping_status":"closed","template":"templates\/template-application-platform.php","meta":{"publish_to_discourse":"","publish_post_category":"","wpdc_auto_publish_overridden":"","wpdc_topic_tags":"","wpdc_pin_topic":"","wpdc_pin_until":"","discourse_post_id":"","discourse_permalink":"","wpdc_publishing_response":"","wpdc_publishing_error":"","footnotes":""},"class_list":["post-5052","page","type-page","status-publish","hentry"],"yoast_head":"<!-- This site is optimized with the Yoast SEO plugin v25.3.1 - https:\/\/yoast.com\/wordpress\/plugins\/seo\/ -->\n<title>Contatore numeri Elfsight per i siti Web Shopify (gratuito e semplice)<\/title>\n<meta name=\"description\" content=\"Aggiungi un contatore numerico sulla tua pagina web Shopify, applicando la nostra pratica demo. Dai forma alla tua app personalizzata in pochi click e senza fatica!\" \/>\n<meta name=\"robots\" content=\"index, follow, max-snippet:-1, max-image-preview:large, max-video-preview:-1\" \/>\n<link rel=\"canonical\" href=\"https:\/\/elfsight.com\/it\/number-counter-widget\/shopify\/\" \/>\n<meta property=\"og:locale\" content=\"it_IT\" \/>\n<meta property=\"og:type\" content=\"article\" \/>\n<meta property=\"og:title\" content=\"Contatore numeri Elfsight per i siti Web Shopify (gratuito e semplice)\" \/>\n<meta property=\"og:description\" content=\"Aggiungi un contatore numerico sulla tua pagina web Shopify, applicando la nostra pratica demo. Dai forma alla tua app personalizzata in pochi click e senza fatica!\" \/>\n<meta property=\"og:url\" content=\"https:\/\/elfsight.com\/it\/number-counter-widget\/shopify\/\" \/>\n<meta property=\"og:site_name\" content=\"Elfsight IT\" \/>\n<meta property=\"article:modified_time\" content=\"2025-03-21T15:36:38+00:00\" \/>\n<meta name=\"twitter:card\" content=\"summary_large_image\" \/>\n<meta name=\"twitter:label1\" content=\"Tempo di lettura stimato\" \/>\n\t<meta name=\"twitter:data1\" content=\"3 minuti\" \/>\n<!-- \/ Yoast SEO plugin. -->","yoast_head_json":{"title":"Contatore numeri Elfsight per i siti Web Shopify (gratuito e semplice)","description":"Aggiungi un contatore numerico sulla tua pagina web Shopify, applicando la nostra pratica demo. Dai forma alla tua app personalizzata in pochi click e senza fatica!","robots":{"index":"index","follow":"follow","max-snippet":"max-snippet:-1","max-image-preview":"max-image-preview:large","max-video-preview":"max-video-preview:-1"},"canonical":"https:\/\/elfsight.com\/it\/number-counter-widget\/shopify\/","og_locale":"it_IT","og_type":"article","og_title":"Contatore numeri Elfsight per i siti Web Shopify (gratuito e semplice)","og_description":"Aggiungi un contatore numerico sulla tua pagina web Shopify, applicando la nostra pratica demo. Dai forma alla tua app personalizzata in pochi click e senza fatica!","og_url":"https:\/\/elfsight.com\/it\/number-counter-widget\/shopify\/","og_site_name":"Elfsight IT","article_modified_time":"2025-03-21T15:36:38+00:00","twitter_card":"summary_large_image","twitter_misc":{"Tempo di lettura stimato":"3 minuti"},"schema":{"@context":"https:\/\/schema.org","@graph":[{"@type":"WebPage","@id":"https:\/\/elfsight.com\/it\/number-counter-widget\/shopify\/","url":"https:\/\/elfsight.com\/it\/number-counter-widget\/shopify\/","name":"Contatore numeri Elfsight per i siti Web Shopify (gratuito e semplice)","isPartOf":{"@id":"https:\/\/elfsight.com\/it\/#website"},"datePublished":"2024-05-03T06:41:20+00:00","dateModified":"2025-03-21T15:36:38+00:00","description":"Aggiungi un contatore numerico sulla tua pagina web Shopify, applicando la nostra pratica demo. Dai forma alla tua app personalizzata in pochi click e senza fatica!","breadcrumb":{"@id":"https:\/\/elfsight.com\/it\/number-counter-widget\/shopify\/#breadcrumb"},"inLanguage":"it-IT","potentialAction":[{"@type":"ReadAction","target":["https:\/\/elfsight.com\/it\/number-counter-widget\/shopify\/"]}]},{"@type":"BreadcrumbList","@id":"https:\/\/elfsight.com\/it\/number-counter-widget\/shopify\/#breadcrumb","itemListElement":[{"@type":"ListItem","position":1,"name":"Home","item":"https:\/\/elfsight.com\/it\/"},{"@type":"ListItem","position":2,"name":"Number Counter","item":"https:\/\/elfsight.com\/it\/number-counter-widget\/"},{"@type":"ListItem","position":3,"name":"Number Counter &#8211; Shopify"}]},{"@type":"WebSite","@id":"https:\/\/elfsight.com\/it\/#website","url":"https:\/\/elfsight.com\/it\/","name":"Elfsight IT","description":"Just another Elfsight Sites site","potentialAction":[{"@type":"SearchAction","target":{"@type":"EntryPoint","urlTemplate":"https:\/\/elfsight.com\/it\/?s={search_term_string}"},"query-input":{"@type":"PropertyValueSpecification","valueRequired":true,"valueName":"search_term_string"}}],"inLanguage":"it-IT"}]}},"meta_box":{"industry":"","seo_heading":"","heading":"","description":"","cta_heading":"","cta_description":"","application":"1861","h1":"App Shopify Contatore numeri","h1_caption":"Mostra statistiche e traguardi chiave con contatori animati per evidenziare i tuoi risultati in modo coinvolgente nel tuo sito web Shopify senza sforzo.","application_category":[],"applications_title":"","applications_request_title":"","applications_request_button_text":"","hero_text":"","hero_video":"","hero_video_schema_markup":"","selling_points_title":"","selling_points_caption":"","selling_points":[],"selling_points_cta_text":"","features_title":"","features":"","ed_cta_examples_text":"","ed_cta_examples_hidden":"","ed_cta_demo_text":"","ed_cta_demo_hidden":"","why_caption":"","why_editor_title":"","why_editor_text":"","why_team_title":"","why_team_text":"","why_service_title":"","why_service_text":"","template_catalog_visible":"0","template_catalog_title":"","template_catalog_text":"","template_catalog_categories_visible":"","demo_title":"Crea la tua app Contatore di numeri","demo_caption":"Configura il tuo contatore numerico e aggiungilo gratuitamente al tuo sito Shopify!","default_faq_hidden":"","app_template_category":[],"platform":"42","template_public_id":"","codecanyon_url":"","codecanyon_item_id":"","codecanyon_price":"","pricing_caption":"","pricing_elfsight_apps_hide_column":"","pricing_elfsight_apps_url":"","pricing_codecanyon_price_caption":"","integration_category":[],"integration_request_title":"","integration_request_cta":"","integration_platform":"","integrations":[],"platform_category":[],"video_schema_markup":"","price":"da $ 0 al mese","trial":"","benefits":[{"text":"Servizio di installazione gratuito"},{"text":"Supporto premium"},{"text":"Garanzia di rimborso di 14 giorni"},{"text":"Aggiornamenti gratuiti continui"}],"button_url":"#demo","button_target_blank":"0","button_nofollow":"0","attributes":[{"name":"Installazioni"},{"name":"Reattivo","content":"S\u00cc"},{"name":"Browser compatibili","content":"IE 11, Firefox, Safari, Opera, Chrome, Edge"}],"tags":[],"tags_disable_links":"0","hide_more_platforms":"0","video_object":"","demo_hide_cta":"0","demo_hide_cloud_options":"0","pricing_title":"","pricing":[{"pricing_icon":"cloud","pricing_title":"Elfsight Apps","pricing_title_caption":"Versione multipiattaforma che funziona su qualsiasi sito web","pricing_price":"da $ 0 \/ mese","pricing_price_caption":"inizia con il piano gratuito","pricing_benefits":[{"text":"Siti web illimitati"},{"text":"Supporto premium"},{"text":"Servizio di installazione gratuito"},{"text":"Offerta speciale per pi\u00f9 app"}],"pricing_button_text":"Aggiungi al sito web","pricing_button_url":"#demo"}],"related_apps_title":"","related_apps_hidden":"0","author":"","image":[],"title":"","job":"","social_networks":[]},"_links":{"self":[{"href":"https:\/\/elfsight.com\/it\/wp-json\/wp\/v2\/pages\/5052","targetHints":{"allow":["GET"]}}],"collection":[{"href":"https:\/\/elfsight.com\/it\/wp-json\/wp\/v2\/pages"}],"about":[{"href":"https:\/\/elfsight.com\/it\/wp-json\/wp\/v2\/types\/page"}],"author":[{"embeddable":true,"href":"https:\/\/elfsight.com\/it\/wp-json\/wp\/v2\/users\/9"}],"replies":[{"embeddable":true,"href":"https:\/\/elfsight.com\/it\/wp-json\/wp\/v2\/comments?post=5052"}],"version-history":[{"count":3,"href":"https:\/\/elfsight.com\/it\/wp-json\/wp\/v2\/pages\/5052\/revisions"}],"predecessor-version":[{"id":9735,"href":"https:\/\/elfsight.com\/it\/wp-json\/wp\/v2\/pages\/5052\/revisions\/9735"}],"up":[{"embeddable":true,"href":"https:\/\/elfsight.com\/it\/wp-json\/wp\/v2\/pages\/1862"}],"wp:attachment":[{"href":"https:\/\/elfsight.com\/it\/wp-json\/wp\/v2\/media?parent=5052"}],"curies":[{"name":"wp","href":"https:\/\/api.w.org\/{rel}","templated":true}]}}