{"id":5051,"date":"2024-05-03T06:41:19","date_gmt":"2024-05-03T06:41:19","guid":{"rendered":"https:\/\/elfsight.com\/it\/?page_id=5051"},"modified":"2025-03-21T15:39:21","modified_gmt":"2025-03-21T15:39:21","slug":"squarespace","status":"publish","type":"page","link":"https:\/\/elfsight.com\/it\/number-counter-widget\/squarespace\/","title":{"rendered":"Number Counter &#8211; Squarespace"},"content":{"rendered":"\n<div class=\"application-platform-content-item-description application-platform-content-item\" id=\"description\" data-nav-section=\"description\"> <h2>Incorpora il contatore dei numeri su Squarespace con il widget Elfsight<\/h2> <p>Il contatore dei numeri \u00e8 un plugin intuitivo per Squarespace con un vasta gamma di opzioni. \u00c8 un ottimo strumento per mettere in mostra i tuoi splendidi indici aziendali, la quantit\u00e0 di lavori che hai svolto finora e molto altro ancora. Il widget \u00e8 straordinariamente flessibile. Sei libero di costruire un numero illimitato di contatori, comporli in colonne, selezionare icone dalla nostra collezione o caricare quelle personalizzate, renderli variegati o in tinta unita, aggiungere titoli per chiarire i numeri che stai visualizzando, ricolorare qualsiasi elemento, scegli l&#8217;immagine di sfondo e non \u00e8 tutto. Inizia subito a costruire il tuo plugin e guarda crescere le tue statistiche aziendali cruciali! <\/p> <p><b>Dimostra i tuoi brillanti risultati ai tuoi futuri acquirenti. Aumenta il numero di vendite e lead di successo! <\/b><\/p> <\/div> <div class=\"application-platform-content-item-features application-platform-content-item\" id=\"features\" data-nav-section=\"features\"> <h2>Esplora l&#8217;elenco delle funzionalit\u00e0 pi\u00f9 utili: <\/h2> <ul><li>Qualsiasi numero di contatori. <\/li><li>Qualsiasi numero di colonne. <\/li><li>Aggiungi titoli, titoli, prefissi e postfissi. <\/li><li>Scegli il formato dell&#8217;icona: scaricalo dalla nostra libreria o carica il tuo formato personalizzato. <\/li><li>Aggiungi collegamenti. <\/li><\/ul><p><a href=\"#demo\">Prova semplicemente questa demo per vedere come funziona<\/a><\/p> <\/div> <div class=\"application-platform-content-item-installation application-platform-content-item\" id=\"installation\" data-nav-section=\"installation\"> <h2>Come posso aggiungere Number Counter al mio sito Squarespace? <\/h2> <div class=\"video-container\"><iframe width=\"560\" height=\"315\" src=\"https:\/\/www.youtube.com\/embed\/MLtgwAXjnTA?si=E4C_V18OPzpq2xaq\" frameborder=\"0\" allow=\"accelerometer; autoplay; clipboard-write; encrypted-media; gyroscope; picture-in-picture; web-share\" allowfullscreen><\/iframe><\/div><p>Basta seguire alcuni passaggi descritti di seguito per iniziare a utilizzare il plugin. <\/p> <ol><li><b>Apri il nostro configuratore gratuito e inizia a creare il tuo plugin personalizzato. <\/b><br> Specifica il design selezionato e le specifiche del plugin e applica le modifiche. <\/li> <li><b>Ricevi il tuo codice univoco mostrato nella casella sulle app Elfsight. <\/b><br> Non appena la configurazione del tuo strumento \u00e8 completa, copia il codice individuale nel popup emerso e salvalo per necessit\u00e0 successive. <\/li> <li><b>Inizia a utilizzare il widget sulla home page di Squarespace. <\/b><br> Implementa il codice copiato di recente nel tuo sito web e salva le correzioni. <\/li> <li><b>L&#8217;installazione \u00e8 stata eseguita con successo. <\/b><br> Vai alla tua pagina web per dare un&#8217;occhiata a come funziona il plugin. <\/li><\/ol> <p>A condizione che tu debba gestire richieste o incontrare ostacoli, non esitare a rivolgerti al nostro personale del servizio clienti. I nostri specialisti sono ansiosi di risolvere tutte le domande che potresti avere con il widget. <\/p> <div class=\"faq\" data-component=\"FAQ\"><div class=\"faq-item\">\r\n\t\t\t\t\t<div class=\"faq-item-question\">\r\n\t\t\t\t\t\t<h3 class=\"faq-item-question-text\">Come aggiungere il contatore di numeri a una pagina Squarespace?<\/h3>\r\n\r\n\t\t\t\t\t\t<div class=\"faq-item-question-icon\"><\/div>\r\n\t\t\t\t\t<\/div>\r\n\r\n\t\t\t\t\t<div class=\"faq-item-answer\">\r\n\t\t\t\t\t\t<div class=\"faq-item-answer-text\"><p>L&#8217;aggiunta del plug-in del contatore di numeri al sito Web richiede solo circa un alcuni momenti. Inoltre, non \u00e8 necessario avere alcuna competenza di programmazione. <\/p><ol><li>Regola il plugin per Squarespace nel configuratore gratuito. <\/li> <li>Ottieni il tuo codice di installazione individuale. <\/li> <li>Incorpora il codice nel blocco richiesto sul sito web. <\/li> <li>Ecco fatto! La configurazione del plug-in contatore di numeri animati su Squarespace \u00e8 completata! <\/li><\/ol><p>Hai riscontrato problemi con l&#8217;installazione del plug-in su Squarespace o con la formattazione dello stesso? Puoi scoprire la guida completa <a href=\"https:\/\/elfsight.com\/tutorials\/how-to-add-number-counter-to-website\/#how-to-add-number-counter-to-squarespace\">in questa pagina<\/a>. <\/p><\/div>\r\n\t\t\t\t\t<\/div>\r\n\t\t\t\t<\/div><div class=\"faq-item\">\r\n\t\t\t\t\t<div class=\"faq-item-question\">\r\n\t\t\t\t\t\t<h3 class=\"faq-item-question-text\">I migliori esempi di utilizzo dell'integrazione del contatore online<\/h3>\r\n\r\n\t\t\t\t\t\t<div class=\"faq-item-question-icon\"><\/div>\r\n\t\t\t\t\t<\/div>\r\n\r\n\t\t\t\t\t<div class=\"faq-item-answer\">\r\n\t\t\t\t\t\t<div class=\"faq-item-answer-text\"><p>Ti forniremo una vasta gamma di opzioni di personalizzazione: widget a grandezza naturale da aggiungere l&#8217;area dei contenuti, widget mobili con funzionalit\u00e0 di scorrimento, layout per il pi\u00e8 di pagina del tuo sito web, sezione principale e tutti i tipi di possibilit\u00e0 verticali per barre laterali e menu. <\/p><\/div>\r\n\t\t\t\t\t<\/div>\r\n\t\t\t\t<\/div><div class=\"faq-item\">\r\n\t\t\t\t\t<div class=\"faq-item-question\">\r\n\t\t\t\t\t\t<h3 class=\"faq-item-question-text\">Posso creare un contatore di soddisfazione del cliente o di download con l'aiuto dell'editor?<\/h3>\r\n\r\n\t\t\t\t\t\t<div class=\"faq-item-question-icon\"><\/div>\r\n\t\t\t\t\t<\/div>\r\n\r\n\t\t\t\t\t<div class=\"faq-item-answer\">\r\n\t\t\t\t\t\t<div class=\"faq-item-answer-text\"><p>Puoi creare qualsiasi modifica del widget. Ci sono moltissimi layout disponibili nell&#8217;editor e tutti possono essere facilmente personalizzati nel modo in cui ti manca. <\/p><\/div>\r\n\t\t\t\t\t<\/div>\r\n\t\t\t\t<\/div><div class=\"faq-item\">\r\n\t\t\t\t\t<div class=\"faq-item-question\">\r\n\t\t\t\t\t\t<h3 class=\"faq-item-question-text\">C'\u00e8 la possibilit\u00e0 di vedere come apparir\u00e0 il widget su un sito web?<\/h3>\r\n\r\n\t\t\t\t\t\t<div class=\"faq-item-question-icon\"><\/div>\r\n\t\t\t\t\t<\/div>\r\n\r\n\t\t\t\t\t<div class=\"faq-item-answer\">\r\n\t\t\t\t\t\t<div class=\"faq-item-answer-text\"><p>Assolutamente! Nel processo di creazione del plug-in del contatore Squarespace nel <a href=\"https:\/\/elfsight.com\/number-counter-widget\/#demo\">builder live gratuito<\/a>, prenderai in considerazione tutte le modifiche su la destra. Il contatore dei numeri sar\u00e0 identico a quello che avrai su un sito Squarespace. <\/p><\/div>\r\n\t\t\t\t\t<\/div>\r\n\t\t\t\t<\/div><div class=\"faq-item\">\r\n\t\t\t\t\t<div class=\"faq-item-question\">\r\n\t\t\t\t\t\t<h3 class=\"faq-item-question-text\">Quali altri widget sono necessari per un sito Squarespace?<\/h3>\r\n\r\n\t\t\t\t\t\t<div class=\"faq-item-question-icon\"><\/div>\r\n\t\t\t\t\t<\/div>\r\n\r\n\t\t\t\t\t<div class=\"faq-item-answer\">\r\n\t\t\t\t\t\t<div class=\"faq-item-answer-text\"><p>Squarespace \u00e8 pratico per i proprietari di blog. Se un giorno deciderai di ampliare le funzionalit\u00e0 del tuo sito web Squarespace, sarai sempre il benvenuto a utilizzare i widget Elfsight.<\/p><p><\/p>Ad esempio, abbiamo <a href=\"https:\/\/elfsight.com\/qr-code-widget\/squarespace\/\">Codice QR<\/a> per coloro che desiderano inserire informazioni estese sul proprio sito web in forma breve, <a href=\"https:\/\/elfsight.com\/google-reviews-widget\/squarespace\/\">Google Recensioni<\/a> &#8211; per condividere ottime valutazioni, <a href=\"https:\/\/elfsight.com\/whatsapp-chat-widget\/squarespace\/\">Chat di WhatsApp<\/a> &#8211; per semplificare comunicazione tramite WhatsApp. Puoi beneficiare del <a href=\"https:\/\/elfsight.com\/event-calendar-widget\/squarespace\/\">Calendario degli eventi<\/a> e del <a href=\"https:\/\/elfsight.com\/countdown-timer-widget\/squarespace\/\">Conto alla rovescia<\/a> e condividi i dettagli sui prossimi eventi.<p><\/p><\/div>\r\n\t\t\t\t\t<\/div>\r\n\t\t\t\t<\/div><\/div><\/div>\n","protected":false},"excerpt":{"rendered":"","protected":false},"author":9,"featured_media":0,"parent":1862,"menu_order":0,"comment_status":"closed","ping_status":"closed","template":"templates\/template-application-platform.php","meta":{"publish_to_discourse":"","publish_post_category":"","wpdc_auto_publish_overridden":"","wpdc_topic_tags":"","wpdc_pin_topic":"","wpdc_pin_until":"","discourse_post_id":"","discourse_permalink":"","wpdc_publishing_response":"","wpdc_publishing_error":"","footnotes":""},"class_list":["post-5051","page","type-page","status-publish","hentry"],"yoast_head":"<!-- This site is optimized with the Yoast SEO plugin v25.3.1 - https:\/\/yoast.com\/wordpress\/plugins\/seo\/ -->\n<title>Contatore numerico Elfsight per siti web Squarespace (gratuito e facile)<\/title>\n<meta name=\"description\" content=\"Integra un contatore numerico sul tuo sito web Squarespace, utilizzando la nostra demo live. Costruisci il tuo elemento personalizzato in pochi clic e senza sforzo!\" \/>\n<meta name=\"robots\" content=\"index, follow, max-snippet:-1, max-image-preview:large, max-video-preview:-1\" \/>\n<link rel=\"canonical\" href=\"https:\/\/elfsight.com\/it\/number-counter-widget\/squarespace\/\" \/>\n<meta property=\"og:locale\" content=\"it_IT\" \/>\n<meta property=\"og:type\" content=\"article\" \/>\n<meta property=\"og:title\" content=\"Contatore numerico Elfsight per siti web Squarespace (gratuito e facile)\" \/>\n<meta property=\"og:description\" content=\"Integra un contatore numerico sul tuo sito web Squarespace, utilizzando la nostra demo live. Costruisci il tuo elemento personalizzato in pochi clic e senza sforzo!\" \/>\n<meta property=\"og:url\" content=\"https:\/\/elfsight.com\/it\/number-counter-widget\/squarespace\/\" \/>\n<meta property=\"og:site_name\" content=\"Elfsight IT\" \/>\n<meta property=\"article:modified_time\" content=\"2025-03-21T15:39:21+00:00\" \/>\n<meta name=\"twitter:card\" content=\"summary_large_image\" \/>\n<meta name=\"twitter:label1\" content=\"Tempo di lettura stimato\" \/>\n\t<meta name=\"twitter:data1\" content=\"4 minuti\" \/>\n<!-- \/ Yoast SEO plugin. -->","yoast_head_json":{"title":"Contatore numerico Elfsight per siti web Squarespace (gratuito e facile)","description":"Integra un contatore numerico sul tuo sito web Squarespace, utilizzando la nostra demo live. Costruisci il tuo elemento personalizzato in pochi clic e senza sforzo!","robots":{"index":"index","follow":"follow","max-snippet":"max-snippet:-1","max-image-preview":"max-image-preview:large","max-video-preview":"max-video-preview:-1"},"canonical":"https:\/\/elfsight.com\/it\/number-counter-widget\/squarespace\/","og_locale":"it_IT","og_type":"article","og_title":"Contatore numerico Elfsight per siti web Squarespace (gratuito e facile)","og_description":"Integra un contatore numerico sul tuo sito web Squarespace, utilizzando la nostra demo live. Costruisci il tuo elemento personalizzato in pochi clic e senza sforzo!","og_url":"https:\/\/elfsight.com\/it\/number-counter-widget\/squarespace\/","og_site_name":"Elfsight IT","article_modified_time":"2025-03-21T15:39:21+00:00","twitter_card":"summary_large_image","twitter_misc":{"Tempo di lettura stimato":"4 minuti"},"schema":{"@context":"https:\/\/schema.org","@graph":[{"@type":"WebPage","@id":"https:\/\/elfsight.com\/it\/number-counter-widget\/squarespace\/","url":"https:\/\/elfsight.com\/it\/number-counter-widget\/squarespace\/","name":"Contatore numerico Elfsight per siti web Squarespace (gratuito e facile)","isPartOf":{"@id":"https:\/\/elfsight.com\/it\/#website"},"datePublished":"2024-05-03T06:41:19+00:00","dateModified":"2025-03-21T15:39:21+00:00","description":"Integra un contatore numerico sul tuo sito web Squarespace, utilizzando la nostra demo live. Costruisci il tuo elemento personalizzato in pochi clic e senza sforzo!","breadcrumb":{"@id":"https:\/\/elfsight.com\/it\/number-counter-widget\/squarespace\/#breadcrumb"},"inLanguage":"it-IT","potentialAction":[{"@type":"ReadAction","target":["https:\/\/elfsight.com\/it\/number-counter-widget\/squarespace\/"]}]},{"@type":"BreadcrumbList","@id":"https:\/\/elfsight.com\/it\/number-counter-widget\/squarespace\/#breadcrumb","itemListElement":[{"@type":"ListItem","position":1,"name":"Home","item":"https:\/\/elfsight.com\/it\/"},{"@type":"ListItem","position":2,"name":"Number Counter","item":"https:\/\/elfsight.com\/it\/number-counter-widget\/"},{"@type":"ListItem","position":3,"name":"Number Counter &#8211; Squarespace"}]},{"@type":"WebSite","@id":"https:\/\/elfsight.com\/it\/#website","url":"https:\/\/elfsight.com\/it\/","name":"Elfsight IT","description":"Just another Elfsight Sites site","potentialAction":[{"@type":"SearchAction","target":{"@type":"EntryPoint","urlTemplate":"https:\/\/elfsight.com\/it\/?s={search_term_string}"},"query-input":{"@type":"PropertyValueSpecification","valueRequired":true,"valueName":"search_term_string"}}],"inLanguage":"it-IT"}]}},"meta_box":{"industry":"","seo_heading":"","heading":"","description":"","cta_heading":"","cta_description":"","application":"1861","h1":"Plug-in Contatore numeri Squarespace","h1_caption":"Mostra statistiche e traguardi chiave con contatori animati per evidenziare i tuoi risultati in modo coinvolgente nel tuo sito web Squarespace senza sforzo.","application_category":[],"applications_title":"","applications_request_title":"","applications_request_button_text":"","hero_text":"","hero_video":"","hero_video_schema_markup":"","selling_points_title":"","selling_points_caption":"","selling_points":[],"selling_points_cta_text":"","features_title":"","features":"","ed_cta_examples_text":"","ed_cta_examples_hidden":"","ed_cta_demo_text":"","ed_cta_demo_hidden":"","why_caption":"","why_editor_title":"","why_editor_text":"","why_team_title":"","why_team_text":"","why_service_title":"","why_service_text":"","template_catalog_visible":"0","template_catalog_title":"","template_catalog_text":"","template_catalog_categories_visible":"","demo_title":"Crea il tuo plugin Contatore di numeri","demo_caption":"Configura il tuo contatore numerico e aggiungilo gratuitamente al tuo sito web Squarespace!","default_faq_hidden":"","app_template_category":[],"platform":"43","template_public_id":"","codecanyon_url":"","codecanyon_item_id":"","codecanyon_price":"","pricing_caption":"","pricing_elfsight_apps_hide_column":"","pricing_elfsight_apps_url":"","pricing_codecanyon_price_caption":"","integration_category":[],"integration_request_title":"","integration_request_cta":"","integration_platform":"","integrations":[],"platform_category":[],"video_schema_markup":"","price":"da $ 0 al mese","trial":"","benefits":[{"text":"Aiuto per l'installazione gratuito"},{"text":"Supporto eccezionale"},{"text":"Garanzia di rimborso di 14 giorni"},{"text":"Aggiornamento costante"}],"button_url":"#demo","button_target_blank":"0","button_nofollow":"0","attributes":[{"name":"Installazioni"},{"name":"Reattivo","content":"S\u00cc"},{"name":"Browser compatibili","content":"Firefox, Safari, Opera, Chrome, Edge"}],"tags":[],"tags_disable_links":"0","hide_more_platforms":"0","video_object":"","demo_hide_cta":"0","demo_hide_cloud_options":"0","pricing_title":"","pricing":[{"pricing_icon":"platform","pricing_title":"Elfsight Apps","pricing_title_caption":"Soluzione multipiattaforma","pricing_price":"da $ 0 \/ mese","pricing_price_caption":"inizia con il piano gratuito","pricing_benefits":[{"text":"Domini illimitati"},{"text":"Supporto rapido e puntuale e ben documentato"},{"text":"Aiuto per l'installazione gratuito"},{"text":"Progettazione flessibile"}],"pricing_button_text":"Aggiungi al sito web","pricing_button_url":"#demo"}],"related_apps_title":"","related_apps_hidden":"0","author":"","image":[],"title":"","job":"","social_networks":[]},"_links":{"self":[{"href":"https:\/\/elfsight.com\/it\/wp-json\/wp\/v2\/pages\/5051","targetHints":{"allow":["GET"]}}],"collection":[{"href":"https:\/\/elfsight.com\/it\/wp-json\/wp\/v2\/pages"}],"about":[{"href":"https:\/\/elfsight.com\/it\/wp-json\/wp\/v2\/types\/page"}],"author":[{"embeddable":true,"href":"https:\/\/elfsight.com\/it\/wp-json\/wp\/v2\/users\/9"}],"replies":[{"embeddable":true,"href":"https:\/\/elfsight.com\/it\/wp-json\/wp\/v2\/comments?post=5051"}],"version-history":[{"count":3,"href":"https:\/\/elfsight.com\/it\/wp-json\/wp\/v2\/pages\/5051\/revisions"}],"predecessor-version":[{"id":9737,"href":"https:\/\/elfsight.com\/it\/wp-json\/wp\/v2\/pages\/5051\/revisions\/9737"}],"up":[{"embeddable":true,"href":"https:\/\/elfsight.com\/it\/wp-json\/wp\/v2\/pages\/1862"}],"wp:attachment":[{"href":"https:\/\/elfsight.com\/it\/wp-json\/wp\/v2\/media?parent=5051"}],"curies":[{"name":"wp","href":"https:\/\/api.w.org\/{rel}","templated":true}]}}