{"id":5050,"date":"2024-05-03T06:41:18","date_gmt":"2024-05-03T06:41:18","guid":{"rendered":"https:\/\/elfsight.com\/it\/?page_id=5050"},"modified":"2025-12-18T14:35:14","modified_gmt":"2025-12-18T14:35:14","slug":"webflow","status":"publish","type":"page","link":"https:\/\/elfsight.com\/it\/number-counter-widget\/webflow\/","title":{"rendered":"Number Counter &#8211; Webflow"},"content":{"rendered":"\n<div class=\"application-platform-content-item-description application-platform-content-item\" id=\"description\" data-nav-section=\"description\"> <h2>Incorpora contatore di numeri su Webflow con il widget Elfsight<\/h2> <p>Elfsight Number Counter \u00e8 un widget gestibile per Webflow con molte opzioni scegliere da. \u00c8 un&#8217;ottima funzionalit\u00e0 per mostrare le tue eccezionali statistiche aziendali, il numero di lavori eseguiti e molto altro ancora. Lo strumento \u00e8 eccezionalmente personalizzabile. Sei libero di costruire qualsiasi numero di contatori, organizzarli in colonne, scegliere icone dalla nostra libreria o caricare quelle personalizzate, renderli colorati o monocromatici, aggiungere didascalie per fornire al tuo pubblico informazioni facilmente comprensibili, ridipingere qualsiasi funzione, scegliere il immagine di sfondo, e non \u00e8 tutto. Inizia subito a modellare il tuo widget e osserva le tue statistiche aziendali cruciali crescere rapidamente! <\/p> <p><b>Vantati i tuoi straordinari risultati con i tuoi potenziali acquirenti. Ottieni affari e lead di maggior successo! <\/b><\/p> <\/div> <div class=\"application-platform-content-item-features application-platform-content-item\" id=\"features\" data-nav-section=\"features\"> <h2>Le funzionalit\u00e0 di base del widget includono<\/h2> <ul><li>Qualsiasi numero di contatori. <\/li><li>Qualsiasi numero di colonne. <\/li><li>Allega didascalie, intestazioni, prefissi e postfissi. <\/li><li>Decidi la categoria di icone: sceglila dalla nostra raccolta o carica la tua. <\/li><li>Aggiungi collegamenti. <\/li><\/ul><p><a href=\"#demo\">Puoi verificare cosa offre il widget provando la demo<\/a><\/p> <\/div> <div class=\"application-platform-content-item-installation application-platform-content-item\" id=\"installation\" data-nav-section=\"installation\"> <h2>Come posso incorporare Number Counter nella mia pagina web Webflow? <\/h2><div class=\"video-container\">\n<iframe width=\"720\" height=\"405\" src=\"https:\/\/www.youtube.com\/embed\/yzKOAr_F2Nc?si=zA66qyR_z7m3Shyv\" frameborder=\"0\" allowfullscreen=\"\"><\/iframe>\n<\/div><p>Basta applicare le istruzioni seguenti per attivare il plugin. <\/p> <ol><li><b>Utilizza il nostro editor gratuito e inizia a dare forma al tuo strumento personalizzato. <\/b><br> Trova la forma e le caratteristiche preferibili dello strumento e salva le correzioni. <\/li> <li><b>Acquisisci il tuo codice univoco che appare nella vedova su Elfsight Apps. <\/b><br> Subito dopo aver completato la creazione del tuo plugin, copia il codice personale nella finestra visualizzata e salvalo per un ulteriore utilizzo. <\/li> <li><b>Inizia a utilizzare lo strumento sul sito Webflow. <\/b><br> Aggiungi il codice che hai salvato di recente nella tua home page e applica le modifiche. <\/li> <li><b>Il gioco \u00e8 fatto! L&#8217;integrazione \u00e8 completamente compiuta. <\/b><br> Vai al tuo sito web per dare un&#8217;occhiata al funzionamento dello strumento. <\/li><\/ol> <p>Se dovessi gestire richieste o incontrare alcuni ostacoli, rivolgiti al nostro personale di supporto. I nostri consulenti sono ansiosi di risolvere tutte le difficolt\u00e0 che potresti avere con il widget. <\/p> <div class=\"faq\" data-component=\"FAQ\"><div class=\"faq-item\">\r\n\t\t\t\t\t<div class=\"faq-item-question\">\r\n\t\t\t\t\t\t<h3 class=\"faq-item-question-text\">In che modo posso aggiungere Contatore di numeri alla mia home page di Webflow senza esperienza di codifica?<\/h3>\r\n\r\n\t\t\t\t\t\t<div class=\"faq-item-question-icon\"><\/div>\r\n\t\t\t\t\t<\/div>\r\n\r\n\t\t\t\t\t<div class=\"faq-item-answer\">\r\n\t\t\t\t\t\t<div class=\"faq-item-answer-text\"> <p>La societ\u00e0 Elfsight fornisce una soluzione SaaS che consente alle persone di creare autonomamente un widget Contatore di numeri, consulta le semplici istruzioni: Inizia a lavorare direttamente nella demo live per creare un widget Contatore numeri che desideri includere nella home page di Webflow. Fai clic su uno dei tanti modelli predefiniti e modifica le impostazioni del contatore di numeri, includi i tuoi contenuti, trasforma il layout e la combinazione di colori senza alcuna conoscenza di codifica. Salva il contatore dei numeri e ottieni il codice per l&#8217;incorporamento, che potrai semplicemente includere gratuitamente nel tuo sito Webflow. Con l&#8217;aiuto del semplice editor qualsiasi utente web pu\u00f2 creare una sezione Contatore numeri e incorporarla facilmente nel sito Webflow. Non \u00e8 necessario sottoscrivere un abbonamento a pagamento o divulgare i dati della propria carta per entrare nel nostro Editor. Se incontri ostacoli di qualsiasi tipo, non esitare a contattare la nostra assistenza clienti.<\/p> <\/div>\r\n\t\t\t\t\t<\/div>\r\n\t\t\t\t<\/div> <\/div><\/div>\n","protected":false},"excerpt":{"rendered":"","protected":false},"author":9,"featured_media":0,"parent":1862,"menu_order":0,"comment_status":"closed","ping_status":"closed","template":"templates\/template-application-platform.php","meta":{"publish_to_discourse":"","publish_post_category":"","wpdc_auto_publish_overridden":"","wpdc_topic_tags":"","wpdc_pin_topic":"","wpdc_pin_until":"","discourse_post_id":"","discourse_permalink":"","wpdc_publishing_response":"","wpdc_publishing_error":"","footnotes":""},"class_list":["post-5050","page","type-page","status-publish","hentry"],"yoast_head":"<!-- This site is optimized with the Yoast SEO plugin v25.3.1 - https:\/\/yoast.com\/wordpress\/plugins\/seo\/ -->\n<title>Contatore numeri: aggiungi il plug-in Contatore a Webflow (gratuito e veloce)<\/title>\n<meta name=\"description\" content=\"Prova un contatore di numeri sulla tua pagina web Webflow, applicando la nostra demo live. Costruisci il tuo widget su misura in pochi clic e senza sforzo!\" \/>\n<meta name=\"robots\" content=\"index, follow, max-snippet:-1, max-image-preview:large, max-video-preview:-1\" \/>\n<link rel=\"canonical\" href=\"https:\/\/elfsight.com\/it\/number-counter-widget\/webflow\/\" \/>\n<meta property=\"og:locale\" content=\"it_IT\" \/>\n<meta property=\"og:type\" content=\"article\" \/>\n<meta property=\"og:title\" content=\"Contatore numeri: aggiungi il plug-in Contatore a Webflow (gratuito e veloce)\" \/>\n<meta property=\"og:description\" content=\"Prova un contatore di numeri sulla tua pagina web Webflow, applicando la nostra demo live. Costruisci il tuo widget su misura in pochi clic e senza sforzo!\" \/>\n<meta property=\"og:url\" content=\"https:\/\/elfsight.com\/it\/number-counter-widget\/webflow\/\" \/>\n<meta property=\"og:site_name\" content=\"Elfsight IT\" \/>\n<meta property=\"article:modified_time\" content=\"2025-12-18T14:35:14+00:00\" \/>\n<meta name=\"twitter:card\" content=\"summary_large_image\" \/>\n<meta name=\"twitter:label1\" content=\"Tempo di lettura stimato\" \/>\n\t<meta name=\"twitter:data1\" content=\"3 minuti\" \/>\n<!-- \/ Yoast SEO plugin. -->","yoast_head_json":{"title":"Contatore numeri: aggiungi il plug-in Contatore a Webflow (gratuito e veloce)","description":"Prova un contatore di numeri sulla tua pagina web Webflow, applicando la nostra demo live. Costruisci il tuo widget su misura in pochi clic e senza sforzo!","robots":{"index":"index","follow":"follow","max-snippet":"max-snippet:-1","max-image-preview":"max-image-preview:large","max-video-preview":"max-video-preview:-1"},"canonical":"https:\/\/elfsight.com\/it\/number-counter-widget\/webflow\/","og_locale":"it_IT","og_type":"article","og_title":"Contatore numeri: aggiungi il plug-in Contatore a Webflow (gratuito e veloce)","og_description":"Prova un contatore di numeri sulla tua pagina web Webflow, applicando la nostra demo live. Costruisci il tuo widget su misura in pochi clic e senza sforzo!","og_url":"https:\/\/elfsight.com\/it\/number-counter-widget\/webflow\/","og_site_name":"Elfsight IT","article_modified_time":"2025-12-18T14:35:14+00:00","twitter_card":"summary_large_image","twitter_misc":{"Tempo di lettura stimato":"3 minuti"},"schema":{"@context":"https:\/\/schema.org","@graph":[{"@type":"WebPage","@id":"https:\/\/elfsight.com\/it\/number-counter-widget\/webflow\/","url":"https:\/\/elfsight.com\/it\/number-counter-widget\/webflow\/","name":"Contatore numeri: aggiungi il plug-in Contatore a Webflow (gratuito e veloce)","isPartOf":{"@id":"https:\/\/elfsight.com\/it\/#website"},"datePublished":"2024-05-03T06:41:18+00:00","dateModified":"2025-12-18T14:35:14+00:00","description":"Prova un contatore di numeri sulla tua pagina web Webflow, applicando la nostra demo live. Costruisci il tuo widget su misura in pochi clic e senza sforzo!","breadcrumb":{"@id":"https:\/\/elfsight.com\/it\/number-counter-widget\/webflow\/#breadcrumb"},"inLanguage":"it-IT","potentialAction":[{"@type":"ReadAction","target":["https:\/\/elfsight.com\/it\/number-counter-widget\/webflow\/"]}]},{"@type":"BreadcrumbList","@id":"https:\/\/elfsight.com\/it\/number-counter-widget\/webflow\/#breadcrumb","itemListElement":[{"@type":"ListItem","position":1,"name":"Home","item":"https:\/\/elfsight.com\/it\/"},{"@type":"ListItem","position":2,"name":"Number Counter","item":"https:\/\/elfsight.com\/it\/number-counter-widget\/"},{"@type":"ListItem","position":3,"name":"Number Counter &#8211; Webflow"}]},{"@type":"WebSite","@id":"https:\/\/elfsight.com\/it\/#website","url":"https:\/\/elfsight.com\/it\/","name":"Elfsight IT","description":"Just another Elfsight Sites site","potentialAction":[{"@type":"SearchAction","target":{"@type":"EntryPoint","urlTemplate":"https:\/\/elfsight.com\/it\/?s={search_term_string}"},"query-input":{"@type":"PropertyValueSpecification","valueRequired":true,"valueName":"search_term_string"}}],"inLanguage":"it-IT"}]}},"meta_box":{"industry":"","seo_heading":"","heading":"","description":"","cta_heading":"","cta_description":"","application":"1861","h1":"Widget Contatore numeri flusso web","h1_caption":"Mostra statistiche chiave e traguardi con contatori animati per evidenziare i tuoi risultati in modo coinvolgente nel tuo sito Web Webflow senza sforzo.","application_category":[],"applications_title":"","applications_request_title":"","applications_request_button_text":"","hero_text":"","hero_video":"","hero_video_schema_markup":"","selling_points_title":"","selling_points_caption":"","selling_points":[],"selling_points_cta_text":"","features_title":"","features":"","ed_cta_examples_text":"","ed_cta_examples_hidden":"","ed_cta_demo_text":"","ed_cta_demo_hidden":"","why_caption":"","why_editor_title":"","why_editor_text":"","why_team_title":"","why_team_text":"","why_service_title":"","why_service_text":"","template_catalog_visible":"0","template_catalog_title":"","template_catalog_text":"","template_catalog_categories_visible":"","demo_title":"Crea il tuo widget Contatore numeri","demo_caption":"Configura il tuo contatore di numeri e aggiungilo gratuitamente al tuo sito Webflow!","default_faq_hidden":"","app_template_category":[],"platform":"44","template_public_id":"","codecanyon_url":"","codecanyon_item_id":"","codecanyon_price":"","pricing_caption":"","pricing_elfsight_apps_hide_column":"","pricing_elfsight_apps_url":"","pricing_codecanyon_price_caption":"","integration_category":[],"integration_request_title":"","integration_request_cta":"","integration_platform":"","integrations":[],"platform_category":[],"video_schema_markup":"","price":"da $ 0 al mese","trial":"","benefits":[{"text":"Aiuto per l'installazione gratuito"},{"text":"Supporto eccezionale"},{"text":"Garanzia di rimborso di 14 giorni"},{"text":"Aggiornamenti gratuiti regolari"}],"button_url":"#demo","button_target_blank":"0","button_nofollow":"0","attributes":[{"name":"Installazioni"},{"name":"Reattivo","content":"S\u00cc"},{"name":"Browser compatibili","content":"Firefox, Safari, Opera, Chrome, Edge"}],"tags":[],"tags_disable_links":"0","hide_more_platforms":"0","video_object":"","demo_hide_cta":"0","demo_hide_cloud_options":"0","pricing_title":"","pricing":[{"pricing_icon":"platform","pricing_title":"Elfsight Apps","pricing_title_caption":"Soluzione digitale multipiattaforma","pricing_price":"da $ 0 \/ mese","pricing_price_caption":"inizia con il piano gratuito","pricing_benefits":[{"text":"Domini illimitati"},{"text":"Supporto dedicato e puntuale"},{"text":"Servizio di installazione gratuito"},{"text":"Offerta speciale per pi\u00f9 app"}],"pricing_button_text":"Aggiungi al sito web","pricing_button_url":"#demo"}],"related_apps_title":"","related_apps_hidden":"0","author":"","image":[],"title":"","job":"","social_networks":[]},"_links":{"self":[{"href":"https:\/\/elfsight.com\/it\/wp-json\/wp\/v2\/pages\/5050","targetHints":{"allow":["GET"]}}],"collection":[{"href":"https:\/\/elfsight.com\/it\/wp-json\/wp\/v2\/pages"}],"about":[{"href":"https:\/\/elfsight.com\/it\/wp-json\/wp\/v2\/types\/page"}],"author":[{"embeddable":true,"href":"https:\/\/elfsight.com\/it\/wp-json\/wp\/v2\/users\/9"}],"replies":[{"embeddable":true,"href":"https:\/\/elfsight.com\/it\/wp-json\/wp\/v2\/comments?post=5050"}],"version-history":[{"count":4,"href":"https:\/\/elfsight.com\/it\/wp-json\/wp\/v2\/pages\/5050\/revisions"}],"predecessor-version":[{"id":10565,"href":"https:\/\/elfsight.com\/it\/wp-json\/wp\/v2\/pages\/5050\/revisions\/10565"}],"up":[{"embeddable":true,"href":"https:\/\/elfsight.com\/it\/wp-json\/wp\/v2\/pages\/1862"}],"wp:attachment":[{"href":"https:\/\/elfsight.com\/it\/wp-json\/wp\/v2\/media?parent=5050"}],"curies":[{"name":"wp","href":"https:\/\/api.w.org\/{rel}","templated":true}]}}