{"id":5045,"date":"2024-05-03T06:41:17","date_gmt":"2024-05-03T06:41:17","guid":{"rendered":"https:\/\/elfsight.com\/it\/?page_id=5045"},"modified":"2024-11-12T08:06:45","modified_gmt":"2024-11-12T08:06:45","slug":"webnode","status":"publish","type":"page","link":"https:\/\/elfsight.com\/it\/number-counter-widget\/webnode\/","title":{"rendered":"Number Counter &#8211; Webnode"},"content":{"rendered":"<div class=\"application-platform-content-item-description application-platform-content-item\" id=\"description\" data-nav-section=\"description\"> <h2>Descrizione<\/h2> <p>Il Contatore Numerico \u00e8 uno strumento facile da usare per Webnode con una vasta gamma di opzioni. \u00c8 un&#8217;ottima funzionalit\u00e0 per mostrare le tue eccezionali statistiche aziendali, la quantit\u00e0 di lavori che hai svolto e non \u00e8 tutto. Il widget \u00e8 estremamente personalizzabile. Sentiti libero di aggiungere qualsiasi numero di contatori, disporli in colonne, scegliere icone dalla nostra libreria o caricarne di tue, renderli multicolori o monocromatici, aggiungere didascalie per chiarire i numeri che stai dimostrando, ridipingere qualsiasi funzione, scegliere l&#8217;immagine di sfondo , e non \u00e8 nemmeno la met\u00e0. Inizia subito a costruire la tua funzionalit\u00e0 e osserva le statistiche della tua attivit\u00e0 principale crescere rapidamente! <\/p> <p><b>Vantati i tuoi meravigliosi risultati con i tuoi potenziali clienti. Ottieni affari e lead di maggior successo! <\/b><\/p> <\/div> <div class=\"application-platform-content-item-features application-platform-content-item\" id=\"features\" data-nav-section=\"features\"> <h2>Di seguito trovi le caratteristiche centrali del widget: <\/h2> <ul><li>Un numero illimitato di contatori. <\/li><li>Qualsiasi numero di colonne. <\/li><li>Allega didascalie, titoli, prefissi e postfissi. <\/li><li>Decidi il tipo di icona: prendila dalla nostra libreria o carica la tua personalizzata. <\/li><li>Aggiungi collegamenti. <\/li><\/ul><p><a href=\"#demo\">Puoi esplorare tutte le funzionalit\u00e0 del widget nella demo qui sotto<\/a><\/p> <\/div> <div class=\"application-platform-content-item- installazione application-platform-content-item\" id=\" installazione\" data-nav-section=\" installazione\"> <h2>Come aggiungo il contatore numerico sulla mia pagina web Webnode? <\/h2> <p>Basta applicare le istruzioni seguenti per incorporare lo strumento. <\/p> <ol><li><b>Gestione del nostro configuratore gratuito, inizia a modellare il tuo strumento su misura. <\/b><br> Trova il layout e i parametri selezionati dello strumento e salva le modifiche. <\/li> <li><b>Ricevi il codice univoco che viene visualizzato nell&#8217;apposito modulo su Elfsight Apps. <\/b><br> Non appena la configurazione del tuo widget personale \u00e8 terminata, copia il codice individuale nel popup visualizzato e salvalo per un&#8217;occasione successiva. <\/li> <li><b>Avvia l&#8217;applicazione dello strumento sulla home page di Webnode. <\/b><br> Inserisci il codice salvato di recente nella tua pagina web e salva le modifiche. <\/li> <li><b>La configurazione \u00e8 completamente completata. <\/b><br> Visita il tuo sito web per esaminare il funzionamento del plug-in. <\/li><\/ol> <p>Se incontri qualche difficolt\u00e0, non esitare a contattare il nostro team di supporto. I nostri consulenti saranno felici di aiutarti con tutte le domande che potresti avere con lo strumento. <\/p> <div class=\"faq\" data-component=\"FAQ\"><div class=\"faq-item\">\r\n\t\t\t\t\t<div class=\"faq-item-question\">\r\n\t\t\t\t\t\t<h3 class=\"faq-item-question-text\">In che modo \u00e8 possibile incorporare Number Counter nella mia home page Webnode senza codifica?<\/h3>\r\n\r\n\t\t\t\t\t\t<div class=\"faq-item-question-icon\"><\/div>\r\n\t\t\t\t\t<\/div>\r\n\r\n\t\t\t\t\t<div class=\"faq-item-answer\">\r\n\t\t\t\t\t\t<div class=\"faq-item-answer-text\"> <p>La societ\u00e0 Elfsight offre una soluzione cloud che consente agli utenti di creare autonomamente un widget Number Counter, scopri quanto \u00e8 semplice il processo: lavora nell&#8217;editor live per creare un plug-in Contatore numeri che desideri venga visualizzato sul sito Webnode. Scegli uno dei modelli predefiniti e regola le impostazioni del contatore dei numeri, modifica il layout e il colore degli elementi e aggiorna i tuoi contenuti, senza esperienza di codifica. Salva le impostazioni che hai effettuato su Number Counter e ottieni il codice per l&#8217;installazione, che pu\u00f2 essere facilmente incorporato gratuitamente nella pagina web di Webnode. Lavorando nell&#8217;editor intuitivo, ogni utente di Internet pu\u00f2 creare un plug-in Contatore numeri e includerlo facilmente nel sito Webnode. Non \u00e8 necessario pagare o inviare i dati della tua carta per entrare nel nostro Editor. Se riscontri problemi in qualsiasi momento, non esitare a parlare con la nostra assistenza clienti.<\/p> <\/div>\r\n\t\t\t\t\t<\/div>\r\n\t\t\t\t<\/div> <\/div><\/div>","protected":false},"excerpt":{"rendered":"","protected":false},"author":9,"featured_media":0,"parent":1862,"menu_order":0,"comment_status":"closed","ping_status":"closed","template":"templates\/template-application-platform.php","meta":{"publish_to_discourse":"","publish_post_category":"","wpdc_auto_publish_overridden":"","wpdc_topic_tags":"","wpdc_pin_topic":"","wpdc_pin_until":"","discourse_post_id":"","discourse_permalink":"","wpdc_publishing_response":"","wpdc_publishing_error":"","footnotes":""},"class_list":["post-5045","page","type-page","status-publish","hentry"],"yoast_head":"<!-- This site is optimized with the Yoast SEO plugin v25.3.1 - https:\/\/yoast.com\/wordpress\/plugins\/seo\/ -->\n<title>Contatore numerico Elfsight per siti web Webnode (gratuito e facile)<\/title>\n<meta name=\"description\" content=\"Utilizza un contatore numerico sulla tua pagina web Webnode, utilizzando la nostra pratica demo. Crea la tua funzionalit\u00e0 personalizzata in pochi clic e senza sforzo!\" \/>\n<meta name=\"robots\" content=\"index, follow, max-snippet:-1, max-image-preview:large, max-video-preview:-1\" \/>\n<link rel=\"canonical\" href=\"https:\/\/elfsight.com\/it\/number-counter-widget\/webnode\/\" \/>\n<meta property=\"og:locale\" content=\"it_IT\" \/>\n<meta property=\"og:type\" content=\"article\" \/>\n<meta property=\"og:title\" content=\"Contatore numerico Elfsight per siti web Webnode (gratuito e facile)\" \/>\n<meta property=\"og:description\" content=\"Utilizza un contatore numerico sulla tua pagina web Webnode, utilizzando la nostra pratica demo. Crea la tua funzionalit\u00e0 personalizzata in pochi clic e senza sforzo!\" \/>\n<meta property=\"og:url\" content=\"https:\/\/elfsight.com\/it\/number-counter-widget\/webnode\/\" \/>\n<meta property=\"og:site_name\" content=\"Elfsight IT\" \/>\n<meta property=\"article:modified_time\" content=\"2024-11-12T08:06:45+00:00\" \/>\n<meta name=\"twitter:card\" content=\"summary_large_image\" \/>\n<meta name=\"twitter:label1\" content=\"Tempo di lettura stimato\" \/>\n\t<meta name=\"twitter:data1\" content=\"3 minuti\" \/>\n<!-- \/ Yoast SEO plugin. -->","yoast_head_json":{"title":"Contatore numerico Elfsight per siti web Webnode (gratuito e facile)","description":"Utilizza un contatore numerico sulla tua pagina web Webnode, utilizzando la nostra pratica demo. Crea la tua funzionalit\u00e0 personalizzata in pochi clic e senza sforzo!","robots":{"index":"index","follow":"follow","max-snippet":"max-snippet:-1","max-image-preview":"max-image-preview:large","max-video-preview":"max-video-preview:-1"},"canonical":"https:\/\/elfsight.com\/it\/number-counter-widget\/webnode\/","og_locale":"it_IT","og_type":"article","og_title":"Contatore numerico Elfsight per siti web Webnode (gratuito e facile)","og_description":"Utilizza un contatore numerico sulla tua pagina web Webnode, utilizzando la nostra pratica demo. Crea la tua funzionalit\u00e0 personalizzata in pochi clic e senza sforzo!","og_url":"https:\/\/elfsight.com\/it\/number-counter-widget\/webnode\/","og_site_name":"Elfsight IT","article_modified_time":"2024-11-12T08:06:45+00:00","twitter_card":"summary_large_image","twitter_misc":{"Tempo di lettura stimato":"3 minuti"},"schema":{"@context":"https:\/\/schema.org","@graph":[{"@type":"WebPage","@id":"https:\/\/elfsight.com\/it\/number-counter-widget\/webnode\/","url":"https:\/\/elfsight.com\/it\/number-counter-widget\/webnode\/","name":"Contatore numerico Elfsight per siti web Webnode (gratuito e facile)","isPartOf":{"@id":"https:\/\/elfsight.com\/it\/#website"},"datePublished":"2024-05-03T06:41:17+00:00","dateModified":"2024-11-12T08:06:45+00:00","description":"Utilizza un contatore numerico sulla tua pagina web Webnode, utilizzando la nostra pratica demo. Crea la tua funzionalit\u00e0 personalizzata in pochi clic e senza sforzo!","breadcrumb":{"@id":"https:\/\/elfsight.com\/it\/number-counter-widget\/webnode\/#breadcrumb"},"inLanguage":"it-IT","potentialAction":[{"@type":"ReadAction","target":["https:\/\/elfsight.com\/it\/number-counter-widget\/webnode\/"]}]},{"@type":"BreadcrumbList","@id":"https:\/\/elfsight.com\/it\/number-counter-widget\/webnode\/#breadcrumb","itemListElement":[{"@type":"ListItem","position":1,"name":"Home","item":"https:\/\/elfsight.com\/it\/"},{"@type":"ListItem","position":2,"name":"Number Counter","item":"https:\/\/elfsight.com\/it\/number-counter-widget\/"},{"@type":"ListItem","position":3,"name":"Number Counter &#8211; Webnode"}]},{"@type":"WebSite","@id":"https:\/\/elfsight.com\/it\/#website","url":"https:\/\/elfsight.com\/it\/","name":"Elfsight IT","description":"Just another Elfsight Sites site","potentialAction":[{"@type":"SearchAction","target":{"@type":"EntryPoint","urlTemplate":"https:\/\/elfsight.com\/it\/?s={search_term_string}"},"query-input":{"@type":"PropertyValueSpecification","valueRequired":true,"valueName":"search_term_string"}}],"inLanguage":"it-IT"}]}},"meta_box":{"industry":"","seo_heading":"","heading":"","description":"","cta_heading":"","cta_description":"","application":"1861","h1":"Widget Contatore numeri Webnode","h1_caption":"Mostra statistiche chiave e traguardi con contatori animati per evidenziare i tuoi risultati in modo coinvolgente nel tuo sito Webnode senza sforzo.","application_category":[],"applications_title":"","applications_request_title":"","applications_request_button_text":"","hero_text":"","hero_video":"","hero_video_schema_markup":"","selling_points_title":"","selling_points_caption":"","selling_points":[],"selling_points_cta_text":"","features_title":"","features":"","ed_cta_examples_text":"","ed_cta_examples_hidden":"","ed_cta_demo_text":"","ed_cta_demo_hidden":"","why_caption":"","why_editor_title":"","why_editor_text":"","why_team_title":"","why_team_text":"","why_service_title":"","why_service_text":"","template_catalog_visible":"","template_catalog_title":"","template_catalog_text":"","template_catalog_categories_visible":"","demo_title":"Crea il tuo widget Contatore numeri","demo_caption":"Configura il tuo contatore numerico e aggiungilo gratuitamente al tuo sito Webnode!","default_faq_hidden":"","app_template_category":[],"platform":"47","template_public_id":"","codecanyon_url":"","codecanyon_item_id":"","codecanyon_price":"","pricing_caption":"","pricing_elfsight_apps_hide_column":"","pricing_elfsight_apps_url":"","pricing_codecanyon_price_caption":"","integration_category":[],"integration_request_title":"","integration_request_cta":"","integration_platform":"","integrations":[],"platform_category":[],"video_schema_markup":"","price":"da $ 0 al mese","trial":"","benefits":[{"text":"Servizio di installazione gratuito"},{"text":"Assistenza clienti con esperienza"},{"text":"Garanzia di rimborso di 14 giorni"},{"text":"Miglioramenti gratuiti a vita"}],"button_url":"#demo","button_target_blank":"","button_nofollow":"","attributes":[{"name":"Installazioni"},{"name":"Reattivo","content":"S\u00cc"},{"name":"Browser compatibili","content":"IE11, Firefox, Safari, Opera, Chrome, Edge"}],"tags":[],"tags_disable_links":"","hide_more_platforms":"","video_object":"","demo_hide_cta":"","demo_hide_cloud_options":"","pricing_title":"","pricing":[{"pricing_icon":"platform","pricing_title":"Elfsight Apps","pricing_title_caption":"Versione multipiattaforma","pricing_price":"da $ 0 \/ mese","pricing_price_caption":"inizia con il piano gratuito","pricing_benefits":[{"text":"Siti web illimitati"},{"text":"Supporto aziendale dedicato"},{"text":"Servizio di installazione gratuito"},{"text":"Offerta a tempo limitato per pi\u00f9 app"}],"pricing_button_text":"Aggiungi al sito web","pricing_button_url":"#demo"}],"related_apps_title":"","related_apps_hidden":"","author":"","image":[],"title":"","job":"","social_networks":[]},"_links":{"self":[{"href":"https:\/\/elfsight.com\/it\/wp-json\/wp\/v2\/pages\/5045","targetHints":{"allow":["GET"]}}],"collection":[{"href":"https:\/\/elfsight.com\/it\/wp-json\/wp\/v2\/pages"}],"about":[{"href":"https:\/\/elfsight.com\/it\/wp-json\/wp\/v2\/types\/page"}],"author":[{"embeddable":true,"href":"https:\/\/elfsight.com\/it\/wp-json\/wp\/v2\/users\/9"}],"replies":[{"embeddable":true,"href":"https:\/\/elfsight.com\/it\/wp-json\/wp\/v2\/comments?post=5045"}],"version-history":[{"count":1,"href":"https:\/\/elfsight.com\/it\/wp-json\/wp\/v2\/pages\/5045\/revisions"}],"predecessor-version":[{"id":5049,"href":"https:\/\/elfsight.com\/it\/wp-json\/wp\/v2\/pages\/5045\/revisions\/5049"}],"up":[{"embeddable":true,"href":"https:\/\/elfsight.com\/it\/wp-json\/wp\/v2\/pages\/1862"}],"wp:attachment":[{"href":"https:\/\/elfsight.com\/it\/wp-json\/wp\/v2\/media?parent=5045"}],"curies":[{"name":"wp","href":"https:\/\/api.w.org\/{rel}","templated":true}]}}