{"id":5044,"date":"2024-05-03T06:41:16","date_gmt":"2024-05-03T06:41:16","guid":{"rendered":"https:\/\/elfsight.com\/it\/?page_id=5044"},"modified":"2025-03-21T15:43:18","modified_gmt":"2025-03-21T15:43:18","slug":"weebly","status":"publish","type":"page","link":"https:\/\/elfsight.com\/it\/number-counter-widget\/weebly\/","title":{"rendered":"Number Counter &#8211; Weebly"},"content":{"rendered":"\n<div class=\"application-platform-content-item-description application-platform-content-item\" id=\"description\" data-nav-section=\"description\"> <h2>Descrizione<\/h2> <p>Elfsight Number Counter \u00e8 uno strumento gestibile per Weebly con un&#8217;ampia gamma di opzioni. \u00c8 un ottimo strumento per dimostrare i tuoi indici aziendali eccezionali, il numero di lavori che hai svolto e non \u00e8 tutto. Il plugin \u00e8 eccezionalmente regolabile. Sentiti libero di creare un numero illimitato di contatori, disporli in colonne, selezionare icone dalla nostra collezione o caricare le tue personalizzate, renderli variegati o in tinta unita, allegare titoli per fornire al tuo pubblico informazioni immaginabili, ricolorare qualsiasi funzione, scegliere il immagine di sfondo, e questa non \u00e8 nemmeno la met\u00e0. Inizia subito a creare il tuo widget e osserva le tue statistiche aziendali cruciali crescere rapidamente! <\/p> <p><b>Mostra i tuoi meravigliosi risultati ai tuoi futuri acquirenti. Aumenta la quantit\u00e0 di affari e lead di successo! <\/b><\/p> <\/div> <div class=\"application-platform-content-item-features application-platform-content-item\" id=\"features\" data-nav-section=\"features\"> <h2>Controlla l&#8217;elenco delle funzionalit\u00e0 pi\u00f9 utili: <\/h2> <ul><li>Un numero qualsiasi di contatori. <\/li><li>Numero illimitato di colonne. <\/li><li>Allega didascalie, intestazioni, prefissi e postfissi. <\/li><li>Scegli la categoria di icone: prendila dalla nostra raccolta o carica la tua personalizzata. <\/li><li>Aggiungi collegamenti. <\/li><\/ul><p><a href=\"#demo\">Puoi sentire se l&#8217;app fa per te provando la demo<\/a><\/p> <\/div> <div class=\"application-platform-content-item- installazione application-platform-content-item\" id=\" installazione\" data-nav-section=\" installazione\"> <h2>Come posso incorporare Number Counter nel mio sito Weebly? <\/h2> <div class=\"video-container\"><iframe width=\"560\" height=\"315\" src=\"https:\/\/www.youtube.com\/embed\/AXCYcAJ34qk?si=Q1jdrO6cN600ZcaN\" frameborder=\"0\" allow=\"accelerometer; autoplay; clipboard-write; encrypted-media; gyroscope; picture-in-picture; web-share\" allowfullscreen><\/iframe><\/div><p>Segui semplicemente le istruzioni seguenti per inserire il plugin. <\/p> <ol><li><b>Lancia la nostra demo gratuita e inizia a lavorare con la tua app personalizzata. <\/b><br> Trova il layout e gli aspetti selezionati dell&#8217;app e applica tutte le correzioni. <\/li> <li><b>Ricevi il codice personale che viene visualizzato nell&#8217;apposito modulo su Elfsight Apps. <\/b><br> Al termine della generazione della tua app, copia il codice dalla finestra emersa e salvalo per un&#8217;occasione successiva. <\/li> <li><b>Avvia l&#8217;utilizzo dell&#8217;app sul tuo sito web Weebly. <\/b><br> Implementa il codice copiato in precedenza nel tuo sito e applica le modifiche. <\/li> <li><b>L&#8217;installazione \u00e8 terminata con successo. <\/b><br> Apri la tua pagina web per vedere in azione come funziona l&#8217;app. <\/li><\/ol><p>Se riscontri domande o affronti alcuni ostacoli, contatta il nostro team di supporto. Il nostro personale sar\u00e0 entusiasta di aiutarti con tutte le domande che potresti avere sul widget. <\/p> <div class=\"faq\" data-component=\"FAQ\"><div class=\"faq-item\">\r\n\t\t\t\t\t<div class=\"faq-item-question\">\r\n\t\t\t\t\t\t<h3 class=\"faq-item-question-text\">Come aggiungere il contatore di numeri a una pagina Weebly?<\/h3>\r\n\r\n\t\t\t\t\t\t<div class=\"faq-item-question-icon\"><\/div>\r\n\t\t\t\t\t<\/div>\r\n\r\n\t\t\t\t\t<div class=\"faq-item-answer\">\r\n\t\t\t\t\t\t<div class=\"faq-item-answer-text\"><p>L&#8217;aggiunta al sito web richieder\u00e0 alcuni secondi. Inoltre non \u00e8 necessario avere conoscenze di programmazione web. <\/p><ol><li>Regola il widget Weebly nel configuratore live gratuito. <\/li> <li>Ottieni il tuo codice di installazione personale. <\/li> <li>Inietta il codice nella posizione richiesta nel backend del sito. <\/li> <li>Lavoro fantastico! La configurazione del plugin contatore di numeri su Weebly \u00e8 completa! <\/li><\/ol><p>Hai problemi con l&#8217;inserimento del plugin su Weebly o con l&#8217;impostazione del contatore dei numeri? Puoi vedere la guida completa <a href=\"https:\/\/elfsight.com\/tutorials\/how-to-add-number-counter-to-website\/#how-to-add-number-counter-to-weebly\">in questa pagina<\/a>. <\/p><\/div>\r\n\t\t\t\t\t<\/div>\r\n\t\t\t\t<\/div><div class=\"faq-item\">\r\n\t\t\t\t\t<div class=\"faq-item-question\">\r\n\t\t\t\t\t\t<h3 class=\"faq-item-question-text\">Posso vedere come apparir\u00e0 il widget sul mio sito web?<\/h3>\r\n\r\n\t\t\t\t\t\t<div class=\"faq-item-question-icon\"><\/div>\r\n\t\t\t\t\t<\/div>\r\n\r\n\t\t\t\t\t<div class=\"faq-item-answer\">\r\n\t\t\t\t\t\t<div class=\"faq-item-answer-text\"><p>S\u00ec, puoi! Quando sviluppi il plug-in del contatore di numeri Weebly nel <a href=\"https:\/\/elfsight.com\/number-counter-widget\/#demo\">builder online<\/a>, vedrai tutte le configurazioni sulla destra. Il contatore sar\u00e0 identico a quello che avrai su un sito Web Weebly. <\/p><\/div>\r\n\t\t\t\t\t<\/div>\r\n\t\t\t\t<\/div><div class=\"faq-item\">\r\n\t\t\t\t\t<div class=\"faq-item-question\">\r\n\t\t\t\t\t\t<h3 class=\"faq-item-question-text\">Quali altri widget sono indispensabili per un sito Weebly?<\/h3>\r\n\r\n\t\t\t\t\t\t<div class=\"faq-item-question-icon\"><\/div>\r\n\t\t\t\t\t<\/div>\r\n\r\n\t\t\t\t\t<div class=\"faq-item-answer\">\r\n\t\t\t\t\t\t<div class=\"faq-item-answer-text\"><p>Il costruttore di siti Web Weebly consente a chiunque di creare siti Web, blog, negozi online e qualsiasi altro tipo di sito web. I widget Elfsight ti consentono di espandere le funzionalit\u00e0 di un sito web con l&#8217;aiuto di soluzioni gi\u00e0 pronte chiamate widget.<\/p><p><a href=\"https:\/\/elfsight.com\/qr-code-widget\/weebly\/\">Codice QR<\/a> semplifica la fruizione dei contenuti per i visitatori del sito web, la <a href=\"https:\/\/elfsight.com\/youtube-channel-plugin-yottie\/weebly\/\">Galleria di YouTube<\/a> recupera video da YouTube a il tuo sito web, <a href=\"https:\/\/elfsight.com\/google-reviews-widget\/weebly\/\">Google Recensioni<\/a> mostra testimonianze e valutazioni della tua attivit\u00e0 sul sito Weebly. <a href=\"https:\/\/elfsight.com\/pdf-embed-widget\/weebly\/\">PDF Embed<\/a> pu\u00f2 essere utilizzato per presentare qualsiasi tipo di file PDF in una forma chiara e comprensibile. Infine, il <a href=\"https:\/\/elfsight.com\/search-widget\/weebly\/\">widget di ricerca<\/a> \u00e8 ottimo per rendere la navigazione nel tuo sito web molto pi\u00f9 semplice.<\/p><\/div>\r\n\t\t\t\t\t<\/div>\r\n\t\t\t\t<\/div> <\/div><\/div>\n","protected":false},"excerpt":{"rendered":"","protected":false},"author":9,"featured_media":0,"parent":1862,"menu_order":0,"comment_status":"closed","ping_status":"closed","template":"templates\/template-application-platform.php","meta":{"publish_to_discourse":"","publish_post_category":"","wpdc_auto_publish_overridden":"","wpdc_topic_tags":"","wpdc_pin_topic":"","wpdc_pin_until":"","discourse_post_id":"","discourse_permalink":"","wpdc_publishing_response":"","wpdc_publishing_error":"","footnotes":""},"class_list":["post-5044","page","type-page","status-publish","hentry"],"yoast_head":"<!-- This site is optimized with the Yoast SEO plugin v25.3.1 - https:\/\/yoast.com\/wordpress\/plugins\/seo\/ -->\n<title>Contatore numerico Elfsight per siti Web Weebly (gratuito e facile)<\/title>\n<meta name=\"description\" content=\"Utilizza un contatore numerico nella tua pagina web Weebly, sfruttando la nostra demo live. Crea la tua app personalizzata in pochi click e senza fatica!\" \/>\n<meta name=\"robots\" content=\"index, follow, max-snippet:-1, max-image-preview:large, max-video-preview:-1\" \/>\n<link rel=\"canonical\" href=\"https:\/\/elfsight.com\/it\/number-counter-widget\/weebly\/\" \/>\n<meta property=\"og:locale\" content=\"it_IT\" \/>\n<meta property=\"og:type\" content=\"article\" \/>\n<meta property=\"og:title\" content=\"Contatore numerico Elfsight per siti Web Weebly (gratuito e facile)\" \/>\n<meta property=\"og:description\" content=\"Utilizza un contatore numerico nella tua pagina web Weebly, sfruttando la nostra demo live. Crea la tua app personalizzata in pochi click e senza fatica!\" \/>\n<meta property=\"og:url\" content=\"https:\/\/elfsight.com\/it\/number-counter-widget\/weebly\/\" \/>\n<meta property=\"og:site_name\" content=\"Elfsight IT\" \/>\n<meta property=\"article:modified_time\" content=\"2025-03-21T15:43:18+00:00\" \/>\n<meta name=\"twitter:card\" content=\"summary_large_image\" \/>\n<meta name=\"twitter:label1\" content=\"Tempo di lettura stimato\" \/>\n\t<meta name=\"twitter:data1\" content=\"4 minuti\" \/>\n<!-- \/ Yoast SEO plugin. -->","yoast_head_json":{"title":"Contatore numerico Elfsight per siti Web Weebly (gratuito e facile)","description":"Utilizza un contatore numerico nella tua pagina web Weebly, sfruttando la nostra demo live. Crea la tua app personalizzata in pochi click e senza fatica!","robots":{"index":"index","follow":"follow","max-snippet":"max-snippet:-1","max-image-preview":"max-image-preview:large","max-video-preview":"max-video-preview:-1"},"canonical":"https:\/\/elfsight.com\/it\/number-counter-widget\/weebly\/","og_locale":"it_IT","og_type":"article","og_title":"Contatore numerico Elfsight per siti Web Weebly (gratuito e facile)","og_description":"Utilizza un contatore numerico nella tua pagina web Weebly, sfruttando la nostra demo live. Crea la tua app personalizzata in pochi click e senza fatica!","og_url":"https:\/\/elfsight.com\/it\/number-counter-widget\/weebly\/","og_site_name":"Elfsight IT","article_modified_time":"2025-03-21T15:43:18+00:00","twitter_card":"summary_large_image","twitter_misc":{"Tempo di lettura stimato":"4 minuti"},"schema":{"@context":"https:\/\/schema.org","@graph":[{"@type":"WebPage","@id":"https:\/\/elfsight.com\/it\/number-counter-widget\/weebly\/","url":"https:\/\/elfsight.com\/it\/number-counter-widget\/weebly\/","name":"Contatore numerico Elfsight per siti Web Weebly (gratuito e facile)","isPartOf":{"@id":"https:\/\/elfsight.com\/it\/#website"},"datePublished":"2024-05-03T06:41:16+00:00","dateModified":"2025-03-21T15:43:18+00:00","description":"Utilizza un contatore numerico nella tua pagina web Weebly, sfruttando la nostra demo live. Crea la tua app personalizzata in pochi click e senza fatica!","breadcrumb":{"@id":"https:\/\/elfsight.com\/it\/number-counter-widget\/weebly\/#breadcrumb"},"inLanguage":"it-IT","potentialAction":[{"@type":"ReadAction","target":["https:\/\/elfsight.com\/it\/number-counter-widget\/weebly\/"]}]},{"@type":"BreadcrumbList","@id":"https:\/\/elfsight.com\/it\/number-counter-widget\/weebly\/#breadcrumb","itemListElement":[{"@type":"ListItem","position":1,"name":"Home","item":"https:\/\/elfsight.com\/it\/"},{"@type":"ListItem","position":2,"name":"Number Counter","item":"https:\/\/elfsight.com\/it\/number-counter-widget\/"},{"@type":"ListItem","position":3,"name":"Number Counter &#8211; Weebly"}]},{"@type":"WebSite","@id":"https:\/\/elfsight.com\/it\/#website","url":"https:\/\/elfsight.com\/it\/","name":"Elfsight IT","description":"Just another Elfsight Sites site","potentialAction":[{"@type":"SearchAction","target":{"@type":"EntryPoint","urlTemplate":"https:\/\/elfsight.com\/it\/?s={search_term_string}"},"query-input":{"@type":"PropertyValueSpecification","valueRequired":true,"valueName":"search_term_string"}}],"inLanguage":"it-IT"}]}},"meta_box":{"industry":"","seo_heading":"","heading":"","description":"","cta_heading":"","cta_description":"","application":"1861","h1":"Applicazione Weebly Contatore di numeri","h1_caption":"Mostra statistiche chiave e traguardi con contatori animati per evidenziare i tuoi risultati in modo coinvolgente nel tuo sito web Weebly senza sforzo.","application_category":[],"applications_title":"","applications_request_title":"","applications_request_button_text":"","hero_text":"","hero_video":"","hero_video_schema_markup":"","selling_points_title":"","selling_points_caption":"","selling_points":[],"selling_points_cta_text":"","features_title":"","features":"","ed_cta_examples_text":"","ed_cta_examples_hidden":"","ed_cta_demo_text":"","ed_cta_demo_hidden":"","why_caption":"","why_editor_title":"","why_editor_text":"","why_team_title":"","why_team_text":"","why_service_title":"","why_service_text":"","template_catalog_visible":"0","template_catalog_title":"","template_catalog_text":"","template_catalog_categories_visible":"","demo_title":"Crea la tua app Contatore di numeri","demo_caption":"Configura il tuo contatore numerico e aggiungilo gratuitamente al tuo sito web Weebly!","default_faq_hidden":"","app_template_category":[],"platform":"45","template_public_id":"","codecanyon_url":"","codecanyon_item_id":"","codecanyon_price":"","pricing_caption":"","pricing_elfsight_apps_hide_column":"","pricing_elfsight_apps_url":"","pricing_codecanyon_price_caption":"","integration_category":[],"integration_request_title":"","integration_request_cta":"","integration_platform":"","integrations":[],"platform_category":[],"video_schema_markup":"","price":"da $ 0 al mese","trial":"","benefits":[{"text":"Servizio di installazione gratuito"},{"text":"Servizio clienti professionale"},{"text":"Garanzia di rimborso di 14 giorni"},{"text":"Aggiornamenti continui"}],"button_url":"#demo","button_target_blank":"0","button_nofollow":"0","attributes":[{"name":"Installazioni"},{"name":"Reattivo","content":"S\u00cc"},{"name":"Browser compatibili","content":"Edge, Opera, Safari, Chrome, Firefox"}],"tags":[],"tags_disable_links":"0","hide_more_platforms":"0","video_object":"","demo_hide_cta":"0","demo_hide_cloud_options":"0","pricing_title":"","pricing":[{"pricing_icon":"platform","pricing_title":"Elfsight Apps","pricing_title_caption":"Software multipiattaforma adatto a qualsiasi sito web","pricing_price":"da $ 0 \/ mese","pricing_price_caption":"inizia con un piano gratuito","pricing_benefits":[{"text":"Siti web illimitati"},{"text":"Supporto professionale e puntuale e ben documentato"},{"text":"Aiuto gratuito per l'installazione"},{"text":"100% personalizzabile"}],"pricing_button_text":"Aggiungi al sito web","pricing_button_url":"#demo"}],"related_apps_title":"","related_apps_hidden":"0","author":"","image":[],"title":"","job":"","social_networks":[]},"_links":{"self":[{"href":"https:\/\/elfsight.com\/it\/wp-json\/wp\/v2\/pages\/5044","targetHints":{"allow":["GET"]}}],"collection":[{"href":"https:\/\/elfsight.com\/it\/wp-json\/wp\/v2\/pages"}],"about":[{"href":"https:\/\/elfsight.com\/it\/wp-json\/wp\/v2\/types\/page"}],"author":[{"embeddable":true,"href":"https:\/\/elfsight.com\/it\/wp-json\/wp\/v2\/users\/9"}],"replies":[{"embeddable":true,"href":"https:\/\/elfsight.com\/it\/wp-json\/wp\/v2\/comments?post=5044"}],"version-history":[{"count":3,"href":"https:\/\/elfsight.com\/it\/wp-json\/wp\/v2\/pages\/5044\/revisions"}],"predecessor-version":[{"id":9739,"href":"https:\/\/elfsight.com\/it\/wp-json\/wp\/v2\/pages\/5044\/revisions\/9739"}],"up":[{"embeddable":true,"href":"https:\/\/elfsight.com\/it\/wp-json\/wp\/v2\/pages\/1862"}],"wp:attachment":[{"href":"https:\/\/elfsight.com\/it\/wp-json\/wp\/v2\/media?parent=5044"}],"curies":[{"name":"wp","href":"https:\/\/api.w.org\/{rel}","templated":true}]}}