{"id":5043,"date":"2024-05-03T06:41:15","date_gmt":"2024-05-03T06:41:15","guid":{"rendered":"https:\/\/elfsight.com\/it\/?page_id=5043"},"modified":"2025-03-21T15:46:13","modified_gmt":"2025-03-21T15:46:13","slug":"wix","status":"publish","type":"page","link":"https:\/\/elfsight.com\/it\/number-counter-widget\/wix\/","title":{"rendered":"Number Counter &#8211; Wix"},"content":{"rendered":"\n<div class=\"application-platform-content-item-description application-platform-content-item\" id=\"description\" data-nav-section=\"description\"> <h2>Descrizione<\/h2> <p>Contatore numeri \u00e8 un&#8217;app facile da usare per Wix con un&#8217;ampia gamma di funzionalit\u00e0. \u00c8 ottimo per vantare i tuoi notevoli indici aziendali, il numero di lavori eseguiti finora e molto altro ancora. Lo strumento \u00e8 estremamente flessibile. Sei libero di creare qualsiasi numero di contatori, disporli in colonne, scegliere le icone dalla nostra libreria o caricarne di tue, renderli multicolori o monocromatici, aggiungere titoli per fornire ai tuoi utenti informazioni possibili, ricolorare qualsiasi funzionalit\u00e0, scegliere l&#8217;immagine di sfondo , e non \u00e8 tutto. Inizia subito a creare la tua app e osserva le tue statistiche aziendali cruciali crescere rapidamente! <\/p> <p><b>Mostra i tuoi brillanti risultati ai tuoi futuri clienti. Ottieni affari e lead di maggior successo! <\/b><\/p> <\/div> <div class=\"application-platform-content-item-features application-platform-content-item\" id=\"features\" data-nav-section=\"features\"> <h2>Il widget offre funzionalit\u00e0 potenti e facili, eccone alcune: <\/h2> <ul><li>Qualsiasi quantit\u00e0 di contatori. <\/li><li>Quantit\u00e0 illimitata di colonne. <\/li><li>Aggiungi didascalie, titoli, prefissi e postfissi. <\/li><li>Decidi la categoria delle icone: prendila dalla nostra libreria o carica quelle personalizzate. <\/li><li>Allega i link. <\/li><\/ul><p><a href=\"#demo\">Puoi provare tutte le funzionalit\u00e0 dell&#8217;app nella demo qui sotto<\/a><\/p><div class=\"faq\" data-component=\"FAQ\"><div class=\"faq-item\">\r\n\t\t\t\t\t<div class=\"faq-item-question\">\r\n\t\t\t\t\t\t<h3 class=\"faq-item-question-text\">Come aggiungere il widget animato Contatore numeri a Wix?<\/h3>\r\n\r\n\t\t\t\t\t\t<div class=\"faq-item-question-icon\"><\/div>\r\n\t\t\t\t\t<\/div>\r\n\r\n\t\t\t\t\t<div class=\"faq-item-answer\">\r\n\t\t\t\t\t\t<div class=\"faq-item-answer-text\"><p>L&#8217;aggiunta al sito Web richiede 90 secondi. Inoltre, non \u00e8 necessario avere alcuna competenza di programmazione. <\/p><ol><li>Personalizza il widget per Wix nel configuratore gratuito e guarda le modifiche in tempo reale. <\/li> <li>Ottieni il tuo codice di installazione personale. <\/li> <li>Incorpora il codice nella posizione necessaria nel backend del sito Wix. <\/li> <li>Ecco fatto! La configurazione del plugin contatore di numeri su Wix \u00e8 completata! <\/li><\/ol><p>Hai problemi con l&#8217;inserimento del plugin in Wix o la formattazione del contatore dei numeri? Puoi scoprire la guida completa <a href=\"https:\/\/elfsight.com\/tutorials\/how-to-add-number-counter-to-website\/#how-to-add-number-counter-to-wix\">in questa pagina<\/a>. <\/p><\/div>\r\n\t\t\t\t\t<\/div>\r\n\t\t\t\t<\/div><div class=\"faq-item\">\r\n\t\t\t\t\t<div class=\"faq-item-question\">\r\n\t\t\t\t\t\t<h3 class=\"faq-item-question-text\">Ho l'opportunit\u00e0 di vedere come apparir\u00e0 il widget su un sito?<\/h3>\r\n\r\n\t\t\t\t\t\t<div class=\"faq-item-question-icon\"><\/div>\r\n\t\t\t\t\t<\/div>\r\n\r\n\t\t\t\t\t<div class=\"faq-item-answer\">\r\n\t\t\t\t\t\t<div class=\"faq-item-answer-text\"><p>Assolutamente s\u00ec! Quando crei il widget contatore numeri Wix nel <a href=\"https:\/\/elfsight.com\/number-counter-widget\/#demo\">creatore online gratuito<\/a>, considererai tutte le revisioni nella parte destra parte di esso. Il contatore avr\u00e0 esattamente lo stesso aspetto che aggiungerai a un sito Web Wix. <\/p><\/div>\r\n\t\t\t\t\t<\/div>\r\n\t\t\t\t<\/div><div class=\"faq-item\">\r\n\t\t\t\t\t<div class=\"faq-item-question\">\r\n\t\t\t\t\t\t<h3 class=\"faq-item-question-text\">Quali altri widget sono necessari per un sito Wix?<\/h3>\r\n\r\n\t\t\t\t\t\t<div class=\"faq-item-question-icon\"><\/div>\r\n\t\t\t\t\t<\/div>\r\n\r\n\t\t\t\t\t<div class=\"faq-item-answer\">\r\n\t\t\t\t\t\t<div class=\"faq-item-answer-text\"><p>Wix ti consente di aggiungere tutti i widget che desideri. Tuttavia, se hai bisogno di strumenti pi\u00f9 semplici per un sito web, troverai tutto ci\u00f2 di cui hai bisogno su Elfsight.<\/p><p>Ad esempio, c&#8217;\u00e8 un <a href=\"https:\/\/elfsight.com\/pdf-embed-widget\/wix\/\">Widget incorporato PDF<\/a> utile per istruzioni e documenti ufficiali, <a href=\"https:\/\/elfsight.com\/instagram-feed-instashow\/wix\/\">Feed di Instagram<\/a> &#8211; per bellissime gallerie fotografiche da Instagram direttamente sul tuo sito web, <a href=\"https:\/\/elfsight.com\/google-reviews-widget\/wix\/\">Google Recensioni<\/a> &#8211; per testimonianze di Google. <a href=\"https:\/\/elfsight.com\/whatsapp-chat-widget\/wix\/\">Chat di WhatsApp<\/a> facilita la comunicazione con i clienti tramite il messenger pi\u00f9 popolare e <a href=\"https:\/\/elfsight.com\/popup-widget\/wix\/\">Widget popup<\/a> pu\u00f2 essere utilizzato per inserire notifiche e messaggi importanti sulle pagine Web.<\/p><\/div>\r\n\t\t\t\t\t<\/div>\r\n\t\t\t\t<\/div><\/div> <\/div> <div class=\"application-platform-content-item-installazione application-platform-content-item\" id=\"installazione\" data-nav-section=\"installazione\"> <h2>Come aggiungo Number Counter alla mia pagina web Wix? <\/h2> <div class=\"video-container\"><iframe width=\"560\" height=\"315\" src=\"https:\/\/www.youtube.com\/embed\/h7BmNnfQ16U?si=5ZLI5srJlLsq7dv0\" frameborder=\"0\" allow=\"accelerometer; autoplay; clipboard-write; encrypted-media; gyroscope; picture-in-picture; web-share\" allowfullscreen><\/iframe><\/div><p>Segui semplicemente le istruzioni riportate di seguito per iniziare a utilizzare l&#8217;app. <\/p> <ol><li><b>Utilizza la nostra demo gratuita e inizia a creare la tua app personalizzata. <\/b><br> Scegli l&#8217;interfaccia e gli aspetti preferibili dello strumento e salva le modifiche. <\/li> <li><b>Copia il tuo codice individuale che viene mostrato nella vedova su Elfsight Apps. <\/b><br> Subito dopo aver configurato il tuo strumento personale, copia il codice individuale nella casella visualizzata e conservalo per occasioni future. <\/li> <li><b>Inizia a utilizzare il plugin sulla pagina web Wix. <\/b><br> Inserisci il codice copiato in precedenza nel tuo sito web e applica le modifiche. <\/li> <li><b>Il gioco \u00e8 fatto! L&#8217;installazione \u00e8 terminata con successo. <\/b><br> Vai al tuo sito per visualizzare le prestazioni del widget. <\/li><\/ol> <p>A condizione di affrontare domande o superare eventuali ostacoli, sentiti libero di metterti in contatto con il nostro personale di supporto. Il nostro personale non vede l&#8217;ora di risolvere tutte le domande che potresti avere sul prodotto. <\/p> <\/div>\n","protected":false},"excerpt":{"rendered":"","protected":false},"author":9,"featured_media":0,"parent":1862,"menu_order":0,"comment_status":"closed","ping_status":"closed","template":"templates\/template-application-platform.php","meta":{"publish_to_discourse":"","publish_post_category":"","wpdc_auto_publish_overridden":"","wpdc_topic_tags":"","wpdc_pin_topic":"","wpdc_pin_until":"","discourse_post_id":"","discourse_permalink":"","wpdc_publishing_response":"","wpdc_publishing_error":"","footnotes":""},"class_list":["post-5043","page","type-page","status-publish","hentry"],"yoast_head":"<!-- This site is optimized with the Yoast SEO plugin v25.3.1 - https:\/\/yoast.com\/wordpress\/plugins\/seo\/ -->\n<title>Contatore numeri: aggiungi il plug-in Contatore a Wix (gratuito e veloce)<\/title>\n<meta name=\"description\" content=\"Inserisci un contatore di numeri animato nella tua pagina web Wix, utilizzando la nostra pratica demo. Costruisci la tua app unica in pochi clic e senza alcuno sforzo!\" \/>\n<meta name=\"robots\" content=\"index, follow, max-snippet:-1, max-image-preview:large, max-video-preview:-1\" \/>\n<link rel=\"canonical\" href=\"https:\/\/elfsight.com\/it\/number-counter-widget\/wix\/\" \/>\n<meta property=\"og:locale\" content=\"it_IT\" \/>\n<meta property=\"og:type\" content=\"article\" \/>\n<meta property=\"og:title\" content=\"Contatore numeri: aggiungi il plug-in Contatore a Wix (gratuito e veloce)\" \/>\n<meta property=\"og:description\" content=\"Inserisci un contatore di numeri animato nella tua pagina web Wix, utilizzando la nostra pratica demo. Costruisci la tua app unica in pochi clic e senza alcuno sforzo!\" \/>\n<meta property=\"og:url\" content=\"https:\/\/elfsight.com\/it\/number-counter-widget\/wix\/\" \/>\n<meta property=\"og:site_name\" content=\"Elfsight IT\" \/>\n<meta property=\"article:modified_time\" content=\"2025-03-21T15:46:13+00:00\" \/>\n<meta name=\"twitter:card\" content=\"summary_large_image\" \/>\n<meta name=\"twitter:label1\" content=\"Tempo di lettura stimato\" \/>\n\t<meta name=\"twitter:data1\" content=\"4 minuti\" \/>\n<!-- \/ Yoast SEO plugin. -->","yoast_head_json":{"title":"Contatore numeri: aggiungi il plug-in Contatore a Wix (gratuito e veloce)","description":"Inserisci un contatore di numeri animato nella tua pagina web Wix, utilizzando la nostra pratica demo. Costruisci la tua app unica in pochi clic e senza alcuno sforzo!","robots":{"index":"index","follow":"follow","max-snippet":"max-snippet:-1","max-image-preview":"max-image-preview:large","max-video-preview":"max-video-preview:-1"},"canonical":"https:\/\/elfsight.com\/it\/number-counter-widget\/wix\/","og_locale":"it_IT","og_type":"article","og_title":"Contatore numeri: aggiungi il plug-in Contatore a Wix (gratuito e veloce)","og_description":"Inserisci un contatore di numeri animato nella tua pagina web Wix, utilizzando la nostra pratica demo. Costruisci la tua app unica in pochi clic e senza alcuno sforzo!","og_url":"https:\/\/elfsight.com\/it\/number-counter-widget\/wix\/","og_site_name":"Elfsight IT","article_modified_time":"2025-03-21T15:46:13+00:00","twitter_card":"summary_large_image","twitter_misc":{"Tempo di lettura stimato":"4 minuti"},"schema":{"@context":"https:\/\/schema.org","@graph":[{"@type":"WebPage","@id":"https:\/\/elfsight.com\/it\/number-counter-widget\/wix\/","url":"https:\/\/elfsight.com\/it\/number-counter-widget\/wix\/","name":"Contatore numeri: aggiungi il plug-in Contatore a Wix (gratuito e veloce)","isPartOf":{"@id":"https:\/\/elfsight.com\/it\/#website"},"datePublished":"2024-05-03T06:41:15+00:00","dateModified":"2025-03-21T15:46:13+00:00","description":"Inserisci un contatore di numeri animato nella tua pagina web Wix, utilizzando la nostra pratica demo. Costruisci la tua app unica in pochi clic e senza alcuno sforzo!","breadcrumb":{"@id":"https:\/\/elfsight.com\/it\/number-counter-widget\/wix\/#breadcrumb"},"inLanguage":"it-IT","potentialAction":[{"@type":"ReadAction","target":["https:\/\/elfsight.com\/it\/number-counter-widget\/wix\/"]}]},{"@type":"BreadcrumbList","@id":"https:\/\/elfsight.com\/it\/number-counter-widget\/wix\/#breadcrumb","itemListElement":[{"@type":"ListItem","position":1,"name":"Home","item":"https:\/\/elfsight.com\/it\/"},{"@type":"ListItem","position":2,"name":"Number Counter","item":"https:\/\/elfsight.com\/it\/number-counter-widget\/"},{"@type":"ListItem","position":3,"name":"Number Counter &#8211; Wix"}]},{"@type":"WebSite","@id":"https:\/\/elfsight.com\/it\/#website","url":"https:\/\/elfsight.com\/it\/","name":"Elfsight IT","description":"Just another Elfsight Sites site","potentialAction":[{"@type":"SearchAction","target":{"@type":"EntryPoint","urlTemplate":"https:\/\/elfsight.com\/it\/?s={search_term_string}"},"query-input":{"@type":"PropertyValueSpecification","valueRequired":true,"valueName":"search_term_string"}}],"inLanguage":"it-IT"}]}},"meta_box":{"industry":"","seo_heading":"","heading":"","description":"","cta_heading":"","cta_description":"","application":"1861","h1":"App Wix Contatore Numeri","h1_caption":"Mostra statistiche chiave e traguardi con contatori animati per evidenziare i tuoi risultati in modo coinvolgente nel tuo sito web Wix senza sforzo.","application_category":[],"applications_title":"","applications_request_title":"","applications_request_button_text":"","hero_text":"","hero_video":"","hero_video_schema_markup":"","selling_points_title":"","selling_points_caption":"","selling_points":[],"selling_points_cta_text":"","features_title":"","features":"","ed_cta_examples_text":"","ed_cta_examples_hidden":"","ed_cta_demo_text":"","ed_cta_demo_hidden":"","why_caption":"","why_editor_title":"","why_editor_text":"","why_team_title":"","why_team_text":"","why_service_title":"","why_service_text":"","template_catalog_visible":"0","template_catalog_title":"","template_catalog_text":"","template_catalog_categories_visible":"","demo_title":"Crea la tua app Contatore di numeri","demo_caption":"Configura il tuo contatore numerico e aggiungilo gratuitamente al tuo sito Wix!","default_faq_hidden":"","app_template_category":[],"platform":"29","template_public_id":"","codecanyon_url":"","codecanyon_item_id":"","codecanyon_price":"","pricing_caption":"","pricing_elfsight_apps_hide_column":"","pricing_elfsight_apps_url":"","pricing_codecanyon_price_caption":"","integration_category":[],"integration_request_title":"","integration_request_cta":"","integration_platform":"","integrations":[],"platform_category":[],"video_schema_markup":"","price":"da $ 0 al mese","trial":"","benefits":[{"text":"Servizio di installazione gratuito"},{"text":"Supporto premium"},{"text":"Garanzia di rimborso di 14 giorni"},{"text":"Miglioramenti continui"}],"button_url":"#demo","button_target_blank":"0","button_nofollow":"0","attributes":[{"name":"Installazioni"},{"name":"Reattivo","content":"S\u00cc"},{"name":"Browser compatibili","content":"Firefox, Safari, Opera, Chrome, Edge"}],"tags":[],"tags_disable_links":"0","hide_more_platforms":"0","video_object":"","demo_hide_cta":"0","demo_hide_cloud_options":"0","pricing_title":"","pricing":[{"pricing_icon":"platform","pricing_title":"Elfsight Apps","pricing_title_caption":"Software multipiattaforma","pricing_price":"da $ 0 \/ mese","pricing_price_caption":"inizia con il piano gratuito","pricing_benefits":[{"text":"Domini illimitati"},{"text":"Supporto veloce"},{"text":"Assistenza gratuita per l'installazione"},{"text":"Offerta speciale per pi\u00f9 app"}],"pricing_button_text":"Aggiungi al sito web","pricing_button_url":"#demo"}],"related_apps_title":"","related_apps_hidden":"0","author":"","image":[],"title":"","job":"","social_networks":[]},"_links":{"self":[{"href":"https:\/\/elfsight.com\/it\/wp-json\/wp\/v2\/pages\/5043","targetHints":{"allow":["GET"]}}],"collection":[{"href":"https:\/\/elfsight.com\/it\/wp-json\/wp\/v2\/pages"}],"about":[{"href":"https:\/\/elfsight.com\/it\/wp-json\/wp\/v2\/types\/page"}],"author":[{"embeddable":true,"href":"https:\/\/elfsight.com\/it\/wp-json\/wp\/v2\/users\/9"}],"replies":[{"embeddable":true,"href":"https:\/\/elfsight.com\/it\/wp-json\/wp\/v2\/comments?post=5043"}],"version-history":[{"count":3,"href":"https:\/\/elfsight.com\/it\/wp-json\/wp\/v2\/pages\/5043\/revisions"}],"predecessor-version":[{"id":9741,"href":"https:\/\/elfsight.com\/it\/wp-json\/wp\/v2\/pages\/5043\/revisions\/9741"}],"up":[{"embeddable":true,"href":"https:\/\/elfsight.com\/it\/wp-json\/wp\/v2\/pages\/1862"}],"wp:attachment":[{"href":"https:\/\/elfsight.com\/it\/wp-json\/wp\/v2\/media?parent=5043"}],"curies":[{"name":"wp","href":"https:\/\/api.w.org\/{rel}","templated":true}]}}