{"id":5042,"date":"2024-05-03T06:41:14","date_gmt":"2024-05-03T06:41:14","guid":{"rendered":"https:\/\/elfsight.com\/it\/?page_id=5042"},"modified":"2025-03-21T15:48:02","modified_gmt":"2025-03-21T15:48:02","slug":"wordpress","status":"publish","type":"page","link":"https:\/\/elfsight.com\/it\/number-counter-widget\/wordpress\/","title":{"rendered":"Number Counter &#8211; WordPress"},"content":{"rendered":"\n<iframe width=\"720\" height=\"405\" src=\"https:\/\/www.youtube.com\/embed\/VbAcbSFFN60\" frameborder=\"0\" allowfullscreen=\"\"><\/iframe><div class=\"application-platform-content-item-description application-platform-content-item\" id=\"description\" data-nav-section=\"description\"> <h2>Incorpora contatore numeri su WordPress con il widget Elfsight<\/h2> <p>Elfsight Number Counter \u00e8 un plugin facile da usare per WordPress con un ampia gamma di opzioni. \u00c8 un&#8217;ottima funzionalit\u00e0 per vantare i tuoi impressionanti indici aziendali, il numero di lavori eseguiti finora e molto altro ancora. Il plugin \u00e8 estremamente flessibile. Sei libero di costruire un numero qualsiasi di contatori, organizzarli in colonne, scegliere icone dalla nostra collezione o caricare le tue personalizzate, renderli multicolori o monocolore, allegare didascalie per chiarire i numeri che stai dimostrando, ricolorare qualsiasi funzione, scegliere il immagine di sfondo, e non \u00e8 tutto. Inizia subito a costruire il tuo contatore e osserva le statistiche principali della tua attivit\u00e0 crescere rapidamente! <\/p> <p><b>Mostra i tuoi brillanti risultati ai tuoi futuri clienti. Ottieni affari e lead di maggior successo! <\/b><\/p><div class=\"faq\" data-component=\"FAQ\"><div class=\"faq-item\">\r\n\t\t\t\t\t<div class=\"faq-item-question\">\r\n\t\t\t\t\t\t<h3 class=\"faq-item-question-text\">Come aggiungere il contatore dei numeri a una pagina WordPress?<\/h3>\r\n\r\n\t\t\t\t\t\t<div class=\"faq-item-question-icon\"><\/div>\r\n\t\t\t\t\t<\/div>\r\n\r\n\t\t\t\t\t<div class=\"faq-item-answer\">\r\n\t\t\t\t\t\t<div class=\"faq-item-answer-text\"><p>L&#8217;installazione richiede solo pochi secondi. Inoltre, non \u00e8 necessario avere conoscenze di programmazione web. <\/p><ol><li>Modifica il widget WordPress nel configuratore live gratuito. <\/li> <li>Ottieni il tuo codice di installazione individuale. <\/li> <li>Incolla il codice nella posizione necessaria nel backend del sito web. <\/li> <li>Buon lavoro! L&#8217;installazione del plugin contatore numerico su WordPress \u00e8 completata! <\/li><\/ol><p>Hai problemi con l&#8217;inserimento del plugin su WordPress o con l&#8217;impostazione del contatore dei numeri? Puoi trovare la guida dettagliata <a href=\"https:\/\/elfsight.com\/tutorials\/how-to-add-number-counter-to-website\/#how-to-add-number-counter-to-wordpress\">in questa pagina<\/a>.<\/p><\/div>\r\n\t\t\t\t\t<\/div>\r\n\t\t\t\t<\/div><div class=\"faq-item\">\r\n\t\t\t\t\t<div class=\"faq-item-question\">\r\n\t\t\t\t\t\t<h3 class=\"faq-item-question-text\">Ho l'opportunit\u00e0 di vedere come apparir\u00e0 il widget sul mio sito web?<\/h3>\r\n\r\n\t\t\t\t\t\t<div class=\"faq-item-question-icon\"><\/div>\r\n\t\t\t\t\t<\/div>\r\n\r\n\t\t\t\t\t<div class=\"faq-item-answer\">\r\n\t\t\t\t\t\t<div class=\"faq-item-answer-text\"><p>S\u00ec, puoi! Nel processo di produzione del contatore dei numeri WordPress nel <a href=\"https:\/\/elfsight.com\/number-counter-widget\/#demo\">costruttore di plugin live<\/a>, vedrai tutte le configurazioni sul Giusto. Il contatore avr\u00e0 lo stesso aspetto che avrai su un sito WordPress. <\/p><\/div>\r\n\t\t\t\t\t<\/div>\r\n\t\t\t\t<\/div><div class=\"faq-item\">\r\n\t\t\t\t\t<div class=\"faq-item-question\">\r\n\t\t\t\t\t\t<h3 class=\"faq-item-question-text\">Quali altri widget sono necessari per un sito Web WordPress?<\/h3>\r\n\r\n\t\t\t\t\t\t<div class=\"faq-item-question-icon\"><\/div>\r\n\t\t\t\t\t<\/div>\r\n\r\n\t\t\t\t\t<div class=\"faq-item-answer\">\r\n\t\t\t\t\t\t<div class=\"faq-item-answer-text\"><p>WordPress offre tantissimi strumenti per qualsiasi tipo di sito Web. Ma puoi sempre utilizzare i plugin Elfsight, perch\u00e9 non dovrai mai codificarli e aumenteranno molte volte la funzionalit\u00e0 del tuo e-store.<\/p><p><\/p>Ad esempio, se aggiungi <a href=\"https:\/\/elfsight.com\/whatsapp-chat-widget\/wordpress\/\">WhatsApp<\/a> o <a href=\"https:\/\/elfsight.com\/facebook-chat-widget\/wordpress\/\">Chat di Facebook<\/a> alle pagine web, migliorerai la comunicazione e l&#8217;assistenza clienti, se disponi di <a href=\"https:\/\/elfsight.com\/google-reviews-widget\/wordpress\/\">Google Recensioni<\/a> e <a href=\"https:\/\/elfsight.com\/testimonials-slider-widget\/wordpress\/\">Testimonials Slider<\/a>, presenterai un&#8217;ottima valutazione della tua fantastica azienda. La <a href=\"https:\/\/elfsight.com\/youtube-channel-plugin-yottie\/wordpress\/\">Galleria YouTube<\/a> consente di mostrare video educativi, pubblicitari ed esplicativi tratti da uno dei video pi\u00f9 popolari hosting.<p><\/p><\/div>\r\n\t\t\t\t\t<\/div>\r\n\t\t\t\t<\/div><\/div> <\/div> <div class=\"application-platform-content-item-features application-platform-content-item\" id=\"features\" data-nav-section=\"features\"> <h2>Offriamo funzionalit\u00e0 pratiche e facili, eccone alcune: <\/h2> <ul><li>Qualsiasi numero di contatori. <\/li><li>Quantit\u00e0 illimitata di colonne. <\/li><li>Aggiungi didascalie, titoli, prefissi e postfissi. <\/li><li>Scegli il tipo di icona: prendila dalla nostra raccolta o carica quelle personalizzate. <\/li><li>Link aggiuntivi. <\/li><\/ul><p><a href=\"#demo\">Prova semplicemente questa demo per vedere quanto vale il widget<\/a><\/p> <\/div> <div class=\"application-platform-content-item-installation  application-platform-content-item\" id=\"installation \" data-nav-section=\"installation \"> <h2>Come posso aggiungere il contatore dei numeri al mio sito Web WordPress? <\/h2><div class=\"video-container\"><iframe width=\"560\" height=\"315\" src=\"https:\/\/www.youtube.com\/embed\/VbAcbSFFN60?si=af05NZcJ_F4WU50a\" frameborder=\"0\" allow=\"accelerometer; autoplay; clipboard-write; encrypted-media; gyroscope; picture-in-picture; web-share\" allowfullscreen><\/iframe><\/div><p>Segui semplicemente le linee guida riportate di seguito per iniziare a lavorare con lo strumento. <\/p> <ol><li><b>Utilizza la nostra demo gratuita e inizia a dare forma al tuo plugin unico. <\/b><br> Trova la forma e le specifiche preferibili del plugin e applica tutte le modifiche. <\/li> <li><b>Ricevi il codice univoco rivelato nel riquadro su Elfsight Apps. <\/b><br> Una volta terminata la configurazione del tuo plugin personale, copia il codice esclusivo dal popup emerso e conservalo per occasioni future. <\/li> <li><b>Inizia a utilizzare il plug-in sulla pagina Web WordPress. <\/b><br> Inserisci il codice copiato in precedenza nel tuo sito web e applica le correzioni. <\/li> <li><b>L&#8217;installazione \u00e8 stata completata con successo. <\/b><br> Apri il tuo sito per dare un&#8217;occhiata al funzionamento del plugin. <\/li><\/ol><p>Se dovessi affrontare alcuni ostacoli, non aver paura di rivolgerti al nostro team di assistenza clienti. I nostri consulenti saranno entusiasti di risolvere tutte le domande che potresti avere con lo strumento. <\/p> <\/div>\n","protected":false},"excerpt":{"rendered":"","protected":false},"author":9,"featured_media":0,"parent":1862,"menu_order":0,"comment_status":"closed","ping_status":"closed","template":"templates\/template-application-platform.php","meta":{"publish_to_discourse":"","publish_post_category":"","wpdc_auto_publish_overridden":"","wpdc_topic_tags":"","wpdc_pin_topic":"","wpdc_pin_until":"","discourse_post_id":"","discourse_permalink":"","wpdc_publishing_response":"","wpdc_publishing_error":"","footnotes":""},"class_list":["post-5042","page","type-page","status-publish","hentry"],"yoast_head":"<!-- This site is optimized with the Yoast SEO plugin v25.3.1 - https:\/\/yoast.com\/wordpress\/plugins\/seo\/ -->\n<title>Contatore numeri: aggiungi il plug-in Contatore a WordPress (gratuito e veloce)<\/title>\n<meta name=\"description\" content=\"Utilizza il contatore di numeri animato sulla tua pagina Web WordPress. Crea il tuo plugin personalizzato in pochi clic in Demo e senza alcuno sforzo!\" \/>\n<meta name=\"robots\" content=\"index, follow, max-snippet:-1, max-image-preview:large, max-video-preview:-1\" \/>\n<link rel=\"canonical\" href=\"https:\/\/elfsight.com\/it\/number-counter-widget\/wordpress\/\" \/>\n<meta property=\"og:locale\" content=\"it_IT\" \/>\n<meta property=\"og:type\" content=\"article\" \/>\n<meta property=\"og:title\" content=\"Contatore numeri: aggiungi il plug-in Contatore a WordPress (gratuito e veloce)\" \/>\n<meta property=\"og:description\" content=\"Utilizza il contatore di numeri animato sulla tua pagina Web WordPress. Crea il tuo plugin personalizzato in pochi clic in Demo e senza alcuno sforzo!\" \/>\n<meta property=\"og:url\" content=\"https:\/\/elfsight.com\/it\/number-counter-widget\/wordpress\/\" \/>\n<meta property=\"og:site_name\" content=\"Elfsight IT\" \/>\n<meta property=\"article:modified_time\" content=\"2025-03-21T15:48:02+00:00\" \/>\n<meta name=\"twitter:card\" content=\"summary_large_image\" \/>\n<meta name=\"twitter:label1\" content=\"Tempo di lettura stimato\" \/>\n\t<meta name=\"twitter:data1\" content=\"4 minuti\" \/>\n<!-- \/ Yoast SEO plugin. -->","yoast_head_json":{"title":"Contatore numeri: aggiungi il plug-in Contatore a WordPress (gratuito e veloce)","description":"Utilizza il contatore di numeri animato sulla tua pagina Web WordPress. Crea il tuo plugin personalizzato in pochi clic in Demo e senza alcuno sforzo!","robots":{"index":"index","follow":"follow","max-snippet":"max-snippet:-1","max-image-preview":"max-image-preview:large","max-video-preview":"max-video-preview:-1"},"canonical":"https:\/\/elfsight.com\/it\/number-counter-widget\/wordpress\/","og_locale":"it_IT","og_type":"article","og_title":"Contatore numeri: aggiungi il plug-in Contatore a WordPress (gratuito e veloce)","og_description":"Utilizza il contatore di numeri animato sulla tua pagina Web WordPress. Crea il tuo plugin personalizzato in pochi clic in Demo e senza alcuno sforzo!","og_url":"https:\/\/elfsight.com\/it\/number-counter-widget\/wordpress\/","og_site_name":"Elfsight IT","article_modified_time":"2025-03-21T15:48:02+00:00","twitter_card":"summary_large_image","twitter_misc":{"Tempo di lettura stimato":"4 minuti"},"schema":{"@context":"https:\/\/schema.org","@graph":[{"@type":"WebPage","@id":"https:\/\/elfsight.com\/it\/number-counter-widget\/wordpress\/","url":"https:\/\/elfsight.com\/it\/number-counter-widget\/wordpress\/","name":"Contatore numeri: aggiungi il plug-in Contatore a WordPress (gratuito e veloce)","isPartOf":{"@id":"https:\/\/elfsight.com\/it\/#website"},"datePublished":"2024-05-03T06:41:14+00:00","dateModified":"2025-03-21T15:48:02+00:00","description":"Utilizza il contatore di numeri animato sulla tua pagina Web WordPress. Crea il tuo plugin personalizzato in pochi clic in Demo e senza alcuno sforzo!","breadcrumb":{"@id":"https:\/\/elfsight.com\/it\/number-counter-widget\/wordpress\/#breadcrumb"},"inLanguage":"it-IT","potentialAction":[{"@type":"ReadAction","target":["https:\/\/elfsight.com\/it\/number-counter-widget\/wordpress\/"]}]},{"@type":"BreadcrumbList","@id":"https:\/\/elfsight.com\/it\/number-counter-widget\/wordpress\/#breadcrumb","itemListElement":[{"@type":"ListItem","position":1,"name":"Home","item":"https:\/\/elfsight.com\/it\/"},{"@type":"ListItem","position":2,"name":"Number Counter","item":"https:\/\/elfsight.com\/it\/number-counter-widget\/"},{"@type":"ListItem","position":3,"name":"Number Counter &#8211; WordPress"}]},{"@type":"WebSite","@id":"https:\/\/elfsight.com\/it\/#website","url":"https:\/\/elfsight.com\/it\/","name":"Elfsight IT","description":"Just another Elfsight Sites site","potentialAction":[{"@type":"SearchAction","target":{"@type":"EntryPoint","urlTemplate":"https:\/\/elfsight.com\/it\/?s={search_term_string}"},"query-input":{"@type":"PropertyValueSpecification","valueRequired":true,"valueName":"search_term_string"}}],"inLanguage":"it-IT"}]}},"meta_box":{"industry":"","seo_heading":"","heading":"","description":"","cta_heading":"","cta_description":"","application":"1861","h1":"Plug-in Contatore numeri WordPress","h1_caption":"Mostra statistiche chiave e traguardi con contatori animati per evidenziare i tuoi risultati in modo coinvolgente nel tuo sito Web WordPress senza sforzo.","application_category":[],"applications_title":"","applications_request_title":"","applications_request_button_text":"","hero_text":"","hero_video":"","hero_video_schema_markup":"","selling_points_title":"","selling_points_caption":"","selling_points":[],"selling_points_cta_text":"","features_title":"","features":"","ed_cta_examples_text":"","ed_cta_examples_hidden":"","ed_cta_demo_text":"","ed_cta_demo_hidden":"","why_caption":"","why_editor_title":"","why_editor_text":"","why_team_title":"","why_team_text":"","why_service_title":"","why_service_text":"","template_catalog_visible":"0","template_catalog_title":"","template_catalog_text":"","template_catalog_categories_visible":"","demo_title":"Crea il tuo plugin Contatore di numeri","demo_caption":"Configura il tuo contatore numerico e aggiungilo gratuitamente al tuo sito WordPress!","default_faq_hidden":"","app_template_category":[],"platform":"28","template_public_id":"","codecanyon_url":"","codecanyon_item_id":"","codecanyon_price":"","pricing_caption":"","pricing_elfsight_apps_hide_column":"","pricing_elfsight_apps_url":"","pricing_codecanyon_price_caption":"","integration_category":[],"integration_request_title":"","integration_request_cta":"","integration_platform":"","integrations":[],"platform_category":[],"video_schema_markup":"","price":"da $ 0 al mese","trial":"","benefits":[{"text":"Servizio di installazione gratuito"},{"text":"Supporto eccezionale"},{"text":"Garanzia di rimborso di 14 giorni"},{"text":"Aggiornamenti continui"}],"button_url":"#demo","button_target_blank":"0","button_nofollow":"0","attributes":[{"name":"Installazioni"},{"name":"Reattivo","content":"Funziona su siti Web mobili"},{"name":"Browser compatibili","content":"Firefox, Safari, Opera, Chrome, Edge"}],"tags":[],"tags_disable_links":"0","hide_more_platforms":"0","video_object":"","demo_hide_cta":"0","demo_hide_cloud_options":"0","pricing_title":"","pricing":[{"pricing_icon":"platform","pricing_title":"Elfsight Apps","pricing_title_caption":"Software indipendente dalla piattaforma","pricing_price":"da $ 0 \/ mese","pricing_price_caption":"inizia con il piano gratuito","pricing_benefits":[{"text":"Siti web illimitati"},{"text":"Supporto premium"},{"text":"Aiuto per l'installazione gratuito"},{"text":"Ottimo affare per pi\u00f9 app"}],"pricing_button_text":"Aggiungi al sito web","pricing_button_url":"#demo"}],"related_apps_title":"","related_apps_hidden":"0","author":"","image":[],"title":"","job":"","social_networks":[]},"_links":{"self":[{"href":"https:\/\/elfsight.com\/it\/wp-json\/wp\/v2\/pages\/5042","targetHints":{"allow":["GET"]}}],"collection":[{"href":"https:\/\/elfsight.com\/it\/wp-json\/wp\/v2\/pages"}],"about":[{"href":"https:\/\/elfsight.com\/it\/wp-json\/wp\/v2\/types\/page"}],"author":[{"embeddable":true,"href":"https:\/\/elfsight.com\/it\/wp-json\/wp\/v2\/users\/9"}],"replies":[{"embeddable":true,"href":"https:\/\/elfsight.com\/it\/wp-json\/wp\/v2\/comments?post=5042"}],"version-history":[{"count":3,"href":"https:\/\/elfsight.com\/it\/wp-json\/wp\/v2\/pages\/5042\/revisions"}],"predecessor-version":[{"id":9742,"href":"https:\/\/elfsight.com\/it\/wp-json\/wp\/v2\/pages\/5042\/revisions\/9742"}],"up":[{"embeddable":true,"href":"https:\/\/elfsight.com\/it\/wp-json\/wp\/v2\/pages\/1862"}],"wp:attachment":[{"href":"https:\/\/elfsight.com\/it\/wp-json\/wp\/v2\/media?parent=5042"}],"curies":[{"name":"wp","href":"https:\/\/api.w.org\/{rel}","templated":true}]}}