{"id":5036,"date":"2024-05-03T06:41:12","date_gmt":"2024-05-03T06:41:12","guid":{"rendered":"https:\/\/elfsight.com\/it\/?page_id=5036"},"modified":"2025-03-21T15:49:42","modified_gmt":"2025-03-21T15:49:42","slug":"google-sites","status":"publish","type":"page","link":"https:\/\/elfsight.com\/it\/number-counter-widget\/google-sites\/","title":{"rendered":"Number Counter &#8211; Google Sites"},"content":{"rendered":"\n<div class=\"application-platform-content-item-description application-platform-content-item\" id=\"description\" data-nav-section=\"description\"> <h2>Incorpora contatore numeri su Google Sites con il widget Elfsight<\/h2> <p>Elfsight Number Counter per Google Sites \u00e8 un plugin gestibile con molti di funzionalit\u00e0 tra cui scegliere. \u00c8 utile per mostrare i tuoi splendidi indici aziendali, la quantit\u00e0 di lavori eseguiti e molto altro ancora. Il widget \u00e8 estremamente personalizzabile. Sentiti libero di aggiungere qualsiasi numero di contatori, comporli in colonne, scegliere icone dalla nostra libreria o caricarne di tue, renderli colorati o in tinta unita, allegare didascalie per chiarire i numeri che stai mostrando, ridipingere qualsiasi funzione, scegliere il immagine di sfondo, e non \u00e8 tutto. Inizia subito a costruire il tuo plugin e osserva le statistiche chiave della tua attivit\u00e0 crescere rapidamente! <\/p> <p><b>Esponi i tuoi meravigliosi risultati ai tuoi potenziali clienti. Ottieni vendite e lead di maggior successo! <\/b><\/p> <\/div> <div class=\"application-platform-content-item-features application-platform-content-item\" id=\"features\" data-nav-section=\"features\"> <h2>Il widget ha funzionalit\u00e0 potenti e semplici, visualizzane alcune: <\/h2> <ul><li>Una quantit\u00e0 illimitata di contatori. <\/li><li>Numero illimitato di colonne. <\/li><li>Allega titoli, titoli, prefissi e postfissi. <\/li><li>Decidi il formato dell&#8217;icona: prendilo dalla nostra libreria o carica il tuo. <\/li><li>Allega i link. <\/li><\/ul><p><a href=\"#demo\">Prova tutte le opzioni di personalizzazione nella demo completamente funzionante<\/a><\/p> <\/div> <div class=\"application-platform-content-item-installation application-platform-content-item\" id=\"installation\" data-nav-section=\"installation\"> <h2>Come faccio a incorporare il contatore di numeri nella mia pagina web di Google Sites? <\/h2><div class=\"video-container\"><iframe width=\"560\" height=\"315\" src=\"https:\/\/www.youtube.com\/embed\/I7FaUiI4T0o?si=83WnbiAeHOUXSwVz\" frameborder=\"0\" allow=\"accelerometer; autoplay; clipboard-write; encrypted-media; gyroscope; picture-in-picture; web-share\" allowfullscreen><\/iframe><\/div><p>Segui semplicemente le linee guida riportate di seguito per iniziare a lavorare con lo strumento. <\/p> <ol><li><b>Esegui il nostro editor gratuito e inizia a costruire il tuo strumento personalizzato. <\/b><br> Trova l&#8217;interfaccia e gli aspetti preferiti dello strumento e salva le modifiche. <\/li> <li><b>Ricevi il codice individuale che appare nella vedova su Elfsight Apps. <\/b><br> Non appena la creazione del tuo strumento \u00e8 terminata, copia il codice esclusivo nella casella emersa e conservalo per un&#8217;occasione successiva. <\/li> <li><b>Inizia a utilizzare il plug-in nella home page di Google Sites. <\/b><br> Inserisci il codice salvato di recente nel tuo sito web e salva le modifiche. <\/li> <li><b>Fatto! L&#8217;incorporamento \u00e8 stato completamente eseguito. <\/b><br> Vai alla tua pagina web per verificare come funziona il plug-in. <\/li><\/ol> <div class=\"tip-yellow tip\"><b>A causa delle peculiarit\u00e0 del funzionamento di Google Sites, il widget potrebbe avere un aspetto diverso dalla demo online. Ci scusiamo per gli eventuali disagi causati.<\/b><\/div><p>Se devi rispondere a domande o affrontare eventuali problemi, contatta il nostro team di assistenza clienti. I nostri specialisti saranno felici di risolvere tutte le domande che potresti avere con lo strumento. <\/p> <div class=\"faq\" data-component=\"FAQ\"><div class=\"faq-item\">\r\n\t\t\t\t\t<div class=\"faq-item-question\">\r\n\t\t\t\t\t\t<h3 class=\"faq-item-question-text\">Esiste un modo per aggiungere Contatore numeri alla mia home page di Google Sites senza competenze di programmazione?<\/h3>\r\n\r\n\t\t\t\t\t\t<div class=\"faq-item-question-icon\"><\/div>\r\n\t\t\t\t\t<\/div>\r\n\r\n\t\t\t\t\t<div class=\"faq-item-answer\">\r\n\t\t\t\t\t\t<div class=\"faq-item-answer-text\"> <p>Elfsight introduce una soluzione SaaS che consente alle persone di creare autonomamente una sezione Contatore numeri, controlla la semplice guida: vai alla demo live per creare un widget Contatore numeri che desideri venga visualizzato sui tuoi siti Google. Scegli uno dei tanti modelli gi\u00e0 pronti e modifica le impostazioni del contatore dei numeri, includi i tuoi contenuti, altera il layout e i colori senza conoscere la codifica. Salva le impostazioni che hai effettuato su Number Counter e copia il suo codice di installazione, che potrai inserire gratuitamente nella pagina web di Google Sites. Lavorando nel semplice Configuratore, qualsiasi utente di Internet pu\u00f2 creare widget Contatore di numeri online e aggiungerlo semplicemente a qualsiasi home page di Google Sites. Non \u00e8 necessario sottoscrivere un piano a pagamento o inviare i dati della carta per accedere al nostro servizio. Se riscontri problemi in qualsiasi momento, non esitare a rivolgerti al nostro team di supporto tecnico.<\/p> <\/div>\r\n\t\t\t\t\t<\/div>\r\n\t\t\t\t<\/div> <\/div><\/div>\n","protected":false},"excerpt":{"rendered":"","protected":false},"author":9,"featured_media":0,"parent":1862,"menu_order":0,"comment_status":"closed","ping_status":"closed","template":"templates\/template-application-platform.php","meta":{"publish_to_discourse":"","publish_post_category":"","wpdc_auto_publish_overridden":"","wpdc_topic_tags":"","wpdc_pin_topic":"","wpdc_pin_until":"","discourse_post_id":"","discourse_permalink":"","wpdc_publishing_response":"","wpdc_publishing_error":"","footnotes":""},"class_list":["post-5036","page","type-page","status-publish","hentry"],"yoast_head":"<!-- This site is optimized with the Yoast SEO plugin v25.3.1 - https:\/\/yoast.com\/wordpress\/plugins\/seo\/ -->\n<title>Contatore numeri: aggiungi widget Contatore a Google Sites (2025)<\/title>\n<meta name=\"description\" content=\"Integra un contatore numerico nel tuo sito web Google Sites, applicando la nostra pratica demo. Realizza il tuo plugin personalizzato in pochi clic!\" \/>\n<meta name=\"robots\" content=\"index, follow, max-snippet:-1, max-image-preview:large, max-video-preview:-1\" \/>\n<link rel=\"canonical\" href=\"https:\/\/elfsight.com\/it\/number-counter-widget\/google-sites\/\" \/>\n<meta property=\"og:locale\" content=\"it_IT\" \/>\n<meta property=\"og:type\" content=\"article\" \/>\n<meta property=\"og:title\" content=\"Contatore numeri: aggiungi widget Contatore a Google Sites (2025)\" \/>\n<meta property=\"og:description\" content=\"Integra un contatore numerico nel tuo sito web Google Sites, applicando la nostra pratica demo. Realizza il tuo plugin personalizzato in pochi clic!\" \/>\n<meta property=\"og:url\" content=\"https:\/\/elfsight.com\/it\/number-counter-widget\/google-sites\/\" \/>\n<meta property=\"og:site_name\" content=\"Elfsight IT\" \/>\n<meta property=\"article:modified_time\" content=\"2025-03-21T15:49:42+00:00\" \/>\n<meta name=\"twitter:card\" content=\"summary_large_image\" \/>\n<meta name=\"twitter:label1\" content=\"Tempo di lettura stimato\" \/>\n\t<meta name=\"twitter:data1\" content=\"3 minuti\" \/>\n<!-- \/ Yoast SEO plugin. -->","yoast_head_json":{"title":"Contatore numeri: aggiungi widget Contatore a Google Sites (2025)","description":"Integra un contatore numerico nel tuo sito web Google Sites, applicando la nostra pratica demo. Realizza il tuo plugin personalizzato in pochi clic!","robots":{"index":"index","follow":"follow","max-snippet":"max-snippet:-1","max-image-preview":"max-image-preview:large","max-video-preview":"max-video-preview:-1"},"canonical":"https:\/\/elfsight.com\/it\/number-counter-widget\/google-sites\/","og_locale":"it_IT","og_type":"article","og_title":"Contatore numeri: aggiungi widget Contatore a Google Sites (2025)","og_description":"Integra un contatore numerico nel tuo sito web Google Sites, applicando la nostra pratica demo. Realizza il tuo plugin personalizzato in pochi clic!","og_url":"https:\/\/elfsight.com\/it\/number-counter-widget\/google-sites\/","og_site_name":"Elfsight IT","article_modified_time":"2025-03-21T15:49:42+00:00","twitter_card":"summary_large_image","twitter_misc":{"Tempo di lettura stimato":"3 minuti"},"schema":{"@context":"https:\/\/schema.org","@graph":[{"@type":"WebPage","@id":"https:\/\/elfsight.com\/it\/number-counter-widget\/google-sites\/","url":"https:\/\/elfsight.com\/it\/number-counter-widget\/google-sites\/","name":"Contatore numeri: aggiungi widget Contatore a Google Sites (2025)","isPartOf":{"@id":"https:\/\/elfsight.com\/it\/#website"},"datePublished":"2024-05-03T06:41:12+00:00","dateModified":"2025-03-21T15:49:42+00:00","description":"Integra un contatore numerico nel tuo sito web Google Sites, applicando la nostra pratica demo. Realizza il tuo plugin personalizzato in pochi clic!","breadcrumb":{"@id":"https:\/\/elfsight.com\/it\/number-counter-widget\/google-sites\/#breadcrumb"},"inLanguage":"it-IT","potentialAction":[{"@type":"ReadAction","target":["https:\/\/elfsight.com\/it\/number-counter-widget\/google-sites\/"]}]},{"@type":"BreadcrumbList","@id":"https:\/\/elfsight.com\/it\/number-counter-widget\/google-sites\/#breadcrumb","itemListElement":[{"@type":"ListItem","position":1,"name":"Home","item":"https:\/\/elfsight.com\/it\/"},{"@type":"ListItem","position":2,"name":"Number Counter","item":"https:\/\/elfsight.com\/it\/number-counter-widget\/"},{"@type":"ListItem","position":3,"name":"Number Counter &#8211; Google Sites"}]},{"@type":"WebSite","@id":"https:\/\/elfsight.com\/it\/#website","url":"https:\/\/elfsight.com\/it\/","name":"Elfsight IT","description":"Just another Elfsight Sites site","potentialAction":[{"@type":"SearchAction","target":{"@type":"EntryPoint","urlTemplate":"https:\/\/elfsight.com\/it\/?s={search_term_string}"},"query-input":{"@type":"PropertyValueSpecification","valueRequired":true,"valueName":"search_term_string"}}],"inLanguage":"it-IT"}]}},"meta_box":{"industry":"","seo_heading":"","heading":"","description":"","cta_heading":"","cta_description":"","application":"1861","h1":"Widget Contatore numeri di Google Sites","h1_caption":"Mostra statistiche e traguardi chiave con contatori animati per evidenziare i tuoi risultati in modo coinvolgente nei tuoi siti Google senza sforzo.","application_category":[],"applications_title":"","applications_request_title":"","applications_request_button_text":"","hero_text":"","hero_video":"","hero_video_schema_markup":"","selling_points_title":"","selling_points_caption":"","selling_points":[],"selling_points_cta_text":"","features_title":"","features":"","ed_cta_examples_text":"","ed_cta_examples_hidden":"","ed_cta_demo_text":"","ed_cta_demo_hidden":"","why_caption":"","why_editor_title":"","why_editor_text":"","why_team_title":"","why_team_text":"","why_service_title":"","why_service_text":"","template_catalog_visible":"0","template_catalog_title":"","template_catalog_text":"","template_catalog_categories_visible":"","demo_title":"Crea il tuo widget Contatore numeri","demo_caption":"Configura il tuo contatore numerico e aggiungilo gratuitamente al tuo sito web Google Sites!","default_faq_hidden":"","app_template_category":[],"platform":"105","template_public_id":"","codecanyon_url":"","codecanyon_item_id":"","codecanyon_price":"","pricing_caption":"","pricing_elfsight_apps_hide_column":"","pricing_elfsight_apps_url":"","pricing_codecanyon_price_caption":"","integration_category":[],"integration_request_title":"","integration_request_cta":"","integration_platform":"","integrations":[],"platform_category":[],"video_schema_markup":"","price":"da $ 0 al mese","trial":"","benefits":[{"text":"Aiuto per l'installazione gratuito"},{"text":"Servizio clienti professionale"},{"text":"Garanzia di rimborso di 14 giorni"},{"text":"Aggiornamento costante"}],"button_url":"#demo","button_target_blank":"0","button_nofollow":"0","attributes":[{"name":"Installazioni"},{"name":"Reattivit\u00e0","content":"S\u00cc"},{"name":"Browser compatibili","content":"Firefox, Safari, Opera, Chrome, Edge"}],"tags":[],"tags_disable_links":"0","hide_more_platforms":"0","video_object":"","demo_hide_cta":"0","demo_hide_cloud_options":"0","pricing_title":"","pricing":[{"pricing_icon":"platform","pricing_title":"Elfsight Apps","pricing_title_caption":"Soluzione digitale indipendente dalla piattaforma","pricing_price":"da $ 0 \/ mese","pricing_price_caption":"inizia con il piano gratuito","pricing_benefits":[{"text":"Siti web illimitati"},{"text":"Supporto professionale"},{"text":"Supporto gratuito per l'installazione"},{"text":"Offerta speciale per pi\u00f9 app"}],"pricing_button_text":"Aggiungi al sito web","pricing_button_url":"#demo"}],"related_apps_title":"","related_apps_hidden":"0","author":"","image":[],"title":"","job":"","social_networks":[]},"_links":{"self":[{"href":"https:\/\/elfsight.com\/it\/wp-json\/wp\/v2\/pages\/5036","targetHints":{"allow":["GET"]}}],"collection":[{"href":"https:\/\/elfsight.com\/it\/wp-json\/wp\/v2\/pages"}],"about":[{"href":"https:\/\/elfsight.com\/it\/wp-json\/wp\/v2\/types\/page"}],"author":[{"embeddable":true,"href":"https:\/\/elfsight.com\/it\/wp-json\/wp\/v2\/users\/9"}],"replies":[{"embeddable":true,"href":"https:\/\/elfsight.com\/it\/wp-json\/wp\/v2\/comments?post=5036"}],"version-history":[{"count":4,"href":"https:\/\/elfsight.com\/it\/wp-json\/wp\/v2\/pages\/5036\/revisions"}],"predecessor-version":[{"id":9744,"href":"https:\/\/elfsight.com\/it\/wp-json\/wp\/v2\/pages\/5036\/revisions\/9744"}],"up":[{"embeddable":true,"href":"https:\/\/elfsight.com\/it\/wp-json\/wp\/v2\/pages\/1862"}],"wp:attachment":[{"href":"https:\/\/elfsight.com\/it\/wp-json\/wp\/v2\/media?parent=5036"}],"curies":[{"name":"wp","href":"https:\/\/api.w.org\/{rel}","templated":true}]}}