{"id":5035,"date":"2024-05-03T06:41:11","date_gmt":"2024-05-03T06:41:11","guid":{"rendered":"https:\/\/elfsight.com\/it\/?page_id=5035"},"modified":"2024-11-11T11:25:41","modified_gmt":"2024-11-11T11:25:41","slug":"godaddy","status":"publish","type":"page","link":"https:\/\/elfsight.com\/it\/number-counter-widget\/godaddy\/","title":{"rendered":"Number Counter &#8211; GoDaddy"},"content":{"rendered":"<div class=\"application-platform-content-item-description application-platform-content-item\" id=\"description\" data-nav-section=\"description\"> <h2>Incorpora il contatore dei numeri su GoDaddy con il widget Elfsight<\/h2> <p>Il contatore dei numeri \u00e8 un plugin facile da usare con una vasta serie di opzioni. \u00c8 un&#8217;ottima funzionalit\u00e0 per dimostrare i tuoi straordinari indici di business, il numero di lavori che hai svolto e molto altro ancora. Lo strumento \u00e8 eccezionalmente flessibile. Sei libero di costruire un numero illimitato di contatori, organizzarli in colonne, scegliere icone dalla nostra libreria o caricarne di tue, renderli colorati o in tinta unita, allegare didascalie per fornire ai tuoi visitatori informazioni facilmente comprensibili, ricolorare qualsiasi elemento, scegliere l&#8217;immagine di sfondo, e non \u00e8 nemmeno la met\u00e0. Inizia semplicemente a creare il tuo plugin adesso e guarda crescere le tue principali statistiche aziendali! <\/p> <p><b>Rivela i tuoi meravigliosi risultati ai tuoi futuri clienti. Ottieni vendite e lead di maggior successo! <\/b><\/p> <\/div> <div class=\"application-platform-content-item-features application-platform-content-item\" id=\"features\" data-nav-section=\"features\"> <h2>Visualizza l&#8217;elenco delle funzionalit\u00e0 pi\u00f9 preziose: <\/h2> <ul><li>Un numero illimitato di contatori. <\/li><li>Numero illimitato di colonne. <\/li><li>Aggiungi didascalie, intestazioni, prefissi e postfissi. <\/li><li>Scegli il tipo di icona: sceglila dalla nostra libreria o carica la tua personalizzata. <\/li><li>Incorpora collegamenti. <\/li><\/ul><p><a href=\"#demo\">Puoi testare tutte le funzionalit\u00e0 del plugin nella demo qui sotto<\/a><\/p> <\/div> <div class=\"application-platform-content-item- installazione application-platform-content-item\" id=\" installazione\" data-nav-section=\" installazione\"> <h2>Come incorporare Contatore numeri nel mio sito GoDaddy? <\/h2> <p>Basta seguire un paio di passaggi indicati di seguito per iniziare a utilizzare lo strumento. <\/p> <ol><li><b>Esegui il nostro editor gratuito e inizia a creare il tuo strumento unico. <\/b><br> Specifica il design selezionato e le caratteristiche funzionali del plugin e applica le modifiche. <\/li> <li><b>Copia il tuo codice univoco mostrato nell&#8217;apposito modulo su Elfsight Apps. <\/b><br> Una volta terminata la generazione del tuo strumento personale, copia il codice personale nella finestra visualizzata e salvalo per ulteriori occasioni. <\/li> <li><b>Inizia a utilizzare il plug-in sul tuo sito GoDaddy. <\/b><br> Inserisci il codice che hai salvato di recente nella tua pagina e salva le modifiche. <\/li> <li><b>Il gioco \u00e8 fatto! La configurazione \u00e8 stata completata con successo. <\/b><br> Vai al tuo sito per controllare come funziona il plugin. <\/li><\/ol> <p>Se hai domande o incontri difficolt\u00e0, non esitare a chiedere assistenza al nostro personale del servizio clienti. Il nostro personale \u00e8 desideroso di aiutarti con tutti i problemi che potresti riscontrare con lo strumento. <\/p> <div class=\"faq\" data-component=\"FAQ\"><div class=\"faq-item\">\r\n\t\t\t\t\t<div class=\"faq-item-question\">\r\n\t\t\t\t\t\t<h3 class=\"faq-item-question-text\">In che modo \u00e8 possibile incorporare Number Counter nel mio GoDaddy senza esperienza di programmazione?<\/h3>\r\n\r\n\t\t\t\t\t\t<div class=\"faq-item-question-icon\"><\/div>\r\n\t\t\t\t\t<\/div>\r\n\r\n\t\t\t\t\t<div class=\"faq-item-answer\">\r\n\t\t\t\t\t\t<div class=\"faq-item-answer-text\"> <p>La societ\u00e0 Elfsight fornisce una soluzione SaaS che consente a un vasto pubblico di creare un Number Counter app tu stesso, scopri la guida semplice: vai all&#8217;editor online per creare un&#8217;app Contatore numeri che desideri incorporare sul sito GoDaddy. Seleziona uno dei nostri modelli gi\u00e0 pronti e modifica le impostazioni del contatore di numeri, cambia il layout e le combinazioni di colori per includere il tuo contenuto, senza codifica. Fai clic per salvare il contatore dei numeri e copia il codice di installazione, che potrai aggiungere facilmente e gratuitamente al tuo sito GoDaddy. Con il configuratore intuitivo ogni utente di Internet pu\u00f2 creare un&#8217;app Contatore di numeri online e aggiungerla facilmente al sito Web di GoDaddy. Non \u00e8 necessario sottoscrivere un abbonamento a pagamento o inserire i dati della propria carta per accedere all&#8217;Editor. Se riscontri problemi di qualsiasi tipo, vai avanti e parla con il nostro team di supporto.<\/p> <\/div>\r\n\t\t\t\t\t<\/div>\r\n\t\t\t\t<\/div> <\/div><\/div>","protected":false},"excerpt":{"rendered":"","protected":false},"author":9,"featured_media":0,"parent":1862,"menu_order":0,"comment_status":"closed","ping_status":"closed","template":"templates\/template-application-platform.php","meta":{"publish_to_discourse":"","publish_post_category":"","wpdc_auto_publish_overridden":"","wpdc_topic_tags":"","wpdc_pin_topic":"","wpdc_pin_until":"","discourse_post_id":"","discourse_permalink":"","wpdc_publishing_response":"","wpdc_publishing_error":"","footnotes":""},"class_list":["post-5035","page","type-page","status-publish","hentry"],"yoast_head":"<!-- This site is optimized with the Yoast SEO plugin v25.3.1 - https:\/\/yoast.com\/wordpress\/plugins\/seo\/ -->\n<title>Plug-in Contatore numeri: aggiungi il plug-in Contatore numeri al sito Web di GoDaddy!<\/title>\n<meta name=\"description\" content=\"Prova un contatore di numeri nel tuo sito web GoDaddy, applicando la nostra demo attiva. Forma il tuo elemento personalizzato in pochi click e senza fatica!\" \/>\n<meta name=\"robots\" content=\"index, follow, max-snippet:-1, max-image-preview:large, max-video-preview:-1\" \/>\n<link rel=\"canonical\" href=\"https:\/\/elfsight.com\/it\/number-counter-widget\/godaddy\/\" \/>\n<meta property=\"og:locale\" content=\"it_IT\" \/>\n<meta property=\"og:type\" content=\"article\" \/>\n<meta property=\"og:title\" content=\"Plug-in Contatore numeri: aggiungi il plug-in Contatore numeri al sito Web di GoDaddy!\" \/>\n<meta property=\"og:description\" content=\"Prova un contatore di numeri nel tuo sito web GoDaddy, applicando la nostra demo attiva. Forma il tuo elemento personalizzato in pochi click e senza fatica!\" \/>\n<meta property=\"og:url\" content=\"https:\/\/elfsight.com\/it\/number-counter-widget\/godaddy\/\" \/>\n<meta property=\"og:site_name\" content=\"Elfsight IT\" \/>\n<meta property=\"article:modified_time\" content=\"2024-11-11T11:25:41+00:00\" \/>\n<meta name=\"twitter:card\" content=\"summary_large_image\" \/>\n<meta name=\"twitter:label1\" content=\"Tempo di lettura stimato\" \/>\n\t<meta name=\"twitter:data1\" content=\"3 minuti\" \/>\n<!-- \/ Yoast SEO plugin. -->","yoast_head_json":{"title":"Plug-in Contatore numeri: aggiungi il plug-in Contatore numeri al sito Web di GoDaddy!","description":"Prova un contatore di numeri nel tuo sito web GoDaddy, applicando la nostra demo attiva. Forma il tuo elemento personalizzato in pochi click e senza fatica!","robots":{"index":"index","follow":"follow","max-snippet":"max-snippet:-1","max-image-preview":"max-image-preview:large","max-video-preview":"max-video-preview:-1"},"canonical":"https:\/\/elfsight.com\/it\/number-counter-widget\/godaddy\/","og_locale":"it_IT","og_type":"article","og_title":"Plug-in Contatore numeri: aggiungi il plug-in Contatore numeri al sito Web di GoDaddy!","og_description":"Prova un contatore di numeri nel tuo sito web GoDaddy, applicando la nostra demo attiva. Forma il tuo elemento personalizzato in pochi click e senza fatica!","og_url":"https:\/\/elfsight.com\/it\/number-counter-widget\/godaddy\/","og_site_name":"Elfsight IT","article_modified_time":"2024-11-11T11:25:41+00:00","twitter_card":"summary_large_image","twitter_misc":{"Tempo di lettura stimato":"3 minuti"},"schema":{"@context":"https:\/\/schema.org","@graph":[{"@type":"WebPage","@id":"https:\/\/elfsight.com\/it\/number-counter-widget\/godaddy\/","url":"https:\/\/elfsight.com\/it\/number-counter-widget\/godaddy\/","name":"Plug-in Contatore numeri: aggiungi il plug-in Contatore numeri al sito Web di GoDaddy!","isPartOf":{"@id":"https:\/\/elfsight.com\/it\/#website"},"datePublished":"2024-05-03T06:41:11+00:00","dateModified":"2024-11-11T11:25:41+00:00","description":"Prova un contatore di numeri nel tuo sito web GoDaddy, applicando la nostra demo attiva. Forma il tuo elemento personalizzato in pochi click e senza fatica!","breadcrumb":{"@id":"https:\/\/elfsight.com\/it\/number-counter-widget\/godaddy\/#breadcrumb"},"inLanguage":"it-IT","potentialAction":[{"@type":"ReadAction","target":["https:\/\/elfsight.com\/it\/number-counter-widget\/godaddy\/"]}]},{"@type":"BreadcrumbList","@id":"https:\/\/elfsight.com\/it\/number-counter-widget\/godaddy\/#breadcrumb","itemListElement":[{"@type":"ListItem","position":1,"name":"Home","item":"https:\/\/elfsight.com\/it\/"},{"@type":"ListItem","position":2,"name":"Number Counter","item":"https:\/\/elfsight.com\/it\/number-counter-widget\/"},{"@type":"ListItem","position":3,"name":"Number Counter &#8211; GoDaddy"}]},{"@type":"WebSite","@id":"https:\/\/elfsight.com\/it\/#website","url":"https:\/\/elfsight.com\/it\/","name":"Elfsight IT","description":"Just another Elfsight Sites site","potentialAction":[{"@type":"SearchAction","target":{"@type":"EntryPoint","urlTemplate":"https:\/\/elfsight.com\/it\/?s={search_term_string}"},"query-input":{"@type":"PropertyValueSpecification","valueRequired":true,"valueName":"search_term_string"}}],"inLanguage":"it-IT"}]}},"meta_box":{"industry":"","seo_heading":"","heading":"","description":"","cta_heading":"","cta_description":"","application":"1861","h1":"Plug-in Contatore numeri di GoDaddy","h1_caption":"Mostra statistiche e traguardi chiave con contatori animati per evidenziare i tuoi risultati in modo coinvolgente nel tuo sito web GoDaddy senza sforzo.","application_category":[],"applications_title":"","applications_request_title":"","applications_request_button_text":"","hero_text":"","hero_video":"","hero_video_schema_markup":"","selling_points_title":"","selling_points_caption":"","selling_points":[],"selling_points_cta_text":"","features_title":"","features":"","ed_cta_examples_text":"","ed_cta_examples_hidden":"","ed_cta_demo_text":"","ed_cta_demo_hidden":"","why_caption":"","why_editor_title":"","why_editor_text":"","why_team_title":"","why_team_text":"","why_service_title":"","why_service_text":"","template_catalog_visible":"","template_catalog_title":"","template_catalog_text":"","template_catalog_categories_visible":"","demo_title":"Crea il tuo plugin Contatore di numeri","demo_caption":"Configura il tuo contatore numerico e aggiungilo gratuitamente al tuo sito web GoDaddy!","default_faq_hidden":"","app_template_category":[],"platform":"53","template_public_id":"","codecanyon_url":"","codecanyon_item_id":"","codecanyon_price":"","pricing_caption":"","pricing_elfsight_apps_hide_column":"","pricing_elfsight_apps_url":"","pricing_codecanyon_price_caption":"","integration_category":[],"integration_request_title":"","integration_request_cta":"","integration_platform":"","integrations":[],"platform_category":[],"video_schema_markup":"","price":"da $ 0 al mese","trial":"","benefits":[{"text":"Aiuto per l'installazione gratuito"},{"text":"Servizio clienti professionale"},{"text":"Garanzia di rimborso di 14 giorni"},{"text":"Futuri miglioramenti gratuiti"}],"button_url":"#demo","button_target_blank":"","button_nofollow":"","attributes":[{"name":"Installazioni"},{"name":"Reattivo","content":"S\u00cc"},{"name":"Browser compatibili","content":"Safari, Edge, Opera, Chrome, Firefox"}],"tags":[],"tags_disable_links":"","hide_more_platforms":"","video_object":"","demo_hide_cta":"","demo_hide_cloud_options":"","pricing_title":"","pricing":[{"pricing_icon":"platform","pricing_title":"Elfsight Apps","pricing_title_caption":"Soluzione digitale multipiattaforma adatta a qualsiasi sito web","pricing_price":"da $ 0 \/ mese","pricing_price_caption":"inizia con il piano gratuito","pricing_benefits":[{"text":"Siti web illimitati"},{"text":"Supporto aziendale gratuito"},{"text":"Aiuto gratuito per l'installazione"},{"text":"Progettazione flessibile"}],"pricing_button_text":"Aggiungi al sito web","pricing_button_url":"#demo"}],"related_apps_title":"","related_apps_hidden":"","author":"","image":[],"title":"","job":"","social_networks":[]},"_links":{"self":[{"href":"https:\/\/elfsight.com\/it\/wp-json\/wp\/v2\/pages\/5035","targetHints":{"allow":["GET"]}}],"collection":[{"href":"https:\/\/elfsight.com\/it\/wp-json\/wp\/v2\/pages"}],"about":[{"href":"https:\/\/elfsight.com\/it\/wp-json\/wp\/v2\/types\/page"}],"author":[{"embeddable":true,"href":"https:\/\/elfsight.com\/it\/wp-json\/wp\/v2\/users\/9"}],"replies":[{"embeddable":true,"href":"https:\/\/elfsight.com\/it\/wp-json\/wp\/v2\/comments?post=5035"}],"version-history":[{"count":1,"href":"https:\/\/elfsight.com\/it\/wp-json\/wp\/v2\/pages\/5035\/revisions"}],"predecessor-version":[{"id":5039,"href":"https:\/\/elfsight.com\/it\/wp-json\/wp\/v2\/pages\/5035\/revisions\/5039"}],"up":[{"embeddable":true,"href":"https:\/\/elfsight.com\/it\/wp-json\/wp\/v2\/pages\/1862"}],"wp:attachment":[{"href":"https:\/\/elfsight.com\/it\/wp-json\/wp\/v2\/media?parent=5035"}],"curies":[{"name":"wp","href":"https:\/\/api.w.org\/{rel}","templated":true}]}}