{"id":5034,"date":"2024-05-03T06:41:10","date_gmt":"2024-05-03T06:41:10","guid":{"rendered":"https:\/\/elfsight.com\/it\/?page_id=5034"},"modified":"2024-11-11T11:23:34","modified_gmt":"2024-11-11T11:23:34","slug":"prestashop","status":"publish","type":"page","link":"https:\/\/elfsight.com\/it\/number-counter-widget\/prestashop\/","title":{"rendered":"Number Counter &#8211; PrestaShop"},"content":{"rendered":"<div class=\"application-platform-content-item-description application-platform-content-item\" id=\"description\" data-nav-section=\"description\"> <h2>Descrizione<\/h2> <p>Il contatore di numeri \u00e8 uno strumento maneggevole con un&#8217;ampia gamma di funzionalit\u00e0. \u00c8 un ottimo strumento per mostrare i tuoi eccellenti risultati aziendali, la quantit\u00e0 di lavoro che hai svolto e molto altro ancora. Lo strumento \u00e8 estremamente personalizzabile. Sei libero di aggiungere qualsiasi numero di contatori, organizzarli in colonne, scegliere icone dalla nostra collezione o caricare le tue personalizzate, renderli colorati o monocolore, aggiungere didascalie per chiarire i numeri che stai visualizzando, ricolorare qualsiasi elemento, scegliere il immagine di sfondo, e questa non \u00e8 nemmeno la met\u00e0. Inizia subito a modellare il tuo contatore e vedrai le tue statistiche aziendali cruciali crescere rapidamente! <\/p> <p><b>Rendi il tuo sito web pi\u00f9 efficace per gli obiettivi aziendali con Number Counter<\/b><\/p> <\/div> <div class=\"application-platform-content-item-features application-platform-content-item\" id=\"features\" data-nav-section=\"features\"> <h2>Le funzionalit\u00e0 widget pi\u00f9 importanti offerte <\/h2> <ul><li>Qualsiasi numero di contatori<\/li><li>Numero illimitato di colonne<\/li><li>Allega titoli, titoli, postfissi e prefissi<\/li><li>Scegli l&#8217;icona categoria: sceglila dalla nostra libreria o carica la tua personalizzata<\/li><li>Allega link <\/li><li>Imposta la velocit\u00e0 dell&#8217;animazione<\/li><li>Definisci il numero e il formato decimale<\/li><li> Scegli il tipo di sfondo: Trasparente, Immagine o Colore<\/li><li>Rendi le tue icone multi o monocolore<\/li><\/ul><p><a href=\"#demo\">Basta controllare questa demo per scopri quanto vale il widget<\/a><\/p> <\/div> <div class=\"application-platform-content-item-installation application-platform-content-item\" id=\"installation\" data-nav-section=\"installation\"> <h2>Come posso aggiungere Contatore numeri alla mia pagina web PrestaShop? <\/h2> <p>Segui semplicemente le linee guida seguenti per iniziare a utilizzare il componente aggiuntivo. <\/p> <ol><li><b>Gestisci il nostro editor gratuito e inizia a creare il tuo widget personalizzato. <\/b><br> Determina l&#8217;interfaccia e le funzionalit\u00e0 selezionate dello strumento e applica le modifiche. <\/li> <li><b>Ricevi il codice personale mostrato nella finestra su Elfsight Apps. <\/b><br> Una volta completata la creazione del tuo componente aggiuntivo personale, copia il codice individuale nel popup visualizzato e salvalo per necessit\u00e0 successive. <\/li> <li><b>Inizia a utilizzare lo strumento sul tuo sito PrestaShop. <\/b><br> Implementa il codice copiato in precedenza nella tua pagina web e salva le modifiche. <\/li> <li><b>L&#8217;installazione \u00e8 terminata con successo. <\/b><br> Vai al tuo sito per vedere le prestazioni del widget. <\/li><\/ol> <p>Se riscontri domande o affronti alcune complicazioni, non esitare a contattare il nostro team di assistenza clienti. Il nostro personale sar\u00e0 felice di aiutarti con tutte le domande che potresti avere sul widget. <\/p> <div class=\"faq\" data-component=\"FAQ\"><div class=\"faq-item\">\r\n\t\t\t\t\t<div class=\"faq-item-question\">\r\n\t\t\t\t\t\t<h3 class=\"faq-item-question-text\">In che modo posso aggiungere Number Counter al mio sito PrestaShop senza conoscenze di codifica?<\/h3>\r\n\r\n\t\t\t\t\t\t<div class=\"faq-item-question-icon\"><\/div>\r\n\t\t\t\t\t<\/div>\r\n\r\n\t\t\t\t\t<div class=\"faq-item-answer\">\r\n\t\t\t\t\t\t<div class=\"faq-item-answer-text\"> <p>Elfsight fornisce una soluzione Cloud che consente agli utenti di creare da soli un&#8217;app Number Counter, controlla quanto \u00e8 semplice il processo: inizia a lavorare direttamente nell&#8217;editor online per creare un&#8217;app Contatore di numeri che desideri aggiungere su PrestaShop. Seleziona uno dei modelli gi\u00e0 pronti e modifica le impostazioni del contatore dei numeri, cambia il layout e il colore degli elementi e aggiorna i tuoi contenuti, senza competenze di codifica. Salva il contatore dei numeri e copia il codice di installazione, che pu\u00f2 essere incorporato facilmente e gratuitamente in qualsiasi sito PrestaShop. Lavorando nel nostro editor intuitivo, qualsiasi utente di Internet pu\u00f2 creare Contatore di numeri e aggiungerlo al proprio sito Web PrestaShop. Non \u00e8 necessario sottoscrivere un abbonamento a pagamento o inserire le credenziali della propria carta per accedere all&#8217;Editor. Se riscontri problemi di qualsiasi tipo, non esitare a contattare il nostro supporto tecnico clienti.<\/p> <\/div>\r\n\t\t\t\t\t<\/div>\r\n\t\t\t\t<\/div> <\/div><\/div>","protected":false},"excerpt":{"rendered":"","protected":false},"author":9,"featured_media":0,"parent":1862,"menu_order":0,"comment_status":"closed","ping_status":"closed","template":"templates\/template-application-platform.php","meta":{"publish_to_discourse":"","publish_post_category":"","wpdc_auto_publish_overridden":"","wpdc_topic_tags":"","wpdc_pin_topic":"","wpdc_pin_until":"","discourse_post_id":"","discourse_permalink":"","wpdc_publishing_response":"","wpdc_publishing_error":"","footnotes":""},"class_list":["post-5034","page","type-page","status-publish","hentry"],"yoast_head":"<!-- This site is optimized with the Yoast SEO plugin v25.3.1 - https:\/\/yoast.com\/wordpress\/plugins\/seo\/ -->\n<title>Contatore numeri Elfsight per siti web PrestaShop (gratuito e facile)<\/title>\n<meta name=\"description\" content=\"Integra un contatore numerico sul tuo sito PrestaShop, utilizzando la demo live. Costruisci il tuo componente aggiuntivo personalizzato senza alcuno sforzo!\" \/>\n<meta name=\"robots\" content=\"index, follow, max-snippet:-1, max-image-preview:large, max-video-preview:-1\" \/>\n<link rel=\"canonical\" href=\"https:\/\/elfsight.com\/it\/number-counter-widget\/prestashop\/\" \/>\n<meta property=\"og:locale\" content=\"it_IT\" \/>\n<meta property=\"og:type\" content=\"article\" \/>\n<meta property=\"og:title\" content=\"Contatore numeri Elfsight per siti web PrestaShop (gratuito e facile)\" \/>\n<meta property=\"og:description\" content=\"Integra un contatore numerico sul tuo sito PrestaShop, utilizzando la demo live. Costruisci il tuo componente aggiuntivo personalizzato senza alcuno sforzo!\" \/>\n<meta property=\"og:url\" content=\"https:\/\/elfsight.com\/it\/number-counter-widget\/prestashop\/\" \/>\n<meta property=\"og:site_name\" content=\"Elfsight IT\" \/>\n<meta property=\"article:modified_time\" content=\"2024-11-11T11:23:34+00:00\" \/>\n<meta name=\"twitter:card\" content=\"summary_large_image\" \/>\n<meta name=\"twitter:label1\" content=\"Tempo di lettura stimato\" \/>\n\t<meta name=\"twitter:data1\" content=\"3 minuti\" \/>\n<!-- \/ Yoast SEO plugin. -->","yoast_head_json":{"title":"Contatore numeri Elfsight per siti web PrestaShop (gratuito e facile)","description":"Integra un contatore numerico sul tuo sito PrestaShop, utilizzando la demo live. Costruisci il tuo componente aggiuntivo personalizzato senza alcuno sforzo!","robots":{"index":"index","follow":"follow","max-snippet":"max-snippet:-1","max-image-preview":"max-image-preview:large","max-video-preview":"max-video-preview:-1"},"canonical":"https:\/\/elfsight.com\/it\/number-counter-widget\/prestashop\/","og_locale":"it_IT","og_type":"article","og_title":"Contatore numeri Elfsight per siti web PrestaShop (gratuito e facile)","og_description":"Integra un contatore numerico sul tuo sito PrestaShop, utilizzando la demo live. Costruisci il tuo componente aggiuntivo personalizzato senza alcuno sforzo!","og_url":"https:\/\/elfsight.com\/it\/number-counter-widget\/prestashop\/","og_site_name":"Elfsight IT","article_modified_time":"2024-11-11T11:23:34+00:00","twitter_card":"summary_large_image","twitter_misc":{"Tempo di lettura stimato":"3 minuti"},"schema":{"@context":"https:\/\/schema.org","@graph":[{"@type":"WebPage","@id":"https:\/\/elfsight.com\/it\/number-counter-widget\/prestashop\/","url":"https:\/\/elfsight.com\/it\/number-counter-widget\/prestashop\/","name":"Contatore numeri Elfsight per siti web PrestaShop (gratuito e facile)","isPartOf":{"@id":"https:\/\/elfsight.com\/it\/#website"},"datePublished":"2024-05-03T06:41:10+00:00","dateModified":"2024-11-11T11:23:34+00:00","description":"Integra un contatore numerico sul tuo sito PrestaShop, utilizzando la demo live. Costruisci il tuo componente aggiuntivo personalizzato senza alcuno sforzo!","breadcrumb":{"@id":"https:\/\/elfsight.com\/it\/number-counter-widget\/prestashop\/#breadcrumb"},"inLanguage":"it-IT","potentialAction":[{"@type":"ReadAction","target":["https:\/\/elfsight.com\/it\/number-counter-widget\/prestashop\/"]}]},{"@type":"BreadcrumbList","@id":"https:\/\/elfsight.com\/it\/number-counter-widget\/prestashop\/#breadcrumb","itemListElement":[{"@type":"ListItem","position":1,"name":"Home","item":"https:\/\/elfsight.com\/it\/"},{"@type":"ListItem","position":2,"name":"Number Counter","item":"https:\/\/elfsight.com\/it\/number-counter-widget\/"},{"@type":"ListItem","position":3,"name":"Number Counter &#8211; PrestaShop"}]},{"@type":"WebSite","@id":"https:\/\/elfsight.com\/it\/#website","url":"https:\/\/elfsight.com\/it\/","name":"Elfsight IT","description":"Just another Elfsight Sites site","potentialAction":[{"@type":"SearchAction","target":{"@type":"EntryPoint","urlTemplate":"https:\/\/elfsight.com\/it\/?s={search_term_string}"},"query-input":{"@type":"PropertyValueSpecification","valueRequired":true,"valueName":"search_term_string"}}],"inLanguage":"it-IT"}]}},"meta_box":{"industry":"","seo_heading":"","heading":"","description":"","cta_heading":"","cta_description":"","application":"1861","h1":"Componente aggiuntivo contatore numeri PrestaShop","h1_caption":"Mostra statistiche chiave e traguardi con contatori animati per evidenziare i tuoi risultati in modo coinvolgente nel tuo sito Web Prestashop senza sforzo.","application_category":[],"applications_title":"","applications_request_title":"","applications_request_button_text":"","hero_text":"","hero_video":"","hero_video_schema_markup":"","selling_points_title":"","selling_points_caption":"","selling_points":[],"selling_points_cta_text":"","features_title":"","features":"","ed_cta_examples_text":"","ed_cta_examples_hidden":"","ed_cta_demo_text":"","ed_cta_demo_hidden":"","why_caption":"","why_editor_title":"","why_editor_text":"","why_team_title":"","why_team_text":"","why_service_title":"","why_service_text":"","template_catalog_visible":"","template_catalog_title":"","template_catalog_text":"","template_catalog_categories_visible":"","demo_title":"Crea il tuo componente aggiuntivo Contatore numeri","demo_caption":"Configura il tuo contatore numerico e aggiungilo gratuitamente al tuo sito PrestaShop!","default_faq_hidden":"","app_template_category":[],"platform":"1023","template_public_id":"","codecanyon_url":"","codecanyon_item_id":"","codecanyon_price":"","pricing_caption":"","pricing_elfsight_apps_hide_column":"","pricing_elfsight_apps_url":"","pricing_codecanyon_price_caption":"","integration_category":[],"integration_request_title":"","integration_request_cta":"","integration_platform":"","integrations":[],"platform_category":[],"video_schema_markup":"","price":"da $ 0 al mese","trial":"","benefits":[{"text":"Servizio di installazione gratuito"},{"text":"Servizio clienti efficace"},{"text":"Garanzia di rimborso di 14 giorni"},{"text":"Sviluppo continuo"}],"button_url":"#demo","button_target_blank":"","button_nofollow":"","attributes":[{"name":"Installazioni"},{"name":"Reattivo","content":"S\u00cc"},{"name":"Browser compatibili","content":"Firefox, Safari, Opera, Chrome, Edge"}],"tags":[],"tags_disable_links":"","hide_more_platforms":"","video_object":"","demo_hide_cta":"","demo_hide_cloud_options":"","pricing_title":"","pricing":[{"pricing_icon":"platform","pricing_title":"Elfsight Apps","pricing_title_caption":"Soluzione indipendente dalla piattaforma adatta a qualsiasi sito web","pricing_price":"da $ 0 \/ mese","pricing_price_caption":"inizia con il piano gratuito","pricing_benefits":[{"text":"Siti web illimitati"},{"text":"Supporto premium e puntuale"},{"text":"Servizio di installazione gratuito"},{"text":"100% personalizzabile"}],"pricing_button_text":"Aggiungi al sito web","pricing_button_url":"#demo"}],"related_apps_title":"","related_apps_hidden":"","author":"","image":[],"title":"","job":"","social_networks":[]},"_links":{"self":[{"href":"https:\/\/elfsight.com\/it\/wp-json\/wp\/v2\/pages\/5034","targetHints":{"allow":["GET"]}}],"collection":[{"href":"https:\/\/elfsight.com\/it\/wp-json\/wp\/v2\/pages"}],"about":[{"href":"https:\/\/elfsight.com\/it\/wp-json\/wp\/v2\/types\/page"}],"author":[{"embeddable":true,"href":"https:\/\/elfsight.com\/it\/wp-json\/wp\/v2\/users\/9"}],"replies":[{"embeddable":true,"href":"https:\/\/elfsight.com\/it\/wp-json\/wp\/v2\/comments?post=5034"}],"version-history":[{"count":1,"href":"https:\/\/elfsight.com\/it\/wp-json\/wp\/v2\/pages\/5034\/revisions"}],"predecessor-version":[{"id":5038,"href":"https:\/\/elfsight.com\/it\/wp-json\/wp\/v2\/pages\/5034\/revisions\/5038"}],"up":[{"embeddable":true,"href":"https:\/\/elfsight.com\/it\/wp-json\/wp\/v2\/pages\/1862"}],"wp:attachment":[{"href":"https:\/\/elfsight.com\/it\/wp-json\/wp\/v2\/media?parent=5034"}],"curies":[{"name":"wp","href":"https:\/\/api.w.org\/{rel}","templated":true}]}}