{"id":5029,"date":"2024-05-03T06:41:09","date_gmt":"2024-05-03T06:41:09","guid":{"rendered":"https:\/\/elfsight.com\/it\/?page_id=5029"},"modified":"2024-11-11T11:21:20","modified_gmt":"2024-11-11T11:21:20","slug":"jimdo","status":"publish","type":"page","link":"https:\/\/elfsight.com\/it\/number-counter-widget\/jimdo\/","title":{"rendered":"Number Counter &#8211; Jimdo"},"content":{"rendered":"<div class=\"application-platform-content-item-description application-platform-content-item\" id=\"description\" data-nav-section=\"description\"> <h2>Descrizione<\/h2> <p>Il contatore dei numeri \u00e8 uno strumento facile da usare con molte opzioni tra cui scegliere. \u00c8 un&#8217;ottima caratteristica essere orgogliosi delle tue splendide statistiche aziendali, della quantit\u00e0 di lavoro che hai svolto e non \u00e8 tutto. Il plugin \u00e8 estremamente personalizzabile. Sentiti libero di aggiungere un numero illimitato di contatori, impostarli in colonne, selezionare icone dalla nostra libreria o caricare i tuoi contatori personalizzati, renderli colorati o monocolore, allegare titoli per fornire al tuo pubblico informazioni possibili, ricolorare qualsiasi funzione, scegliere il immagine di sfondo, e questa non \u00e8 nemmeno la met\u00e0. Inizia semplicemente a creare il tuo plugin adesso e guarda crescere le tue principali statistiche aziendali! <\/p><p><b>Con Number Counter, avvia lo sviluppo sostenibile del business e aumenta le vendite <\/b><\/p> <\/div> <div class=\"application-platform-content-item-features application-platform-content-item\" id=\"features\" data-nav-section=\"features\"> <h2>Consulta l&#8217;elenco dei principali caratteristiche: <\/h2> <ul><li>Qualsiasi numero di contatori<\/li><li>Quantit\u00e0 illimitata di colonne<\/li><li>Allega titoli, didascalie, suffissi e prefissi<\/li><li> Decidi il tipo di icona: sceglila dalla nostra libreria o carica la tua<\/li><li>Aggiungi collegamenti <\/li><li>Imposta la velocit\u00e0 dell&#8217;animazione<\/li><li>Definisci il numero e il formato decimale<\/li><li>Scegli il tipo di sfondo: Immagine, Trasparente o Colore<\/li><li>Rendi le tue icone multi o monocolore<\/li><\/ul><p><a href=\"#demo\">Prova tutte le opzioni di personalizzazione nella demo completa<\/a><\/p> <\/div> <div class=\"application-platform-content-item-installation application-platform-content-item\" id=\"installation\" data-nav-section=\"installation\"> <h2>Come aggiungere il contatore di numeri al mio sito Jimdo? <\/h2> <p>Segui semplicemente un paio di passaggi presentati di seguito per integrare lo strumento. <\/p> <ol><li><b>Utilizza il nostro editor gratuito e inizia a creare il tuo widget. <\/b><br> Trova l&#8217;aspetto e la funzionalit\u00e0 preferiti del widget e applica le correzioni. <\/li> <li><b>Acquisisci il codice individuale che appare nella casella sulle app Elfsight. <\/b><br> Una volta terminata la generazione del tuo widget, copia il codice personale dalla finestra visualizzata e salvalo per necessit\u00e0 future. <\/li> <li><b>Accedi all&#8217;utilizzo del widget sulla pagina web Jimdo. <\/b><br> Inserisci il codice che hai copiato in precedenza nella tua pagina web e salva i miglioramenti. <\/li> <li><b>La configurazione \u00e8 completamente terminata. <\/b><br> Vai alla tua pagina per verificare come funziona lo strumento. <\/li><\/ol> <p>A condizione di affrontare domande o incontrare eventuali difficolt\u00e0, non esitate a contattare il nostro personale di supporto. I nostri specialisti sono ansiosi di aiutarti con tutti i problemi che potresti riscontrare con il widget. <\/p> <div class=\"faq\" data-component=\"FAQ\"><div class=\"faq-item\">\r\n\t\t\t\t\t<div class=\"faq-item-question\">\r\n\t\t\t\t\t\t<h3 class=\"faq-item-question-text\">Esiste un modo per aggiungere Number Counter alla mia home page Jimdo senza esperienza di codifica?<\/h3>\r\n\r\n\t\t\t\t\t\t<div class=\"faq-item-question-icon\"><\/div>\r\n\t\t\t\t\t<\/div>\r\n\r\n\t\t\t\t\t<div class=\"faq-item-answer\">\r\n\t\t\t\t\t\t<div class=\"faq-item-answer-text\"> <p>La societ\u00e0 Elfsight fornisce una soluzione SaaS che consente a un vasto pubblico di creare un plug-in Number Counter scopri tu stesso quanto \u00e8 semplice: inizia a lavorare direttamente nell&#8217;editor online per creare un plug-in Contatore numeri che desideri aggiungere sul sito Jimdo. Scegli uno dei modelli predefiniti e modifica le impostazioni del contatore dei numeri, cambia il layout e il colore degli elementi inclusi i tuoi contenuti, senza competenze di codifica. Salva le impostazioni che hai effettuato su Number Counter e copia il codice di installazione che potrai incollare nel sito Jimdo senza dover acquistare un abbonamento a pagamento. Lavorando nel nostro editor intuitivo, ogni utente di Internet pu\u00f2 generare un contatore di numeri online e incollarlo semplicemente su qualsiasi sito Jimdo. Non \u00e8 necessario ottenere un piano a pagamento o inserire le credenziali della tua carta per accedere a Elfsight Editor. Se incontri ostacoli di qualsiasi tipo, non esitare a parlare con il nostro staff di supporto tecnico.<\/p> <\/div>\r\n\t\t\t\t\t<\/div>\r\n\t\t\t\t<\/div> <\/div><\/div>","protected":false},"excerpt":{"rendered":"","protected":false},"author":9,"featured_media":0,"parent":1862,"menu_order":0,"comment_status":"closed","ping_status":"closed","template":"templates\/template-application-platform.php","meta":{"publish_to_discourse":"","publish_post_category":"","wpdc_auto_publish_overridden":"","wpdc_topic_tags":"","wpdc_pin_topic":"","wpdc_pin_until":"","discourse_post_id":"","discourse_permalink":"","wpdc_publishing_response":"","wpdc_publishing_error":"","footnotes":""},"class_list":["post-5029","page","type-page","status-publish","hentry"],"yoast_head":"<!-- This site is optimized with the Yoast SEO plugin v25.3.1 - https:\/\/yoast.com\/wordpress\/plugins\/seo\/ -->\n<title>Contatore numeri Elfsight per i siti web Jimdo (gratuito e facile)<\/title>\n<meta name=\"description\" content=\"Integra un contatore numerico sul tuo sito Jimdo, sfruttando la nostra demo live. Costruisci il tuo widget personalizzato senza sforzo!\" \/>\n<meta name=\"robots\" content=\"index, follow, max-snippet:-1, max-image-preview:large, max-video-preview:-1\" \/>\n<link rel=\"canonical\" href=\"https:\/\/elfsight.com\/it\/number-counter-widget\/jimdo\/\" \/>\n<meta property=\"og:locale\" content=\"it_IT\" \/>\n<meta property=\"og:type\" content=\"article\" \/>\n<meta property=\"og:title\" content=\"Contatore numeri Elfsight per i siti web Jimdo (gratuito e facile)\" \/>\n<meta property=\"og:description\" content=\"Integra un contatore numerico sul tuo sito Jimdo, sfruttando la nostra demo live. Costruisci il tuo widget personalizzato senza sforzo!\" \/>\n<meta property=\"og:url\" content=\"https:\/\/elfsight.com\/it\/number-counter-widget\/jimdo\/\" \/>\n<meta property=\"og:site_name\" content=\"Elfsight IT\" \/>\n<meta property=\"article:modified_time\" content=\"2024-11-11T11:21:20+00:00\" \/>\n<meta name=\"twitter:card\" content=\"summary_large_image\" \/>\n<meta name=\"twitter:label1\" content=\"Tempo di lettura stimato\" \/>\n\t<meta name=\"twitter:data1\" content=\"3 minuti\" \/>\n<!-- \/ Yoast SEO plugin. -->","yoast_head_json":{"title":"Contatore numeri Elfsight per i siti web Jimdo (gratuito e facile)","description":"Integra un contatore numerico sul tuo sito Jimdo, sfruttando la nostra demo live. Costruisci il tuo widget personalizzato senza sforzo!","robots":{"index":"index","follow":"follow","max-snippet":"max-snippet:-1","max-image-preview":"max-image-preview:large","max-video-preview":"max-video-preview:-1"},"canonical":"https:\/\/elfsight.com\/it\/number-counter-widget\/jimdo\/","og_locale":"it_IT","og_type":"article","og_title":"Contatore numeri Elfsight per i siti web Jimdo (gratuito e facile)","og_description":"Integra un contatore numerico sul tuo sito Jimdo, sfruttando la nostra demo live. Costruisci il tuo widget personalizzato senza sforzo!","og_url":"https:\/\/elfsight.com\/it\/number-counter-widget\/jimdo\/","og_site_name":"Elfsight IT","article_modified_time":"2024-11-11T11:21:20+00:00","twitter_card":"summary_large_image","twitter_misc":{"Tempo di lettura stimato":"3 minuti"},"schema":{"@context":"https:\/\/schema.org","@graph":[{"@type":"WebPage","@id":"https:\/\/elfsight.com\/it\/number-counter-widget\/jimdo\/","url":"https:\/\/elfsight.com\/it\/number-counter-widget\/jimdo\/","name":"Contatore numeri Elfsight per i siti web Jimdo (gratuito e facile)","isPartOf":{"@id":"https:\/\/elfsight.com\/it\/#website"},"datePublished":"2024-05-03T06:41:09+00:00","dateModified":"2024-11-11T11:21:20+00:00","description":"Integra un contatore numerico sul tuo sito Jimdo, sfruttando la nostra demo live. Costruisci il tuo widget personalizzato senza sforzo!","breadcrumb":{"@id":"https:\/\/elfsight.com\/it\/number-counter-widget\/jimdo\/#breadcrumb"},"inLanguage":"it-IT","potentialAction":[{"@type":"ReadAction","target":["https:\/\/elfsight.com\/it\/number-counter-widget\/jimdo\/"]}]},{"@type":"BreadcrumbList","@id":"https:\/\/elfsight.com\/it\/number-counter-widget\/jimdo\/#breadcrumb","itemListElement":[{"@type":"ListItem","position":1,"name":"Home","item":"https:\/\/elfsight.com\/it\/"},{"@type":"ListItem","position":2,"name":"Number Counter","item":"https:\/\/elfsight.com\/it\/number-counter-widget\/"},{"@type":"ListItem","position":3,"name":"Number Counter &#8211; Jimdo"}]},{"@type":"WebSite","@id":"https:\/\/elfsight.com\/it\/#website","url":"https:\/\/elfsight.com\/it\/","name":"Elfsight IT","description":"Just another Elfsight Sites site","potentialAction":[{"@type":"SearchAction","target":{"@type":"EntryPoint","urlTemplate":"https:\/\/elfsight.com\/it\/?s={search_term_string}"},"query-input":{"@type":"PropertyValueSpecification","valueRequired":true,"valueName":"search_term_string"}}],"inLanguage":"it-IT"}]}},"meta_box":{"industry":"","seo_heading":"","heading":"","description":"","cta_heading":"","cta_description":"","application":"1861","h1":"Widget Contatore numeri Jimdo","h1_caption":"Mostra statistiche chiave e traguardi con contatori animati per evidenziare i tuoi risultati in modo coinvolgente nel tuo sito Jimdo senza sforzo.","application_category":[],"applications_title":"","applications_request_title":"","applications_request_button_text":"","hero_text":"","hero_video":"","hero_video_schema_markup":"","selling_points_title":"","selling_points_caption":"","selling_points":[],"selling_points_cta_text":"","features_title":"","features":"","ed_cta_examples_text":"","ed_cta_examples_hidden":"","ed_cta_demo_text":"","ed_cta_demo_hidden":"","why_caption":"","why_editor_title":"","why_editor_text":"","why_team_title":"","why_team_text":"","why_service_title":"","why_service_text":"","template_catalog_visible":"","template_catalog_title":"","template_catalog_text":"","template_catalog_categories_visible":"","demo_title":"Crea il tuo widget Contatore numeri","demo_caption":"Configura il tuo contatore numerico e aggiungilo gratuitamente al tuo sito Jimdo!","default_faq_hidden":"","app_template_category":[],"platform":"55","template_public_id":"","codecanyon_url":"","codecanyon_item_id":"","codecanyon_price":"","pricing_caption":"","pricing_elfsight_apps_hide_column":"","pricing_elfsight_apps_url":"","pricing_codecanyon_price_caption":"","integration_category":[],"integration_request_title":"","integration_request_cta":"","integration_platform":"","integrations":[],"platform_category":[],"video_schema_markup":"","price":"da $ 0 al mese","trial":"","benefits":[{"text":"Assistenza per l'installazione gratuita"},{"text":"Assistenza clienti con esperienza"},{"text":"Garanzia di rimborso di 14 giorni"},{"text":"Aggiornamento costante"}],"button_url":"#demo","button_target_blank":"","button_nofollow":"","attributes":[{"name":"Installazioni"},{"name":"Reattivo","content":"S\u00cc"},{"name":"Browser compatibili","content":"Firefox, Safari, Opera, Chrome, Edge"}],"tags":[],"tags_disable_links":"","hide_more_platforms":"","video_object":"","demo_hide_cta":"","demo_hide_cloud_options":"","pricing_title":"","pricing":[{"pricing_icon":"platform","pricing_title":"Elfsight Apps","pricing_title_caption":"Soluzione digitale multipiattaforma","pricing_price":"da $ 0 \/ mese","pricing_price_caption":"inizia con il piano gratuito","pricing_benefits":[{"text":"Domini illimitati"},{"text":"Supporto premium"},{"text":"Supporto gratuito per l'installazione"},{"text":"Progettazione flessibile"}],"pricing_button_text":"Aggiungi al sito web","pricing_button_url":"#demo"}],"related_apps_title":"","related_apps_hidden":"","author":"","image":[],"title":"","job":"","social_networks":[]},"_links":{"self":[{"href":"https:\/\/elfsight.com\/it\/wp-json\/wp\/v2\/pages\/5029","targetHints":{"allow":["GET"]}}],"collection":[{"href":"https:\/\/elfsight.com\/it\/wp-json\/wp\/v2\/pages"}],"about":[{"href":"https:\/\/elfsight.com\/it\/wp-json\/wp\/v2\/types\/page"}],"author":[{"embeddable":true,"href":"https:\/\/elfsight.com\/it\/wp-json\/wp\/v2\/users\/9"}],"replies":[{"embeddable":true,"href":"https:\/\/elfsight.com\/it\/wp-json\/wp\/v2\/comments?post=5029"}],"version-history":[{"count":1,"href":"https:\/\/elfsight.com\/it\/wp-json\/wp\/v2\/pages\/5029\/revisions"}],"predecessor-version":[{"id":5033,"href":"https:\/\/elfsight.com\/it\/wp-json\/wp\/v2\/pages\/5029\/revisions\/5033"}],"up":[{"embeddable":true,"href":"https:\/\/elfsight.com\/it\/wp-json\/wp\/v2\/pages\/1862"}],"wp:attachment":[{"href":"https:\/\/elfsight.com\/it\/wp-json\/wp\/v2\/media?parent=5029"}],"curies":[{"name":"wp","href":"https:\/\/api.w.org\/{rel}","templated":true}]}}