{"id":5027,"date":"2024-05-03T06:41:07","date_gmt":"2024-05-03T06:41:07","guid":{"rendered":"https:\/\/elfsight.com\/it\/?page_id=5027"},"modified":"2025-03-21T15:11:24","modified_gmt":"2025-03-21T15:11:24","slug":"blogger","status":"publish","type":"page","link":"https:\/\/elfsight.com\/it\/logo-showcase-widget\/blogger\/","title":{"rendered":"Logo Showcase &#8211; Blogger"},"content":{"rendered":"\n<div class=\"application-platform-content-item-description application-platform-content-item\" id=\"description\" data-nav-section=\"description\"><h2>Descrizione<\/h2> <p>Elfsight Logo Showcase sar\u00e0 lo strumento migliore per far vedere agli utenti i loghi dei tuoi clienti e promotori o i tuoi menzioni stampa sul tuo sito. Con l&#8217;aiuto di questo widget, sar\u00e0 facile dimostrare che la tua azienda \u00e8 un partner fidato e stabilire una visione positiva della tua attivit\u00e0. Il widget Logo Showcase ti consente di integrare qualsiasi numero di emblemi, inserirli in uno slider o in una griglia e modificare la scala dei loghi. Puoi mostrare una didascalia e collegamenti al sito web delle aziende. Variando le opzioni di colori e caratteri, puoi costruire un&#8217;interfaccia personalizzata. <\/p><p><b>Aumenta il livello delle vendite dimostrando la tua impeccabile reputazione aziendale, con i loghi dei partner sul tuo sito. <\/b><\/p><\/div> <div class=\"application-platform-content-item-features application-platform-content-item\" id=\"features\" data-nav-section=\"features\"><h2>Caratteristiche<\/h2> <p>Controlla un elenco di tutti i tratti funzionali di Logo Showcase. Puoi modificarli direttamente nell&#8217;editor e ti aiuteranno a configurare il widget appositamente per il tuo caso d&#8217;uso. <\/p><ul><li>L&#8217;opzione per collegare ciascun logo a qualsiasi indirizzo; <\/li><li>L&#8217;intestazione del widget commutabile ha titolo e testo con opzioni di formattazione; <\/li><li>Il pulsante di invito all&#8217;azione pu\u00f2 portare con un clic a qualsiasi pagina; <\/li><li>3 diversi layout dei widget: Slider, Grid e Carousel; <\/li><li>Una funzione per regolare la dimensione del logo e la larghezza del widget; <\/li><li>Un&#8217;opzione per scegliere qualsiasi colore di sfondo o aggiungere il tuo file. <\/li><\/ul><p><a href=\"#demo\">Prova tutte le altre funzioni nella demo<\/a><\/p><\/div> <div class=\"application-platform-content-item-installation application-platform-content-item\" id=\"installation\" data-nav-section=\"installation\"><h2> Come posso incorporare Logo Showcase su Blogger?<\/h2><div class=\"video-container\"><iframe width=\"560\" height=\"315\" src=\"https:\/\/www.youtube.com\/embed\/zgOIpN5Uv4w?si=_hlVMSS5k0qfM74U\" frameborder=\"0\" allow=\"accelerometer; autoplay; clipboard-write; encrypted-media; gyroscope; picture-in-picture; web-share\" allowfullscreen><\/iframe><\/div><p>Per aggiungere il widget, basta eseguire un paio di rapidi passaggi<\/p><ul><li><b>Genera il tuo Widget logo<\/b><br>Nella nostra demo gratuita, configura un plug-in con design e funzionalit\u00e0 personalizzati. <\/li> <li><b>Ottieni il codice personale per aggiungere il plugin<\/b><br>Dopo aver impostato il widget, riceverai il codice di installazione dalla notifica che appare su Elfsight Apps. Copia il codice per un uso futuro. <\/li> <li><b>Integra il plug-in nel tuo sito Blogger<\/b><br>Trova l&#8217;area in cui intendi posizionare il plug-in e inserisci l\u00ec il codice salvato. Applicare i risultati. <\/li> <li><b>Hai eseguito con successo l&#8217;installazione<\/b><br>Vai al tuo negozio, per controllare il tuo lavoro. <\/li><\/ul><p>Sentiti libero di contattare il servizio clienti se hai bisogno di consigli o hai domande. Saremo lieti di aiutarvi con ogni richiesta. <\/p><div class=\"faq\" data-component=\"FAQ\"><div class=\"faq-item\">\r\n\t\t\t\t\t<div class=\"faq-item-question\">\r\n\t\t\t\t\t\t<h3 class=\"faq-item-question-text\">Esiste un modo per incorporare un Logo Showcase nella mia home page di Blogger senza competenze di codifica?<\/h3>\r\n\r\n\t\t\t\t\t\t<div class=\"faq-item-question-icon\"><\/div>\r\n\t\t\t\t\t<\/div>\r\n\r\n\t\t\t\t\t<div class=\"faq-item-answer\">\r\n\t\t\t\t\t\t<div class=\"faq-item-answer-text\"> <p>La societ\u00e0 Elfsight offre una soluzione che ti consente di creare tu stesso un&#8217;app Logo Showcase , consulta la guida semplice: Lavora direttamente nell&#8217;editor live per creare un widget Logo Showcase che desideri includere nel sito web di Blogger. Fai clic su uno dei nostri modelli gi\u00e0 pronti e adatta le impostazioni di Logo Showcase, trasforma il layout e la combinazione di colori e aggiorna i tuoi contenuti, senza codifica. Salva la vetrina del logo e ottieni il codice di installazione che pu\u00f2 essere facilmente incollato nel sito Web di Blogger senza acquistare un piano a pagamento. Utilizzando l&#8217;editor facile da usare, ogni utente web pu\u00f2 generare Logo Showcase online e incorporarlo semplicemente nella home page di Blogger. Non \u00e8 necessario sottoscrivere un piano a pagamento o inserire le credenziali della carta per accedere al nostro servizio. Se riscontri problemi in qualsiasi momento, vai avanti e parla con il nostro supporto tecnico clienti.<\/p> <\/div>\r\n\t\t\t\t\t<\/div>\r\n\t\t\t\t<\/div> <\/div><\/div>\n","protected":false},"excerpt":{"rendered":"","protected":false},"author":9,"featured_media":0,"parent":1700,"menu_order":0,"comment_status":"closed","ping_status":"closed","template":"templates\/template-application-platform.php","meta":{"publish_to_discourse":"","publish_post_category":"","wpdc_auto_publish_overridden":"","wpdc_topic_tags":"","wpdc_pin_topic":"","wpdc_pin_until":"","discourse_post_id":"","discourse_permalink":"","wpdc_publishing_response":"","wpdc_publishing_error":"","footnotes":""},"class_list":["post-5027","page","type-page","status-publish","hentry"],"yoast_head":"<!-- This site is optimized with the Yoast SEO plugin v25.3.1 - https:\/\/yoast.com\/wordpress\/plugins\/seo\/ -->\n<title>Logo Carusel: aggiungi il widget Logo Carousel al sito Web di Blogger (2025)<\/title>\n<meta name=\"description\" content=\"\u00c8 semplicissimo creare il tuo widget Logo Showcase e aggiungerlo al tuo sito web Blogger. Il servizio clienti Elfsight \u00e8 gratuito e veloce.\" \/>\n<meta name=\"robots\" content=\"index, follow, max-snippet:-1, max-image-preview:large, max-video-preview:-1\" \/>\n<link rel=\"canonical\" href=\"https:\/\/elfsight.com\/it\/logo-showcase-widget\/blogger\/\" \/>\n<meta property=\"og:locale\" content=\"it_IT\" \/>\n<meta property=\"og:type\" content=\"article\" \/>\n<meta property=\"og:title\" content=\"Logo Carusel: aggiungi il widget Logo Carousel al sito Web di Blogger (2025)\" \/>\n<meta property=\"og:description\" content=\"\u00c8 semplicissimo creare il tuo widget Logo Showcase e aggiungerlo al tuo sito web Blogger. Il servizio clienti Elfsight \u00e8 gratuito e veloce.\" \/>\n<meta property=\"og:url\" content=\"https:\/\/elfsight.com\/it\/logo-showcase-widget\/blogger\/\" \/>\n<meta property=\"og:site_name\" content=\"Elfsight IT\" \/>\n<meta property=\"article:modified_time\" content=\"2025-03-21T15:11:24+00:00\" \/>\n<meta name=\"twitter:card\" content=\"summary_large_image\" \/>\n<meta name=\"twitter:label1\" content=\"Tempo di lettura stimato\" \/>\n\t<meta name=\"twitter:data1\" content=\"3 minuti\" \/>\n<!-- \/ Yoast SEO plugin. -->","yoast_head_json":{"title":"Logo Carusel: aggiungi il widget Logo Carousel al sito Web di Blogger (2025)","description":"\u00c8 semplicissimo creare il tuo widget Logo Showcase e aggiungerlo al tuo sito web Blogger. Il servizio clienti Elfsight \u00e8 gratuito e veloce.","robots":{"index":"index","follow":"follow","max-snippet":"max-snippet:-1","max-image-preview":"max-image-preview:large","max-video-preview":"max-video-preview:-1"},"canonical":"https:\/\/elfsight.com\/it\/logo-showcase-widget\/blogger\/","og_locale":"it_IT","og_type":"article","og_title":"Logo Carusel: aggiungi il widget Logo Carousel al sito Web di Blogger (2025)","og_description":"\u00c8 semplicissimo creare il tuo widget Logo Showcase e aggiungerlo al tuo sito web Blogger. Il servizio clienti Elfsight \u00e8 gratuito e veloce.","og_url":"https:\/\/elfsight.com\/it\/logo-showcase-widget\/blogger\/","og_site_name":"Elfsight IT","article_modified_time":"2025-03-21T15:11:24+00:00","twitter_card":"summary_large_image","twitter_misc":{"Tempo di lettura stimato":"3 minuti"},"schema":{"@context":"https:\/\/schema.org","@graph":[{"@type":"WebPage","@id":"https:\/\/elfsight.com\/it\/logo-showcase-widget\/blogger\/","url":"https:\/\/elfsight.com\/it\/logo-showcase-widget\/blogger\/","name":"Logo Carusel: aggiungi il widget Logo Carousel al sito Web di Blogger (2025)","isPartOf":{"@id":"https:\/\/elfsight.com\/it\/#website"},"datePublished":"2024-05-03T06:41:07+00:00","dateModified":"2025-03-21T15:11:24+00:00","description":"\u00c8 semplicissimo creare il tuo widget Logo Showcase e aggiungerlo al tuo sito web Blogger. Il servizio clienti Elfsight \u00e8 gratuito e veloce.","breadcrumb":{"@id":"https:\/\/elfsight.com\/it\/logo-showcase-widget\/blogger\/#breadcrumb"},"inLanguage":"it-IT","potentialAction":[{"@type":"ReadAction","target":["https:\/\/elfsight.com\/it\/logo-showcase-widget\/blogger\/"]}]},{"@type":"BreadcrumbList","@id":"https:\/\/elfsight.com\/it\/logo-showcase-widget\/blogger\/#breadcrumb","itemListElement":[{"@type":"ListItem","position":1,"name":"Home","item":"https:\/\/elfsight.com\/it\/"},{"@type":"ListItem","position":2,"name":"Logo Showcase","item":"https:\/\/elfsight.com\/it\/logo-showcase-widget\/"},{"@type":"ListItem","position":3,"name":"Logo Showcase &#8211; Blogger"}]},{"@type":"WebSite","@id":"https:\/\/elfsight.com\/it\/#website","url":"https:\/\/elfsight.com\/it\/","name":"Elfsight IT","description":"Just another Elfsight Sites site","potentialAction":[{"@type":"SearchAction","target":{"@type":"EntryPoint","urlTemplate":"https:\/\/elfsight.com\/it\/?s={search_term_string}"},"query-input":{"@type":"PropertyValueSpecification","valueRequired":true,"valueName":"search_term_string"}}],"inLanguage":"it-IT"}]}},"meta_box":{"industry":"","seo_heading":"","heading":"","description":"","cta_heading":"","cta_description":"","application":"1699","h1":"Vetrina del logo del blogger","h1_caption":"Mostra i loghi dei tuoi partner, sponsor o clienti, creando facilmente credibilit\u00e0 e fiducia per il tuo marchio nel tuo sito web Blogger.","application_category":[],"applications_title":"","applications_request_title":"","applications_request_button_text":"","hero_text":"","hero_video":"","hero_video_schema_markup":"","selling_points_title":"","selling_points_caption":"","selling_points":[],"selling_points_cta_text":"","features_title":"","features":"","ed_cta_examples_text":"","ed_cta_examples_hidden":"","ed_cta_demo_text":"","ed_cta_demo_hidden":"","why_caption":"","why_editor_title":"","why_editor_text":"","why_team_title":"","why_team_text":"","why_service_title":"","why_service_text":"","template_catalog_visible":"0","template_catalog_title":"","template_catalog_text":"","template_catalog_categories_visible":"","demo_title":"Crea il tuo widget Vetrina del logo","demo_caption":"Configura la tua vetrina del logo e aggiungila gratuitamente al tuo sito Blogger!","default_faq_hidden":"","app_template_category":[],"platform":"33","template_public_id":"","codecanyon_url":"","codecanyon_item_id":"","codecanyon_price":"","pricing_caption":"","pricing_elfsight_apps_hide_column":"","pricing_elfsight_apps_url":"","pricing_codecanyon_price_caption":"","integration_category":[],"integration_request_title":"","integration_request_cta":"","integration_platform":"","integrations":[],"platform_category":[],"video_schema_markup":"","price":"da $ 0 al mese","trial":"","benefits":[{"text":"Servizio di installazione gratuito"},{"text":"Supporto premium"},{"text":"Garanzia di rimborso di 14 giorni"},{"text":"Futuri aggiornamenti gratuiti"}],"button_url":"#demo","button_target_blank":"0","button_nofollow":"0","attributes":[{"name":"Installazioni"},{"name":"Reattivo","content":"S\u00cc"},{"name":"Browser compatibili","content":"Firefox, Safari, Opera, Chrome, Edge"}],"tags":[],"tags_disable_links":"0","hide_more_platforms":"0","video_object":"","demo_hide_cta":"0","demo_hide_cloud_options":"0","pricing_title":"","pricing":[{"pricing_icon":"platform","pricing_title":"Elfsight Apps","pricing_title_caption":"Soluzione digitale indipendente dalla piattaforma che funziona su qualsiasi sito","pricing_price":"da $ 0 \/ mese","pricing_price_caption":"inizia con un piano gratuito","pricing_benefits":[{"text":"Domini illimitati"},{"text":"Supporto rapido e puntuale e ben documentato"},{"text":"Supporto per l'installazione senza costi"},{"text":"Progettazione flessibile"}],"pricing_button_text":"Aggiungi al sito web","pricing_button_url":"#demo"}],"related_apps_title":"","related_apps_hidden":"0","author":"","image":[],"title":"","job":"","social_networks":[]},"_links":{"self":[{"href":"https:\/\/elfsight.com\/it\/wp-json\/wp\/v2\/pages\/5027","targetHints":{"allow":["GET"]}}],"collection":[{"href":"https:\/\/elfsight.com\/it\/wp-json\/wp\/v2\/pages"}],"about":[{"href":"https:\/\/elfsight.com\/it\/wp-json\/wp\/v2\/types\/page"}],"author":[{"embeddable":true,"href":"https:\/\/elfsight.com\/it\/wp-json\/wp\/v2\/users\/9"}],"replies":[{"embeddable":true,"href":"https:\/\/elfsight.com\/it\/wp-json\/wp\/v2\/comments?post=5027"}],"version-history":[{"count":3,"href":"https:\/\/elfsight.com\/it\/wp-json\/wp\/v2\/pages\/5027\/revisions"}],"predecessor-version":[{"id":9718,"href":"https:\/\/elfsight.com\/it\/wp-json\/wp\/v2\/pages\/5027\/revisions\/9718"}],"up":[{"embeddable":true,"href":"https:\/\/elfsight.com\/it\/wp-json\/wp\/v2\/pages\/1700"}],"wp:attachment":[{"href":"https:\/\/elfsight.com\/it\/wp-json\/wp\/v2\/media?parent=5027"}],"curies":[{"name":"wp","href":"https:\/\/api.w.org\/{rel}","templated":true}]}}