{"id":5026,"date":"2024-05-03T06:41:06","date_gmt":"2024-05-03T06:41:06","guid":{"rendered":"https:\/\/elfsight.com\/it\/?page_id=5026"},"modified":"2025-03-21T15:12:58","modified_gmt":"2025-03-21T15:12:58","slug":"elementor","status":"publish","type":"page","link":"https:\/\/elfsight.com\/it\/logo-showcase-widget\/elementor\/","title":{"rendered":"Logo Showcase &#8211; Elementor"},"content":{"rendered":"\n<div class=\"application-platform-content-item-description application-platform-content-item\" id=\"description\" data-nav-section=\"description\"><h2>Incorpora Logo Showcase su Elementor con il widget Elfsight<\/h2> <p>Elfsight Logo Showcase \u00e8 la tecnica pi\u00f9 semplice per mostrare i partner e loghi dei promotori o menzioni stampa sul sito. Con il widget Elfsight, accumuli l&#8217;idea che la tua attivit\u00e0 \u00e8 affidabile e sostieni un&#8217;immagine positiva della tua azienda. Il widget Logo Showcase ti consente di caricare pi\u00f9 loghi, inserirli in un carosello o in una griglia e modificare la dimensione delle immagini. Puoi scrivere una didascalia e collegamenti ai siti Web dell&#8217;azienda. Regolando le opzioni di colori e caratteri, \u00e8 facile configurare un&#8217;interfaccia personalizzata. <\/p><p><b>Migliora il livello di affidabilit\u00e0 della tua azienda, dimostrando la portata dei loghi dei tuoi clienti. <\/b><\/p><\/div> <div class=\"application-platform-content-item-features application-platform-content-item\" id=\"features\" data-nav-section=\"features\"><h2>Caratteristiche principali del widget Logo Showcase<\/h2> <p>Ecco un elenco di tutte le funzionalit\u00e0 di Logo Showcase. Puoi gestirli direttamente nell&#8217;editor e ti aiuteranno a creare il widget pi\u00f9 adatto al tuo caso. <\/p><ul><li>L&#8217;opzione per collegare ciascun logo a qualsiasi indirizzo; <\/li><li>L&#8217;intestazione commutabile ha titolo e testo con impostazioni di formattazione; <\/li><li>Il pulsante CTA pu\u00f2 essere collegato a qualsiasi indirizzo; <\/li><li>Tre layout bilanciati: Slider, Grid e Carousel; <\/li><li>Un&#8217;opzione per adattare la dimensione del logo e la larghezza del widget; <\/li><li> Scegli un colore di sfondo o aggiungi la tua immagine. <\/li><\/ul><p><a href=\"#demo\">Prova tutte le altre funzioni nella demo<\/a><\/p><\/div> <div class=\"application-platform-content-item-installation application-platform-content-item\" id=\"installation\" data-nav-section=\"installation\"><h2> Come incorporare Logo Showcase sul mio sito Web Elementor? <\/h2><div class=\"video-container\"><iframe width=\"560\" height=\"315\" src=\"https:\/\/www.youtube.com\/embed\/tW0yo33ImKg?si=JpXGtfUbkS8zSTre\" frameborder=\"0\" allow=\"accelerometer; autoplay; clipboard-write; encrypted-media; gyroscope; picture-in-picture; web-share\" allowfullscreen><\/iframe><\/div><p>Per introdurre il widget, basta seguire le istruzioni riportate di seguito<\/p><ul><li><b>Crea il tuo widget Logo unico<\/b><br>Utilizzando il nostro configuratore gratuito, crea un plugin con la composizione e la funzionalit\u00e0 che preferisci. <\/li><li><b>Ricevi un codice individuale per installare il plugin<\/b><br>Dopo aver configurato il tuo widget, riceverai il tuo codice personale dalla notifica popup sulle app Elfsight. Copialo per un uso successivo. <\/li><li><b>Aggiungi il plugin al tuo sito web Elementor<\/b><br>Definisci l&#8217;area in cui desideri aggiungere il plugin e inserisci l\u00ec il codice salvato. Pubblica le modifiche. <\/li><li><b>Fatto! <\/b><br>Vai al tuo sito web per controllare il tuo plugin. <\/li><\/ul><p>Non pensarci due volte e rivolgiti al supporto dei nostri clienti nel caso in cui hai bisogno di aiuto o hai qualcosa da chiedere. I nostri specialisti saranno felici di aiutarvi con ogni richiesta. <\/p><div class=\"faq\" data-component=\"FAQ\"><div class=\"faq-item\">\r\n\t\t\t\t\t<div class=\"faq-item-question\">\r\n\t\t\t\t\t\t<h3 class=\"faq-item-question-text\">In che modo \u00e8 possibile aggiungere Logo Showcase al mio sito Web Elementor senza esperienza di codifica?<\/h3>\r\n\r\n\t\t\t\t\t\t<div class=\"faq-item-question-icon\"><\/div>\r\n\t\t\t\t\t<\/div>\r\n\r\n\t\t\t\t\t<div class=\"faq-item-answer\">\r\n\t\t\t\t\t\t<div class=\"faq-item-answer-text\"> <p>Elfsight fornisce una soluzione cloud che consente a un vasto pubblico di creare un logo Sezione Vetrina tu stesso, impara le semplici istruzioni: vai all&#8217;editor live per creare un&#8217;app Logo Showcase che desideri integrare sul sito Elementor. Scegli uno dei modelli predefiniti e adatta le impostazioni di Logo Showcase, trasforma il layout e il colore degli elementi inclusi i tuoi contenuti, senza esperienza di codifica. Fai clic per salvare la vetrina del logo e ottieni il codice del plug-in per l&#8217;incorporamento, che puoi includere nel sito Web di Elementor senza acquistare un piano a pagamento. Utilizzando l&#8217;editor intuitivo qualsiasi utente di Internet pu\u00f2 generare un plug-in Logo Showcase e aggiungerlo facilmente al proprio sito Web Elementor. Non \u00e8 necessario pagare o inserire i dati della carta per accedere al servizio. Se riscontri problemi in qualsiasi momento, non esitare a rivolgerti al nostro personale di supporto.<\/p> <\/div>\r\n\t\t\t\t\t<\/div>\r\n\t\t\t\t<\/div> <\/div><\/div>\n","protected":false},"excerpt":{"rendered":"","protected":false},"author":9,"featured_media":0,"parent":1700,"menu_order":0,"comment_status":"closed","ping_status":"closed","template":"templates\/template-application-platform.php","meta":{"publish_to_discourse":"","publish_post_category":"","wpdc_auto_publish_overridden":"","wpdc_topic_tags":"","wpdc_pin_topic":"","wpdc_pin_until":"","discourse_post_id":"","discourse_permalink":"","wpdc_publishing_response":"","wpdc_publishing_error":"","footnotes":""},"class_list":["post-5026","page","type-page","status-publish","hentry"],"yoast_head":"<!-- This site is optimized with the Yoast SEO plugin v25.3.1 - https:\/\/yoast.com\/wordpress\/plugins\/seo\/ -->\n<title>Vetrina logo: aggiungi il widget Logo Carousel al sito Web Elementor (2025)<\/title>\n<meta name=\"description\" content=\"\u00c8 semplicissimo creare il tuo widget Logo Showcase e aggiungerlo al tuo sito web Elementor. Il servizio clienti Elfsight \u00e8 gratuito e veloce.\" \/>\n<meta name=\"robots\" content=\"index, follow, max-snippet:-1, max-image-preview:large, max-video-preview:-1\" \/>\n<link rel=\"canonical\" href=\"https:\/\/elfsight.com\/it\/logo-showcase-widget\/elementor\/\" \/>\n<meta property=\"og:locale\" content=\"it_IT\" \/>\n<meta property=\"og:type\" content=\"article\" \/>\n<meta property=\"og:title\" content=\"Vetrina logo: aggiungi il widget Logo Carousel al sito Web Elementor (2025)\" \/>\n<meta property=\"og:description\" content=\"\u00c8 semplicissimo creare il tuo widget Logo Showcase e aggiungerlo al tuo sito web Elementor. Il servizio clienti Elfsight \u00e8 gratuito e veloce.\" \/>\n<meta property=\"og:url\" content=\"https:\/\/elfsight.com\/it\/logo-showcase-widget\/elementor\/\" \/>\n<meta property=\"og:site_name\" content=\"Elfsight IT\" \/>\n<meta property=\"article:modified_time\" content=\"2025-03-21T15:12:58+00:00\" \/>\n<meta name=\"twitter:card\" content=\"summary_large_image\" \/>\n<meta name=\"twitter:label1\" content=\"Tempo di lettura stimato\" \/>\n\t<meta name=\"twitter:data1\" content=\"3 minuti\" \/>\n<!-- \/ Yoast SEO plugin. -->","yoast_head_json":{"title":"Vetrina logo: aggiungi il widget Logo Carousel al sito Web Elementor (2025)","description":"\u00c8 semplicissimo creare il tuo widget Logo Showcase e aggiungerlo al tuo sito web Elementor. Il servizio clienti Elfsight \u00e8 gratuito e veloce.","robots":{"index":"index","follow":"follow","max-snippet":"max-snippet:-1","max-image-preview":"max-image-preview:large","max-video-preview":"max-video-preview:-1"},"canonical":"https:\/\/elfsight.com\/it\/logo-showcase-widget\/elementor\/","og_locale":"it_IT","og_type":"article","og_title":"Vetrina logo: aggiungi il widget Logo Carousel al sito Web Elementor (2025)","og_description":"\u00c8 semplicissimo creare il tuo widget Logo Showcase e aggiungerlo al tuo sito web Elementor. Il servizio clienti Elfsight \u00e8 gratuito e veloce.","og_url":"https:\/\/elfsight.com\/it\/logo-showcase-widget\/elementor\/","og_site_name":"Elfsight IT","article_modified_time":"2025-03-21T15:12:58+00:00","twitter_card":"summary_large_image","twitter_misc":{"Tempo di lettura stimato":"3 minuti"},"schema":{"@context":"https:\/\/schema.org","@graph":[{"@type":"WebPage","@id":"https:\/\/elfsight.com\/it\/logo-showcase-widget\/elementor\/","url":"https:\/\/elfsight.com\/it\/logo-showcase-widget\/elementor\/","name":"Vetrina logo: aggiungi il widget Logo Carousel al sito Web Elementor (2025)","isPartOf":{"@id":"https:\/\/elfsight.com\/it\/#website"},"datePublished":"2024-05-03T06:41:06+00:00","dateModified":"2025-03-21T15:12:58+00:00","description":"\u00c8 semplicissimo creare il tuo widget Logo Showcase e aggiungerlo al tuo sito web Elementor. Il servizio clienti Elfsight \u00e8 gratuito e veloce.","breadcrumb":{"@id":"https:\/\/elfsight.com\/it\/logo-showcase-widget\/elementor\/#breadcrumb"},"inLanguage":"it-IT","potentialAction":[{"@type":"ReadAction","target":["https:\/\/elfsight.com\/it\/logo-showcase-widget\/elementor\/"]}]},{"@type":"BreadcrumbList","@id":"https:\/\/elfsight.com\/it\/logo-showcase-widget\/elementor\/#breadcrumb","itemListElement":[{"@type":"ListItem","position":1,"name":"Home","item":"https:\/\/elfsight.com\/it\/"},{"@type":"ListItem","position":2,"name":"Logo Showcase","item":"https:\/\/elfsight.com\/it\/logo-showcase-widget\/"},{"@type":"ListItem","position":3,"name":"Logo Showcase &#8211; Elementor"}]},{"@type":"WebSite","@id":"https:\/\/elfsight.com\/it\/#website","url":"https:\/\/elfsight.com\/it\/","name":"Elfsight IT","description":"Just another Elfsight Sites site","potentialAction":[{"@type":"SearchAction","target":{"@type":"EntryPoint","urlTemplate":"https:\/\/elfsight.com\/it\/?s={search_term_string}"},"query-input":{"@type":"PropertyValueSpecification","valueRequired":true,"valueName":"search_term_string"}}],"inLanguage":"it-IT"}]}},"meta_box":{"industry":"","seo_heading":"","heading":"","description":"","cta_heading":"","cta_description":"","application":"1699","h1":"Vetrina del logo Elementor","h1_caption":"Mostra i loghi dei tuoi partner, sponsor o clienti, creando credibilit\u00e0 e fiducia per il tuo marchio nel tuo sito Web Elementor senza sforzo.","application_category":[],"applications_title":"","applications_request_title":"","applications_request_button_text":"","hero_text":"","hero_video":"","hero_video_schema_markup":"","selling_points_title":"","selling_points_caption":"","selling_points":[],"selling_points_cta_text":"","features_title":"","features":"","ed_cta_examples_text":"","ed_cta_examples_hidden":"","ed_cta_demo_text":"","ed_cta_demo_hidden":"","why_caption":"","why_editor_title":"","why_editor_text":"","why_team_title":"","why_team_text":"","why_service_title":"","why_service_text":"","template_catalog_visible":"0","template_catalog_title":"","template_catalog_text":"","template_catalog_categories_visible":"","demo_title":"Crea il tuo widget Vetrina del logo","demo_caption":"Configura la tua vetrina del logo e aggiungila gratuitamente al tuo sito Web Elementor!","default_faq_hidden":"","app_template_category":[],"platform":"68","template_public_id":"","codecanyon_url":"","codecanyon_item_id":"","codecanyon_price":"","pricing_caption":"","pricing_elfsight_apps_hide_column":"","pricing_elfsight_apps_url":"","pricing_codecanyon_price_caption":"","integration_category":[],"integration_request_title":"","integration_request_cta":"","integration_platform":"","integrations":[],"platform_category":[],"video_schema_markup":"","price":"da $ 0 al mese","trial":"","benefits":[{"text":"Servizio di installazione gratuito"},{"text":"Assistenza clienti con esperienza"},{"text":"Garanzia di rimborso di 14 giorni"},{"text":"Aggiornamento costante"}],"button_url":"#demo","button_target_blank":"0","button_nofollow":"0","attributes":[{"name":"Installazioni"},{"name":"Reattivo","content":"S\u00cc"},{"name":"Browser compatibili","content":"Firefox, Safari, Opera, Chrome, Edge"}],"tags":[],"tags_disable_links":"0","hide_more_platforms":"0","video_object":"","demo_hide_cta":"0","demo_hide_cloud_options":"0","pricing_title":"","pricing":[{"pricing_icon":"platform","pricing_title":"Elfsight Apps","pricing_title_caption":"Soluzione indipendente dalla piattaforma","pricing_price":"da $ 0 \/ mese","pricing_price_caption":"inizia con il piano gratuito","pricing_benefits":[{"text":"Siti web illimitati"},{"text":"Assistenza puntuale e 24 ore su 24, 7 giorni su 7"},{"text":"Aiuto per l'installazione gratuito"},{"text":"Prezzo da prendere per pi\u00f9 app"}],"pricing_button_text":"Aggiungi al sito web","pricing_button_url":"#demo"}],"related_apps_title":"","related_apps_hidden":"0","author":"","image":[],"title":"","job":"","social_networks":[]},"_links":{"self":[{"href":"https:\/\/elfsight.com\/it\/wp-json\/wp\/v2\/pages\/5026","targetHints":{"allow":["GET"]}}],"collection":[{"href":"https:\/\/elfsight.com\/it\/wp-json\/wp\/v2\/pages"}],"about":[{"href":"https:\/\/elfsight.com\/it\/wp-json\/wp\/v2\/types\/page"}],"author":[{"embeddable":true,"href":"https:\/\/elfsight.com\/it\/wp-json\/wp\/v2\/users\/9"}],"replies":[{"embeddable":true,"href":"https:\/\/elfsight.com\/it\/wp-json\/wp\/v2\/comments?post=5026"}],"version-history":[{"count":3,"href":"https:\/\/elfsight.com\/it\/wp-json\/wp\/v2\/pages\/5026\/revisions"}],"predecessor-version":[{"id":9719,"href":"https:\/\/elfsight.com\/it\/wp-json\/wp\/v2\/pages\/5026\/revisions\/9719"}],"up":[{"embeddable":true,"href":"https:\/\/elfsight.com\/it\/wp-json\/wp\/v2\/pages\/1700"}],"wp:attachment":[{"href":"https:\/\/elfsight.com\/it\/wp-json\/wp\/v2\/media?parent=5026"}],"curies":[{"name":"wp","href":"https:\/\/api.w.org\/{rel}","templated":true}]}}