{"id":5020,"date":"2024-05-03T06:41:04","date_gmt":"2024-05-03T06:41:04","guid":{"rendered":"https:\/\/elfsight.com\/it\/?page_id=5020"},"modified":"2024-11-12T08:31:12","modified_gmt":"2024-11-12T08:31:12","slug":"iframe","status":"publish","type":"page","link":"https:\/\/elfsight.com\/it\/logo-showcase-widget\/iframe\/","title":{"rendered":"Logo Showcase &#8211; iFrame"},"content":{"rendered":"<div class=\"application-platform-content-item-description application-platform-content-item\" id=\"description\" data-nav-section=\"description\"><h2>Incorpora Logo Showcase su iFrame con il widget Elfsight<\/h2> <p>Elfsight Logo Showcase sar\u00e0 lo strumento perfetto per mostrare le informazioni dei tuoi clienti o i loghi dei promotori o le tue menzioni sulla stampa sul sito. Con questo widget, sar\u00e0 facile dimostrare che la tua azienda \u00e8 un alleato commerciale fidato e mantenere una buona percezione del tuo marchio. Il widget Elfsight ti consente di caricare pi\u00f9 emblemi, disporli in uno slider o in una griglia e variare la scala dei loghi. Puoi aggiungere didascalie e collegamenti ai siti Web dell&#8217;azienda. Con l&#8217;aiuto delle opzioni di colori e caratteri, \u00e8 facile configurare un aspetto personalizzato. <\/p><p><b>Aumenta la fiducia della tua azienda.<\/b><\/p><\/div><div class=\"application-platform-content-item-features application-platform-content-item\" id=\"features\" data-nav-section=\"features\"><h2>Caratteristiche principali del widget Logo Showcase<\/h2> <p>Scopri tutte le funzionalit\u00e0 di Logo Showcase. Puoi impostarli direttamente nell&#8217;editor e ti aiuteranno a modellare il widget pi\u00f9 adatto alle tue esigenze. <\/p><ul><li>L&#8217;opzione per collegare ciascun logo a qualsiasi indirizzo; <\/li><li>Intestazione del widget commutabile che include titolo e testo con opzioni di formattazione; <\/li><li>Il pulsante CTA pu\u00f2 portare con un clic a qualsiasi pagina; <\/li><li>3 layout bilanciati: Slider, Grid e Carousel; <\/li><li>L&#8217;opzione per impostare la dimensione del logo e la larghezza del widget; <\/li><li>L&#8217;opzione di scegliere qualsiasi colore di sfondo o utilizzare la tua immagine. <\/li><\/ul><p><a href=\"#demo\">Puoi testare tutte le funzionalit\u00e0 del widget direttamente nella demo<\/a><\/p><\/div><div class=\"application-platform-content-item-installation application-platform-content-item\" id=\"installation\" data-nav-section=\"installation\"> <h2>Come integro Logo Showcase con iFrame?<\/h2><p>Per integrare il widget, segui questi rapidi passaggi<\/p><ul><li><b>Costruisci il tuo widget logo personalizzato<\/b><br>Utilizzando il nostro editor gratuito, crea un plugin con la composizione e la funzionalit\u00e0 che preferisci.<\/li><li><b>Copia il codice individuale per integrare il plugin<\/b><br>Dopo aver creato il tuo widget, otterrai il codice di installazione dalla notifica che apparir\u00e0 su Elfsight Apps. Copialo.<\/li><li><b>Incorpora il plugin nel tuo sito web iFrame<\/b><br>Seleziona l&#8217;area in cui intendi mostrare il plugin e inserisci l\u00ec il codice copiato. Pubblica i risultati.<\/li><li><b>L&#8217;installazione \u00e8 completata<\/b><br>Entra nel sito per vedere il tuo lavoro.<\/li><\/ul><p>Sei libero di comunicare a Assistenza clienti Elfsight nel caso abbiate bisogno di aiuto o abbiate domande. I nostri specialisti saranno lieti di aiutarvi con ogni richiesta. <\/p><div class=\"faq\" data-component=\"FAQ\"><div class=\"faq-item\">\r\n\t\t\t\t\t<div class=\"faq-item-question\">\r\n\t\t\t\t\t\t<h3 class=\"faq-item-question-text\">Esiste un metodo per aggiungere Logo Showcase al mio sito iFrame senza conoscenze di codifica?<\/h3>\r\n\r\n\t\t\t\t\t\t<div class=\"faq-item-question-icon\"><\/div>\r\n\t\t\t\t\t<\/div>\r\n\r\n\t\t\t\t\t<div class=\"faq-item-answer\">\r\n\t\t\t\t\t\t<div class=\"faq-item-answer-text\"> <p>Elfsight fornisce una soluzione che consente ai proprietari dei siti di generare autonomamente un widget Logo Showcase, scoprire i semplici passaggi: inizia a lavorare nella demo online per creare una sezione Logo Showcase che desideri integrare nella home page di iFrame. Scegli uno dei modelli predefiniti e modifica le impostazioni di Logo Showcase, aggiorna i tuoi contenuti, altera il layout e il colore degli elementi senza conoscere la codifica. Fai clic per salvare le impostazioni effettuate su Logo Showcase e ottieni il codice del plug-in per l&#8217;installazione, che puoi semplicemente aggiungere in qualsiasi pagina Web iFrame senza la necessit\u00e0 di acquistare un abbonamento a pagamento. Lavorando nell&#8217;intuitivo Configuratore, qualsiasi utente web pu\u00f2 creare il plug-in Logo Showcase online e includerlo facilmente nella pagina web iFrame. Non \u00e8 necessario pagare n\u00e9 divulgare i dati della carta per accedere al servizio. Se riscontri problemi di qualsiasi tipo, contatta il nostro personale di supporto tecnico.<\/p> <\/div>\r\n\t\t\t\t\t<\/div>\r\n\t\t\t\t<\/div> <\/div><\/div>","protected":false},"excerpt":{"rendered":"","protected":false},"author":9,"featured_media":0,"parent":1700,"menu_order":0,"comment_status":"closed","ping_status":"closed","template":"templates\/template-application-platform.php","meta":{"publish_to_discourse":"","publish_post_category":"","wpdc_auto_publish_overridden":"","wpdc_topic_tags":"","wpdc_pin_topic":"","wpdc_pin_until":"","discourse_post_id":"","discourse_permalink":"","wpdc_publishing_response":"","wpdc_publishing_error":"","footnotes":""},"class_list":["post-5020","page","type-page","status-publish","hentry"],"yoast_head":"<!-- This site is optimized with the Yoast SEO plugin v25.3.1 - https:\/\/yoast.com\/wordpress\/plugins\/seo\/ -->\n<title>Logo Showcase: aggiungi il widget Logo Carousel al sito Web iFrame (2025)<\/title>\n<meta name=\"description\" content=\"\u00c8 semplicissimo creare il tuo widget Logo Showcase e aggiungerlo al tuo sito web iFrame. Il servizio clienti Elfsight \u00e8 gratuito e veloce.\" \/>\n<meta name=\"robots\" content=\"index, follow, max-snippet:-1, max-image-preview:large, max-video-preview:-1\" \/>\n<link rel=\"canonical\" href=\"https:\/\/elfsight.com\/it\/logo-showcase-widget\/iframe\/\" \/>\n<meta property=\"og:locale\" content=\"it_IT\" \/>\n<meta property=\"og:type\" content=\"article\" \/>\n<meta property=\"og:title\" content=\"Logo Showcase: aggiungi il widget Logo Carousel al sito Web iFrame (2025)\" \/>\n<meta property=\"og:description\" content=\"\u00c8 semplicissimo creare il tuo widget Logo Showcase e aggiungerlo al tuo sito web iFrame. Il servizio clienti Elfsight \u00e8 gratuito e veloce.\" \/>\n<meta property=\"og:url\" content=\"https:\/\/elfsight.com\/it\/logo-showcase-widget\/iframe\/\" \/>\n<meta property=\"og:site_name\" content=\"Elfsight IT\" \/>\n<meta property=\"article:modified_time\" content=\"2024-11-12T08:31:12+00:00\" \/>\n<meta name=\"twitter:card\" content=\"summary_large_image\" \/>\n<meta name=\"twitter:label1\" content=\"Tempo di lettura stimato\" \/>\n\t<meta name=\"twitter:data1\" content=\"3 minuti\" \/>\n<!-- \/ Yoast SEO plugin. -->","yoast_head_json":{"title":"Logo Showcase: aggiungi il widget Logo Carousel al sito Web iFrame (2025)","description":"\u00c8 semplicissimo creare il tuo widget Logo Showcase e aggiungerlo al tuo sito web iFrame. Il servizio clienti Elfsight \u00e8 gratuito e veloce.","robots":{"index":"index","follow":"follow","max-snippet":"max-snippet:-1","max-image-preview":"max-image-preview:large","max-video-preview":"max-video-preview:-1"},"canonical":"https:\/\/elfsight.com\/it\/logo-showcase-widget\/iframe\/","og_locale":"it_IT","og_type":"article","og_title":"Logo Showcase: aggiungi il widget Logo Carousel al sito Web iFrame (2025)","og_description":"\u00c8 semplicissimo creare il tuo widget Logo Showcase e aggiungerlo al tuo sito web iFrame. Il servizio clienti Elfsight \u00e8 gratuito e veloce.","og_url":"https:\/\/elfsight.com\/it\/logo-showcase-widget\/iframe\/","og_site_name":"Elfsight IT","article_modified_time":"2024-11-12T08:31:12+00:00","twitter_card":"summary_large_image","twitter_misc":{"Tempo di lettura stimato":"3 minuti"},"schema":{"@context":"https:\/\/schema.org","@graph":[{"@type":"WebPage","@id":"https:\/\/elfsight.com\/it\/logo-showcase-widget\/iframe\/","url":"https:\/\/elfsight.com\/it\/logo-showcase-widget\/iframe\/","name":"Logo Showcase: aggiungi il widget Logo Carousel al sito Web iFrame (2025)","isPartOf":{"@id":"https:\/\/elfsight.com\/it\/#website"},"datePublished":"2024-05-03T06:41:04+00:00","dateModified":"2024-11-12T08:31:12+00:00","description":"\u00c8 semplicissimo creare il tuo widget Logo Showcase e aggiungerlo al tuo sito web iFrame. Il servizio clienti Elfsight \u00e8 gratuito e veloce.","breadcrumb":{"@id":"https:\/\/elfsight.com\/it\/logo-showcase-widget\/iframe\/#breadcrumb"},"inLanguage":"it-IT","potentialAction":[{"@type":"ReadAction","target":["https:\/\/elfsight.com\/it\/logo-showcase-widget\/iframe\/"]}]},{"@type":"BreadcrumbList","@id":"https:\/\/elfsight.com\/it\/logo-showcase-widget\/iframe\/#breadcrumb","itemListElement":[{"@type":"ListItem","position":1,"name":"Home","item":"https:\/\/elfsight.com\/it\/"},{"@type":"ListItem","position":2,"name":"Logo Showcase","item":"https:\/\/elfsight.com\/it\/logo-showcase-widget\/"},{"@type":"ListItem","position":3,"name":"Logo Showcase &#8211; iFrame"}]},{"@type":"WebSite","@id":"https:\/\/elfsight.com\/it\/#website","url":"https:\/\/elfsight.com\/it\/","name":"Elfsight IT","description":"Just another Elfsight Sites site","potentialAction":[{"@type":"SearchAction","target":{"@type":"EntryPoint","urlTemplate":"https:\/\/elfsight.com\/it\/?s={search_term_string}"},"query-input":{"@type":"PropertyValueSpecification","valueRequired":true,"valueName":"search_term_string"}}],"inLanguage":"it-IT"}]}},"meta_box":{"industry":"","seo_heading":"","heading":"","description":"","cta_heading":"","cta_description":"","application":"1699","h1":"Vetrina del logo iFrame","h1_caption":"Mostra i loghi dei tuoi partner, sponsor o clienti, creando credibilit\u00e0 e fiducia per il tuo marchio nel tuo sito web iFrame senza sforzo.","application_category":[],"applications_title":"","applications_request_title":"","applications_request_button_text":"","hero_text":"","hero_video":"","hero_video_schema_markup":"","selling_points_title":"","selling_points_caption":"","selling_points":[],"selling_points_cta_text":"","features_title":"","features":"","ed_cta_examples_text":"","ed_cta_examples_hidden":"","ed_cta_demo_text":"","ed_cta_demo_hidden":"","why_caption":"","why_editor_title":"","why_editor_text":"","why_team_title":"","why_team_text":"","why_service_title":"","why_service_text":"","template_catalog_visible":"","template_catalog_title":"","template_catalog_text":"","template_catalog_categories_visible":"","demo_title":"Crea il tuo widget Vetrina del logo","demo_caption":"Configura il tuo Logo Showcase e aggiungilo gratuitamente al tuo sito iFrame!","default_faq_hidden":"","app_template_category":[],"platform":"54","template_public_id":"","codecanyon_url":"","codecanyon_item_id":"","codecanyon_price":"","pricing_caption":"","pricing_elfsight_apps_hide_column":"","pricing_elfsight_apps_url":"","pricing_codecanyon_price_caption":"","integration_category":[],"integration_request_title":"","integration_request_cta":"","integration_platform":"","integrations":[],"platform_category":[],"video_schema_markup":"","price":"da $ 0 al mese","trial":"","benefits":[{"text":"Aiuto per l'installazione gratuito"},{"text":"Servizio clienti competente"},{"text":"Garanzia di rimborso di 14 giorni"},{"text":"Aggiornamento costante"}],"button_url":"#demo","button_target_blank":"","button_nofollow":"","attributes":[{"name":"Installazioni"},{"name":"Reattivo","content":"S\u00cc"},{"name":"Browser compatibili","content":"Safari, Firefox, Edge, Chrome, Opera"}],"tags":[],"tags_disable_links":"","hide_more_platforms":"","video_object":"","demo_hide_cta":"","demo_hide_cloud_options":"","pricing_title":"","pricing":[{"pricing_icon":"platform","pricing_title":"Elfsight Apps","pricing_title_caption":"Soluzione digitale multipiattaforma","pricing_price":"da $ 0 \/ mese","pricing_price_caption":"inizia con il piano gratuito","pricing_benefits":[{"text":"Domini illimitati"},{"text":"Assistenza clienti dedicata"},{"text":"Assistenza gratuita per l'installazione"},{"text":"Offerta speciale per pi\u00f9 app"}],"pricing_button_text":"Aggiungi al sito web","pricing_button_url":"#demo"}],"related_apps_title":"","related_apps_hidden":"","author":"","image":[],"title":"","job":"","social_networks":[]},"_links":{"self":[{"href":"https:\/\/elfsight.com\/it\/wp-json\/wp\/v2\/pages\/5020","targetHints":{"allow":["GET"]}}],"collection":[{"href":"https:\/\/elfsight.com\/it\/wp-json\/wp\/v2\/pages"}],"about":[{"href":"https:\/\/elfsight.com\/it\/wp-json\/wp\/v2\/types\/page"}],"author":[{"embeddable":true,"href":"https:\/\/elfsight.com\/it\/wp-json\/wp\/v2\/users\/9"}],"replies":[{"embeddable":true,"href":"https:\/\/elfsight.com\/it\/wp-json\/wp\/v2\/comments?post=5020"}],"version-history":[{"count":1,"href":"https:\/\/elfsight.com\/it\/wp-json\/wp\/v2\/pages\/5020\/revisions"}],"predecessor-version":[{"id":5024,"href":"https:\/\/elfsight.com\/it\/wp-json\/wp\/v2\/pages\/5020\/revisions\/5024"}],"up":[{"embeddable":true,"href":"https:\/\/elfsight.com\/it\/wp-json\/wp\/v2\/pages\/1700"}],"wp:attachment":[{"href":"https:\/\/elfsight.com\/it\/wp-json\/wp\/v2\/media?parent=5020"}],"curies":[{"name":"wp","href":"https:\/\/api.w.org\/{rel}","templated":true}]}}