{"id":5019,"date":"2024-05-03T06:41:03","date_gmt":"2024-05-03T06:41:03","guid":{"rendered":"https:\/\/elfsight.com\/it\/?page_id=5019"},"modified":"2025-03-21T15:17:09","modified_gmt":"2025-03-21T15:17:09","slug":"html","status":"publish","type":"page","link":"https:\/\/elfsight.com\/it\/logo-showcase-widget\/html\/","title":{"rendered":"Logo Showcase &#8211; HTML"},"content":{"rendered":"\n<div class=\"application-platform-content-item-description application-platform-content-item\" id=\"description\" data-nav-section=\"description\"><h2>Descrizione<\/h2> <p>Elfsight Logo Showcase \u00e8 la tecnica pi\u00f9 semplice per visualizzare i loghi di clienti o promotori o le vostre menzioni stampa su il sito. Con l&#8217;aiuto del nostro widget, accumuli l&#8217;idea che la tua azienda \u00e8 un compagno fidato. Il widget Elfsight ti consente di visualizzare pi\u00f9 loghi, disporli in uno slider o in una griglia e modificare la dimensione dei loghi. Puoi aggiungere una didascalia e un collegamento al sito web delle aziende. Utilizzando le opzioni di colori e caratteri, otterrai un&#8217;interfaccia unica. <\/p><p><b>Aumenta la credibilit\u00e0 della tua azienda.<\/b><\/p><\/div> <div class=\"application-platform-content-item-features application-platform-content-item\" id=\"features\" data-nav-section=\"features\"><h2>Funzionalit\u00e0<\/h2> <p>Qui puoi scopri tutte le funzionalit\u00e0 di Logo Showcase. Puoi modificarli direttamente nell&#8217;editor e ti aiuteranno a costruire il widget esattamente per il tuo caso d&#8217;uso. <\/p><ul><li>L&#8217;opzione per collegare ciascun logo a qualsiasi pagina web; <\/li><li>L&#8217;intestazione del widget commutabile ha titolo e testo con opzioni di formattazione; <\/li><li>Il pulsante CTA pu\u00f2 essere collegato a qualsiasi indirizzo; <\/li><li>3 layout bilanciati: Slider, Grid e Carousel; <\/li><li>L&#8217;opzione per regolare la dimensione del logo e la larghezza del widget; <\/li><li>Un&#8217;opzione per scegliere qualsiasi colore di sfondo o utilizzare un&#8217;immagine personalizzata. <\/li><\/ul><p><a href=\"#demo\">Prova tutte le altre funzioni nella demo<\/a><\/p><\/div> <div class=\"application-platform-content-item-installation application-platform-content-item\" id=\"installation\" data-nav-section=\"installation\"><h2> Come posso aggiungere Logo Showcase al mio sito HTML?<\/h2><div class=\"video-container\"><iframe width=\"560\" height=\"315\" src=\"https:\/\/www.youtube.com\/embed\/E1jyqC8U4kc?si=oaUHI2_Ez_mU_LXR\" frameborder=\"0\" allow=\"accelerometer; autoplay; clipboard-write; encrypted-media; gyroscope; picture-in-picture; web-share\" allowfullscreen><\/iframe><\/div><p>Per introdurre il widget, segui semplicemente le istruzioni seguenti<\/p><ul><li><b>Crea il tuo widget personalizzato Widget logo<\/b><br>Gestione del nostro editor gratuito, genera un plugin con un&#8217;interfaccia e caratteristiche funzionali personalizzate.<\/li> <li><b>Ottieni il codice individuale per aggiungere il plugin al sito<\/b> <br>Dopo aver configurato il tuo widget, acquisirai il codice individuale dalla notifica visualizzata sulle app Elfsight. Copialo. <\/li> <li><b>Pubblica il codice sul tuo sito web HTML<\/b><br>Scegli il posto in cui desideri aggiungere il plugin e inserisci l\u00ec il codice copiato. Pubblica le modifiche. <\/li> <li><b>La configurazione \u00e8 terminata<\/b><br>Visita la pagina web per vedere il tuo plugin. <\/li><\/ul><p>Non pensarci due volte per metterti in contatto con il nostro servizio clienti quando hai bisogno di consigli o hai problemi. Saremo lieti di assistervi con ogni richiesta. <\/p><div class=\"faq\" data-component=\"FAQ\"><div class=\"faq-item\">\r\n\t\t\t\t\t<div class=\"faq-item-question\">\r\n\t\t\t\t\t\t<h3 class=\"faq-item-question-text\">Esiste un metodo per aggiungere Logo Showcase alla mia home page HTML senza esperienza di codifica?<\/h3>\r\n\r\n\t\t\t\t\t\t<div class=\"faq-item-question-icon\"><\/div>\r\n\t\t\t\t\t<\/div>\r\n\r\n\t\t\t\t\t<div class=\"faq-item-answer\">\r\n\t\t\t\t\t\t<div class=\"faq-item-answer-text\"> <p>La societ\u00e0 Elfsight offre una soluzione che ti consente di creare tu stesso un widget Logo Showcase, vedi quanto \u00e8 semplice il processo: lavora direttamente nella demo online per creare un widget Logo Showcase che desideri venga visualizzato sul sito Web HTML. Scegli uno dei tanti modelli gi\u00e0 pronti e adatta le impostazioni di Logo Showcase, aggiorna i tuoi contenuti, trasforma il layout e i colori senza conoscere la codifica. Fai clic per salvare le impostazioni effettuate su Logo Showcase e ottieni il codice di installazione del plug-in, che pu\u00f2 essere facilmente incorporato in qualsiasi home page HTML senza la necessit\u00e0 di acquistare un piano a pagamento. Con il nostro editor facile da usare, qualsiasi utente di Internet pu\u00f2 creare un widget Logo Showcase e includerlo facilmente in qualsiasi home page HTML. Non dovresti ottenere un piano a pagamento o inviare le credenziali della tua carta per accedere all&#8217;editor. Se incontri ostacoli in qualsiasi momento, non esitare a contattare il nostro supporto tecnico clienti.<\/p> <\/div>\r\n\t\t\t\t\t<\/div>\r\n\t\t\t\t<\/div> <\/div><\/div>\n","protected":false},"excerpt":{"rendered":"","protected":false},"author":9,"featured_media":0,"parent":1700,"menu_order":0,"comment_status":"closed","ping_status":"closed","template":"templates\/template-application-platform.php","meta":{"publish_to_discourse":"","publish_post_category":"","wpdc_auto_publish_overridden":"","wpdc_topic_tags":"","wpdc_pin_topic":"","wpdc_pin_until":"","discourse_post_id":"","discourse_permalink":"","wpdc_publishing_response":"","wpdc_publishing_error":"","footnotes":""},"class_list":["post-5019","page","type-page","status-publish","hentry"],"yoast_head":"<!-- This site is optimized with the Yoast SEO plugin v25.3.1 - https:\/\/yoast.com\/wordpress\/plugins\/seo\/ -->\n<title>Logo Showcase: aggiungi il widget Logo Carousel al sito Web HTML (2026)<\/title>\n<meta name=\"description\" content=\"\u00c8 semplicissimo creare il tuo widget Logo Showcase e aggiungerlo al tuo sito web HTML. Il servizio clienti Elfsight \u00e8 gratuito e veloce.\" \/>\n<meta name=\"robots\" content=\"index, follow, max-snippet:-1, max-image-preview:large, max-video-preview:-1\" \/>\n<link rel=\"canonical\" href=\"https:\/\/elfsight.com\/it\/logo-showcase-widget\/html\/\" \/>\n<meta property=\"og:locale\" content=\"it_IT\" \/>\n<meta property=\"og:type\" content=\"article\" \/>\n<meta property=\"og:title\" content=\"Logo Showcase: aggiungi il widget Logo Carousel al sito Web HTML (2026)\" \/>\n<meta property=\"og:description\" content=\"\u00c8 semplicissimo creare il tuo widget Logo Showcase e aggiungerlo al tuo sito web HTML. Il servizio clienti Elfsight \u00e8 gratuito e veloce.\" \/>\n<meta property=\"og:url\" content=\"https:\/\/elfsight.com\/it\/logo-showcase-widget\/html\/\" \/>\n<meta property=\"og:site_name\" content=\"Elfsight IT\" \/>\n<meta property=\"article:modified_time\" content=\"2025-03-21T15:17:09+00:00\" \/>\n<meta name=\"twitter:card\" content=\"summary_large_image\" \/>\n<meta name=\"twitter:label1\" content=\"Tempo di lettura stimato\" \/>\n\t<meta name=\"twitter:data1\" content=\"3 minuti\" \/>\n<!-- \/ Yoast SEO plugin. -->","yoast_head_json":{"title":"Logo Showcase: aggiungi il widget Logo Carousel al sito Web HTML (2026)","description":"\u00c8 semplicissimo creare il tuo widget Logo Showcase e aggiungerlo al tuo sito web HTML. Il servizio clienti Elfsight \u00e8 gratuito e veloce.","robots":{"index":"index","follow":"follow","max-snippet":"max-snippet:-1","max-image-preview":"max-image-preview:large","max-video-preview":"max-video-preview:-1"},"canonical":"https:\/\/elfsight.com\/it\/logo-showcase-widget\/html\/","og_locale":"it_IT","og_type":"article","og_title":"Logo Showcase: aggiungi il widget Logo Carousel al sito Web HTML (2026)","og_description":"\u00c8 semplicissimo creare il tuo widget Logo Showcase e aggiungerlo al tuo sito web HTML. Il servizio clienti Elfsight \u00e8 gratuito e veloce.","og_url":"https:\/\/elfsight.com\/it\/logo-showcase-widget\/html\/","og_site_name":"Elfsight IT","article_modified_time":"2025-03-21T15:17:09+00:00","twitter_card":"summary_large_image","twitter_misc":{"Tempo di lettura stimato":"3 minuti"},"schema":{"@context":"https:\/\/schema.org","@graph":[{"@type":"WebPage","@id":"https:\/\/elfsight.com\/it\/logo-showcase-widget\/html\/","url":"https:\/\/elfsight.com\/it\/logo-showcase-widget\/html\/","name":"Logo Showcase: aggiungi il widget Logo Carousel al sito Web HTML (2026)","isPartOf":{"@id":"https:\/\/elfsight.com\/it\/#website"},"datePublished":"2024-05-03T06:41:03+00:00","dateModified":"2025-03-21T15:17:09+00:00","description":"\u00c8 semplicissimo creare il tuo widget Logo Showcase e aggiungerlo al tuo sito web HTML. Il servizio clienti Elfsight \u00e8 gratuito e veloce.","breadcrumb":{"@id":"https:\/\/elfsight.com\/it\/logo-showcase-widget\/html\/#breadcrumb"},"inLanguage":"it-IT","potentialAction":[{"@type":"ReadAction","target":["https:\/\/elfsight.com\/it\/logo-showcase-widget\/html\/"]}]},{"@type":"BreadcrumbList","@id":"https:\/\/elfsight.com\/it\/logo-showcase-widget\/html\/#breadcrumb","itemListElement":[{"@type":"ListItem","position":1,"name":"Home","item":"https:\/\/elfsight.com\/it\/"},{"@type":"ListItem","position":2,"name":"Logo Showcase","item":"https:\/\/elfsight.com\/it\/logo-showcase-widget\/"},{"@type":"ListItem","position":3,"name":"Logo Showcase &#8211; HTML"}]},{"@type":"WebSite","@id":"https:\/\/elfsight.com\/it\/#website","url":"https:\/\/elfsight.com\/it\/","name":"Elfsight IT","description":"Just another Elfsight Sites site","potentialAction":[{"@type":"SearchAction","target":{"@type":"EntryPoint","urlTemplate":"https:\/\/elfsight.com\/it\/?s={search_term_string}"},"query-input":{"@type":"PropertyValueSpecification","valueRequired":true,"valueName":"search_term_string"}}],"inLanguage":"it-IT"}]}},"meta_box":{"industry":"","seo_heading":"","heading":"","description":"","cta_heading":"","cta_description":"","application":"1699","h1":"Vetrina del logo HTML","h1_caption":"Mostra i loghi dei tuoi partner, sponsor o clienti, creando credibilit\u00e0 e fiducia per il tuo marchio nel tuo sito Web HTML senza sforzo.","application_category":[],"applications_title":"","applications_request_title":"","applications_request_button_text":"","hero_text":"","hero_video":"","hero_video_schema_markup":"","selling_points_title":"","selling_points_caption":"","selling_points":[],"selling_points_cta_text":"","features_title":"","features":"","ed_cta_examples_text":"","ed_cta_examples_hidden":"","ed_cta_demo_text":"","ed_cta_demo_hidden":"","why_caption":"","why_editor_title":"","why_editor_text":"","why_team_title":"","why_team_text":"","why_service_title":"","why_service_text":"","template_catalog_visible":"0","template_catalog_title":"","template_catalog_text":"","template_catalog_categories_visible":"","demo_title":"Crea il tuo widget Vetrina del logo","demo_caption":"Configura la tua Vetrina del Logo e aggiungila gratuitamente al tuo sito web HTML!","default_faq_hidden":"","app_template_category":[],"platform":"35","template_public_id":"","codecanyon_url":"","codecanyon_item_id":"","codecanyon_price":"","pricing_caption":"","pricing_elfsight_apps_hide_column":"","pricing_elfsight_apps_url":"","pricing_codecanyon_price_caption":"","integration_category":[],"integration_request_title":"","integration_request_cta":"","integration_platform":"","integrations":[],"platform_category":[],"video_schema_markup":"","price":"da $ 0 al mese","trial":"","benefits":[{"text":"Aiuto per l'installazione gratuito"},{"text":"Assistenza clienti con esperienza"},{"text":"Garanzia di rimborso di 14 giorni"},{"text":"Miglioramenti gratuiti a vita"}],"button_url":"#demo","button_target_blank":"0","button_nofollow":"0","attributes":[{"name":"Installazioni"},{"name":"Reattivo","content":"S\u00cc"},{"name":"Browser compatibili","content":"Firefox, Safari, Opera, Chrome, Edge"}],"tags":[],"tags_disable_links":"0","hide_more_platforms":"0","video_object":"","demo_hide_cta":"0","demo_hide_cloud_options":"0","pricing_title":"","pricing":[{"pricing_icon":"platform","pricing_title":"Elfsight Apps","pricing_title_caption":"Soluzione multipiattaforma adatta a qualsiasi sito","pricing_price":"da $ 0 \/ mese","pricing_price_caption":"inizia con il piano gratuito","pricing_benefits":[{"text":"Domini illimitati"},{"text":"Supporto professionale"},{"text":"Aiuto per l'installazione gratuito"},{"text":"Offerta speciale per pi\u00f9 app"}],"pricing_button_text":"Aggiungi al sito web","pricing_button_url":"#demo"}],"related_apps_title":"","related_apps_hidden":"0","author":"","image":[],"title":"","job":"","social_networks":[]},"_links":{"self":[{"href":"https:\/\/elfsight.com\/it\/wp-json\/wp\/v2\/pages\/5019","targetHints":{"allow":["GET"]}}],"collection":[{"href":"https:\/\/elfsight.com\/it\/wp-json\/wp\/v2\/pages"}],"about":[{"href":"https:\/\/elfsight.com\/it\/wp-json\/wp\/v2\/types\/page"}],"author":[{"embeddable":true,"href":"https:\/\/elfsight.com\/it\/wp-json\/wp\/v2\/users\/9"}],"replies":[{"embeddable":true,"href":"https:\/\/elfsight.com\/it\/wp-json\/wp\/v2\/comments?post=5019"}],"version-history":[{"count":3,"href":"https:\/\/elfsight.com\/it\/wp-json\/wp\/v2\/pages\/5019\/revisions"}],"predecessor-version":[{"id":9721,"href":"https:\/\/elfsight.com\/it\/wp-json\/wp\/v2\/pages\/5019\/revisions\/9721"}],"up":[{"embeddable":true,"href":"https:\/\/elfsight.com\/it\/wp-json\/wp\/v2\/pages\/1700"}],"wp:attachment":[{"href":"https:\/\/elfsight.com\/it\/wp-json\/wp\/v2\/media?parent=5019"}],"curies":[{"name":"wp","href":"https:\/\/api.w.org\/{rel}","templated":true}]}}